{"id":37744,"date":"2022-12-29T13:21:42","date_gmt":"2022-12-29T11:21:42","guid":{"rendered":"https:\/\/lentopaikat.fi\/page-map\/"},"modified":"2022-12-29T14:04:51","modified_gmt":"2022-12-29T12:04:51","slug":"page-map","status":"publish","type":"page","link":"https:\/\/lentopaikat.fi\/en\/page-map\/","title":{"rendered":"Page map"},"content":{"rendered":"\t\t<div data-elementor-type=\"wp-page\" data-elementor-id=\"37744\" class=\"elementor elementor-37744 elementor-37731\" data-elementor-post-type=\"page\">\n\t\t\t\t\t\t<section class=\"elementor-section elementor-top-section elementor-element elementor-element-1771c2ba elementor-section-height-min-height elementor-section-full_width elementor-section-height-default elementor-section-items-middle\" data-id=\"1771c2ba\" data-element_type=\"section\" data-e-type=\"section\" data-settings=\"{&quot;background_background&quot;:&quot;classic&quot;}\">\n\t\t\t\t\t\t\t<div class=\"elementor-background-overlay\"><\/div>\n\t\t\t\t\t\t\t<div class=\"elementor-container elementor-column-gap-default\">\n\t\t\t\t\t<div class=\"elementor-column elementor-col-50 elementor-top-column elementor-element elementor-element-117d98a8\" data-id=\"117d98a8\" data-element_type=\"column\" data-e-type=\"column\">\n\t\t\t<div class=\"elementor-widget-wrap elementor-element-populated\">\n\t\t\t\t\t\t<div class=\"elementor-element elementor-element-eed064d elementor-widget elementor-widget-heading\" data-id=\"eed064d\" data-element_type=\"widget\" data-e-type=\"widget\" data-widget_type=\"heading.default\">\n\t\t\t\t<div class=\"elementor-widget-container\">\n\t\t\t\t\t<h2 class=\"elementor-heading-title elementor-size-default\">Page map<\/h2>\t\t\t\t<\/div>\n\t\t\t\t<\/div>\n\t\t\t\t\t<\/div>\n\t\t<\/div>\n\t\t\t\t<div class=\"elementor-column elementor-col-50 elementor-top-column elementor-element elementor-element-40538894\" data-id=\"40538894\" data-element_type=\"column\" data-e-type=\"column\">\n\t\t\t<div class=\"elementor-widget-wrap\">\n\t\t\t\t\t\t\t<\/div>\n\t\t<\/div>\n\t\t\t\t\t<\/div>\n\t\t<\/section>\n\t\t\t\t<section class=\"elementor-section elementor-top-section elementor-element elementor-element-e656be4 elementor-section-full_width elementor-section-height-default elementor-section-height-default\" data-id=\"e656be4\" data-element_type=\"section\" data-e-type=\"section\">\n\t\t\t\t\t\t<div class=\"elementor-container elementor-column-gap-default\">\n\t\t\t\t\t<div class=\"elementor-column elementor-col-100 elementor-top-column elementor-element elementor-element-68757c2f\" data-id=\"68757c2f\" data-element_type=\"column\" data-e-type=\"column\">\n\t\t\t<div class=\"elementor-widget-wrap elementor-element-populated\">\n\t\t\t\t<div class=\"elementor-element elementor-element-7a73c8f e-con-full e-flex e-con e-parent\" data-id=\"7a73c8f\" data-element_type=\"container\" data-e-type=\"container\">\n\t\t<div class=\"elementor-element elementor-element-b67c141 e-con-full e-flex e-con e-parent\" data-id=\"b67c141\" data-element_type=\"container\" data-e-type=\"container\">\n\t\t\t\t<div class=\"elementor-element elementor-element-01ca339 elementor-widget elementor-widget-wp-widget-nav_menu\" data-id=\"01ca339\" data-element_type=\"widget\" data-e-type=\"widget\" data-widget_type=\"wp-widget-nav_menu.default\">\n\t\t\t\t<div class=\"elementor-widget-container\">\n\t\t\t\t\t<h5>Pages<\/h5><nav class=\"menu-mainmenu-container\" aria-label=\"Pages\"><ul id=\"menu-mainmenu\" class=\"menu\"><li id=\"menu-item-36933\" class=\"menu-item menu-item-type-custom menu-item-object-custom menu-item-has-children menu-item-36933\"><a href=\"#\">Airfields<\/a>\n<ul class=\"sub-menu\">\n\t<li id=\"menu-item-36934\" class=\"menu-item menu-item-type-custom menu-item-object-custom menu-item-has-children menu-item-36934\"><a href=\"#\">A &#8211; H<\/a>\n\t<ul class=\"sub-menu\">\n\t\t<li id=\"menu-item-37572\" class=\"menu-item menu-item-type-post_type menu-item-object-page menu-item-37572\"><a href=\"https:\/\/lentopaikat.fi\/en\/helsinki-malmi-efhf\/\">Helsinki-Malmi \u2013 EFHF<\/a><\/li>\n\t<\/ul>\n<\/li>\n\t<li id=\"menu-item-36935\" class=\"menu-item menu-item-type-custom menu-item-object-custom menu-item-36935\"><a href=\"#\">I &#8211; J<\/a><\/li>\n\t<li id=\"menu-item-36936\" class=\"menu-item menu-item-type-custom menu-item-object-custom menu-item-36936\"><a href=\"#\">K<\/a><\/li>\n\t<li id=\"menu-item-36937\" class=\"menu-item menu-item-type-custom menu-item-object-custom menu-item-36937\"><a href=\"#\">L &#8211; M<\/a><\/li>\n\t<li id=\"menu-item-36938\" class=\"menu-item menu-item-type-custom menu-item-object-custom menu-item-has-children menu-item-36938\"><a href=\"#\">N- P<\/a>\n\t<ul class=\"sub-menu\">\n\t\t<li id=\"menu-item-36939\" class=\"menu-item menu-item-type-post_type menu-item-object-page menu-item-36939\"><a href=\"https:\/\/lentopaikat.fi\/en\/pyhasalmi-efpy\/\">Pyh\u00e4salmi \u2013 EFPY<\/a><\/li>\n\t<\/ul>\n<\/li>\n\t<li id=\"menu-item-36940\" class=\"menu-item menu-item-type-custom menu-item-object-custom menu-item-has-children menu-item-36940\"><a href=\"#\">R &#8211; T<\/a>\n\t<ul class=\"sub-menu\">\n\t\t<li id=\"menu-item-36841\" class=\"menu-item menu-item-type-post_type menu-item-object-page menu-item-36841\"><a href=\"https:\/\/lentopaikat.fi\/en\/raahe-pattijoki-efrh\/\">Raahe-Pattijoki \u2013 EFRH<\/a><\/li>\n\t\t<li id=\"menu-item-36941\" class=\"menu-item menu-item-type-post_type menu-item-object-page menu-item-36941\"><a href=\"https:\/\/lentopaikat.fi\/en\/rantasalmi-efrn\/\">Rantasalmi \u2013 EFRN<\/a><\/li>\n\t\t<li id=\"menu-item-36942\" class=\"menu-item menu-item-type-post_type menu-item-object-page menu-item-36942\"><a href=\"https:\/\/lentopaikat.fi\/en\/ranua-efru\/\">Ranua \u2013 EFRU<\/a><\/li>\n\t\t<li id=\"menu-item-36943\" class=\"menu-item menu-item-type-post_type menu-item-object-page menu-item-36943\"><a href=\"https:\/\/lentopaikat.fi\/en\/rautavaara-efra\/\">Rautavaara \u2013 EFRA<\/a><\/li>\n\t\t<li id=\"menu-item-36944\" class=\"menu-item menu-item-type-post_type menu-item-object-page menu-item-36944\"><a href=\"https:\/\/lentopaikat.fi\/en\/rayskala-efry\/\">R\u00e4ysk\u00e4l\u00e4 \u2013 EFRY<\/a><\/li>\n\t\t<li id=\"menu-item-36945\" class=\"menu-item menu-item-type-post_type menu-item-object-page menu-item-36945\"><a href=\"https:\/\/lentopaikat.fi\/en\/savikko-efns\/\">Savikko \u2013 EFNS<\/a><\/li>\n\t\t<li id=\"menu-item-36946\" class=\"menu-item menu-item-type-post_type menu-item-object-page menu-item-36946\"><a href=\"https:\/\/lentopaikat.fi\/en\/selanpaa-efse\/\">Sel\u00e4np\u00e4\u00e4 \u2013 EFSE<\/a><\/li>\n\t\t<li id=\"menu-item-36947\" class=\"menu-item menu-item-type-post_type menu-item-object-page menu-item-36947\"><a href=\"https:\/\/lentopaikat.fi\/en\/sodankyla-efso\/\">Sodankyl\u00e4 \u2013 EFSO<\/a><\/li>\n\t\t<li id=\"menu-item-36948\" class=\"menu-item menu-item-type-post_type menu-item-object-page menu-item-36948\"><a href=\"https:\/\/lentopaikat.fi\/en\/soini\/\">Soini<\/a><\/li>\n\t\t<li id=\"menu-item-36949\" class=\"menu-item menu-item-type-post_type menu-item-object-page menu-item-36949\"><a href=\"https:\/\/lentopaikat.fi\/en\/sulkaharju-efvt\/\">Sulkaharju \u2013 EFVT<\/a><\/li>\n\t\t<li id=\"menu-item-36950\" class=\"menu-item menu-item-type-post_type menu-item-object-page menu-item-36950\"><a href=\"https:\/\/lentopaikat.fi\/en\/suomussalmi-efsu\/\">Suomussalmi \u2013 EFSU<\/a><\/li>\n\t\t<li id=\"menu-item-36951\" class=\"menu-item menu-item-type-post_type menu-item-object-page menu-item-36951\"><a href=\"https:\/\/lentopaikat.fi\/en\/teisko-efts\/\">Teisko \u2013 EFTS<\/a><\/li>\n\t\t<li id=\"menu-item-36952\" class=\"menu-item menu-item-type-post_type menu-item-object-page menu-item-36952\"><a href=\"https:\/\/lentopaikat.fi\/en\/torbacka-efto\/\">Torbacka \u2013 EFTO<\/a><\/li>\n\t<\/ul>\n<\/li>\n\t<li id=\"menu-item-36953\" class=\"menu-item menu-item-type-custom menu-item-object-custom menu-item-has-children menu-item-36953\"><a href=\"#\">U -\u00c4<\/a>\n\t<ul class=\"sub-menu\">\n\t\t<li id=\"menu-item-36954\" class=\"menu-item menu-item-type-post_type menu-item-object-page menu-item-36954\"><a href=\"https:\/\/lentopaikat.fi\/en\/ummeljoki-kw-kevytlentopaikka\/\">Ummeljoki KW light airfield<\/a><\/li>\n\t\t<li id=\"menu-item-36955\" class=\"menu-item menu-item-type-post_type menu-item-object-page menu-item-36955\"><a href=\"https:\/\/lentopaikat.fi\/en\/vaala-efvl\/\">Vaala \u2013 EFVL<\/a><\/li>\n\t\t<li id=\"menu-item-36956\" class=\"menu-item menu-item-type-post_type menu-item-object-page menu-item-36956\"><a href=\"https:\/\/lentopaikat.fi\/en\/vampula-efvp\/\">Vampula \u2013 EFVP<\/a><\/li>\n\t\t<li id=\"menu-item-36957\" class=\"menu-item menu-item-type-post_type menu-item-object-page menu-item-36957\"><a href=\"https:\/\/lentopaikat.fi\/en\/varkaus-efvr\/\">Varkaus \u2013 EFVR<\/a><\/li>\n\t\t<li id=\"menu-item-36958\" class=\"menu-item menu-item-type-post_type menu-item-object-page menu-item-36958\"><a href=\"https:\/\/lentopaikat.fi\/en\/viitasaari-efvi\/\">Viitasaari \u2013 EFVI<\/a><\/li>\n\t\t<li id=\"menu-item-36960\" class=\"menu-item menu-item-type-post_type menu-item-object-page menu-item-36960\"><a href=\"https:\/\/lentopaikat.fi\/en\/wredeby-efwb\/\">Wredeby \u2013 EFWB<\/a><\/li>\n\t\t<li id=\"menu-item-36961\" class=\"menu-item menu-item-type-post_type menu-item-object-page menu-item-36961\"><a href=\"https:\/\/lentopaikat.fi\/en\/ylivieska-efyl\/\">Ylivieska \u2013 EFYL<\/a><\/li>\n\t<\/ul>\n<\/li>\n\t<li id=\"menu-item-37573\" class=\"menu-item menu-item-type-custom menu-item-object-custom menu-item-37573\"><a href=\"#\">Special use Airfields<\/a><\/li>\n\t<li id=\"menu-item-37574\" class=\"menu-item menu-item-type-custom menu-item-object-custom menu-item-has-children menu-item-37574\"><a href=\"#\">Decomissioned airfields<\/a>\n\t<ul class=\"sub-menu\">\n\t\t<li id=\"menu-item-36959\" class=\"menu-item menu-item-type-post_type menu-item-object-page menu-item-36959\"><a href=\"https:\/\/lentopaikat.fi\/en\/vuotso-efvu\/\">Vuotso \u2013 EFVU<\/a><\/li>\n\t<\/ul>\n<\/li>\n<\/ul>\n<\/li>\n<li id=\"menu-item-37346\" class=\"menu-item menu-item-type-custom menu-item-object-custom menu-item-has-children menu-item-37346\"><a href=\"#\">Information and Tools<\/a>\n<ul class=\"sub-menu\">\n\t<li id=\"menu-item-39193\" class=\"menu-item menu-item-type-post_type menu-item-object-page menu-item-39193\"><a href=\"https:\/\/lentopaikat.fi\/en\/fuel-availability\/\">Fuel Availability<\/a><\/li>\n\t<li id=\"menu-item-37347\" class=\"menu-item menu-item-type-post_type menu-item-object-page menu-item-37347\"><a href=\"https:\/\/lentopaikat.fi\/en\/tools-for-safe-flying\/\">Tools for safe flying<\/a><\/li>\n\t<li id=\"menu-item-37349\" class=\"menu-item menu-item-type-post_type menu-item-object-page menu-item-37349\"><a href=\"https:\/\/lentopaikat.fi\/en\/world-weather\/\">World weather<\/a><\/li>\n\t<li id=\"menu-item-37350\" class=\"menu-item menu-item-type-post_type menu-item-object-page menu-item-37350\"><a href=\"https:\/\/lentopaikat.fi\/en\/notams\/\">NOTAM\u2019s<\/a><\/li>\n\t<li id=\"menu-item-39745\" class=\"menu-item menu-item-type-post_type menu-item-object-page menu-item-39745\"><a href=\"https:\/\/lentopaikat.fi\/en\/notam-search\/\">NOTAM search<\/a><\/li>\n\t<li id=\"menu-item-37351\" class=\"menu-item menu-item-type-post_type menu-item-object-page menu-item-37351\"><a href=\"https:\/\/lentopaikat.fi\/en\/area-control-center-frequencies\/\">Area Control Center Frequencies<\/a><\/li>\n<\/ul>\n<\/li>\n<li id=\"menu-item-37352\" class=\"menu-item menu-item-type-custom menu-item-object-custom menu-item-has-children menu-item-37352\"><a href=\"#\">Information adding or changing<\/a>\n<ul class=\"sub-menu\">\n\t<li id=\"menu-item-37353\" class=\"menu-item menu-item-type-post_type menu-item-object-page menu-item-37353\"><a href=\"https:\/\/lentopaikat.fi\/en\/general-feedback\/\">General Feedback<\/a><\/li>\n<\/ul>\n<\/li>\n<li id=\"menu-item-wpml-ls-13-en\" class=\"menu-item wpml-ls-slot-13 wpml-ls-item wpml-ls-item-en wpml-ls-current-language wpml-ls-menu-item wpml-ls-last-item menu-item-type-wpml_ls_menu_item menu-item-object-wpml_ls_menu_item menu-item-has-children menu-item-wpml-ls-13-en\"><a href=\"https:\/\/lentopaikat.fi\/en\/\" aria-current=\"page\" aria-expanded=\"false\" aria-controls=\"wpml-ls-submenu-wpml-ls-13-en\"><img decoding=\"async\"\n            class=\"wpml-ls-flag\"\n            src=\"https:\/\/lentopaikat.fi\/wp-content\/plugins\/sitepress-multilingual-cms\/res\/flags\/en.png\"\n            alt=\"\"\n            loading=\"lazy\"\n            \n            \n    \/><span class=\"wpml-ls-native\" lang=\"en\">English<\/span><\/a>\n<ul class=\"sub-menu\">\n\t<li id=\"menu-item-wpml-ls-13-fi\" class=\"menu-item wpml-ls-slot-13 wpml-ls-item wpml-ls-item-fi wpml-ls-menu-item wpml-ls-first-item menu-item-type-wpml_ls_menu_item menu-item-object-wpml_ls_menu_item menu-item-wpml-ls-13-fi\"><a href=\"https:\/\/lentopaikat.fi\/\" title=\"Switch to Finnish (Suomi)\" aria-label=\"Switch to Finnish (Suomi)\"><img decoding=\"async\"\n            class=\"wpml-ls-flag\"\n            src=\"https:\/\/lentopaikat.fi\/wp-content\/plugins\/sitepress-multilingual-cms\/res\/flags\/fi.png\"\n            alt=\"\"\n            loading=\"lazy\"\n            \n            \n    \/><span class=\"wpml-ls-native\" lang=\"fi\">Suomi<\/span><span class=\"wpml-ls-display\"><span class=\"wpml-ls-bracket\"> (<\/span>Finnish<span class=\"wpml-ls-bracket\">)<\/span><\/span><\/a><\/li>\n<\/ul>\n<\/li>\n<\/ul><\/nav>\t\t\t\t<\/div>\n\t\t\t\t<\/div>\n\t\t\t\t<\/div>\n\t\t<div class=\"elementor-element elementor-element-545a45c e-con-full e-flex e-con e-parent\" data-id=\"545a45c\" data-element_type=\"container\" data-e-type=\"container\">\n\t\t\t\t<div class=\"elementor-element elementor-element-070084a elementor-widget elementor-widget-sitemap\" data-id=\"070084a\" data-element_type=\"widget\" data-e-type=\"widget\" data-widget_type=\"sitemap.default\">\n\t\t\t\t<div class=\"elementor-widget-container\">\n\t\t\t\t\t<div class=\"elementor-sitemap-wrap\"><div class=\"elementor-sitemap-section\"><h5 class=\"elementor-sitemap-title elementor-sitemap-post-title\">Posts<\/h5><ul class=\"elementor-sitemap-list elementor-sitemap-post-list\"><li class=\"elementor-sitemap-item elementor-sitemap-item-post page_item page-item-37425\"><a href=\"https:\/\/lentopaikat.fi\/en\/lentopaikat-fi-is-renewed\/\">lentopaikat.fi is renewed<\/a><\/li><\/ul><\/div><\/div>\t\t\t\t<\/div>\n\t\t\t\t<\/div>\n\t\t\t\t<\/div>\n\t\t<div class=\"elementor-element elementor-element-6a812a7 e-con-full e-flex e-con e-parent\" data-id=\"6a812a7\" data-element_type=\"container\" data-e-type=\"container\">\n\t\t\t\t<div class=\"elementor-element elementor-element-1f50e4e elementor-widget elementor-widget-sitemap\" data-id=\"1f50e4e\" data-element_type=\"widget\" data-e-type=\"widget\" data-widget_type=\"sitemap.default\">\n\t\t\t\t<div class=\"elementor-widget-container\">\n\t\t\t\t\t<div class=\"elementor-sitemap-wrap\"><div class=\"elementor-sitemap-section\"><h5 class=\"elementor-sitemap-title elementor-sitemap-sdm_downloads-title\">Downloads<\/h5><ul class=\"elementor-sitemap-list elementor-sitemap-sdm_downloads-list\"><li class=\"elementor-sitemap-item elementor-sitemap-item-sdm_downloads page_item page-item-37619\"><a href=\"https:\/\/lentopaikat.fi\/en\/sdm_downloads\/download-air-navigation-pro-ldg-charts\/\">Download Air Navigation Pro LDG Charts<\/a><\/li><li class=\"elementor-sitemap-item elementor-sitemap-item-sdm_downloads page_item page-item-37617\"><a href=\"https:\/\/lentopaikat.fi\/en\/sdm_downloads\/download-foreflight-charts\/\">Download Foreflight Charts<\/a><\/li><li class=\"elementor-sitemap-item elementor-sitemap-item-sdm_downloads page_item page-item-37618\"><a href=\"https:\/\/lentopaikat.fi\/en\/sdm_downloads\/download-skydemon-ldg-charts\/\">Download LDG Charts for skydemon<\/a><\/li><li class=\"elementor-sitemap-item elementor-sitemap-item-sdm_downloads page_item page-item-37628\"><a href=\"https:\/\/lentopaikat.fi\/en\/sdm_downloads\/download-sweden-charts-for-air-navigation-pro\/\">Download Sweden Charts for Air Navigation Pro<\/a><\/li><li class=\"elementor-sitemap-item elementor-sitemap-item-sdm_downloads page_item page-item-37299\"><a href=\"https:\/\/lentopaikat.fi\/en\/sdm_downloads\/lataa-matkalentolaskin\/\">Lataa matkalentolaskin<\/a><\/li><\/ul><\/div><\/div>\t\t\t\t<\/div>\n\t\t\t\t<\/div>\n\t\t\t\t<\/div>\n\t\t\t\t<\/div>\n\t\t\t\t\t<\/div>\n\t\t<\/div>\n\t\t\t\t\t<\/div>\n\t\t<\/section>\n\t\t\t\t<\/div>\n\t\t","protected":false},"excerpt":{"rendered":"<p>Page map<\/p>\n","protected":false},"author":1,"featured_media":0,"parent":0,"menu_order":0,"comment_status":"closed","ping_status":"closed","template":"","meta":{"inline_featured_image":false,"_lmt_disableupdate":"","_lmt_disable":"","footnotes":""},"class_list":["post-37744","page","type-page","status-publish","hentry"],"_links":{"self":[{"href":"https:\/\/lentopaikat.fi\/en\/wp-json\/wp\/v2\/pages\/37744","targetHints":{"allow":["GET"]}}],"collection":[{"href":"https:\/\/lentopaikat.fi\/en\/wp-json\/wp\/v2\/pages"}],"about":[{"href":"https:\/\/lentopaikat.fi\/en\/wp-json\/wp\/v2\/types\/page"}],"author":[{"embeddable":true,"href":"https:\/\/lentopaikat.fi\/en\/wp-json\/wp\/v2\/users\/1"}],"replies":[{"embeddable":true,"href":"https:\/\/lentopaikat.fi\/en\/wp-json\/wp\/v2\/comments?post=37744"}],"version-history":[{"count":0,"href":"https:\/\/lentopaikat.fi\/en\/wp-json\/wp\/v2\/pages\/37744\/revisions"}],"wp:attachment":[{"href":"https:\/\/lentopaikat.fi\/en\/wp-json\/wp\/v2\/media?parent=37744"}],"curies":[{"name":"wp","href":"https:\/\/api.w.org\/{rel}","templated":true}]}}