{"id":36578,"date":"2022-11-18T14:47:41","date_gmt":"2022-11-18T12:47:41","guid":{"rendered":"https:\/\/lentopaikat.fi\/vuotso-efvu\/"},"modified":"2022-11-18T14:59:40","modified_gmt":"2022-11-18T12:59:40","slug":"vuotso-efvu","status":"publish","type":"page","link":"https:\/\/lentopaikat.fi\/en\/vuotso-efvu\/","title":{"rendered":"Vuotso &#8211; EFVU"},"content":{"rendered":"\t\t<div data-elementor-type=\"wp-page\" data-elementor-id=\"36578\" class=\"elementor elementor-36578 elementor-36566\" data-elementor-post-type=\"page\">\n\t\t\t\t\t\t<section class=\"elementor-section elementor-top-section elementor-element elementor-element-5bab7840 elementor-section-height-min-height elementor-section-full_width elementor-section-height-default elementor-section-items-middle\" data-id=\"5bab7840\" data-element_type=\"section\" data-e-type=\"section\" data-settings=\"{&quot;background_background&quot;:&quot;classic&quot;}\">\n\t\t\t\t\t\t\t<div class=\"elementor-background-overlay\"><\/div>\n\t\t\t\t\t\t\t<div class=\"elementor-container elementor-column-gap-default\">\n\t\t\t\t\t<div class=\"elementor-column elementor-col-50 elementor-top-column elementor-element elementor-element-327626cb\" data-id=\"327626cb\" data-element_type=\"column\" data-e-type=\"column\">\n\t\t\t<div class=\"elementor-widget-wrap elementor-element-populated\">\n\t\t\t\t\t\t<div class=\"elementor-element elementor-element-278d62f1 elementor-widget elementor-widget-heading\" data-id=\"278d62f1\" data-element_type=\"widget\" data-e-type=\"widget\" data-widget_type=\"heading.default\">\n\t\t\t\t<div class=\"elementor-widget-container\">\n\t\t\t\t\t<h2 class=\"elementor-heading-title elementor-size-default\">Vuotso - EFVU<\/h2>\t\t\t\t<\/div>\n\t\t\t\t<\/div>\n\t\t\t\t\t<\/div>\n\t\t<\/div>\n\t\t\t\t<div class=\"elementor-column elementor-col-50 elementor-top-column elementor-element elementor-element-521d6612\" data-id=\"521d6612\" data-element_type=\"column\" data-e-type=\"column\">\n\t\t\t<div class=\"elementor-widget-wrap\">\n\t\t\t\t\t\t\t<\/div>\n\t\t<\/div>\n\t\t\t\t\t<\/div>\n\t\t<\/section>\n\t\t\t\t<section class=\"elementor-section elementor-top-section elementor-element elementor-element-7f90548f elementor-section-full_width elementor-section-height-default elementor-section-height-default\" data-id=\"7f90548f\" data-element_type=\"section\" data-e-type=\"section\">\n\t\t\t\t\t\t<div class=\"elementor-container elementor-column-gap-default\">\n\t\t\t\t\t<div class=\"elementor-column elementor-col-100 elementor-top-column elementor-element elementor-element-3508d647\" data-id=\"3508d647\" data-element_type=\"column\" data-e-type=\"column\">\n\t\t\t<div class=\"elementor-widget-wrap elementor-element-populated\">\n\t\t\t\t\t\t<section class=\"elementor-section elementor-inner-section elementor-element elementor-element-3783f15d elementor-section-full_width elementor-section-height-default elementor-section-height-default\" data-id=\"3783f15d\" data-element_type=\"section\" data-e-type=\"section\">\n\t\t\t\t\t\t<div class=\"elementor-container elementor-column-gap-wide\">\n\t\t\t\t\t<div class=\"elementor-column elementor-col-50 elementor-inner-column elementor-element elementor-element-6e88ee1c\" data-id=\"6e88ee1c\" data-element_type=\"column\" data-e-type=\"column\">\n\t\t\t<div class=\"elementor-widget-wrap elementor-element-populated\">\n\t\t\t\t\t\t<div class=\"elementor-element elementor-element-447c084 elementor-alert-danger elementor-widget elementor-widget-alert\" data-id=\"447c084\" data-element_type=\"widget\" data-e-type=\"widget\" data-widget_type=\"alert.default\">\n\t\t\t\t<div class=\"elementor-widget-container\">\n\t\t\t\t\t\t\t<div class=\"elementor-alert\" role=\"alert\">\n\n\t\t\t\t\t\t<span class=\"elementor-alert-title\">Warning!<\/span>\n\t\t\t\n\t\t\t\t\t\t<span class=\"elementor-alert-description\"><p>UNOFFICIAL AIRPORT.<br \/>AIRPORT REMOVED FROM THE LIST OF OFFICIAL UNCONTROLLED AIRPORTS 1.6.2006.<\/p>\n<\/span>\n\t\t\t\n\t\t\t\n\t\t<\/div>\n\t\t\t\t\t\t<\/div>\n\t\t\t\t<\/div>\n\t\t\t\t<div class=\"elementor-element elementor-element-20d55976 elementor-widget elementor-widget-heading\" data-id=\"20d55976\" data-element_type=\"widget\" data-e-type=\"widget\" data-widget_type=\"heading.default\">\n\t\t\t\t<div class=\"elementor-widget-container\">\n\t\t\t\t\t<h5 class=\"elementor-heading-title elementor-size-default\">1. Sunset and sunrise and the SERA definition of night<\/h5>\t\t\t\t<\/div>\n\t\t\t\t<\/div>\n\t\t\t\t<div class=\"elementor-element elementor-element-7c592772 elementor-widget elementor-widget-shortcode\" data-id=\"7c592772\" data-element_type=\"widget\" data-e-type=\"widget\" data-widget_type=\"shortcode.default\">\n\t\t\t\t<div class=\"elementor-widget-container\">\n\t\t\t\t\t\t\t<div class=\"elementor-shortcode\"><table><tbody><tr><td>Finnish time today, 23.04.2026<\/br><b> - Night ends: 03:23<\/br> - Sunrise: 04:45<\/br> - Sunset: 21:36<\/br> - Night begins: 22:58<\/br><\/b><\/td>\r\n<td> Times tomorrow <\/br><b> - Night ends tomorrow: 03:16<\/br> - Sunrise tomorrow: 04:41<\/br> - sunset tomorrow: 21:40<\/br> - Night begins tomorrow: 23:05<\/b><\/td><\/tr><\/tbody><\/table><\/div>\n\t\t\t\t\t\t<\/div>\n\t\t\t\t<\/div>\n\t\t\t\t<div class=\"elementor-element elementor-element-4ef03ed4 elementor-widget elementor-widget-heading\" data-id=\"4ef03ed4\" data-element_type=\"widget\" data-e-type=\"widget\" data-widget_type=\"heading.default\">\n\t\t\t\t<div class=\"elementor-widget-container\">\n\t\t\t\t\t<h5 class=\"elementor-heading-title elementor-size-default\">2. General information:<\/h5>\t\t\t\t<\/div>\n\t\t\t\t<\/div>\n\t\t\t\t<div class=\"elementor-element elementor-element-f22df elementor-widget elementor-widget-text-editor\" data-id=\"f22df\" data-element_type=\"widget\" data-e-type=\"widget\" data-widget_type=\"text-editor.default\">\n\t\t\t\t<div class=\"elementor-widget-container\">\n\t\t\t\t\t\t\t\t\t<p>A small field with a gravel-covered runway owned by Sodankyl\u00e4 municipality in the immediate vicinity of Vuotso village along the four roads. The distance to the center of the village is about one kilometer. There is no permanent user on the field, and anyway its operation is limited to occasional visitors.<\/p>\n\t\t\t\t\t\t\t\t<\/div>\n\t\t\t\t<\/div>\n\t\t\t\t<div class=\"elementor-element elementor-element-234d8d5b elementor-widget elementor-widget-heading\" data-id=\"234d8d5b\" data-element_type=\"widget\" data-e-type=\"widget\" data-widget_type=\"heading.default\">\n\t\t\t\t<div class=\"elementor-widget-container\">\n\t\t\t\t\t<h5 class=\"elementor-heading-title elementor-size-default\">3.  Price Information:<\/h5>\t\t\t\t<\/div>\n\t\t\t\t<\/div>\n\t\t\t\t<div class=\"elementor-element elementor-element-558da20d elementor-widget elementor-widget-text-editor\" data-id=\"558da20d\" data-element_type=\"widget\" data-e-type=\"widget\" data-widget_type=\"text-editor.default\">\n\t\t\t\t<div class=\"elementor-widget-container\">\n\t\t\t\t\t\t\t\t\t<p>NIL<\/p>\n\t\t\t\t\t\t\t\t<\/div>\n\t\t\t\t<\/div>\n\t\t\t\t<div class=\"elementor-element elementor-element-599b9ec7 elementor-widget elementor-widget-heading\" data-id=\"599b9ec7\" data-element_type=\"widget\" data-e-type=\"widget\" data-widget_type=\"heading.default\">\n\t\t\t\t<div class=\"elementor-widget-container\">\n\t\t\t\t\t<h5 class=\"elementor-heading-title elementor-size-default\">4. The Airport:<\/h5>\t\t\t\t<\/div>\n\t\t\t\t<\/div>\n\t\t\t\t<div class=\"elementor-element elementor-element-3bf358a6 elementor-widget elementor-widget-text-editor\" data-id=\"3bf358a6\" data-element_type=\"widget\" data-e-type=\"widget\" data-widget_type=\"text-editor.default\">\n\t\t\t\t<div class=\"elementor-widget-container\">\n\t\t\t\t\t\t\t\t\t<p>The gravel surface generally seems good. However, there were grooves on the south end on August 2, 2005, which would indicate softness. Man-tall pines grow on the edges of the runway, which is why it&#8217;s best to stay in the middle when landing.<\/p>\n\t\t\t\t\t\t\t\t<\/div>\n\t\t\t\t<\/div>\n\t\t\t\t<div class=\"elementor-element elementor-element-541299ff elementor-widget elementor-widget-heading\" data-id=\"541299ff\" data-element_type=\"widget\" data-e-type=\"widget\" data-widget_type=\"heading.default\">\n\t\t\t\t<div class=\"elementor-widget-container\">\n\t\t\t\t\t<h5 class=\"elementor-heading-title elementor-size-default\">5. Basic data:<\/h5>\t\t\t\t<\/div>\n\t\t\t\t<\/div>\n\t\t\t\t<div class=\"elementor-element elementor-element-7c82e046 elementor-widget elementor-widget-text-editor\" data-id=\"7c82e046\" data-element_type=\"widget\" data-e-type=\"widget\" data-widget_type=\"text-editor.default\">\n\t\t\t\t<div class=\"elementor-widget-container\">\n\t\t\t\t\t\t\t\t\t<p><strong>Coordinates:<\/strong> 680514N 0270726E<br \/><strong>Runway:<\/strong> 18\/36 \u2013 600 x 20 m \u2013 gravel<br \/><strong>Radio frequency<\/strong>: 123.500<br \/><strong>Field Elevation:<\/strong> 260 m (853 ft)<br \/><strong>Fuel point<\/strong>: no<\/p>\n\t\t\t\t\t\t\t\t<\/div>\n\t\t\t\t<\/div>\n\t\t\t\t<div class=\"elementor-element elementor-element-31c9a1bb elementor-widget elementor-widget-heading\" data-id=\"31c9a1bb\" data-element_type=\"widget\" data-e-type=\"widget\" data-widget_type=\"heading.default\">\n\t\t\t\t<div class=\"elementor-widget-container\">\n\t\t\t\t\t<h5 class=\"elementor-heading-title elementor-size-default\"> 6. Sight seeing and services<\/h5>\t\t\t\t<\/div>\n\t\t\t\t<\/div>\n\t\t\t\t<div class=\"elementor-element elementor-element-68567072 elementor-widget elementor-widget-text-editor\" data-id=\"68567072\" data-element_type=\"widget\" data-e-type=\"widget\" data-widget_type=\"text-editor.default\">\n\t\t\t\t<div class=\"elementor-widget-container\">\n\t\t\t\t\t\t\t\t\t<p>The area&#8217;s fell landscape, wilderness and the Saariselk\u00e4 holiday village in the north are worth getting to know from the air. A kilometer away from the village is Siepi&#8217;s K-shop and half a kilometer further behind the bridge is Vuotso&#8217;s reindeer village, where according to current information, there is no activity (January 15, 2015).<br \/>A couple of hundred meters further, the old Vuotso Maja, with affordable accommodation. Tankavaara gold village 13 km north of Vuotso, with cabins, restaurant and hotel rooms. In addition to the gold museums, there is also the Koilliskaira nature center.<\/p>\n\t\t\t\t\t\t\t\t<\/div>\n\t\t\t\t<\/div>\n\t\t\t\t<div class=\"elementor-element elementor-element-529ca14 elementor-widget elementor-widget-heading\" data-id=\"529ca14\" data-element_type=\"widget\" data-e-type=\"widget\" data-widget_type=\"heading.default\">\n\t\t\t\t<div class=\"elementor-widget-container\">\n\t\t\t\t\t<h5 class=\"elementor-heading-title elementor-size-default\">7. Contact information:<\/h5>\t\t\t\t<\/div>\n\t\t\t\t<\/div>\n\t\t\t\t<div class=\"elementor-element elementor-element-336c06a9 elementor-widget elementor-widget-text-editor\" data-id=\"336c06a9\" data-element_type=\"widget\" data-e-type=\"widget\" data-widget_type=\"text-editor.default\">\n\t\t\t\t<div class=\"elementor-widget-container\">\n\t\t\t\t\t\t\t\t\t<p><strong>Vootoso maja accommodation reservations:<\/strong><br \/>Address: Ivalontie 8775, 99690 Vuotso<br \/>Tel: +358 40 533 9880<br \/>Email: vuotsonmaja@gmail.com<br \/><strong>Tankavaara gold village:<\/strong><br \/>Tel: +358 16 626 158<br \/>Email: info@tankavaara.fi<\/p>\n\t\t\t\t\t\t\t\t<\/div>\n\t\t\t\t<\/div>\n\t\t\t\t<div class=\"elementor-element elementor-element-48dc038f elementor-widget elementor-widget-heading\" data-id=\"48dc038f\" data-element_type=\"widget\" data-e-type=\"widget\" data-widget_type=\"heading.default\">\n\t\t\t\t<div class=\"elementor-widget-container\">\n\t\t\t\t\t<h5 class=\"elementor-heading-title elementor-size-default\">8.  Links:<\/h5>\t\t\t\t<\/div>\n\t\t\t\t<\/div>\n\t\t\t\t<div class=\"elementor-element elementor-element-2c297f9e elementor-widget elementor-widget-text-editor\" data-id=\"2c297f9e\" data-element_type=\"widget\" data-e-type=\"widget\" data-widget_type=\"text-editor.default\">\n\t\t\t\t<div class=\"elementor-widget-container\">\n\t\t\t\t\t\t\t\t\t<p><strong>Tankavaara gold village<\/strong><br \/><a data-mce-href=\"http:\/\/www.tankavaara.fi\/\" href=\"http:\/\/www.tankavaara.fi\/\">http:\/\/www.tankavaara.fi\/<\/a><br \/><strong>Kolliskaira nature center<\/strong><br \/><a data-mce-href=\"http:\/\/www.luontoon.fi\/koilliskaira\" href=\"http:\/\/www.luontoon.fi\/koilliskaira\">http:\/\/www.luontoon.fi\/koilliskaira<\/a><\/p>\n\t\t\t\t\t\t\t\t<\/div>\n\t\t\t\t<\/div>\n\t\t\t\t<div class=\"elementor-element elementor-element-19350f9b elementor-widget elementor-widget-heading\" data-id=\"19350f9b\" data-element_type=\"widget\" data-e-type=\"widget\" data-widget_type=\"heading.default\">\n\t\t\t\t<div class=\"elementor-widget-container\">\n\t\t\t\t\t<h5 class=\"elementor-heading-title elementor-size-default\">9. Map<\/h5>\t\t\t\t<\/div>\n\t\t\t\t<\/div>\n\t\t\t\t<div class=\"elementor-element elementor-element-273d73e8 elementor-widget elementor-widget-google_maps\" data-id=\"273d73e8\" data-element_type=\"widget\" data-e-type=\"widget\" data-widget_type=\"google_maps.default\">\n\t\t\t\t<div class=\"elementor-widget-container\">\n\t\t\t\t\t\t\t<div class=\"elementor-custom-embed\">\n\t\t\t<iframe loading=\"lazy\"\n\t\t\t\t\tsrc=\"https:\/\/www.google.com\/maps\/embed\/v1\/place?key=AIzaSyC1j1iK8FQx51JcFwNxcbaAudBg3BxuVow&#038;q=Vuotson%20pienlentokentt%C3%A4%20Sodankyl%C3%A4%20airport&#038;zoom=13\"\n\t\t\t\t\ttitle=\"Vuotson pienlentokentt\u00e4 Sodankyl\u00e4 airport\"\n\t\t\t\t\taria-label=\"Vuotson pienlentokentt\u00e4 Sodankyl\u00e4 airport\"\n\t\t\t><\/iframe>\n\t\t<\/div>\n\t\t\t\t\t\t<\/div>\n\t\t\t\t<\/div>\n\t\t\t\t\t<\/div>\n\t\t<\/div>\n\t\t\t\t<div class=\"elementor-column elementor-col-50 elementor-inner-column elementor-element elementor-element-7559a824\" data-id=\"7559a824\" data-element_type=\"column\" data-e-type=\"column\">\n\t\t\t<div class=\"elementor-widget-wrap elementor-element-populated\">\n\t\t\t\t\t\t<div class=\"elementor-element elementor-element-20ddc36a elementor-widget elementor-widget-image\" data-id=\"20ddc36a\" data-element_type=\"widget\" data-e-type=\"widget\" data-widget_type=\"image.default\">\n\t\t\t\t<div class=\"elementor-widget-container\">\n\t\t\t\t\t\t\t\t\t\t\t\t<figure class=\"wp-caption\">\n\t\t\t\t\t\t\t\t\t\t\t<a href=\"https:\/\/lentopaikat.fi\/wp-content\/uploads\/efvu.gif\" data-elementor-open-lightbox=\"yes\" data-elementor-lightbox-title=\"efvu\" data-e-action-hash=\"#elementor-action%3Aaction%3Dlightbox%26settings%3DeyJpZCI6MzUyMTcsInVybCI6Imh0dHBzOlwvXC9sZW50b3BhaWthdC5maVwvd3AtY29udGVudFwvdXBsb2Fkc1wvZWZ2dS5naWYifQ%3D%3D\">\n\t\t\t\t\t\t\t<img fetchpriority=\"high\" decoding=\"async\" width=\"200\" height=\"352\" src=\"https:\/\/lentopaikat.fi\/wp-content\/uploads\/efvu.gif\" class=\"attachment-large size-large wp-image-35217\" alt=\"\" \/>\t\t\t\t\t\t\t\t<\/a>\n\t\t\t\t\t\t\t\t\t\t\t<figcaption class=\"widget-image-caption wp-caption-text\"><\/figcaption>\n\t\t\t\t\t\t\t\t\t\t<\/figure>\n\t\t\t\t\t\t\t\t\t<\/div>\n\t\t\t\t<\/div>\n\t\t<div class=\"elementor-element elementor-element-37c52295 e-flex e-con-boxed e-con e-parent\" data-id=\"37c52295\" data-element_type=\"container\" data-e-type=\"container\">\n\t\t\t\t\t<div class=\"e-con-inner\">\n\t\t\t\t<div class=\"elementor-element elementor-element-130ac34e elementor-arrows-position-inside elementor-widget elementor-widget-image-carousel\" data-id=\"130ac34e\" data-element_type=\"widget\" data-e-type=\"widget\" data-settings=\"{&quot;slides_to_show&quot;:&quot;1&quot;,&quot;navigation&quot;:&quot;arrows&quot;,&quot;speed&quot;:900,&quot;autoplay&quot;:&quot;yes&quot;,&quot;pause_on_hover&quot;:&quot;yes&quot;,&quot;pause_on_interaction&quot;:&quot;yes&quot;,&quot;autoplay_speed&quot;:5000,&quot;infinite&quot;:&quot;yes&quot;,&quot;effect&quot;:&quot;slide&quot;}\" data-widget_type=\"image-carousel.default\">\n\t\t\t\t<div class=\"elementor-widget-container\">\n\t\t\t\t\t\t\t<div class=\"elementor-image-carousel-wrapper swiper\" role=\"region\" aria-roledescription=\"carousel\" aria-label=\"Image Carousel\" dir=\"ltr\">\n\t\t\t<div class=\"elementor-image-carousel swiper-wrapper swiper-image-stretch\" aria-live=\"off\">\n\t\t\t\t\t\t\t\t<div class=\"swiper-slide\" role=\"group\" aria-roledescription=\"slide\" aria-label=\"1 of 3\"><a data-elementor-open-lightbox=\"yes\" data-elementor-lightbox-slideshow=\"130ac34e\" data-elementor-lightbox-title=\"efvu_air\" data-elementor-lightbox-description=\"VUOTSON KENTT\u00c4 ILMASTA K\u00c4SIN POHJOISEN SUUNNASTA N\u00c4HTYN\u00c4 2.8.2005. ETUALALLA VUOTSON KYL\u00c4 SEK\u00c4 SEN L\u00c4PI VIRTAAVA TEKOJ\u00c4RVET YHDIST\u00c4V\u00c4 VUOTSON KANAVA. KUVA PEKKA LEHTINEN. (KLIKKAA SUUREKSI)\" data-e-action-hash=\"#elementor-action%3Aaction%3Dlightbox%26settings%3DeyJpZCI6MzUyMTgsInVybCI6Imh0dHBzOlwvXC9sZW50b3BhaWthdC5maVwvd3AtY29udGVudFwvdXBsb2Fkc1wvZWZ2dV9haXIuanBnIiwic2xpZGVzaG93IjoiMTMwYWMzNGUifQ%3D%3D\" href=\"https:\/\/lentopaikat.fi\/wp-content\/uploads\/efvu_air.jpg\"><figure class=\"swiper-slide-inner\"><img decoding=\"async\" class=\"swiper-slide-image\" src=\"https:\/\/lentopaikat.fi\/wp-content\/uploads\/efvu_air.jpg\" alt=\"VUOTSON KENTT\u00c4 ILMASTA K\u00c4SIN POHJOISEN SUUNNASTA N\u00c4HTYN\u00c4 2.8.2005. ETUALALLA VUOTSON KYL\u00c4 SEK\u00c4 SEN L\u00c4PI VIRTAAVA TEKOJ\u00c4RVET YHDIST\u00c4V\u00c4 VUOTSON KANAVA. KUVA PEKKA LEHTINEN. (KLIKKAA SUUREKSI)\" \/><figcaption class=\"elementor-image-carousel-caption\">VUOTSON KENTT\u00c4 ILMASTA K\u00c4SIN POHJOISEN SUUNNASTA N\u00c4HTYN\u00c4 2.8.2005. ETUALALLA VUOTSON KYL\u00c4 SEK\u00c4 SEN L\u00c4PI VIRTAAVA TEKOJ\u00c4RVET YHDIST\u00c4V\u00c4 VUOTSON KANAVA. KUVA PEKKA LEHTINEN. (KLIKKAA SUUREKSI)<\/figcaption><\/figure><\/a><\/div><div class=\"swiper-slide\" role=\"group\" aria-roledescription=\"slide\" aria-label=\"2 of 3\"><a data-elementor-open-lightbox=\"yes\" data-elementor-lightbox-slideshow=\"130ac34e\" data-elementor-lightbox-title=\"efvu_air2\" data-elementor-lightbox-description=\"VUOTSON KENTT\u00c4 KOILLISKULMASTA N\u00c4HTYN\u00c4 2.8.2005. KUVA PEKKA LEHTINEN. (KLIKKAA SUUREKSI)\" data-e-action-hash=\"#elementor-action%3Aaction%3Dlightbox%26settings%3DeyJpZCI6MzUyMTksInVybCI6Imh0dHBzOlwvXC9sZW50b3BhaWthdC5maVwvd3AtY29udGVudFwvdXBsb2Fkc1wvZWZ2dV9haXIyLmpwZyIsInNsaWRlc2hvdyI6IjEzMGFjMzRlIn0%3D\" href=\"https:\/\/lentopaikat.fi\/wp-content\/uploads\/efvu_air2.jpg\"><figure class=\"swiper-slide-inner\"><img decoding=\"async\" class=\"swiper-slide-image\" src=\"https:\/\/lentopaikat.fi\/wp-content\/uploads\/efvu_air2.jpg\" alt=\"VUOTSON KENTT\u00c4 KOILLISKULMASTA N\u00c4HTYN\u00c4 2.8.2005. KUVA PEKKA LEHTINEN. (KLIKKAA SUUREKSI)\" \/><figcaption class=\"elementor-image-carousel-caption\">VUOTSON KENTT\u00c4 KOILLISKULMASTA N\u00c4HTYN\u00c4 2.8.2005. KUVA PEKKA LEHTINEN. (KLIKKAA SUUREKSI)<\/figcaption><\/figure><\/a><\/div><div class=\"swiper-slide\" role=\"group\" aria-roledescription=\"slide\" aria-label=\"3 of 3\"><a data-elementor-open-lightbox=\"yes\" data-elementor-lightbox-slideshow=\"130ac34e\" data-elementor-lightbox-title=\"EFVU_kiitotie36\" data-elementor-lightbox-description=\"VUOTSON KIITOTIE 36. KUVATTU: 30.5.2021 KUVAAJA: TUOMAS VAKELA (KLIKKAA SUUREKSI)\" data-e-action-hash=\"#elementor-action%3Aaction%3Dlightbox%26settings%3DeyJpZCI6MzUyMjEsInVybCI6Imh0dHBzOlwvXC9sZW50b3BhaWthdC5maVwvd3AtY29udGVudFwvdXBsb2Fkc1wvRUZWVV9raWl0b3RpZTM2LmpwZWciLCJzbGlkZXNob3ciOiIxMzBhYzM0ZSJ9\" href=\"https:\/\/lentopaikat.fi\/wp-content\/uploads\/EFVU_kiitotie36.jpeg\"><figure class=\"swiper-slide-inner\"><img decoding=\"async\" class=\"swiper-slide-image\" src=\"https:\/\/lentopaikat.fi\/wp-content\/uploads\/EFVU_kiitotie36-766x1024.jpeg\" alt=\"VUOTSON KIITOTIE 36. KUVATTU: 30.5.2021 KUVAAJA: TUOMAS VAKELA (KLIKKAA SUUREKSI)\" \/><figcaption class=\"elementor-image-carousel-caption\">VUOTSON KIITOTIE 36. KUVATTU: 30.5.2021 KUVAAJA: TUOMAS VAKELA (KLIKKAA SUUREKSI)<\/figcaption><\/figure><\/a><\/div>\t\t\t<\/div>\n\t\t\t\t\t\t\t\t\t\t\t\t<div class=\"elementor-swiper-button elementor-swiper-button-prev\" role=\"button\" tabindex=\"0\">\n\t\t\t\t\t\t<i aria-hidden=\"true\" class=\"eicon-chevron-left\"><\/i>\t\t\t\t\t<\/div>\n\t\t\t\t\t<div class=\"elementor-swiper-button elementor-swiper-button-next\" role=\"button\" tabindex=\"0\">\n\t\t\t\t\t\t<i aria-hidden=\"true\" class=\"eicon-chevron-right\"><\/i>\t\t\t\t\t<\/div>\n\t\t\t\t\n\t\t\t\t\t\t\t\t\t<\/div>\n\t\t\t\t\t\t<\/div>\n\t\t\t\t<\/div>\n\t\t\t\t\t<\/div>\n\t\t\t\t<\/div>\n\t\t\t\t\t<\/div>\n\t\t<\/div>\n\t\t\t\t\t<\/div>\n\t\t<\/section>\n\t\t\t\t\t<\/div>\n\t\t<\/div>\n\t\t\t\t\t<\/div>\n\t\t<\/section>\n\t\t\t\t<\/div>\n\t\t","protected":false},"excerpt":{"rendered":"<p>Vuotso &#8211; EFVU Warning! UNOFFICIAL AIRPORT.AIRPORT REMOVED FROM THE LIST OF OFFICIAL UNCONTROLLED AIRPORTS 1.6.2006. 1. Sunset and sunrise and the SERA definition of night 2. General information: A small field with a gravel-covered runway owned by Sodankyl\u00e4 municipality in the immediate vicinity of Vuotso village along the four roads. The distance to the center [&hellip;]<\/p>\n","protected":false},"author":1,"featured_media":0,"parent":0,"menu_order":0,"comment_status":"closed","ping_status":"closed","template":"","meta":{"inline_featured_image":false,"_lmt_disableupdate":"","_lmt_disable":"","footnotes":""},"class_list":["post-36578","page","type-page","status-publish","hentry"],"_links":{"self":[{"href":"https:\/\/lentopaikat.fi\/en\/wp-json\/wp\/v2\/pages\/36578","targetHints":{"allow":["GET"]}}],"collection":[{"href":"https:\/\/lentopaikat.fi\/en\/wp-json\/wp\/v2\/pages"}],"about":[{"href":"https:\/\/lentopaikat.fi\/en\/wp-json\/wp\/v2\/types\/page"}],"author":[{"embeddable":true,"href":"https:\/\/lentopaikat.fi\/en\/wp-json\/wp\/v2\/users\/1"}],"replies":[{"embeddable":true,"href":"https:\/\/lentopaikat.fi\/en\/wp-json\/wp\/v2\/comments?post=36578"}],"version-history":[{"count":0,"href":"https:\/\/lentopaikat.fi\/en\/wp-json\/wp\/v2\/pages\/36578\/revisions"}],"wp:attachment":[{"href":"https:\/\/lentopaikat.fi\/en\/wp-json\/wp\/v2\/media?parent=36578"}],"curies":[{"name":"wp","href":"https:\/\/api.w.org\/{rel}","templated":true}]}}