{"id":36553,"date":"2022-11-18T14:30:05","date_gmt":"2022-11-18T12:30:05","guid":{"rendered":"https:\/\/lentopaikat.fi\/jakalapaa-efjp\/"},"modified":"2022-11-18T15:29:37","modified_gmt":"2022-11-18T13:29:37","slug":"jakalapaa-efjp","status":"publish","type":"page","link":"https:\/\/lentopaikat.fi\/en\/jakalapaa-efjp\/","title":{"rendered":"J\u00e4k\u00e4l\u00e4p\u00e4\u00e4 &#8211; EFJP"},"content":{"rendered":"\t\t<div data-elementor-type=\"wp-page\" data-elementor-id=\"36553\" class=\"elementor elementor-36553 elementor-36544\" data-elementor-post-type=\"page\">\n\t\t\t\t\t\t<section class=\"elementor-section elementor-top-section elementor-element elementor-element-7b933da4 elementor-section-height-min-height elementor-section-full_width elementor-section-height-default elementor-section-items-middle\" data-id=\"7b933da4\" data-element_type=\"section\" data-e-type=\"section\" data-settings=\"{&quot;background_background&quot;:&quot;classic&quot;}\">\n\t\t\t\t\t\t\t<div class=\"elementor-background-overlay\"><\/div>\n\t\t\t\t\t\t\t<div class=\"elementor-container elementor-column-gap-default\">\n\t\t\t\t\t<div class=\"elementor-column elementor-col-50 elementor-top-column elementor-element elementor-element-4d927051\" data-id=\"4d927051\" data-element_type=\"column\" data-e-type=\"column\">\n\t\t\t<div class=\"elementor-widget-wrap elementor-element-populated\">\n\t\t\t\t\t\t<div class=\"elementor-element elementor-element-9177e3 elementor-widget elementor-widget-heading\" data-id=\"9177e3\" data-element_type=\"widget\" data-e-type=\"widget\" data-widget_type=\"heading.default\">\n\t\t\t\t<div class=\"elementor-widget-container\">\n\t\t\t\t\t<h2 class=\"elementor-heading-title elementor-size-default\">J\u00e4k\u00e4l\u00e4p\u00e4\u00e4 - EFJP<\/h2>\t\t\t\t<\/div>\n\t\t\t\t<\/div>\n\t\t\t\t\t<\/div>\n\t\t<\/div>\n\t\t\t\t<div class=\"elementor-column elementor-col-50 elementor-top-column elementor-element elementor-element-5b933111\" data-id=\"5b933111\" data-element_type=\"column\" data-e-type=\"column\">\n\t\t\t<div class=\"elementor-widget-wrap\">\n\t\t\t\t\t\t\t<\/div>\n\t\t<\/div>\n\t\t\t\t\t<\/div>\n\t\t<\/section>\n\t\t\t\t<section class=\"elementor-section elementor-top-section elementor-element elementor-element-289f7052 elementor-section-full_width elementor-section-height-default elementor-section-height-default\" data-id=\"289f7052\" data-element_type=\"section\" data-e-type=\"section\">\n\t\t\t\t\t\t<div class=\"elementor-container elementor-column-gap-default\">\n\t\t\t\t\t<div class=\"elementor-column elementor-col-100 elementor-top-column elementor-element elementor-element-4db7c06a\" data-id=\"4db7c06a\" data-element_type=\"column\" data-e-type=\"column\">\n\t\t\t<div class=\"elementor-widget-wrap elementor-element-populated\">\n\t\t\t\t\t\t<section class=\"elementor-section elementor-inner-section elementor-element elementor-element-672e23a2 elementor-section-full_width elementor-section-height-default elementor-section-height-default\" data-id=\"672e23a2\" data-element_type=\"section\" data-e-type=\"section\">\n\t\t\t\t\t\t<div class=\"elementor-container elementor-column-gap-wide\">\n\t\t\t\t\t<div class=\"elementor-column elementor-col-50 elementor-inner-column elementor-element elementor-element-481015eb\" data-id=\"481015eb\" data-element_type=\"column\" data-e-type=\"column\">\n\t\t\t<div class=\"elementor-widget-wrap elementor-element-populated\">\n\t\t\t\t\t\t<div class=\"elementor-element elementor-element-72efbdc3 elementor-alert-danger elementor-widget elementor-widget-alert\" data-id=\"72efbdc3\" data-element_type=\"widget\" data-e-type=\"widget\" data-widget_type=\"alert.default\">\n\t\t\t\t<div class=\"elementor-widget-container\">\n\t\t\t\t\t\t\t<div class=\"elementor-alert\" role=\"alert\">\n\n\t\t\t\t\t\t<span class=\"elementor-alert-title\">Warning!<\/span>\n\t\t\t\n\t\t\t\t\t\t<span class=\"elementor-alert-description\"><p>UNOFFICIAL AIRPORT.<br \/>\nAIRPORT REMOVED FROM THE LIST OF OFFICIAL UNCONTROLLED AIRPORTS 19.1.2006.<\/p>\n<\/span>\n\t\t\t\n\t\t\t\n\t\t<\/div>\n\t\t\t\t\t\t<\/div>\n\t\t\t\t<\/div>\n\t\t\t\t<div class=\"elementor-element elementor-element-76869abd elementor-widget elementor-widget-heading\" data-id=\"76869abd\" data-element_type=\"widget\" data-e-type=\"widget\" data-widget_type=\"heading.default\">\n\t\t\t\t<div class=\"elementor-widget-container\">\n\t\t\t\t\t<h5 class=\"elementor-heading-title elementor-size-default\">1. Sunset and sunrise and the SERA definition of night<\/h5>\t\t\t\t<\/div>\n\t\t\t\t<\/div>\n\t\t\t\t<div class=\"elementor-element elementor-element-22aee029 elementor-widget elementor-widget-shortcode\" data-id=\"22aee029\" data-element_type=\"widget\" data-e-type=\"widget\" data-widget_type=\"shortcode.default\">\n\t\t\t\t<div class=\"elementor-widget-container\">\n\t\t\t\t\t\t\t<div class=\"elementor-shortcode\"><table><tbody><tr><td>Finnish time today, 19.04.2026<\/br><b> - Night ends: 03:49<\/br> - Sunrise: 05:07<\/br> - Sunset: 21:29<\/br> - Night begins: 22:46<\/br><\/b><\/td>\r\n<td> Times tomorrow <\/br><b> - Night ends tomorrow: 03:43<\/br> - Sunrise tomorrow: 05:02<\/br> - sunset tomorrow: 21:33<\/br> - Night begins tomorrow: 22:52<\/b><\/td><\/tr><\/tbody><\/table><\/div>\n\t\t\t\t\t\t<\/div>\n\t\t\t\t<\/div>\n\t\t\t\t<div class=\"elementor-element elementor-element-14854568 elementor-widget elementor-widget-heading\" data-id=\"14854568\" data-element_type=\"widget\" data-e-type=\"widget\" data-widget_type=\"heading.default\">\n\t\t\t\t<div class=\"elementor-widget-container\">\n\t\t\t\t\t<h5 class=\"elementor-heading-title elementor-size-default\">2. General information:<\/h5>\t\t\t\t<\/div>\n\t\t\t\t<\/div>\n\t\t\t\t<div class=\"elementor-element elementor-element-42da6443 elementor-widget elementor-widget-text-editor\" data-id=\"42da6443\" data-element_type=\"widget\" data-e-type=\"widget\" data-widget_type=\"text-editor.default\">\n\t\t\t\t<div class=\"elementor-widget-container\">\n\t\t\t\t\t\t\t\t\t<p>An airfield cleared for the use of gold diggers in the early 1950s on a plateau located near the lake of the fell on its eastern side. Board-built &#8220;terminal&#8221; as a warehouse and library for gold diggers, limited overnight accommodation. However, there is a fireplace in the booth. Nearby gold mines and mining districts: peace of mind recommended. Even though the field is no longer among the official airports, the order rule of Lemmenjoki National Park still allows landing on the field. In other words, the land owner still has permission to use the field. The Kullakaivajaliitto has decided to start taking care of the field together with Martiniiskopalo, and contact persons will be appointed for the fields. Behind the fell, along Miessijoki, there is a private airfield, pictures of which are here:<a title=\"\" href=\"https:\/\/lentopaikat.fi\/wp-content\/uploads\/2014\/03\/efjp_miessi1.jpg\" data-rel=\"lightbox-gallery-5bgH1ztL\" data-rl_title=\"\" data-rl_caption=\"\">pic 1<\/a>,\u00a0<a title=\"\" href=\"https:\/\/lentopaikat.fi\/wp-content\/uploads\/2014\/03\/efjp_miessi2.jpg\" data-rel=\"lightbox-gallery-5bgH1ztL\" data-rl_title=\"\" data-rl_caption=\"\">pic 2<\/a>.<\/p>\n\t\t\t\t\t\t\t\t<\/div>\n\t\t\t\t<\/div>\n\t\t\t\t<div class=\"elementor-element elementor-element-1e8a73f5 elementor-widget elementor-widget-heading\" data-id=\"1e8a73f5\" data-element_type=\"widget\" data-e-type=\"widget\" data-widget_type=\"heading.default\">\n\t\t\t\t<div class=\"elementor-widget-container\">\n\t\t\t\t\t<h5 class=\"elementor-heading-title elementor-size-default\">3.  Price Information:<\/h5>\t\t\t\t<\/div>\n\t\t\t\t<\/div>\n\t\t\t\t<div class=\"elementor-element elementor-element-27361c7c elementor-widget elementor-widget-text-editor\" data-id=\"27361c7c\" data-element_type=\"widget\" data-e-type=\"widget\" data-widget_type=\"text-editor.default\">\n\t\t\t\t<div class=\"elementor-widget-container\">\n\t\t\t\t\t\t\t\t\t<p>NIL<\/p>\n\t\t\t\t\t\t\t\t<\/div>\n\t\t\t\t<\/div>\n\t\t\t\t<div class=\"elementor-element elementor-element-7b309b02 elementor-widget elementor-widget-heading\" data-id=\"7b309b02\" data-element_type=\"widget\" data-e-type=\"widget\" data-widget_type=\"heading.default\">\n\t\t\t\t<div class=\"elementor-widget-container\">\n\t\t\t\t\t<h5 class=\"elementor-heading-title elementor-size-default\">4. The Airport:<\/h5>\t\t\t\t<\/div>\n\t\t\t\t<\/div>\n\t\t\t\t<div class=\"elementor-element elementor-element-66f6cf65 elementor-widget elementor-widget-text-editor\" data-id=\"66f6cf65\" data-element_type=\"widget\" data-e-type=\"widget\" data-widget_type=\"text-editor.default\">\n\t\t\t\t<div class=\"elementor-widget-container\">\n\t\t\t\t\t\t\t\t\t<p>The runways have an uneven gravel surface, weak birch, larger earth stones are marked in white, as are the curb stones of the runways. Anchoring possibilities are lacking; empty sacks that can be filled with stones are recommended. Not recommended for nose wheel planes or inexperienced pilots, advance visits with a pilot who knows the field possible (bush pilots). You can inquire about the condition of the field from the Kullanakaivajat association (link below).<\/p>\n\t\t\t\t\t\t\t\t<\/div>\n\t\t\t\t<\/div>\n\t\t\t\t<div class=\"elementor-element elementor-element-1e5ec8c7 elementor-widget elementor-widget-heading\" data-id=\"1e5ec8c7\" data-element_type=\"widget\" data-e-type=\"widget\" data-widget_type=\"heading.default\">\n\t\t\t\t<div class=\"elementor-widget-container\">\n\t\t\t\t\t<h5 class=\"elementor-heading-title elementor-size-default\">5. Basic data:<\/h5>\t\t\t\t<\/div>\n\t\t\t\t<\/div>\n\t\t\t\t<div class=\"elementor-element elementor-element-28775151 elementor-widget elementor-widget-text-editor\" data-id=\"28775151\" data-element_type=\"widget\" data-e-type=\"widget\" data-widget_type=\"text-editor.default\">\n\t\t\t\t<div class=\"elementor-widget-container\">\n\t\t\t\t\t\t\t\t\t<p>Coordinates: 684241N 0254510E<br \/>\nRunway: 12\/30 \u2013 420 x 50 m \u2013 sand, 17\/35 \u2013 390 x 50 m \u2013 sand<br \/>\nRadio frequency: 123.500<br \/>\nField Elevation: 480 m (1574 ft)<br \/>\nFuel point: no<\/p>\n\t\t\t\t\t\t\t\t<\/div>\n\t\t\t\t<\/div>\n\t\t\t\t<div class=\"elementor-element elementor-element-41a19cc4 elementor-widget elementor-widget-heading\" data-id=\"41a19cc4\" data-element_type=\"widget\" data-e-type=\"widget\" data-widget_type=\"heading.default\">\n\t\t\t\t<div class=\"elementor-widget-container\">\n\t\t\t\t\t<h5 class=\"elementor-heading-title elementor-size-default\"> 6. Sight seeing and services<\/h5>\t\t\t\t<\/div>\n\t\t\t\t<\/div>\n\t\t\t\t<div class=\"elementor-element elementor-element-aacda8e elementor-widget elementor-widget-text-editor\" data-id=\"aacda8e\" data-element_type=\"widget\" data-e-type=\"widget\" data-widget_type=\"text-editor.default\">\n\t\t\t\t<div class=\"elementor-widget-container\">\n\t\t\t\t\t\t\t\t\t<p>The gold area in its beautiful river and fell landscape is unparalleled; the deserted camp can be found on the banks of Lemmenjoki and Morgam&#8217;s Kultala in the middle of the gold district approx. 6 km away.<\/p>\n\t\t\t\t\t\t\t\t<\/div>\n\t\t\t\t<\/div>\n\t\t\t\t<div class=\"elementor-element elementor-element-c97421f elementor-widget elementor-widget-heading\" data-id=\"c97421f\" data-element_type=\"widget\" data-e-type=\"widget\" data-widget_type=\"heading.default\">\n\t\t\t\t<div class=\"elementor-widget-container\">\n\t\t\t\t\t<h5 class=\"elementor-heading-title elementor-size-default\">7. Contact information:<\/h5>\t\t\t\t<\/div>\n\t\t\t\t<\/div>\n\t\t\t\t<div class=\"elementor-element elementor-element-15edcf83 elementor-widget elementor-widget-text-editor\" data-id=\"15edcf83\" data-element_type=\"widget\" data-e-type=\"widget\" data-widget_type=\"text-editor.default\">\n\t\t\t\t<div class=\"elementor-widget-container\">\n\t\t\t\t\t\t\t\t\t<p>Matti Sorvari\/Tunturi-ilmailijat: +358 16 675 8600.<\/p>\n\t\t\t\t\t\t\t\t<\/div>\n\t\t\t\t<\/div>\n\t\t\t\t<div class=\"elementor-element elementor-element-162f8f74 elementor-widget elementor-widget-heading\" data-id=\"162f8f74\" data-element_type=\"widget\" data-e-type=\"widget\" data-widget_type=\"heading.default\">\n\t\t\t\t<div class=\"elementor-widget-container\">\n\t\t\t\t\t<h5 class=\"elementor-heading-title elementor-size-default\">8.  Links:<\/h5>\t\t\t\t<\/div>\n\t\t\t\t<\/div>\n\t\t\t\t<div class=\"elementor-element elementor-element-2a9398d0 elementor-widget elementor-widget-text-editor\" data-id=\"2a9398d0\" data-element_type=\"widget\" data-e-type=\"widget\" data-widget_type=\"text-editor.default\">\n\t\t\t\t<div class=\"elementor-widget-container\">\n\t\t\t\t\t\t\t\t\t<ul>\n<li><a href=\"http:\/\/www.kullankaivajat.fi\/\" target=\"_blank\" rel=\"noopener\">Lapin Kullankaivajain liitto<\/a><\/li>\n<li><a href=\"http:\/\/www.tunturi-ilmailijat.net\/\" target=\"_blank\" rel=\"noopener\">Tunturi-Ilmailijat ry<\/a><\/li>\n<li><a href=\"http:\/\/www.saunalahti.fi\/~panimo\/lemmenjoki.htm\" target=\"_blank\" rel=\"noopener\">Lemmenjoki<\/a><\/li>\n<\/ul>\n\t\t\t\t\t\t\t\t<\/div>\n\t\t\t\t<\/div>\n\t\t\t\t<div class=\"elementor-element elementor-element-4ab4bd99 elementor-widget elementor-widget-heading\" data-id=\"4ab4bd99\" data-element_type=\"widget\" data-e-type=\"widget\" data-widget_type=\"heading.default\">\n\t\t\t\t<div class=\"elementor-widget-container\">\n\t\t\t\t\t<h5 class=\"elementor-heading-title elementor-size-default\">9. Map<\/h5>\t\t\t\t<\/div>\n\t\t\t\t<\/div>\n\t\t\t\t<div class=\"elementor-element elementor-element-c6abed3 elementor-widget elementor-widget-google_maps\" data-id=\"c6abed3\" data-element_type=\"widget\" data-e-type=\"widget\" data-widget_type=\"google_maps.default\">\n\t\t\t\t<div class=\"elementor-widget-container\">\n\t\t\t\t\t\t\t<div class=\"elementor-custom-embed\">\n\t\t\t<iframe loading=\"lazy\"\n\t\t\t\t\tsrc=\"https:\/\/www.google.com\/maps\/embed\/v1\/place?key=AIzaSyC1j1iK8FQx51JcFwNxcbaAudBg3BxuVow&#038;q=J%C3%A4k%C3%A4l%C3%A4p%C3%A4%C3%A4%20lentokentt%C3%A4&#038;zoom=13\"\n\t\t\t\t\ttitle=\"J\u00e4k\u00e4l\u00e4p\u00e4\u00e4 lentokentt\u00e4\"\n\t\t\t\t\taria-label=\"J\u00e4k\u00e4l\u00e4p\u00e4\u00e4 lentokentt\u00e4\"\n\t\t\t><\/iframe>\n\t\t<\/div>\n\t\t\t\t\t\t<\/div>\n\t\t\t\t<\/div>\n\t\t\t\t\t<\/div>\n\t\t<\/div>\n\t\t\t\t<div class=\"elementor-column elementor-col-50 elementor-inner-column elementor-element elementor-element-639c440b\" data-id=\"639c440b\" data-element_type=\"column\" data-e-type=\"column\">\n\t\t\t<div class=\"elementor-widget-wrap elementor-element-populated\">\n\t\t\t\t\t\t<div class=\"elementor-element elementor-element-65c2562b elementor-widget elementor-widget-image\" data-id=\"65c2562b\" data-element_type=\"widget\" data-e-type=\"widget\" data-widget_type=\"image.default\">\n\t\t\t\t<div class=\"elementor-widget-container\">\n\t\t\t\t\t\t\t\t\t\t\t\t<figure class=\"wp-caption\">\n\t\t\t\t\t\t\t\t\t\t\t<a href=\"https:\/\/lentopaikat.fi\/wp-content\/uploads\/efjp.gif\" data-elementor-open-lightbox=\"yes\" data-elementor-lightbox-title=\"efjp\" data-e-action-hash=\"#elementor-action%3Aaction%3Dlightbox%26settings%3DeyJpZCI6MzQ3ODAsInVybCI6Imh0dHBzOlwvXC9sZW50b3BhaWthdC5maVwvd3AtY29udGVudFwvdXBsb2Fkc1wvZWZqcC5naWYifQ%3D%3D\">\n\t\t\t\t\t\t\t<img fetchpriority=\"high\" decoding=\"async\" width=\"200\" height=\"352\" src=\"https:\/\/lentopaikat.fi\/wp-content\/uploads\/efjp.gif\" class=\"attachment-large size-large wp-image-34780\" alt=\"\" \/>\t\t\t\t\t\t\t\t<\/a>\n\t\t\t\t\t\t\t\t\t\t\t<figcaption class=\"widget-image-caption wp-caption-text\"><\/figcaption>\n\t\t\t\t\t\t\t\t\t\t<\/figure>\n\t\t\t\t\t\t\t\t\t<\/div>\n\t\t\t\t<\/div>\n\t\t\t\t<div class=\"elementor-element elementor-element-63513c7 elementor-widget elementor-widget-image\" data-id=\"63513c7\" data-element_type=\"widget\" data-e-type=\"widget\" data-widget_type=\"image.default\">\n\t\t\t\t<div class=\"elementor-widget-container\">\n\t\t\t\t\t\t\t\t\t\t\t\t<figure class=\"wp-caption\">\n\t\t\t\t\t\t\t\t\t\t\t<a href=\"https:\/\/lentopaikat.fi\/wp-content\/uploads\/EFJP_LDG_v02.pdf\" target=\"_blank\">\n\t\t\t\t\t\t\t<img decoding=\"async\" width=\"720\" height=\"1024\" src=\"https:\/\/lentopaikat.fi\/wp-content\/uploads\/EFJP_LDG_v02-720x1024.jpg\" class=\"attachment-large size-large wp-image-34786\" alt=\"\" srcset=\"https:\/\/lentopaikat.fi\/wp-content\/uploads\/EFJP_LDG_v02-720x1024.jpg 720w, https:\/\/lentopaikat.fi\/wp-content\/uploads\/EFJP_LDG_v02-211x300.jpg 211w, https:\/\/lentopaikat.fi\/wp-content\/uploads\/EFJP_LDG_v02-768x1093.jpg 768w, https:\/\/lentopaikat.fi\/wp-content\/uploads\/EFJP_LDG_v02-1079x1536.jpg 1079w, https:\/\/lentopaikat.fi\/wp-content\/uploads\/EFJP_LDG_v02-8x12.jpg 8w, https:\/\/lentopaikat.fi\/wp-content\/uploads\/EFJP_LDG_v02.jpg 1241w\" sizes=\"(max-width: 720px) 100vw, 720px\" \/>\t\t\t\t\t\t\t\t<\/a>\n\t\t\t\t\t\t\t\t\t\t\t<figcaption class=\"widget-image-caption wp-caption-text\">LDG CHART, CLICK ON PICTURE TO OPEN PDF DOCUMENT<\/figcaption>\n\t\t\t\t\t\t\t\t\t\t<\/figure>\n\t\t\t\t\t\t\t\t\t<\/div>\n\t\t\t\t<\/div>\n\t\t<div class=\"elementor-element elementor-element-26074e27 e-flex e-con-boxed e-con e-parent\" data-id=\"26074e27\" data-element_type=\"container\" data-e-type=\"container\">\n\t\t\t\t\t<div class=\"e-con-inner\">\n\t\t\t\t<div class=\"elementor-element elementor-element-79dbe620 elementor-arrows-position-inside elementor-widget elementor-widget-image-carousel\" data-id=\"79dbe620\" data-element_type=\"widget\" data-e-type=\"widget\" data-settings=\"{&quot;slides_to_show&quot;:&quot;1&quot;,&quot;navigation&quot;:&quot;arrows&quot;,&quot;speed&quot;:900,&quot;autoplay&quot;:&quot;yes&quot;,&quot;pause_on_hover&quot;:&quot;yes&quot;,&quot;pause_on_interaction&quot;:&quot;yes&quot;,&quot;autoplay_speed&quot;:5000,&quot;infinite&quot;:&quot;yes&quot;,&quot;effect&quot;:&quot;slide&quot;}\" data-widget_type=\"image-carousel.default\">\n\t\t\t\t<div class=\"elementor-widget-container\">\n\t\t\t\t\t\t\t<div class=\"elementor-image-carousel-wrapper swiper\" role=\"region\" aria-roledescription=\"carousel\" aria-label=\"Image Carousel\" dir=\"ltr\">\n\t\t\t<div class=\"elementor-image-carousel swiper-wrapper swiper-image-stretch\" aria-live=\"off\">\n\t\t\t\t\t\t\t\t<div class=\"swiper-slide\" role=\"group\" aria-roledescription=\"slide\" aria-label=\"1 of 6\"><a data-elementor-open-lightbox=\"yes\" data-elementor-lightbox-slideshow=\"79dbe620\" data-elementor-lightbox-title=\"efjp_air\" data-elementor-lightbox-description=\"J\u00c4K\u00c4L\u00c4P\u00c4\u00c4N KENTT\u00c4 ILMASTA K\u00c4SIN. KUVA ILKKA PORTTI. (KLIKKAA SUUREKSI)\" data-e-action-hash=\"#elementor-action%3Aaction%3Dlightbox%26settings%3DeyJpZCI6MzQ3ODEsInVybCI6Imh0dHBzOlwvXC9sZW50b3BhaWthdC5maVwvd3AtY29udGVudFwvdXBsb2Fkc1wvZWZqcF9haXIuanBnIiwic2xpZGVzaG93IjoiNzlkYmU2MjAifQ%3D%3D\" href=\"https:\/\/lentopaikat.fi\/wp-content\/uploads\/efjp_air.jpg\"><figure class=\"swiper-slide-inner\"><img decoding=\"async\" class=\"swiper-slide-image\" src=\"https:\/\/lentopaikat.fi\/wp-content\/uploads\/efjp_air.jpg\" alt=\"J\u00c4K\u00c4L\u00c4P\u00c4\u00c4N KENTT\u00c4 ILMASTA K\u00c4SIN. KUVA ILKKA PORTTI. (KLIKKAA SUUREKSI)\" \/><figcaption class=\"elementor-image-carousel-caption\">J\u00c4K\u00c4L\u00c4P\u00c4\u00c4N KENTT\u00c4 ILMASTA K\u00c4SIN. KUVA ILKKA PORTTI. (KLIKKAA SUUREKSI)<\/figcaption><\/figure><\/a><\/div><div class=\"swiper-slide\" role=\"group\" aria-roledescription=\"slide\" aria-label=\"2 of 6\"><a data-elementor-open-lightbox=\"yes\" data-elementor-lightbox-slideshow=\"79dbe620\" data-elementor-lightbox-title=\"efjp_air2\" data-elementor-lightbox-description=\"ILMAKUVA 2. KUVA ILKKA PORTTI. (KLIKKAA SUUREKSI)\" data-e-action-hash=\"#elementor-action%3Aaction%3Dlightbox%26settings%3DeyJpZCI6MzQ3ODIsInVybCI6Imh0dHBzOlwvXC9sZW50b3BhaWthdC5maVwvd3AtY29udGVudFwvdXBsb2Fkc1wvZWZqcF9haXIyLmpwZyIsInNsaWRlc2hvdyI6Ijc5ZGJlNjIwIn0%3D\" href=\"https:\/\/lentopaikat.fi\/wp-content\/uploads\/efjp_air2.jpg\"><figure class=\"swiper-slide-inner\"><img decoding=\"async\" class=\"swiper-slide-image\" src=\"https:\/\/lentopaikat.fi\/wp-content\/uploads\/efjp_air2.jpg\" alt=\"ILMAKUVA 2. KUVA ILKKA PORTTI. (KLIKKAA SUUREKSI)\" \/><figcaption class=\"elementor-image-carousel-caption\">ILMAKUVA 2. KUVA ILKKA PORTTI. (KLIKKAA SUUREKSI)<\/figcaption><\/figure><\/a><\/div><div class=\"swiper-slide\" role=\"group\" aria-roledescription=\"slide\" aria-label=\"3 of 6\"><a data-elementor-open-lightbox=\"yes\" data-elementor-lightbox-slideshow=\"79dbe620\" data-elementor-lightbox-title=\"EFJP_SE-IVL\" data-elementor-lightbox-description=\"SE-IVL VIERAILULLA J\u00c4K\u00c4L\u00c4P\u00c4\u00c4SS\u00c4,\nKUVA OTETTU 16.6.2018\nKUVAAJA TERO LINHO\" data-e-action-hash=\"#elementor-action%3Aaction%3Dlightbox%26settings%3DeyJpZCI6MzQ3OTEsInVybCI6Imh0dHBzOlwvXC9sZW50b3BhaWthdC5maVwvd3AtY29udGVudFwvdXBsb2Fkc1wvRUZKUF9TRS1JVkwuanBnIiwic2xpZGVzaG93IjoiNzlkYmU2MjAifQ%3D%3D\" href=\"https:\/\/lentopaikat.fi\/wp-content\/uploads\/EFJP_SE-IVL.jpg\"><figure class=\"swiper-slide-inner\"><img decoding=\"async\" class=\"swiper-slide-image\" src=\"https:\/\/lentopaikat.fi\/wp-content\/uploads\/EFJP_SE-IVL-1024x576.jpg\" alt=\"SE-IVL VIERAILULLA J\u00c4K\u00c4L\u00c4P\u00c4\u00c4SS\u00c4,\nKUVA OTETTU 16.6.2018\nKUVAAJA TERO LINHO\" \/><figcaption class=\"elementor-image-carousel-caption\">SE-IVL VIERAILULLA J\u00c4K\u00c4L\u00c4P\u00c4\u00c4SS\u00c4,\nKUVA OTETTU 16.6.2018\nKUVAAJA TERO LINHO<\/figcaption><\/figure><\/a><\/div><div class=\"swiper-slide\" role=\"group\" aria-roledescription=\"slide\" aria-label=\"4 of 6\"><a data-elementor-open-lightbox=\"yes\" data-elementor-lightbox-slideshow=\"79dbe620\" data-elementor-lightbox-title=\"EFJP_Kiitotie2-scaled\" data-elementor-lightbox-description=\"YLEISKUVA J\u00c4KL\u00c4P\u00c4\u00c4N KIITOTIEST\u00c4.\nKUVA OTETTU 1.8.2022\nKUVAAJA: TUOMAS V\u00c4KEL\u00c4\" data-e-action-hash=\"#elementor-action%3Aaction%3Dlightbox%26settings%3DeyJpZCI6MzQ3ODUsInVybCI6Imh0dHBzOlwvXC9sZW50b3BhaWthdC5maVwvd3AtY29udGVudFwvdXBsb2Fkc1wvRUZKUF9LaWl0b3RpZTItc2NhbGVkLmpwZWciLCJzbGlkZXNob3ciOiI3OWRiZTYyMCJ9\" href=\"https:\/\/lentopaikat.fi\/wp-content\/uploads\/EFJP_Kiitotie2-scaled.jpeg\"><figure class=\"swiper-slide-inner\"><img decoding=\"async\" class=\"swiper-slide-image\" src=\"https:\/\/lentopaikat.fi\/wp-content\/uploads\/EFJP_Kiitotie2-scaled-1024x768.jpeg\" alt=\"YLEISKUVA J\u00c4KL\u00c4P\u00c4\u00c4N KIITOTIEST\u00c4.\nKUVA OTETTU 1.8.2022\nKUVAAJA: TUOMAS V\u00c4KEL\u00c4\" \/><figcaption class=\"elementor-image-carousel-caption\">YLEISKUVA J\u00c4KL\u00c4P\u00c4\u00c4N KIITOTIEST\u00c4.\nKUVA OTETTU 1.8.2022\nKUVAAJA: TUOMAS V\u00c4KEL\u00c4<\/figcaption><\/figure><\/a><\/div><div class=\"swiper-slide\" role=\"group\" aria-roledescription=\"slide\" aria-label=\"5 of 6\"><a data-elementor-open-lightbox=\"yes\" data-elementor-lightbox-slideshow=\"79dbe620\" data-elementor-lightbox-title=\"EFJP_Kiitotie1-scaled\" data-elementor-lightbox-description=\"EFJP YLEISKUVA MAASTA,\nKUVA OTETTU 1.8.2022\nKUVAAJA: TUOMAS V\u00c4KEL\u00c4\" data-e-action-hash=\"#elementor-action%3Aaction%3Dlightbox%26settings%3DeyJpZCI6MzQ3ODQsInVybCI6Imh0dHBzOlwvXC9sZW50b3BhaWthdC5maVwvd3AtY29udGVudFwvdXBsb2Fkc1wvRUZKUF9LaWl0b3RpZTEtc2NhbGVkLmpwZWciLCJzbGlkZXNob3ciOiI3OWRiZTYyMCJ9\" href=\"https:\/\/lentopaikat.fi\/wp-content\/uploads\/EFJP_Kiitotie1-scaled.jpeg\"><figure class=\"swiper-slide-inner\"><img decoding=\"async\" class=\"swiper-slide-image\" src=\"https:\/\/lentopaikat.fi\/wp-content\/uploads\/EFJP_Kiitotie1-scaled-768x1024.jpeg\" alt=\"EFJP YLEISKUVA MAASTA,\nKUVA OTETTU 1.8.2022\nKUVAAJA: TUOMAS V\u00c4KEL\u00c4\" \/><figcaption class=\"elementor-image-carousel-caption\">EFJP YLEISKUVA MAASTA,\nKUVA OTETTU 1.8.2022\nKUVAAJA: TUOMAS V\u00c4KEL\u00c4<\/figcaption><\/figure><\/a><\/div><div class=\"swiper-slide\" role=\"group\" aria-roledescription=\"slide\" aria-label=\"6 of 6\"><a data-elementor-open-lightbox=\"yes\" data-elementor-lightbox-slideshow=\"79dbe620\" data-elementor-lightbox-title=\"efjp_asema\" data-elementor-lightbox-description=\"KENT\u00c4N \u201dTERMINAALI\u201d SIS\u00c4LT\u00c4 N\u00c4HTYN\u00c4 KES\u00c4LL\u00c4 2010. KUVA TERO KAIPIO. (KLIKKAA SUUREKSI)\" data-e-action-hash=\"#elementor-action%3Aaction%3Dlightbox%26settings%3DeyJpZCI6MzQ3ODMsInVybCI6Imh0dHBzOlwvXC9sZW50b3BhaWthdC5maVwvd3AtY29udGVudFwvdXBsb2Fkc1wvZWZqcF9hc2VtYS5qcGciLCJzbGlkZXNob3ciOiI3OWRiZTYyMCJ9\" href=\"https:\/\/lentopaikat.fi\/wp-content\/uploads\/efjp_asema.jpg\"><figure class=\"swiper-slide-inner\"><img decoding=\"async\" class=\"swiper-slide-image\" src=\"https:\/\/lentopaikat.fi\/wp-content\/uploads\/efjp_asema.jpg\" alt=\"KENT\u00c4N \u201dTERMINAALI\u201d SIS\u00c4LT\u00c4 N\u00c4HTYN\u00c4 KES\u00c4LL\u00c4 2010. KUVA TERO KAIPIO. (KLIKKAA SUUREKSI)\" \/><figcaption class=\"elementor-image-carousel-caption\">KENT\u00c4N \u201dTERMINAALI\u201d SIS\u00c4LT\u00c4 N\u00c4HTYN\u00c4 KES\u00c4LL\u00c4 2010. KUVA TERO KAIPIO. (KLIKKAA SUUREKSI)<\/figcaption><\/figure><\/a><\/div>\t\t\t<\/div>\n\t\t\t\t\t\t\t\t\t\t\t\t<div class=\"elementor-swiper-button elementor-swiper-button-prev\" role=\"button\" tabindex=\"0\">\n\t\t\t\t\t\t<i aria-hidden=\"true\" class=\"eicon-chevron-left\"><\/i>\t\t\t\t\t<\/div>\n\t\t\t\t\t<div class=\"elementor-swiper-button elementor-swiper-button-next\" role=\"button\" tabindex=\"0\">\n\t\t\t\t\t\t<i aria-hidden=\"true\" class=\"eicon-chevron-right\"><\/i>\t\t\t\t\t<\/div>\n\t\t\t\t\n\t\t\t\t\t\t\t\t\t<\/div>\n\t\t\t\t\t\t<\/div>\n\t\t\t\t<\/div>\n\t\t\t\t\t<\/div>\n\t\t\t\t<\/div>\n\t\t\t\t\t<\/div>\n\t\t<\/div>\n\t\t\t\t\t<\/div>\n\t\t<\/section>\n\t\t\t\t\t<\/div>\n\t\t<\/div>\n\t\t\t\t\t<\/div>\n\t\t<\/section>\n\t\t\t\t<\/div>\n\t\t","protected":false},"excerpt":{"rendered":"<p>J\u00e4k\u00e4l\u00e4p\u00e4\u00e4 &#8211; EFJP Warning! UNOFFICIAL AIRPORT. AIRPORT REMOVED FROM THE LIST OF OFFICIAL UNCONTROLLED AIRPORTS 19.1.2006. 1. Sunset and sunrise and the SERA definition of night 2. General information: An airfield cleared for the use of gold diggers in the early 1950s on a plateau located near the lake of the fell on its eastern [&hellip;]<\/p>\n","protected":false},"author":1,"featured_media":0,"parent":0,"menu_order":0,"comment_status":"closed","ping_status":"closed","template":"","meta":{"inline_featured_image":false,"_lmt_disableupdate":"","_lmt_disable":"","footnotes":""},"class_list":["post-36553","page","type-page","status-publish","hentry"],"_links":{"self":[{"href":"https:\/\/lentopaikat.fi\/en\/wp-json\/wp\/v2\/pages\/36553","targetHints":{"allow":["GET"]}}],"collection":[{"href":"https:\/\/lentopaikat.fi\/en\/wp-json\/wp\/v2\/pages"}],"about":[{"href":"https:\/\/lentopaikat.fi\/en\/wp-json\/wp\/v2\/types\/page"}],"author":[{"embeddable":true,"href":"https:\/\/lentopaikat.fi\/en\/wp-json\/wp\/v2\/users\/1"}],"replies":[{"embeddable":true,"href":"https:\/\/lentopaikat.fi\/en\/wp-json\/wp\/v2\/comments?post=36553"}],"version-history":[{"count":0,"href":"https:\/\/lentopaikat.fi\/en\/wp-json\/wp\/v2\/pages\/36553\/revisions"}],"wp:attachment":[{"href":"https:\/\/lentopaikat.fi\/en\/wp-json\/wp\/v2\/media?parent=36553"}],"curies":[{"name":"wp","href":"https:\/\/api.w.org\/{rel}","templated":true}]}}