{"id":36528,"date":"2022-11-18T13:56:54","date_gmt":"2022-11-18T11:56:54","guid":{"rendered":"https:\/\/lentopaikat.fi\/ahtarin-kevytlentopaikka\/"},"modified":"2022-11-18T23:29:34","modified_gmt":"2022-11-18T21:29:34","slug":"ahtarin-kevytlentopaikka","status":"publish","type":"page","link":"https:\/\/lentopaikat.fi\/en\/ahtarin-kevytlentopaikka\/","title":{"rendered":"\u00c4ht\u00e4rin Light airfield"},"content":{"rendered":"\t\t<div data-elementor-type=\"wp-page\" data-elementor-id=\"36528\" class=\"elementor elementor-36528 elementor-36500\" data-elementor-post-type=\"page\">\n\t\t\t\t\t\t<section class=\"elementor-section elementor-top-section elementor-element elementor-element-22f79b3e elementor-section-height-min-height elementor-section-full_width elementor-section-height-default elementor-section-items-middle\" data-id=\"22f79b3e\" data-element_type=\"section\" data-e-type=\"section\" data-settings=\"{&quot;background_background&quot;:&quot;classic&quot;}\">\n\t\t\t\t\t\t\t<div class=\"elementor-background-overlay\"><\/div>\n\t\t\t\t\t\t\t<div class=\"elementor-container elementor-column-gap-default\">\n\t\t\t\t\t<div class=\"elementor-column elementor-col-50 elementor-top-column elementor-element elementor-element-5668ee8c\" data-id=\"5668ee8c\" data-element_type=\"column\" data-e-type=\"column\">\n\t\t\t<div class=\"elementor-widget-wrap elementor-element-populated\">\n\t\t\t\t\t\t<div class=\"elementor-element elementor-element-40650e19 elementor-widget elementor-widget-heading\" data-id=\"40650e19\" data-element_type=\"widget\" data-e-type=\"widget\" data-widget_type=\"heading.default\">\n\t\t\t\t<div class=\"elementor-widget-container\">\n\t\t\t\t\t<h2 class=\"elementor-heading-title elementor-size-default\">\u00c4ht\u00e4ri light airfield<\/h2>\t\t\t\t<\/div>\n\t\t\t\t<\/div>\n\t\t\t\t\t<\/div>\n\t\t<\/div>\n\t\t\t\t<div class=\"elementor-column elementor-col-50 elementor-top-column elementor-element elementor-element-144f0b3e\" data-id=\"144f0b3e\" data-element_type=\"column\" data-e-type=\"column\">\n\t\t\t<div class=\"elementor-widget-wrap\">\n\t\t\t\t\t\t\t<\/div>\n\t\t<\/div>\n\t\t\t\t\t<\/div>\n\t\t<\/section>\n\t\t\t\t<section class=\"elementor-section elementor-top-section elementor-element elementor-element-3538ca2f elementor-section-full_width elementor-section-height-default elementor-section-height-default\" data-id=\"3538ca2f\" data-element_type=\"section\" data-e-type=\"section\">\n\t\t\t\t\t\t<div class=\"elementor-container elementor-column-gap-default\">\n\t\t\t\t\t<div class=\"elementor-column elementor-col-100 elementor-top-column elementor-element elementor-element-afdb75\" data-id=\"afdb75\" data-element_type=\"column\" data-e-type=\"column\">\n\t\t\t<div class=\"elementor-widget-wrap elementor-element-populated\">\n\t\t\t\t\t\t<section class=\"elementor-section elementor-inner-section elementor-element elementor-element-33c7137c elementor-section-full_width elementor-section-height-default elementor-section-height-default\" data-id=\"33c7137c\" data-element_type=\"section\" data-e-type=\"section\">\n\t\t\t\t\t\t<div class=\"elementor-container elementor-column-gap-wide\">\n\t\t\t\t\t<div class=\"elementor-column elementor-col-50 elementor-inner-column elementor-element elementor-element-76aff757\" data-id=\"76aff757\" data-element_type=\"column\" data-e-type=\"column\">\n\t\t\t<div class=\"elementor-widget-wrap elementor-element-populated\">\n\t\t\t\t<!-- dce invisible element 65e7cb8f -->\t\t<div class=\"elementor-element elementor-element-68f415c elementor-widget elementor-widget-heading\" data-id=\"68f415c\" data-element_type=\"widget\" data-e-type=\"widget\" data-widget_type=\"heading.default\">\n\t\t\t\t<div class=\"elementor-widget-container\">\n\t\t\t\t\t<h5 class=\"elementor-heading-title elementor-size-default\">1. Sunset and sunrise and the SERA definition of night<\/h5>\t\t\t\t<\/div>\n\t\t\t\t<\/div>\n\t\t\t\t<div class=\"elementor-element elementor-element-4cfe9d4 elementor-widget elementor-widget-shortcode\" data-id=\"4cfe9d4\" data-element_type=\"widget\" data-e-type=\"widget\" data-widget_type=\"shortcode.default\">\n\t\t\t\t<div class=\"elementor-widget-container\">\n\t\t\t\t\t\t\t<div class=\"elementor-shortcode\"><table><tbody><tr><td>Finnish time today, 15.04.2026<\/br><b> - Night ends: 05:09<\/br> - Sunrise: 05:59<\/br> - Sunset: 20:49<\/br> - Night begins: 21:39<\/br><\/b><\/td>\r\n<td> Times tomorrow <\/br><b> - Night ends tomorrow: 05:05<\/br> - Sunrise tomorrow: 05:56<\/br> - sunset tomorrow: 20:51<\/br> - Night begins tomorrow: 21:42<\/b><\/td><\/tr><\/tbody><\/table><\/div>\n\t\t\t\t\t\t<\/div>\n\t\t\t\t<\/div>\n\t\t\t\t<div class=\"elementor-element elementor-element-86df7f elementor-widget elementor-widget-heading\" data-id=\"86df7f\" data-element_type=\"widget\" data-e-type=\"widget\" data-widget_type=\"heading.default\">\n\t\t\t\t<div class=\"elementor-widget-container\">\n\t\t\t\t\t<h5 class=\"elementor-heading-title elementor-size-default\">2. General information:<\/h5>\t\t\t\t<\/div>\n\t\t\t\t<\/div>\n\t\t\t\t<div class=\"elementor-element elementor-element-6f26fd elementor-widget elementor-widget-text-editor\" data-id=\"6f26fd\" data-element_type=\"widget\" data-e-type=\"widget\" data-widget_type=\"text-editor.default\">\n\t\t\t\t<div class=\"elementor-widget-container\">\n\t\t\t\t\t\t\t\t\t<p>Construction of Karhunkankaan light airield (\u00c4ht\u00e4ri) was begun in the summer of 2010, and the field attained the official status of light airfield in February 2011.<\/p>\n\t\t\t\t\t\t\t\t<\/div>\n\t\t\t\t<\/div>\n\t\t\t\t<div class=\"elementor-element elementor-element-5541df41 elementor-widget elementor-widget-heading\" data-id=\"5541df41\" data-element_type=\"widget\" data-e-type=\"widget\" data-widget_type=\"heading.default\">\n\t\t\t\t<div class=\"elementor-widget-container\">\n\t\t\t\t\t<h5 class=\"elementor-heading-title elementor-size-default\">3.  Price Information:<\/h5>\t\t\t\t<\/div>\n\t\t\t\t<\/div>\n\t\t\t\t<div class=\"elementor-element elementor-element-4138e6d2 elementor-widget elementor-widget-text-editor\" data-id=\"4138e6d2\" data-element_type=\"widget\" data-e-type=\"widget\" data-widget_type=\"text-editor.default\">\n\t\t\t\t<div class=\"elementor-widget-container\">\n\t\t\t\t\t\t\t\t\t<p>NIL<\/p>\n\t\t\t\t\t\t\t\t<\/div>\n\t\t\t\t<\/div>\n\t\t\t\t<div class=\"elementor-element elementor-element-389ba5f4 elementor-widget elementor-widget-heading\" data-id=\"389ba5f4\" data-element_type=\"widget\" data-e-type=\"widget\" data-widget_type=\"heading.default\">\n\t\t\t\t<div class=\"elementor-widget-container\">\n\t\t\t\t\t<h5 class=\"elementor-heading-title elementor-size-default\">4. The Airport:<\/h5>\t\t\t\t<\/div>\n\t\t\t\t<\/div>\n\t\t\t\t<div class=\"elementor-element elementor-element-159985d9 elementor-widget elementor-widget-text-editor\" data-id=\"159985d9\" data-element_type=\"widget\" data-e-type=\"widget\" data-widget_type=\"text-editor.default\">\n\t\t\t\t<div class=\"elementor-widget-container\">\n\t\t\t\t\t\t\t\t\t<p>The condition of the field is very good, asphalt surfaced 01.06.2011<\/p>\n\t\t\t\t\t\t\t\t<\/div>\n\t\t\t\t<\/div>\n\t\t\t\t<div class=\"elementor-element elementor-element-4ab4610c elementor-widget elementor-widget-heading\" data-id=\"4ab4610c\" data-element_type=\"widget\" data-e-type=\"widget\" data-widget_type=\"heading.default\">\n\t\t\t\t<div class=\"elementor-widget-container\">\n\t\t\t\t\t<h5 class=\"elementor-heading-title elementor-size-default\">5. Basic data:<\/h5>\t\t\t\t<\/div>\n\t\t\t\t<\/div>\n\t\t\t\t<div class=\"elementor-element elementor-element-f8b2292 elementor-widget elementor-widget-text-editor\" data-id=\"f8b2292\" data-element_type=\"widget\" data-e-type=\"widget\" data-widget_type=\"text-editor.default\">\n\t\t\t\t<div class=\"elementor-widget-container\">\n\t\t\t\t\t\t\t\t\t<p><strong>Coordinates:<\/strong> 623027N, 240405E<br \/>\n<strong>Runway:<\/strong> 17\/35 \u2013 370 x 12 m \u2013 Asphalt (total length 478m)<br \/>\n<strong>Radio frequency:<\/strong> 123,500<br \/>\n<strong>Airport elevation:<\/strong> 182 m (597 ft)<br \/>\n<strong>Fuel availability:<\/strong> NIL<\/p>\n\t\t\t\t\t\t\t\t<\/div>\n\t\t\t\t<\/div>\n\t\t\t\t<div class=\"elementor-element elementor-element-c713e47 elementor-widget elementor-widget-heading\" data-id=\"c713e47\" data-element_type=\"widget\" data-e-type=\"widget\" data-widget_type=\"heading.default\">\n\t\t\t\t<div class=\"elementor-widget-container\">\n\t\t\t\t\t<h5 class=\"elementor-heading-title elementor-size-default\"> 6. Sight seeing and services<\/h5>\t\t\t\t<\/div>\n\t\t\t\t<\/div>\n\t\t\t\t<div class=\"elementor-element elementor-element-477901be elementor-widget elementor-widget-text-editor\" data-id=\"477901be\" data-element_type=\"widget\" data-e-type=\"widget\" data-widget_type=\"text-editor.default\">\n\t\t\t\t<div class=\"elementor-widget-container\">\n\t\t\t\t\t\t\t\t\t<p>\u00c4ht\u00e4ri Zoo:\u00a0<a href=\"http:\/\/www.ahtarizoo.fi\/index.php\/en\/\">http:\/\/www.ahtarizoo.fi\/index.php\/en\/<\/a><\/p>\n\t\t\t\t\t\t\t\t<\/div>\n\t\t\t\t<\/div>\n\t\t\t\t<div class=\"elementor-element elementor-element-71632be6 elementor-widget elementor-widget-heading\" data-id=\"71632be6\" data-element_type=\"widget\" data-e-type=\"widget\" data-widget_type=\"heading.default\">\n\t\t\t\t<div class=\"elementor-widget-container\">\n\t\t\t\t\t<h5 class=\"elementor-heading-title elementor-size-default\">7. Contact information:<\/h5>\t\t\t\t<\/div>\n\t\t\t\t<\/div>\n\t\t\t\t<div class=\"elementor-element elementor-element-46f4c228 elementor-widget elementor-widget-text-editor\" data-id=\"46f4c228\" data-element_type=\"widget\" data-e-type=\"widget\" data-widget_type=\"text-editor.default\">\n\t\t\t\t<div class=\"elementor-widget-container\">\n\t\t\t\t\t\t\t\t\t<p>Airfield Contact person<\/p>\n<p>Juha Nortunen,\u00a0 +358 50-3665847<\/p>\n\t\t\t\t\t\t\t\t<\/div>\n\t\t\t\t<\/div>\n\t\t\t\t<div class=\"elementor-element elementor-element-bbb0e32 elementor-widget elementor-widget-heading\" data-id=\"bbb0e32\" data-element_type=\"widget\" data-e-type=\"widget\" data-widget_type=\"heading.default\">\n\t\t\t\t<div class=\"elementor-widget-container\">\n\t\t\t\t\t<h5 class=\"elementor-heading-title elementor-size-default\">8.  Links:<\/h5>\t\t\t\t<\/div>\n\t\t\t\t<\/div>\n\t\t\t\t<div class=\"elementor-element elementor-element-f982676 elementor-widget elementor-widget-text-editor\" data-id=\"f982676\" data-element_type=\"widget\" data-e-type=\"widget\" data-widget_type=\"text-editor.default\">\n\t\t\t\t<div class=\"elementor-widget-container\">\n\t\t\t\t\t\t\t\t\t<ul>\n<li><a title=\"http:\/\/www.ahtarinilmailijat.net\/\" href=\"http:\/\/www.ahtarinilmailijat.net\/\">http:\/\/www.ahtarinilmailijat.net\/<\/a><\/li>\n<li><a title=\"Karhunkankaan kevytlentopaikka\" href=\"https:\/\/maps.google.fi\/maps\/ms?hl=fi&amp;ie=UTF8&amp;msa=0&amp;msid=206617162676157267390.00049b3b48ba6d5721677&amp;ll=62.513427,24.068298&amp;spn=0.006933,0.018239&amp;z=15&amp;source=embed&amp;dg=feature\" target=\"_blank\" rel=\"noopener\">Google maps infolink<\/a><\/li>\n<\/ul>\n\t\t\t\t\t\t\t\t<\/div>\n\t\t\t\t<\/div>\n\t\t\t\t<div class=\"elementor-element elementor-element-1ad416a9 elementor-widget elementor-widget-heading\" data-id=\"1ad416a9\" data-element_type=\"widget\" data-e-type=\"widget\" data-widget_type=\"heading.default\">\n\t\t\t\t<div class=\"elementor-widget-container\">\n\t\t\t\t\t<h5 class=\"elementor-heading-title elementor-size-default\">9. Map<\/h5>\t\t\t\t<\/div>\n\t\t\t\t<\/div>\n\t\t\t\t<div class=\"elementor-element elementor-element-1e87663a elementor-widget elementor-widget-google_maps\" data-id=\"1e87663a\" data-element_type=\"widget\" data-e-type=\"widget\" data-widget_type=\"google_maps.default\">\n\t\t\t\t<div class=\"elementor-widget-container\">\n\t\t\t\t\t\t\t<div class=\"elementor-custom-embed\">\n\t\t\t<iframe loading=\"lazy\"\n\t\t\t\t\tsrc=\"https:\/\/www.google.com\/maps\/embed\/v1\/place?key=AIzaSyC1j1iK8FQx51JcFwNxcbaAudBg3BxuVow&#038;q=%C3%84ht%C3%A4rin%20pienlentokentt%C3%A4&#038;zoom=13\"\n\t\t\t\t\ttitle=\"\u00c4ht\u00e4rin pienlentokentt\u00e4\"\n\t\t\t\t\taria-label=\"\u00c4ht\u00e4rin pienlentokentt\u00e4\"\n\t\t\t><\/iframe>\n\t\t<\/div>\n\t\t\t\t\t\t<\/div>\n\t\t\t\t<\/div>\n\t\t\t\t\t<\/div>\n\t\t<\/div>\n\t\t\t\t<div class=\"elementor-column elementor-col-50 elementor-inner-column elementor-element elementor-element-3382f062\" data-id=\"3382f062\" data-element_type=\"column\" data-e-type=\"column\">\n\t\t\t<div class=\"elementor-widget-wrap elementor-element-populated\">\n\t\t\t\t\t\t<div class=\"elementor-element elementor-element-59416e18 elementor-widget elementor-widget-image\" data-id=\"59416e18\" data-element_type=\"widget\" data-e-type=\"widget\" data-widget_type=\"image.default\">\n\t\t\t\t<div class=\"elementor-widget-container\">\n\t\t\t\t\t\t\t\t\t\t\t\t<figure class=\"wp-caption\">\n\t\t\t\t\t\t\t\t\t\t\t<a href=\"https:\/\/lentopaikat.fi\/wp-content\/uploads\/ahtari.png\" data-elementor-open-lightbox=\"yes\" data-elementor-lightbox-title=\"\u00e4ht\u00e4ri\" data-e-action-hash=\"#elementor-action%3Aaction%3Dlightbox%26settings%3DeyJpZCI6MzY1MDcsInVybCI6Imh0dHBzOlwvXC9sZW50b3BhaWthdC5maVwvd3AtY29udGVudFwvdXBsb2Fkc1wvYWh0YXJpLnBuZyJ9\">\n\t\t\t\t\t\t\t<img fetchpriority=\"high\" decoding=\"async\" width=\"200\" height=\"352\" src=\"https:\/\/lentopaikat.fi\/wp-content\/uploads\/ahtari.png\" class=\"attachment-large size-large wp-image-36507\" alt=\"\" srcset=\"https:\/\/lentopaikat.fi\/wp-content\/uploads\/ahtari.png 200w, https:\/\/lentopaikat.fi\/wp-content\/uploads\/ahtari-170x300.png 170w\" sizes=\"(max-width: 200px) 100vw, 200px\" \/>\t\t\t\t\t\t\t\t<\/a>\n\t\t\t\t\t\t\t\t\t\t\t<figcaption class=\"widget-image-caption wp-caption-text\"><\/figcaption>\n\t\t\t\t\t\t\t\t\t\t<\/figure>\n\t\t\t\t\t\t\t\t\t<\/div>\n\t\t\t\t<\/div>\n\t\t\t\t<div class=\"elementor-element elementor-element-55ba1946 elementor-widget elementor-widget-image\" data-id=\"55ba1946\" data-element_type=\"widget\" data-e-type=\"widget\" data-widget_type=\"image.default\">\n\t\t\t\t<div class=\"elementor-widget-container\">\n\t\t\t\t\t\t\t\t\t\t\t\t<figure class=\"wp-caption\">\n\t\t\t\t\t\t\t\t\t\t\t<a href=\"https:\/\/lentopaikat.fi\/wp-content\/uploads\/AHTARI_LDG.pdf\" target=\"_blank\">\n\t\t\t\t\t\t\t<img decoding=\"async\" width=\"709\" height=\"1024\" src=\"https:\/\/lentopaikat.fi\/wp-content\/uploads\/AHTARI_LDG-709x1024.jpg\" class=\"attachment-large size-large wp-image-36509\" alt=\"\" srcset=\"https:\/\/lentopaikat.fi\/wp-content\/uploads\/AHTARI_LDG-709x1024.jpg 709w, https:\/\/lentopaikat.fi\/wp-content\/uploads\/AHTARI_LDG-208x300.jpg 208w, https:\/\/lentopaikat.fi\/wp-content\/uploads\/AHTARI_LDG-768x1110.jpg 768w, https:\/\/lentopaikat.fi\/wp-content\/uploads\/AHTARI_LDG-1063x1536.jpg 1063w, https:\/\/lentopaikat.fi\/wp-content\/uploads\/AHTARI_LDG-1418x2048.jpg 1418w, https:\/\/lentopaikat.fi\/wp-content\/uploads\/AHTARI_LDG.jpg 1500w\" sizes=\"(max-width: 709px) 100vw, 709px\" \/>\t\t\t\t\t\t\t\t<\/a>\n\t\t\t\t\t\t\t\t\t\t\t<figcaption class=\"widget-image-caption wp-caption-text\">LDG CHART, CLICK ON PICTURE TO OPEN PDF DOCUMENT<\/figcaption>\n\t\t\t\t\t\t\t\t\t\t<\/figure>\n\t\t\t\t\t\t\t\t\t<\/div>\n\t\t\t\t<\/div>\n\t\t<div class=\"elementor-element elementor-element-5148c736 e-flex e-con-boxed e-con e-parent\" data-id=\"5148c736\" data-element_type=\"container\" data-e-type=\"container\">\n\t\t\t\t\t<div class=\"e-con-inner\">\n\t\t\t\t<div class=\"elementor-element elementor-element-4b094e87 elementor-arrows-position-inside elementor-widget elementor-widget-image-carousel\" data-id=\"4b094e87\" data-element_type=\"widget\" data-e-type=\"widget\" data-settings=\"{&quot;slides_to_show&quot;:&quot;1&quot;,&quot;navigation&quot;:&quot;arrows&quot;,&quot;speed&quot;:900,&quot;autoplay&quot;:&quot;yes&quot;,&quot;pause_on_hover&quot;:&quot;yes&quot;,&quot;pause_on_interaction&quot;:&quot;yes&quot;,&quot;autoplay_speed&quot;:5000,&quot;infinite&quot;:&quot;yes&quot;,&quot;effect&quot;:&quot;slide&quot;}\" data-widget_type=\"image-carousel.default\">\n\t\t\t\t<div class=\"elementor-widget-container\">\n\t\t\t\t\t\t\t<div class=\"elementor-image-carousel-wrapper swiper\" role=\"region\" aria-roledescription=\"carousel\" aria-label=\"Image Carousel\" dir=\"ltr\">\n\t\t\t<div class=\"elementor-image-carousel swiper-wrapper swiper-image-stretch\" aria-live=\"off\">\n\t\t\t\t\t\t\t\t<div class=\"swiper-slide\" role=\"group\" aria-roledescription=\"slide\" aria-label=\"1 of 8\"><a data-elementor-open-lightbox=\"yes\" data-elementor-lightbox-slideshow=\"4b094e87\" data-elementor-lightbox-title=\"SONY DSC\" data-e-action-hash=\"#elementor-action%3Aaction%3Dlightbox%26settings%3DeyJpZCI6MzY1MTMsInVybCI6Imh0dHBzOlwvXC9sZW50b3BhaWthdC5maVwvd3AtY29udGVudFwvdXBsb2Fkc1wvQWh0YXJpX2FudG9ub3YtQU4xLmpwZyIsInNsaWRlc2hvdyI6IjRiMDk0ZTg3In0%3D\" href=\"https:\/\/lentopaikat.fi\/wp-content\/uploads\/Ahtari_antonov-AN1.jpg\"><figure class=\"swiper-slide-inner\"><img decoding=\"async\" class=\"swiper-slide-image\" src=\"https:\/\/lentopaikat.fi\/wp-content\/uploads\/Ahtari_antonov-AN1-1024x682.jpg\" alt=\"SONY DSC\" \/><figcaption class=\"elementor-image-carousel-caption\">SONY DSC<\/figcaption><\/figure><\/a><\/div><div class=\"swiper-slide\" role=\"group\" aria-roledescription=\"slide\" aria-label=\"2 of 8\"><a data-elementor-open-lightbox=\"yes\" data-elementor-lightbox-slideshow=\"4b094e87\" data-elementor-lightbox-title=\"\u00c4ht\u00e4ri_platta\" data-elementor-lightbox-description=\"\u00c4HT\u00c4RI APRON\nKUVA: TOMA\" data-e-action-hash=\"#elementor-action%3Aaction%3Dlightbox%26settings%3DeyJpZCI6MzY1MTUsInVybCI6Imh0dHBzOlwvXC9sZW50b3BhaWthdC5maVwvd3AtY29udGVudFwvdXBsb2Fkc1wvQWh0YXJpX3BsYXR0YS5qcGciLCJzbGlkZXNob3ciOiI0YjA5NGU4NyJ9\" href=\"https:\/\/lentopaikat.fi\/wp-content\/uploads\/Ahtari_platta.jpg\"><figure class=\"swiper-slide-inner\"><img decoding=\"async\" class=\"swiper-slide-image\" src=\"https:\/\/lentopaikat.fi\/wp-content\/uploads\/Ahtari_platta-1024x681.jpg\" alt=\"\u00c4HT\u00c4RI APRON\nKUVA: TOMA\" \/><figcaption class=\"elementor-image-carousel-caption\">\u00c4HT\u00c4RI APRON\nKUVA: TOMA<\/figcaption><\/figure><\/a><\/div><div class=\"swiper-slide\" role=\"group\" aria-roledescription=\"slide\" aria-label=\"3 of 8\"><a data-elementor-open-lightbox=\"yes\" data-elementor-lightbox-slideshow=\"4b094e87\" data-elementor-lightbox-title=\"\u00c4ht\u00e4ri_pohjoisesta\" data-elementor-lightbox-description=\"\u00c4HT\u00c4RIN KENTT\u00c4 KUVATTU POHJOISESTA\nKUVA: TIMO AHOPELTO\" data-e-action-hash=\"#elementor-action%3Aaction%3Dlightbox%26settings%3DeyJpZCI6MzY1MTcsInVybCI6Imh0dHBzOlwvXC9sZW50b3BhaWthdC5maVwvd3AtY29udGVudFwvdXBsb2Fkc1wvQWh0YXJpX3BvaGpvaXNlc3RhLmpwZyIsInNsaWRlc2hvdyI6IjRiMDk0ZTg3In0%3D\" href=\"https:\/\/lentopaikat.fi\/wp-content\/uploads\/Ahtari_pohjoisesta.jpg\"><figure class=\"swiper-slide-inner\"><img decoding=\"async\" class=\"swiper-slide-image\" src=\"https:\/\/lentopaikat.fi\/wp-content\/uploads\/Ahtari_pohjoisesta-682x1024.jpg\" alt=\"\u00c4HT\u00c4RIN KENTT\u00c4 KUVATTU POHJOISESTA\nKUVA: TIMO AHOPELTO\" \/><figcaption class=\"elementor-image-carousel-caption\">\u00c4HT\u00c4RIN KENTT\u00c4 KUVATTU POHJOISESTA\nKUVA: TIMO AHOPELTO<\/figcaption><\/figure><\/a><\/div><div class=\"swiper-slide\" role=\"group\" aria-roledescription=\"slide\" aria-label=\"4 of 8\"><a data-elementor-open-lightbox=\"yes\" data-elementor-lightbox-slideshow=\"4b094e87\" data-elementor-lightbox-title=\"\u00c4ht\u00e4ri_ilmasta\" data-elementor-lightbox-description=\"\u00c4HT\u00c4RIN KEVYTLENTOPAIKKA KUVATTU ILMASTA JUURI ASFALTIN VALMISTUTTUA 2011\nKUVA: TIMO AHOPELTO\" data-e-action-hash=\"#elementor-action%3Aaction%3Dlightbox%26settings%3DeyJpZCI6MzY1MTksInVybCI6Imh0dHBzOlwvXC9sZW50b3BhaWthdC5maVwvd3AtY29udGVudFwvdXBsb2Fkc1wvQWh0YXJpX2lsbWFzdGEuanBnIiwic2xpZGVzaG93IjoiNGIwOTRlODcifQ%3D%3D\" href=\"https:\/\/lentopaikat.fi\/wp-content\/uploads\/Ahtari_ilmasta.jpg\"><figure class=\"swiper-slide-inner\"><img decoding=\"async\" class=\"swiper-slide-image\" src=\"https:\/\/lentopaikat.fi\/wp-content\/uploads\/Ahtari_ilmasta-1024x681.jpg\" alt=\"\u00c4HT\u00c4RIN KEVYTLENTOPAIKKA KUVATTU ILMASTA JUURI ASFALTIN VALMISTUTTUA 2011\nKUVA: TIMO AHOPELTO\" \/><figcaption class=\"elementor-image-carousel-caption\">\u00c4HT\u00c4RIN KEVYTLENTOPAIKKA KUVATTU ILMASTA JUURI ASFALTIN VALMISTUTTUA 2011\nKUVA: TIMO AHOPELTO<\/figcaption><\/figure><\/a><\/div><div class=\"swiper-slide\" role=\"group\" aria-roledescription=\"slide\" aria-label=\"5 of 8\"><a data-elementor-open-lightbox=\"yes\" data-elementor-lightbox-slideshow=\"4b094e87\" data-elementor-lightbox-title=\"\u00e4ht\u00e4ri\" data-e-action-hash=\"#elementor-action%3Aaction%3Dlightbox%26settings%3DeyJpZCI6MzY1MjEsInVybCI6Imh0dHBzOlwvXC9sZW50b3BhaWthdC5maVwvd3AtY29udGVudFwvdXBsb2Fkc1wvYWh0YXJpLTEucG5nIiwic2xpZGVzaG93IjoiNGIwOTRlODcifQ%3D%3D\" href=\"https:\/\/lentopaikat.fi\/wp-content\/uploads\/ahtari-1.png\"><figure class=\"swiper-slide-inner\"><img decoding=\"async\" class=\"swiper-slide-image\" src=\"https:\/\/lentopaikat.fi\/wp-content\/uploads\/ahtari-1.png\" alt=\"\u00e4ht\u00e4ri\" \/><\/figure><\/a><\/div><div class=\"swiper-slide\" role=\"group\" aria-roledescription=\"slide\" aria-label=\"6 of 8\"><a data-elementor-open-lightbox=\"yes\" data-elementor-lightbox-slideshow=\"4b094e87\" data-elementor-lightbox-title=\"SONY DSC\" data-elementor-lightbox-description=\"\u00c4HT\u00c4RIN ILMAILUP\u00c4IV\u00c4T PIDET\u00c4\u00c4N PERINTEISESTI HEIN\u00c4KUUN VIIMEISEN\u00c4 LAUANTAINA. \u00c4HT\u00c4RI TOIVOTTAA TERVETULLEEKSI TUTUSTUMAAN ILMAILUN ERI MUOTOIHIN \u00c4HT\u00c4RIN KARHUKANKAAN KEVYTLENTOPAIKALLE. ILMAILUP\u00c4IVIEN AIKANA KENT\u00c4LL\u00c4 ON VIERAILLUT KYMMENI\u00c4 KONEITA YMP\u00c4RI SUOMEA.\nKUVA: TOMA\" data-e-action-hash=\"#elementor-action%3Aaction%3Dlightbox%26settings%3DeyJpZCI6MzY1MjMsInVybCI6Imh0dHBzOlwvXC9sZW50b3BhaWthdC5maVwvd3AtY29udGVudFwvdXBsb2Fkc1wvQWh0YXJpbl9pbG1haWx1cGFpdmF0LmpwZyIsInNsaWRlc2hvdyI6IjRiMDk0ZTg3In0%3D\" href=\"https:\/\/lentopaikat.fi\/wp-content\/uploads\/Ahtarin_ilmailupaivat.jpg\"><figure class=\"swiper-slide-inner\"><img decoding=\"async\" class=\"swiper-slide-image\" src=\"https:\/\/lentopaikat.fi\/wp-content\/uploads\/Ahtarin_ilmailupaivat-1024x682.jpg\" alt=\"SONY DSC\" \/><figcaption class=\"elementor-image-carousel-caption\">SONY DSC<\/figcaption><\/figure><\/a><\/div><div class=\"swiper-slide\" role=\"group\" aria-roledescription=\"slide\" aria-label=\"7 of 8\"><a data-elementor-open-lightbox=\"yes\" data-elementor-lightbox-slideshow=\"4b094e87\" data-elementor-lightbox-title=\"Ahtari_rakenteilla\" data-elementor-lightbox-description=\"\u00c4HT\u00c4RIN KETT\u00c4 RAKENTEILLA VUONNA 2010. (KLIKKAA SUUREKSI)\nKUVA: AARNO ISOM\u00c4KI\" data-e-action-hash=\"#elementor-action%3Aaction%3Dlightbox%26settings%3DeyJpZCI6MzQ2MDMsInVybCI6Imh0dHBzOlwvXC9sZW50b3BhaWthdC5maVwvd3AtY29udGVudFwvdXBsb2Fkc1wvQWh0YXJpX3Jha2VudGVpbGxhLmpwZyIsInNsaWRlc2hvdyI6IjRiMDk0ZTg3In0%3D\" href=\"https:\/\/lentopaikat.fi\/wp-content\/uploads\/Ahtari_rakenteilla.jpg\"><figure class=\"swiper-slide-inner\"><img decoding=\"async\" class=\"swiper-slide-image\" src=\"https:\/\/lentopaikat.fi\/wp-content\/uploads\/Ahtari_rakenteilla-1024x691.jpg\" alt=\"\u00c4HT\u00c4RIN KETT\u00c4 RAKENTEILLA VUONNA 2010. (KLIKKAA SUUREKSI)\nKUVA: AARNO ISOM\u00c4KI\" \/><figcaption class=\"elementor-image-carousel-caption\">\u00c4HT\u00c4RIN KETT\u00c4 RAKENTEILLA VUONNA 2010. (KLIKKAA SUUREKSI)\nKUVA: AARNO ISOM\u00c4KI<\/figcaption><\/figure><\/a><\/div><div class=\"swiper-slide\" role=\"group\" aria-roledescription=\"slide\" aria-label=\"8 of 8\"><a data-elementor-open-lightbox=\"yes\" data-elementor-lightbox-slideshow=\"4b094e87\" data-elementor-lightbox-title=\"Ahtari_Hinaus\" data-elementor-lightbox-description=\"KYLL\u00c4 PIENELT\u00c4KIN KENT\u00c4LT\u00c4 HINAUSYHDISTELM\u00c4 L\u00c4HTEE. KUVATTY \u00c4HT\u00c4RIN ILMAILUP\u00c4IVILL\u00c4 2013.\nKUVA: TIMO AHOPELTO\" data-e-action-hash=\"#elementor-action%3Aaction%3Dlightbox%26settings%3DeyJpZCI6MzQ2MDIsInVybCI6Imh0dHBzOlwvXC9sZW50b3BhaWthdC5maVwvd3AtY29udGVudFwvdXBsb2Fkc1wvQWh0YXJpX0hpbmF1cy5qcGciLCJzbGlkZXNob3ciOiI0YjA5NGU4NyJ9\" href=\"https:\/\/lentopaikat.fi\/wp-content\/uploads\/Ahtari_Hinaus.jpg\"><figure class=\"swiper-slide-inner\"><img decoding=\"async\" class=\"swiper-slide-image\" src=\"https:\/\/lentopaikat.fi\/wp-content\/uploads\/Ahtari_Hinaus-1024x682.jpg\" alt=\"KYLL\u00c4 PIENELT\u00c4KIN KENT\u00c4LT\u00c4 HINAUSYHDISTELM\u00c4 L\u00c4HTEE. KUVATTY \u00c4HT\u00c4RIN ILMAILUP\u00c4IVILL\u00c4 2013.\nKUVA: TIMO AHOPELTO\" \/><figcaption class=\"elementor-image-carousel-caption\">KYLL\u00c4 PIENELT\u00c4KIN KENT\u00c4LT\u00c4 HINAUSYHDISTELM\u00c4 L\u00c4HTEE. KUVATTY \u00c4HT\u00c4RIN ILMAILUP\u00c4IVILL\u00c4 2013.\nKUVA: TIMO AHOPELTO<\/figcaption><\/figure><\/a><\/div>\t\t\t<\/div>\n\t\t\t\t\t\t\t\t\t\t\t\t<div class=\"elementor-swiper-button elementor-swiper-button-prev\" role=\"button\" tabindex=\"0\">\n\t\t\t\t\t\t<i aria-hidden=\"true\" class=\"eicon-chevron-left\"><\/i>\t\t\t\t\t<\/div>\n\t\t\t\t\t<div class=\"elementor-swiper-button elementor-swiper-button-next\" role=\"button\" tabindex=\"0\">\n\t\t\t\t\t\t<i aria-hidden=\"true\" class=\"eicon-chevron-right\"><\/i>\t\t\t\t\t<\/div>\n\t\t\t\t\n\t\t\t\t\t\t\t\t\t<\/div>\n\t\t\t\t\t\t<\/div>\n\t\t\t\t<\/div>\n\t\t\t\t\t<\/div>\n\t\t\t\t<\/div>\n\t\t\t\t\t<\/div>\n\t\t<\/div>\n\t\t\t\t\t<\/div>\n\t\t<\/section>\n\t\t\t\t\t<\/div>\n\t\t<\/div>\n\t\t\t\t\t<\/div>\n\t\t<\/section>\n\t\t\t\t<\/div>\n\t\t","protected":false},"excerpt":{"rendered":"<p>\u00c4ht\u00e4ri light airfield Warning! T\u00e4m\u00e4 on ns, &#8220;k\u00f6yh\u00e4n miehen NOTAM&#8221; eli t\u00e4ll\u00e4 voi varoittaa kent\u00e4ll\u00e4 tapahtuvasta poikkeavasta toiminnasta. T\u00e4m\u00e4 ilmoitus on ajastettavissa ja n\u00e4kyy vain silloin kun on jotain varoitettaavaa Varoitus ei ole suljettavissa T\u00e4m\u00e4n aikaa voi s\u00e4\u00e4t\u00e4 vasemmalta Visibility v\u00e4lilehdest\u00e4 1. Sunset and sunrise and the SERA definition of night 2. General information: Construction [&hellip;]<\/p>\n","protected":false},"author":1,"featured_media":0,"parent":0,"menu_order":0,"comment_status":"closed","ping_status":"closed","template":"","meta":{"inline_featured_image":false,"_lmt_disableupdate":"","_lmt_disable":"","footnotes":""},"class_list":["post-36528","page","type-page","status-publish","hentry"],"_links":{"self":[{"href":"https:\/\/lentopaikat.fi\/en\/wp-json\/wp\/v2\/pages\/36528","targetHints":{"allow":["GET"]}}],"collection":[{"href":"https:\/\/lentopaikat.fi\/en\/wp-json\/wp\/v2\/pages"}],"about":[{"href":"https:\/\/lentopaikat.fi\/en\/wp-json\/wp\/v2\/types\/page"}],"author":[{"embeddable":true,"href":"https:\/\/lentopaikat.fi\/en\/wp-json\/wp\/v2\/users\/1"}],"replies":[{"embeddable":true,"href":"https:\/\/lentopaikat.fi\/en\/wp-json\/wp\/v2\/comments?post=36528"}],"version-history":[{"count":0,"href":"https:\/\/lentopaikat.fi\/en\/wp-json\/wp\/v2\/pages\/36528\/revisions"}],"wp:attachment":[{"href":"https:\/\/lentopaikat.fi\/en\/wp-json\/wp\/v2\/media?parent=36528"}],"curies":[{"name":"wp","href":"https:\/\/api.w.org\/{rel}","templated":true}]}}