{"id":36498,"date":"2022-11-18T13:38:16","date_gmt":"2022-11-18T11:38:16","guid":{"rendered":"https:\/\/lentopaikat.fi\/ylivieska-efyl\/"},"modified":"2024-02-02T17:11:34","modified_gmt":"2024-02-02T15:11:34","slug":"ylivieska-efyl","status":"publish","type":"page","link":"https:\/\/lentopaikat.fi\/en\/ylivieska-efyl\/","title":{"rendered":"Ylivieska &#8211; EFYL"},"content":{"rendered":"\t\t<div data-elementor-type=\"wp-page\" data-elementor-id=\"36498\" class=\"elementor elementor-36498 elementor-36489\" data-elementor-post-type=\"page\">\n\t\t\t\t\t\t<section class=\"elementor-section elementor-top-section elementor-element elementor-element-5f7b6c9 elementor-section-height-min-height elementor-section-full_width elementor-section-height-default elementor-section-items-middle\" data-id=\"5f7b6c9\" data-element_type=\"section\" data-e-type=\"section\" data-settings=\"{&quot;background_background&quot;:&quot;classic&quot;}\">\n\t\t\t\t\t\t\t<div class=\"elementor-background-overlay\"><\/div>\n\t\t\t\t\t\t\t<div class=\"elementor-container elementor-column-gap-default\">\n\t\t\t\t\t<div class=\"elementor-column elementor-col-50 elementor-top-column elementor-element elementor-element-32342200\" data-id=\"32342200\" data-element_type=\"column\" data-e-type=\"column\">\n\t\t\t<div class=\"elementor-widget-wrap elementor-element-populated\">\n\t\t\t\t\t\t<div class=\"elementor-element elementor-element-1c984a8b elementor-widget elementor-widget-heading\" data-id=\"1c984a8b\" data-element_type=\"widget\" data-e-type=\"widget\" data-widget_type=\"heading.default\">\n\t\t\t\t<div class=\"elementor-widget-container\">\n\t\t\t\t\t<h2 class=\"elementor-heading-title elementor-size-default\">Ylivieska - EFYL<\/h2>\t\t\t\t<\/div>\n\t\t\t\t<\/div>\n\t\t\t\t\t<\/div>\n\t\t<\/div>\n\t\t\t\t<div class=\"elementor-column elementor-col-50 elementor-top-column elementor-element elementor-element-6cc6fab6\" data-id=\"6cc6fab6\" data-element_type=\"column\" data-e-type=\"column\">\n\t\t\t<div class=\"elementor-widget-wrap\">\n\t\t\t\t\t\t\t<\/div>\n\t\t<\/div>\n\t\t\t\t\t<\/div>\n\t\t<\/section>\n\t\t\t\t<section class=\"elementor-section elementor-top-section elementor-element elementor-element-3c9d5e8 elementor-section-full_width elementor-section-height-default elementor-section-height-default\" data-id=\"3c9d5e8\" data-element_type=\"section\" data-e-type=\"section\">\n\t\t\t\t\t\t<div class=\"elementor-container elementor-column-gap-default\">\n\t\t\t\t\t<div class=\"elementor-column elementor-col-100 elementor-top-column elementor-element elementor-element-c2cb74d\" data-id=\"c2cb74d\" data-element_type=\"column\" data-e-type=\"column\">\n\t\t\t<div class=\"elementor-widget-wrap elementor-element-populated\">\n\t\t\t\t\t\t<section class=\"elementor-section elementor-inner-section elementor-element elementor-element-23c26f1c elementor-section-full_width elementor-section-height-default elementor-section-height-default\" data-id=\"23c26f1c\" data-element_type=\"section\" data-e-type=\"section\">\n\t\t\t\t\t\t<div class=\"elementor-container elementor-column-gap-wide\">\n\t\t\t\t\t<div class=\"elementor-column elementor-col-50 elementor-inner-column elementor-element elementor-element-623372d8\" data-id=\"623372d8\" data-element_type=\"column\" data-e-type=\"column\">\n\t\t\t<div class=\"elementor-widget-wrap elementor-element-populated\">\n\t\t\t\t<!-- dce invisible element 638461ae -->\t\t<div class=\"elementor-element elementor-element-776dbca7 elementor-widget elementor-widget-heading\" data-id=\"776dbca7\" data-element_type=\"widget\" data-e-type=\"widget\" data-widget_type=\"heading.default\">\n\t\t\t\t<div class=\"elementor-widget-container\">\n\t\t\t\t\t<h5 class=\"elementor-heading-title elementor-size-default\">1. Sunset and sunrise and the SERA definition of night<\/h5>\t\t\t\t<\/div>\n\t\t\t\t<\/div>\n\t\t\t\t<div class=\"elementor-element elementor-element-3aa2b343 elementor-widget elementor-widget-shortcode\" data-id=\"3aa2b343\" data-element_type=\"widget\" data-e-type=\"widget\" data-widget_type=\"shortcode.default\">\n\t\t\t\t<div class=\"elementor-widget-container\">\n\t\t\t\t\t\t\t<div class=\"elementor-shortcode\"><table><tbody><tr><td>Finnish time today, 17.04.2026<\/br><b> - Night ends: 04:48<\/br> - Sunrise: 05:44<\/br> - Sunset: 21:00<\/br> - Night begins: 21:56<\/br><\/b><\/td>\r\n<td> Times tomorrow <\/br><b> - Night ends tomorrow: 04:44<\/br> - Sunrise tomorrow: 05:41<\/br> - sunset tomorrow: 21:03<\/br> - Night begins tomorrow: 22:00<\/b><\/td><\/tr><\/tbody><\/table><\/div>\n\t\t\t\t\t\t<\/div>\n\t\t\t\t<\/div>\n\t\t\t\t<div class=\"elementor-element elementor-element-45e855d3 elementor-widget elementor-widget-heading\" data-id=\"45e855d3\" data-element_type=\"widget\" data-e-type=\"widget\" data-widget_type=\"heading.default\">\n\t\t\t\t<div class=\"elementor-widget-container\">\n\t\t\t\t\t<h5 class=\"elementor-heading-title elementor-size-default\">2. General information:<\/h5>\t\t\t\t<\/div>\n\t\t\t\t<\/div>\n\t\t\t\t<div class=\"elementor-element elementor-element-5ac18ca5 elementor-widget elementor-widget-text-editor\" data-id=\"5ac18ca5\" data-element_type=\"widget\" data-e-type=\"widget\" data-widget_type=\"text-editor.default\">\n\t\t\t\t<div class=\"elementor-widget-container\">\n\t\t\t\t\t\t\t\t\t<p>Ylivieska was earlier an airport for commercial air traffic. Today the field is fully for sport flying, and offers many possibilities in that area. The distance to Ylivieska centre is some 10 km. There are all town services, hotels etc. Especially in the summer there is a lot of paragliding and schooling in the field, which is worth noting (towing by car). There are five lightplanes and three ultralights on the field. Motor flying training, paragliding and helicopter activities. Various car and motorcycle events are also organied in the field.<\/p>\n<p>Note right hand approach to runway 33!<\/p>\n\t\t\t\t\t\t\t\t<\/div>\n\t\t\t\t<\/div>\n\t\t\t\t<div class=\"elementor-element elementor-element-1fe8684c elementor-widget elementor-widget-heading\" data-id=\"1fe8684c\" data-element_type=\"widget\" data-e-type=\"widget\" data-widget_type=\"heading.default\">\n\t\t\t\t<div class=\"elementor-widget-container\">\n\t\t\t\t\t<h5 class=\"elementor-heading-title elementor-size-default\">3.  Price Information:<\/h5>\t\t\t\t<\/div>\n\t\t\t\t<\/div>\n\t\t\t\t<div class=\"elementor-element elementor-element-2d0697bc elementor-widget elementor-widget-text-editor\" data-id=\"2d0697bc\" data-element_type=\"widget\" data-e-type=\"widget\" data-widget_type=\"text-editor.default\">\n\t\t\t\t<div class=\"elementor-widget-container\">\n\t\t\t\t\t\t\t\t\t<p>NIL<\/p>\n\t\t\t\t\t\t\t\t<\/div>\n\t\t\t\t<\/div>\n\t\t\t\t<div class=\"elementor-element elementor-element-7857d69a elementor-widget elementor-widget-heading\" data-id=\"7857d69a\" data-element_type=\"widget\" data-e-type=\"widget\" data-widget_type=\"heading.default\">\n\t\t\t\t<div class=\"elementor-widget-container\">\n\t\t\t\t\t<h5 class=\"elementor-heading-title elementor-size-default\">4. The Airport:<\/h5>\t\t\t\t<\/div>\n\t\t\t\t<\/div>\n\t\t\t\t<div class=\"elementor-element elementor-element-37f9922b elementor-widget elementor-widget-text-editor\" data-id=\"37f9922b\" data-element_type=\"widget\" data-e-type=\"widget\" data-widget_type=\"text-editor.default\">\n\t\t\t\t<div class=\"elementor-widget-container\">\n\t\t\t\t\t\t\t\t\t<p>The asphalt-surfaced field with surroundings is in good condition.<br \/>\nThere is no winter maintenance, inquires about prevailing conditions can be made from Esa Salminen phone: +358 44 0280 736<\/p>\n\t\t\t\t\t\t\t\t<\/div>\n\t\t\t\t<\/div>\n\t\t\t\t<div class=\"elementor-element elementor-element-2c412998 elementor-widget elementor-widget-heading\" data-id=\"2c412998\" data-element_type=\"widget\" data-e-type=\"widget\" data-widget_type=\"heading.default\">\n\t\t\t\t<div class=\"elementor-widget-container\">\n\t\t\t\t\t<h5 class=\"elementor-heading-title elementor-size-default\">5. Basic data:<\/h5>\t\t\t\t<\/div>\n\t\t\t\t<\/div>\n\t\t\t\t<div class=\"elementor-element elementor-element-25b628bc elementor-widget elementor-widget-text-editor\" data-id=\"25b628bc\" data-element_type=\"widget\" data-e-type=\"widget\" data-widget_type=\"text-editor.default\">\n\t\t\t\t<div class=\"elementor-widget-container\">\n\t\t\t\t\t\t\t\t\t<p><strong>Coordinates:<\/strong> 640317N 0244320E<br \/>\n<strong>Runway:<\/strong> 15\/33 \u2013 1500 x 30 m \u2013 asphalt<br \/>\n<strong>Radio frequency:<\/strong> 122,500<br \/>\n<strong>Airport elevation:<\/strong> 77 m (252 ft)<br \/>\n<strong>Fuel availablility:<\/strong> 100LL automat, with bank and credit cards<br \/>\n    <div id=\"airport-efyl\">Loading&#8230;<\/div>\r\n\r\n    <script>\r\n      function displayAirportData(airportCode) {\r\n        fetch(\"https:\/\/jtjuslin.kapsi.fi\/kananen\/fuelprices.php\")\r\n          .then((response) => response.json())\r\n          .then((jsonData) => {\r\n            let data = jsonData.airportList;\r\n            let airportData = data.find(\r\n              (item) =>\r\n                item.airportCode.toUpperCase() === airportCode.toUpperCase()\r\n            );\r\n\r\n            if (airportData) {\r\n              let pouserStatusDisplay =\r\n                airportData.pouserStatus === \"OK\"\r\n                  ? `<span class=\"status-ok\">${airportData.pouserStatus}<\/span>`\r\n                  : `<span class=\"status-not-ok\">${airportData.pouserStatus}<\/span>`;\r\n              let fuelPrices = airportData.fuelPrices;\r\n              let fuelPriceInfo = Object.entries(fuelPrices)\r\n                .filter(([_, price]) => price !== \"NA\")\r\n                .map(([fuelType, price]) => `${fuelType}: ${price} \u20ac`)\r\n                .join(\", \");\r\n\r\n              document.getElementById(\r\n                `airport-${airportCode.toLowerCase()}`\r\n              ).innerHTML = `\r\n                            <strong>Kanair:<\/strong> Fuel Status - ${pouserStatusDisplay} <br>\r\n                            <strong>Price:<\/strong> ${fuelPriceInfo}\r\n                        `;\r\n            } else {\r\n              document.getElementById(\r\n                `airport-${airportCode.toLowerCase()}`\r\n              ).textContent = \"Airport data not found.\";\r\n            }\r\n          })\r\n          .catch((error) => console.error(\"Error fetching data:\", error));\r\n      }\r\n\r\n      displayAirportData(\"EFYL\");\r\n    <\/script><br \/>\n<strong>Announcements<\/strong>:\u00a0<a class=\"popup\" href=\"https:\/\/lentopaikat.fi\/notam\/notam.php?a=EFYL\" data-width=\"500\" data-height=\"600\" data-scrollbars=\"1\">NOTAM<\/a><\/p>\n\t\t\t\t\t\t\t\t<\/div>\n\t\t\t\t<\/div>\n\t\t\t\t<div class=\"elementor-element elementor-element-39054d92 elementor-widget elementor-widget-heading\" data-id=\"39054d92\" data-element_type=\"widget\" data-e-type=\"widget\" data-widget_type=\"heading.default\">\n\t\t\t\t<div class=\"elementor-widget-container\">\n\t\t\t\t\t<h5 class=\"elementor-heading-title elementor-size-default\"> 6. Sight seeing and services<\/h5>\t\t\t\t<\/div>\n\t\t\t\t<\/div>\n\t\t\t\t<div class=\"elementor-element elementor-element-6b643744 elementor-widget elementor-widget-text-editor\" data-id=\"6b643744\" data-element_type=\"widget\" data-e-type=\"widget\" data-widget_type=\"text-editor.default\">\n\t\t\t\t<div class=\"elementor-widget-container\">\n\t\t\t\t\t\t\t\t\t<p>&#8211;<\/p>\n\t\t\t\t\t\t\t\t<\/div>\n\t\t\t\t<\/div>\n\t\t\t\t<div class=\"elementor-element elementor-element-43e68dae elementor-widget elementor-widget-heading\" data-id=\"43e68dae\" data-element_type=\"widget\" data-e-type=\"widget\" data-widget_type=\"heading.default\">\n\t\t\t\t<div class=\"elementor-widget-container\">\n\t\t\t\t\t<h5 class=\"elementor-heading-title elementor-size-default\">7. Contact information:<\/h5>\t\t\t\t<\/div>\n\t\t\t\t<\/div>\n\t\t\t\t<div class=\"elementor-element elementor-element-2f9f10ec elementor-widget elementor-widget-text-editor\" data-id=\"2f9f10ec\" data-element_type=\"widget\" data-e-type=\"widget\" data-widget_type=\"text-editor.default\">\n\t\t\t\t<div class=\"elementor-widget-container\">\n\t\t\t\t\t\t\t\t\t<p>Airport Chief: Karoliina Mustonen\u00a0 +358 44 429 4231<\/p>\n\t\t\t\t\t\t\t\t<\/div>\n\t\t\t\t<\/div>\n\t\t\t\t<div class=\"elementor-element elementor-element-4486d1e5 elementor-widget elementor-widget-heading\" data-id=\"4486d1e5\" data-element_type=\"widget\" data-e-type=\"widget\" data-widget_type=\"heading.default\">\n\t\t\t\t<div class=\"elementor-widget-container\">\n\t\t\t\t\t<h5 class=\"elementor-heading-title elementor-size-default\">8.  Links:<\/h5>\t\t\t\t<\/div>\n\t\t\t\t<\/div>\n\t\t\t\t<div class=\"elementor-element elementor-element-3c8b6d42 elementor-widget elementor-widget-text-editor\" data-id=\"3c8b6d42\" data-element_type=\"widget\" data-e-type=\"widget\" data-widget_type=\"text-editor.default\">\n\t\t\t\t<div class=\"elementor-widget-container\">\n\t\t\t\t\t\t\t\t\t<ul>\n<li><a href=\"https:\/\/en.ilmatieteenlaitos.fi\/observations-in-finland?station=101690\" target=\"_blank\" rel=\"noopener noreferrer\">Ylivieska airfield weather<\/a><\/li>\n<\/ul>\n\t\t\t\t\t\t\t\t<\/div>\n\t\t\t\t<\/div>\n\t\t\t\t<div class=\"elementor-element elementor-element-63bc1995 elementor-widget elementor-widget-heading\" data-id=\"63bc1995\" data-element_type=\"widget\" data-e-type=\"widget\" data-widget_type=\"heading.default\">\n\t\t\t\t<div class=\"elementor-widget-container\">\n\t\t\t\t\t<h5 class=\"elementor-heading-title elementor-size-default\">9. Map<\/h5>\t\t\t\t<\/div>\n\t\t\t\t<\/div>\n\t\t\t\t<div class=\"elementor-element elementor-element-48b14fb9 elementor-widget elementor-widget-google_maps\" data-id=\"48b14fb9\" data-element_type=\"widget\" data-e-type=\"widget\" data-widget_type=\"google_maps.default\">\n\t\t\t\t<div class=\"elementor-widget-container\">\n\t\t\t\t\t\t\t<div class=\"elementor-custom-embed\">\n\t\t\t<iframe loading=\"lazy\"\n\t\t\t\t\tsrc=\"https:\/\/www.google.com\/maps\/embed\/v1\/place?key=AIzaSyC1j1iK8FQx51JcFwNxcbaAudBg3BxuVow&#038;q=Ylivieskan%20lentokentt%C3%A4&#038;zoom=13\"\n\t\t\t\t\ttitle=\"Ylivieskan lentokentt\u00e4\"\n\t\t\t\t\taria-label=\"Ylivieskan lentokentt\u00e4\"\n\t\t\t><\/iframe>\n\t\t<\/div>\n\t\t\t\t\t\t<\/div>\n\t\t\t\t<\/div>\n\t\t\t\t\t<\/div>\n\t\t<\/div>\n\t\t\t\t<div class=\"elementor-column elementor-col-50 elementor-inner-column elementor-element elementor-element-59e83995\" data-id=\"59e83995\" data-element_type=\"column\" data-e-type=\"column\">\n\t\t\t<div class=\"elementor-widget-wrap elementor-element-populated\">\n\t\t\t\t\t\t<div class=\"elementor-element elementor-element-53122a1a elementor-widget elementor-widget-image\" data-id=\"53122a1a\" data-element_type=\"widget\" data-e-type=\"widget\" data-widget_type=\"image.default\">\n\t\t\t\t<div class=\"elementor-widget-container\">\n\t\t\t\t\t\t\t\t\t\t\t\t<figure class=\"wp-caption\">\n\t\t\t\t\t\t\t\t\t\t\t<a href=\"https:\/\/lentopaikat.fi\/wp-content\/uploads\/efyl.gif\" data-elementor-open-lightbox=\"yes\" data-elementor-lightbox-title=\"efyl\" data-e-action-hash=\"#elementor-action%3Aaction%3Dlightbox%26settings%3DeyJpZCI6MzUyMzAsInVybCI6Imh0dHBzOlwvXC9sZW50b3BhaWthdC5maVwvd3AtY29udGVudFwvdXBsb2Fkc1wvZWZ5bC5naWYifQ%3D%3D\">\n\t\t\t\t\t\t\t<img fetchpriority=\"high\" decoding=\"async\" width=\"200\" height=\"352\" src=\"https:\/\/lentopaikat.fi\/wp-content\/uploads\/efyl.gif\" class=\"attachment-large size-large wp-image-35230\" alt=\"\" \/>\t\t\t\t\t\t\t\t<\/a>\n\t\t\t\t\t\t\t\t\t\t\t<figcaption class=\"widget-image-caption wp-caption-text\"><\/figcaption>\n\t\t\t\t\t\t\t\t\t\t<\/figure>\n\t\t\t\t\t\t\t\t\t<\/div>\n\t\t\t\t<\/div>\n\t\t\t\t<div class=\"elementor-element elementor-element-5c16dd56 elementor-widget elementor-widget-image\" data-id=\"5c16dd56\" data-element_type=\"widget\" data-e-type=\"widget\" data-widget_type=\"image.default\">\n\t\t\t\t<div class=\"elementor-widget-container\">\n\t\t\t\t\t\t\t\t\t\t\t\t<figure class=\"wp-caption\">\n\t\t\t\t\t\t\t\t\t\t\t<a href=\"https:\/\/lentopaikat.fi\/wp-content\/uploads\/EFYL_LDG.pdf\" target=\"_blank\">\n\t\t\t\t\t\t\t<img decoding=\"async\" width=\"689\" height=\"1024\" src=\"https:\/\/lentopaikat.fi\/wp-content\/uploads\/EFYL_LDG-689x1024.jpg\" class=\"attachment-large size-large wp-image-35234\" alt=\"\" srcset=\"https:\/\/lentopaikat.fi\/wp-content\/uploads\/EFYL_LDG-689x1024.jpg 689w, https:\/\/lentopaikat.fi\/wp-content\/uploads\/EFYL_LDG-202x300.jpg 202w, https:\/\/lentopaikat.fi\/wp-content\/uploads\/EFYL_LDG-768x1141.jpg 768w, https:\/\/lentopaikat.fi\/wp-content\/uploads\/EFYL_LDG-8x12.jpg 8w, https:\/\/lentopaikat.fi\/wp-content\/uploads\/EFYL_LDG.jpg 985w\" sizes=\"(max-width: 689px) 100vw, 689px\" \/>\t\t\t\t\t\t\t\t<\/a>\n\t\t\t\t\t\t\t\t\t\t\t<figcaption class=\"widget-image-caption wp-caption-text\">LDG CHART, CLICK ON PICTURE TO OPEN PDF DOCUMENT<\/figcaption>\n\t\t\t\t\t\t\t\t\t\t<\/figure>\n\t\t\t\t\t\t\t\t\t<\/div>\n\t\t\t\t<\/div>\n\t\t<div class=\"elementor-element elementor-element-2e58314 e-flex e-con-boxed e-con e-parent\" data-id=\"2e58314\" data-element_type=\"container\" data-e-type=\"container\">\n\t\t\t\t\t<div class=\"e-con-inner\">\n\t\t\t\t<div class=\"elementor-element elementor-element-71191388 elementor-arrows-position-inside elementor-widget elementor-widget-image-carousel\" data-id=\"71191388\" data-element_type=\"widget\" data-e-type=\"widget\" data-settings=\"{&quot;slides_to_show&quot;:&quot;1&quot;,&quot;navigation&quot;:&quot;arrows&quot;,&quot;speed&quot;:900,&quot;autoplay&quot;:&quot;yes&quot;,&quot;pause_on_hover&quot;:&quot;yes&quot;,&quot;pause_on_interaction&quot;:&quot;yes&quot;,&quot;autoplay_speed&quot;:5000,&quot;infinite&quot;:&quot;yes&quot;,&quot;effect&quot;:&quot;slide&quot;}\" data-widget_type=\"image-carousel.default\">\n\t\t\t\t<div class=\"elementor-widget-container\">\n\t\t\t\t\t\t\t<div class=\"elementor-image-carousel-wrapper swiper\" role=\"region\" aria-roledescription=\"carousel\" aria-label=\"Image Carousel\" dir=\"ltr\">\n\t\t\t<div class=\"elementor-image-carousel swiper-wrapper swiper-image-stretch\" aria-live=\"off\">\n\t\t\t\t\t\t\t\t<div class=\"swiper-slide\" role=\"group\" aria-roledescription=\"slide\" aria-label=\"1 of 3\"><a data-elementor-open-lightbox=\"yes\" data-elementor-lightbox-slideshow=\"71191388\" data-elementor-lightbox-title=\"efyl_air2\" data-elementor-lightbox-description=\"YLIVIESKAN KENTT\u00c4 ILMASTA K\u00c4SIN KENT\u00c4N ETEL\u00c4PUOLELTA KES\u00c4LL\u00c4 2005. KUVA AARNO ISOM\u00c4KI. (KLIKKAA SUUREKSI)\" data-e-action-hash=\"#elementor-action%3Aaction%3Dlightbox%26settings%3DeyJpZCI6MzUyMzIsInVybCI6Imh0dHBzOlwvXC9sZW50b3BhaWthdC5maVwvd3AtY29udGVudFwvdXBsb2Fkc1wvZWZ5bF9haXIyLmpwZyIsInNsaWRlc2hvdyI6IjcxMTkxMzg4In0%3D\" href=\"https:\/\/lentopaikat.fi\/wp-content\/uploads\/efyl_air2.jpg\"><figure class=\"swiper-slide-inner\"><img decoding=\"async\" class=\"swiper-slide-image\" src=\"https:\/\/lentopaikat.fi\/wp-content\/uploads\/efyl_air2.jpg\" alt=\"YLIVIESKAN KENTT\u00c4 ILMASTA K\u00c4SIN KENT\u00c4N ETEL\u00c4PUOLELTA KES\u00c4LL\u00c4 2005. KUVA AARNO ISOM\u00c4KI. (KLIKKAA SUUREKSI)\" \/><figcaption class=\"elementor-image-carousel-caption\">YLIVIESKAN KENTT\u00c4 ILMASTA K\u00c4SIN KENT\u00c4N ETEL\u00c4PUOLELTA KES\u00c4LL\u00c4 2005. KUVA AARNO ISOM\u00c4KI. (KLIKKAA SUUREKSI)<\/figcaption><\/figure><\/a><\/div><div class=\"swiper-slide\" role=\"group\" aria-roledescription=\"slide\" aria-label=\"2 of 3\"><a data-elementor-open-lightbox=\"yes\" data-elementor-lightbox-slideshow=\"71191388\" data-elementor-lightbox-title=\"efyl_air\" data-elementor-lightbox-description=\"ILMAKUVA 16.4.2007. KUVA PEKKA LEHTINEN. (KLIKKAA SUUREKSI)\" data-e-action-hash=\"#elementor-action%3Aaction%3Dlightbox%26settings%3DeyJpZCI6MzUyMzEsInVybCI6Imh0dHBzOlwvXC9sZW50b3BhaWthdC5maVwvd3AtY29udGVudFwvdXBsb2Fkc1wvZWZ5bF9haXIuanBnIiwic2xpZGVzaG93IjoiNzExOTEzODgifQ%3D%3D\" href=\"https:\/\/lentopaikat.fi\/wp-content\/uploads\/efyl_air.jpg\"><figure class=\"swiper-slide-inner\"><img decoding=\"async\" class=\"swiper-slide-image\" src=\"https:\/\/lentopaikat.fi\/wp-content\/uploads\/efyl_air.jpg\" alt=\"ILMAKUVA 16.4.2007. KUVA PEKKA LEHTINEN. (KLIKKAA SUUREKSI)\" \/><figcaption class=\"elementor-image-carousel-caption\">ILMAKUVA 16.4.2007. KUVA PEKKA LEHTINEN. (KLIKKAA SUUREKSI)<\/figcaption><\/figure><\/a><\/div><div class=\"swiper-slide\" role=\"group\" aria-roledescription=\"slide\" aria-label=\"3 of 3\"><a data-elementor-open-lightbox=\"yes\" data-elementor-lightbox-slideshow=\"71191388\" data-elementor-lightbox-title=\"efyl_app33\" data-elementor-lightbox-description=\"LOPPUOSALLA YLIVIESKAN KIITOTIELLE 33 LOKAKUUSSA 2003. KUVA ASKO HEIKINAHO. (KLIKKAA SUUREKSI)\" data-e-action-hash=\"#elementor-action%3Aaction%3Dlightbox%26settings%3DeyJpZCI6MzUyMzMsInVybCI6Imh0dHBzOlwvXC9sZW50b3BhaWthdC5maVwvd3AtY29udGVudFwvdXBsb2Fkc1wvZWZ5bF9hcHAzMy5qcGciLCJzbGlkZXNob3ciOiI3MTE5MTM4OCJ9\" href=\"https:\/\/lentopaikat.fi\/wp-content\/uploads\/efyl_app33.jpg\"><figure class=\"swiper-slide-inner\"><img decoding=\"async\" class=\"swiper-slide-image\" src=\"https:\/\/lentopaikat.fi\/wp-content\/uploads\/efyl_app33.jpg\" alt=\"LOPPUOSALLA YLIVIESKAN KIITOTIELLE 33 LOKAKUUSSA 2003. KUVA ASKO HEIKINAHO. (KLIKKAA SUUREKSI)\" \/><figcaption class=\"elementor-image-carousel-caption\">LOPPUOSALLA YLIVIESKAN KIITOTIELLE 33 LOKAKUUSSA 2003. KUVA ASKO HEIKINAHO. (KLIKKAA SUUREKSI)<\/figcaption><\/figure><\/a><\/div>\t\t\t<\/div>\n\t\t\t\t\t\t\t\t\t\t\t\t<div class=\"elementor-swiper-button elementor-swiper-button-prev\" role=\"button\" tabindex=\"0\">\n\t\t\t\t\t\t<i aria-hidden=\"true\" class=\"eicon-chevron-left\"><\/i>\t\t\t\t\t<\/div>\n\t\t\t\t\t<div class=\"elementor-swiper-button elementor-swiper-button-next\" role=\"button\" tabindex=\"0\">\n\t\t\t\t\t\t<i aria-hidden=\"true\" class=\"eicon-chevron-right\"><\/i>\t\t\t\t\t<\/div>\n\t\t\t\t\n\t\t\t\t\t\t\t\t\t<\/div>\n\t\t\t\t\t\t<\/div>\n\t\t\t\t<\/div>\n\t\t\t\t\t<\/div>\n\t\t\t\t<\/div>\n\t\t\t\t\t<\/div>\n\t\t<\/div>\n\t\t\t\t\t<\/div>\n\t\t<\/section>\n\t\t\t\t\t<\/div>\n\t\t<\/div>\n\t\t\t\t\t<\/div>\n\t\t<\/section>\n\t\t\t\t<\/div>\n\t\t","protected":false},"excerpt":{"rendered":"<p>Ylivieska &#8211; EFYL Warning! T\u00e4m\u00e4 on ns, &#8220;k\u00f6yh\u00e4n miehen NOTAM&#8221; eli t\u00e4ll\u00e4 voi varoittaa kent\u00e4ll\u00e4 tapahtuvasta poikkeavasta toiminnasta. T\u00e4m\u00e4 ilmoitus on ajastettavissa ja n\u00e4kyy vain silloin kun on jotain varoitettaavaa Varoitus ei ole suljettavissaT\u00e4m\u00e4n aikaa voi s\u00e4\u00e4t\u00e4 vasemmalta Visibility v\u00e4lilehdest\u00e4 1. Sunset and sunrise and the SERA definition of night 2. General information: Ylivieska was [&hellip;]<\/p>\n","protected":false},"author":1,"featured_media":0,"parent":0,"menu_order":0,"comment_status":"closed","ping_status":"closed","template":"","meta":{"inline_featured_image":false,"_lmt_disableupdate":"","_lmt_disable":"","footnotes":""},"class_list":["post-36498","page","type-page","status-publish","hentry"],"_links":{"self":[{"href":"https:\/\/lentopaikat.fi\/en\/wp-json\/wp\/v2\/pages\/36498","targetHints":{"allow":["GET"]}}],"collection":[{"href":"https:\/\/lentopaikat.fi\/en\/wp-json\/wp\/v2\/pages"}],"about":[{"href":"https:\/\/lentopaikat.fi\/en\/wp-json\/wp\/v2\/types\/page"}],"author":[{"embeddable":true,"href":"https:\/\/lentopaikat.fi\/en\/wp-json\/wp\/v2\/users\/1"}],"replies":[{"embeddable":true,"href":"https:\/\/lentopaikat.fi\/en\/wp-json\/wp\/v2\/comments?post=36498"}],"version-history":[{"count":0,"href":"https:\/\/lentopaikat.fi\/en\/wp-json\/wp\/v2\/pages\/36498\/revisions"}],"wp:attachment":[{"href":"https:\/\/lentopaikat.fi\/en\/wp-json\/wp\/v2\/media?parent=36498"}],"curies":[{"name":"wp","href":"https:\/\/api.w.org\/{rel}","templated":true}]}}