{"id":36487,"date":"2022-11-18T13:21:05","date_gmt":"2022-11-18T11:21:05","guid":{"rendered":"https:\/\/lentopaikat.fi\/wredeby-efwb\/"},"modified":"2024-05-20T09:35:05","modified_gmt":"2024-05-20T07:35:05","slug":"wredeby-efwb","status":"publish","type":"page","link":"https:\/\/lentopaikat.fi\/en\/wredeby-efwb\/","title":{"rendered":"Wredeby &#8211; EFWB"},"content":{"rendered":"\t\t<div data-elementor-type=\"wp-page\" data-elementor-id=\"36487\" class=\"elementor elementor-36487 elementor-36478\" data-elementor-post-type=\"page\">\n\t\t\t\t\t\t<section class=\"elementor-section elementor-top-section elementor-element elementor-element-38ee97cb elementor-section-height-min-height elementor-section-full_width elementor-section-height-default elementor-section-items-middle\" data-id=\"38ee97cb\" data-element_type=\"section\" data-e-type=\"section\" data-settings=\"{&quot;background_background&quot;:&quot;classic&quot;}\">\n\t\t\t\t\t\t\t<div class=\"elementor-background-overlay\"><\/div>\n\t\t\t\t\t\t\t<div class=\"elementor-container elementor-column-gap-default\">\n\t\t\t\t\t<div class=\"elementor-column elementor-col-50 elementor-top-column elementor-element elementor-element-4e20134a\" data-id=\"4e20134a\" data-element_type=\"column\" data-e-type=\"column\">\n\t\t\t<div class=\"elementor-widget-wrap elementor-element-populated\">\n\t\t\t\t\t\t<div class=\"elementor-element elementor-element-63589920 elementor-widget elementor-widget-heading\" data-id=\"63589920\" data-element_type=\"widget\" data-e-type=\"widget\" data-widget_type=\"heading.default\">\n\t\t\t\t<div class=\"elementor-widget-container\">\n\t\t\t\t\t<h2 class=\"elementor-heading-title elementor-size-default\">Wredeby - EFWB<\/h2>\t\t\t\t<\/div>\n\t\t\t\t<\/div>\n\t\t\t\t\t<\/div>\n\t\t<\/div>\n\t\t\t\t<div class=\"elementor-column elementor-col-50 elementor-top-column elementor-element elementor-element-1bf4a7ad\" data-id=\"1bf4a7ad\" data-element_type=\"column\" data-e-type=\"column\">\n\t\t\t<div class=\"elementor-widget-wrap\">\n\t\t\t\t\t\t\t<\/div>\n\t\t<\/div>\n\t\t\t\t\t<\/div>\n\t\t<\/section>\n\t\t\t\t<section class=\"elementor-section elementor-top-section elementor-element elementor-element-3cb4c678 elementor-section-full_width elementor-section-height-default elementor-section-height-default\" data-id=\"3cb4c678\" data-element_type=\"section\" data-e-type=\"section\">\n\t\t\t\t\t\t<div class=\"elementor-container elementor-column-gap-default\">\n\t\t\t\t\t<div class=\"elementor-column elementor-col-100 elementor-top-column elementor-element elementor-element-3bd65d96\" data-id=\"3bd65d96\" data-element_type=\"column\" data-e-type=\"column\">\n\t\t\t<div class=\"elementor-widget-wrap elementor-element-populated\">\n\t\t\t\t\t\t<section class=\"elementor-section elementor-inner-section elementor-element elementor-element-19133959 elementor-section-full_width elementor-section-height-default elementor-section-height-default\" data-id=\"19133959\" data-element_type=\"section\" data-e-type=\"section\">\n\t\t\t\t\t\t<div class=\"elementor-container elementor-column-gap-wide\">\n\t\t\t\t\t<div class=\"elementor-column elementor-col-50 elementor-inner-column elementor-element elementor-element-7d671b7\" data-id=\"7d671b7\" data-element_type=\"column\" data-e-type=\"column\">\n\t\t\t<div class=\"elementor-widget-wrap elementor-element-populated\">\n\t\t\t\t<!-- dce invisible element 72441a79 -->\t\t<div class=\"elementor-element elementor-element-708d25b8 elementor-widget elementor-widget-heading\" data-id=\"708d25b8\" data-element_type=\"widget\" data-e-type=\"widget\" data-widget_type=\"heading.default\">\n\t\t\t\t<div class=\"elementor-widget-container\">\n\t\t\t\t\t<h5 class=\"elementor-heading-title elementor-size-default\">1. Sunset and sunrise and the SERA definition of night<\/h5>\t\t\t\t<\/div>\n\t\t\t\t<\/div>\n\t\t\t\t<div class=\"elementor-element elementor-element-6ad08026 elementor-widget elementor-widget-shortcode\" data-id=\"6ad08026\" data-element_type=\"widget\" data-e-type=\"widget\" data-widget_type=\"shortcode.default\">\n\t\t\t\t<div class=\"elementor-widget-container\">\n\t\t\t\t\t\t\t<div class=\"elementor-shortcode\"><table><tbody><tr><td>Finnish time today, 12.04.2026<\/br><b> - Night ends: 05:20<\/br> - Sunrise: 06:05<\/br> - Sunset: 20:25<\/br> - Night begins: 21:10<\/br><\/b><\/td>\r\n<td> Times tomorrow <\/br><b> - Night ends tomorrow: 05:16<\/br> - Sunrise tomorrow: 06:02<\/br> - sunset tomorrow: 20:27<\/br> - Night begins tomorrow: 21:13<\/b><\/td><\/tr><\/tbody><\/table><\/div>\n\t\t\t\t\t\t<\/div>\n\t\t\t\t<\/div>\n\t\t\t\t<div class=\"elementor-element elementor-element-46911152 elementor-widget elementor-widget-heading\" data-id=\"46911152\" data-element_type=\"widget\" data-e-type=\"widget\" data-widget_type=\"heading.default\">\n\t\t\t\t<div class=\"elementor-widget-container\">\n\t\t\t\t\t<h5 class=\"elementor-heading-title elementor-size-default\">2. General information:<\/h5>\t\t\t\t<\/div>\n\t\t\t\t<\/div>\n\t\t\t\t<div class=\"elementor-element elementor-element-28b995c7 elementor-widget elementor-widget-text-editor\" data-id=\"28b995c7\" data-element_type=\"widget\" data-e-type=\"widget\" data-widget_type=\"text-editor.default\">\n\t\t\t\t<div class=\"elementor-widget-container\">\n\t\t\t\t\t\t\t\t\t<p>A private airfield situated in the grounds of the Wredeby estate in Kymenlaakso, where visitors are always welcome. The river makes even water landings and take-offs\u00a0 possible. An outstanding place to visit!\u00a0 Beautiful scenery, and short runway practice is offered.<\/p>\n\t\t\t\t\t\t\t\t<\/div>\n\t\t\t\t<\/div>\n\t\t\t\t<div class=\"elementor-element elementor-element-109c9db1 elementor-widget elementor-widget-heading\" data-id=\"109c9db1\" data-element_type=\"widget\" data-e-type=\"widget\" data-widget_type=\"heading.default\">\n\t\t\t\t<div class=\"elementor-widget-container\">\n\t\t\t\t\t<h5 class=\"elementor-heading-title elementor-size-default\">3.  Price Information:<\/h5>\t\t\t\t<\/div>\n\t\t\t\t<\/div>\n\t\t\t\t<div class=\"elementor-element elementor-element-75f58db8 elementor-widget elementor-widget-text-editor\" data-id=\"75f58db8\" data-element_type=\"widget\" data-e-type=\"widget\" data-widget_type=\"text-editor.default\">\n\t\t\t\t<div class=\"elementor-widget-container\">\n\t\t\t\t\t\t\t\t\t<p>NIL<\/p>\n\t\t\t\t\t\t\t\t<\/div>\n\t\t\t\t<\/div>\n\t\t\t\t<div class=\"elementor-element elementor-element-f361a50 elementor-widget elementor-widget-heading\" data-id=\"f361a50\" data-element_type=\"widget\" data-e-type=\"widget\" data-widget_type=\"heading.default\">\n\t\t\t\t<div class=\"elementor-widget-container\">\n\t\t\t\t\t<h5 class=\"elementor-heading-title elementor-size-default\">4. The Airport:<\/h5>\t\t\t\t<\/div>\n\t\t\t\t<\/div>\n\t\t\t\t<div class=\"elementor-element elementor-element-57e78703 elementor-widget elementor-widget-text-editor\" data-id=\"57e78703\" data-element_type=\"widget\" data-e-type=\"widget\" data-widget_type=\"text-editor.default\">\n\t\t\t\t<div class=\"elementor-widget-container\">\n\t\t\t\t\t\t\t\t\t<p>The runway is gravel\/grass surfaced. Water at both ends \u2013 a river in the east, a lake in the west, so there are no significant obstacles in the end sectors. The at times strong downdrafts caused by the cold flowing river should be taken seriously in the final part of 25.<\/p>\n<p>Seaplane pilots should note that power lines cross the river on the north side of the field and there are plenty of underwater rocks under the rock ledge next to the runway.<\/p>\n<p>Especially during the spring floods, the lake level rises, shortening the length of the runway from the end of 25 and moving it from the threshold of 07. In the airport area and its surroundings, there are plenty of migratory birds in spring and autumn.<\/p>\n<p>We try to cut the grass regularly, but it may be a little longer from time to time. Call the airport manager to get up-to-date situational information, if you don&#8217;t have it yourself!<\/p>\n\t\t\t\t\t\t\t\t<\/div>\n\t\t\t\t<\/div>\n\t\t\t\t<div class=\"elementor-element elementor-element-1146b912 elementor-widget elementor-widget-heading\" data-id=\"1146b912\" data-element_type=\"widget\" data-e-type=\"widget\" data-widget_type=\"heading.default\">\n\t\t\t\t<div class=\"elementor-widget-container\">\n\t\t\t\t\t<h5 class=\"elementor-heading-title elementor-size-default\">5. Basic data:<\/h5>\t\t\t\t<\/div>\n\t\t\t\t<\/div>\n\t\t\t\t<div class=\"elementor-element elementor-element-408f157f elementor-widget elementor-widget-text-editor\" data-id=\"408f157f\" data-element_type=\"widget\" data-e-type=\"widget\" data-widget_type=\"text-editor.default\">\n\t\t\t\t<div class=\"elementor-widget-container\">\n\t\t\t\t\t\t\t\t\t<p><strong>Coordinates:<\/strong> 603949N 0264445E<br \/>\n<strong>Runway:<\/strong> 07\/25 \u2013 690 x 15 m \u2013\u00a0grass<br \/>\n<strong>Radio frequency:<\/strong> 123,550<br \/>\n<strong>Airport elevation:<\/strong> 25 m (82 ft)<br \/>\n<strong>Fuel availability:<\/strong> NIL, Nearest car gasoline station in Anjala (7,7 km by road)<br \/>\n<strong>Private<\/strong><br \/>\n<strong>Announcements:<\/strong>\u00a0<a class=\"popup\" href=\"https:\/\/lentopaikat.fi\/notam\/notam.php?a=EFWB\" data-width=\"500\" data-height=\"600\" data-scrollbars=\"1\">NOTAM<\/a><\/p>\n\t\t\t\t\t\t\t\t<\/div>\n\t\t\t\t<\/div>\n\t\t\t\t<div class=\"elementor-element elementor-element-39543701 elementor-widget elementor-widget-heading\" data-id=\"39543701\" data-element_type=\"widget\" data-e-type=\"widget\" data-widget_type=\"heading.default\">\n\t\t\t\t<div class=\"elementor-widget-container\">\n\t\t\t\t\t<h5 class=\"elementor-heading-title elementor-size-default\"> 6. Sight seeing and services<\/h5>\t\t\t\t<\/div>\n\t\t\t\t<\/div>\n\t\t\t\t<div class=\"elementor-element elementor-element-72395c3b elementor-widget elementor-widget-text-editor\" data-id=\"72395c3b\" data-element_type=\"widget\" data-e-type=\"widget\" data-widget_type=\"text-editor.default\">\n\t\t\t\t<div class=\"elementor-widget-container\">\n\t\t\t\t\t\t\t\t\t<p>The field is situated in a beautiful landscape. The flowing Kymi river offers fishing and camping opportunities. The foundations of Finnish law were laid in Wredeby, a memorial is close by in the terrain. The manor itself is used as a residence.<\/p>\n<p>In the neighborhood are the landscapes and sights of Kymenlaakso. The nearest urban are with shops, food and accommodation service available is in Anjala, 7 km away. Another two kilometers further lies Inkeroinen, with more services.<\/p>\n\t\t\t\t\t\t\t\t<\/div>\n\t\t\t\t<\/div>\n\t\t\t\t<div class=\"elementor-element elementor-element-3d54b3e2 elementor-widget elementor-widget-heading\" data-id=\"3d54b3e2\" data-element_type=\"widget\" data-e-type=\"widget\" data-widget_type=\"heading.default\">\n\t\t\t\t<div class=\"elementor-widget-container\">\n\t\t\t\t\t<h5 class=\"elementor-heading-title elementor-size-default\">7. Contact information:<\/h5>\t\t\t\t<\/div>\n\t\t\t\t<\/div>\n\t\t\t\t<div class=\"elementor-element elementor-element-bd463fd elementor-widget elementor-widget-text-editor\" data-id=\"bd463fd\" data-element_type=\"widget\" data-e-type=\"widget\" data-widget_type=\"text-editor.default\">\n\t\t\t\t<div class=\"elementor-widget-container\">\n\t\t\t\t\t\t\t\t\t<p>Airport Chief: R. H. Wrede Phone +358 400 654 665<br \/>\nEFUT\u00a0 ATIS 136.550 TWR: 130,800 +358 5 340 8311<br \/>\nACC (SECT L): 136,650 \/ +358 3 386 5172<br \/>\nTaxi: +358 100 87227 or (<a href=\"http:\/\/www.02taksi.fi\" target=\"_blank\" rel=\"noopener\">www.02taksi.fi<\/a>)<\/p>\n\t\t\t\t\t\t\t\t<\/div>\n\t\t\t\t<\/div>\n\t\t\t\t<div class=\"elementor-element elementor-element-1a26bc30 elementor-widget elementor-widget-heading\" data-id=\"1a26bc30\" data-element_type=\"widget\" data-e-type=\"widget\" data-widget_type=\"heading.default\">\n\t\t\t\t<div class=\"elementor-widget-container\">\n\t\t\t\t\t<h5 class=\"elementor-heading-title elementor-size-default\">8.  Links:<\/h5>\t\t\t\t<\/div>\n\t\t\t\t<\/div>\n\t\t\t\t<div class=\"elementor-element elementor-element-70510651 elementor-widget elementor-widget-text-editor\" data-id=\"70510651\" data-element_type=\"widget\" data-e-type=\"widget\" data-widget_type=\"text-editor.default\">\n\t\t\t\t<div class=\"elementor-widget-container\">\n\t\t\t\t\t\t\t\t\t<p>Local dining and accommodation activities + program service, culture &amp; youth and family activities: <a href=\"https:\/\/www.ankkapurha.fi\/\">https:\/\/www.ankkapurha.fi\/<\/a><\/p>\n\t\t\t\t\t\t\t\t<\/div>\n\t\t\t\t<\/div>\n\t\t\t\t<div class=\"elementor-element elementor-element-2ae5e1b5 elementor-widget elementor-widget-heading\" data-id=\"2ae5e1b5\" data-element_type=\"widget\" data-e-type=\"widget\" data-widget_type=\"heading.default\">\n\t\t\t\t<div class=\"elementor-widget-container\">\n\t\t\t\t\t<h5 class=\"elementor-heading-title elementor-size-default\">9. Map<\/h5>\t\t\t\t<\/div>\n\t\t\t\t<\/div>\n\t\t\t\t<div class=\"elementor-element elementor-element-5f726de9 elementor-widget elementor-widget-google_maps\" data-id=\"5f726de9\" data-element_type=\"widget\" data-e-type=\"widget\" data-widget_type=\"google_maps.default\">\n\t\t\t\t<div class=\"elementor-widget-container\">\n\t\t\t\t\t\t\t<div class=\"elementor-custom-embed\">\n\t\t\t<iframe loading=\"lazy\"\n\t\t\t\t\tsrc=\"https:\/\/www.google.com\/maps\/embed\/v1\/place?key=AIzaSyC1j1iK8FQx51JcFwNxcbaAudBg3BxuVow&#038;q=Wredeby%20airfield&#038;zoom=13\"\n\t\t\t\t\ttitle=\"Wredeby airfield\"\n\t\t\t\t\taria-label=\"Wredeby airfield\"\n\t\t\t><\/iframe>\n\t\t<\/div>\n\t\t\t\t\t\t<\/div>\n\t\t\t\t<\/div>\n\t\t\t\t\t<\/div>\n\t\t<\/div>\n\t\t\t\t<div class=\"elementor-column elementor-col-50 elementor-inner-column elementor-element elementor-element-5591493a\" data-id=\"5591493a\" data-element_type=\"column\" data-e-type=\"column\">\n\t\t\t<div class=\"elementor-widget-wrap elementor-element-populated\">\n\t\t\t\t\t\t<div class=\"elementor-element elementor-element-51b97ec9 elementor-widget elementor-widget-image\" data-id=\"51b97ec9\" data-element_type=\"widget\" data-e-type=\"widget\" data-widget_type=\"image.default\">\n\t\t\t\t<div class=\"elementor-widget-container\">\n\t\t\t\t\t\t\t\t\t\t\t\t<figure class=\"wp-caption\">\n\t\t\t\t\t\t\t\t\t\t\t<a href=\"https:\/\/lentopaikat.fi\/wp-content\/uploads\/efwb.gif\" data-elementor-open-lightbox=\"yes\" data-elementor-lightbox-title=\"efwb\" data-e-action-hash=\"#elementor-action%3Aaction%3Dlightbox%26settings%3DeyJpZCI6MzUyMjIsInVybCI6Imh0dHBzOlwvXC9sZW50b3BhaWthdC5maVwvd3AtY29udGVudFwvdXBsb2Fkc1wvZWZ3Yi5naWYifQ%3D%3D\">\n\t\t\t\t\t\t\t<img fetchpriority=\"high\" decoding=\"async\" width=\"200\" height=\"352\" src=\"https:\/\/lentopaikat.fi\/wp-content\/uploads\/efwb.gif\" class=\"attachment-large size-large wp-image-35222\" alt=\"\" \/>\t\t\t\t\t\t\t\t<\/a>\n\t\t\t\t\t\t\t\t\t\t\t<figcaption class=\"widget-image-caption wp-caption-text\"><\/figcaption>\n\t\t\t\t\t\t\t\t\t\t<\/figure>\n\t\t\t\t\t\t\t\t\t<\/div>\n\t\t\t\t<\/div>\n\t\t\t\t<div class=\"elementor-element elementor-element-4e029842 elementor-widget elementor-widget-image\" data-id=\"4e029842\" data-element_type=\"widget\" data-e-type=\"widget\" data-widget_type=\"image.default\">\n\t\t\t\t<div class=\"elementor-widget-container\">\n\t\t\t\t\t\t\t\t\t\t\t\t<figure class=\"wp-caption\">\n\t\t\t\t\t\t\t\t\t\t\t<a href=\"https:\/\/lentopaikat.fi\/wp-content\/uploads\/EFWB_LDG.pdf\" target=\"_blank\">\n\t\t\t\t\t\t\t<img decoding=\"async\" src=\"https:\/\/lentopaikat.fi\/wp-content\/uploads\/EFWB_LDG.jpg\" title=\"\" alt=\"\" loading=\"lazy\" \/>\t\t\t\t\t\t\t\t<\/a>\n\t\t\t\t\t\t\t\t\t\t\t<figcaption class=\"widget-image-caption wp-caption-text\">LDG CHART, CLICK ON PICTURE TO OPEN PDF DOCUMENT<\/figcaption>\n\t\t\t\t\t\t\t\t\t\t<\/figure>\n\t\t\t\t\t\t\t\t\t<\/div>\n\t\t\t\t<\/div>\n\t\t\t\t<div class=\"elementor-element elementor-element-b9ff6fc elementor-widget elementor-widget-video\" data-id=\"b9ff6fc\" data-element_type=\"widget\" data-e-type=\"widget\" data-settings=\"{&quot;youtube_url&quot;:&quot;https:\\\/\\\/youtu.be\\\/fZh8OlGdmAQ&quot;,&quot;video_type&quot;:&quot;youtube&quot;,&quot;controls&quot;:&quot;yes&quot;}\" data-widget_type=\"video.default\">\n\t\t\t\t<div class=\"elementor-widget-container\">\n\t\t\t\t\t\t\t<div class=\"elementor-wrapper elementor-open-inline\">\n\t\t\t<div class=\"elementor-video\"><\/div>\t\t<\/div>\n\t\t\t\t\t\t<\/div>\n\t\t\t\t<\/div>\n\t\t\t\t<div class=\"elementor-element elementor-element-abbb56b elementor-widget elementor-widget-text-editor\" data-id=\"abbb56b\" data-element_type=\"widget\" data-e-type=\"widget\" data-widget_type=\"text-editor.default\">\n\t\t\t\t<div class=\"elementor-widget-container\">\n\t\t\t\t\t\t\t\t\t<p>EFWB Visual Approach and Landing Video. Watch full screen and keep close captions on.<\/p>\n\t\t\t\t\t\t\t\t<\/div>\n\t\t\t\t<\/div>\n\t\t<div class=\"elementor-element elementor-element-1f03a8a6 e-flex e-con-boxed e-con e-parent\" data-id=\"1f03a8a6\" data-element_type=\"container\" data-e-type=\"container\">\n\t\t\t\t\t<div class=\"e-con-inner\">\n\t\t\t\t<div class=\"elementor-element elementor-element-5987e458 elementor-arrows-position-inside elementor-widget elementor-widget-image-carousel\" data-id=\"5987e458\" data-element_type=\"widget\" data-e-type=\"widget\" data-settings=\"{&quot;slides_to_show&quot;:&quot;1&quot;,&quot;navigation&quot;:&quot;arrows&quot;,&quot;speed&quot;:900,&quot;autoplay&quot;:&quot;yes&quot;,&quot;pause_on_hover&quot;:&quot;yes&quot;,&quot;pause_on_interaction&quot;:&quot;yes&quot;,&quot;autoplay_speed&quot;:5000,&quot;infinite&quot;:&quot;yes&quot;,&quot;effect&quot;:&quot;slide&quot;}\" data-widget_type=\"image-carousel.default\">\n\t\t\t\t<div class=\"elementor-widget-container\">\n\t\t\t\t\t\t\t<div class=\"elementor-image-carousel-wrapper swiper\" role=\"region\" aria-roledescription=\"carousel\" aria-label=\"Image Carousel\" dir=\"ltr\">\n\t\t\t<div class=\"elementor-image-carousel swiper-wrapper swiper-image-stretch\" aria-live=\"off\">\n\t\t\t\t\t\t\t\t<div class=\"swiper-slide\" role=\"group\" aria-roledescription=\"slide\" aria-label=\"1 of 5\"><a data-elementor-open-lightbox=\"yes\" data-elementor-lightbox-slideshow=\"5987e458\" data-elementor-lightbox-title=\"efwb_air\" data-elementor-lightbox-description=\"WREDEBYN KENTT\u00c4 ILMASTA K\u00c4SIN N\u00c4HTYN\u00c4. KIITOTIE ON MIELENKIINTOISESTI VESIALUEIDEN V\u00c4LISS\u00c4. KUVA ANTTI LAUKKANEN. (KLIKKAA SUUREKSI)\" data-e-action-hash=\"#elementor-action%3Aaction%3Dlightbox%26settings%3DeyJpZCI6MzUyMjMsInVybCI6Imh0dHBzOlwvXC9sZW50b3BhaWthdC5maVwvd3AtY29udGVudFwvdXBsb2Fkc1wvZWZ3Yl9haXIuanBnIiwic2xpZGVzaG93IjoiNTk4N2U0NTgifQ%3D%3D\" href=\"https:\/\/lentopaikat.fi\/wp-content\/uploads\/efwb_air.jpg\"><figure class=\"swiper-slide-inner\"><img decoding=\"async\" class=\"swiper-slide-image\" src=\"https:\/\/lentopaikat.fi\/wp-content\/uploads\/efwb_air.jpg\" alt=\"WREDEBYN KENTT\u00c4 ILMASTA K\u00c4SIN N\u00c4HTYN\u00c4. KIITOTIE ON MIELENKIINTOISESTI VESIALUEIDEN V\u00c4LISS\u00c4. KUVA ANTTI LAUKKANEN. (KLIKKAA SUUREKSI)\" \/><figcaption class=\"elementor-image-carousel-caption\">WREDEBYN KENTT\u00c4 ILMASTA K\u00c4SIN N\u00c4HTYN\u00c4. KIITOTIE ON MIELENKIINTOISESTI VESIALUEIDEN V\u00c4LISS\u00c4. KUVA ANTTI LAUKKANEN. (KLIKKAA SUUREKSI)<\/figcaption><\/figure><\/a><\/div><div class=\"swiper-slide\" role=\"group\" aria-roledescription=\"slide\" aria-label=\"2 of 5\"><a data-elementor-open-lightbox=\"yes\" data-elementor-lightbox-slideshow=\"5987e458\" data-elementor-lightbox-title=\"efwb_platta\" data-elementor-lightbox-description=\"KENT\u00c4N HALLIALUE. KUVA ANTTI LAUKKANEN. (KLIKKAA SUUREKSI)\" data-e-action-hash=\"#elementor-action%3Aaction%3Dlightbox%26settings%3DeyJpZCI6MzUyMjcsInVybCI6Imh0dHBzOlwvXC9sZW50b3BhaWthdC5maVwvd3AtY29udGVudFwvdXBsb2Fkc1wvZWZ3Yl9wbGF0dGEuanBnIiwic2xpZGVzaG93IjoiNTk4N2U0NTgifQ%3D%3D\" href=\"https:\/\/lentopaikat.fi\/wp-content\/uploads\/efwb_platta.jpg\"><figure class=\"swiper-slide-inner\"><img decoding=\"async\" class=\"swiper-slide-image\" src=\"https:\/\/lentopaikat.fi\/wp-content\/uploads\/efwb_platta.jpg\" alt=\"KENT\u00c4N HALLIALUE. KUVA ANTTI LAUKKANEN. (KLIKKAA SUUREKSI)\" \/><figcaption class=\"elementor-image-carousel-caption\">KENT\u00c4N HALLIALUE. KUVA ANTTI LAUKKANEN. (KLIKKAA SUUREKSI)<\/figcaption><\/figure><\/a><\/div><div class=\"swiper-slide\" role=\"group\" aria-roledescription=\"slide\" aria-label=\"3 of 5\"><a data-elementor-open-lightbox=\"yes\" data-elementor-lightbox-slideshow=\"5987e458\" data-elementor-lightbox-title=\"efwb_tulva\" data-elementor-lightbox-description=\"KENTT\u00c4 N\u00c4HTYN\u00c4 KIITOTIEN 07 SUUNNASSA 26.9.2004. KORKEAN VEDEN AIKANA KIITOTIEN PITUUS SAATTAA LYHENTY\u00c4. KUVA PEKKA HALME. (KLIKKAA SUUREKSI)\" data-e-action-hash=\"#elementor-action%3Aaction%3Dlightbox%26settings%3DeyJpZCI6MzUyMjgsInVybCI6Imh0dHBzOlwvXC9sZW50b3BhaWthdC5maVwvd3AtY29udGVudFwvdXBsb2Fkc1wvZWZ3Yl90dWx2YS5qcGciLCJzbGlkZXNob3ciOiI1OTg3ZTQ1OCJ9\" href=\"https:\/\/lentopaikat.fi\/wp-content\/uploads\/efwb_tulva.jpg\"><figure class=\"swiper-slide-inner\"><img decoding=\"async\" class=\"swiper-slide-image\" src=\"https:\/\/lentopaikat.fi\/wp-content\/uploads\/efwb_tulva.jpg\" alt=\"KENTT\u00c4 N\u00c4HTYN\u00c4 KIITOTIEN 07 SUUNNASSA 26.9.2004. KORKEAN VEDEN AIKANA KIITOTIEN PITUUS SAATTAA LYHENTY\u00c4. KUVA PEKKA HALME. (KLIKKAA SUUREKSI)\" \/><figcaption class=\"elementor-image-carousel-caption\">KENTT\u00c4 N\u00c4HTYN\u00c4 KIITOTIEN 07 SUUNNASSA 26.9.2004. KORKEAN VEDEN AIKANA KIITOTIEN PITUUS SAATTAA LYHENTY\u00c4. KUVA PEKKA HALME. (KLIKKAA SUUREKSI)<\/figcaption><\/figure><\/a><\/div><div class=\"swiper-slide\" role=\"group\" aria-roledescription=\"slide\" aria-label=\"4 of 5\"><a data-elementor-open-lightbox=\"yes\" data-elementor-lightbox-slideshow=\"5987e458\" data-elementor-lightbox-title=\"CAMERA\" data-elementor-lightbox-description=\"PERUSOSALLA RADALLE 25 (KLIKKAA SUUREKSI)\nKUVA: TOMA\" data-e-action-hash=\"#elementor-action%3Aaction%3Dlightbox%26settings%3DeyJpZCI6MzUyMjQsInVybCI6Imh0dHBzOlwvXC9sZW50b3BhaWthdC5maVwvd3AtY29udGVudFwvdXBsb2Fkc1wvRUZXQl9iYXNlX3J3MjUuanBnIiwic2xpZGVzaG93IjoiNTk4N2U0NTgifQ%3D%3D\" href=\"https:\/\/lentopaikat.fi\/wp-content\/uploads\/EFWB_base_rw25.jpg\"><figure class=\"swiper-slide-inner\"><img decoding=\"async\" class=\"swiper-slide-image\" src=\"https:\/\/lentopaikat.fi\/wp-content\/uploads\/EFWB_base_rw25-1024x768.jpg\" alt=\"CAMERA\" \/><figcaption class=\"elementor-image-carousel-caption\">CAMERA<\/figcaption><\/figure><\/a><\/div><div class=\"swiper-slide\" role=\"group\" aria-roledescription=\"slide\" aria-label=\"5 of 5\"><a data-elementor-open-lightbox=\"yes\" data-elementor-lightbox-slideshow=\"5987e458\" data-elementor-lightbox-title=\"EFWB_Kellukekone\" data-e-action-hash=\"#elementor-action%3Aaction%3Dlightbox%26settings%3DeyJpZCI6Mzg5OTcsInVybCI6Imh0dHBzOlwvXC9sZW50b3BhaWthdC5maVwvd3AtY29udGVudFwvdXBsb2Fkc1wvRUZXQl9LZWxsdWtla29uZS1zY2FsZWQuanBnIiwic2xpZGVzaG93IjoiNTk4N2U0NTgifQ%3D%3D\" href=\"https:\/\/lentopaikat.fi\/wp-content\/uploads\/EFWB_Kellukekone-scaled.jpg\"><figure class=\"swiper-slide-inner\"><img decoding=\"async\" class=\"swiper-slide-image\" src=\"https:\/\/lentopaikat.fi\/wp-content\/uploads\/EFWB_Kellukekone-1024x768.jpg\" alt=\"Kellukekone Wredebyss\u00e4\" \/><figcaption class=\"elementor-image-carousel-caption\">Kellukekone Wredebyss\u00e4<\/figcaption><\/figure><\/a><\/div>\t\t\t<\/div>\n\t\t\t\t\t\t\t\t\t\t\t\t<div class=\"elementor-swiper-button elementor-swiper-button-prev\" role=\"button\" tabindex=\"0\">\n\t\t\t\t\t\t<i aria-hidden=\"true\" class=\"eicon-chevron-left\"><\/i>\t\t\t\t\t<\/div>\n\t\t\t\t\t<div class=\"elementor-swiper-button elementor-swiper-button-next\" role=\"button\" tabindex=\"0\">\n\t\t\t\t\t\t<i aria-hidden=\"true\" class=\"eicon-chevron-right\"><\/i>\t\t\t\t\t<\/div>\n\t\t\t\t\n\t\t\t\t\t\t\t\t\t<\/div>\n\t\t\t\t\t\t<\/div>\n\t\t\t\t<\/div>\n\t\t\t\t\t<\/div>\n\t\t\t\t<\/div>\n\t\t\t\t\t<\/div>\n\t\t<\/div>\n\t\t\t\t\t<\/div>\n\t\t<\/section>\n\t\t\t\t\t<\/div>\n\t\t<\/div>\n\t\t\t\t\t<\/div>\n\t\t<\/section>\n\t\t\t\t<\/div>\n\t\t","protected":false},"excerpt":{"rendered":"<p>Wredeby &#8211; EFWB Warning! T\u00e4m\u00e4 on ns, &#8220;k\u00f6yh\u00e4n miehen NOTAM&#8221; eli t\u00e4ll\u00e4 voi varoittaa kent\u00e4ll\u00e4 tapahtuvasta poikkeavasta toiminnasta. T\u00e4m\u00e4 ilmoitus on ajastettavissa ja n\u00e4kyy vain silloin kun on jotain varoitettaavaa Varoitus ei ole suljettavissaT\u00e4m\u00e4n aikaa voi s\u00e4\u00e4t\u00e4 vasemmalta Visibility v\u00e4lilehdest\u00e4 1. Sunset and sunrise and the SERA definition of night 2. General information: A private [&hellip;]<\/p>\n","protected":false},"author":1,"featured_media":0,"parent":0,"menu_order":0,"comment_status":"closed","ping_status":"closed","template":"","meta":{"inline_featured_image":false,"_lmt_disableupdate":"","_lmt_disable":"","footnotes":""},"class_list":["post-36487","page","type-page","status-publish","hentry"],"_links":{"self":[{"href":"https:\/\/lentopaikat.fi\/en\/wp-json\/wp\/v2\/pages\/36487","targetHints":{"allow":["GET"]}}],"collection":[{"href":"https:\/\/lentopaikat.fi\/en\/wp-json\/wp\/v2\/pages"}],"about":[{"href":"https:\/\/lentopaikat.fi\/en\/wp-json\/wp\/v2\/types\/page"}],"author":[{"embeddable":true,"href":"https:\/\/lentopaikat.fi\/en\/wp-json\/wp\/v2\/users\/1"}],"replies":[{"embeddable":true,"href":"https:\/\/lentopaikat.fi\/en\/wp-json\/wp\/v2\/comments?post=36487"}],"version-history":[{"count":0,"href":"https:\/\/lentopaikat.fi\/en\/wp-json\/wp\/v2\/pages\/36487\/revisions"}],"wp:attachment":[{"href":"https:\/\/lentopaikat.fi\/en\/wp-json\/wp\/v2\/media?parent=36487"}],"curies":[{"name":"wp","href":"https:\/\/api.w.org\/{rel}","templated":true}]}}