{"id":36476,"date":"2022-11-18T13:10:06","date_gmt":"2022-11-18T11:10:06","guid":{"rendered":"https:\/\/lentopaikat.fi\/viitasaari-efvi\/"},"modified":"2022-11-18T13:13:36","modified_gmt":"2022-11-18T11:13:36","slug":"viitasaari-efvi","status":"publish","type":"page","link":"https:\/\/lentopaikat.fi\/en\/viitasaari-efvi\/","title":{"rendered":"Viitasaari &#8211; EFVI"},"content":{"rendered":"\t\t<div data-elementor-type=\"wp-page\" data-elementor-id=\"36476\" class=\"elementor elementor-36476 elementor-36467\" data-elementor-post-type=\"page\">\n\t\t\t\t\t\t<section class=\"elementor-section elementor-top-section elementor-element elementor-element-73d4e564 elementor-section-height-min-height elementor-section-full_width elementor-section-height-default elementor-section-items-middle\" data-id=\"73d4e564\" data-element_type=\"section\" data-e-type=\"section\" data-settings=\"{&quot;background_background&quot;:&quot;classic&quot;}\">\n\t\t\t\t\t\t\t<div class=\"elementor-background-overlay\"><\/div>\n\t\t\t\t\t\t\t<div class=\"elementor-container elementor-column-gap-default\">\n\t\t\t\t\t<div class=\"elementor-column elementor-col-50 elementor-top-column elementor-element elementor-element-7fba1dad\" data-id=\"7fba1dad\" data-element_type=\"column\" data-e-type=\"column\">\n\t\t\t<div class=\"elementor-widget-wrap elementor-element-populated\">\n\t\t\t\t\t\t<div class=\"elementor-element elementor-element-1d2cab6d elementor-widget elementor-widget-heading\" data-id=\"1d2cab6d\" data-element_type=\"widget\" data-e-type=\"widget\" data-widget_type=\"heading.default\">\n\t\t\t\t<div class=\"elementor-widget-container\">\n\t\t\t\t\t<h2 class=\"elementor-heading-title elementor-size-default\">Viitasaari - EFVI<\/h2>\t\t\t\t<\/div>\n\t\t\t\t<\/div>\n\t\t\t\t\t<\/div>\n\t\t<\/div>\n\t\t\t\t<div class=\"elementor-column elementor-col-50 elementor-top-column elementor-element elementor-element-2204412c\" data-id=\"2204412c\" data-element_type=\"column\" data-e-type=\"column\">\n\t\t\t<div class=\"elementor-widget-wrap\">\n\t\t\t\t\t\t\t<\/div>\n\t\t<\/div>\n\t\t\t\t\t<\/div>\n\t\t<\/section>\n\t\t\t\t<section class=\"elementor-section elementor-top-section elementor-element elementor-element-4eea7b55 elementor-section-full_width elementor-section-height-default elementor-section-height-default\" data-id=\"4eea7b55\" data-element_type=\"section\" data-e-type=\"section\">\n\t\t\t\t\t\t<div class=\"elementor-container elementor-column-gap-default\">\n\t\t\t\t\t<div class=\"elementor-column elementor-col-100 elementor-top-column elementor-element elementor-element-d32f1ec\" data-id=\"d32f1ec\" data-element_type=\"column\" data-e-type=\"column\">\n\t\t\t<div class=\"elementor-widget-wrap elementor-element-populated\">\n\t\t\t\t\t\t<section class=\"elementor-section elementor-inner-section elementor-element elementor-element-61c515ec elementor-section-full_width elementor-section-height-default elementor-section-height-default\" data-id=\"61c515ec\" data-element_type=\"section\" data-e-type=\"section\">\n\t\t\t\t\t\t<div class=\"elementor-container elementor-column-gap-wide\">\n\t\t\t\t\t<div class=\"elementor-column elementor-col-50 elementor-inner-column elementor-element elementor-element-7ca40b22\" data-id=\"7ca40b22\" data-element_type=\"column\" data-e-type=\"column\">\n\t\t\t<div class=\"elementor-widget-wrap elementor-element-populated\">\n\t\t\t\t<!-- dce invisible element 1fac8985 -->\t\t<div class=\"elementor-element elementor-element-6cb2654b elementor-widget elementor-widget-heading\" data-id=\"6cb2654b\" data-element_type=\"widget\" data-e-type=\"widget\" data-widget_type=\"heading.default\">\n\t\t\t\t<div class=\"elementor-widget-container\">\n\t\t\t\t\t<h5 class=\"elementor-heading-title elementor-size-default\">1. Sunset and sunrise and the SERA definition of night<\/h5>\t\t\t\t<\/div>\n\t\t\t\t<\/div>\n\t\t\t\t<div class=\"elementor-element elementor-element-1935b524 elementor-widget elementor-widget-shortcode\" data-id=\"1935b524\" data-element_type=\"widget\" data-e-type=\"widget\" data-widget_type=\"shortcode.default\">\n\t\t\t\t<div class=\"elementor-widget-container\">\n\t\t\t\t\t\t\t<div class=\"elementor-shortcode\"><table><tbody><tr><td>Finnish time today, 13.04.2026<\/br><b> - Night ends: 05:06<\/br> - Sunrise: 05:58<\/br> - Sunset: 20:40<\/br> - Night begins: 21:31<\/br><\/b><\/td>\r\n<td> Times tomorrow <\/br><b> - Night ends tomorrow: 05:02<\/br> - Sunrise tomorrow: 05:54<\/br> - sunset tomorrow: 20:43<\/br> - Night begins tomorrow: 21:35<\/b><\/td><\/tr><\/tbody><\/table><\/div>\n\t\t\t\t\t\t<\/div>\n\t\t\t\t<\/div>\n\t\t\t\t<div class=\"elementor-element elementor-element-640f9142 elementor-widget elementor-widget-heading\" data-id=\"640f9142\" data-element_type=\"widget\" data-e-type=\"widget\" data-widget_type=\"heading.default\">\n\t\t\t\t<div class=\"elementor-widget-container\">\n\t\t\t\t\t<h5 class=\"elementor-heading-title elementor-size-default\">2. General information:<\/h5>\t\t\t\t<\/div>\n\t\t\t\t<\/div>\n\t\t\t\t<div class=\"elementor-element elementor-element-2b8d2adb elementor-widget elementor-widget-text-editor\" data-id=\"2b8d2adb\" data-element_type=\"widget\" data-e-type=\"widget\" data-widget_type=\"text-editor.default\">\n\t\t\t\t<div class=\"elementor-widget-container\">\n\t\t\t\t\t\t\t\t\t<p>The field is situated by highway No:4 to the north of Viitasaari, some 4 kilometres from Viitasaari center. On the field there are two hangars, a grill shelter, and a WC. In the winter activities with ski-equipped aircraft.<\/p>\n\t\t\t\t\t\t\t\t<\/div>\n\t\t\t\t<\/div>\n\t\t\t\t<div class=\"elementor-element elementor-element-36b0f4bc elementor-widget elementor-widget-heading\" data-id=\"36b0f4bc\" data-element_type=\"widget\" data-e-type=\"widget\" data-widget_type=\"heading.default\">\n\t\t\t\t<div class=\"elementor-widget-container\">\n\t\t\t\t\t<h5 class=\"elementor-heading-title elementor-size-default\">3.  Price Information:<\/h5>\t\t\t\t<\/div>\n\t\t\t\t<\/div>\n\t\t\t\t<div class=\"elementor-element elementor-element-64058ef7 elementor-widget elementor-widget-text-editor\" data-id=\"64058ef7\" data-element_type=\"widget\" data-e-type=\"widget\" data-widget_type=\"text-editor.default\">\n\t\t\t\t<div class=\"elementor-widget-container\">\n\t\t\t\t\t\t\t\t\t<p>NIL<\/p>\n\t\t\t\t\t\t\t\t<\/div>\n\t\t\t\t<\/div>\n\t\t\t\t<div class=\"elementor-element elementor-element-ee75dfd elementor-widget elementor-widget-heading\" data-id=\"ee75dfd\" data-element_type=\"widget\" data-e-type=\"widget\" data-widget_type=\"heading.default\">\n\t\t\t\t<div class=\"elementor-widget-container\">\n\t\t\t\t\t<h5 class=\"elementor-heading-title elementor-size-default\">4. The Airport:<\/h5>\t\t\t\t<\/div>\n\t\t\t\t<\/div>\n\t\t\t\t<div class=\"elementor-element elementor-element-58fefbcc elementor-widget elementor-widget-text-editor\" data-id=\"58fefbcc\" data-element_type=\"widget\" data-e-type=\"widget\" data-widget_type=\"text-editor.default\">\n\t\t\t\t<div class=\"elementor-widget-container\">\n\t\t\t\t\t\t\t\t\t<p>The runway is grass surfaced, the lenght of grass varies (it is advisable to check by phoning the airfield manager). The apron is gravel surfaced and hard. To the west of tha field low bushes, to the east agricultural fields. The total length of the field is 800 metres (the distance between the thresholds is short, because the high trees to the north restricted the use of the runway). The tree cluster to the north has now been cut down, so the whole length of the runway is now usable. Take-off can now be safely performed in both directions. No winter maintenance.<\/p>\n\t\t\t\t\t\t\t\t<\/div>\n\t\t\t\t<\/div>\n\t\t\t\t<div class=\"elementor-element elementor-element-7ffa0290 elementor-widget elementor-widget-heading\" data-id=\"7ffa0290\" data-element_type=\"widget\" data-e-type=\"widget\" data-widget_type=\"heading.default\">\n\t\t\t\t<div class=\"elementor-widget-container\">\n\t\t\t\t\t<h5 class=\"elementor-heading-title elementor-size-default\">5. Basic data:<\/h5>\t\t\t\t<\/div>\n\t\t\t\t<\/div>\n\t\t\t\t<div class=\"elementor-element elementor-element-43e86e44 elementor-widget elementor-widget-text-editor\" data-id=\"43e86e44\" data-element_type=\"widget\" data-e-type=\"widget\" data-widget_type=\"text-editor.default\">\n\t\t\t\t<div class=\"elementor-widget-container\">\n\t\t\t\t\t\t\t\t\t<p><strong>Coordinates:<\/strong> 630721N 0254834E<br \/>\n<strong>Runway:<\/strong> 16\/34 \u2013 290 x 25 m \u2013 grass<br \/>\n<strong>Radio frequency:<\/strong> 123,500<br \/>\n<strong>Airport elevation:<\/strong> 110 m (361 ft)<br \/>\n<strong>Fuel availability:<\/strong> NIL<br \/>\n<strong>Private<\/strong><br \/>\n<strong>Announcements:<\/strong>\u00a0<a class=\"popup\" href=\"https:\/\/lentopaikat.fi\/notam\/notam.php?a=EFVI\" data-width=\"500\" data-height=\"600\" data-scrollbars=\"1\">NOTAM<\/a><\/p>\n\t\t\t\t\t\t\t\t<\/div>\n\t\t\t\t<\/div>\n\t\t\t\t<div class=\"elementor-element elementor-element-187dcd3 elementor-widget elementor-widget-heading\" data-id=\"187dcd3\" data-element_type=\"widget\" data-e-type=\"widget\" data-widget_type=\"heading.default\">\n\t\t\t\t<div class=\"elementor-widget-container\">\n\t\t\t\t\t<h5 class=\"elementor-heading-title elementor-size-default\"> 6. Sight seeing and services<\/h5>\t\t\t\t<\/div>\n\t\t\t\t<\/div>\n\t\t\t\t<div class=\"elementor-element elementor-element-3c1855c7 elementor-widget elementor-widget-text-editor\" data-id=\"3c1855c7\" data-element_type=\"widget\" data-e-type=\"widget\" data-widget_type=\"text-editor.default\">\n\t\t\t\t<div class=\"elementor-widget-container\">\n\t\t\t\t\t\t\t\t\t<p>Accommodation and food are available at a hotel-restaurant some 400 metres from the field. Accommodation can also be found at the centre (hotel Pihkuri and B&amp;B domestic accommodation Miekkaniemi).<\/p>\n\t\t\t\t\t\t\t\t<\/div>\n\t\t\t\t<\/div>\n\t\t\t\t<div class=\"elementor-element elementor-element-3c1df446 elementor-widget elementor-widget-heading\" data-id=\"3c1df446\" data-element_type=\"widget\" data-e-type=\"widget\" data-widget_type=\"heading.default\">\n\t\t\t\t<div class=\"elementor-widget-container\">\n\t\t\t\t\t<h5 class=\"elementor-heading-title elementor-size-default\">7. Contact information:<\/h5>\t\t\t\t<\/div>\n\t\t\t\t<\/div>\n\t\t\t\t<div class=\"elementor-element elementor-element-48916a7f elementor-widget elementor-widget-text-editor\" data-id=\"48916a7f\" data-element_type=\"widget\" data-e-type=\"widget\" data-widget_type=\"text-editor.default\">\n\t\t\t\t<div class=\"elementor-widget-container\">\n\t\t\t\t\t\t\t\t\t<p>Kent\u00e4n p\u00e4\u00e4llikk\u00f6 Ilkka Kemppainen (040) 036 1489.<br \/>\nTaksi (014) 0200 52500.<\/p>\n\t\t\t\t\t\t\t\t<\/div>\n\t\t\t\t<\/div>\n\t\t\t\t<div class=\"elementor-element elementor-element-72d4d7dd elementor-widget elementor-widget-heading\" data-id=\"72d4d7dd\" data-element_type=\"widget\" data-e-type=\"widget\" data-widget_type=\"heading.default\">\n\t\t\t\t<div class=\"elementor-widget-container\">\n\t\t\t\t\t<h5 class=\"elementor-heading-title elementor-size-default\">8.  Links:<\/h5>\t\t\t\t<\/div>\n\t\t\t\t<\/div>\n\t\t\t\t<div class=\"elementor-element elementor-element-9ebc669 elementor-widget elementor-widget-heading\" data-id=\"9ebc669\" data-element_type=\"widget\" data-e-type=\"widget\" data-widget_type=\"heading.default\">\n\t\t\t\t<div class=\"elementor-widget-container\">\n\t\t\t\t\t<h5 class=\"elementor-heading-title elementor-size-default\">9. Map<\/h5>\t\t\t\t<\/div>\n\t\t\t\t<\/div>\n\t\t\t\t<div class=\"elementor-element elementor-element-4ed3b8ed elementor-widget elementor-widget-google_maps\" data-id=\"4ed3b8ed\" data-element_type=\"widget\" data-e-type=\"widget\" data-widget_type=\"google_maps.default\">\n\t\t\t\t<div class=\"elementor-widget-container\">\n\t\t\t\t\t\t\t<div class=\"elementor-custom-embed\">\n\t\t\t<iframe loading=\"lazy\"\n\t\t\t\t\tsrc=\"https:\/\/www.google.com\/maps\/embed\/v1\/place?key=AIzaSyC1j1iK8FQx51JcFwNxcbaAudBg3BxuVow&#038;q=Viitasaaren%20lpienentokentt%C3%A4&#038;zoom=13\"\n\t\t\t\t\ttitle=\"Viitasaaren lpienentokentt\u00e4\"\n\t\t\t\t\taria-label=\"Viitasaaren lpienentokentt\u00e4\"\n\t\t\t><\/iframe>\n\t\t<\/div>\n\t\t\t\t\t\t<\/div>\n\t\t\t\t<\/div>\n\t\t\t\t\t<\/div>\n\t\t<\/div>\n\t\t\t\t<div class=\"elementor-column elementor-col-50 elementor-inner-column elementor-element elementor-element-749955e7\" data-id=\"749955e7\" data-element_type=\"column\" data-e-type=\"column\">\n\t\t\t<div class=\"elementor-widget-wrap elementor-element-populated\">\n\t\t\t\t\t\t<div class=\"elementor-element elementor-element-1a1b7803 elementor-widget elementor-widget-image\" data-id=\"1a1b7803\" data-element_type=\"widget\" data-e-type=\"widget\" data-widget_type=\"image.default\">\n\t\t\t\t<div class=\"elementor-widget-container\">\n\t\t\t\t\t\t\t\t\t\t\t\t<figure class=\"wp-caption\">\n\t\t\t\t\t\t\t\t\t\t\t<a href=\"https:\/\/lentopaikat.fi\/wp-content\/uploads\/efvi.gif\" data-elementor-open-lightbox=\"yes\" data-elementor-lightbox-title=\"efvi\" data-e-action-hash=\"#elementor-action%3Aaction%3Dlightbox%26settings%3DeyJpZCI6MzUxNjgsInVybCI6Imh0dHBzOlwvXC9sZW50b3BhaWthdC5maVwvd3AtY29udGVudFwvdXBsb2Fkc1wvZWZ2aS5naWYifQ%3D%3D\">\n\t\t\t\t\t\t\t<img fetchpriority=\"high\" decoding=\"async\" width=\"200\" height=\"352\" src=\"https:\/\/lentopaikat.fi\/wp-content\/uploads\/efvi.gif\" class=\"attachment-large size-large wp-image-35168\" alt=\"\" \/>\t\t\t\t\t\t\t\t<\/a>\n\t\t\t\t\t\t\t\t\t\t\t<figcaption class=\"widget-image-caption wp-caption-text\"><\/figcaption>\n\t\t\t\t\t\t\t\t\t\t<\/figure>\n\t\t\t\t\t\t\t\t\t<\/div>\n\t\t\t\t<\/div>\n\t\t\t\t<div class=\"elementor-element elementor-element-1df47410 elementor-widget elementor-widget-image\" data-id=\"1df47410\" data-element_type=\"widget\" data-e-type=\"widget\" data-widget_type=\"image.default\">\n\t\t\t\t<div class=\"elementor-widget-container\">\n\t\t\t\t\t\t\t\t\t\t\t\t<figure class=\"wp-caption\">\n\t\t\t\t\t\t\t\t\t\t\t<a href=\"https:\/\/lentopaikat.fi\/wp-content\/uploads\/EFVI_LDG1.pdf\" target=\"_blank\">\n\t\t\t\t\t\t\t<img decoding=\"async\" width=\"724\" height=\"1024\" src=\"https:\/\/lentopaikat.fi\/wp-content\/uploads\/EFVI_LDG1-724x1024.jpg\" class=\"attachment-large size-large wp-image-35171\" alt=\"\" srcset=\"https:\/\/lentopaikat.fi\/wp-content\/uploads\/EFVI_LDG1-724x1024.jpg 724w, https:\/\/lentopaikat.fi\/wp-content\/uploads\/EFVI_LDG1-212x300.jpg 212w, https:\/\/lentopaikat.fi\/wp-content\/uploads\/EFVI_LDG1-768x1086.jpg 768w, https:\/\/lentopaikat.fi\/wp-content\/uploads\/EFVI_LDG1-1086x1536.jpg 1086w, https:\/\/lentopaikat.fi\/wp-content\/uploads\/EFVI_LDG1-1448x2048.jpg 1448w, https:\/\/lentopaikat.fi\/wp-content\/uploads\/EFVI_LDG1-8x12.jpg 8w, https:\/\/lentopaikat.fi\/wp-content\/uploads\/EFVI_LDG1.jpg 1654w\" sizes=\"(max-width: 724px) 100vw, 724px\" \/>\t\t\t\t\t\t\t\t<\/a>\n\t\t\t\t\t\t\t\t\t\t\t<figcaption class=\"widget-image-caption wp-caption-text\">LDG CHART, CLICK ON PICTURE TO OPEN PDF DOCUMENT<\/figcaption>\n\t\t\t\t\t\t\t\t\t\t<\/figure>\n\t\t\t\t\t\t\t\t\t<\/div>\n\t\t\t\t<\/div>\n\t\t<div class=\"elementor-element elementor-element-1dea6ade e-flex e-con-boxed e-con e-parent\" data-id=\"1dea6ade\" data-element_type=\"container\" data-e-type=\"container\">\n\t\t\t\t\t<div class=\"e-con-inner\">\n\t\t\t\t<div class=\"elementor-element elementor-element-40002caa elementor-arrows-position-inside elementor-widget elementor-widget-image-carousel\" data-id=\"40002caa\" data-element_type=\"widget\" data-e-type=\"widget\" data-settings=\"{&quot;slides_to_show&quot;:&quot;1&quot;,&quot;navigation&quot;:&quot;arrows&quot;,&quot;speed&quot;:900,&quot;autoplay&quot;:&quot;yes&quot;,&quot;pause_on_hover&quot;:&quot;yes&quot;,&quot;pause_on_interaction&quot;:&quot;yes&quot;,&quot;autoplay_speed&quot;:5000,&quot;infinite&quot;:&quot;yes&quot;,&quot;effect&quot;:&quot;slide&quot;}\" data-widget_type=\"image-carousel.default\">\n\t\t\t\t<div class=\"elementor-widget-container\">\n\t\t\t\t\t\t\t<div class=\"elementor-image-carousel-wrapper swiper\" role=\"region\" aria-roledescription=\"carousel\" aria-label=\"Image Carousel\" dir=\"ltr\">\n\t\t\t<div class=\"elementor-image-carousel swiper-wrapper swiper-image-stretch\" aria-live=\"off\">\n\t\t\t\t\t\t\t\t<div class=\"swiper-slide\" role=\"group\" aria-roledescription=\"slide\" aria-label=\"1 of 5\"><a data-elementor-open-lightbox=\"yes\" data-elementor-lightbox-slideshow=\"40002caa\" data-elementor-lightbox-title=\"efvi-2\" data-elementor-lightbox-description=\"KENTT\u00c4 RADAN 16 MY\u00d6T\u00c4TUULIOSAN ALUSTA KUVATTUNA. RADAN POHJOISP\u00c4\u00c4SS\u00c4 OLEVA VAALEAMPI N 150 M PITUINEN ALUE OSOITTAUTUI \u00c4SKETT\u00c4IN NIITETYKSI, KUN TAAS RADAN ETEL\u00c4OSAA EI OLLUT V\u00c4H\u00c4\u00c4N AIKAAN NIITETTY.\nKUVATTU: 17.8.2015\nKUVA VEIKKO KARASVIRTA\" data-e-action-hash=\"#elementor-action%3Aaction%3Dlightbox%26settings%3DeyJpZCI6MzUxNjYsInVybCI6Imh0dHBzOlwvXC9sZW50b3BhaWthdC5maVwvd3AtY29udGVudFwvdXBsb2Fkc1wvZWZ2aS0yLmpwZyIsInNsaWRlc2hvdyI6IjQwMDAyY2FhIn0%3D\" href=\"https:\/\/lentopaikat.fi\/wp-content\/uploads\/efvi-2.jpg\"><figure class=\"swiper-slide-inner\"><img decoding=\"async\" class=\"swiper-slide-image\" src=\"https:\/\/lentopaikat.fi\/wp-content\/uploads\/efvi-2-1024x768.jpg\" alt=\"KENTT\u00c4 RADAN 16 MY\u00d6T\u00c4TUULIOSAN ALUSTA KUVATTUNA. RADAN POHJOISP\u00c4\u00c4SS\u00c4 OLEVA VAALEAMPI N 150 M PITUINEN ALUE OSOITTAUTUI \u00c4SKETT\u00c4IN NIITETYKSI, KUN TAAS RADAN ETEL\u00c4OSAA EI OLLUT V\u00c4H\u00c4\u00c4N AIKAAN NIITETTY.\nKUVATTU: 17.8.2015\nKUVA VEIKKO KARASVIRTA\" \/><figcaption class=\"elementor-image-carousel-caption\">KENTT\u00c4 RADAN 16 MY\u00d6T\u00c4TUULIOSAN ALUSTA KUVATTUNA. RADAN POHJOISP\u00c4\u00c4SS\u00c4 OLEVA VAALEAMPI N 150 M PITUINEN ALUE OSOITTAUTUI \u00c4SKETT\u00c4IN NIITETYKSI, KUN TAAS RADAN ETEL\u00c4OSAA EI OLLUT V\u00c4H\u00c4\u00c4N AIKAAN NIITETTY.\nKUVATTU: 17.8.2015\nKUVA VEIKKO KARASVIRTA<\/figcaption><\/figure><\/a><\/div><div class=\"swiper-slide\" role=\"group\" aria-roledescription=\"slide\" aria-label=\"2 of 5\"><a data-elementor-open-lightbox=\"yes\" data-elementor-lightbox-slideshow=\"40002caa\" data-elementor-lightbox-title=\"efvi-1\" data-elementor-lightbox-description=\"RATAA 34 POHJOISEEN P\u00c4IN KATSOTTAESSA : KUIN KES\u00c4INEN KUKKAKETO, HEINIEN KORKEUS KOLMISENKYMMENT\u00c4 SENTTI\u00c4. (MUTTEI SENT\u00c4\u00c4N MIT\u00c4\u00c4N VERRATTUNA JOIHINKIN K\u00c4YTYIHIN VIRON NURMIKENTTIIN) LESSON LEARNED: KANNATTAA SOITELLA ETUK\u00c4TEEN JA KYSELL\u00c4 T\u00c4LLAISTEN KENTTIEN HOITOTILANNE. NYT SELVITTIIN RUOHOJEN REPIMISELL\u00c4 LASKUTELINEIST\u00c4 JA POTKURIN LAPAK\u00c4RKIEN PUTSAUKSELLA. KUVATTU: 17.8.2015\nKUVA: VEIKKO KARASVIRTA\" data-e-action-hash=\"#elementor-action%3Aaction%3Dlightbox%26settings%3DeyJpZCI6MzUxNjUsInVybCI6Imh0dHBzOlwvXC9sZW50b3BhaWthdC5maVwvd3AtY29udGVudFwvdXBsb2Fkc1wvZWZ2aS0xLmpwZyIsInNsaWRlc2hvdyI6IjQwMDAyY2FhIn0%3D\" href=\"https:\/\/lentopaikat.fi\/wp-content\/uploads\/efvi-1.jpg\"><figure class=\"swiper-slide-inner\"><img decoding=\"async\" class=\"swiper-slide-image\" src=\"https:\/\/lentopaikat.fi\/wp-content\/uploads\/efvi-1-1024x768.jpg\" alt=\"RATAA 34 POHJOISEEN P\u00c4IN KATSOTTAESSA : KUIN KES\u00c4INEN KUKKAKETO, HEINIEN KORKEUS KOLMISENKYMMENT\u00c4 SENTTI\u00c4. (MUTTEI SENT\u00c4\u00c4N MIT\u00c4\u00c4N VERRATTUNA JOIHINKIN K\u00c4YTYIHIN VIRON NURMIKENTTIIN) LESSON LEARNED: KANNATTAA SOITELLA ETUK\u00c4TEEN JA KYSELL\u00c4 T\u00c4LLAISTEN KENTTIEN HOITOTILANNE. NYT SELVITTIIN RUOHOJEN REPIMISELL\u00c4 LASKUTELINEIST\u00c4 JA POTKURIN LAPAK\u00c4RKIEN PUTSAUKSELLA. KUVATTU: 17.8.2015\nKUVA: VEIKKO KARASVIRTA\" \/><figcaption class=\"elementor-image-carousel-caption\">RATAA 34 POHJOISEEN P\u00c4IN KATSOTTAESSA : KUIN KES\u00c4INEN KUKKAKETO, HEINIEN KORKEUS KOLMISENKYMMENT\u00c4 SENTTI\u00c4. (MUTTEI SENT\u00c4\u00c4N MIT\u00c4\u00c4N VERRATTUNA JOIHINKIN K\u00c4YTYIHIN VIRON NURMIKENTTIIN) LESSON LEARNED: KANNATTAA SOITELLA ETUK\u00c4TEEN JA KYSELL\u00c4 T\u00c4LLAISTEN KENTTIEN HOITOTILANNE. NYT SELVITTIIN RUOHOJEN REPIMISELL\u00c4 LASKUTELINEIST\u00c4 JA POTKURIN LAPAK\u00c4RKIEN PUTSAUKSELLA. KUVATTU: 17.8.2015\nKUVA: VEIKKO KARASVIRTA<\/figcaption><\/figure><\/a><\/div><div class=\"swiper-slide\" role=\"group\" aria-roledescription=\"slide\" aria-label=\"3 of 5\"><a data-elementor-open-lightbox=\"yes\" data-elementor-lightbox-slideshow=\"40002caa\" data-elementor-lightbox-title=\"efvi-3\" data-elementor-lightbox-description=\"LENTOKENTT\u00c4HALLI OLI KURKISTUKSEN PERUSTELLA TYHJ\u00c4 NYT 17.8.2015, NIIN KUIN VIIMEKSI KAKSI VUOTTA AIKAISEMMINKIN PIST\u00c4YTYESS\u00c4MME. PLATALLE VARASTOITUNA SORAA, PUUTAVARAA JNE.\nKUVA VEIKKO KARASVIRTA\" data-e-action-hash=\"#elementor-action%3Aaction%3Dlightbox%26settings%3DeyJpZCI6MzUxNjcsInVybCI6Imh0dHBzOlwvXC9sZW50b3BhaWthdC5maVwvd3AtY29udGVudFwvdXBsb2Fkc1wvZWZ2aS0zLmpwZyIsInNsaWRlc2hvdyI6IjQwMDAyY2FhIn0%3D\" href=\"https:\/\/lentopaikat.fi\/wp-content\/uploads\/efvi-3.jpg\"><figure class=\"swiper-slide-inner\"><img decoding=\"async\" class=\"swiper-slide-image\" src=\"https:\/\/lentopaikat.fi\/wp-content\/uploads\/efvi-3-1024x768.jpg\" alt=\"LENTOKENTT\u00c4HALLI OLI KURKISTUKSEN PERUSTELLA TYHJ\u00c4 NYT 17.8.2015, NIIN KUIN VIIMEKSI KAKSI VUOTTA AIKAISEMMINKIN PIST\u00c4YTYESS\u00c4MME. PLATALLE VARASTOITUNA SORAA, PUUTAVARAA JNE.\nKUVA VEIKKO KARASVIRTA\" \/><figcaption class=\"elementor-image-carousel-caption\">LENTOKENTT\u00c4HALLI OLI KURKISTUKSEN PERUSTELLA TYHJ\u00c4 NYT 17.8.2015, NIIN KUIN VIIMEKSI KAKSI VUOTTA AIKAISEMMINKIN PIST\u00c4YTYESS\u00c4MME. PLATALLE VARASTOITUNA SORAA, PUUTAVARAA JNE.\nKUVA VEIKKO KARASVIRTA<\/figcaption><\/figure><\/a><\/div><div class=\"swiper-slide\" role=\"group\" aria-roledescription=\"slide\" aria-label=\"4 of 5\"><a data-elementor-open-lightbox=\"yes\" data-elementor-lightbox-slideshow=\"40002caa\" data-elementor-lightbox-title=\"efvi_rwy\" data-elementor-lightbox-description=\"KENT\u00c4N KIITOTIE KES\u00c4LL\u00c4 2005. KUVA STEPI SUNDBERG. (KLIKKAA SUUREKSI)\" data-e-action-hash=\"#elementor-action%3Aaction%3Dlightbox%26settings%3DeyJpZCI6MzUxNzMsInVybCI6Imh0dHBzOlwvXC9sZW50b3BhaWthdC5maVwvd3AtY29udGVudFwvdXBsb2Fkc1wvZWZ2aV9yd3kuanBnIiwic2xpZGVzaG93IjoiNDAwMDJjYWEifQ%3D%3D\" href=\"https:\/\/lentopaikat.fi\/wp-content\/uploads\/efvi_rwy.jpg\"><figure class=\"swiper-slide-inner\"><img decoding=\"async\" class=\"swiper-slide-image\" src=\"https:\/\/lentopaikat.fi\/wp-content\/uploads\/efvi_rwy.jpg\" alt=\"KENT\u00c4N KIITOTIE KES\u00c4LL\u00c4 2005. KUVA STEPI SUNDBERG. (KLIKKAA SUUREKSI)\" \/><figcaption class=\"elementor-image-carousel-caption\">KENT\u00c4N KIITOTIE KES\u00c4LL\u00c4 2005. KUVA STEPI SUNDBERG. (KLIKKAA SUUREKSI)<\/figcaption><\/figure><\/a><\/div><div class=\"swiper-slide\" role=\"group\" aria-roledescription=\"slide\" aria-label=\"5 of 5\"><a data-elementor-open-lightbox=\"yes\" data-elementor-lightbox-slideshow=\"40002caa\" data-elementor-lightbox-title=\"efvi_hallit\" data-elementor-lightbox-description=\"KENT\u00c4N HALLIT KES\u00c4LL\u00c4 2005. KUVA STEPI SUNDBERG. (KLIKKAA SUUREKSI)\" data-e-action-hash=\"#elementor-action%3Aaction%3Dlightbox%26settings%3DeyJpZCI6MzUxNzAsInVybCI6Imh0dHBzOlwvXC9sZW50b3BhaWthdC5maVwvd3AtY29udGVudFwvdXBsb2Fkc1wvZWZ2aV9oYWxsaXQuanBnIiwic2xpZGVzaG93IjoiNDAwMDJjYWEifQ%3D%3D\" href=\"https:\/\/lentopaikat.fi\/wp-content\/uploads\/efvi_hallit.jpg\"><figure class=\"swiper-slide-inner\"><img decoding=\"async\" class=\"swiper-slide-image\" src=\"https:\/\/lentopaikat.fi\/wp-content\/uploads\/efvi_hallit.jpg\" alt=\"KENT\u00c4N HALLIT KES\u00c4LL\u00c4 2005. KUVA STEPI SUNDBERG. (KLIKKAA SUUREKSI)\" \/><figcaption class=\"elementor-image-carousel-caption\">KENT\u00c4N HALLIT KES\u00c4LL\u00c4 2005. KUVA STEPI SUNDBERG. (KLIKKAA SUUREKSI)<\/figcaption><\/figure><\/a><\/div>\t\t\t<\/div>\n\t\t\t\t\t\t\t\t\t\t\t\t<div class=\"elementor-swiper-button elementor-swiper-button-prev\" role=\"button\" tabindex=\"0\">\n\t\t\t\t\t\t<i aria-hidden=\"true\" class=\"eicon-chevron-left\"><\/i>\t\t\t\t\t<\/div>\n\t\t\t\t\t<div class=\"elementor-swiper-button elementor-swiper-button-next\" role=\"button\" tabindex=\"0\">\n\t\t\t\t\t\t<i aria-hidden=\"true\" class=\"eicon-chevron-right\"><\/i>\t\t\t\t\t<\/div>\n\t\t\t\t\n\t\t\t\t\t\t\t\t\t<\/div>\n\t\t\t\t\t\t<\/div>\n\t\t\t\t<\/div>\n\t\t\t\t\t<\/div>\n\t\t\t\t<\/div>\n\t\t\t\t\t<\/div>\n\t\t<\/div>\n\t\t\t\t\t<\/div>\n\t\t<\/section>\n\t\t\t\t\t<\/div>\n\t\t<\/div>\n\t\t\t\t\t<\/div>\n\t\t<\/section>\n\t\t\t\t<\/div>\n\t\t","protected":false},"excerpt":{"rendered":"<p>Viitasaari &#8211; EFVI Warning! T\u00e4m\u00e4 on ns, &#8220;k\u00f6yh\u00e4n miehen NOTAM&#8221; eli t\u00e4ll\u00e4 voi varoittaa kent\u00e4ll\u00e4 tapahtuvasta poikkeavasta toiminnasta. T\u00e4m\u00e4 ilmoitus on ajastettavissa ja n\u00e4kyy vain silloin kun on jotain varoitettaavaa Varoitus ei ole suljettavissaT\u00e4m\u00e4n aikaa voi s\u00e4\u00e4t\u00e4 vasemmalta Visibility v\u00e4lilehdest\u00e4 1. Sunset and sunrise and the SERA definition of night 2. General information: The field [&hellip;]<\/p>\n","protected":false},"author":1,"featured_media":0,"parent":0,"menu_order":0,"comment_status":"closed","ping_status":"closed","template":"","meta":{"inline_featured_image":false,"_lmt_disableupdate":"","_lmt_disable":"","footnotes":""},"class_list":["post-36476","page","type-page","status-publish","hentry"],"_links":{"self":[{"href":"https:\/\/lentopaikat.fi\/en\/wp-json\/wp\/v2\/pages\/36476","targetHints":{"allow":["GET"]}}],"collection":[{"href":"https:\/\/lentopaikat.fi\/en\/wp-json\/wp\/v2\/pages"}],"about":[{"href":"https:\/\/lentopaikat.fi\/en\/wp-json\/wp\/v2\/types\/page"}],"author":[{"embeddable":true,"href":"https:\/\/lentopaikat.fi\/en\/wp-json\/wp\/v2\/users\/1"}],"replies":[{"embeddable":true,"href":"https:\/\/lentopaikat.fi\/en\/wp-json\/wp\/v2\/comments?post=36476"}],"version-history":[{"count":0,"href":"https:\/\/lentopaikat.fi\/en\/wp-json\/wp\/v2\/pages\/36476\/revisions"}],"wp:attachment":[{"href":"https:\/\/lentopaikat.fi\/en\/wp-json\/wp\/v2\/media?parent=36476"}],"curies":[{"name":"wp","href":"https:\/\/api.w.org\/{rel}","templated":true}]}}