{"id":36430,"date":"2022-11-18T12:21:26","date_gmt":"2022-11-18T10:21:26","guid":{"rendered":"https:\/\/lentopaikat.fi\/ummeljoki-kw-kevytlentopaikka\/"},"modified":"2022-11-18T12:28:00","modified_gmt":"2022-11-18T10:28:00","slug":"ummeljoki-kw-kevytlentopaikka","status":"publish","type":"page","link":"https:\/\/lentopaikat.fi\/en\/ummeljoki-kw-kevytlentopaikka\/","title":{"rendered":"Ummeljoki KW kevytlentopaikka"},"content":{"rendered":"\t\t<div data-elementor-type=\"wp-page\" data-elementor-id=\"36430\" class=\"elementor elementor-36430 elementor-36417\" data-elementor-post-type=\"page\">\n\t\t\t\t\t\t<section class=\"elementor-section elementor-top-section elementor-element elementor-element-5bfb63f3 elementor-section-height-min-height elementor-section-full_width elementor-section-height-default elementor-section-items-middle\" data-id=\"5bfb63f3\" data-element_type=\"section\" data-e-type=\"section\" data-settings=\"{&quot;background_background&quot;:&quot;classic&quot;}\">\n\t\t\t\t\t\t\t<div class=\"elementor-background-overlay\"><\/div>\n\t\t\t\t\t\t\t<div class=\"elementor-container elementor-column-gap-default\">\n\t\t\t\t\t<div class=\"elementor-column elementor-col-50 elementor-top-column elementor-element elementor-element-4c10dcdd\" data-id=\"4c10dcdd\" data-element_type=\"column\" data-e-type=\"column\">\n\t\t\t<div class=\"elementor-widget-wrap elementor-element-populated\">\n\t\t\t\t\t\t<div class=\"elementor-element elementor-element-2db989b7 elementor-widget elementor-widget-heading\" data-id=\"2db989b7\" data-element_type=\"widget\" data-e-type=\"widget\" data-widget_type=\"heading.default\">\n\t\t\t\t<div class=\"elementor-widget-container\">\n\t\t\t\t\t<h2 class=\"elementor-heading-title elementor-size-default\">Ummeljoki KW kevytlentopaikka<\/h2>\t\t\t\t<\/div>\n\t\t\t\t<\/div>\n\t\t\t\t\t<\/div>\n\t\t<\/div>\n\t\t\t\t<div class=\"elementor-column elementor-col-50 elementor-top-column elementor-element elementor-element-71fb6635\" data-id=\"71fb6635\" data-element_type=\"column\" data-e-type=\"column\">\n\t\t\t<div class=\"elementor-widget-wrap\">\n\t\t\t\t\t\t\t<\/div>\n\t\t<\/div>\n\t\t\t\t\t<\/div>\n\t\t<\/section>\n\t\t\t\t<section class=\"elementor-section elementor-top-section elementor-element elementor-element-ea3e57b elementor-section-full_width elementor-section-height-default elementor-section-height-default\" data-id=\"ea3e57b\" data-element_type=\"section\" data-e-type=\"section\">\n\t\t\t\t\t\t<div class=\"elementor-container elementor-column-gap-default\">\n\t\t\t\t\t<div class=\"elementor-column elementor-col-100 elementor-top-column elementor-element elementor-element-c8e0077\" data-id=\"c8e0077\" data-element_type=\"column\" data-e-type=\"column\">\n\t\t\t<div class=\"elementor-widget-wrap elementor-element-populated\">\n\t\t\t\t\t\t<section class=\"elementor-section elementor-inner-section elementor-element elementor-element-dc82533 elementor-section-full_width elementor-section-height-default elementor-section-height-default\" data-id=\"dc82533\" data-element_type=\"section\" data-e-type=\"section\">\n\t\t\t\t\t\t<div class=\"elementor-container elementor-column-gap-wide\">\n\t\t\t\t\t<div class=\"elementor-column elementor-col-50 elementor-inner-column elementor-element elementor-element-6bc0ad66\" data-id=\"6bc0ad66\" data-element_type=\"column\" data-e-type=\"column\">\n\t\t\t<div class=\"elementor-widget-wrap elementor-element-populated\">\n\t\t\t\t<!-- dce invisible element 4b8b5333 -->\t\t<div class=\"elementor-element elementor-element-7f026ffd elementor-widget elementor-widget-heading\" data-id=\"7f026ffd\" data-element_type=\"widget\" data-e-type=\"widget\" data-widget_type=\"heading.default\">\n\t\t\t\t<div class=\"elementor-widget-container\">\n\t\t\t\t\t<h5 class=\"elementor-heading-title elementor-size-default\">1. Sunset and sunrise and the SERA definition of night<\/h5>\t\t\t\t<\/div>\n\t\t\t\t<\/div>\n\t\t\t\t<div class=\"elementor-element elementor-element-152658ce elementor-widget elementor-widget-shortcode\" data-id=\"152658ce\" data-element_type=\"widget\" data-e-type=\"widget\" data-widget_type=\"shortcode.default\">\n\t\t\t\t<div class=\"elementor-widget-container\">\n\t\t\t\t\t\t\t<div class=\"elementor-shortcode\"><table><tbody><tr><td>Finnish time today, 19.04.2026<\/br><b> - Night ends: 04:56<\/br> - Sunrise: 05:44<\/br> - Sunset: 20:43<\/br> - Night begins: 21:31<\/br><\/b><\/td>\r\n<td> Times tomorrow <\/br><b> - Night ends tomorrow: 04:53<\/br> - Sunrise tomorrow: 05:41<\/br> - sunset tomorrow: 20:45<\/br> - Night begins tomorrow: 21:34<\/b><\/td><\/tr><\/tbody><\/table><\/div>\n\t\t\t\t\t\t<\/div>\n\t\t\t\t<\/div>\n\t\t\t\t<div class=\"elementor-element elementor-element-12e8487a elementor-widget elementor-widget-heading\" data-id=\"12e8487a\" data-element_type=\"widget\" data-e-type=\"widget\" data-widget_type=\"heading.default\">\n\t\t\t\t<div class=\"elementor-widget-container\">\n\t\t\t\t\t<h5 class=\"elementor-heading-title elementor-size-default\">2. General information:<\/h5>\t\t\t\t<\/div>\n\t\t\t\t<\/div>\n\t\t\t\t<div class=\"elementor-element elementor-element-5decc8ff elementor-widget elementor-widget-text-editor\" data-id=\"5decc8ff\" data-element_type=\"widget\" data-e-type=\"widget\" data-widget_type=\"text-editor.default\">\n\t\t\t\t<div class=\"elementor-widget-container\">\n\t\t\t\t\t\t\t\t\t<p>The Light Airfield at Ummeljoki near Kouvola, owned by Tuomo Salonen, got its code \u201cEFKW\u201d from Kasper Wrede, the first Finn to have a pilot\u2019s licence, who in 1914 test flew the airplane he had built on the ice of the nearby Kymijoki river. Ummeljoki KW lies some three kilometres west of Myllykoski, and some 10 kilometres to the south of Kouvola centre. The distance to Utti airfield is some fifteen and to Wredeby less than 10 kilometres. On the field there is an 800 square metres hangar, housing the ultralight Ikarus C42 of the owner, and the selfstarting glider Ventus 2cxM of World Champion Markku Kuittinen. The third aircraft in the hangar is the ultralight Renegade Spirit of Harri Tuviala, with a Rotax 100 hv motor. Tuomo Salonen flies and keeps his field open around the year, with reservation for the weather of course. The windsock is to the west of the hangar, and edge lights mark the corners of the hangar. On the hangar wall a display of the wind meter. At 250 metres from the end of runway 25 there is a 110 kW power line, marked with red and white balls. A power line marked on the map runs across the runway as a 20.000 V ground cable. Plans also comprise a crossing runway, without end obstacles.<\/p>\n\t\t\t\t\t\t\t\t<\/div>\n\t\t\t\t<\/div>\n\t\t\t\t<div class=\"elementor-element elementor-element-535af2e5 elementor-widget elementor-widget-heading\" data-id=\"535af2e5\" data-element_type=\"widget\" data-e-type=\"widget\" data-widget_type=\"heading.default\">\n\t\t\t\t<div class=\"elementor-widget-container\">\n\t\t\t\t\t<h5 class=\"elementor-heading-title elementor-size-default\">3.  Price Information:<\/h5>\t\t\t\t<\/div>\n\t\t\t\t<\/div>\n\t\t\t\t<div class=\"elementor-element elementor-element-27a3b90f elementor-widget elementor-widget-text-editor\" data-id=\"27a3b90f\" data-element_type=\"widget\" data-e-type=\"widget\" data-widget_type=\"text-editor.default\">\n\t\t\t\t<div class=\"elementor-widget-container\">\n\t\t\t\t\t\t\t\t\t<p>NIL<\/p>\n\t\t\t\t\t\t\t\t<\/div>\n\t\t\t\t<\/div>\n\t\t\t\t<div class=\"elementor-element elementor-element-45627188 elementor-widget elementor-widget-heading\" data-id=\"45627188\" data-element_type=\"widget\" data-e-type=\"widget\" data-widget_type=\"heading.default\">\n\t\t\t\t<div class=\"elementor-widget-container\">\n\t\t\t\t\t<h5 class=\"elementor-heading-title elementor-size-default\">4. The Airport:<\/h5>\t\t\t\t<\/div>\n\t\t\t\t<\/div>\n\t\t\t\t<div class=\"elementor-element elementor-element-3b014b27 elementor-widget elementor-widget-text-editor\" data-id=\"3b014b27\" data-element_type=\"widget\" data-e-type=\"widget\" data-widget_type=\"text-editor.default\">\n\t\t\t\t<div class=\"elementor-widget-container\">\n\t\t\t\t\t\t\t\t\t<p>NIL<\/p>\n\t\t\t\t\t\t\t\t<\/div>\n\t\t\t\t<\/div>\n\t\t\t\t<div class=\"elementor-element elementor-element-6737d209 elementor-widget elementor-widget-heading\" data-id=\"6737d209\" data-element_type=\"widget\" data-e-type=\"widget\" data-widget_type=\"heading.default\">\n\t\t\t\t<div class=\"elementor-widget-container\">\n\t\t\t\t\t<h5 class=\"elementor-heading-title elementor-size-default\">5. Basic data:<\/h5>\t\t\t\t<\/div>\n\t\t\t\t<\/div>\n\t\t\t\t<div class=\"elementor-element elementor-element-631e82a8 elementor-widget elementor-widget-text-editor\" data-id=\"631e82a8\" data-element_type=\"widget\" data-e-type=\"widget\" data-widget_type=\"text-editor.default\">\n\t\t\t\t<div class=\"elementor-widget-container\">\n\t\t\t\t\t\t\t\t\t<p><strong>Coordinates:<\/strong> 604526N 264406E<br \/>\n<strong>Runway:<\/strong> 07\/25 1040 m x 30 m (sand, moraine, and grass \u2014 the surface is very firm)<br \/>\n<strong>Radio frequency:<\/strong> 123.550<br \/>\n<strong>Airport elevation:<\/strong> 41 m (135 ft)<br \/>\n<strong>Fuel availability:<\/strong> NIL<\/p>\n\t\t\t\t\t\t\t\t<\/div>\n\t\t\t\t<\/div>\n\t\t\t\t<div class=\"elementor-element elementor-element-51ce826a elementor-widget elementor-widget-heading\" data-id=\"51ce826a\" data-element_type=\"widget\" data-e-type=\"widget\" data-widget_type=\"heading.default\">\n\t\t\t\t<div class=\"elementor-widget-container\">\n\t\t\t\t\t<h5 class=\"elementor-heading-title elementor-size-default\"> 6. Sight seeing and services<\/h5>\t\t\t\t<\/div>\n\t\t\t\t<\/div>\n\t\t\t\t<div class=\"elementor-element elementor-element-17e4768b elementor-widget elementor-widget-text-editor\" data-id=\"17e4768b\" data-element_type=\"widget\" data-e-type=\"widget\" data-widget_type=\"text-editor.default\">\n\t\t\t\t<div class=\"elementor-widget-container\">\n\t\t\t\t\t\t\t\t\t<p>Shops, pizzerias and accommodation in Myllykoski some 4 km away. Service stations St1 and ABC creditcard in Myllykoski 3,8 km from the airfield. ABC road shop at Keltakangas (7,3km). Naukkarisen Pihapirtti only 300m away, owner lives close to the field.<\/p>\n\t\t\t\t\t\t\t\t<\/div>\n\t\t\t\t<\/div>\n\t\t\t\t<div class=\"elementor-element elementor-element-536cd70c elementor-widget elementor-widget-heading\" data-id=\"536cd70c\" data-element_type=\"widget\" data-e-type=\"widget\" data-widget_type=\"heading.default\">\n\t\t\t\t<div class=\"elementor-widget-container\">\n\t\t\t\t\t<h5 class=\"elementor-heading-title elementor-size-default\">7. Contact information:<\/h5>\t\t\t\t<\/div>\n\t\t\t\t<\/div>\n\t\t\t\t<div class=\"elementor-element elementor-element-bdcd2cf elementor-widget elementor-widget-text-editor\" data-id=\"bdcd2cf\" data-element_type=\"widget\" data-e-type=\"widget\" data-widget_type=\"text-editor.default\">\n\t\t\t\t<div class=\"elementor-widget-container\">\n\t\t\t\t\t\t\t\t\t<p>Airport Chief: Tuomo Salonen: +358 500 552121<\/p>\n\t\t\t\t\t\t\t\t<\/div>\n\t\t\t\t<\/div>\n\t\t\t\t<div class=\"elementor-element elementor-element-5dd0dbfe elementor-widget elementor-widget-heading\" data-id=\"5dd0dbfe\" data-element_type=\"widget\" data-e-type=\"widget\" data-widget_type=\"heading.default\">\n\t\t\t\t<div class=\"elementor-widget-container\">\n\t\t\t\t\t<h5 class=\"elementor-heading-title elementor-size-default\">8.  Links:<\/h5>\t\t\t\t<\/div>\n\t\t\t\t<\/div>\n\t\t\t\t<div class=\"elementor-element elementor-element-fa8391a elementor-widget elementor-widget-text-editor\" data-id=\"fa8391a\" data-element_type=\"widget\" data-e-type=\"widget\" data-widget_type=\"text-editor.default\">\n\t\t\t\t<div class=\"elementor-widget-container\">\n\t\t\t\t\t\t\t\t\t<ul>\n<li><a href=\"http:\/\/www.ummeljoki.com\/index.php?p=1_9_Ummeljoki-KW\">Ummeljoki village society<\/a><\/li>\n<\/ul>\n\t\t\t\t\t\t\t\t<\/div>\n\t\t\t\t<\/div>\n\t\t\t\t<div class=\"elementor-element elementor-element-52a754b4 elementor-widget elementor-widget-heading\" data-id=\"52a754b4\" data-element_type=\"widget\" data-e-type=\"widget\" data-widget_type=\"heading.default\">\n\t\t\t\t<div class=\"elementor-widget-container\">\n\t\t\t\t\t<h5 class=\"elementor-heading-title elementor-size-default\">9. Map<\/h5>\t\t\t\t<\/div>\n\t\t\t\t<\/div>\n\t\t\t\t<div class=\"elementor-element elementor-element-733db6bb elementor-widget elementor-widget-google_maps\" data-id=\"733db6bb\" data-element_type=\"widget\" data-e-type=\"widget\" data-widget_type=\"google_maps.default\">\n\t\t\t\t<div class=\"elementor-widget-container\">\n\t\t\t\t\t\t\t<div class=\"elementor-custom-embed\">\n\t\t\t<iframe loading=\"lazy\"\n\t\t\t\t\tsrc=\"https:\/\/www.google.com\/maps\/embed\/v1\/place?key=AIzaSyC1j1iK8FQx51JcFwNxcbaAudBg3BxuVow&#038;q=Ummeljoen%20lentokentt%C3%A4&#038;zoom=13\"\n\t\t\t\t\ttitle=\"Ummeljoen lentokentt\u00e4\"\n\t\t\t\t\taria-label=\"Ummeljoen lentokentt\u00e4\"\n\t\t\t><\/iframe>\n\t\t<\/div>\n\t\t\t\t\t\t<\/div>\n\t\t\t\t<\/div>\n\t\t\t\t\t<\/div>\n\t\t<\/div>\n\t\t\t\t<div class=\"elementor-column elementor-col-50 elementor-inner-column elementor-element elementor-element-7eb7eba5\" data-id=\"7eb7eba5\" data-element_type=\"column\" data-e-type=\"column\">\n\t\t\t<div class=\"elementor-widget-wrap elementor-element-populated\">\n\t\t\t\t\t\t<div class=\"elementor-element elementor-element-7e26b1e elementor-widget elementor-widget-image\" data-id=\"7e26b1e\" data-element_type=\"widget\" data-e-type=\"widget\" data-widget_type=\"image.default\">\n\t\t\t\t<div class=\"elementor-widget-container\">\n\t\t\t\t\t\t\t\t\t\t\t\t<figure class=\"wp-caption\">\n\t\t\t\t\t\t\t\t\t\t\t<a href=\"https:\/\/lentopaikat.fi\/wp-content\/uploads\/efkw.png\" data-elementor-open-lightbox=\"yes\" data-elementor-lightbox-title=\"efkw\" data-e-action-hash=\"#elementor-action%3Aaction%3Dlightbox%26settings%3DeyJpZCI6MzQ4ODQsInVybCI6Imh0dHBzOlwvXC9sZW50b3BhaWthdC5maVwvd3AtY29udGVudFwvdXBsb2Fkc1wvZWZrdy5wbmcifQ%3D%3D\">\n\t\t\t\t\t\t\t<img fetchpriority=\"high\" decoding=\"async\" width=\"200\" height=\"352\" src=\"https:\/\/lentopaikat.fi\/wp-content\/uploads\/efkw.png\" class=\"attachment-large size-large wp-image-34884\" alt=\"\" srcset=\"https:\/\/lentopaikat.fi\/wp-content\/uploads\/efkw.png 200w, https:\/\/lentopaikat.fi\/wp-content\/uploads\/efkw-170x300.png 170w, https:\/\/lentopaikat.fi\/wp-content\/uploads\/efkw-7x12.png 7w\" sizes=\"(max-width: 200px) 100vw, 200px\" \/>\t\t\t\t\t\t\t\t<\/a>\n\t\t\t\t\t\t\t\t\t\t\t<figcaption class=\"widget-image-caption wp-caption-text\"><\/figcaption>\n\t\t\t\t\t\t\t\t\t\t<\/figure>\n\t\t\t\t\t\t\t\t\t<\/div>\n\t\t\t\t<\/div>\n\t\t\t\t<div class=\"elementor-element elementor-element-fe292d4 elementor-widget elementor-widget-image\" data-id=\"fe292d4\" data-element_type=\"widget\" data-e-type=\"widget\" data-widget_type=\"image.default\">\n\t\t\t\t<div class=\"elementor-widget-container\">\n\t\t\t\t\t\t\t\t\t\t\t\t\t\t\t\t<a href=\"https:\/\/lentopaikat.fi\/wp-content\/uploads\/EFKW_LDG.pdf\" target=\"_blank\">\n\t\t\t\t\t\t\t<img decoding=\"async\" width=\"791\" height=\"1024\" src=\"https:\/\/lentopaikat.fi\/wp-content\/uploads\/EFKW_LDG-791x1024.jpg\" class=\"attachment-large size-large wp-image-36422\" alt=\"\" srcset=\"https:\/\/lentopaikat.fi\/wp-content\/uploads\/EFKW_LDG-791x1024.jpg 791w, https:\/\/lentopaikat.fi\/wp-content\/uploads\/EFKW_LDG-232x300.jpg 232w, https:\/\/lentopaikat.fi\/wp-content\/uploads\/EFKW_LDG-768x994.jpg 768w, https:\/\/lentopaikat.fi\/wp-content\/uploads\/EFKW_LDG-1187x1536.jpg 1187w, https:\/\/lentopaikat.fi\/wp-content\/uploads\/EFKW_LDG-1583x2048.jpg 1583w, https:\/\/lentopaikat.fi\/wp-content\/uploads\/EFKW_LDG.jpg 1870w\" sizes=\"(max-width: 791px) 100vw, 791px\" \/>\t\t\t\t\t\t\t\t<\/a>\n\t\t\t\t\t\t\t\t\t\t\t\t\t\t\t<\/div>\n\t\t\t\t<\/div>\n\t\t\t\t<div class=\"elementor-element elementor-element-4297fd2 elementor-widget elementor-widget-text-editor\" data-id=\"4297fd2\" data-element_type=\"widget\" data-e-type=\"widget\" data-widget_type=\"text-editor.default\">\n\t\t\t\t<div class=\"elementor-widget-container\">\n\t\t\t\t\t\t\t\t\t<p>AIRFIELD LDG CHART, CLICK ON IMAGE FOR PDF DOCUMENT<\/p>\n\t\t\t\t\t\t\t\t<\/div>\n\t\t\t\t<\/div>\n\t\t<div class=\"elementor-element elementor-element-4c4e0745 e-flex e-con-boxed e-con e-parent\" data-id=\"4c4e0745\" data-element_type=\"container\" data-e-type=\"container\">\n\t\t\t\t\t<div class=\"e-con-inner\">\n\t\t\t\t<div class=\"elementor-element elementor-element-6f1e9846 elementor-arrows-position-inside elementor-widget elementor-widget-image-carousel\" data-id=\"6f1e9846\" data-element_type=\"widget\" data-e-type=\"widget\" data-settings=\"{&quot;slides_to_show&quot;:&quot;1&quot;,&quot;navigation&quot;:&quot;arrows&quot;,&quot;speed&quot;:900,&quot;autoplay&quot;:&quot;yes&quot;,&quot;pause_on_hover&quot;:&quot;yes&quot;,&quot;pause_on_interaction&quot;:&quot;yes&quot;,&quot;autoplay_speed&quot;:5000,&quot;infinite&quot;:&quot;yes&quot;,&quot;effect&quot;:&quot;slide&quot;}\" data-widget_type=\"image-carousel.default\">\n\t\t\t\t<div class=\"elementor-widget-container\">\n\t\t\t\t\t\t\t<div class=\"elementor-image-carousel-wrapper swiper\" role=\"region\" aria-roledescription=\"carousel\" aria-label=\"Image Carousel\" dir=\"ltr\">\n\t\t\t<div class=\"elementor-image-carousel swiper-wrapper swiper-image-stretch\" aria-live=\"off\">\n\t\t\t\t\t\t\t\t<div class=\"swiper-slide\" role=\"group\" aria-roledescription=\"slide\" aria-label=\"1 of 8\"><a data-elementor-open-lightbox=\"yes\" data-elementor-lightbox-slideshow=\"6f1e9846\" data-elementor-lightbox-title=\"EFKW_ummeljoki_kw_kt-25\" data-elementor-lightbox-description=\"Ummeljoki KW 27.5.2012 kiitotien 25 suunnasta. (klikkaa suureksi)\nKuva: Markku Korsum\u00e4ki.\" data-e-action-hash=\"#elementor-action%3Aaction%3Dlightbox%26settings%3DeyJpZCI6MzQ4ODYsInVybCI6Imh0dHBzOlwvXC9sZW50b3BhaWthdC5maVwvd3AtY29udGVudFwvdXBsb2Fkc1wvRUZLV191bW1lbGpva2lfa3dfa3QtMjUuanBnIiwic2xpZGVzaG93IjoiNmYxZTk4NDYifQ%3D%3D\" href=\"https:\/\/lentopaikat.fi\/wp-content\/uploads\/EFKW_ummeljoki_kw_kt-25.jpg\"><figure class=\"swiper-slide-inner\"><img decoding=\"async\" class=\"swiper-slide-image\" src=\"https:\/\/lentopaikat.fi\/wp-content\/uploads\/EFKW_ummeljoki_kw_kt-25.jpg\" alt=\"Ummeljoki KW 27.5.2012 kiitotien 25 suunnasta. (klikkaa suureksi)\nKuva: Markku Korsum\u00e4ki.\" \/><figcaption class=\"elementor-image-carousel-caption\">Ummeljoki KW 27.5.2012 kiitotien 25 suunnasta. (klikkaa suureksi)\nKuva: Markku Korsum\u00e4ki.<\/figcaption><\/figure><\/a><\/div><div class=\"swiper-slide\" role=\"group\" aria-roledescription=\"slide\" aria-label=\"2 of 8\"><a data-elementor-open-lightbox=\"yes\" data-elementor-lightbox-slideshow=\"6f1e9846\" data-elementor-lightbox-title=\"EFKW_ummeljoki_kw_kt-07\" data-elementor-lightbox-description=\"UMMELJOKI KW 27.5.2012. VASEMMALLA KIITOTIE 07. (KLIKKAA SUUREKSI)\nKUVA: MARKKU KORSUM\u00c4KI.\" data-e-action-hash=\"#elementor-action%3Aaction%3Dlightbox%26settings%3DeyJpZCI6MzQ4ODUsInVybCI6Imh0dHBzOlwvXC9sZW50b3BhaWthdC5maVwvd3AtY29udGVudFwvdXBsb2Fkc1wvRUZLV191bW1lbGpva2lfa3dfa3QtMDcuanBnIiwic2xpZGVzaG93IjoiNmYxZTk4NDYifQ%3D%3D\" href=\"https:\/\/lentopaikat.fi\/wp-content\/uploads\/EFKW_ummeljoki_kw_kt-07.jpg\"><figure class=\"swiper-slide-inner\"><img decoding=\"async\" class=\"swiper-slide-image\" src=\"https:\/\/lentopaikat.fi\/wp-content\/uploads\/EFKW_ummeljoki_kw_kt-07.jpg\" alt=\"UMMELJOKI KW 27.5.2012. VASEMMALLA KIITOTIE 07. (KLIKKAA SUUREKSI)\nKUVA: MARKKU KORSUM\u00c4KI.\" \/><figcaption class=\"elementor-image-carousel-caption\">UMMELJOKI KW 27.5.2012. VASEMMALLA KIITOTIE 07. (KLIKKAA SUUREKSI)\nKUVA: MARKKU KORSUM\u00c4KI.<\/figcaption><\/figure><\/a><\/div><div class=\"swiper-slide\" role=\"group\" aria-roledescription=\"slide\" aria-label=\"3 of 8\"><a data-elementor-open-lightbox=\"yes\" data-elementor-lightbox-slideshow=\"6f1e9846\" data-elementor-lightbox-title=\"Ummeljoki1\" data-e-action-hash=\"#elementor-action%3Aaction%3Dlightbox%26settings%3DeyJpZCI6MzUzMTUsInVybCI6Imh0dHBzOlwvXC9sZW50b3BhaWthdC5maVwvd3AtY29udGVudFwvdXBsb2Fkc1wvVW1tZWxqb2tpMS5qcGciLCJzbGlkZXNob3ciOiI2ZjFlOTg0NiJ9\" href=\"https:\/\/lentopaikat.fi\/wp-content\/uploads\/Ummeljoki1.jpg\"><figure class=\"swiper-slide-inner\"><img decoding=\"async\" class=\"swiper-slide-image\" src=\"https:\/\/lentopaikat.fi\/wp-content\/uploads\/Ummeljoki1.jpg\" alt=\"Ummeljoki1\" \/><\/figure><\/a><\/div><div class=\"swiper-slide\" role=\"group\" aria-roledescription=\"slide\" aria-label=\"4 of 8\"><a data-elementor-open-lightbox=\"yes\" data-elementor-lightbox-slideshow=\"6f1e9846\" data-elementor-lightbox-title=\"Ummeljoki2\" data-e-action-hash=\"#elementor-action%3Aaction%3Dlightbox%26settings%3DeyJpZCI6MzUzMTYsInVybCI6Imh0dHBzOlwvXC9sZW50b3BhaWthdC5maVwvd3AtY29udGVudFwvdXBsb2Fkc1wvVW1tZWxqb2tpMi5qcGciLCJzbGlkZXNob3ciOiI2ZjFlOTg0NiJ9\" href=\"https:\/\/lentopaikat.fi\/wp-content\/uploads\/Ummeljoki2.jpg\"><figure class=\"swiper-slide-inner\"><img decoding=\"async\" class=\"swiper-slide-image\" src=\"https:\/\/lentopaikat.fi\/wp-content\/uploads\/Ummeljoki2.jpg\" alt=\"Ummeljoki2\" \/><\/figure><\/a><\/div><div class=\"swiper-slide\" role=\"group\" aria-roledescription=\"slide\" aria-label=\"5 of 8\"><a data-elementor-open-lightbox=\"yes\" data-elementor-lightbox-slideshow=\"6f1e9846\" data-elementor-lightbox-title=\"Ummeljoki4\" data-e-action-hash=\"#elementor-action%3Aaction%3Dlightbox%26settings%3DeyJpZCI6MzUzMTgsInVybCI6Imh0dHBzOlwvXC9sZW50b3BhaWthdC5maVwvd3AtY29udGVudFwvdXBsb2Fkc1wvVW1tZWxqb2tpNC5qcGciLCJzbGlkZXNob3ciOiI2ZjFlOTg0NiJ9\" href=\"https:\/\/lentopaikat.fi\/wp-content\/uploads\/Ummeljoki4.jpg\"><figure class=\"swiper-slide-inner\"><img decoding=\"async\" class=\"swiper-slide-image\" src=\"https:\/\/lentopaikat.fi\/wp-content\/uploads\/Ummeljoki4.jpg\" alt=\"Ummeljoki4\" \/><\/figure><\/a><\/div><div class=\"swiper-slide\" role=\"group\" aria-roledescription=\"slide\" aria-label=\"6 of 8\"><a data-elementor-open-lightbox=\"yes\" data-elementor-lightbox-slideshow=\"6f1e9846\" data-elementor-lightbox-title=\"Ummeljoki5\" data-e-action-hash=\"#elementor-action%3Aaction%3Dlightbox%26settings%3DeyJpZCI6MzUzMTksInVybCI6Imh0dHBzOlwvXC9sZW50b3BhaWthdC5maVwvd3AtY29udGVudFwvdXBsb2Fkc1wvVW1tZWxqb2tpNS5qcGciLCJzbGlkZXNob3ciOiI2ZjFlOTg0NiJ9\" href=\"https:\/\/lentopaikat.fi\/wp-content\/uploads\/Ummeljoki5.jpg\"><figure class=\"swiper-slide-inner\"><img decoding=\"async\" class=\"swiper-slide-image\" src=\"https:\/\/lentopaikat.fi\/wp-content\/uploads\/Ummeljoki5.jpg\" alt=\"Ummeljoki5\" \/><\/figure><\/a><\/div><div class=\"swiper-slide\" role=\"group\" aria-roledescription=\"slide\" aria-label=\"7 of 8\"><a data-elementor-open-lightbox=\"yes\" data-elementor-lightbox-slideshow=\"6f1e9846\" data-elementor-lightbox-title=\"Ummeljoki6\" data-e-action-hash=\"#elementor-action%3Aaction%3Dlightbox%26settings%3DeyJpZCI6MzUzMjAsInVybCI6Imh0dHBzOlwvXC9sZW50b3BhaWthdC5maVwvd3AtY29udGVudFwvdXBsb2Fkc1wvVW1tZWxqb2tpNi5qcGciLCJzbGlkZXNob3ciOiI2ZjFlOTg0NiJ9\" href=\"https:\/\/lentopaikat.fi\/wp-content\/uploads\/Ummeljoki6.jpg\"><figure class=\"swiper-slide-inner\"><img decoding=\"async\" class=\"swiper-slide-image\" src=\"https:\/\/lentopaikat.fi\/wp-content\/uploads\/Ummeljoki6.jpg\" alt=\"Ummeljoki6\" \/><\/figure><\/a><\/div><div class=\"swiper-slide\" role=\"group\" aria-roledescription=\"slide\" aria-label=\"8 of 8\"><a data-elementor-open-lightbox=\"yes\" data-elementor-lightbox-slideshow=\"6f1e9846\" data-elementor-lightbox-title=\"Ummeljoki7\" data-e-action-hash=\"#elementor-action%3Aaction%3Dlightbox%26settings%3DeyJpZCI6MzUzMjEsInVybCI6Imh0dHBzOlwvXC9sZW50b3BhaWthdC5maVwvd3AtY29udGVudFwvdXBsb2Fkc1wvVW1tZWxqb2tpNy5qcGciLCJzbGlkZXNob3ciOiI2ZjFlOTg0NiJ9\" href=\"https:\/\/lentopaikat.fi\/wp-content\/uploads\/Ummeljoki7.jpg\"><figure class=\"swiper-slide-inner\"><img decoding=\"async\" class=\"swiper-slide-image\" src=\"https:\/\/lentopaikat.fi\/wp-content\/uploads\/Ummeljoki7.jpg\" alt=\"Ummeljoki7\" \/><\/figure><\/a><\/div>\t\t\t<\/div>\n\t\t\t\t\t\t\t\t\t\t\t\t<div class=\"elementor-swiper-button elementor-swiper-button-prev\" role=\"button\" tabindex=\"0\">\n\t\t\t\t\t\t<i aria-hidden=\"true\" class=\"eicon-chevron-left\"><\/i>\t\t\t\t\t<\/div>\n\t\t\t\t\t<div class=\"elementor-swiper-button elementor-swiper-button-next\" role=\"button\" tabindex=\"0\">\n\t\t\t\t\t\t<i aria-hidden=\"true\" class=\"eicon-chevron-right\"><\/i>\t\t\t\t\t<\/div>\n\t\t\t\t\n\t\t\t\t\t\t\t\t\t<\/div>\n\t\t\t\t\t\t<\/div>\n\t\t\t\t<\/div>\n\t\t\t\t\t<\/div>\n\t\t\t\t<\/div>\n\t\t\t\t\t<\/div>\n\t\t<\/div>\n\t\t\t\t\t<\/div>\n\t\t<\/section>\n\t\t\t\t\t<\/div>\n\t\t<\/div>\n\t\t\t\t\t<\/div>\n\t\t<\/section>\n\t\t\t\t<\/div>\n\t\t","protected":false},"excerpt":{"rendered":"<p>Ummeljoki KW kevytlentopaikka Warning! T\u00e4m\u00e4 on ns, &#8220;k\u00f6yh\u00e4n miehen NOTAM&#8221; eli t\u00e4ll\u00e4 voi varoittaa kent\u00e4ll\u00e4 tapahtuvasta poikkeavasta toiminnasta. T\u00e4m\u00e4 ilmoitus on ajastettavissa ja n\u00e4kyy vain silloin kun on jotain varoitettaavaa Varoitus ei ole suljettavissaT\u00e4m\u00e4n aikaa voi s\u00e4\u00e4t\u00e4 vasemmalta Visibility v\u00e4lilehdest\u00e4 1. Sunset and sunrise and the SERA definition of night 2. General information: The Light [&hellip;]<\/p>\n","protected":false},"author":1,"featured_media":0,"parent":0,"menu_order":0,"comment_status":"closed","ping_status":"closed","template":"","meta":{"inline_featured_image":false,"_lmt_disableupdate":"","_lmt_disable":"","footnotes":""},"class_list":["post-36430","page","type-page","status-publish","hentry"],"_links":{"self":[{"href":"https:\/\/lentopaikat.fi\/en\/wp-json\/wp\/v2\/pages\/36430","targetHints":{"allow":["GET"]}}],"collection":[{"href":"https:\/\/lentopaikat.fi\/en\/wp-json\/wp\/v2\/pages"}],"about":[{"href":"https:\/\/lentopaikat.fi\/en\/wp-json\/wp\/v2\/types\/page"}],"author":[{"embeddable":true,"href":"https:\/\/lentopaikat.fi\/en\/wp-json\/wp\/v2\/users\/1"}],"replies":[{"embeddable":true,"href":"https:\/\/lentopaikat.fi\/en\/wp-json\/wp\/v2\/comments?post=36430"}],"version-history":[{"count":0,"href":"https:\/\/lentopaikat.fi\/en\/wp-json\/wp\/v2\/pages\/36430\/revisions"}],"wp:attachment":[{"href":"https:\/\/lentopaikat.fi\/en\/wp-json\/wp\/v2\/media?parent=36430"}],"curies":[{"name":"wp","href":"https:\/\/api.w.org\/{rel}","templated":true}]}}