{"id":36403,"date":"2022-11-18T12:00:42","date_gmt":"2022-11-18T10:00:42","guid":{"rendered":"https:\/\/lentopaikat.fi\/suomussalmi-efsu\/"},"modified":"2024-06-25T09:11:01","modified_gmt":"2024-06-25T07:11:01","slug":"suomussalmi-efsu","status":"publish","type":"page","link":"https:\/\/lentopaikat.fi\/en\/suomussalmi-efsu\/","title":{"rendered":"Suomussalmi &#8211; EFSU"},"content":{"rendered":"\t\t<div data-elementor-type=\"wp-page\" data-elementor-id=\"36403\" class=\"elementor elementor-36403 elementor-36393\" data-elementor-post-type=\"page\">\n\t\t\t\t\t\t<section class=\"elementor-section elementor-top-section elementor-element elementor-element-7cfd3371 elementor-section-height-min-height elementor-section-full_width elementor-section-height-default elementor-section-items-middle\" data-id=\"7cfd3371\" data-element_type=\"section\" data-e-type=\"section\" data-settings=\"{&quot;background_background&quot;:&quot;classic&quot;}\">\n\t\t\t\t\t\t\t<div class=\"elementor-background-overlay\"><\/div>\n\t\t\t\t\t\t\t<div class=\"elementor-container elementor-column-gap-default\">\n\t\t\t\t\t<div class=\"elementor-column elementor-col-50 elementor-top-column elementor-element elementor-element-7231887\" data-id=\"7231887\" data-element_type=\"column\" data-e-type=\"column\">\n\t\t\t<div class=\"elementor-widget-wrap elementor-element-populated\">\n\t\t\t\t\t\t<div class=\"elementor-element elementor-element-6046f293 elementor-widget elementor-widget-heading\" data-id=\"6046f293\" data-element_type=\"widget\" data-e-type=\"widget\" data-widget_type=\"heading.default\">\n\t\t\t\t<div class=\"elementor-widget-container\">\n\t\t\t\t\t<h2 class=\"elementor-heading-title elementor-size-default\">Suomussalmi - EFSU<\/h2>\t\t\t\t<\/div>\n\t\t\t\t<\/div>\n\t\t\t\t\t<\/div>\n\t\t<\/div>\n\t\t\t\t<div class=\"elementor-column elementor-col-50 elementor-top-column elementor-element elementor-element-18a5c030\" data-id=\"18a5c030\" data-element_type=\"column\" data-e-type=\"column\">\n\t\t\t<div class=\"elementor-widget-wrap\">\n\t\t\t\t\t\t\t<\/div>\n\t\t<\/div>\n\t\t\t\t\t<\/div>\n\t\t<\/section>\n\t\t\t\t<section class=\"elementor-section elementor-top-section elementor-element elementor-element-387571d0 elementor-section-full_width elementor-section-height-default elementor-section-height-default\" data-id=\"387571d0\" data-element_type=\"section\" data-e-type=\"section\">\n\t\t\t\t\t\t<div class=\"elementor-container elementor-column-gap-default\">\n\t\t\t\t\t<div class=\"elementor-column elementor-col-100 elementor-top-column elementor-element elementor-element-33f5a584\" data-id=\"33f5a584\" data-element_type=\"column\" data-e-type=\"column\">\n\t\t\t<div class=\"elementor-widget-wrap elementor-element-populated\">\n\t\t\t\t\t\t<section class=\"elementor-section elementor-inner-section elementor-element elementor-element-45969309 elementor-section-full_width elementor-section-height-default elementor-section-height-default\" data-id=\"45969309\" data-element_type=\"section\" data-e-type=\"section\">\n\t\t\t\t\t\t<div class=\"elementor-container elementor-column-gap-wide\">\n\t\t\t\t\t<div class=\"elementor-column elementor-col-50 elementor-inner-column elementor-element elementor-element-2e75e6de\" data-id=\"2e75e6de\" data-element_type=\"column\" data-e-type=\"column\">\n\t\t\t<div class=\"elementor-widget-wrap elementor-element-populated\">\n\t\t\t\t<!-- dce invisible element 1a16140d -->\t\t<div class=\"elementor-element elementor-element-ca0e4f7 elementor-widget elementor-widget-heading\" data-id=\"ca0e4f7\" data-element_type=\"widget\" data-e-type=\"widget\" data-widget_type=\"heading.default\">\n\t\t\t\t<div class=\"elementor-widget-container\">\n\t\t\t\t\t<h5 class=\"elementor-heading-title elementor-size-default\">1. Sunset and sunrise and the SERA definition of night<\/h5>\t\t\t\t<\/div>\n\t\t\t\t<\/div>\n\t\t\t\t<div class=\"elementor-element elementor-element-4777c0c1 elementor-widget elementor-widget-shortcode\" data-id=\"4777c0c1\" data-element_type=\"widget\" data-e-type=\"widget\" data-widget_type=\"shortcode.default\">\n\t\t\t\t<div class=\"elementor-widget-container\">\n\t\t\t\t\t\t\t<div class=\"elementor-shortcode\"><table><tbody><tr><td>Finnish time today, 13.04.2026<\/br><b> - Night ends: 04:45<\/br> - Sunrise: 05:40<\/br> - Sunset: 20:34<\/br> - Night begins: 21:28<\/br><\/b><\/td>\r\n<td> Times tomorrow <\/br><b> - Night ends tomorrow: 04:41<\/br> - Sunrise tomorrow: 05:37<\/br> - sunset tomorrow: 20:37<\/br> - Night begins tomorrow: 21:32<\/b><\/td><\/tr><\/tbody><\/table><\/div>\n\t\t\t\t\t\t<\/div>\n\t\t\t\t<\/div>\n\t\t\t\t<div class=\"elementor-element elementor-element-4384395e elementor-widget elementor-widget-heading\" data-id=\"4384395e\" data-element_type=\"widget\" data-e-type=\"widget\" data-widget_type=\"heading.default\">\n\t\t\t\t<div class=\"elementor-widget-container\">\n\t\t\t\t\t<h5 class=\"elementor-heading-title elementor-size-default\">2. General information:<\/h5>\t\t\t\t<\/div>\n\t\t\t\t<\/div>\n\t\t\t\t<div class=\"elementor-element elementor-element-51616ec8 elementor-widget elementor-widget-text-editor\" data-id=\"51616ec8\" data-element_type=\"widget\" data-e-type=\"widget\" data-widget_type=\"text-editor.default\">\n\t\t\t\t<div class=\"elementor-widget-container\">\n\t\t\t\t\t\t\t\t\t<p>In Suomussalmi municipality, about 14 kilometers from the Suomussalmi agglomeration, an asphalt airport with ultralight and gyrocopter operations. The nearest accommodation options are in the Suomussalmi settlement (e.g. a spa hotel and a camping site in the summer). However, for those with a wild spirit, there is a shed a couple of hundred meters from the field, where you can also spend the night.<br \/>\nEm\u00e4joki flows near the field, which can also be seen in the pictures. It can also be reached by watercraft, there is no official landing place, you can anchor because the banks of the river are mostly sand, as long as you note that the banks are quite steep.<\/p>\n\t\t\t\t\t\t\t\t<\/div>\n\t\t\t\t<\/div>\n\t\t\t\t<div class=\"elementor-element elementor-element-12500276 elementor-widget elementor-widget-heading\" data-id=\"12500276\" data-element_type=\"widget\" data-e-type=\"widget\" data-widget_type=\"heading.default\">\n\t\t\t\t<div class=\"elementor-widget-container\">\n\t\t\t\t\t<h5 class=\"elementor-heading-title elementor-size-default\">3.  Price Information:<\/h5>\t\t\t\t<\/div>\n\t\t\t\t<\/div>\n\t\t\t\t<div class=\"elementor-element elementor-element-5c8a0eaf elementor-widget elementor-widget-text-editor\" data-id=\"5c8a0eaf\" data-element_type=\"widget\" data-e-type=\"widget\" data-widget_type=\"text-editor.default\">\n\t\t\t\t<div class=\"elementor-widget-container\">\n\t\t\t\t\t\t\t\t\t<p>NIL<\/p>\n\t\t\t\t\t\t\t\t<\/div>\n\t\t\t\t<\/div>\n\t\t\t\t<div class=\"elementor-element elementor-element-5db7c381 elementor-widget elementor-widget-heading\" data-id=\"5db7c381\" data-element_type=\"widget\" data-e-type=\"widget\" data-widget_type=\"heading.default\">\n\t\t\t\t<div class=\"elementor-widget-container\">\n\t\t\t\t\t<h5 class=\"elementor-heading-title elementor-size-default\">4. The Airport:<\/h5>\t\t\t\t<\/div>\n\t\t\t\t<\/div>\n\t\t\t\t<div class=\"elementor-element elementor-element-392af08 elementor-widget elementor-widget-text-editor\" data-id=\"392af08\" data-element_type=\"widget\" data-e-type=\"widget\" data-widget_type=\"text-editor.default\">\n\t\t\t\t<div class=\"elementor-widget-container\">\n\t\t\t\t\t\t\t\t\t<p>The runway, taxiways and parking area have a durable surface in good condition, the ends of which were renewed in 2010. The runway paintings were renewed in 2011. The hangar of the local flying club is in reasonable condition.<\/p>\n<p>The fence surrounding the field was repaired in the summer of 2011, so reindeer should no longer be allowed to enter the field area. The area surrounding the field was taken over for farming in 2013, and the field is surrounded by a relatively flat hay field instead of the former clearing with heather and pine seedlings.<\/p>\n<p>During the winter of 2013-2014, extensive clearing was carried out on the west side of the field, right from the edge of the airport area. Apart from a small pine island located at the edge of the field area at the level of the taxiway, there are hardly any edge obstacles on the west side.<\/p>\n\t\t\t\t\t\t\t\t<\/div>\n\t\t\t\t<\/div>\n\t\t\t\t<div class=\"elementor-element elementor-element-33b9e947 elementor-widget elementor-widget-heading\" data-id=\"33b9e947\" data-element_type=\"widget\" data-e-type=\"widget\" data-widget_type=\"heading.default\">\n\t\t\t\t<div class=\"elementor-widget-container\">\n\t\t\t\t\t<h5 class=\"elementor-heading-title elementor-size-default\">5. Basic data:<\/h5>\t\t\t\t<\/div>\n\t\t\t\t<\/div>\n\t\t\t\t<div class=\"elementor-element elementor-element-56e78f49 elementor-widget elementor-widget-text-editor\" data-id=\"56e78f49\" data-element_type=\"widget\" data-e-type=\"widget\" data-widget_type=\"text-editor.default\">\n\t\t\t\t<div class=\"elementor-widget-container\">\n\t\t\t\t\t\t\t\t\t<p><strong>Coordinates:<\/strong> 644921N 0284237E<br \/>\n<strong>Runway:<\/strong> 05\/23 \u2013 800 x 15 m \u2013 oil gravel\/sand, oil gravel width 10 m<br \/>\n<strong>LDA:<\/strong> 05: 800m, 23: 800m<br \/>\n<strong>Radio frequency:<\/strong> 123.500<br \/>\n<strong>Elevation:<\/strong> 165 m (541 ft)<br \/>\n<strong>Fuel:<\/strong> maintained by the club<br \/>\n<strong>Notifications:<\/strong> <a class=\"popup\" href=\"https:\/\/lentopaikat.fi\/notam\/notam.php?a=EFSU\" data-width=\"500\" data-height=\"600\" data-scrollbars=\"1\">NOTAM<\/a><\/p>\n\t\t\t\t\t\t\t\t<\/div>\n\t\t\t\t<\/div>\n\t\t\t\t<div class=\"elementor-element elementor-element-1b469155 elementor-widget elementor-widget-heading\" data-id=\"1b469155\" data-element_type=\"widget\" data-e-type=\"widget\" data-widget_type=\"heading.default\">\n\t\t\t\t<div class=\"elementor-widget-container\">\n\t\t\t\t\t<h5 class=\"elementor-heading-title elementor-size-default\"> 6. Sight seeing and services<\/h5>\t\t\t\t<\/div>\n\t\t\t\t<\/div>\n\t\t\t\t<div class=\"elementor-element elementor-element-4b545f8c elementor-widget elementor-widget-text-editor\" data-id=\"4b545f8c\" data-element_type=\"widget\" data-e-type=\"widget\" data-widget_type=\"text-editor.default\">\n\t\t\t\t<div class=\"elementor-widget-container\">\n\t\t\t\t\t\t\t\t\t<p>The field is located by the beautiful Em\u00e4joki near the Aittokoski power plant. 10 kilometers from the field as the crow flies to the beach of Kiantaj\u00e4rvi in Suomussalmi. The nearest places to eat in the Suomussalmi area, e.g. restaurant Kultainen Kukko, Herkkusuu and Teboil Turjanhovi. Sights: e.g. Raatteen Portti (Winter War Museum).<\/p>\n\t\t\t\t\t\t\t\t<\/div>\n\t\t\t\t<\/div>\n\t\t\t\t<div class=\"elementor-element elementor-element-8b35daa elementor-widget elementor-widget-heading\" data-id=\"8b35daa\" data-element_type=\"widget\" data-e-type=\"widget\" data-widget_type=\"heading.default\">\n\t\t\t\t<div class=\"elementor-widget-container\">\n\t\t\t\t\t<h5 class=\"elementor-heading-title elementor-size-default\">7. Contact information:<\/h5>\t\t\t\t<\/div>\n\t\t\t\t<\/div>\n\t\t\t\t<div class=\"elementor-element elementor-element-53232509 elementor-widget elementor-widget-text-editor\" data-id=\"53232509\" data-element_type=\"widget\" data-e-type=\"widget\" data-widget_type=\"text-editor.default\">\n\t\t\t\t<div class=\"elementor-widget-container\">\n\t\t\t\t\t\t\t\t\t<p>Taxi +358 8 710 000.<br \/>\nSuomussalmen airclub +358 400 287221<br \/>\nSuomussalmi municipality <a href=\"mailto:tekniset@suomussalmi.fi\" target=\"_blank\" rel=\"noopener\">tekniset@suomussalmi.fi<\/a><\/p>\n\t\t\t\t\t\t\t\t<\/div>\n\t\t\t\t<\/div>\n\t\t\t\t<div class=\"elementor-element elementor-element-2ccbda68 elementor-widget elementor-widget-heading\" data-id=\"2ccbda68\" data-element_type=\"widget\" data-e-type=\"widget\" data-widget_type=\"heading.default\">\n\t\t\t\t<div class=\"elementor-widget-container\">\n\t\t\t\t\t<h5 class=\"elementor-heading-title elementor-size-default\">8.  Links:<\/h5>\t\t\t\t<\/div>\n\t\t\t\t<\/div>\n\t\t\t\t<div class=\"elementor-element elementor-element-2ca5fcf8 elementor-widget elementor-widget-text-editor\" data-id=\"2ca5fcf8\" data-element_type=\"widget\" data-e-type=\"widget\" data-widget_type=\"text-editor.default\">\n\t\t\t\t<div class=\"elementor-widget-container\">\n\t\t\t\t\t\t\t\t\t<ul>\n<li><a href=\"http:\/\/www.suomussalmi.fi\/\" target=\"_blank\" rel=\"noopener\">Suomussalmen kunta<\/a><\/li>\n<li><a href=\"http:\/\/fi.wikipedia.org\/wiki\/Suomussalmi\" target=\"_blank\" rel=\"noopener\">Wikipedia \u2013 Suomussalmi<\/a><\/li>\n<li><a href=\"http:\/\/www.raatteenportti.fi\/\" target=\"_blank\" rel=\"noopener\">Raatteen Portti<\/a><\/li>\n<\/ul>\n\t\t\t\t\t\t\t\t<\/div>\n\t\t\t\t<\/div>\n\t\t\t\t<div class=\"elementor-element elementor-element-3d1c9432 elementor-widget elementor-widget-heading\" data-id=\"3d1c9432\" data-element_type=\"widget\" data-e-type=\"widget\" data-widget_type=\"heading.default\">\n\t\t\t\t<div class=\"elementor-widget-container\">\n\t\t\t\t\t<h5 class=\"elementor-heading-title elementor-size-default\">9. Map<\/h5>\t\t\t\t<\/div>\n\t\t\t\t<\/div>\n\t\t\t\t<div class=\"elementor-element elementor-element-bd434fb elementor-widget elementor-widget-google_maps\" data-id=\"bd434fb\" data-element_type=\"widget\" data-e-type=\"widget\" data-widget_type=\"google_maps.default\">\n\t\t\t\t<div class=\"elementor-widget-container\">\n\t\t\t\t\t\t\t<div class=\"elementor-custom-embed\">\n\t\t\t<iframe loading=\"lazy\"\n\t\t\t\t\tsrc=\"https:\/\/www.google.com\/maps\/embed\/v1\/place?key=AIzaSyC1j1iK8FQx51JcFwNxcbaAudBg3BxuVow&#038;q=Suomussalmen%20pienlentokentt%C3%A4&#038;zoom=13\"\n\t\t\t\t\ttitle=\"Suomussalmen pienlentokentt\u00e4\"\n\t\t\t\t\taria-label=\"Suomussalmen pienlentokentt\u00e4\"\n\t\t\t><\/iframe>\n\t\t<\/div>\n\t\t\t\t\t\t<\/div>\n\t\t\t\t<\/div>\n\t\t\t\t\t<\/div>\n\t\t<\/div>\n\t\t\t\t<div class=\"elementor-column elementor-col-50 elementor-inner-column elementor-element elementor-element-41278a1c\" data-id=\"41278a1c\" data-element_type=\"column\" data-e-type=\"column\">\n\t\t\t<div class=\"elementor-widget-wrap elementor-element-populated\">\n\t\t\t\t\t\t<div class=\"elementor-element elementor-element-1e71a76b elementor-widget elementor-widget-image\" data-id=\"1e71a76b\" data-element_type=\"widget\" data-e-type=\"widget\" data-widget_type=\"image.default\">\n\t\t\t\t<div class=\"elementor-widget-container\">\n\t\t\t\t\t\t\t\t\t\t\t\t<figure class=\"wp-caption\">\n\t\t\t\t\t\t\t\t\t\t\t<a href=\"https:\/\/lentopaikat.fi\/wp-content\/uploads\/efsu.gif\" data-elementor-open-lightbox=\"yes\" data-elementor-lightbox-title=\"efsu\" data-e-action-hash=\"#elementor-action%3Aaction%3Dlightbox%26settings%3DeyJpZCI6MzUxMzksInVybCI6Imh0dHBzOlwvXC9sZW50b3BhaWthdC5maVwvd3AtY29udGVudFwvdXBsb2Fkc1wvZWZzdS5naWYifQ%3D%3D\">\n\t\t\t\t\t\t\t<img fetchpriority=\"high\" decoding=\"async\" width=\"200\" height=\"352\" src=\"https:\/\/lentopaikat.fi\/wp-content\/uploads\/efsu.gif\" class=\"attachment-large size-large wp-image-35139\" alt=\"\" \/>\t\t\t\t\t\t\t\t<\/a>\n\t\t\t\t\t\t\t\t\t\t\t<figcaption class=\"widget-image-caption wp-caption-text\"><\/figcaption>\n\t\t\t\t\t\t\t\t\t\t<\/figure>\n\t\t\t\t\t\t\t\t\t<\/div>\n\t\t\t\t<\/div>\n\t\t\t\t<div class=\"elementor-element elementor-element-1dfc7e87 elementor-widget elementor-widget-image\" data-id=\"1dfc7e87\" data-element_type=\"widget\" data-e-type=\"widget\" data-widget_type=\"image.default\">\n\t\t\t\t<div class=\"elementor-widget-container\">\n\t\t\t\t\t\t\t\t\t\t\t\t<figure class=\"wp-caption\">\n\t\t\t\t\t\t\t\t\t\t\t<a href=\"https:\/\/lentopaikat.fi\/wp-content\/uploads\/EFSU_LDG.pdf\" target=\"_blank\">\n\t\t\t\t\t\t\t<img decoding=\"async\" width=\"724\" height=\"1024\" src=\"https:\/\/lentopaikat.fi\/wp-content\/uploads\/EFSU_LDG-724x1024.jpg\" class=\"attachment-large size-large wp-image-35145\" alt=\"\" srcset=\"https:\/\/lentopaikat.fi\/wp-content\/uploads\/EFSU_LDG-724x1024.jpg 724w, https:\/\/lentopaikat.fi\/wp-content\/uploads\/EFSU_LDG-212x300.jpg 212w, https:\/\/lentopaikat.fi\/wp-content\/uploads\/EFSU_LDG-768x1086.jpg 768w, https:\/\/lentopaikat.fi\/wp-content\/uploads\/EFSU_LDG-1086x1536.jpg 1086w, https:\/\/lentopaikat.fi\/wp-content\/uploads\/EFSU_LDG-1448x2048.jpg 1448w, https:\/\/lentopaikat.fi\/wp-content\/uploads\/EFSU_LDG-8x12.jpg 8w, https:\/\/lentopaikat.fi\/wp-content\/uploads\/EFSU_LDG.jpg 1654w\" sizes=\"(max-width: 724px) 100vw, 724px\" \/>\t\t\t\t\t\t\t\t<\/a>\n\t\t\t\t\t\t\t\t\t\t\t<figcaption class=\"widget-image-caption wp-caption-text\">LDG CHART, CLICK ON PICTURE TO OPEN PDF DOCUMENT<\/figcaption>\n\t\t\t\t\t\t\t\t\t\t<\/figure>\n\t\t\t\t\t\t\t\t\t<\/div>\n\t\t\t\t<\/div>\n\t\t<div class=\"elementor-element elementor-element-65221ff6 e-flex e-con-boxed e-con e-parent\" data-id=\"65221ff6\" data-element_type=\"container\" data-e-type=\"container\">\n\t\t\t\t\t<div class=\"e-con-inner\">\n\t\t\t\t<div class=\"elementor-element elementor-element-3c986ccd elementor-arrows-position-inside elementor-widget elementor-widget-image-carousel\" data-id=\"3c986ccd\" data-element_type=\"widget\" data-e-type=\"widget\" data-settings=\"{&quot;slides_to_show&quot;:&quot;1&quot;,&quot;navigation&quot;:&quot;arrows&quot;,&quot;speed&quot;:900,&quot;autoplay&quot;:&quot;yes&quot;,&quot;pause_on_hover&quot;:&quot;yes&quot;,&quot;pause_on_interaction&quot;:&quot;yes&quot;,&quot;autoplay_speed&quot;:5000,&quot;infinite&quot;:&quot;yes&quot;,&quot;effect&quot;:&quot;slide&quot;}\" data-widget_type=\"image-carousel.default\">\n\t\t\t\t<div class=\"elementor-widget-container\">\n\t\t\t\t\t\t\t<div class=\"elementor-image-carousel-wrapper swiper\" role=\"region\" aria-roledescription=\"carousel\" aria-label=\"Image Carousel\" dir=\"ltr\">\n\t\t\t<div class=\"elementor-image-carousel swiper-wrapper swiper-image-stretch\" aria-live=\"off\">\n\t\t\t\t\t\t\t\t<div class=\"swiper-slide\" role=\"group\" aria-roledescription=\"slide\" aria-label=\"1 of 6\"><a data-elementor-open-lightbox=\"yes\" data-elementor-lightbox-slideshow=\"3c986ccd\" data-elementor-lightbox-title=\"EFSU_ilma\" data-elementor-lightbox-description=\"EFSU ILMASTA K\u00c4SIN\nKUVATTU: 15.8.2018\nKUVAAJA: VEIKKO KARASVIRTA\" data-e-action-hash=\"#elementor-action%3Aaction%3Dlightbox%26settings%3DeyJpZCI6MzUxNDMsInVybCI6Imh0dHBzOlwvXC9sZW50b3BhaWthdC5maVwvd3AtY29udGVudFwvdXBsb2Fkc1wvRUZTVV9pbG1hLmpwZyIsInNsaWRlc2hvdyI6IjNjOTg2Y2NkIn0%3D\" href=\"https:\/\/lentopaikat.fi\/wp-content\/uploads\/EFSU_ilma.jpg\"><figure class=\"swiper-slide-inner\"><img decoding=\"async\" class=\"swiper-slide-image\" src=\"https:\/\/lentopaikat.fi\/wp-content\/uploads\/EFSU_ilma-1024x768.jpg\" alt=\"EFSU ILMASTA K\u00c4SIN\nKUVATTU: 15.8.2018\nKUVAAJA: VEIKKO KARASVIRTA\" \/><figcaption class=\"elementor-image-carousel-caption\">EFSU ILMASTA K\u00c4SIN\nKUVATTU: 15.8.2018\nKUVAAJA: VEIKKO KARASVIRTA<\/figcaption><\/figure><\/a><\/div><div class=\"swiper-slide\" role=\"group\" aria-roledescription=\"slide\" aria-label=\"2 of 6\"><a data-elementor-open-lightbox=\"yes\" data-elementor-lightbox-slideshow=\"3c986ccd\" data-elementor-lightbox-title=\"EFSU-kiitotie\" data-elementor-lightbox-description=\"EFSU KIITOTIE\nKUVATTU: 15.8.2018\nKUVAAJA: VEIKKO KARASVIRTA\" data-e-action-hash=\"#elementor-action%3Aaction%3Dlightbox%26settings%3DeyJpZCI6MzUxMzgsInVybCI6Imh0dHBzOlwvXC9sZW50b3BhaWthdC5maVwvd3AtY29udGVudFwvdXBsb2Fkc1wvRUZTVS1raWl0b3RpZS5qcGciLCJzbGlkZXNob3ciOiIzYzk4NmNjZCJ9\" href=\"https:\/\/lentopaikat.fi\/wp-content\/uploads\/EFSU-kiitotie.jpg\"><figure class=\"swiper-slide-inner\"><img decoding=\"async\" class=\"swiper-slide-image\" src=\"https:\/\/lentopaikat.fi\/wp-content\/uploads\/EFSU-kiitotie-1024x768.jpg\" alt=\"EFSU KIITOTIE\nKUVATTU: 15.8.2018\nKUVAAJA: VEIKKO KARASVIRTA\" \/><figcaption class=\"elementor-image-carousel-caption\">EFSU KIITOTIE\nKUVATTU: 15.8.2018\nKUVAAJA: VEIKKO KARASVIRTA<\/figcaption><\/figure><\/a><\/div><div class=\"swiper-slide\" role=\"group\" aria-roledescription=\"slide\" aria-label=\"3 of 6\"><a data-elementor-open-lightbox=\"yes\" data-elementor-lightbox-slideshow=\"3c986ccd\" data-elementor-lightbox-title=\"EFSU-halli\" data-elementor-lightbox-description=\"EFSU HALLI\nKUVATTU: 15.8.2018\nKUVAAJA: VEIKKO KARASVIRTA\" data-e-action-hash=\"#elementor-action%3Aaction%3Dlightbox%26settings%3DeyJpZCI6MzUxMzcsInVybCI6Imh0dHBzOlwvXC9sZW50b3BhaWthdC5maVwvd3AtY29udGVudFwvdXBsb2Fkc1wvRUZTVS1oYWxsaS5qcGciLCJzbGlkZXNob3ciOiIzYzk4NmNjZCJ9\" href=\"https:\/\/lentopaikat.fi\/wp-content\/uploads\/EFSU-halli.jpg\"><figure class=\"swiper-slide-inner\"><img decoding=\"async\" class=\"swiper-slide-image\" src=\"https:\/\/lentopaikat.fi\/wp-content\/uploads\/EFSU-halli-1024x768.jpg\" alt=\"EFSU HALLI\nKUVATTU: 15.8.2018\nKUVAAJA: VEIKKO KARASVIRTA\" \/><figcaption class=\"elementor-image-carousel-caption\">EFSU HALLI\nKUVATTU: 15.8.2018\nKUVAAJA: VEIKKO KARASVIRTA<\/figcaption><\/figure><\/a><\/div><div class=\"swiper-slide\" role=\"group\" aria-roledescription=\"slide\" aria-label=\"4 of 6\"><a data-elementor-open-lightbox=\"yes\" data-elementor-lightbox-slideshow=\"3c986ccd\" data-elementor-lightbox-title=\"efsu_laavu\" data-elementor-lightbox-description=\"Parin sadan metrin p\u00e4\u00e4ss\u00e4 kent\u00e4st\u00e4 sijaitseva laavu, jossa on mahdollisuus y\u00f6py\u00e4. Kuva Ilkka M\u00f6tt\u00f6nen. (Klikkaa suureksi)\" data-e-action-hash=\"#elementor-action%3Aaction%3Dlightbox%26settings%3DeyJpZCI6MzUxNDQsInVybCI6Imh0dHBzOlwvXC9sZW50b3BhaWthdC5maVwvd3AtY29udGVudFwvdXBsb2Fkc1wvZWZzdV9sYWF2dS5qcGciLCJzbGlkZXNob3ciOiIzYzk4NmNjZCJ9\" href=\"https:\/\/lentopaikat.fi\/wp-content\/uploads\/efsu_laavu.jpg\"><figure class=\"swiper-slide-inner\"><img decoding=\"async\" class=\"swiper-slide-image\" src=\"https:\/\/lentopaikat.fi\/wp-content\/uploads\/efsu_laavu.jpg\" alt=\"Parin sadan metrin p\u00e4\u00e4ss\u00e4 kent\u00e4st\u00e4 sijaitseva laavu, jossa on mahdollisuus y\u00f6py\u00e4. Kuva Ilkka M\u00f6tt\u00f6nen. (Klikkaa suureksi)\" \/><figcaption class=\"elementor-image-carousel-caption\">Parin sadan metrin p\u00e4\u00e4ss\u00e4 kent\u00e4st\u00e4 sijaitseva laavu, jossa on mahdollisuus y\u00f6py\u00e4. Kuva Ilkka M\u00f6tt\u00f6nen. (Klikkaa suureksi)<\/figcaption><\/figure><\/a><\/div><div class=\"swiper-slide\" role=\"group\" aria-roledescription=\"slide\" aria-label=\"5 of 6\"><a data-elementor-open-lightbox=\"yes\" data-elementor-lightbox-slideshow=\"3c986ccd\" data-elementor-lightbox-title=\"efsu_air2\" data-e-action-hash=\"#elementor-action%3Aaction%3Dlightbox%26settings%3DeyJpZCI6MzUxNDEsInVybCI6Imh0dHBzOlwvXC9sZW50b3BhaWthdC5maVwvd3AtY29udGVudFwvdXBsb2Fkc1wvZWZzdV9haXIyLmpwZyIsInNsaWRlc2hvdyI6IjNjOTg2Y2NkIn0%3D\" href=\"https:\/\/lentopaikat.fi\/wp-content\/uploads\/efsu_air2.jpg\"><figure class=\"swiper-slide-inner\"><img decoding=\"async\" class=\"swiper-slide-image\" src=\"https:\/\/lentopaikat.fi\/wp-content\/uploads\/efsu_air2.jpg\" alt=\"EFSU ilmasta\" \/><figcaption class=\"elementor-image-carousel-caption\">EFSU ilmasta<\/figcaption><\/figure><\/a><\/div><div class=\"swiper-slide\" role=\"group\" aria-roledescription=\"slide\" aria-label=\"6 of 6\"><a data-elementor-open-lightbox=\"yes\" data-elementor-lightbox-slideshow=\"3c986ccd\" data-elementor-lightbox-title=\"efsu_air\" data-e-action-hash=\"#elementor-action%3Aaction%3Dlightbox%26settings%3DeyJpZCI6MzUxNDAsInVybCI6Imh0dHBzOlwvXC9sZW50b3BhaWthdC5maVwvd3AtY29udGVudFwvdXBsb2Fkc1wvZWZzdV9haXIuanBnIiwic2xpZGVzaG93IjoiM2M5ODZjY2QifQ%3D%3D\" href=\"https:\/\/lentopaikat.fi\/wp-content\/uploads\/efsu_air.jpg\"><figure class=\"swiper-slide-inner\"><img decoding=\"async\" class=\"swiper-slide-image\" src=\"https:\/\/lentopaikat.fi\/wp-content\/uploads\/efsu_air.jpg\" alt=\"EFSU Ilmasta\" \/><figcaption class=\"elementor-image-carousel-caption\">EFSU Ilmasta<\/figcaption><\/figure><\/a><\/div>\t\t\t<\/div>\n\t\t\t\t\t\t\t\t\t\t\t\t<div class=\"elementor-swiper-button elementor-swiper-button-prev\" role=\"button\" tabindex=\"0\">\n\t\t\t\t\t\t<i aria-hidden=\"true\" class=\"eicon-chevron-left\"><\/i>\t\t\t\t\t<\/div>\n\t\t\t\t\t<div class=\"elementor-swiper-button elementor-swiper-button-next\" role=\"button\" tabindex=\"0\">\n\t\t\t\t\t\t<i aria-hidden=\"true\" class=\"eicon-chevron-right\"><\/i>\t\t\t\t\t<\/div>\n\t\t\t\t\n\t\t\t\t\t\t\t\t\t<\/div>\n\t\t\t\t\t\t<\/div>\n\t\t\t\t<\/div>\n\t\t\t\t<div class=\"elementor-element elementor-element-b5e6866 elementor-widget elementor-widget-video\" data-id=\"b5e6866\" data-element_type=\"widget\" data-e-type=\"widget\" data-settings=\"{&quot;youtube_url&quot;:&quot;https:\\\/\\\/youtu.be\\\/lxflGs-wQ1I&quot;,&quot;video_type&quot;:&quot;youtube&quot;,&quot;controls&quot;:&quot;yes&quot;}\" data-widget_type=\"video.default\">\n\t\t\t\t<div class=\"elementor-widget-container\">\n\t\t\t\t\t\t\t<div class=\"elementor-wrapper elementor-open-inline\">\n\t\t\t<div class=\"elementor-video\"><\/div>\t\t<\/div>\n\t\t\t\t\t\t<\/div>\n\t\t\t\t<\/div>\n\t\t\t\t<div class=\"elementor-element elementor-element-6d72e6e elementor-widget elementor-widget-text-editor\" data-id=\"6d72e6e\" data-element_type=\"widget\" data-e-type=\"widget\" data-widget_type=\"text-editor.default\">\n\t\t\t\t<div class=\"elementor-widget-container\">\n\t\t\t\t\t\t\t\t\t<p>Here, Ari Hulkkonen&#8217;s CH 701 is taken from the Suomussalmi hangar to the water after the float installation<\/p>\n\t\t\t\t\t\t\t\t<\/div>\n\t\t\t\t<\/div>\n\t\t\t\t\t<\/div>\n\t\t\t\t<\/div>\n\t\t\t\t\t<\/div>\n\t\t<\/div>\n\t\t\t\t\t<\/div>\n\t\t<\/section>\n\t\t\t\t\t<\/div>\n\t\t<\/div>\n\t\t\t\t\t<\/div>\n\t\t<\/section>\n\t\t\t\t<\/div>\n\t\t","protected":false},"excerpt":{"rendered":"<p>Suomussalmi &#8211; EFSU Warning! Motorcycle practice on the airfield 11.06.2023 at 11:00-18:00 local time. 1. Sunset and sunrise and the SERA definition of night 2. General information: In Suomussalmi municipality, about 14 kilometers from the Suomussalmi agglomeration, an asphalt airport with ultralight and gyrocopter operations. The nearest accommodation options are in the Suomussalmi settlement (e.g. [&hellip;]<\/p>\n","protected":false},"author":1,"featured_media":0,"parent":0,"menu_order":0,"comment_status":"closed","ping_status":"closed","template":"","meta":{"inline_featured_image":false,"_lmt_disableupdate":"","_lmt_disable":"","footnotes":""},"class_list":["post-36403","page","type-page","status-publish","hentry"],"_links":{"self":[{"href":"https:\/\/lentopaikat.fi\/en\/wp-json\/wp\/v2\/pages\/36403","targetHints":{"allow":["GET"]}}],"collection":[{"href":"https:\/\/lentopaikat.fi\/en\/wp-json\/wp\/v2\/pages"}],"about":[{"href":"https:\/\/lentopaikat.fi\/en\/wp-json\/wp\/v2\/types\/page"}],"author":[{"embeddable":true,"href":"https:\/\/lentopaikat.fi\/en\/wp-json\/wp\/v2\/users\/1"}],"replies":[{"embeddable":true,"href":"https:\/\/lentopaikat.fi\/en\/wp-json\/wp\/v2\/comments?post=36403"}],"version-history":[{"count":0,"href":"https:\/\/lentopaikat.fi\/en\/wp-json\/wp\/v2\/pages\/36403\/revisions"}],"wp:attachment":[{"href":"https:\/\/lentopaikat.fi\/en\/wp-json\/wp\/v2\/media?parent=36403"}],"curies":[{"name":"wp","href":"https:\/\/api.w.org\/{rel}","templated":true}]}}