{"id":36391,"date":"2022-11-18T11:44:28","date_gmt":"2022-11-18T09:44:28","guid":{"rendered":"https:\/\/lentopaikat.fi\/sulkaharju-efvt\/"},"modified":"2022-11-18T11:54:46","modified_gmt":"2022-11-18T09:54:46","slug":"sulkaharju-efvt","status":"publish","type":"page","link":"https:\/\/lentopaikat.fi\/en\/sulkaharju-efvt\/","title":{"rendered":"Sulkaharju &#8211; EFVT"},"content":{"rendered":"\t\t<div data-elementor-type=\"wp-page\" data-elementor-id=\"36391\" class=\"elementor elementor-36391 elementor-36382\" data-elementor-post-type=\"page\">\n\t\t\t\t\t\t<section class=\"elementor-section elementor-top-section elementor-element elementor-element-71fe72e0 elementor-section-height-min-height elementor-section-full_width elementor-section-height-default elementor-section-items-middle\" data-id=\"71fe72e0\" data-element_type=\"section\" data-e-type=\"section\" data-settings=\"{&quot;background_background&quot;:&quot;classic&quot;}\">\n\t\t\t\t\t\t\t<div class=\"elementor-background-overlay\"><\/div>\n\t\t\t\t\t\t\t<div class=\"elementor-container elementor-column-gap-default\">\n\t\t\t\t\t<div class=\"elementor-column elementor-col-50 elementor-top-column elementor-element elementor-element-529c2380\" data-id=\"529c2380\" data-element_type=\"column\" data-e-type=\"column\">\n\t\t\t<div class=\"elementor-widget-wrap elementor-element-populated\">\n\t\t\t\t\t\t<div class=\"elementor-element elementor-element-4996f116 elementor-widget elementor-widget-heading\" data-id=\"4996f116\" data-element_type=\"widget\" data-e-type=\"widget\" data-widget_type=\"heading.default\">\n\t\t\t\t<div class=\"elementor-widget-container\">\n\t\t\t\t\t<h2 class=\"elementor-heading-title elementor-size-default\">Sulkaharju - EFVT<\/h2>\t\t\t\t<\/div>\n\t\t\t\t<\/div>\n\t\t\t\t\t<\/div>\n\t\t<\/div>\n\t\t\t\t<div class=\"elementor-column elementor-col-50 elementor-top-column elementor-element elementor-element-2b5988a6\" data-id=\"2b5988a6\" data-element_type=\"column\" data-e-type=\"column\">\n\t\t\t<div class=\"elementor-widget-wrap\">\n\t\t\t\t\t\t\t<\/div>\n\t\t<\/div>\n\t\t\t\t\t<\/div>\n\t\t<\/section>\n\t\t\t\t<section class=\"elementor-section elementor-top-section elementor-element elementor-element-54d20996 elementor-section-full_width elementor-section-height-default elementor-section-height-default\" data-id=\"54d20996\" data-element_type=\"section\" data-e-type=\"section\">\n\t\t\t\t\t\t<div class=\"elementor-container elementor-column-gap-default\">\n\t\t\t\t\t<div class=\"elementor-column elementor-col-100 elementor-top-column elementor-element elementor-element-19053465\" data-id=\"19053465\" data-element_type=\"column\" data-e-type=\"column\">\n\t\t\t<div class=\"elementor-widget-wrap elementor-element-populated\">\n\t\t\t\t\t\t<section class=\"elementor-section elementor-inner-section elementor-element elementor-element-45f3b10b elementor-section-full_width elementor-section-height-default elementor-section-height-default\" data-id=\"45f3b10b\" data-element_type=\"section\" data-e-type=\"section\">\n\t\t\t\t\t\t<div class=\"elementor-container elementor-column-gap-wide\">\n\t\t\t\t\t<div class=\"elementor-column elementor-col-50 elementor-inner-column elementor-element elementor-element-195758ee\" data-id=\"195758ee\" data-element_type=\"column\" data-e-type=\"column\">\n\t\t\t<div class=\"elementor-widget-wrap elementor-element-populated\">\n\t\t\t\t<!-- dce invisible element 260343db -->\t\t<div class=\"elementor-element elementor-element-55c697b9 elementor-widget elementor-widget-heading\" data-id=\"55c697b9\" data-element_type=\"widget\" data-e-type=\"widget\" data-widget_type=\"heading.default\">\n\t\t\t\t<div class=\"elementor-widget-container\">\n\t\t\t\t\t<h5 class=\"elementor-heading-title elementor-size-default\">1. Sunset and sunrise and the SERA definition of night<\/h5>\t\t\t\t<\/div>\n\t\t\t\t<\/div>\n\t\t\t\t<div class=\"elementor-element elementor-element-19203c0a elementor-widget elementor-widget-shortcode\" data-id=\"19203c0a\" data-element_type=\"widget\" data-e-type=\"widget\" data-widget_type=\"shortcode.default\">\n\t\t\t\t<div class=\"elementor-widget-container\">\n\t\t\t\t\t\t\t<div class=\"elementor-shortcode\"><table><tbody><tr><td>Finnish time today, 13.04.2026<\/br><b> - Night ends: 05:11<\/br> - Sunrise: 06:03<\/br> - Sunset: 20:46<\/br> - Night begins: 21:38<\/br><\/b><\/td>\r\n<td> Times tomorrow <\/br><b> - Night ends tomorrow: 05:07<\/br> - Sunrise tomorrow: 05:59<\/br> - sunset tomorrow: 20:49<\/br> - Night begins tomorrow: 21:41<\/b><\/td><\/tr><\/tbody><\/table><\/div>\n\t\t\t\t\t\t<\/div>\n\t\t\t\t<\/div>\n\t\t\t\t<div class=\"elementor-element elementor-element-2630d6fc elementor-widget elementor-widget-heading\" data-id=\"2630d6fc\" data-element_type=\"widget\" data-e-type=\"widget\" data-widget_type=\"heading.default\">\n\t\t\t\t<div class=\"elementor-widget-container\">\n\t\t\t\t\t<h5 class=\"elementor-heading-title elementor-size-default\">2. General information:<\/h5>\t\t\t\t<\/div>\n\t\t\t\t<\/div>\n\t\t\t\t<div class=\"elementor-element elementor-element-45e4267c elementor-widget elementor-widget-text-editor\" data-id=\"45e4267c\" data-element_type=\"widget\" data-e-type=\"widget\" data-widget_type=\"text-editor.default\">\n\t\t\t\t<div class=\"elementor-widget-container\">\n\t\t\t\t\t\t\t\t\t<p>Private field in Veteli municipality. In the area there is a good barbecue shed, a private club sauna and a good swimming spot near the sauna. The supply of fuel must be inquired in advance.<\/p>\n\t\t\t\t\t\t\t\t<\/div>\n\t\t\t\t<\/div>\n\t\t\t\t<div class=\"elementor-element elementor-element-193a0555 elementor-widget elementor-widget-heading\" data-id=\"193a0555\" data-element_type=\"widget\" data-e-type=\"widget\" data-widget_type=\"heading.default\">\n\t\t\t\t<div class=\"elementor-widget-container\">\n\t\t\t\t\t<h5 class=\"elementor-heading-title elementor-size-default\">3.  Price Information:<\/h5>\t\t\t\t<\/div>\n\t\t\t\t<\/div>\n\t\t\t\t<div class=\"elementor-element elementor-element-1aeaa336 elementor-widget elementor-widget-text-editor\" data-id=\"1aeaa336\" data-element_type=\"widget\" data-e-type=\"widget\" data-widget_type=\"text-editor.default\">\n\t\t\t\t<div class=\"elementor-widget-container\">\n\t\t\t\t\t\t\t\t\t<p>NIL<\/p>\n\t\t\t\t\t\t\t\t<\/div>\n\t\t\t\t<\/div>\n\t\t\t\t<div class=\"elementor-element elementor-element-2a4ea873 elementor-widget elementor-widget-heading\" data-id=\"2a4ea873\" data-element_type=\"widget\" data-e-type=\"widget\" data-widget_type=\"heading.default\">\n\t\t\t\t<div class=\"elementor-widget-container\">\n\t\t\t\t\t<h5 class=\"elementor-heading-title elementor-size-default\">4. The Airport:<\/h5>\t\t\t\t<\/div>\n\t\t\t\t<\/div>\n\t\t\t\t<div class=\"elementor-element elementor-element-496a0361 elementor-widget elementor-widget-text-editor\" data-id=\"496a0361\" data-element_type=\"widget\" data-e-type=\"widget\" data-widget_type=\"text-editor.default\">\n\t\t\t\t<div class=\"elementor-widget-container\">\n\t\t\t\t\t\t\t\t\t<p>The condition of the runway is good, the pavement is stone ash. The apron area is good. There are no RWY edge obstacles. Hall facilities are good, there is almost no free hall space.<\/p>\n\t\t\t\t\t\t\t\t<\/div>\n\t\t\t\t<\/div>\n\t\t\t\t<div class=\"elementor-element elementor-element-27652406 elementor-widget elementor-widget-heading\" data-id=\"27652406\" data-element_type=\"widget\" data-e-type=\"widget\" data-widget_type=\"heading.default\">\n\t\t\t\t<div class=\"elementor-widget-container\">\n\t\t\t\t\t<h5 class=\"elementor-heading-title elementor-size-default\">5. Basic data:<\/h5>\t\t\t\t<\/div>\n\t\t\t\t<\/div>\n\t\t\t\t<div class=\"elementor-element elementor-element-2340e20f elementor-widget elementor-widget-text-editor\" data-id=\"2340e20f\" data-element_type=\"widget\" data-e-type=\"widget\" data-widget_type=\"text-editor.default\">\n\t\t\t\t<div class=\"elementor-widget-container\">\n\t\t\t\t\t\t\t\t\t<p><strong>Coordinates:<\/strong> 632352N 0240150E<br \/>\n<strong>Runway:<\/strong> 08\/26 \u2013 740 x 19 m \u2013 gravel<br \/>\nLDA: 08: 740 m, 26: 740 m<br \/>\nRadio frequency: 123.500<br \/>\n<strong>Pitch height:<\/strong> 123 m (403 ft)<br \/>\n<strong>Fuel station:<\/strong> Owned by the club<br \/>\n<strong>Private<\/strong><br \/>\n<strong>Notifications:<\/strong> <a class=\"popup\" href=\"https:\/\/lentopaikat.fi\/notam\/notam.php?a=EFVT\" data-width=\"500\" data-height=\"600\" data-scrollbars=\"1\">NOTAM<\/a><\/p>\n\t\t\t\t\t\t\t\t<\/div>\n\t\t\t\t<\/div>\n\t\t\t\t<div class=\"elementor-element elementor-element-6314f077 elementor-widget elementor-widget-heading\" data-id=\"6314f077\" data-element_type=\"widget\" data-e-type=\"widget\" data-widget_type=\"heading.default\">\n\t\t\t\t<div class=\"elementor-widget-container\">\n\t\t\t\t\t<h5 class=\"elementor-heading-title elementor-size-default\"> 6. Sight seeing and services<\/h5>\t\t\t\t<\/div>\n\t\t\t\t<\/div>\n\t\t\t\t<div class=\"elementor-element elementor-element-24e1b15f elementor-widget elementor-widget-text-editor\" data-id=\"24e1b15f\" data-element_type=\"widget\" data-e-type=\"widget\" data-widget_type=\"text-editor.default\">\n\t\t\t\t<div class=\"elementor-widget-container\">\n\t\t\t\t\t\t\t\t\t<p>1 kilometer away as the crow flies (3 km by road) Kemora Motor Speedway with dining options. About 5 km away is the Huhtaniemi M\u00f6kkikyl\u00e4 with high-quality cabins and dining and other services.<\/p>\n\t\t\t\t\t\t\t\t<\/div>\n\t\t\t\t<\/div>\n\t\t\t\t<div class=\"elementor-element elementor-element-6efdba0 elementor-widget elementor-widget-heading\" data-id=\"6efdba0\" data-element_type=\"widget\" data-e-type=\"widget\" data-widget_type=\"heading.default\">\n\t\t\t\t<div class=\"elementor-widget-container\">\n\t\t\t\t\t<h5 class=\"elementor-heading-title elementor-size-default\">7. Contact information:<\/h5>\t\t\t\t<\/div>\n\t\t\t\t<\/div>\n\t\t\t\t<div class=\"elementor-element elementor-element-42451f72 elementor-widget elementor-widget-text-editor\" data-id=\"42451f72\" data-element_type=\"widget\" data-e-type=\"widget\" data-widget_type=\"text-editor.default\">\n\t\t\t\t<div class=\"elementor-widget-container\">\n\t\t\t\t\t\t\t\t\t<p>Club chairman Vesa Tunkkari +358 40 845 0854.<br \/>\nClub secretary Timo J\u00e4rvel\u00e4 +358 50 323 1491<br \/>\nAirport Chief Timo J\u00e4rvel\u00e4 +358 50 323 1491<br \/>\nTaxi +358 6 862 4100.<\/p>\n\t\t\t\t\t\t\t\t<\/div>\n\t\t\t\t<\/div>\n\t\t\t\t<div class=\"elementor-element elementor-element-7b990499 elementor-widget elementor-widget-heading\" data-id=\"7b990499\" data-element_type=\"widget\" data-e-type=\"widget\" data-widget_type=\"heading.default\">\n\t\t\t\t<div class=\"elementor-widget-container\">\n\t\t\t\t\t<h5 class=\"elementor-heading-title elementor-size-default\">8.  Links:<\/h5>\t\t\t\t<\/div>\n\t\t\t\t<\/div>\n\t\t\t\t<div class=\"elementor-element elementor-element-6b8d2771 elementor-widget elementor-widget-text-editor\" data-id=\"6b8d2771\" data-element_type=\"widget\" data-e-type=\"widget\" data-widget_type=\"text-editor.default\">\n\t\t\t\t<div class=\"elementor-widget-container\">\n\t\t\t\t\t\t\t\t\t<ul>\n<li><a href=\"http:\/\/www.geocities.com\/kennethsa63\" target=\"_blank\" rel=\"noopener\">Perhonjokilaakson Ilmailukerho ry<\/a><\/li>\n<\/ul>\n\t\t\t\t\t\t\t\t<\/div>\n\t\t\t\t<\/div>\n\t\t\t\t<div class=\"elementor-element elementor-element-3d595ae2 elementor-widget elementor-widget-heading\" data-id=\"3d595ae2\" data-element_type=\"widget\" data-e-type=\"widget\" data-widget_type=\"heading.default\">\n\t\t\t\t<div class=\"elementor-widget-container\">\n\t\t\t\t\t<h5 class=\"elementor-heading-title elementor-size-default\">9. Map<\/h5>\t\t\t\t<\/div>\n\t\t\t\t<\/div>\n\t\t\t\t<div class=\"elementor-element elementor-element-5f7e3584 elementor-widget elementor-widget-google_maps\" data-id=\"5f7e3584\" data-element_type=\"widget\" data-e-type=\"widget\" data-widget_type=\"google_maps.default\">\n\t\t\t\t<div class=\"elementor-widget-container\">\n\t\t\t\t\t\t\t<div class=\"elementor-custom-embed\">\n\t\t\t<iframe loading=\"lazy\"\n\t\t\t\t\tsrc=\"https:\/\/www.google.com\/maps\/embed\/v1\/place?key=AIzaSyC1j1iK8FQx51JcFwNxcbaAudBg3BxuVow&#038;q=Sulkaharjun%20pienlentokentt%C3%A4%20veteli&#038;zoom=13\"\n\t\t\t\t\ttitle=\"Sulkaharjun pienlentokentt\u00e4 veteli\"\n\t\t\t\t\taria-label=\"Sulkaharjun pienlentokentt\u00e4 veteli\"\n\t\t\t><\/iframe>\n\t\t<\/div>\n\t\t\t\t\t\t<\/div>\n\t\t\t\t<\/div>\n\t\t\t\t\t<\/div>\n\t\t<\/div>\n\t\t\t\t<div class=\"elementor-column elementor-col-50 elementor-inner-column elementor-element elementor-element-1a2cfd71\" data-id=\"1a2cfd71\" data-element_type=\"column\" data-e-type=\"column\">\n\t\t\t<div class=\"elementor-widget-wrap elementor-element-populated\">\n\t\t\t\t\t\t<div class=\"elementor-element elementor-element-7d3e85b7 elementor-widget elementor-widget-image\" data-id=\"7d3e85b7\" data-element_type=\"widget\" data-e-type=\"widget\" data-widget_type=\"image.default\">\n\t\t\t\t<div class=\"elementor-widget-container\">\n\t\t\t\t\t\t\t\t\t\t\t\t<figure class=\"wp-caption\">\n\t\t\t\t\t\t\t\t\t\t\t<a href=\"https:\/\/lentopaikat.fi\/wp-content\/uploads\/efvt.gif\" data-elementor-open-lightbox=\"yes\" data-elementor-lightbox-title=\"efvt\" data-e-action-hash=\"#elementor-action%3Aaction%3Dlightbox%26settings%3DeyJpZCI6MzUyMTAsInVybCI6Imh0dHBzOlwvXC9sZW50b3BhaWthdC5maVwvd3AtY29udGVudFwvdXBsb2Fkc1wvZWZ2dC5naWYifQ%3D%3D\">\n\t\t\t\t\t\t\t<img fetchpriority=\"high\" decoding=\"async\" width=\"200\" height=\"352\" src=\"https:\/\/lentopaikat.fi\/wp-content\/uploads\/efvt.gif\" class=\"attachment-large size-large wp-image-35210\" alt=\"\" \/>\t\t\t\t\t\t\t\t<\/a>\n\t\t\t\t\t\t\t\t\t\t\t<figcaption class=\"widget-image-caption wp-caption-text\"><\/figcaption>\n\t\t\t\t\t\t\t\t\t\t<\/figure>\n\t\t\t\t\t\t\t\t\t<\/div>\n\t\t\t\t<\/div>\n\t\t\t\t<div class=\"elementor-element elementor-element-31cfab64 elementor-widget elementor-widget-image\" data-id=\"31cfab64\" data-element_type=\"widget\" data-e-type=\"widget\" data-widget_type=\"image.default\">\n\t\t\t\t<div class=\"elementor-widget-container\">\n\t\t\t\t\t\t\t\t\t\t\t\t<figure class=\"wp-caption\">\n\t\t\t\t\t\t\t\t\t\t\t<a href=\"https:\/\/lentopaikat.fi\/wp-content\/uploads\/EFVT_LDG.pdf\" target=\"_blank\">\n\t\t\t\t\t\t\t<img decoding=\"async\" width=\"791\" height=\"1024\" src=\"https:\/\/lentopaikat.fi\/wp-content\/uploads\/EFVT_LDG-scaled-791x1024.jpg\" class=\"attachment-large size-large wp-image-35215\" alt=\"\" srcset=\"https:\/\/lentopaikat.fi\/wp-content\/uploads\/EFVT_LDG-scaled-791x1024.jpg 791w, https:\/\/lentopaikat.fi\/wp-content\/uploads\/EFVT_LDG-scaled-232x300.jpg 232w, https:\/\/lentopaikat.fi\/wp-content\/uploads\/EFVT_LDG-scaled-768x994.jpg 768w, https:\/\/lentopaikat.fi\/wp-content\/uploads\/EFVT_LDG-scaled-1187x1536.jpg 1187w, https:\/\/lentopaikat.fi\/wp-content\/uploads\/EFVT_LDG-scaled-1582x2048.jpg 1582w, https:\/\/lentopaikat.fi\/wp-content\/uploads\/EFVT_LDG-scaled-9x12.jpg 9w, https:\/\/lentopaikat.fi\/wp-content\/uploads\/EFVT_LDG-scaled.jpg 1978w\" sizes=\"(max-width: 791px) 100vw, 791px\" \/>\t\t\t\t\t\t\t\t<\/a>\n\t\t\t\t\t\t\t\t\t\t\t<figcaption class=\"widget-image-caption wp-caption-text\">LDG CHART, CLICK ON PICTURE TO OPEN PDF DOCUMENT<\/figcaption>\n\t\t\t\t\t\t\t\t\t\t<\/figure>\n\t\t\t\t\t\t\t\t\t<\/div>\n\t\t\t\t<\/div>\n\t\t<div class=\"elementor-element elementor-element-11e79b1f e-flex e-con-boxed e-con e-parent\" data-id=\"11e79b1f\" data-element_type=\"container\" data-e-type=\"container\">\n\t\t\t\t\t<div class=\"e-con-inner\">\n\t\t\t\t<div class=\"elementor-element elementor-element-200ec980 elementor-arrows-position-inside elementor-widget elementor-widget-image-carousel\" data-id=\"200ec980\" data-element_type=\"widget\" data-e-type=\"widget\" data-settings=\"{&quot;slides_to_show&quot;:&quot;1&quot;,&quot;navigation&quot;:&quot;arrows&quot;,&quot;speed&quot;:900,&quot;autoplay&quot;:&quot;yes&quot;,&quot;pause_on_hover&quot;:&quot;yes&quot;,&quot;pause_on_interaction&quot;:&quot;yes&quot;,&quot;autoplay_speed&quot;:5000,&quot;infinite&quot;:&quot;yes&quot;,&quot;effect&quot;:&quot;slide&quot;}\" data-widget_type=\"image-carousel.default\">\n\t\t\t\t<div class=\"elementor-widget-container\">\n\t\t\t\t\t\t\t<div class=\"elementor-image-carousel-wrapper swiper\" role=\"region\" aria-roledescription=\"carousel\" aria-label=\"Image Carousel\" dir=\"ltr\">\n\t\t\t<div class=\"elementor-image-carousel swiper-wrapper swiper-image-stretch\" aria-live=\"off\">\n\t\t\t\t\t\t\t\t<div class=\"swiper-slide\" role=\"group\" aria-roledescription=\"slide\" aria-label=\"1 of 2\"><a data-elementor-open-lightbox=\"yes\" data-elementor-lightbox-slideshow=\"200ec980\" data-elementor-lightbox-title=\"EFVT - Sulkaharju, Veteli\" data-elementor-lightbox-description=\"SULKAHARJUN KENTT\u00c4 ILMASTA K\u00c4SIN. KUVATTU 21.6.2015. \n\nKuva: Jarmo Uusim\u00e4ki\" data-e-action-hash=\"#elementor-action%3Aaction%3Dlightbox%26settings%3DeyJpZCI6MzUyMTMsInVybCI6Imh0dHBzOlwvXC9sZW50b3BhaWthdC5maVwvd3AtY29udGVudFwvdXBsb2Fkc1wvRUZWVF9haXJfMS5qcGciLCJzbGlkZXNob3ciOiIyMDBlYzk4MCJ9\" href=\"https:\/\/lentopaikat.fi\/wp-content\/uploads\/EFVT_air_1.jpg\"><figure class=\"swiper-slide-inner\"><img decoding=\"async\" class=\"swiper-slide-image\" src=\"https:\/\/lentopaikat.fi\/wp-content\/uploads\/EFVT_air_1-1024x769.jpg\" alt=\"EFVT - Sulkaharju, Veteli\" \/><figcaption class=\"elementor-image-carousel-caption\">EFVT - Sulkaharju, Veteli<\/figcaption><\/figure><\/a><\/div><div class=\"swiper-slide\" role=\"group\" aria-roledescription=\"slide\" aria-label=\"2 of 2\"><a data-elementor-open-lightbox=\"yes\" data-elementor-lightbox-slideshow=\"200ec980\" data-elementor-lightbox-title=\"EFVT - Sulkaharju, Veteli\" data-elementor-lightbox-description=\"TARKEMPI ILMAKUVA. KUVATTU 21.6.2015.\nKUVA JARMO UUSIM\u00c4KI\" data-e-action-hash=\"#elementor-action%3Aaction%3Dlightbox%26settings%3DeyJpZCI6MzUyMTQsInVybCI6Imh0dHBzOlwvXC9sZW50b3BhaWthdC5maVwvd3AtY29udGVudFwvdXBsb2Fkc1wvRUZWVF9haXJfMi5qcGciLCJzbGlkZXNob3ciOiIyMDBlYzk4MCJ9\" href=\"https:\/\/lentopaikat.fi\/wp-content\/uploads\/EFVT_air_2.jpg\"><figure class=\"swiper-slide-inner\"><img decoding=\"async\" class=\"swiper-slide-image\" src=\"https:\/\/lentopaikat.fi\/wp-content\/uploads\/EFVT_air_2-1024x769.jpg\" alt=\"EFVT - Sulkaharju, Veteli\" \/><figcaption class=\"elementor-image-carousel-caption\">EFVT - Sulkaharju, Veteli<\/figcaption><\/figure><\/a><\/div>\t\t\t<\/div>\n\t\t\t\t\t\t\t\t\t\t\t\t<div class=\"elementor-swiper-button elementor-swiper-button-prev\" role=\"button\" tabindex=\"0\">\n\t\t\t\t\t\t<i aria-hidden=\"true\" class=\"eicon-chevron-left\"><\/i>\t\t\t\t\t<\/div>\n\t\t\t\t\t<div class=\"elementor-swiper-button elementor-swiper-button-next\" role=\"button\" tabindex=\"0\">\n\t\t\t\t\t\t<i aria-hidden=\"true\" class=\"eicon-chevron-right\"><\/i>\t\t\t\t\t<\/div>\n\t\t\t\t\n\t\t\t\t\t\t\t\t\t<\/div>\n\t\t\t\t\t\t<\/div>\n\t\t\t\t<\/div>\n\t\t\t\t\t<\/div>\n\t\t\t\t<\/div>\n\t\t\t\t\t<\/div>\n\t\t<\/div>\n\t\t\t\t\t<\/div>\n\t\t<\/section>\n\t\t\t\t\t<\/div>\n\t\t<\/div>\n\t\t\t\t\t<\/div>\n\t\t<\/section>\n\t\t\t\t<\/div>\n\t\t","protected":false},"excerpt":{"rendered":"<p>Sulkaharju &#8211; EFVT Warning! T\u00e4m\u00e4 on ns, &#8220;k\u00f6yh\u00e4n miehen NOTAM&#8221; eli t\u00e4ll\u00e4 voi varoittaa kent\u00e4ll\u00e4 tapahtuvasta poikkeavasta toiminnasta. T\u00e4m\u00e4 ilmoitus on ajastettavissa ja n\u00e4kyy vain silloin kun on jotain varoitettaavaa Varoitus ei ole suljettavissaT\u00e4m\u00e4n aikaa voi s\u00e4\u00e4t\u00e4 vasemmalta Visibility v\u00e4lilehdest\u00e4 1. Sunset and sunrise and the SERA definition of night 2. General information: Private field [&hellip;]<\/p>\n","protected":false},"author":1,"featured_media":0,"parent":0,"menu_order":0,"comment_status":"closed","ping_status":"closed","template":"","meta":{"inline_featured_image":false,"_lmt_disableupdate":"","_lmt_disable":"","footnotes":""},"class_list":["post-36391","page","type-page","status-publish","hentry"],"_links":{"self":[{"href":"https:\/\/lentopaikat.fi\/en\/wp-json\/wp\/v2\/pages\/36391","targetHints":{"allow":["GET"]}}],"collection":[{"href":"https:\/\/lentopaikat.fi\/en\/wp-json\/wp\/v2\/pages"}],"about":[{"href":"https:\/\/lentopaikat.fi\/en\/wp-json\/wp\/v2\/types\/page"}],"author":[{"embeddable":true,"href":"https:\/\/lentopaikat.fi\/en\/wp-json\/wp\/v2\/users\/1"}],"replies":[{"embeddable":true,"href":"https:\/\/lentopaikat.fi\/en\/wp-json\/wp\/v2\/comments?post=36391"}],"version-history":[{"count":0,"href":"https:\/\/lentopaikat.fi\/en\/wp-json\/wp\/v2\/pages\/36391\/revisions"}],"wp:attachment":[{"href":"https:\/\/lentopaikat.fi\/en\/wp-json\/wp\/v2\/media?parent=36391"}],"curies":[{"name":"wp","href":"https:\/\/api.w.org\/{rel}","templated":true}]}}