{"id":36380,"date":"2022-11-18T11:34:53","date_gmt":"2022-11-18T09:34:53","guid":{"rendered":"https:\/\/lentopaikat.fi\/soini\/"},"modified":"2022-11-18T11:43:52","modified_gmt":"2022-11-18T09:43:52","slug":"soini","status":"publish","type":"page","link":"https:\/\/lentopaikat.fi\/en\/soini\/","title":{"rendered":"Soini"},"content":{"rendered":"\t\t<div data-elementor-type=\"wp-page\" data-elementor-id=\"36380\" class=\"elementor elementor-36380 elementor-36371\" data-elementor-post-type=\"page\">\n\t\t\t\t\t\t<section class=\"elementor-section elementor-top-section elementor-element elementor-element-28d8637a elementor-section-height-min-height elementor-section-full_width elementor-section-height-default elementor-section-items-middle\" data-id=\"28d8637a\" data-element_type=\"section\" data-e-type=\"section\" data-settings=\"{&quot;background_background&quot;:&quot;classic&quot;}\">\n\t\t\t\t\t\t\t<div class=\"elementor-background-overlay\"><\/div>\n\t\t\t\t\t\t\t<div class=\"elementor-container elementor-column-gap-default\">\n\t\t\t\t\t<div class=\"elementor-column elementor-col-50 elementor-top-column elementor-element elementor-element-103185b\" data-id=\"103185b\" data-element_type=\"column\" data-e-type=\"column\">\n\t\t\t<div class=\"elementor-widget-wrap elementor-element-populated\">\n\t\t\t\t\t\t<div class=\"elementor-element elementor-element-64c5d91f elementor-widget elementor-widget-heading\" data-id=\"64c5d91f\" data-element_type=\"widget\" data-e-type=\"widget\" data-widget_type=\"heading.default\">\n\t\t\t\t<div class=\"elementor-widget-container\">\n\t\t\t\t\t<h2 class=\"elementor-heading-title elementor-size-default\">Soini<\/h2>\t\t\t\t<\/div>\n\t\t\t\t<\/div>\n\t\t\t\t\t<\/div>\n\t\t<\/div>\n\t\t\t\t<div class=\"elementor-column elementor-col-50 elementor-top-column elementor-element elementor-element-6fd49173\" data-id=\"6fd49173\" data-element_type=\"column\" data-e-type=\"column\">\n\t\t\t<div class=\"elementor-widget-wrap\">\n\t\t\t\t\t\t\t<\/div>\n\t\t<\/div>\n\t\t\t\t\t<\/div>\n\t\t<\/section>\n\t\t\t\t<section class=\"elementor-section elementor-top-section elementor-element elementor-element-3e41a44 elementor-section-full_width elementor-section-height-default elementor-section-height-default\" data-id=\"3e41a44\" data-element_type=\"section\" data-e-type=\"section\">\n\t\t\t\t\t\t<div class=\"elementor-container elementor-column-gap-default\">\n\t\t\t\t\t<div class=\"elementor-column elementor-col-100 elementor-top-column elementor-element elementor-element-6ecc6a57\" data-id=\"6ecc6a57\" data-element_type=\"column\" data-e-type=\"column\">\n\t\t\t<div class=\"elementor-widget-wrap elementor-element-populated\">\n\t\t\t\t\t\t<section class=\"elementor-section elementor-inner-section elementor-element elementor-element-4c7363a6 elementor-section-full_width elementor-section-height-default elementor-section-height-default\" data-id=\"4c7363a6\" data-element_type=\"section\" data-e-type=\"section\">\n\t\t\t\t\t\t<div class=\"elementor-container elementor-column-gap-wide\">\n\t\t\t\t\t<div class=\"elementor-column elementor-col-50 elementor-inner-column elementor-element elementor-element-79cb7673\" data-id=\"79cb7673\" data-element_type=\"column\" data-e-type=\"column\">\n\t\t\t<div class=\"elementor-widget-wrap elementor-element-populated\">\n\t\t\t\t<!-- dce invisible element 36548b6e -->\t\t<div class=\"elementor-element elementor-element-a4d9807 elementor-widget elementor-widget-heading\" data-id=\"a4d9807\" data-element_type=\"widget\" data-e-type=\"widget\" data-widget_type=\"heading.default\">\n\t\t\t\t<div class=\"elementor-widget-container\">\n\t\t\t\t\t<h5 class=\"elementor-heading-title elementor-size-default\">1. Sunset and sunrise and the SERA definition of night<\/h5>\t\t\t\t<\/div>\n\t\t\t\t<\/div>\n\t\t\t\t<div class=\"elementor-element elementor-element-48e065a0 elementor-widget elementor-widget-shortcode\" data-id=\"48e065a0\" data-element_type=\"widget\" data-e-type=\"widget\" data-widget_type=\"shortcode.default\">\n\t\t\t\t<div class=\"elementor-widget-container\">\n\t\t\t\t\t\t\t<div class=\"elementor-shortcode\"><table><tbody><tr><td>Finnish time today, 17.04.2026<\/br><b> - Night ends: 04:57<\/br> - Sunrise: 05:50<\/br> - Sunset: 20:56<\/br> - Night begins: 21:49<\/br><\/b><\/td>\r\n<td> Times tomorrow <\/br><b> - Night ends tomorrow: 04:54<\/br> - Sunrise tomorrow: 05:47<\/br> - sunset tomorrow: 20:59<\/br> - Night begins tomorrow: 21:52<\/b><\/td><\/tr><\/tbody><\/table><\/div>\n\t\t\t\t\t\t<\/div>\n\t\t\t\t<\/div>\n\t\t\t\t<div class=\"elementor-element elementor-element-9b2a3b2 elementor-widget elementor-widget-heading\" data-id=\"9b2a3b2\" data-element_type=\"widget\" data-e-type=\"widget\" data-widget_type=\"heading.default\">\n\t\t\t\t<div class=\"elementor-widget-container\">\n\t\t\t\t\t<h5 class=\"elementor-heading-title elementor-size-default\">2. General information:<\/h5>\t\t\t\t<\/div>\n\t\t\t\t<\/div>\n\t\t\t\t<div class=\"elementor-element elementor-element-6c9b0bcb elementor-widget elementor-widget-text-editor\" data-id=\"6c9b0bcb\" data-element_type=\"widget\" data-e-type=\"widget\" data-widget_type=\"text-editor.default\">\n\t\t\t\t<div class=\"elementor-widget-container\">\n\t\t\t\t\t\t\t\t\t<p>Stone ash surface every 10 meters wide. Trees removed approximately 55 meters wide. Total length about 600 m, direction 04\/22. When approaching direction 04, about 200 meters before the start of the runway, trees every 15 meters long, the closer ones have been cut down. From here, at the beginning of the runway, there is a slight descent. From direction 22, small trees about 30 meters before the start of the runway, which max 2m from the surface of the runway. From this direction, the small rise at the end of the runway also makes braking easier.<\/p>\n<p>At the southern end of the field is a campfire site. Other premises under construction.<\/p>\n\t\t\t\t\t\t\t\t<\/div>\n\t\t\t\t<\/div>\n\t\t\t\t<div class=\"elementor-element elementor-element-6806fb21 elementor-widget elementor-widget-heading\" data-id=\"6806fb21\" data-element_type=\"widget\" data-e-type=\"widget\" data-widget_type=\"heading.default\">\n\t\t\t\t<div class=\"elementor-widget-container\">\n\t\t\t\t\t<h5 class=\"elementor-heading-title elementor-size-default\">3.  Price Information:<\/h5>\t\t\t\t<\/div>\n\t\t\t\t<\/div>\n\t\t\t\t<div class=\"elementor-element elementor-element-3bf0661e elementor-widget elementor-widget-text-editor\" data-id=\"3bf0661e\" data-element_type=\"widget\" data-e-type=\"widget\" data-widget_type=\"text-editor.default\">\n\t\t\t\t<div class=\"elementor-widget-container\">\n\t\t\t\t\t\t\t\t\t<p>NIL<\/p>\n\t\t\t\t\t\t\t\t<\/div>\n\t\t\t\t<\/div>\n\t\t\t\t<div class=\"elementor-element elementor-element-71b3c0ff elementor-widget elementor-widget-heading\" data-id=\"71b3c0ff\" data-element_type=\"widget\" data-e-type=\"widget\" data-widget_type=\"heading.default\">\n\t\t\t\t<div class=\"elementor-widget-container\">\n\t\t\t\t\t<h5 class=\"elementor-heading-title elementor-size-default\">4. The Airport:<\/h5>\t\t\t\t<\/div>\n\t\t\t\t<\/div>\n\t\t\t\t<div class=\"elementor-element elementor-element-1ddc5d88 elementor-widget elementor-widget-text-editor\" data-id=\"1ddc5d88\" data-element_type=\"widget\" data-e-type=\"widget\" data-widget_type=\"text-editor.default\">\n\t\t\t\t<div class=\"elementor-widget-container\">\n\t\t\t\t\t\t\t\t\t<p>The edge areas are leveled, but we are improving little by little. The extension of the runway is also under construction to the southern end, after which the total length of the field will be approximately 700m. The aim is to keep the surface flat.<\/p>\n\t\t\t\t\t\t\t\t<\/div>\n\t\t\t\t<\/div>\n\t\t\t\t<div class=\"elementor-element elementor-element-62a9ef7c elementor-widget elementor-widget-heading\" data-id=\"62a9ef7c\" data-element_type=\"widget\" data-e-type=\"widget\" data-widget_type=\"heading.default\">\n\t\t\t\t<div class=\"elementor-widget-container\">\n\t\t\t\t\t<h5 class=\"elementor-heading-title elementor-size-default\">5. Basic data:<\/h5>\t\t\t\t<\/div>\n\t\t\t\t<\/div>\n\t\t\t\t<div class=\"elementor-element elementor-element-3b7381dc elementor-widget elementor-widget-text-editor\" data-id=\"3b7381dc\" data-element_type=\"widget\" data-e-type=\"widget\" data-widget_type=\"text-editor.default\">\n\t\t\t\t<div class=\"elementor-widget-container\">\n\t\t\t\t\t\t\t\t\t<p><strong>Coordinates:<\/strong> 6251626N 02409683E<br \/>\n<strong>Runway(s):<\/strong> 22\/04 \u2013 600\u00d710 \u2013 stone ash<br \/>\n<strong>Radio frequency:<\/strong> 123.500<br \/>\n<strong>Field Elevation:<\/strong> 600 ft<br \/>\n<strong>Fuel availability:<\/strong> NIL<br \/>\n<strong>Private, prior permission required<\/strong><\/p>\n\t\t\t\t\t\t\t\t<\/div>\n\t\t\t\t<\/div>\n\t\t\t\t<div class=\"elementor-element elementor-element-6957959f elementor-widget elementor-widget-heading\" data-id=\"6957959f\" data-element_type=\"widget\" data-e-type=\"widget\" data-widget_type=\"heading.default\">\n\t\t\t\t<div class=\"elementor-widget-container\">\n\t\t\t\t\t<h5 class=\"elementor-heading-title elementor-size-default\"> 6. Sight seeing and services<\/h5>\t\t\t\t<\/div>\n\t\t\t\t<\/div>\n\t\t\t\t<div class=\"elementor-element elementor-element-426d7a9f elementor-widget elementor-widget-text-editor\" data-id=\"426d7a9f\" data-element_type=\"widget\" data-e-type=\"widget\" data-widget_type=\"text-editor.default\">\n\t\t\t\t<div class=\"elementor-widget-container\">\n\t\t\t\t\t\t\t\t\t<p>Food, shops, etc. in the center of Soin, about 2 km.<br \/>\nYou can ask the contact person for help with gas, travel, etc.<\/p>\n\t\t\t\t\t\t\t\t<\/div>\n\t\t\t\t<\/div>\n\t\t\t\t<div class=\"elementor-element elementor-element-567334a6 elementor-widget elementor-widget-heading\" data-id=\"567334a6\" data-element_type=\"widget\" data-e-type=\"widget\" data-widget_type=\"heading.default\">\n\t\t\t\t<div class=\"elementor-widget-container\">\n\t\t\t\t\t<h5 class=\"elementor-heading-title elementor-size-default\">7. Contact information:<\/h5>\t\t\t\t<\/div>\n\t\t\t\t<\/div>\n\t\t\t\t<div class=\"elementor-element elementor-element-9a73722 elementor-widget elementor-widget-text-editor\" data-id=\"9a73722\" data-element_type=\"widget\" data-e-type=\"widget\" data-widget_type=\"text-editor.default\">\n\t\t\t\t<div class=\"elementor-widget-container\">\n\t\t\t\t\t\t\t\t\t<p>Contact person: Esa J\u00e4rvel\u00e4,\u00a0 +358 500 951275<\/p>\n\t\t\t\t\t\t\t\t<\/div>\n\t\t\t\t<\/div>\n\t\t\t\t<div class=\"elementor-element elementor-element-5a46f1e5 elementor-widget elementor-widget-heading\" data-id=\"5a46f1e5\" data-element_type=\"widget\" data-e-type=\"widget\" data-widget_type=\"heading.default\">\n\t\t\t\t<div class=\"elementor-widget-container\">\n\t\t\t\t\t<h5 class=\"elementor-heading-title elementor-size-default\">8.  Links:<\/h5>\t\t\t\t<\/div>\n\t\t\t\t<\/div>\n\t\t\t\t<div class=\"elementor-element elementor-element-60e52c37 elementor-widget elementor-widget-text-editor\" data-id=\"60e52c37\" data-element_type=\"widget\" data-e-type=\"widget\" data-widget_type=\"text-editor.default\">\n\t\t\t\t<div class=\"elementor-widget-container\">\n\t\t\t\t\t\t\t\t\t<p>&#8211;<\/p>\n\t\t\t\t\t\t\t\t<\/div>\n\t\t\t\t<\/div>\n\t\t\t\t<div class=\"elementor-element elementor-element-761db693 elementor-widget elementor-widget-heading\" data-id=\"761db693\" data-element_type=\"widget\" data-e-type=\"widget\" data-widget_type=\"heading.default\">\n\t\t\t\t<div class=\"elementor-widget-container\">\n\t\t\t\t\t<h5 class=\"elementor-heading-title elementor-size-default\">9. Map<\/h5>\t\t\t\t<\/div>\n\t\t\t\t<\/div>\n\t\t\t\t<div class=\"elementor-element elementor-element-64469e30 elementor-widget elementor-widget-google_maps\" data-id=\"64469e30\" data-element_type=\"widget\" data-e-type=\"widget\" data-widget_type=\"google_maps.default\">\n\t\t\t\t<div class=\"elementor-widget-container\">\n\t\t\t\t\t\t\t<div class=\"elementor-custom-embed\">\n\t\t\t<iframe loading=\"lazy\"\n\t\t\t\t\tsrc=\"https:\/\/www.google.com\/maps\/embed\/v1\/place?key=AIzaSyC1j1iK8FQx51JcFwNxcbaAudBg3BxuVow&#038;q=soini&#038;zoom=13\"\n\t\t\t\t\ttitle=\"soini\"\n\t\t\t\t\taria-label=\"soini\"\n\t\t\t><\/iframe>\n\t\t<\/div>\n\t\t\t\t\t\t<\/div>\n\t\t\t\t<\/div>\n\t\t\t\t\t<\/div>\n\t\t<\/div>\n\t\t\t\t<div class=\"elementor-column elementor-col-50 elementor-inner-column elementor-element elementor-element-4ceb00a\" data-id=\"4ceb00a\" data-element_type=\"column\" data-e-type=\"column\">\n\t\t\t<div class=\"elementor-widget-wrap elementor-element-populated\">\n\t\t\t\t\t\t<div class=\"elementor-element elementor-element-7babdf03 elementor-widget elementor-widget-image\" data-id=\"7babdf03\" data-element_type=\"widget\" data-e-type=\"widget\" data-widget_type=\"image.default\">\n\t\t\t\t<div class=\"elementor-widget-container\">\n\t\t\t\t\t\t\t\t\t\t\t\t<figure class=\"wp-caption\">\n\t\t\t\t\t\t\t\t\t\t\t<a href=\"https:\/\/lentopaikat.fi\/wp-content\/uploads\/soini.png\" data-elementor-open-lightbox=\"yes\" data-elementor-lightbox-title=\"soini\" data-e-action-hash=\"#elementor-action%3Aaction%3Dlightbox%26settings%3DeyJpZCI6MzUzMTEsInVybCI6Imh0dHBzOlwvXC9sZW50b3BhaWthdC5maVwvd3AtY29udGVudFwvdXBsb2Fkc1wvc29pbmkucG5nIn0%3D\">\n\t\t\t\t\t\t\t<img fetchpriority=\"high\" decoding=\"async\" width=\"430\" height=\"757\" src=\"https:\/\/lentopaikat.fi\/wp-content\/uploads\/soini.png\" class=\"attachment-large size-large wp-image-35311\" alt=\"\" srcset=\"https:\/\/lentopaikat.fi\/wp-content\/uploads\/soini.png 430w, https:\/\/lentopaikat.fi\/wp-content\/uploads\/soini-170x300.png 170w, https:\/\/lentopaikat.fi\/wp-content\/uploads\/soini-7x12.png 7w\" sizes=\"(max-width: 430px) 100vw, 430px\" \/>\t\t\t\t\t\t\t\t<\/a>\n\t\t\t\t\t\t\t\t\t\t\t<figcaption class=\"widget-image-caption wp-caption-text\"><\/figcaption>\n\t\t\t\t\t\t\t\t\t\t<\/figure>\n\t\t\t\t\t\t\t\t\t<\/div>\n\t\t\t\t<\/div>\n\t\t<div class=\"elementor-element elementor-element-1f42f53c e-flex e-con-boxed e-con e-parent\" data-id=\"1f42f53c\" data-element_type=\"container\" data-e-type=\"container\">\n\t\t\t\t\t<div class=\"e-con-inner\">\n\t\t\t\t<div class=\"elementor-element elementor-element-6183846f elementor-arrows-position-inside elementor-widget elementor-widget-image-carousel\" data-id=\"6183846f\" data-element_type=\"widget\" data-e-type=\"widget\" data-settings=\"{&quot;slides_to_show&quot;:&quot;1&quot;,&quot;navigation&quot;:&quot;arrows&quot;,&quot;speed&quot;:900,&quot;autoplay&quot;:&quot;yes&quot;,&quot;pause_on_hover&quot;:&quot;yes&quot;,&quot;pause_on_interaction&quot;:&quot;yes&quot;,&quot;autoplay_speed&quot;:5000,&quot;infinite&quot;:&quot;yes&quot;,&quot;effect&quot;:&quot;slide&quot;}\" data-widget_type=\"image-carousel.default\">\n\t\t\t\t<div class=\"elementor-widget-container\">\n\t\t\t\t\t\t\t<div class=\"elementor-image-carousel-wrapper swiper\" role=\"region\" aria-roledescription=\"carousel\" aria-label=\"Image Carousel\" dir=\"ltr\">\n\t\t\t<div class=\"elementor-image-carousel swiper-wrapper swiper-image-stretch\" aria-live=\"off\">\n\t\t\t\t\t\t\t\t<div class=\"swiper-slide\" role=\"group\" aria-roledescription=\"slide\" aria-label=\"1 of 4\"><a data-elementor-open-lightbox=\"yes\" data-elementor-lightbox-slideshow=\"6183846f\" data-elementor-lightbox-title=\"Soini-04.21-18-57-34\" data-elementor-lightbox-description=\"KUVA 04 L\u00c4HESTYMIS SUUNNASTA. TAUSTALLA N\u00c4KYY SOININ KESKUSTAA.\nKUVA: ESA J\u00c4RVEL\u00c4\nKUVATTU: 21.04.2016\" data-e-action-hash=\"#elementor-action%3Aaction%3Dlightbox%26settings%3DeyJpZCI6MzUzMDcsInVybCI6Imh0dHBzOlwvXC9sZW50b3BhaWthdC5maVwvd3AtY29udGVudFwvdXBsb2Fkc1wvU29pbmktMDQuMjEtMTgtNTctMzQuanBnIiwic2xpZGVzaG93IjoiNjE4Mzg0NmYifQ%3D%3D\" href=\"https:\/\/lentopaikat.fi\/wp-content\/uploads\/Soini-04.21-18-57-34.jpg\"><figure class=\"swiper-slide-inner\"><img decoding=\"async\" class=\"swiper-slide-image\" src=\"https:\/\/lentopaikat.fi\/wp-content\/uploads\/Soini-04.21-18-57-34-1024x768.jpg\" alt=\"KUVA 04 L\u00c4HESTYMIS SUUNNASTA. TAUSTALLA N\u00c4KYY SOININ KESKUSTAA.\nKUVA: ESA J\u00c4RVEL\u00c4\nKUVATTU: 21.04.2016\" \/><figcaption class=\"elementor-image-carousel-caption\">KUVA 04 L\u00c4HESTYMIS SUUNNASTA. TAUSTALLA N\u00c4KYY SOININ KESKUSTAA.\nKUVA: ESA J\u00c4RVEL\u00c4\nKUVATTU: 21.04.2016<\/figcaption><\/figure><\/a><\/div><div class=\"swiper-slide\" role=\"group\" aria-roledescription=\"slide\" aria-label=\"2 of 4\"><a data-elementor-open-lightbox=\"yes\" data-elementor-lightbox-slideshow=\"6183846f\" data-elementor-lightbox-title=\"Soini-04.23-21-32-44\" data-elementor-lightbox-description=\"SOININ KIITOTIE JA OH-U448 HARKITSEMASSA LENTOONL\u00c4HT\u00d6\u00c4\nKUVA: ESA J\u00c4RVEL\u00c4\nKUVATTU: 23.04.2016\" data-e-action-hash=\"#elementor-action%3Aaction%3Dlightbox%26settings%3DeyJpZCI6MzUzMDgsInVybCI6Imh0dHBzOlwvXC9sZW50b3BhaWthdC5maVwvd3AtY29udGVudFwvdXBsb2Fkc1wvU29pbmktMDQuMjMtMjEtMzItNDQuanBnIiwic2xpZGVzaG93IjoiNjE4Mzg0NmYifQ%3D%3D\" href=\"https:\/\/lentopaikat.fi\/wp-content\/uploads\/Soini-04.23-21-32-44.jpg\"><figure class=\"swiper-slide-inner\"><img decoding=\"async\" class=\"swiper-slide-image\" src=\"https:\/\/lentopaikat.fi\/wp-content\/uploads\/Soini-04.23-21-32-44-1024x768.jpg\" alt=\"SOININ KIITOTIE JA OH-U448 HARKITSEMASSA LENTOONL\u00c4HT\u00d6\u00c4\nKUVA: ESA J\u00c4RVEL\u00c4\nKUVATTU: 23.04.2016\" \/><figcaption class=\"elementor-image-carousel-caption\">SOININ KIITOTIE JA OH-U448 HARKITSEMASSA LENTOONL\u00c4HT\u00d6\u00c4\nKUVA: ESA J\u00c4RVEL\u00c4\nKUVATTU: 23.04.2016<\/figcaption><\/figure><\/a><\/div><div class=\"swiper-slide\" role=\"group\" aria-roledescription=\"slide\" aria-label=\"3 of 4\"><a data-elementor-open-lightbox=\"yes\" data-elementor-lightbox-slideshow=\"6183846f\" data-elementor-lightbox-title=\"Soini-05.14-19-03-11\" data-elementor-lightbox-description=\"SOININ KIITOTIE\nKUVA: ESA J\u00c4RVEL\u00c4\nKUVATTU: 14.05.2016\" data-e-action-hash=\"#elementor-action%3Aaction%3Dlightbox%26settings%3DeyJpZCI6MzUzMDksInVybCI6Imh0dHBzOlwvXC9sZW50b3BhaWthdC5maVwvd3AtY29udGVudFwvdXBsb2Fkc1wvU29pbmktMDUuMTQtMTktMDMtMTEuanBnIiwic2xpZGVzaG93IjoiNjE4Mzg0NmYifQ%3D%3D\" href=\"https:\/\/lentopaikat.fi\/wp-content\/uploads\/Soini-05.14-19-03-11.jpg\"><figure class=\"swiper-slide-inner\"><img decoding=\"async\" class=\"swiper-slide-image\" src=\"https:\/\/lentopaikat.fi\/wp-content\/uploads\/Soini-05.14-19-03-11-1024x768.jpg\" alt=\"SOININ KIITOTIE\nKUVA: ESA J\u00c4RVEL\u00c4\nKUVATTU: 14.05.2016\" \/><figcaption class=\"elementor-image-carousel-caption\">SOININ KIITOTIE\nKUVA: ESA J\u00c4RVEL\u00c4\nKUVATTU: 14.05.2016<\/figcaption><\/figure><\/a><\/div><div class=\"swiper-slide\" role=\"group\" aria-roledescription=\"slide\" aria-label=\"4 of 4\"><a data-elementor-open-lightbox=\"yes\" data-elementor-lightbox-slideshow=\"6183846f\" data-elementor-lightbox-title=\"Soini-05.29-21-10-11\" data-elementor-lightbox-description=\"LEVE\u00c4MM\u00c4LL\u00c4KIN KALUSTOLLA P\u00c4\u00c4SEE LASKUUN:\nKUVA: ESA J\u00c4RVEL\u00c4\nKUVATTU: 29.05.2016\" data-e-action-hash=\"#elementor-action%3Aaction%3Dlightbox%26settings%3DeyJpZCI6MzUzMTAsInVybCI6Imh0dHBzOlwvXC9sZW50b3BhaWthdC5maVwvd3AtY29udGVudFwvdXBsb2Fkc1wvU29pbmktMDUuMjktMjEtMTAtMTEuanBnIiwic2xpZGVzaG93IjoiNjE4Mzg0NmYifQ%3D%3D\" href=\"https:\/\/lentopaikat.fi\/wp-content\/uploads\/Soini-05.29-21-10-11.jpg\"><figure class=\"swiper-slide-inner\"><img decoding=\"async\" class=\"swiper-slide-image\" src=\"https:\/\/lentopaikat.fi\/wp-content\/uploads\/Soini-05.29-21-10-11-1024x768.jpg\" alt=\"LEVE\u00c4MM\u00c4LL\u00c4KIN KALUSTOLLA P\u00c4\u00c4SEE LASKUUN:\nKUVA: ESA J\u00c4RVEL\u00c4\nKUVATTU: 29.05.2016\" \/><figcaption class=\"elementor-image-carousel-caption\">LEVE\u00c4MM\u00c4LL\u00c4KIN KALUSTOLLA P\u00c4\u00c4SEE LASKUUN:\nKUVA: ESA J\u00c4RVEL\u00c4\nKUVATTU: 29.05.2016<\/figcaption><\/figure><\/a><\/div>\t\t\t<\/div>\n\t\t\t\t\t\t\t\t\t\t\t\t<div class=\"elementor-swiper-button elementor-swiper-button-prev\" role=\"button\" tabindex=\"0\">\n\t\t\t\t\t\t<i aria-hidden=\"true\" class=\"eicon-chevron-left\"><\/i>\t\t\t\t\t<\/div>\n\t\t\t\t\t<div class=\"elementor-swiper-button elementor-swiper-button-next\" role=\"button\" tabindex=\"0\">\n\t\t\t\t\t\t<i aria-hidden=\"true\" class=\"eicon-chevron-right\"><\/i>\t\t\t\t\t<\/div>\n\t\t\t\t\n\t\t\t\t\t\t\t\t\t<\/div>\n\t\t\t\t\t\t<\/div>\n\t\t\t\t<\/div>\n\t\t\t\t\t<\/div>\n\t\t\t\t<\/div>\n\t\t\t\t\t<\/div>\n\t\t<\/div>\n\t\t\t\t\t<\/div>\n\t\t<\/section>\n\t\t\t\t\t<\/div>\n\t\t<\/div>\n\t\t\t\t\t<\/div>\n\t\t<\/section>\n\t\t\t\t<\/div>\n\t\t","protected":false},"excerpt":{"rendered":"<p>Soini Warning! T\u00e4m\u00e4 on ns, &#8220;k\u00f6yh\u00e4n miehen NOTAM&#8221; eli t\u00e4ll\u00e4 voi varoittaa kent\u00e4ll\u00e4 tapahtuvasta poikkeavasta toiminnasta. T\u00e4m\u00e4 ilmoitus on ajastettavissa ja n\u00e4kyy vain silloin kun on jotain varoitettaavaa Varoitus ei ole suljettavissaT\u00e4m\u00e4n aikaa voi s\u00e4\u00e4t\u00e4 vasemmalta Visibility v\u00e4lilehdest\u00e4 1. Sunset and sunrise and the SERA definition of night 2. General information: Stone ash surface every [&hellip;]<\/p>\n","protected":false},"author":1,"featured_media":0,"parent":0,"menu_order":0,"comment_status":"closed","ping_status":"closed","template":"","meta":{"inline_featured_image":false,"_lmt_disableupdate":"","_lmt_disable":"","footnotes":""},"class_list":["post-36380","page","type-page","status-publish","hentry"],"_links":{"self":[{"href":"https:\/\/lentopaikat.fi\/en\/wp-json\/wp\/v2\/pages\/36380","targetHints":{"allow":["GET"]}}],"collection":[{"href":"https:\/\/lentopaikat.fi\/en\/wp-json\/wp\/v2\/pages"}],"about":[{"href":"https:\/\/lentopaikat.fi\/en\/wp-json\/wp\/v2\/types\/page"}],"author":[{"embeddable":true,"href":"https:\/\/lentopaikat.fi\/en\/wp-json\/wp\/v2\/users\/1"}],"replies":[{"embeddable":true,"href":"https:\/\/lentopaikat.fi\/en\/wp-json\/wp\/v2\/comments?post=36380"}],"version-history":[{"count":0,"href":"https:\/\/lentopaikat.fi\/en\/wp-json\/wp\/v2\/pages\/36380\/revisions"}],"wp:attachment":[{"href":"https:\/\/lentopaikat.fi\/en\/wp-json\/wp\/v2\/media?parent=36380"}],"curies":[{"name":"wp","href":"https:\/\/api.w.org\/{rel}","templated":true}]}}