{"id":36358,"date":"2022-11-18T10:58:04","date_gmt":"2022-11-18T08:58:04","guid":{"rendered":"https:\/\/lentopaikat.fi\/selanpaa-efse\/"},"modified":"2025-08-10T12:45:42","modified_gmt":"2025-08-10T10:45:42","slug":"selanpaa-efse","status":"publish","type":"page","link":"https:\/\/lentopaikat.fi\/en\/selanpaa-efse\/","title":{"rendered":"Sel\u00e4np\u00e4\u00e4 &#8211; EFSE"},"content":{"rendered":"\t\t<div data-elementor-type=\"wp-page\" data-elementor-id=\"36358\" class=\"elementor elementor-36358 elementor-36349\" data-elementor-post-type=\"page\">\n\t\t\t\t\t\t<section class=\"elementor-section elementor-top-section elementor-element elementor-element-5644bed elementor-section-height-min-height elementor-section-full_width elementor-section-height-default elementor-section-items-middle\" data-id=\"5644bed\" data-element_type=\"section\" data-e-type=\"section\" data-settings=\"{&quot;background_background&quot;:&quot;classic&quot;}\">\n\t\t\t\t\t\t\t<div class=\"elementor-background-overlay\"><\/div>\n\t\t\t\t\t\t\t<div class=\"elementor-container elementor-column-gap-default\">\n\t\t\t\t\t<div class=\"elementor-column elementor-col-50 elementor-top-column elementor-element elementor-element-7e16af86\" data-id=\"7e16af86\" data-element_type=\"column\" data-e-type=\"column\">\n\t\t\t<div class=\"elementor-widget-wrap elementor-element-populated\">\n\t\t\t\t\t\t<div class=\"elementor-element elementor-element-75880d1c elementor-widget elementor-widget-heading\" data-id=\"75880d1c\" data-element_type=\"widget\" data-e-type=\"widget\" data-widget_type=\"heading.default\">\n\t\t\t\t<div class=\"elementor-widget-container\">\n\t\t\t\t\t<h2 class=\"elementor-heading-title elementor-size-default\">Sel\u00e4np\u00e4\u00e4 - EFSE<\/h2>\t\t\t\t<\/div>\n\t\t\t\t<\/div>\n\t\t\t\t\t<\/div>\n\t\t<\/div>\n\t\t\t\t<div class=\"elementor-column elementor-col-50 elementor-top-column elementor-element elementor-element-192d99b6\" data-id=\"192d99b6\" data-element_type=\"column\" data-e-type=\"column\">\n\t\t\t<div class=\"elementor-widget-wrap\">\n\t\t\t\t\t\t\t<\/div>\n\t\t<\/div>\n\t\t\t\t\t<\/div>\n\t\t<\/section>\n\t\t\t\t<section class=\"elementor-section elementor-top-section elementor-element elementor-element-482712e6 elementor-section-full_width elementor-section-height-default elementor-section-height-default\" data-id=\"482712e6\" data-element_type=\"section\" data-e-type=\"section\">\n\t\t\t\t\t\t<div class=\"elementor-container elementor-column-gap-default\">\n\t\t\t\t\t<div class=\"elementor-column elementor-col-100 elementor-top-column elementor-element elementor-element-6e6595ee\" data-id=\"6e6595ee\" data-element_type=\"column\" data-e-type=\"column\">\n\t\t\t<div class=\"elementor-widget-wrap elementor-element-populated\">\n\t\t\t\t\t\t<section class=\"elementor-section elementor-inner-section elementor-element elementor-element-6eb55f91 elementor-section-full_width elementor-section-height-default elementor-section-height-default\" data-id=\"6eb55f91\" data-element_type=\"section\" data-e-type=\"section\">\n\t\t\t\t\t\t<div class=\"elementor-container elementor-column-gap-wide\">\n\t\t\t\t\t<div class=\"elementor-column elementor-col-50 elementor-inner-column elementor-element elementor-element-64162e36\" data-id=\"64162e36\" data-element_type=\"column\" data-e-type=\"column\">\n\t\t\t<div class=\"elementor-widget-wrap elementor-element-populated\">\n\t\t\t\t<!-- dce invisible element 7166daf8 -->\t\t<div class=\"elementor-element elementor-element-61d915f2 elementor-widget elementor-widget-heading\" data-id=\"61d915f2\" data-element_type=\"widget\" data-e-type=\"widget\" data-widget_type=\"heading.default\">\n\t\t\t\t<div class=\"elementor-widget-container\">\n\t\t\t\t\t<h5 class=\"elementor-heading-title elementor-size-default\">1. Sunset and sunrise and the SERA definition of night<\/h5>\t\t\t\t<\/div>\n\t\t\t\t<\/div>\n\t\t\t\t<div class=\"elementor-element elementor-element-4c74db1f elementor-widget elementor-widget-shortcode\" data-id=\"4c74db1f\" data-element_type=\"widget\" data-e-type=\"widget\" data-widget_type=\"shortcode.default\">\n\t\t\t\t<div class=\"elementor-widget-container\">\n\t\t\t\t\t\t\t<div class=\"elementor-shortcode\"><table><tbody><tr><td>Finnish time today, 19.04.2026<\/br><b> - Night ends: 04:52<\/br> - Sunrise: 05:42<\/br> - Sunset: 20:45<\/br> - Night begins: 21:34<\/br><\/b><\/td>\r\n<td> Times tomorrow <\/br><b> - Night ends tomorrow: 04:49<\/br> - Sunrise tomorrow: 05:39<\/br> - sunset tomorrow: 20:47<\/br> - Night begins tomorrow: 21:37<\/b><\/td><\/tr><\/tbody><\/table><\/div>\n\t\t\t\t\t\t<\/div>\n\t\t\t\t<\/div>\n\t\t\t\t<div class=\"elementor-element elementor-element-16db1f82 elementor-widget elementor-widget-heading\" data-id=\"16db1f82\" data-element_type=\"widget\" data-e-type=\"widget\" data-widget_type=\"heading.default\">\n\t\t\t\t<div class=\"elementor-widget-container\">\n\t\t\t\t\t<h5 class=\"elementor-heading-title elementor-size-default\">2. General information:<\/h5>\t\t\t\t<\/div>\n\t\t\t\t<\/div>\n\t\t\t\t<div class=\"elementor-element elementor-element-7fcd31d0 elementor-widget elementor-widget-text-editor\" data-id=\"7fcd31d0\" data-element_type=\"widget\" data-e-type=\"widget\" data-widget_type=\"text-editor.default\">\n\t\t\t\t<div class=\"elementor-widget-container\">\n\t\t\t\t\t\t\t\t\t<p>An active gliding airfield in North-Kouvola south of the Vuohij\u00e4rvi village. The Kouvolan Seudun Ilmailuyhdistys (KILY) flying club and the paragliding club Kotkan Siipiveikot operate on this field. The gliders are mainly towed by winching, because of this overflights should be avoided. The towing line of the paragliders may also reach a height of up to 800 metres. There is also flying with motor-gliders, ultralights and experimental airplanes in the field. It is possible to stay comfortably in the field even longer times: In addition to rental cabins and a trailer park common lodging is offered in the clubhouse, a dwelling rich in aviation history. The sauna is heated daily during the flying season. Food can be prepared in the kitchen of the caf\u00e9 building or the grill awning, there are flush toilets and shovers in the service building. A dishwasher and a washing machine are further available. All lodgings have refrigerators where personal foodstuffs can be stored.<\/p>\n\t\t\t\t\t\t\t\t<\/div>\n\t\t\t\t<\/div>\n\t\t\t\t<div class=\"elementor-element elementor-element-73a0b16d elementor-widget elementor-widget-heading\" data-id=\"73a0b16d\" data-element_type=\"widget\" data-e-type=\"widget\" data-widget_type=\"heading.default\">\n\t\t\t\t<div class=\"elementor-widget-container\">\n\t\t\t\t\t<h5 class=\"elementor-heading-title elementor-size-default\">3.  Price Information:<\/h5>\t\t\t\t<\/div>\n\t\t\t\t<\/div>\n\t\t\t\t<div class=\"elementor-element elementor-element-3d2b93d5 elementor-widget elementor-widget-text-editor\" data-id=\"3d2b93d5\" data-element_type=\"widget\" data-e-type=\"widget\" data-widget_type=\"text-editor.default\">\n\t\t\t\t<div class=\"elementor-widget-container\">\n\t\t\t\t\t\t\t\t\t<p>NIL<\/p>\n\t\t\t\t\t\t\t\t<\/div>\n\t\t\t\t<\/div>\n\t\t\t\t<div class=\"elementor-element elementor-element-60f01b90 elementor-widget elementor-widget-heading\" data-id=\"60f01b90\" data-element_type=\"widget\" data-e-type=\"widget\" data-widget_type=\"heading.default\">\n\t\t\t\t<div class=\"elementor-widget-container\">\n\t\t\t\t\t<h5 class=\"elementor-heading-title elementor-size-default\">4. The Airport:<\/h5>\t\t\t\t<\/div>\n\t\t\t\t<\/div>\n\t\t\t\t<div class=\"elementor-element elementor-element-3a20f648 elementor-widget elementor-widget-text-editor\" data-id=\"3a20f648\" data-element_type=\"widget\" data-e-type=\"widget\" data-widget_type=\"text-editor.default\">\n\t\t\t\t<div class=\"elementor-widget-container\">\n\t\t\t\t\t\t\t\t\t<p>in Good condition<\/p>\n\t\t\t\t\t\t\t\t<\/div>\n\t\t\t\t<\/div>\n\t\t\t\t<div class=\"elementor-element elementor-element-5808fd94 elementor-widget elementor-widget-heading\" data-id=\"5808fd94\" data-element_type=\"widget\" data-e-type=\"widget\" data-widget_type=\"heading.default\">\n\t\t\t\t<div class=\"elementor-widget-container\">\n\t\t\t\t\t<h5 class=\"elementor-heading-title elementor-size-default\">5. Basic data:<\/h5>\t\t\t\t<\/div>\n\t\t\t\t<\/div>\n\t\t\t\t<div class=\"elementor-element elementor-element-75ae9984 elementor-widget elementor-widget-text-editor\" data-id=\"75ae9984\" data-element_type=\"widget\" data-e-type=\"widget\" data-widget_type=\"text-editor.default\">\n\t\t\t\t<div class=\"elementor-widget-container\">\n\t\t\t\t\t\t\t\t\t<p><strong>Coordinates:<\/strong> 610351N 0264744E<br \/><strong>Runways:<\/strong> 04\/22 \u2013 850 x 15 m \u2013 gravel\/grass,<br \/>12\/30 \u2013 1000 x 15 m \u2013 asfalttia<br \/><strong>LDA:<\/strong> 04: 850 m, 22: 850 m, 12: 1000 m, 30: 1000 m<br \/><strong>Radio frequency:<\/strong> 123,200<br \/><strong>Airport altitude:<\/strong> 127 m (417 ft)<br \/><strong>Fuel availablility:<\/strong> No. Nearest fuel point in Utti.<br \/><strong>Anouncements:<\/strong>\u00a0<a class=\"popup\" href=\"https:\/\/lentopaikat.fi\/notam\/notam.php?a=EFSE\" data-width=\"500\" data-height=\"600\" data-scrollbars=\"1\">NOTAM<\/a><\/p>\n\t\t\t\t\t\t\t\t<\/div>\n\t\t\t\t<\/div>\n\t\t\t\t<div class=\"elementor-element elementor-element-5cdc4209 elementor-widget elementor-widget-heading\" data-id=\"5cdc4209\" data-element_type=\"widget\" data-e-type=\"widget\" data-widget_type=\"heading.default\">\n\t\t\t\t<div class=\"elementor-widget-container\">\n\t\t\t\t\t<h5 class=\"elementor-heading-title elementor-size-default\"> 6. Sight seeing and services<\/h5>\t\t\t\t<\/div>\n\t\t\t\t<\/div>\n\t\t\t\t<div class=\"elementor-element elementor-element-11cf5b9e elementor-widget elementor-widget-text-editor\" data-id=\"11cf5b9e\" data-element_type=\"widget\" data-e-type=\"widget\" data-widget_type=\"text-editor.default\">\n\t\t\t\t<div class=\"elementor-widget-container\">\n\t\t\t\t\t\t\t\t\t<p>In the field there is a memorial commemorating the Sel\u00e4np\u00e4\u00e4 aerial battle. Close by is e.g. the impressive landscapes of Repovesi national park, and the Verla industrial museum, both of which have pre-historical rock paintings. In the summer there is a caf\u00e9, offering inexpensive food, coffee, buns, lemonade, sweets etc. Tobacco and beer are not offered.<\/p>\n\t\t\t\t\t\t\t\t<\/div>\n\t\t\t\t<\/div>\n\t\t\t\t<div class=\"elementor-element elementor-element-6250fd05 elementor-widget elementor-widget-heading\" data-id=\"6250fd05\" data-element_type=\"widget\" data-e-type=\"widget\" data-widget_type=\"heading.default\">\n\t\t\t\t<div class=\"elementor-widget-container\">\n\t\t\t\t\t<h5 class=\"elementor-heading-title elementor-size-default\">7. Contact information:<\/h5>\t\t\t\t<\/div>\n\t\t\t\t<\/div>\n\t\t\t\t<div class=\"elementor-element elementor-element-2e6e00cf elementor-widget elementor-widget-text-editor\" data-id=\"2e6e00cf\" data-element_type=\"widget\" data-e-type=\"widget\" data-widget_type=\"text-editor.default\">\n\t\t\t\t<div class=\"elementor-widget-container\">\n\t\t\t\t\t\t\t\t\t<p>Airport Chief: Harri Tuviala +358 41 5478102<br \/>Taxi +358 5 106450<\/p>\n\t\t\t\t\t\t\t\t<\/div>\n\t\t\t\t<\/div>\n\t\t\t\t<div class=\"elementor-element elementor-element-4159c96a elementor-widget elementor-widget-heading\" data-id=\"4159c96a\" data-element_type=\"widget\" data-e-type=\"widget\" data-widget_type=\"heading.default\">\n\t\t\t\t<div class=\"elementor-widget-container\">\n\t\t\t\t\t<h5 class=\"elementor-heading-title elementor-size-default\">8.  Links:<\/h5>\t\t\t\t<\/div>\n\t\t\t\t<\/div>\n\t\t\t\t<div class=\"elementor-element elementor-element-315c0bfc elementor-widget elementor-widget-text-editor\" data-id=\"315c0bfc\" data-element_type=\"widget\" data-e-type=\"widget\" data-widget_type=\"text-editor.default\">\n\t\t\t\t<div class=\"elementor-widget-container\">\n\t\t\t\t\t\t\t\t\t<ul>\n<li><a href=\"http:\/\/www.kily.fi\/\" target=\"_blank\" rel=\"noopener\">Kouvolan Seudun Ilmailuyhdistys Kouvola Flying Club<\/a><\/li>\n<li><a href=\"http:\/\/siipiveikot.kuvat.fi\/\" target=\"_blank\" rel=\"noopener\">Kotkan Siipiveikot Paragliding Club<\/a><\/li>\n<li><a href=\"http:\/\/purjelentajan.blogspot.fi\/\" target=\"_blank\" rel=\"noopener\">http:\/\/purjelentajan.blogspot.fi<\/a>\u00a0\u2013 Reports about the activities on the field<\/li>\n<\/ul>\n\t\t\t\t\t\t\t\t<\/div>\n\t\t\t\t<\/div>\n\t\t\t\t<div class=\"elementor-element elementor-element-57f9f0d3 elementor-widget elementor-widget-heading\" data-id=\"57f9f0d3\" data-element_type=\"widget\" data-e-type=\"widget\" data-widget_type=\"heading.default\">\n\t\t\t\t<div class=\"elementor-widget-container\">\n\t\t\t\t\t<h5 class=\"elementor-heading-title elementor-size-default\">9. Map<\/h5>\t\t\t\t<\/div>\n\t\t\t\t<\/div>\n\t\t\t\t<div class=\"elementor-element elementor-element-21569406 elementor-widget elementor-widget-google_maps\" data-id=\"21569406\" data-element_type=\"widget\" data-e-type=\"widget\" data-widget_type=\"google_maps.default\">\n\t\t\t\t<div class=\"elementor-widget-container\">\n\t\t\t\t\t\t\t<div class=\"elementor-custom-embed\">\n\t\t\t<iframe loading=\"lazy\"\n\t\t\t\t\tsrc=\"https:\/\/www.google.com\/maps\/embed\/v1\/place?key=AIzaSyC1j1iK8FQx51JcFwNxcbaAudBg3BxuVow&#038;q=Sel%C3%A4np%C3%A4%C3%A4n%20lentokentt%C3%A4&#038;zoom=13\"\n\t\t\t\t\ttitle=\"Sel\u00e4np\u00e4\u00e4n lentokentt\u00e4\"\n\t\t\t\t\taria-label=\"Sel\u00e4np\u00e4\u00e4n lentokentt\u00e4\"\n\t\t\t><\/iframe>\n\t\t<\/div>\n\t\t\t\t\t\t<\/div>\n\t\t\t\t<\/div>\n\t\t\t\t\t<\/div>\n\t\t<\/div>\n\t\t\t\t<div class=\"elementor-column elementor-col-50 elementor-inner-column elementor-element elementor-element-6262b3c3\" data-id=\"6262b3c3\" data-element_type=\"column\" data-e-type=\"column\">\n\t\t\t<div class=\"elementor-widget-wrap elementor-element-populated\">\n\t\t\t\t\t\t<div class=\"elementor-element elementor-element-3cfb4db6 elementor-widget elementor-widget-image\" data-id=\"3cfb4db6\" data-element_type=\"widget\" data-e-type=\"widget\" data-widget_type=\"image.default\">\n\t\t\t\t<div class=\"elementor-widget-container\">\n\t\t\t\t\t\t\t\t\t\t\t\t<figure class=\"wp-caption\">\n\t\t\t\t\t\t\t\t\t\t\t<a href=\"https:\/\/lentopaikat.fi\/wp-content\/uploads\/efse.gif\" data-elementor-open-lightbox=\"yes\" data-elementor-lightbox-title=\"efse\" data-e-action-hash=\"#elementor-action%3Aaction%3Dlightbox%26settings%3DeyJpZCI6MzUxMTQsInVybCI6Imh0dHBzOlwvXC9sZW50b3BhaWthdC5maVwvd3AtY29udGVudFwvdXBsb2Fkc1wvZWZzZS5naWYifQ%3D%3D\">\n\t\t\t\t\t\t\t<img fetchpriority=\"high\" decoding=\"async\" width=\"200\" height=\"352\" src=\"https:\/\/lentopaikat.fi\/wp-content\/uploads\/efse.gif\" class=\"attachment-large size-large wp-image-35114\" alt=\"\" \/>\t\t\t\t\t\t\t\t<\/a>\n\t\t\t\t\t\t\t\t\t\t\t<figcaption class=\"widget-image-caption wp-caption-text\"><\/figcaption>\n\t\t\t\t\t\t\t\t\t\t<\/figure>\n\t\t\t\t\t\t\t\t\t<\/div>\n\t\t\t\t<\/div>\n\t\t\t\t<div class=\"elementor-element elementor-element-44ffc51a elementor-widget elementor-widget-image\" data-id=\"44ffc51a\" data-element_type=\"widget\" data-e-type=\"widget\" data-widget_type=\"image.default\">\n\t\t\t\t<div class=\"elementor-widget-container\">\n\t\t\t\t\t\t\t\t\t\t\t\t<figure class=\"wp-caption\">\n\t\t\t\t\t\t\t\t\t\t\t<a href=\"https:\/\/lentopaikat.fi\/wp-content\/uploads\/EFSE_LDG.pdf\" target=\"_blank\">\n\t\t\t\t\t\t\t<img decoding=\"async\" width=\"724\" height=\"1024\" src=\"https:\/\/lentopaikat.fi\/wp-content\/uploads\/EFSE_LDG-724x1024.jpg\" class=\"attachment-large size-large wp-image-39676\" alt=\"\" srcset=\"https:\/\/lentopaikat.fi\/wp-content\/uploads\/EFSE_LDG-724x1024.jpg 724w, https:\/\/lentopaikat.fi\/wp-content\/uploads\/EFSE_LDG-212x300.jpg 212w, https:\/\/lentopaikat.fi\/wp-content\/uploads\/EFSE_LDG-768x1086.jpg 768w, https:\/\/lentopaikat.fi\/wp-content\/uploads\/EFSE_LDG-1087x1536.jpg 1087w, https:\/\/lentopaikat.fi\/wp-content\/uploads\/EFSE_LDG.jpg 1303w\" sizes=\"(max-width: 724px) 100vw, 724px\" \/>\t\t\t\t\t\t\t\t<\/a>\n\t\t\t\t\t\t\t\t\t\t\t<figcaption class=\"widget-image-caption wp-caption-text\">LDG CHART, CLICK ON PICTURE TO OPEN PDF DOCUMENT<\/figcaption>\n\t\t\t\t\t\t\t\t\t\t<\/figure>\n\t\t\t\t\t\t\t\t\t<\/div>\n\t\t\t\t<\/div>\n\t\t<div class=\"elementor-element elementor-element-1679a638 e-flex e-con-boxed e-con e-parent\" data-id=\"1679a638\" data-element_type=\"container\" data-e-type=\"container\">\n\t\t\t\t\t<div class=\"e-con-inner\">\n\t\t\t\t<div class=\"elementor-element elementor-element-63564ef3 elementor-arrows-position-inside elementor-widget elementor-widget-image-carousel\" data-id=\"63564ef3\" data-element_type=\"widget\" data-e-type=\"widget\" data-settings=\"{&quot;slides_to_show&quot;:&quot;1&quot;,&quot;navigation&quot;:&quot;arrows&quot;,&quot;speed&quot;:900,&quot;autoplay&quot;:&quot;yes&quot;,&quot;pause_on_hover&quot;:&quot;yes&quot;,&quot;pause_on_interaction&quot;:&quot;yes&quot;,&quot;autoplay_speed&quot;:5000,&quot;infinite&quot;:&quot;yes&quot;,&quot;effect&quot;:&quot;slide&quot;}\" data-widget_type=\"image-carousel.default\">\n\t\t\t\t<div class=\"elementor-widget-container\">\n\t\t\t\t\t\t\t<div class=\"elementor-image-carousel-wrapper swiper\" role=\"region\" aria-roledescription=\"carousel\" aria-label=\"Image Carousel\" dir=\"ltr\">\n\t\t\t<div class=\"elementor-image-carousel swiper-wrapper swiper-image-stretch\" aria-live=\"off\">\n\t\t\t\t\t\t\t\t<div class=\"swiper-slide\" role=\"group\" aria-roledescription=\"slide\" aria-label=\"1 of 3\"><a data-elementor-open-lightbox=\"yes\" data-elementor-lightbox-slideshow=\"63564ef3\" data-elementor-lightbox-title=\"efse_air2\" data-elementor-lightbox-description=\"SEL\u00c4NP\u00c4\u00c4N KENTT\u00c4 ILMASTA K\u00c4SIN KAAKKOISPUOLELTA N\u00c4HTYN\u00c4 21.6.2005. OIKEALLA VUOHIJ\u00c4RVI JA LAHDEN POHJASSA VUOHIJ\u00c4RVEN KYL\u00c4. KUVA ARTO MYLLYL\u00c4. (KLIKKAA SUUREKSI)\" data-e-action-hash=\"#elementor-action%3Aaction%3Dlightbox%26settings%3DeyJpZCI6MzUxMTYsInVybCI6Imh0dHBzOlwvXC9sZW50b3BhaWthdC5maVwvd3AtY29udGVudFwvdXBsb2Fkc1wvZWZzZV9haXIyLmpwZyIsInNsaWRlc2hvdyI6IjYzNTY0ZWYzIn0%3D\" href=\"https:\/\/lentopaikat.fi\/wp-content\/uploads\/efse_air2.jpg\"><figure class=\"swiper-slide-inner\"><img decoding=\"async\" class=\"swiper-slide-image\" src=\"https:\/\/lentopaikat.fi\/wp-content\/uploads\/efse_air2.jpg\" alt=\"SEL\u00c4NP\u00c4\u00c4N KENTT\u00c4 ILMASTA K\u00c4SIN KAAKKOISPUOLELTA N\u00c4HTYN\u00c4 21.6.2005. OIKEALLA VUOHIJ\u00c4RVI JA LAHDEN POHJASSA VUOHIJ\u00c4RVEN KYL\u00c4. KUVA ARTO MYLLYL\u00c4. (KLIKKAA SUUREKSI)\" \/><figcaption class=\"elementor-image-carousel-caption\">SEL\u00c4NP\u00c4\u00c4N KENTT\u00c4 ILMASTA K\u00c4SIN KAAKKOISPUOLELTA N\u00c4HTYN\u00c4 21.6.2005. OIKEALLA VUOHIJ\u00c4RVI JA LAHDEN POHJASSA VUOHIJ\u00c4RVEN KYL\u00c4. KUVA ARTO MYLLYL\u00c4. (KLIKKAA SUUREKSI)<\/figcaption><\/figure><\/a><\/div><div class=\"swiper-slide\" role=\"group\" aria-roledescription=\"slide\" aria-label=\"2 of 3\"><a data-elementor-open-lightbox=\"yes\" data-elementor-lightbox-slideshow=\"63564ef3\" data-elementor-lightbox-title=\"efse_air\" data-elementor-lightbox-description=\"L\u00c4HEMPI ILMAKUVA KENT\u00c4N ETEL\u00c4PUOLELTA. RULLAUSTIE SEISONTA-ALUEELLA L\u00c4HTEE KIITOTEIDEN RISTEYKSEN TUNTUMASTA. KUVA ARTO MYLLYL\u00c4. (KLIKKAA SUUREKSI)\" data-e-action-hash=\"#elementor-action%3Aaction%3Dlightbox%26settings%3DeyJpZCI6MzUxMTUsInVybCI6Imh0dHBzOlwvXC9sZW50b3BhaWthdC5maVwvd3AtY29udGVudFwvdXBsb2Fkc1wvZWZzZV9haXIuanBnIiwic2xpZGVzaG93IjoiNjM1NjRlZjMifQ%3D%3D\" href=\"https:\/\/lentopaikat.fi\/wp-content\/uploads\/efse_air.jpg\"><figure class=\"swiper-slide-inner\"><img decoding=\"async\" class=\"swiper-slide-image\" src=\"https:\/\/lentopaikat.fi\/wp-content\/uploads\/efse_air.jpg\" alt=\"L\u00c4HEMPI ILMAKUVA KENT\u00c4N ETEL\u00c4PUOLELTA. RULLAUSTIE SEISONTA-ALUEELLA L\u00c4HTEE KIITOTEIDEN RISTEYKSEN TUNTUMASTA. KUVA ARTO MYLLYL\u00c4. (KLIKKAA SUUREKSI)\" \/><figcaption class=\"elementor-image-carousel-caption\">L\u00c4HEMPI ILMAKUVA KENT\u00c4N ETEL\u00c4PUOLELTA. RULLAUSTIE SEISONTA-ALUEELLA L\u00c4HTEE KIITOTEIDEN RISTEYKSEN TUNTUMASTA. KUVA ARTO MYLLYL\u00c4. (KLIKKAA SUUREKSI)<\/figcaption><\/figure><\/a><\/div><div class=\"swiper-slide\" role=\"group\" aria-roledescription=\"slide\" aria-label=\"3 of 3\"><a data-elementor-open-lightbox=\"yes\" data-elementor-lightbox-slideshow=\"63564ef3\" data-elementor-lightbox-title=\"efse_rwy\" data-elementor-lightbox-description=\"KIITOTIEN 12 PINTAA KIITOTIEN PUOLESTA V\u00c4LIST\u00c4 KUVATTUNA 5.10.2005. KUVA MARKO TOLVANEN. (KLIKKAA SUUREKSI)\" data-e-action-hash=\"#elementor-action%3Aaction%3Dlightbox%26settings%3DeyJpZCI6MzUxMjAsInVybCI6Imh0dHBzOlwvXC9sZW50b3BhaWthdC5maVwvd3AtY29udGVudFwvdXBsb2Fkc1wvZWZzZV9yd3kuanBnIiwic2xpZGVzaG93IjoiNjM1NjRlZjMifQ%3D%3D\" href=\"https:\/\/lentopaikat.fi\/wp-content\/uploads\/efse_rwy.jpg\"><figure class=\"swiper-slide-inner\"><img decoding=\"async\" class=\"swiper-slide-image\" src=\"https:\/\/lentopaikat.fi\/wp-content\/uploads\/efse_rwy.jpg\" alt=\"KIITOTIEN 12 PINTAA KIITOTIEN PUOLESTA V\u00c4LIST\u00c4 KUVATTUNA 5.10.2005. KUVA MARKO TOLVANEN. (KLIKKAA SUUREKSI)\" \/><figcaption class=\"elementor-image-carousel-caption\">KIITOTIEN 12 PINTAA KIITOTIEN PUOLESTA V\u00c4LIST\u00c4 KUVATTUNA 5.10.2005. KUVA MARKO TOLVANEN. (KLIKKAA SUUREKSI)<\/figcaption><\/figure><\/a><\/div>\t\t\t<\/div>\n\t\t\t\t\t\t\t\t\t\t\t\t<div class=\"elementor-swiper-button elementor-swiper-button-prev\" role=\"button\" tabindex=\"0\">\n\t\t\t\t\t\t<i aria-hidden=\"true\" class=\"eicon-chevron-left\"><\/i>\t\t\t\t\t<\/div>\n\t\t\t\t\t<div class=\"elementor-swiper-button elementor-swiper-button-next\" role=\"button\" tabindex=\"0\">\n\t\t\t\t\t\t<i aria-hidden=\"true\" class=\"eicon-chevron-right\"><\/i>\t\t\t\t\t<\/div>\n\t\t\t\t\n\t\t\t\t\t\t\t\t\t<\/div>\n\t\t\t\t\t\t<\/div>\n\t\t\t\t<\/div>\n\t\t\t\t\t<\/div>\n\t\t\t\t<\/div>\n\t\t\t\t\t<\/div>\n\t\t<\/div>\n\t\t\t\t\t<\/div>\n\t\t<\/section>\n\t\t\t\t\t<\/div>\n\t\t<\/div>\n\t\t\t\t\t<\/div>\n\t\t<\/section>\n\t\t\t\t<\/div>\n\t\t","protected":false},"excerpt":{"rendered":"<p>Sel\u00e4np\u00e4\u00e4 &#8211; EFSE Warning! T\u00e4m\u00e4 on ns, &#8220;k\u00f6yh\u00e4n miehen NOTAM&#8221; eli t\u00e4ll\u00e4 voi varoittaa kent\u00e4ll\u00e4 tapahtuvasta poikkeavasta toiminnasta. T\u00e4m\u00e4 ilmoitus on ajastettavissa ja n\u00e4kyy vain silloin kun on jotain varoitettaavaa Varoitus ei ole suljettavissaT\u00e4m\u00e4n aikaa voi s\u00e4\u00e4t\u00e4 vasemmalta Visibility v\u00e4lilehdest\u00e4 1. Sunset and sunrise and the SERA definition of night 2. General information: An active [&hellip;]<\/p>\n","protected":false},"author":1,"featured_media":0,"parent":0,"menu_order":0,"comment_status":"closed","ping_status":"closed","template":"","meta":{"inline_featured_image":false,"_lmt_disableupdate":"","_lmt_disable":"","footnotes":""},"class_list":["post-36358","page","type-page","status-publish","hentry"],"_links":{"self":[{"href":"https:\/\/lentopaikat.fi\/en\/wp-json\/wp\/v2\/pages\/36358","targetHints":{"allow":["GET"]}}],"collection":[{"href":"https:\/\/lentopaikat.fi\/en\/wp-json\/wp\/v2\/pages"}],"about":[{"href":"https:\/\/lentopaikat.fi\/en\/wp-json\/wp\/v2\/types\/page"}],"author":[{"embeddable":true,"href":"https:\/\/lentopaikat.fi\/en\/wp-json\/wp\/v2\/users\/1"}],"replies":[{"embeddable":true,"href":"https:\/\/lentopaikat.fi\/en\/wp-json\/wp\/v2\/comments?post=36358"}],"version-history":[{"count":0,"href":"https:\/\/lentopaikat.fi\/en\/wp-json\/wp\/v2\/pages\/36358\/revisions"}],"wp:attachment":[{"href":"https:\/\/lentopaikat.fi\/en\/wp-json\/wp\/v2\/media?parent=36358"}],"curies":[{"name":"wp","href":"https:\/\/api.w.org\/{rel}","templated":true}]}}