{"id":36333,"date":"2022-11-18T10:41:43","date_gmt":"2022-11-18T08:41:43","guid":{"rendered":"https:\/\/lentopaikat.fi\/rautavaara-efra\/"},"modified":"2022-11-18T10:46:11","modified_gmt":"2022-11-18T08:46:11","slug":"rautavaara-efra","status":"publish","type":"page","link":"https:\/\/lentopaikat.fi\/en\/rautavaara-efra\/","title":{"rendered":"Rautavaara &#8211; EFRA"},"content":{"rendered":"\t\t<div data-elementor-type=\"wp-page\" data-elementor-id=\"36333\" class=\"elementor elementor-36333 elementor-36324\" data-elementor-post-type=\"page\">\n\t\t\t\t\t\t<section class=\"elementor-section elementor-top-section elementor-element elementor-element-1e80bbff elementor-section-height-min-height elementor-section-full_width elementor-section-height-default elementor-section-items-middle\" data-id=\"1e80bbff\" data-element_type=\"section\" data-e-type=\"section\" data-settings=\"{&quot;background_background&quot;:&quot;classic&quot;}\">\n\t\t\t\t\t\t\t<div class=\"elementor-background-overlay\"><\/div>\n\t\t\t\t\t\t\t<div class=\"elementor-container elementor-column-gap-default\">\n\t\t\t\t\t<div class=\"elementor-column elementor-col-50 elementor-top-column elementor-element elementor-element-52f782d7\" data-id=\"52f782d7\" data-element_type=\"column\" data-e-type=\"column\">\n\t\t\t<div class=\"elementor-widget-wrap elementor-element-populated\">\n\t\t\t\t\t\t<div class=\"elementor-element elementor-element-154c9a17 elementor-widget elementor-widget-heading\" data-id=\"154c9a17\" data-element_type=\"widget\" data-e-type=\"widget\" data-widget_type=\"heading.default\">\n\t\t\t\t<div class=\"elementor-widget-container\">\n\t\t\t\t\t<h2 class=\"elementor-heading-title elementor-size-default\">Rautavaara - EFRA<\/h2>\t\t\t\t<\/div>\n\t\t\t\t<\/div>\n\t\t\t\t\t<\/div>\n\t\t<\/div>\n\t\t\t\t<div class=\"elementor-column elementor-col-50 elementor-top-column elementor-element elementor-element-5dff02f8\" data-id=\"5dff02f8\" data-element_type=\"column\" data-e-type=\"column\">\n\t\t\t<div class=\"elementor-widget-wrap\">\n\t\t\t\t\t\t\t<\/div>\n\t\t<\/div>\n\t\t\t\t\t<\/div>\n\t\t<\/section>\n\t\t\t\t<section class=\"elementor-section elementor-top-section elementor-element elementor-element-9d1f22a elementor-section-full_width elementor-section-height-default elementor-section-height-default\" data-id=\"9d1f22a\" data-element_type=\"section\" data-e-type=\"section\">\n\t\t\t\t\t\t<div class=\"elementor-container elementor-column-gap-default\">\n\t\t\t\t\t<div class=\"elementor-column elementor-col-100 elementor-top-column elementor-element elementor-element-19cd59d3\" data-id=\"19cd59d3\" data-element_type=\"column\" data-e-type=\"column\">\n\t\t\t<div class=\"elementor-widget-wrap elementor-element-populated\">\n\t\t\t\t\t\t<section class=\"elementor-section elementor-inner-section elementor-element elementor-element-51af08f2 elementor-section-full_width elementor-section-height-default elementor-section-height-default\" data-id=\"51af08f2\" data-element_type=\"section\" data-e-type=\"section\">\n\t\t\t\t\t\t<div class=\"elementor-container elementor-column-gap-wide\">\n\t\t\t\t\t<div class=\"elementor-column elementor-col-50 elementor-inner-column elementor-element elementor-element-6d30d7b\" data-id=\"6d30d7b\" data-element_type=\"column\" data-e-type=\"column\">\n\t\t\t<div class=\"elementor-widget-wrap elementor-element-populated\">\n\t\t\t\t<!-- dce invisible element 6ce604fe -->\t\t<div class=\"elementor-element elementor-element-54529622 elementor-widget elementor-widget-heading\" data-id=\"54529622\" data-element_type=\"widget\" data-e-type=\"widget\" data-widget_type=\"heading.default\">\n\t\t\t\t<div class=\"elementor-widget-container\">\n\t\t\t\t\t<h5 class=\"elementor-heading-title elementor-size-default\">1. Sunset and sunrise and the SERA definition of night<\/h5>\t\t\t\t<\/div>\n\t\t\t\t<\/div>\n\t\t\t\t<div class=\"elementor-element elementor-element-1fd6da25 elementor-widget elementor-widget-shortcode\" data-id=\"1fd6da25\" data-element_type=\"widget\" data-e-type=\"widget\" data-widget_type=\"shortcode.default\">\n\t\t\t\t<div class=\"elementor-widget-container\">\n\t\t\t\t\t\t\t<div class=\"elementor-shortcode\"><table><tbody><tr><td>Finnish time today, 27.04.2026<\/br><b> - Night ends: 03:59<\/br> - Sunrise: 05:00<\/br> - Sunset: 21:12<\/br> - Night begins: 22:12<\/br><\/b><\/td>\r\n<td> Times tomorrow <\/br><b> - Night ends tomorrow: 03:55<\/br> - Sunrise tomorrow: 04:56<\/br> - sunset tomorrow: 21:15<\/br> - Night begins tomorrow: 22:16<\/b><\/td><\/tr><\/tbody><\/table><\/div>\n\t\t\t\t\t\t<\/div>\n\t\t\t\t<\/div>\n\t\t\t\t<div class=\"elementor-element elementor-element-6cd4c2b9 elementor-widget elementor-widget-heading\" data-id=\"6cd4c2b9\" data-element_type=\"widget\" data-e-type=\"widget\" data-widget_type=\"heading.default\">\n\t\t\t\t<div class=\"elementor-widget-container\">\n\t\t\t\t\t<h5 class=\"elementor-heading-title elementor-size-default\">2. General information:<\/h5>\t\t\t\t<\/div>\n\t\t\t\t<\/div>\n\t\t\t\t<div class=\"elementor-element elementor-element-1b989aea elementor-widget elementor-widget-text-editor\" data-id=\"1b989aea\" data-element_type=\"widget\" data-e-type=\"widget\" data-widget_type=\"text-editor.default\">\n\t\t\t\t<div class=\"elementor-widget-container\">\n\t\t\t\t\t\t\t\t\t<p>The airport is maintained by Rautavaara foundation and operated by Kuopio Aviation Association with large paved runway located at Rautavaara municipality. During the summer months active gliding and paragliding operations by winch launches in wich the greatest heights can be up to 700 meters. During operation, the towing wire passes through the eastern edge of the grass between runway and taxiway. Gliders operating in runway 05\/23 towing wire passes through the north end of the runway 18\/36. Due the thread of towing wire runway is not to be flown over during glider and paragliding operations. In the close vicinity of the airfield there is opportunity to stay at the accommodation building in a double room or tent. You will also find sites for caravans. There are also sauna and shower facilities, a lakeside sauna and small bars for making your own food. Nearby The airfield you can also find beach and salmon river.<\/p>\n\t\t\t\t\t\t\t\t<\/div>\n\t\t\t\t<\/div>\n\t\t\t\t<div class=\"elementor-element elementor-element-5c60656a elementor-widget elementor-widget-heading\" data-id=\"5c60656a\" data-element_type=\"widget\" data-e-type=\"widget\" data-widget_type=\"heading.default\">\n\t\t\t\t<div class=\"elementor-widget-container\">\n\t\t\t\t\t<h5 class=\"elementor-heading-title elementor-size-default\">3.  Price Information:<\/h5>\t\t\t\t<\/div>\n\t\t\t\t<\/div>\n\t\t\t\t<div class=\"elementor-element elementor-element-30dd75f3 elementor-widget elementor-widget-text-editor\" data-id=\"30dd75f3\" data-element_type=\"widget\" data-e-type=\"widget\" data-widget_type=\"text-editor.default\">\n\t\t\t\t<div class=\"elementor-widget-container\">\n\t\t\t\t\t\t\t\t\t<p>NIL<\/p>\n\t\t\t\t\t\t\t\t<\/div>\n\t\t\t\t<\/div>\n\t\t\t\t<div class=\"elementor-element elementor-element-78f8e14c elementor-widget elementor-widget-heading\" data-id=\"78f8e14c\" data-element_type=\"widget\" data-e-type=\"widget\" data-widget_type=\"heading.default\">\n\t\t\t\t<div class=\"elementor-widget-container\">\n\t\t\t\t\t<h5 class=\"elementor-heading-title elementor-size-default\">4. The Airport:<\/h5>\t\t\t\t<\/div>\n\t\t\t\t<\/div>\n\t\t\t\t<div class=\"elementor-element elementor-element-362963b5 elementor-widget elementor-widget-text-editor\" data-id=\"362963b5\" data-element_type=\"widget\" data-e-type=\"widget\" data-widget_type=\"text-editor.default\">\n\t\t\t\t<div class=\"elementor-widget-container\">\n\t\t\t\t\t\t\t\t\t<p>Good condition coated main runway 18\/36 and taxiways. In some places the sand and gravel. At the north end of the runway there is a large (&gt; 500m) open field before the forest edge. Across the field goes road for about 300 m before the threshold. At the southern end, about 200 meters open field. The runway edge areas are cultivated grassland.<br \/>\nRunway 05\/23 is not recommended for motorized aircraft because of the uneven surface. Runway 05\/23 is mainly used for glider and paraglider winch launching.<\/p>\n\t\t\t\t\t\t\t\t<\/div>\n\t\t\t\t<\/div>\n\t\t\t\t<div class=\"elementor-element elementor-element-2805fbe1 elementor-widget elementor-widget-heading\" data-id=\"2805fbe1\" data-element_type=\"widget\" data-e-type=\"widget\" data-widget_type=\"heading.default\">\n\t\t\t\t<div class=\"elementor-widget-container\">\n\t\t\t\t\t<h5 class=\"elementor-heading-title elementor-size-default\">5. Basic data:<\/h5>\t\t\t\t<\/div>\n\t\t\t\t<\/div>\n\t\t\t\t<div class=\"elementor-element elementor-element-26d6b640 elementor-widget elementor-widget-text-editor\" data-id=\"26d6b640\" data-element_type=\"widget\" data-e-type=\"widget\" data-widget_type=\"text-editor.default\">\n\t\t\t\t<div class=\"elementor-widget-container\">\n\t\t\t\t\t\t\t\t\t<p><strong>Coordinates:<\/strong> 632534N 0280730E<br \/>\n<strong>Runways:<\/strong><br \/>\n18\/36 \u2013 1230 x 23 m \u2013 asphalt,<br \/>\n05\/23 \u2013 500 x 15 m \u2013 Sand, not recommended for motorized aircraft because of the uneven surface. Runway is mainly used for glider and paraglider winch launching.<br \/>\n<strong>LDA<\/strong> 18: 1230 m, 36: 1230 m, 05: 500 m, 23: 500 m<br \/>\n<strong>Radio Frequency:<\/strong> 123,650<br \/>\n<strong>Elevation:<\/strong> 145 m (476 ft)<br \/>\n<strong>Fuel:<\/strong> N\/A<br \/>\n<strong>Announcements:<\/strong>\u00a0<a class=\"popup\" href=\"https:\/\/lentopaikat.fi\/notam\/notam.php?a=EFRA\" data-width=\"500\" data-height=\"600\" data-scrollbars=\"1\">NOTAM<\/a><\/p>\n\t\t\t\t\t\t\t\t<\/div>\n\t\t\t\t<\/div>\n\t\t\t\t<div class=\"elementor-element elementor-element-49348f7 elementor-widget elementor-widget-heading\" data-id=\"49348f7\" data-element_type=\"widget\" data-e-type=\"widget\" data-widget_type=\"heading.default\">\n\t\t\t\t<div class=\"elementor-widget-container\">\n\t\t\t\t\t<h5 class=\"elementor-heading-title elementor-size-default\"> 6. Sight seeing and services<\/h5>\t\t\t\t<\/div>\n\t\t\t\t<\/div>\n\t\t\t\t<div class=\"elementor-element elementor-element-344349b7 elementor-widget elementor-widget-text-editor\" data-id=\"344349b7\" data-element_type=\"widget\" data-e-type=\"widget\" data-widget_type=\"text-editor.default\">\n\t\t\t\t<div class=\"elementor-widget-container\">\n\t\t\t\t\t\t\t\t\t<p>The opportunity to prepare your own meals at the airfield caf\u00e9. The nearest store is 10 km west of the airfield. Rautavaara village 17 kilometers north-east of the airfield.<\/p>\n\t\t\t\t\t\t\t\t<\/div>\n\t\t\t\t<\/div>\n\t\t\t\t<div class=\"elementor-element elementor-element-278d38d2 elementor-widget elementor-widget-heading\" data-id=\"278d38d2\" data-element_type=\"widget\" data-e-type=\"widget\" data-widget_type=\"heading.default\">\n\t\t\t\t<div class=\"elementor-widget-container\">\n\t\t\t\t\t<h5 class=\"elementor-heading-title elementor-size-default\">7. Contact information:<\/h5>\t\t\t\t<\/div>\n\t\t\t\t<\/div>\n\t\t\t\t<div class=\"elementor-element elementor-element-355a1e1a elementor-widget elementor-widget-text-editor\" data-id=\"355a1e1a\" data-element_type=\"widget\" data-e-type=\"widget\" data-widget_type=\"text-editor.default\">\n\t\t\t\t<div class=\"elementor-widget-container\">\n\t\t\t\t\t\t\t\t\t<p>Rautavaara foundation is responsible for the airport activity, Chairman Kari Ylih\u00e4rsil\u00e4 +358 400 577 272.<br \/>\nKuopio Aviation Association is responsible for all Glider activity, Chairman Aimo Hakkarainen,\u00a0 +358 40 8605819..<br \/>\nResponsible for Glider training, introduction flights and other glider activities is Reijo Tuononen +358 400 778 630.<br \/>\nThe Airport Chief is Kimmo Niemel\u00e4 +358 500 848 184.<\/p>\n\t\t\t\t\t\t\t\t<\/div>\n\t\t\t\t<\/div>\n\t\t\t\t<div class=\"elementor-element elementor-element-3e45609 elementor-widget elementor-widget-heading\" data-id=\"3e45609\" data-element_type=\"widget\" data-e-type=\"widget\" data-widget_type=\"heading.default\">\n\t\t\t\t<div class=\"elementor-widget-container\">\n\t\t\t\t\t<h5 class=\"elementor-heading-title elementor-size-default\">8.  Links:<\/h5>\t\t\t\t<\/div>\n\t\t\t\t<\/div>\n\t\t\t\t<div class=\"elementor-element elementor-element-15d0fb1f elementor-widget elementor-widget-text-editor\" data-id=\"15d0fb1f\" data-element_type=\"widget\" data-e-type=\"widget\" data-widget_type=\"text-editor.default\">\n\t\t\t\t<div class=\"elementor-widget-container\">\n\t\t\t\t\t\t\t\t\t<ul>\n<li><a href=\"http:\/\/rvs.kiy.fi\/\" target=\"_blank\" rel=\"noopener noreferrer\">Rautavaara Aviation Centre<\/a><\/li>\n<li><a href=\"http:\/\/kiy.fi\/\" target=\"_blank\" rel=\"noopener noreferrer\">Kuopio Aviation Association<\/a><\/li>\n<li><a href=\"http:\/\/kiy.fi\/pdf\/RPM.pdf\" target=\"_blank\" rel=\"noopener noreferrer\">EFRA STANDING REGULATIONS<\/a><\/li>\n<\/ul>\n\t\t\t\t\t\t\t\t<\/div>\n\t\t\t\t<\/div>\n\t\t\t\t<div class=\"elementor-element elementor-element-73ab470c elementor-widget elementor-widget-heading\" data-id=\"73ab470c\" data-element_type=\"widget\" data-e-type=\"widget\" data-widget_type=\"heading.default\">\n\t\t\t\t<div class=\"elementor-widget-container\">\n\t\t\t\t\t<h5 class=\"elementor-heading-title elementor-size-default\">9. Map<\/h5>\t\t\t\t<\/div>\n\t\t\t\t<\/div>\n\t\t\t\t<div class=\"elementor-element elementor-element-7ccbffc elementor-widget elementor-widget-google_maps\" data-id=\"7ccbffc\" data-element_type=\"widget\" data-e-type=\"widget\" data-widget_type=\"google_maps.default\">\n\t\t\t\t<div class=\"elementor-widget-container\">\n\t\t\t\t\t\t\t<div class=\"elementor-custom-embed\">\n\t\t\t<iframe loading=\"lazy\"\n\t\t\t\t\tsrc=\"https:\/\/www.google.com\/maps\/embed\/v1\/place?key=AIzaSyC1j1iK8FQx51JcFwNxcbaAudBg3BxuVow&#038;q=Rauitavaaran%20lentokentt%C3%A4&#038;zoom=13\"\n\t\t\t\t\ttitle=\"Rauitavaaran lentokentt\u00e4\"\n\t\t\t\t\taria-label=\"Rauitavaaran lentokentt\u00e4\"\n\t\t\t><\/iframe>\n\t\t<\/div>\n\t\t\t\t\t\t<\/div>\n\t\t\t\t<\/div>\n\t\t\t\t\t<\/div>\n\t\t<\/div>\n\t\t\t\t<div class=\"elementor-column elementor-col-50 elementor-inner-column elementor-element elementor-element-244fc3d1\" data-id=\"244fc3d1\" data-element_type=\"column\" data-e-type=\"column\">\n\t\t\t<div class=\"elementor-widget-wrap elementor-element-populated\">\n\t\t\t\t\t\t<div class=\"elementor-element elementor-element-39864184 elementor-widget elementor-widget-image\" data-id=\"39864184\" data-element_type=\"widget\" data-e-type=\"widget\" data-widget_type=\"image.default\">\n\t\t\t\t<div class=\"elementor-widget-container\">\n\t\t\t\t\t\t\t\t\t\t\t\t<figure class=\"wp-caption\">\n\t\t\t\t\t\t\t\t\t\t\t<a href=\"https:\/\/lentopaikat.fi\/wp-content\/uploads\/efra.gif\" data-elementor-open-lightbox=\"yes\" data-elementor-lightbox-title=\"efra\" data-e-action-hash=\"#elementor-action%3Aaction%3Dlightbox%26settings%3DeyJpZCI6MzUwNjYsInVybCI6Imh0dHBzOlwvXC9sZW50b3BhaWthdC5maVwvd3AtY29udGVudFwvdXBsb2Fkc1wvZWZyYS5naWYifQ%3D%3D\">\n\t\t\t\t\t\t\t<img fetchpriority=\"high\" decoding=\"async\" width=\"200\" height=\"352\" src=\"https:\/\/lentopaikat.fi\/wp-content\/uploads\/efra.gif\" class=\"attachment-large size-large wp-image-35066\" alt=\"\" \/>\t\t\t\t\t\t\t\t<\/a>\n\t\t\t\t\t\t\t\t\t\t\t<figcaption class=\"widget-image-caption wp-caption-text\"><\/figcaption>\n\t\t\t\t\t\t\t\t\t\t<\/figure>\n\t\t\t\t\t\t\t\t\t<\/div>\n\t\t\t\t<\/div>\n\t\t\t\t<div class=\"elementor-element elementor-element-2b6e9e76 elementor-widget elementor-widget-image\" data-id=\"2b6e9e76\" data-element_type=\"widget\" data-e-type=\"widget\" data-widget_type=\"image.default\">\n\t\t\t\t<div class=\"elementor-widget-container\">\n\t\t\t\t\t\t\t\t\t\t\t\t<figure class=\"wp-caption\">\n\t\t\t\t\t\t\t\t\t\t\t<a href=\"https:\/\/lentopaikat.fi\/wp-content\/uploads\/EFRA_LDG2.pdf\" target=\"_blank\">\n\t\t\t\t\t\t\t<img decoding=\"async\" width=\"724\" height=\"1024\" src=\"https:\/\/lentopaikat.fi\/wp-content\/uploads\/EFRA_LDG2-724x1024.jpg\" class=\"attachment-large size-large wp-image-35071\" alt=\"\" srcset=\"https:\/\/lentopaikat.fi\/wp-content\/uploads\/EFRA_LDG2-724x1024.jpg 724w, https:\/\/lentopaikat.fi\/wp-content\/uploads\/EFRA_LDG2-212x300.jpg 212w, https:\/\/lentopaikat.fi\/wp-content\/uploads\/EFRA_LDG2-768x1086.jpg 768w, https:\/\/lentopaikat.fi\/wp-content\/uploads\/EFRA_LDG2-1086x1536.jpg 1086w, https:\/\/lentopaikat.fi\/wp-content\/uploads\/EFRA_LDG2-8x12.jpg 8w, https:\/\/lentopaikat.fi\/wp-content\/uploads\/EFRA_LDG2.jpg 1183w\" sizes=\"(max-width: 724px) 100vw, 724px\" \/>\t\t\t\t\t\t\t\t<\/a>\n\t\t\t\t\t\t\t\t\t\t\t<figcaption class=\"widget-image-caption wp-caption-text\">LDG CHART, CLICK ON PICTURE TO OPEN PDF DOCUMENT<\/figcaption>\n\t\t\t\t\t\t\t\t\t\t<\/figure>\n\t\t\t\t\t\t\t\t\t<\/div>\n\t\t\t\t<\/div>\n\t\t<div class=\"elementor-element elementor-element-55f22aac e-flex e-con-boxed e-con e-parent\" data-id=\"55f22aac\" data-element_type=\"container\" data-e-type=\"container\">\n\t\t\t\t\t<div class=\"e-con-inner\">\n\t\t\t\t<div class=\"elementor-element elementor-element-152f924 elementor-arrows-position-inside elementor-widget elementor-widget-image-carousel\" data-id=\"152f924\" data-element_type=\"widget\" data-e-type=\"widget\" data-settings=\"{&quot;slides_to_show&quot;:&quot;1&quot;,&quot;navigation&quot;:&quot;arrows&quot;,&quot;speed&quot;:900,&quot;autoplay&quot;:&quot;yes&quot;,&quot;pause_on_hover&quot;:&quot;yes&quot;,&quot;pause_on_interaction&quot;:&quot;yes&quot;,&quot;autoplay_speed&quot;:5000,&quot;infinite&quot;:&quot;yes&quot;,&quot;effect&quot;:&quot;slide&quot;}\" data-widget_type=\"image-carousel.default\">\n\t\t\t\t<div class=\"elementor-widget-container\">\n\t\t\t\t\t\t\t<div class=\"elementor-image-carousel-wrapper swiper\" role=\"region\" aria-roledescription=\"carousel\" aria-label=\"Image Carousel\" dir=\"ltr\">\n\t\t\t<div class=\"elementor-image-carousel swiper-wrapper swiper-image-stretch\" aria-live=\"off\">\n\t\t\t\t\t\t\t\t<div class=\"swiper-slide\" role=\"group\" aria-roledescription=\"slide\" aria-label=\"1 of 6\"><a data-elementor-open-lightbox=\"yes\" data-elementor-lightbox-slideshow=\"152f924\" data-elementor-lightbox-title=\"efra_air_12.7.2015\" data-elementor-lightbox-description=\"RAUTAVAARAN KENTT\u00c4 POHJOISETA P\u00c4IN KUVATTUNA.\nOTETTU: 12.7.2015\nKUVA: TOMA\" data-e-action-hash=\"#elementor-action%3Aaction%3Dlightbox%26settings%3DeyJpZCI6MzUwNjksInVybCI6Imh0dHBzOlwvXC9sZW50b3BhaWthdC5maVwvd3AtY29udGVudFwvdXBsb2Fkc1wvZWZyYV9haXJfMTIuNy4yMDE1LmpwZyIsInNsaWRlc2hvdyI6IjE1MmY5MjQifQ%3D%3D\" href=\"https:\/\/lentopaikat.fi\/wp-content\/uploads\/efra_air_12.7.2015.jpg\"><figure class=\"swiper-slide-inner\"><img decoding=\"async\" class=\"swiper-slide-image\" src=\"https:\/\/lentopaikat.fi\/wp-content\/uploads\/efra_air_12.7.2015-1024x578.jpg\" alt=\"RAUTAVAARAN KENTT\u00c4 POHJOISETA P\u00c4IN KUVATTUNA.\nOTETTU: 12.7.2015\nKUVA: TOMA\" \/><figcaption class=\"elementor-image-carousel-caption\">RAUTAVAARAN KENTT\u00c4 POHJOISETA P\u00c4IN KUVATTUNA.\nOTETTU: 12.7.2015\nKUVA: TOMA<\/figcaption><\/figure><\/a><\/div><div class=\"swiper-slide\" role=\"group\" aria-roledescription=\"slide\" aria-label=\"2 of 6\"><a data-elementor-open-lightbox=\"yes\" data-elementor-lightbox-slideshow=\"152f924\" data-elementor-lightbox-title=\"efra_air\" data-elementor-lightbox-description=\"RAUTAVAANA KENTT\u00c4 ILMASTA K\u00c4SIN N\u00c4HTYN\u00c4 SYKSYLL\u00c4 2009. KUVA TIMO HYV\u00d6NEN. (KLIKKAA SUUREKSI)\" data-e-action-hash=\"#elementor-action%3Aaction%3Dlightbox%26settings%3DeyJpZCI6MzUwNjcsInVybCI6Imh0dHBzOlwvXC9sZW50b3BhaWthdC5maVwvd3AtY29udGVudFwvdXBsb2Fkc1wvZWZyYV9haXIuanBnIiwic2xpZGVzaG93IjoiMTUyZjkyNCJ9\" href=\"https:\/\/lentopaikat.fi\/wp-content\/uploads\/efra_air.jpg\"><figure class=\"swiper-slide-inner\"><img decoding=\"async\" class=\"swiper-slide-image\" src=\"https:\/\/lentopaikat.fi\/wp-content\/uploads\/efra_air.jpg\" alt=\"RAUTAVAANA KENTT\u00c4 ILMASTA K\u00c4SIN N\u00c4HTYN\u00c4 SYKSYLL\u00c4 2009. KUVA TIMO HYV\u00d6NEN. (KLIKKAA SUUREKSI)\" \/><figcaption class=\"elementor-image-carousel-caption\">RAUTAVAANA KENTT\u00c4 ILMASTA K\u00c4SIN N\u00c4HTYN\u00c4 SYKSYLL\u00c4 2009. KUVA TIMO HYV\u00d6NEN. (KLIKKAA SUUREKSI)<\/figcaption><\/figure><\/a><\/div><div class=\"swiper-slide\" role=\"group\" aria-roledescription=\"slide\" aria-label=\"3 of 6\"><a data-elementor-open-lightbox=\"yes\" data-elementor-lightbox-slideshow=\"152f924\" data-elementor-lightbox-title=\"efra_air2\" data-elementor-lightbox-description=\"KENTT\u00c4 POHJOISEN SUUNNASTA SYKSYLL\u00c4 2009. KUVA TIMO HYV\u00d6NEN. (KLIKKAA SUUREKSI)\" data-e-action-hash=\"#elementor-action%3Aaction%3Dlightbox%26settings%3DeyJpZCI6MzUwNjgsInVybCI6Imh0dHBzOlwvXC9sZW50b3BhaWthdC5maVwvd3AtY29udGVudFwvdXBsb2Fkc1wvZWZyYV9haXIyLmpwZyIsInNsaWRlc2hvdyI6IjE1MmY5MjQifQ%3D%3D\" href=\"https:\/\/lentopaikat.fi\/wp-content\/uploads\/efra_air2.jpg\"><figure class=\"swiper-slide-inner\"><img decoding=\"async\" class=\"swiper-slide-image\" src=\"https:\/\/lentopaikat.fi\/wp-content\/uploads\/efra_air2.jpg\" alt=\"KENTT\u00c4 POHJOISEN SUUNNASTA SYKSYLL\u00c4 2009. KUVA TIMO HYV\u00d6NEN. (KLIKKAA SUUREKSI)\" \/><figcaption class=\"elementor-image-carousel-caption\">KENTT\u00c4 POHJOISEN SUUNNASTA SYKSYLL\u00c4 2009. KUVA TIMO HYV\u00d6NEN. (KLIKKAA SUUREKSI)<\/figcaption><\/figure><\/a><\/div><div class=\"swiper-slide\" role=\"group\" aria-roledescription=\"slide\" aria-label=\"4 of 6\"><a data-elementor-open-lightbox=\"yes\" data-elementor-lightbox-slideshow=\"152f924\" data-elementor-lightbox-title=\"efra_halli\" data-elementor-lightbox-description=\"VIERAILIJA RAUTAVAARAN PLATALLA SYKSYLL\u00c4 2009. KUVA TIMO HYV\u00d6NEN. (KLIKKAA SUUREKSI)\" data-e-action-hash=\"#elementor-action%3Aaction%3Dlightbox%26settings%3DeyJpZCI6MzUwNzAsInVybCI6Imh0dHBzOlwvXC9sZW50b3BhaWthdC5maVwvd3AtY29udGVudFwvdXBsb2Fkc1wvZWZyYV9oYWxsaS5qcGciLCJzbGlkZXNob3ciOiIxNTJmOTI0In0%3D\" href=\"https:\/\/lentopaikat.fi\/wp-content\/uploads\/efra_halli.jpg\"><figure class=\"swiper-slide-inner\"><img decoding=\"async\" class=\"swiper-slide-image\" src=\"https:\/\/lentopaikat.fi\/wp-content\/uploads\/efra_halli.jpg\" alt=\"VIERAILIJA RAUTAVAARAN PLATALLA SYKSYLL\u00c4 2009. KUVA TIMO HYV\u00d6NEN. (KLIKKAA SUUREKSI)\" \/><figcaption class=\"elementor-image-carousel-caption\">VIERAILIJA RAUTAVAARAN PLATALLA SYKSYLL\u00c4 2009. KUVA TIMO HYV\u00d6NEN. (KLIKKAA SUUREKSI)<\/figcaption><\/figure><\/a><\/div><div class=\"swiper-slide\" role=\"group\" aria-roledescription=\"slide\" aria-label=\"5 of 6\"><a data-elementor-open-lightbox=\"yes\" data-elementor-lightbox-slideshow=\"152f924\" data-elementor-lightbox-title=\"OLYMPUS DIGITAL CAMERA\" data-elementor-lightbox-description=\"RAUTAVAARAN VUODESTA 2011 K\u00c4YT\u00d6SS\u00c4 OLLUT SKYLAUNCH EVO -VINTTURI. KUVASA AERIAL OY:N AV1458 ANTENNI JOKA ON OSOITTAUTUNUT HYV\u00c4KSI.\" data-e-action-hash=\"#elementor-action%3Aaction%3Dlightbox%26settings%3DeyJpZCI6MzUwNzMsInVybCI6Imh0dHBzOlwvXC9sZW50b3BhaWthdC5maVwvd3AtY29udGVudFwvdXBsb2Fkc1wvZWZyYV92aW50dHVyaS5qcGciLCJzbGlkZXNob3ciOiIxNTJmOTI0In0%3D\" href=\"https:\/\/lentopaikat.fi\/wp-content\/uploads\/efra_vintturi.jpg\"><figure class=\"swiper-slide-inner\"><img decoding=\"async\" class=\"swiper-slide-image\" src=\"https:\/\/lentopaikat.fi\/wp-content\/uploads\/efra_vintturi-1024x711.jpg\" alt=\"OLYMPUS DIGITAL CAMERA\" \/><figcaption class=\"elementor-image-carousel-caption\">OLYMPUS DIGITAL CAMERA<\/figcaption><\/figure><\/a><\/div><div class=\"swiper-slide\" role=\"group\" aria-roledescription=\"slide\" aria-label=\"6 of 6\"><a data-elementor-open-lightbox=\"yes\" data-elementor-lightbox-slideshow=\"152f924\" data-elementor-lightbox-title=\"OLYMPUS DIGITAL CAMERA\" data-elementor-lightbox-description=\"RAUTAVAARAN VUODESTA 2011 K\u00c4YT\u00d6SS\u00c4 OLLUT SKYLAUNCH EVO -VINTTURI. KUVASA AERIAL OY:N AV1458 ANTENNI JOKA ON OSOITTAUTUNUT HYV\u00c4KSI.\" data-e-action-hash=\"#elementor-action%3Aaction%3Dlightbox%26settings%3DeyJpZCI6MzUyODcsInVybCI6Imh0dHBzOlwvXC9sZW50b3BhaWthdC5maVwvd3AtY29udGVudFwvdXBsb2Fkc1wvUmF1dGF2YWFyYS1zXHUwNDE0XHUwNDE0dGlcdTA0MjRuLXZpbnR0dXJpLXV1c2ktYW50ZW5uaS1BZXJpYWwtT3ktbWFsbGktQVYxNDU4LTA1MDkyMDE4LVA5MDUwOTQ1LmpwZyIsInNsaWRlc2hvdyI6IjE1MmY5MjQifQ%3D%3D\" href=\"https:\/\/lentopaikat.fi\/wp-content\/uploads\/Rautavaara-s\u0414\u0414ti\u0424n-vintturi-uusi-antenni-Aerial-Oy-malli-AV1458-05092018-P9050945.jpg\"><figure class=\"swiper-slide-inner\"><img decoding=\"async\" class=\"swiper-slide-image\" src=\"https:\/\/lentopaikat.fi\/wp-content\/uploads\/Rautavaara-s\u0414\u0414ti\u0424n-vintturi-uusi-antenni-Aerial-Oy-malli-AV1458-05092018-P9050945.jpg\" alt=\"OLYMPUS DIGITAL CAMERA\" \/><figcaption class=\"elementor-image-carousel-caption\">OLYMPUS DIGITAL CAMERA<\/figcaption><\/figure><\/a><\/div>\t\t\t<\/div>\n\t\t\t\t\t\t\t\t\t\t\t\t<div class=\"elementor-swiper-button elementor-swiper-button-prev\" role=\"button\" tabindex=\"0\">\n\t\t\t\t\t\t<i aria-hidden=\"true\" class=\"eicon-chevron-left\"><\/i>\t\t\t\t\t<\/div>\n\t\t\t\t\t<div class=\"elementor-swiper-button elementor-swiper-button-next\" role=\"button\" tabindex=\"0\">\n\t\t\t\t\t\t<i aria-hidden=\"true\" class=\"eicon-chevron-right\"><\/i>\t\t\t\t\t<\/div>\n\t\t\t\t\n\t\t\t\t\t\t\t\t\t<\/div>\n\t\t\t\t\t\t<\/div>\n\t\t\t\t<\/div>\n\t\t\t\t\t<\/div>\n\t\t\t\t<\/div>\n\t\t\t\t\t<\/div>\n\t\t<\/div>\n\t\t\t\t\t<\/div>\n\t\t<\/section>\n\t\t\t\t\t<\/div>\n\t\t<\/div>\n\t\t\t\t\t<\/div>\n\t\t<\/section>\n\t\t\t\t<\/div>\n\t\t","protected":false},"excerpt":{"rendered":"<p>Rautavaara &#8211; EFRA Warning! T\u00e4m\u00e4 on ns, &#8220;k\u00f6yh\u00e4n miehen NOTAM&#8221; eli t\u00e4ll\u00e4 voi varoittaa kent\u00e4ll\u00e4 tapahtuvasta poikkeavasta toiminnasta. T\u00e4m\u00e4 ilmoitus on ajastettavissa ja n\u00e4kyy vain silloin kun on jotain varoitettaavaa Varoitus ei ole suljettavissaT\u00e4m\u00e4n aikaa voi s\u00e4\u00e4t\u00e4 vasemmalta Visibility v\u00e4lilehdest\u00e4 1. Sunset and sunrise and the SERA definition of night 2. General information: The airport [&hellip;]<\/p>\n","protected":false},"author":1,"featured_media":0,"parent":0,"menu_order":0,"comment_status":"closed","ping_status":"closed","template":"","meta":{"inline_featured_image":false,"_lmt_disableupdate":"","_lmt_disable":"","footnotes":""},"class_list":["post-36333","page","type-page","status-publish","hentry"],"_links":{"self":[{"href":"https:\/\/lentopaikat.fi\/en\/wp-json\/wp\/v2\/pages\/36333","targetHints":{"allow":["GET"]}}],"collection":[{"href":"https:\/\/lentopaikat.fi\/en\/wp-json\/wp\/v2\/pages"}],"about":[{"href":"https:\/\/lentopaikat.fi\/en\/wp-json\/wp\/v2\/types\/page"}],"author":[{"embeddable":true,"href":"https:\/\/lentopaikat.fi\/en\/wp-json\/wp\/v2\/users\/1"}],"replies":[{"embeddable":true,"href":"https:\/\/lentopaikat.fi\/en\/wp-json\/wp\/v2\/comments?post=36333"}],"version-history":[{"count":0,"href":"https:\/\/lentopaikat.fi\/en\/wp-json\/wp\/v2\/pages\/36333\/revisions"}],"wp:attachment":[{"href":"https:\/\/lentopaikat.fi\/en\/wp-json\/wp\/v2\/media?parent=36333"}],"curies":[{"name":"wp","href":"https:\/\/api.w.org\/{rel}","templated":true}]}}