{"id":36308,"date":"2022-11-18T10:22:11","date_gmt":"2022-11-18T08:22:11","guid":{"rendered":"https:\/\/lentopaikat.fi\/rantasalmi-efrn\/"},"modified":"2022-11-18T10:25:05","modified_gmt":"2022-11-18T08:25:05","slug":"rantasalmi-efrn","status":"publish","type":"page","link":"https:\/\/lentopaikat.fi\/en\/rantasalmi-efrn\/","title":{"rendered":"Rantasalmi &#8211; EFRN"},"content":{"rendered":"\t\t<div data-elementor-type=\"wp-page\" data-elementor-id=\"36308\" class=\"elementor elementor-36308 elementor-36299\" data-elementor-post-type=\"page\">\n\t\t\t\t\t\t<section class=\"elementor-section elementor-top-section elementor-element elementor-element-914a343 elementor-section-height-min-height elementor-section-full_width elementor-section-height-default elementor-section-items-middle\" data-id=\"914a343\" data-element_type=\"section\" data-e-type=\"section\" data-settings=\"{&quot;background_background&quot;:&quot;classic&quot;}\">\n\t\t\t\t\t\t\t<div class=\"elementor-background-overlay\"><\/div>\n\t\t\t\t\t\t\t<div class=\"elementor-container elementor-column-gap-default\">\n\t\t\t\t\t<div class=\"elementor-column elementor-col-50 elementor-top-column elementor-element elementor-element-46d84685\" data-id=\"46d84685\" data-element_type=\"column\" data-e-type=\"column\">\n\t\t\t<div class=\"elementor-widget-wrap elementor-element-populated\">\n\t\t\t\t\t\t<div class=\"elementor-element elementor-element-6f2e6393 elementor-widget elementor-widget-heading\" data-id=\"6f2e6393\" data-element_type=\"widget\" data-e-type=\"widget\" data-widget_type=\"heading.default\">\n\t\t\t\t<div class=\"elementor-widget-container\">\n\t\t\t\t\t<h2 class=\"elementor-heading-title elementor-size-default\">Rantasalmi - EFRN<\/h2>\t\t\t\t<\/div>\n\t\t\t\t<\/div>\n\t\t\t\t\t<\/div>\n\t\t<\/div>\n\t\t\t\t<div class=\"elementor-column elementor-col-50 elementor-top-column elementor-element elementor-element-13cd07e8\" data-id=\"13cd07e8\" data-element_type=\"column\" data-e-type=\"column\">\n\t\t\t<div class=\"elementor-widget-wrap\">\n\t\t\t\t\t\t\t<\/div>\n\t\t<\/div>\n\t\t\t\t\t<\/div>\n\t\t<\/section>\n\t\t\t\t<section class=\"elementor-section elementor-top-section elementor-element elementor-element-510e34f6 elementor-section-full_width elementor-section-height-default elementor-section-height-default\" data-id=\"510e34f6\" data-element_type=\"section\" data-e-type=\"section\">\n\t\t\t\t\t\t<div class=\"elementor-container elementor-column-gap-default\">\n\t\t\t\t\t<div class=\"elementor-column elementor-col-100 elementor-top-column elementor-element elementor-element-6a0bd3b4\" data-id=\"6a0bd3b4\" data-element_type=\"column\" data-e-type=\"column\">\n\t\t\t<div class=\"elementor-widget-wrap elementor-element-populated\">\n\t\t\t\t\t\t<section class=\"elementor-section elementor-inner-section elementor-element elementor-element-33c8f694 elementor-section-full_width elementor-section-height-default elementor-section-height-default\" data-id=\"33c8f694\" data-element_type=\"section\" data-e-type=\"section\">\n\t\t\t\t\t\t<div class=\"elementor-container elementor-column-gap-wide\">\n\t\t\t\t\t<div class=\"elementor-column elementor-col-50 elementor-inner-column elementor-element elementor-element-49d5930d\" data-id=\"49d5930d\" data-element_type=\"column\" data-e-type=\"column\">\n\t\t\t<div class=\"elementor-widget-wrap elementor-element-populated\">\n\t\t\t\t<!-- dce invisible element 15981680 -->\t\t<div class=\"elementor-element elementor-element-250e0ba elementor-widget elementor-widget-heading\" data-id=\"250e0ba\" data-element_type=\"widget\" data-e-type=\"widget\" data-widget_type=\"heading.default\">\n\t\t\t\t<div class=\"elementor-widget-container\">\n\t\t\t\t\t<h5 class=\"elementor-heading-title elementor-size-default\">1. Sunset and sunrise and the SERA definition of night<\/h5>\t\t\t\t<\/div>\n\t\t\t\t<\/div>\n\t\t\t\t<div class=\"elementor-element elementor-element-57fc07ed elementor-widget elementor-widget-shortcode\" data-id=\"57fc07ed\" data-element_type=\"widget\" data-e-type=\"widget\" data-widget_type=\"shortcode.default\">\n\t\t\t\t<div class=\"elementor-widget-container\">\n\t\t\t\t\t\t\t<div class=\"elementor-shortcode\"><table><tbody><tr><td>Finnish time today, 27.04.2026<\/br><b> - Night ends: 04:09<\/br> - Sunrise: 05:06<\/br> - Sunset: 21:04<\/br> - Night begins: 22:00<\/br><\/b><\/td>\r\n<td> Times tomorrow <\/br><b> - Night ends tomorrow: 04:06<\/br> - Sunrise tomorrow: 05:03<\/br> - sunset tomorrow: 21:07<\/br> - Night begins tomorrow: 22:04<\/b><\/td><\/tr><\/tbody><\/table><\/div>\n\t\t\t\t\t\t<\/div>\n\t\t\t\t<\/div>\n\t\t\t\t<div class=\"elementor-element elementor-element-1d79fee elementor-widget elementor-widget-heading\" data-id=\"1d79fee\" data-element_type=\"widget\" data-e-type=\"widget\" data-widget_type=\"heading.default\">\n\t\t\t\t<div class=\"elementor-widget-container\">\n\t\t\t\t\t<h5 class=\"elementor-heading-title elementor-size-default\">2. General information:<\/h5>\t\t\t\t<\/div>\n\t\t\t\t<\/div>\n\t\t\t\t<div class=\"elementor-element elementor-element-169691ab elementor-widget elementor-widget-text-editor\" data-id=\"169691ab\" data-element_type=\"widget\" data-e-type=\"widget\" data-widget_type=\"text-editor.default\">\n\t\t\t\t<div class=\"elementor-widget-container\">\n\t\t\t\t\t\t\t\t\t<p>Small field in the beautiful southern Savo region, with plenty of lakes around. The field is located between two small bodies of water, this can cause windshear under certain conditions, the airport is approx. 3.4 kilometers from the center of Rantasalmi.<\/p>\n\t\t\t\t\t\t\t\t<\/div>\n\t\t\t\t<\/div>\n\t\t\t\t<div class=\"elementor-element elementor-element-136119a9 elementor-widget elementor-widget-heading\" data-id=\"136119a9\" data-element_type=\"widget\" data-e-type=\"widget\" data-widget_type=\"heading.default\">\n\t\t\t\t<div class=\"elementor-widget-container\">\n\t\t\t\t\t<h5 class=\"elementor-heading-title elementor-size-default\">3.  Price Information:<\/h5>\t\t\t\t<\/div>\n\t\t\t\t<\/div>\n\t\t\t\t<div class=\"elementor-element elementor-element-599af2f4 elementor-widget elementor-widget-text-editor\" data-id=\"599af2f4\" data-element_type=\"widget\" data-e-type=\"widget\" data-widget_type=\"text-editor.default\">\n\t\t\t\t<div class=\"elementor-widget-container\">\n\t\t\t\t\t\t\t\t\t<p>NIL<\/p>\n\t\t\t\t\t\t\t\t<\/div>\n\t\t\t\t<\/div>\n\t\t\t\t<div class=\"elementor-element elementor-element-76f67d7 elementor-widget elementor-widget-heading\" data-id=\"76f67d7\" data-element_type=\"widget\" data-e-type=\"widget\" data-widget_type=\"heading.default\">\n\t\t\t\t<div class=\"elementor-widget-container\">\n\t\t\t\t\t<h5 class=\"elementor-heading-title elementor-size-default\">4. The Airport:<\/h5>\t\t\t\t<\/div>\n\t\t\t\t<\/div>\n\t\t\t\t<div class=\"elementor-element elementor-element-65f6ba60 elementor-widget elementor-widget-text-editor\" data-id=\"65f6ba60\" data-element_type=\"widget\" data-e-type=\"widget\" data-widget_type=\"text-editor.default\">\n\t\t\t\t<div class=\"elementor-widget-container\">\n\t\t\t\t\t\t\t\t\t<p>Runway surface in relatively good condition, with a few rough spots due to ground frost.<br \/>\nIn 2003 the runway and buildings were fixed, a new wind sock was installed, and a new memorial sign was erected. Official runway markings were painted in the summer of 2010, at which time runway 18 threshold was moved permanently.<\/p>\n<p>Note: On runway 18 approach there is forest up to about 12 meters (39 feet).<\/p>\n\t\t\t\t\t\t\t\t<\/div>\n\t\t\t\t<\/div>\n\t\t\t\t<div class=\"elementor-element elementor-element-3554c06b elementor-widget elementor-widget-heading\" data-id=\"3554c06b\" data-element_type=\"widget\" data-e-type=\"widget\" data-widget_type=\"heading.default\">\n\t\t\t\t<div class=\"elementor-widget-container\">\n\t\t\t\t\t<h5 class=\"elementor-heading-title elementor-size-default\">5. Basic data:<\/h5>\t\t\t\t<\/div>\n\t\t\t\t<\/div>\n\t\t\t\t<div class=\"elementor-element elementor-element-79f80db7 elementor-widget elementor-widget-text-editor\" data-id=\"79f80db7\" data-element_type=\"widget\" data-e-type=\"widget\" data-widget_type=\"text-editor.default\">\n\t\t\t\t<div class=\"elementor-widget-container\">\n\t\t\t\t\t\t\t\t\t<p><strong>Coordinates:<\/strong> 620356N 0282124E<br \/>\n<strong>Runway:<\/strong> 18\/36 \u2013 740 x 23 m -asphalt\/grass<br \/>\n<strong>LDA:<\/strong> 18: 740 m, 36: 740 m<br \/>\n<strong>Radio Frequency:<\/strong> 123,200<br \/>\n<strong>Airport elevation:<\/strong> 89 m (292 ft)<br \/>\n<strong>Fuel availablility:<\/strong> No fuel service, car fuels available from the town (5.5 km by road).<br \/>\n<strong>Announcements:<\/strong>\u00a0<a class=\"popup\" href=\"https:\/\/lentopaikat.fi\/notam\/notam.php?a=EFRN\" data-width=\"500\" data-height=\"600\" data-scrollbars=\"1\">NOTAM<\/a><\/p>\n\t\t\t\t\t\t\t\t<\/div>\n\t\t\t\t<\/div>\n\t\t\t\t<div class=\"elementor-element elementor-element-68de7b1e elementor-widget elementor-widget-heading\" data-id=\"68de7b1e\" data-element_type=\"widget\" data-e-type=\"widget\" data-widget_type=\"heading.default\">\n\t\t\t\t<div class=\"elementor-widget-container\">\n\t\t\t\t\t<h5 class=\"elementor-heading-title elementor-size-default\"> 6. Sight seeing and services<\/h5>\t\t\t\t<\/div>\n\t\t\t\t<\/div>\n\t\t\t\t<div class=\"elementor-element elementor-element-ff65672 elementor-widget elementor-widget-text-editor\" data-id=\"ff65672\" data-element_type=\"widget\" data-e-type=\"widget\" data-widget_type=\"text-editor.default\">\n\t\t\t\t<div class=\"elementor-widget-container\">\n\t\t\t\t\t\t\t\t\t<p>Restaurant Rinssi-Eversti and other services in the town across the lake. 5.5 km walk to the town via the road around the lake.<\/p>\n\t\t\t\t\t\t\t\t<\/div>\n\t\t\t\t<\/div>\n\t\t\t\t<div class=\"elementor-element elementor-element-6d0b2e5b elementor-widget elementor-widget-heading\" data-id=\"6d0b2e5b\" data-element_type=\"widget\" data-e-type=\"widget\" data-widget_type=\"heading.default\">\n\t\t\t\t<div class=\"elementor-widget-container\">\n\t\t\t\t\t<h5 class=\"elementor-heading-title elementor-size-default\">7. Contact information:<\/h5>\t\t\t\t<\/div>\n\t\t\t\t<\/div>\n\t\t\t\t<div class=\"elementor-element elementor-element-67ec4fc1 elementor-widget elementor-widget-text-editor\" data-id=\"67ec4fc1\" data-element_type=\"widget\" data-e-type=\"widget\" data-widget_type=\"text-editor.default\">\n\t\t\t\t<div class=\"elementor-widget-container\">\n\t\t\t\t\t\t\t\t\t<p>Airport Chief: Erkki Dillstr\u00f6m +358 40 5369150<\/p>\n\t\t\t\t\t\t\t\t<\/div>\n\t\t\t\t<\/div>\n\t\t\t\t<div class=\"elementor-element elementor-element-1b56edbb elementor-widget elementor-widget-heading\" data-id=\"1b56edbb\" data-element_type=\"widget\" data-e-type=\"widget\" data-widget_type=\"heading.default\">\n\t\t\t\t<div class=\"elementor-widget-container\">\n\t\t\t\t\t<h5 class=\"elementor-heading-title elementor-size-default\">8.  Links:<\/h5>\t\t\t\t<\/div>\n\t\t\t\t<\/div>\n\t\t\t\t<div class=\"elementor-element elementor-element-2b42367e elementor-widget elementor-widget-text-editor\" data-id=\"2b42367e\" data-element_type=\"widget\" data-e-type=\"widget\" data-widget_type=\"text-editor.default\">\n\t\t\t\t<div class=\"elementor-widget-container\">\n\t\t\t\t\t\t\t\t\t<p>Accommodation available at:<\/p>\n<ul>\n<li>Hotel Ruusu Hovi, 5 km from the airfield: <a href=\"http:\/\/www.ruusuhovi.fi\/\">http:\/\/www.ruusuhovi.fi\/<\/a><\/li>\n<li>Hotel Rinssi-Eversti, 5.5 km from the airfield, in town: <a href=\"http:\/\/www.rinssieversti.fi\/\">http:\/\/www.rinssieversti.fi\/<\/a><\/li>\n<li>Pyyvil\u00e4 Mansion right next to the airfield, south side (pricey, exclusive): <a href=\"http:\/\/pyyvila.fi\/\">http:\/\/pyyvila.fi\/<\/a><\/li>\n<\/ul>\n\t\t\t\t\t\t\t\t<\/div>\n\t\t\t\t<\/div>\n\t\t\t\t<div class=\"elementor-element elementor-element-724e72a1 elementor-widget elementor-widget-heading\" data-id=\"724e72a1\" data-element_type=\"widget\" data-e-type=\"widget\" data-widget_type=\"heading.default\">\n\t\t\t\t<div class=\"elementor-widget-container\">\n\t\t\t\t\t<h5 class=\"elementor-heading-title elementor-size-default\">9. Map<\/h5>\t\t\t\t<\/div>\n\t\t\t\t<\/div>\n\t\t\t\t<div class=\"elementor-element elementor-element-26eb0e29 elementor-widget elementor-widget-google_maps\" data-id=\"26eb0e29\" data-element_type=\"widget\" data-e-type=\"widget\" data-widget_type=\"google_maps.default\">\n\t\t\t\t<div class=\"elementor-widget-container\">\n\t\t\t\t\t\t\t<div class=\"elementor-custom-embed\">\n\t\t\t<iframe loading=\"lazy\"\n\t\t\t\t\tsrc=\"https:\/\/www.google.com\/maps\/embed\/v1\/place?key=AIzaSyC1j1iK8FQx51JcFwNxcbaAudBg3BxuVow&#038;q=Rantasalmen%20pienlentokentt%C3%A4&#038;zoom=13\"\n\t\t\t\t\ttitle=\"Rantasalmen pienlentokentt\u00e4\"\n\t\t\t\t\taria-label=\"Rantasalmen pienlentokentt\u00e4\"\n\t\t\t><\/iframe>\n\t\t<\/div>\n\t\t\t\t\t\t<\/div>\n\t\t\t\t<\/div>\n\t\t\t\t\t<\/div>\n\t\t<\/div>\n\t\t\t\t<div class=\"elementor-column elementor-col-50 elementor-inner-column elementor-element elementor-element-3d0cfc6\" data-id=\"3d0cfc6\" data-element_type=\"column\" data-e-type=\"column\">\n\t\t\t<div class=\"elementor-widget-wrap elementor-element-populated\">\n\t\t\t\t\t\t<div class=\"elementor-element elementor-element-6398c5b3 elementor-widget elementor-widget-image\" data-id=\"6398c5b3\" data-element_type=\"widget\" data-e-type=\"widget\" data-widget_type=\"image.default\">\n\t\t\t\t<div class=\"elementor-widget-container\">\n\t\t\t\t\t\t\t\t\t\t\t\t<figure class=\"wp-caption\">\n\t\t\t\t\t\t\t\t\t\t\t<a href=\"https:\/\/lentopaikat.fi\/wp-content\/uploads\/efrn.gif\" data-elementor-open-lightbox=\"yes\" data-elementor-lightbox-title=\"efrn\" data-e-action-hash=\"#elementor-action%3Aaction%3Dlightbox%26settings%3DeyJpZCI6MzUwODEsInVybCI6Imh0dHBzOlwvXC9sZW50b3BhaWthdC5maVwvd3AtY29udGVudFwvdXBsb2Fkc1wvZWZybi5naWYifQ%3D%3D\">\n\t\t\t\t\t\t\t<img fetchpriority=\"high\" decoding=\"async\" width=\"200\" height=\"352\" src=\"https:\/\/lentopaikat.fi\/wp-content\/uploads\/efrn.gif\" class=\"attachment-large size-large wp-image-35081\" alt=\"\" \/>\t\t\t\t\t\t\t\t<\/a>\n\t\t\t\t\t\t\t\t\t\t\t<figcaption class=\"widget-image-caption wp-caption-text\"><\/figcaption>\n\t\t\t\t\t\t\t\t\t\t<\/figure>\n\t\t\t\t\t\t\t\t\t<\/div>\n\t\t\t\t<\/div>\n\t\t\t\t<div class=\"elementor-element elementor-element-58323ef2 elementor-widget elementor-widget-image\" data-id=\"58323ef2\" data-element_type=\"widget\" data-e-type=\"widget\" data-widget_type=\"image.default\">\n\t\t\t\t<div class=\"elementor-widget-container\">\n\t\t\t\t\t\t\t\t\t\t\t\t<figure class=\"wp-caption\">\n\t\t\t\t\t\t\t\t\t\t\t<a href=\"https:\/\/lentopaikat.fi\/wp-content\/uploads\/EFRN_LDG1.pdf\" target=\"_blank\">\n\t\t\t\t\t\t\t<img decoding=\"async\" width=\"724\" height=\"1024\" src=\"https:\/\/lentopaikat.fi\/wp-content\/uploads\/EFRN_LDG1-scaled-724x1024.jpg\" class=\"attachment-large size-large wp-image-35086\" alt=\"\" srcset=\"https:\/\/lentopaikat.fi\/wp-content\/uploads\/EFRN_LDG1-scaled-724x1024.jpg 724w, https:\/\/lentopaikat.fi\/wp-content\/uploads\/EFRN_LDG1-scaled-212x300.jpg 212w, https:\/\/lentopaikat.fi\/wp-content\/uploads\/EFRN_LDG1-scaled-768x1086.jpg 768w, https:\/\/lentopaikat.fi\/wp-content\/uploads\/EFRN_LDG1-scaled-1087x1536.jpg 1087w, https:\/\/lentopaikat.fi\/wp-content\/uploads\/EFRN_LDG1-scaled-1449x2048.jpg 1449w, https:\/\/lentopaikat.fi\/wp-content\/uploads\/EFRN_LDG1-scaled-8x12.jpg 8w, https:\/\/lentopaikat.fi\/wp-content\/uploads\/EFRN_LDG1-scaled.jpg 1811w\" sizes=\"(max-width: 724px) 100vw, 724px\" \/>\t\t\t\t\t\t\t\t<\/a>\n\t\t\t\t\t\t\t\t\t\t\t<figcaption class=\"widget-image-caption wp-caption-text\">LDG CHART, CLICK ON PICTURE TO OPEN PDF DOCUMENT<\/figcaption>\n\t\t\t\t\t\t\t\t\t\t<\/figure>\n\t\t\t\t\t\t\t\t\t<\/div>\n\t\t\t\t<\/div>\n\t\t<div class=\"elementor-element elementor-element-761749d4 e-flex e-con-boxed e-con e-parent\" data-id=\"761749d4\" data-element_type=\"container\" data-e-type=\"container\">\n\t\t\t\t\t<div class=\"e-con-inner\">\n\t\t\t\t<div class=\"elementor-element elementor-element-609b0565 elementor-arrows-position-inside elementor-widget elementor-widget-image-carousel\" data-id=\"609b0565\" data-element_type=\"widget\" data-e-type=\"widget\" data-settings=\"{&quot;slides_to_show&quot;:&quot;1&quot;,&quot;navigation&quot;:&quot;arrows&quot;,&quot;speed&quot;:900,&quot;autoplay&quot;:&quot;yes&quot;,&quot;pause_on_hover&quot;:&quot;yes&quot;,&quot;pause_on_interaction&quot;:&quot;yes&quot;,&quot;autoplay_speed&quot;:5000,&quot;infinite&quot;:&quot;yes&quot;,&quot;effect&quot;:&quot;slide&quot;}\" data-widget_type=\"image-carousel.default\">\n\t\t\t\t<div class=\"elementor-widget-container\">\n\t\t\t\t\t\t\t<div class=\"elementor-image-carousel-wrapper swiper\" role=\"region\" aria-roledescription=\"carousel\" aria-label=\"Image Carousel\" dir=\"ltr\">\n\t\t\t<div class=\"elementor-image-carousel swiper-wrapper swiper-image-stretch\" aria-live=\"off\">\n\t\t\t\t\t\t\t\t<div class=\"swiper-slide\" role=\"group\" aria-roledescription=\"slide\" aria-label=\"1 of 5\"><a data-elementor-open-lightbox=\"yes\" data-elementor-lightbox-slideshow=\"609b0565\" data-elementor-lightbox-title=\"efrn_air\" data-elementor-lightbox-description=\"RANTASALMEN KENTT\u00c4 ILMASTA K\u00c4SIN N\u00c4HTYN\u00c4 SYKSYLL\u00c4 2005. KUVA MIKKO MALINIEMI. (KLIKKAA SUUREKSI)\" data-e-action-hash=\"#elementor-action%3Aaction%3Dlightbox%26settings%3DeyJpZCI6MzUwODIsInVybCI6Imh0dHBzOlwvXC9sZW50b3BhaWthdC5maVwvd3AtY29udGVudFwvdXBsb2Fkc1wvZWZybl9haXIuanBnIiwic2xpZGVzaG93IjoiNjA5YjA1NjUifQ%3D%3D\" href=\"https:\/\/lentopaikat.fi\/wp-content\/uploads\/efrn_air.jpg\"><figure class=\"swiper-slide-inner\"><img decoding=\"async\" class=\"swiper-slide-image\" src=\"https:\/\/lentopaikat.fi\/wp-content\/uploads\/efrn_air.jpg\" alt=\"RANTASALMEN KENTT\u00c4 ILMASTA K\u00c4SIN N\u00c4HTYN\u00c4 SYKSYLL\u00c4 2005. KUVA MIKKO MALINIEMI. (KLIKKAA SUUREKSI)\" \/><figcaption class=\"elementor-image-carousel-caption\">RANTASALMEN KENTT\u00c4 ILMASTA K\u00c4SIN N\u00c4HTYN\u00c4 SYKSYLL\u00c4 2005. KUVA MIKKO MALINIEMI. (KLIKKAA SUUREKSI)<\/figcaption><\/figure><\/a><\/div><div class=\"swiper-slide\" role=\"group\" aria-roledescription=\"slide\" aria-label=\"2 of 5\"><a data-elementor-open-lightbox=\"yes\" data-elementor-lightbox-slideshow=\"609b0565\" data-elementor-lightbox-title=\"efrn_laskussa\" data-elementor-lightbox-description=\"KIITOTIE KES\u00c4LL\u00c4 2012. KUVASSA N\u00c4KYY NYT UUSITUT KIITOTIEMAALAUKSET. KUVA TIMO HYV\u00d6NEN. (KLIKKAA SUUREKSI)\" data-e-action-hash=\"#elementor-action%3Aaction%3Dlightbox%26settings%3DeyJpZCI6MzUwODUsInVybCI6Imh0dHBzOlwvXC9sZW50b3BhaWthdC5maVwvd3AtY29udGVudFwvdXBsb2Fkc1wvZWZybl9sYXNrdXNzYS5qcGciLCJzbGlkZXNob3ciOiI2MDliMDU2NSJ9\" href=\"https:\/\/lentopaikat.fi\/wp-content\/uploads\/efrn_laskussa.jpg\"><figure class=\"swiper-slide-inner\"><img decoding=\"async\" class=\"swiper-slide-image\" src=\"https:\/\/lentopaikat.fi\/wp-content\/uploads\/efrn_laskussa.jpg\" alt=\"KIITOTIE KES\u00c4LL\u00c4 2012. KUVASSA N\u00c4KYY NYT UUSITUT KIITOTIEMAALAUKSET. KUVA TIMO HYV\u00d6NEN. (KLIKKAA SUUREKSI)\" \/><figcaption class=\"elementor-image-carousel-caption\">KIITOTIE KES\u00c4LL\u00c4 2012. KUVASSA N\u00c4KYY NYT UUSITUT KIITOTIEMAALAUKSET. KUVA TIMO HYV\u00d6NEN. (KLIKKAA SUUREKSI)<\/figcaption><\/figure><\/a><\/div><div class=\"swiper-slide\" role=\"group\" aria-roledescription=\"slide\" aria-label=\"3 of 5\"><a data-elementor-open-lightbox=\"yes\" data-elementor-lightbox-slideshow=\"609b0565\" data-elementor-lightbox-title=\"efrn_air2\" data-elementor-lightbox-description=\"ILMAKUVA SYKSYLT\u00c4 2005. KUVA MIKKO MALINIEMI. (KLIKKAA SUUREKSI)\" data-e-action-hash=\"#elementor-action%3Aaction%3Dlightbox%26settings%3DeyJpZCI6MzUwODMsInVybCI6Imh0dHBzOlwvXC9sZW50b3BhaWthdC5maVwvd3AtY29udGVudFwvdXBsb2Fkc1wvZWZybl9haXIyLmpwZyIsInNsaWRlc2hvdyI6IjYwOWIwNTY1In0%3D\" href=\"https:\/\/lentopaikat.fi\/wp-content\/uploads\/efrn_air2.jpg\"><figure class=\"swiper-slide-inner\"><img decoding=\"async\" class=\"swiper-slide-image\" src=\"https:\/\/lentopaikat.fi\/wp-content\/uploads\/efrn_air2.jpg\" alt=\"ILMAKUVA SYKSYLT\u00c4 2005. KUVA MIKKO MALINIEMI. (KLIKKAA SUUREKSI)\" \/><figcaption class=\"elementor-image-carousel-caption\">ILMAKUVA SYKSYLT\u00c4 2005. KUVA MIKKO MALINIEMI. (KLIKKAA SUUREKSI)<\/figcaption><\/figure><\/a><\/div><div class=\"swiper-slide\" role=\"group\" aria-roledescription=\"slide\" aria-label=\"4 of 5\"><a data-elementor-open-lightbox=\"yes\" data-elementor-lightbox-slideshow=\"609b0565\" data-elementor-lightbox-title=\"efrn_esteet\" data-elementor-lightbox-description=\"KIITOTIEN 18 L\u00c4HESTYMISLINJAN ALLA KASVAA VARSIN KORKEAA METS\u00c4\u00c4. KUVA ESA HAAKANA (HEIN\u00c4KUU 2004). (KLIKKAA SUUREKSI)\" data-e-action-hash=\"#elementor-action%3Aaction%3Dlightbox%26settings%3DeyJpZCI6MzUwODQsInVybCI6Imh0dHBzOlwvXC9sZW50b3BhaWthdC5maVwvd3AtY29udGVudFwvdXBsb2Fkc1wvZWZybl9lc3RlZXQuanBnIiwic2xpZGVzaG93IjoiNjA5YjA1NjUifQ%3D%3D\" href=\"https:\/\/lentopaikat.fi\/wp-content\/uploads\/efrn_esteet.jpg\"><figure class=\"swiper-slide-inner\"><img decoding=\"async\" class=\"swiper-slide-image\" src=\"https:\/\/lentopaikat.fi\/wp-content\/uploads\/efrn_esteet.jpg\" alt=\"KIITOTIEN 18 L\u00c4HESTYMISLINJAN ALLA KASVAA VARSIN KORKEAA METS\u00c4\u00c4. KUVA ESA HAAKANA (HEIN\u00c4KUU 2004). (KLIKKAA SUUREKSI)\" \/><figcaption class=\"elementor-image-carousel-caption\">KIITOTIEN 18 L\u00c4HESTYMISLINJAN ALLA KASVAA VARSIN KORKEAA METS\u00c4\u00c4. KUVA ESA HAAKANA (HEIN\u00c4KUU 2004). (KLIKKAA SUUREKSI)<\/figcaption><\/figure><\/a><\/div><div class=\"swiper-slide\" role=\"group\" aria-roledescription=\"slide\" aria-label=\"5 of 5\"><a data-elementor-open-lightbox=\"yes\" data-elementor-lightbox-slideshow=\"609b0565\" data-elementor-lightbox-title=\"efrn_platta\" data-elementor-lightbox-description=\"N\u00c4KYM\u00c4 KIITOTIELT\u00c4 SEISONTA-ALUEEN SUUNTAAN ELOKUUSSA 2004. KUVA HEIMO PAAKKINEN. (KLIKKAA SUUREKSI)\" data-e-action-hash=\"#elementor-action%3Aaction%3Dlightbox%26settings%3DeyJpZCI6MzUwODgsInVybCI6Imh0dHBzOlwvXC9sZW50b3BhaWthdC5maVwvd3AtY29udGVudFwvdXBsb2Fkc1wvZWZybl9wbGF0dGEuanBnIiwic2xpZGVzaG93IjoiNjA5YjA1NjUifQ%3D%3D\" href=\"https:\/\/lentopaikat.fi\/wp-content\/uploads\/efrn_platta.jpg\"><figure class=\"swiper-slide-inner\"><img decoding=\"async\" class=\"swiper-slide-image\" src=\"https:\/\/lentopaikat.fi\/wp-content\/uploads\/efrn_platta.jpg\" alt=\"N\u00c4KYM\u00c4 KIITOTIELT\u00c4 SEISONTA-ALUEEN SUUNTAAN ELOKUUSSA 2004. KUVA HEIMO PAAKKINEN. (KLIKKAA SUUREKSI)\" \/><figcaption class=\"elementor-image-carousel-caption\">N\u00c4KYM\u00c4 KIITOTIELT\u00c4 SEISONTA-ALUEEN SUUNTAAN ELOKUUSSA 2004. KUVA HEIMO PAAKKINEN. (KLIKKAA SUUREKSI)<\/figcaption><\/figure><\/a><\/div>\t\t\t<\/div>\n\t\t\t\t\t\t\t\t\t\t\t\t<div class=\"elementor-swiper-button elementor-swiper-button-prev\" role=\"button\" tabindex=\"0\">\n\t\t\t\t\t\t<i aria-hidden=\"true\" class=\"eicon-chevron-left\"><\/i>\t\t\t\t\t<\/div>\n\t\t\t\t\t<div class=\"elementor-swiper-button elementor-swiper-button-next\" role=\"button\" tabindex=\"0\">\n\t\t\t\t\t\t<i aria-hidden=\"true\" class=\"eicon-chevron-right\"><\/i>\t\t\t\t\t<\/div>\n\t\t\t\t\n\t\t\t\t\t\t\t\t\t<\/div>\n\t\t\t\t\t\t<\/div>\n\t\t\t\t<\/div>\n\t\t\t\t\t<\/div>\n\t\t\t\t<\/div>\n\t\t\t\t\t<\/div>\n\t\t<\/div>\n\t\t\t\t\t<\/div>\n\t\t<\/section>\n\t\t\t\t\t<\/div>\n\t\t<\/div>\n\t\t\t\t\t<\/div>\n\t\t<\/section>\n\t\t\t\t<\/div>\n\t\t","protected":false},"excerpt":{"rendered":"<p>Rantasalmi &#8211; EFRN Warning! T\u00e4m\u00e4 on ns, &#8220;k\u00f6yh\u00e4n miehen NOTAM&#8221; eli t\u00e4ll\u00e4 voi varoittaa kent\u00e4ll\u00e4 tapahtuvasta poikkeavasta toiminnasta. T\u00e4m\u00e4 ilmoitus on ajastettavissa ja n\u00e4kyy vain silloin kun on jotain varoitettaavaa Varoitus ei ole suljettavissaT\u00e4m\u00e4n aikaa voi s\u00e4\u00e4t\u00e4 vasemmalta Visibility v\u00e4lilehdest\u00e4 1. Sunset and sunrise and the SERA definition of night 2. General information: Small field [&hellip;]<\/p>\n","protected":false},"author":1,"featured_media":0,"parent":0,"menu_order":0,"comment_status":"closed","ping_status":"closed","template":"","meta":{"inline_featured_image":false,"_lmt_disableupdate":"","_lmt_disable":"","footnotes":""},"class_list":["post-36308","page","type-page","status-publish","hentry"],"_links":{"self":[{"href":"https:\/\/lentopaikat.fi\/en\/wp-json\/wp\/v2\/pages\/36308","targetHints":{"allow":["GET"]}}],"collection":[{"href":"https:\/\/lentopaikat.fi\/en\/wp-json\/wp\/v2\/pages"}],"about":[{"href":"https:\/\/lentopaikat.fi\/en\/wp-json\/wp\/v2\/types\/page"}],"author":[{"embeddable":true,"href":"https:\/\/lentopaikat.fi\/en\/wp-json\/wp\/v2\/users\/1"}],"replies":[{"embeddable":true,"href":"https:\/\/lentopaikat.fi\/en\/wp-json\/wp\/v2\/comments?post=36308"}],"version-history":[{"count":0,"href":"https:\/\/lentopaikat.fi\/en\/wp-json\/wp\/v2\/pages\/36308\/revisions"}],"wp:attachment":[{"href":"https:\/\/lentopaikat.fi\/en\/wp-json\/wp\/v2\/media?parent=36308"}],"curies":[{"name":"wp","href":"https:\/\/api.w.org\/{rel}","templated":true}]}}