{"id":36273,"date":"2022-11-18T00:17:15","date_gmt":"2022-11-17T22:17:15","guid":{"rendered":"https:\/\/lentopaikat.fi\/pyhtaa-redstone-efpr\/"},"modified":"2025-05-08T15:34:21","modified_gmt":"2025-05-08T13:34:21","slug":"pyhtaa-redstone-efpr","status":"publish","type":"page","link":"https:\/\/lentopaikat.fi\/en\/pyhtaa-redstone-efpr\/","title":{"rendered":"Pyht\u00e4\u00e4 Redstone &#8211; EFPR"},"content":{"rendered":"\t\t<div data-elementor-type=\"wp-page\" data-elementor-id=\"36273\" class=\"elementor elementor-36273 elementor-36263\" data-elementor-post-type=\"page\">\n\t\t\t\t\t\t<section class=\"elementor-section elementor-top-section elementor-element elementor-element-6aab14f8 elementor-section-height-min-height elementor-section-full_width elementor-section-height-default elementor-section-items-middle\" data-id=\"6aab14f8\" data-element_type=\"section\" data-e-type=\"section\" data-settings=\"{&quot;background_background&quot;:&quot;classic&quot;}\">\n\t\t\t\t\t\t\t<div class=\"elementor-background-overlay\"><\/div>\n\t\t\t\t\t\t\t<div class=\"elementor-container elementor-column-gap-default\">\n\t\t\t\t\t<div class=\"elementor-column elementor-col-50 elementor-top-column elementor-element elementor-element-78996ca6\" data-id=\"78996ca6\" data-element_type=\"column\" data-e-type=\"column\">\n\t\t\t<div class=\"elementor-widget-wrap elementor-element-populated\">\n\t\t\t\t\t\t<div class=\"elementor-element elementor-element-6573b2d6 elementor-widget elementor-widget-heading\" data-id=\"6573b2d6\" data-element_type=\"widget\" data-e-type=\"widget\" data-widget_type=\"heading.default\">\n\t\t\t\t<div class=\"elementor-widget-container\">\n\t\t\t\t\t<h2 class=\"elementor-heading-title elementor-size-default\">Pyht\u00e4\u00e4 Redstone - EFPR<\/h2>\t\t\t\t<\/div>\n\t\t\t\t<\/div>\n\t\t\t\t\t<\/div>\n\t\t<\/div>\n\t\t\t\t<div class=\"elementor-column elementor-col-50 elementor-top-column elementor-element elementor-element-5d2c2449\" data-id=\"5d2c2449\" data-element_type=\"column\" data-e-type=\"column\">\n\t\t\t<div class=\"elementor-widget-wrap\">\n\t\t\t\t\t\t\t<\/div>\n\t\t<\/div>\n\t\t\t\t\t<\/div>\n\t\t<\/section>\n\t\t\t\t<section class=\"elementor-section elementor-top-section elementor-element elementor-element-64634c10 elementor-section-full_width elementor-section-height-default elementor-section-height-default\" data-id=\"64634c10\" data-element_type=\"section\" data-e-type=\"section\">\n\t\t\t\t\t\t<div class=\"elementor-container elementor-column-gap-default\">\n\t\t\t\t\t<div class=\"elementor-column elementor-col-100 elementor-top-column elementor-element elementor-element-1464a1b2\" data-id=\"1464a1b2\" data-element_type=\"column\" data-e-type=\"column\">\n\t\t\t<div class=\"elementor-widget-wrap elementor-element-populated\">\n\t\t\t\t\t\t<section class=\"elementor-section elementor-inner-section elementor-element elementor-element-6048a1ae elementor-section-full_width elementor-section-height-default elementor-section-height-default\" data-id=\"6048a1ae\" data-element_type=\"section\" data-e-type=\"section\">\n\t\t\t\t\t\t<div class=\"elementor-container elementor-column-gap-wide\">\n\t\t\t\t\t<div class=\"elementor-column elementor-col-50 elementor-inner-column elementor-element elementor-element-11e88469\" data-id=\"11e88469\" data-element_type=\"column\" data-e-type=\"column\">\n\t\t\t<div class=\"elementor-widget-wrap elementor-element-populated\">\n\t\t\t\t<!-- dce invisible element 2e34e1f7 -->\t\t<div class=\"elementor-element elementor-element-2f91d14c elementor-widget elementor-widget-heading\" data-id=\"2f91d14c\" data-element_type=\"widget\" data-e-type=\"widget\" data-widget_type=\"heading.default\">\n\t\t\t\t<div class=\"elementor-widget-container\">\n\t\t\t\t\t<h5 class=\"elementor-heading-title elementor-size-default\">1. Sunset and sunrise and the SERA definition of night<\/h5>\t\t\t\t<\/div>\n\t\t\t\t<\/div>\n\t\t\t\t<div class=\"elementor-element elementor-element-6343c382 elementor-widget elementor-widget-shortcode\" data-id=\"6343c382\" data-element_type=\"widget\" data-e-type=\"widget\" data-widget_type=\"shortcode.default\">\n\t\t\t\t<div class=\"elementor-widget-container\">\n\t\t\t\t\t\t\t<div class=\"elementor-shortcode\"><table><tbody><tr><td>Finnish time today, 15.04.2026<\/br><b> - Night ends: 05:11<\/br> - Sunrise: 05:57<\/br> - Sunset: 20:32<\/br> - Night begins: 21:19<\/br><\/b><\/td>\r\n<td> Times tomorrow <\/br><b> - Night ends tomorrow: 05:07<\/br> - Sunrise tomorrow: 05:54<\/br> - sunset tomorrow: 20:35<\/br> - Night begins tomorrow: 21:21<\/b><\/td><\/tr><\/tbody><\/table><\/div>\n\t\t\t\t\t\t<\/div>\n\t\t\t\t<\/div>\n\t\t\t\t<div class=\"elementor-element elementor-element-51efb61c elementor-widget elementor-widget-heading\" data-id=\"51efb61c\" data-element_type=\"widget\" data-e-type=\"widget\" data-widget_type=\"heading.default\">\n\t\t\t\t<div class=\"elementor-widget-container\">\n\t\t\t\t\t<h5 class=\"elementor-heading-title elementor-size-default\">2. General information:<\/h5>\t\t\t\t<\/div>\n\t\t\t\t<\/div>\n\t\t\t\t<div class=\"elementor-element elementor-element-4ab934be elementor-widget elementor-widget-text-editor\" data-id=\"4ab934be\" data-element_type=\"widget\" data-e-type=\"widget\" data-widget_type=\"text-editor.default\">\n\t\t\t\t<div class=\"elementor-widget-container\">\n\t\t\t\t\t\t\t\t\t<p class=\"\" data-start=\"51\" data-end=\"437\">Finland\u2019s newest airfield, known as Helsinki-East Aerodrome, serves professional general aviation and provides a base for the industry as well as private aircraft owners. As part of the airfield\u2019s operations, it also functions as a product development and testing center for the aviation of the future. The airfield is also set to become Helsinki\u2019s second airport for passenger traffic.<\/p>\n<p><\/p>\n<p class=\"\" data-start=\"439\" data-end=\"685\">The airfield area has been zoned for the future \u201cHelsinki-East\u201d logistics and industrial area. The zoning plan includes a provision for a crosswind runway. A variety of aviation-related activities will emerge in the area, supporting the airfield.<\/p>\n<p><\/p>\n<p class=\"\" data-start=\"687\" data-end=\"998\">Visitors are warmly welcome, and there are no landing fees, pilot-in-command fees, or PNR (Prior Notice Required) obligations for visiting aircraft. Regular use of the airfield \u2014 for example, for training, touch-and-go practice, or as a home base for an aircraft \u2014 must be agreed upon with the airport operator.<\/p>\n<p><\/p>\n<p class=\"\" data-start=\"1000\" data-end=\"1130\">LPV (Localizer Performance with Vertical guidance) instrument approach procedures have been published for the airfield in the AIP.<\/p>\n<p><\/p>\n<p class=\"\" data-start=\"1132\" data-end=\"1258\">The airfield now also features Donkey Republic city bikes, which can be used to reach Aeronautica or, for instance, Siltakyl\u00e4.<\/p>\n\t\t\t\t\t\t\t\t<\/div>\n\t\t\t\t<\/div>\n\t\t\t\t<div class=\"elementor-element elementor-element-51229258 elementor-widget elementor-widget-heading\" data-id=\"51229258\" data-element_type=\"widget\" data-e-type=\"widget\" data-widget_type=\"heading.default\">\n\t\t\t\t<div class=\"elementor-widget-container\">\n\t\t\t\t\t<h5 class=\"elementor-heading-title elementor-size-default\">3.  Price Information:<\/h5>\t\t\t\t<\/div>\n\t\t\t\t<\/div>\n\t\t\t\t<div class=\"elementor-element elementor-element-15694e62 elementor-widget elementor-widget-text-editor\" data-id=\"15694e62\" data-element_type=\"widget\" data-e-type=\"widget\" data-widget_type=\"text-editor.default\">\n\t\t\t\t<div class=\"elementor-widget-container\">\n\t\t\t\t\t\t\t\t\t<p>NIL<\/p>\n\t\t\t\t\t\t\t\t<\/div>\n\t\t\t\t<\/div>\n\t\t\t\t<div class=\"elementor-element elementor-element-7986c89f elementor-widget elementor-widget-heading\" data-id=\"7986c89f\" data-element_type=\"widget\" data-e-type=\"widget\" data-widget_type=\"heading.default\">\n\t\t\t\t<div class=\"elementor-widget-container\">\n\t\t\t\t\t<h5 class=\"elementor-heading-title elementor-size-default\">4. The Airport:<\/h5>\t\t\t\t<\/div>\n\t\t\t\t<\/div>\n\t\t\t\t<div class=\"elementor-element elementor-element-4fd83b11 elementor-widget elementor-widget-text-editor\" data-id=\"4fd83b11\" data-element_type=\"widget\" data-e-type=\"widget\" data-widget_type=\"text-editor.default\">\n\t\t\t\t<div class=\"elementor-widget-container\">\n\t\t\t\t\t\t\t\t\t<div class=\"FFpbKc\"><\/div>\n<p><\/p>\n<div class=\"QcsUad BDJ8fb BLojaf\" role=\"region\" aria-labelledby=\"ucj-5\">\n<div class=\"XL3Kf\">\n<div class=\"a8FIud X0rvP L6rCcb\">\n<div data-show-delay-ms=\"250\" data-append-to-body=\"false\" data-propagate-tooltip-mouseover-events=\"true\" data-anchor-corner=\"bottom-end\" data-enable-skip-handler=\"false\" data-popup-corner=\"top-end\">\n<div class=\"VfPpkd-Bz112c-RLmnJb\"><span class=\"jCAhz ChMk0b\"><span class=\"ryNqvb\">The runway, taxiways and apron are paved and in excellent condition.<\/span><\/span> <span class=\"jCAhz ChMk0b\"><span class=\"ryNqvb\">The airport is kept plowed and in working condition during the winter, however, after snowfalls, it is necessary to check the condition of the runway in advance.<\/span><\/span> <span class=\"jCAhz ChMk0b\"><span class=\"ryNqvb\">Airport construction works on runway extensions and peripheral areas continue from time to time.<\/span><\/span> <span class=\"jCAhz ChMk0b\"><span class=\"ryNqvb\">Special caution must be observed in flight operations.<\/span><\/span><\/div>\n<p><\/div>\n<p><\/div>\n<p><\/div>\n<p><\/div>\n\t\t\t\t\t\t\t\t<\/div>\n\t\t\t\t<\/div>\n\t\t\t\t<div class=\"elementor-element elementor-element-6f7fc4b4 elementor-widget elementor-widget-heading\" data-id=\"6f7fc4b4\" data-element_type=\"widget\" data-e-type=\"widget\" data-widget_type=\"heading.default\">\n\t\t\t\t<div class=\"elementor-widget-container\">\n\t\t\t\t\t<h5 class=\"elementor-heading-title elementor-size-default\">5. Basic data:<\/h5>\t\t\t\t<\/div>\n\t\t\t\t<\/div>\n\t\t\t\t<div class=\"elementor-element elementor-element-494fac42 elementor-widget elementor-widget-text-editor\" data-id=\"494fac42\" data-element_type=\"widget\" data-e-type=\"widget\" data-widget_type=\"text-editor.default\">\n\t\t\t\t<div class=\"elementor-widget-container\">\n\t\t\t\t\t\t\t\t\t<p><b>By request basic information only available at: <a href=\"https:\/\/ais.fi\" target=\"_blank\" rel=\"noopener\">https:\/\/ais.fi<\/a><br \/>\nDirect link to the AIS information: <a href=\"https:\/\/www.ais.fi\/eaip\/currently_effective\/eAIP\/EF-AD%20%202%20EFPR%20-%20REDSTONE%20AERO%201-fi-FI.html#AD--2-EFPR---REDSTONE-AERO-1\" target=\"_blank\" rel=\"noopener\">EFPR<\/a><\/b><br \/><strong>Announcements<\/strong>:<a class=\"popup\" href=\"https:\/\/lentopaikat.fi\/notam\/notam.php?a=EFPR\" data-width=\"500\" data-height=\"600\" data-scrollbars=\"1\">NOTAM<\/a><br \/>There is a 1,700 m\u00b2 aircraft hangar at the airfield with rental storage spaces available even for larger aircraft.<\/p>\n\t\t\t\t\t\t\t\t<\/div>\n\t\t\t\t<\/div>\n\t\t\t\t<div class=\"elementor-element elementor-element-2acad4e2 elementor-widget elementor-widget-heading\" data-id=\"2acad4e2\" data-element_type=\"widget\" data-e-type=\"widget\" data-widget_type=\"heading.default\">\n\t\t\t\t<div class=\"elementor-widget-container\">\n\t\t\t\t\t<h5 class=\"elementor-heading-title elementor-size-default\"> 6. Sight seeing and services<\/h5>\t\t\t\t<\/div>\n\t\t\t\t<\/div>\n\t\t\t\t<div class=\"elementor-element elementor-element-3d0d1b1c elementor-widget elementor-widget-text-editor\" data-id=\"3d0d1b1c\" data-element_type=\"widget\" data-e-type=\"widget\" data-widget_type=\"text-editor.default\">\n\t\t\t\t<div class=\"elementor-widget-container\">\n\t\t\t\t\t\t\t\t\t<p>The airport located on the coast of the Gulf of Finland is being developed to serve tourists arriving by plane. The nearest tourist destination is the Aeronautica Arena experience and event center located approx. 2 km away. There are a total of 17 cafes and restaurants in Pyht\u00e4\u00e4, the closest ones are a few minutes away. For the summer, an airport cafe will open at the airport, where you can also get something to eat. For accommodation, there are numerous cabin rental companies in the surrounding area.<\/p>\n<p>Keih\u00e4ssalmi boat and fishing port, e.g. sea \u200b\u200bsalmon directly from the fisherman<br \/>Hiking destinations: Kymijoki estuary area, Valkmusa marsh area, Stockfors ironworks area<br \/>Pyht\u00e4\u00e4 Kaunissaari is a boat ride away<br \/>Pyht\u00e4\u00e4 Vuokram\u00f6kit, by the sea on Munapirti island (approx. 15 min)<br \/>Rental cabins Villa Struka and Villa Kivikoski (approx. 2 km away, on the shore of Kymijoki)<br \/>Cafes: Village cafe and bar Onni (A rights)<br \/>Food: P\u00e4kki-Pub, Purola (4 km), delivers pizza to the field on request<br \/>Sagitta, port restaurant in L\u00f6k\u00f6r, Siltakyl\u00e4, approx. 10 km<br \/>Aeronautica Arena &#8211; free fall &#8211; wind tunnel and indoor surfing<\/p>\n\t\t\t\t\t\t\t\t<\/div>\n\t\t\t\t<\/div>\n\t\t\t\t<div class=\"elementor-element elementor-element-50c634ee elementor-widget elementor-widget-heading\" data-id=\"50c634ee\" data-element_type=\"widget\" data-e-type=\"widget\" data-widget_type=\"heading.default\">\n\t\t\t\t<div class=\"elementor-widget-container\">\n\t\t\t\t\t<h5 class=\"elementor-heading-title elementor-size-default\">7. Contact information:<\/h5>\t\t\t\t<\/div>\n\t\t\t\t<\/div>\n\t\t\t\t<div class=\"elementor-element elementor-element-13a4509e elementor-widget elementor-widget-text-editor\" data-id=\"13a4509e\" data-element_type=\"widget\" data-e-type=\"widget\" data-widget_type=\"text-editor.default\">\n\t\t\t\t<div class=\"elementor-widget-container\">\n\t\t\t\t\t\t\t\t\t<p>briefing@redstone.aero<br \/>Head of OPS: Aapo Korjula +358 400 789 062<\/p>\n\t\t\t\t\t\t\t\t<\/div>\n\t\t\t\t<\/div>\n\t\t\t\t<div class=\"elementor-element elementor-element-60b2c7f2 elementor-widget elementor-widget-heading\" data-id=\"60b2c7f2\" data-element_type=\"widget\" data-e-type=\"widget\" data-widget_type=\"heading.default\">\n\t\t\t\t<div class=\"elementor-widget-container\">\n\t\t\t\t\t<h5 class=\"elementor-heading-title elementor-size-default\">8.  Links:<\/h5>\t\t\t\t<\/div>\n\t\t\t\t<\/div>\n\t\t\t\t<div class=\"elementor-element elementor-element-3779d764 elementor-widget elementor-widget-text-editor\" data-id=\"3779d764\" data-element_type=\"widget\" data-e-type=\"widget\" data-widget_type=\"text-editor.default\">\n\t\t\t\t<div class=\"elementor-widget-container\">\n\t\t\t\t\t\t\t\t\t<ul>\n<li><a href=\"https:\/\/en.ilmatieteenlaitos.fi\/observations-in-finland?station=107029\" target=\"_blank\" rel=\"noopener\">Pyht\u00e4\u00e4 Weather<\/a><\/li>\n<li><a href=\"https:\/\/aeronautica.fi\/\" target=\"_blank\" rel=\"noopener\">aeronautica.fi<\/a><\/li>\n<li><a href=\"https:\/\/www.helsingistaitaan.fi\/\">Helsingist\u00e4 it\u00e4\u00e4n<\/a><\/li>\n<li><a href=\"http:\/\/www.pyhtaa.fi\/\" target=\"_blank\" rel=\"noopener noreferrer\">Pyht\u00e4\u00e4 \/ Pyttis<\/a><\/li>\n<\/ul>\n\t\t\t\t\t\t\t\t<\/div>\n\t\t\t\t<\/div>\n\t\t\t\t<div class=\"elementor-element elementor-element-214fe787 elementor-widget elementor-widget-heading\" data-id=\"214fe787\" data-element_type=\"widget\" data-e-type=\"widget\" data-widget_type=\"heading.default\">\n\t\t\t\t<div class=\"elementor-widget-container\">\n\t\t\t\t\t<h5 class=\"elementor-heading-title elementor-size-default\">9. Map<\/h5>\t\t\t\t<\/div>\n\t\t\t\t<\/div>\n\t\t\t\t<div class=\"elementor-element elementor-element-72970131 elementor-widget elementor-widget-google_maps\" data-id=\"72970131\" data-element_type=\"widget\" data-e-type=\"widget\" data-widget_type=\"google_maps.default\">\n\t\t\t\t<div class=\"elementor-widget-container\">\n\t\t\t\t\t\t\t<div class=\"elementor-custom-embed\">\n\t\t\t<iframe loading=\"lazy\"\n\t\t\t\t\tsrc=\"https:\/\/www.google.com\/maps\/embed\/v1\/place?key=AIzaSyC1j1iK8FQx51JcFwNxcbaAudBg3BxuVow&#038;q=Helsinki%20east%20aerodrome&#038;zoom=13\"\n\t\t\t\t\ttitle=\"Helsinki east aerodrome\"\n\t\t\t\t\taria-label=\"Helsinki east aerodrome\"\n\t\t\t><\/iframe>\n\t\t<\/div>\n\t\t\t\t\t\t<\/div>\n\t\t\t\t<\/div>\n\t\t\t\t\t<\/div>\n\t\t<\/div>\n\t\t\t\t<div class=\"elementor-column elementor-col-50 elementor-inner-column elementor-element elementor-element-3281ea71\" data-id=\"3281ea71\" data-element_type=\"column\" data-e-type=\"column\">\n\t\t\t<div class=\"elementor-widget-wrap elementor-element-populated\">\n\t\t\t\t\t\t<div class=\"elementor-element elementor-element-1507cb23 elementor-widget elementor-widget-image\" data-id=\"1507cb23\" data-element_type=\"widget\" data-e-type=\"widget\" data-widget_type=\"image.default\">\n\t\t\t\t<div class=\"elementor-widget-container\">\n\t\t\t\t\t\t\t\t\t\t\t\t<figure class=\"wp-caption\">\n\t\t\t\t\t\t\t\t\t\t\t<a href=\"https:\/\/lentopaikat.fi\/wp-content\/uploads\/EFPR_pikkukartta.png\" data-elementor-open-lightbox=\"yes\" data-elementor-lightbox-title=\"EFPR_pikkukartta\" data-e-action-hash=\"#elementor-action%3Aaction%3Dlightbox%26settings%3DeyJpZCI6MzUwNDMsInVybCI6Imh0dHBzOlwvXC9sZW50b3BhaWthdC5maVwvd3AtY29udGVudFwvdXBsb2Fkc1wvRUZQUl9waWtrdWthcnR0YS5wbmcifQ%3D%3D\">\n\t\t\t\t\t\t\t<img fetchpriority=\"high\" decoding=\"async\" width=\"430\" height=\"757\" src=\"https:\/\/lentopaikat.fi\/wp-content\/uploads\/EFPR_pikkukartta.png\" class=\"attachment-large size-large wp-image-35043\" alt=\"\" srcset=\"https:\/\/lentopaikat.fi\/wp-content\/uploads\/EFPR_pikkukartta.png 430w, https:\/\/lentopaikat.fi\/wp-content\/uploads\/EFPR_pikkukartta-170x300.png 170w, https:\/\/lentopaikat.fi\/wp-content\/uploads\/EFPR_pikkukartta-7x12.png 7w\" sizes=\"(max-width: 430px) 100vw, 430px\" \/>\t\t\t\t\t\t\t\t<\/a>\n\t\t\t\t\t\t\t\t\t\t\t<figcaption class=\"widget-image-caption wp-caption-text\"><\/figcaption>\n\t\t\t\t\t\t\t\t\t\t<\/figure>\n\t\t\t\t\t\t\t\t\t<\/div>\n\t\t\t\t<\/div>\n\t\t<div class=\"elementor-element elementor-element-4f885cee e-flex e-con-boxed e-con e-parent\" data-id=\"4f885cee\" data-element_type=\"container\" data-e-type=\"container\">\n\t\t\t\t\t<div class=\"e-con-inner\">\n\t\t\t\t<div class=\"elementor-element elementor-element-4a8a972 elementor-arrows-position-inside elementor-widget elementor-widget-image-carousel\" data-id=\"4a8a972\" data-element_type=\"widget\" data-e-type=\"widget\" data-settings=\"{&quot;slides_to_show&quot;:&quot;1&quot;,&quot;navigation&quot;:&quot;arrows&quot;,&quot;speed&quot;:900,&quot;autoplay&quot;:&quot;yes&quot;,&quot;pause_on_hover&quot;:&quot;yes&quot;,&quot;pause_on_interaction&quot;:&quot;yes&quot;,&quot;autoplay_speed&quot;:5000,&quot;infinite&quot;:&quot;yes&quot;,&quot;effect&quot;:&quot;slide&quot;}\" data-widget_type=\"image-carousel.default\">\n\t\t\t\t<div class=\"elementor-widget-container\">\n\t\t\t\t\t\t\t<div class=\"elementor-image-carousel-wrapper swiper\" role=\"region\" aria-roledescription=\"carousel\" aria-label=\"Image Carousel\" dir=\"ltr\">\n\t\t\t<div class=\"elementor-image-carousel swiper-wrapper swiper-image-stretch\" aria-live=\"off\">\n\t\t\t\t\t\t\t\t<div class=\"swiper-slide\" role=\"group\" aria-roledescription=\"slide\" aria-label=\"1 of 4\"><a data-elementor-open-lightbox=\"yes\" data-elementor-lightbox-slideshow=\"4a8a972\" data-elementor-lightbox-title=\"EFPR_AIR\" data-e-action-hash=\"#elementor-action%3Aaction%3Dlightbox%26settings%3DeyJpZCI6Mzk0NDQsInVybCI6Imh0dHBzOlwvXC9sZW50b3BhaWthdC5maVwvd3AtY29udGVudFwvdXBsb2Fkc1wvRUZQUl9BSVItc2NhbGVkLmpwZyIsInNsaWRlc2hvdyI6IjRhOGE5NzIifQ%3D%3D\" href=\"https:\/\/lentopaikat.fi\/wp-content\/uploads\/EFPR_AIR-scaled.jpg\"><figure class=\"swiper-slide-inner\"><img decoding=\"async\" class=\"swiper-slide-image\" src=\"https:\/\/lentopaikat.fi\/wp-content\/uploads\/EFPR_AIR-1024x768.jpg\" alt=\"EFPR_AIR\" \/><\/figure><\/a><\/div><div class=\"swiper-slide\" role=\"group\" aria-roledescription=\"slide\" aria-label=\"2 of 4\"><a data-elementor-open-lightbox=\"yes\" data-elementor-lightbox-slideshow=\"4a8a972\" data-elementor-lightbox-title=\"EFPR_Air2\" data-e-action-hash=\"#elementor-action%3Aaction%3Dlightbox%26settings%3DeyJpZCI6Mzk0NDYsInVybCI6Imh0dHBzOlwvXC9sZW50b3BhaWthdC5maVwvd3AtY29udGVudFwvdXBsb2Fkc1wvRUZQUl9BaXIyLXNjYWxlZC5qcGciLCJzbGlkZXNob3ciOiI0YThhOTcyIn0%3D\" href=\"https:\/\/lentopaikat.fi\/wp-content\/uploads\/EFPR_Air2-scaled.jpg\"><figure class=\"swiper-slide-inner\"><img decoding=\"async\" class=\"swiper-slide-image\" src=\"https:\/\/lentopaikat.fi\/wp-content\/uploads\/EFPR_Air2-1024x768.jpg\" alt=\"EFPR_Air2\" \/><\/figure><\/a><\/div><div class=\"swiper-slide\" role=\"group\" aria-roledescription=\"slide\" aria-label=\"3 of 4\"><a data-elementor-open-lightbox=\"yes\" data-elementor-lightbox-slideshow=\"4a8a972\" data-elementor-lightbox-title=\"EFPR_Air3\" data-e-action-hash=\"#elementor-action%3Aaction%3Dlightbox%26settings%3DeyJpZCI6Mzk0NDgsInVybCI6Imh0dHBzOlwvXC9sZW50b3BhaWthdC5maVwvd3AtY29udGVudFwvdXBsb2Fkc1wvRUZQUl9BaXIzLXNjYWxlZC5qcGciLCJzbGlkZXNob3ciOiI0YThhOTcyIn0%3D\" href=\"https:\/\/lentopaikat.fi\/wp-content\/uploads\/EFPR_Air3-scaled.jpg\"><figure class=\"swiper-slide-inner\"><img decoding=\"async\" class=\"swiper-slide-image\" src=\"https:\/\/lentopaikat.fi\/wp-content\/uploads\/EFPR_Air3-1024x575.jpg\" alt=\"EFPR_Air3\" \/><\/figure><\/a><\/div><div class=\"swiper-slide\" role=\"group\" aria-roledescription=\"slide\" aria-label=\"4 of 4\"><a data-elementor-open-lightbox=\"yes\" data-elementor-lightbox-slideshow=\"4a8a972\" data-elementor-lightbox-title=\"EFPR_Air4\" data-e-action-hash=\"#elementor-action%3Aaction%3Dlightbox%26settings%3DeyJpZCI6Mzk0NTAsInVybCI6Imh0dHBzOlwvXC9sZW50b3BhaWthdC5maVwvd3AtY29udGVudFwvdXBsb2Fkc1wvRUZQUl9BaXI0LXNjYWxlZC5qcGciLCJzbGlkZXNob3ciOiI0YThhOTcyIn0%3D\" href=\"https:\/\/lentopaikat.fi\/wp-content\/uploads\/EFPR_Air4-scaled.jpg\"><figure class=\"swiper-slide-inner\"><img decoding=\"async\" class=\"swiper-slide-image\" src=\"https:\/\/lentopaikat.fi\/wp-content\/uploads\/EFPR_Air4-1024x575.jpg\" alt=\"EFPR_Air4\" \/><\/figure><\/a><\/div>\t\t\t<\/div>\n\t\t\t\t\t\t\t\t\t\t\t\t<div class=\"elementor-swiper-button elementor-swiper-button-prev\" role=\"button\" tabindex=\"0\">\n\t\t\t\t\t\t<i aria-hidden=\"true\" class=\"eicon-chevron-left\"><\/i>\t\t\t\t\t<\/div>\n\t\t\t\t\t<div class=\"elementor-swiper-button elementor-swiper-button-next\" role=\"button\" tabindex=\"0\">\n\t\t\t\t\t\t<i aria-hidden=\"true\" class=\"eicon-chevron-right\"><\/i>\t\t\t\t\t<\/div>\n\t\t\t\t\n\t\t\t\t\t\t\t\t\t<\/div>\n\t\t\t\t\t\t<\/div>\n\t\t\t\t<\/div>\n\t\t\t\t\t<\/div>\n\t\t\t\t<\/div>\n\t\t\t\t\t<\/div>\n\t\t<\/div>\n\t\t\t\t\t<\/div>\n\t\t<\/section>\n\t\t\t\t\t<\/div>\n\t\t<\/div>\n\t\t\t\t\t<\/div>\n\t\t<\/section>\n\t\t\t\t<\/div>\n\t\t","protected":false},"excerpt":{"rendered":"<p>Pyht\u00e4\u00e4 Redstone &#8211; EFPR Note! Check latest official info from AIP.\u00a0https:\/\/www.ais.fi\/ 1. Sunset and sunrise and the SERA definition of night 2. General information: Finland\u2019s newest airfield, known as Helsinki-East Aerodrome, serves professional general aviation and provides a base for the industry as well as private aircraft owners. As part of the airfield\u2019s operations, it [&hellip;]<\/p>\n","protected":false},"author":1,"featured_media":0,"parent":0,"menu_order":0,"comment_status":"closed","ping_status":"closed","template":"","meta":{"inline_featured_image":false,"_lmt_disableupdate":"","_lmt_disable":"","footnotes":""},"class_list":["post-36273","page","type-page","status-publish","hentry"],"_links":{"self":[{"href":"https:\/\/lentopaikat.fi\/en\/wp-json\/wp\/v2\/pages\/36273","targetHints":{"allow":["GET"]}}],"collection":[{"href":"https:\/\/lentopaikat.fi\/en\/wp-json\/wp\/v2\/pages"}],"about":[{"href":"https:\/\/lentopaikat.fi\/en\/wp-json\/wp\/v2\/types\/page"}],"author":[{"embeddable":true,"href":"https:\/\/lentopaikat.fi\/en\/wp-json\/wp\/v2\/users\/1"}],"replies":[{"embeddable":true,"href":"https:\/\/lentopaikat.fi\/en\/wp-json\/wp\/v2\/comments?post=36273"}],"version-history":[{"count":0,"href":"https:\/\/lentopaikat.fi\/en\/wp-json\/wp\/v2\/pages\/36273\/revisions"}],"wp:attachment":[{"href":"https:\/\/lentopaikat.fi\/en\/wp-json\/wp\/v2\/media?parent=36273"}],"curies":[{"name":"wp","href":"https:\/\/api.w.org\/{rel}","templated":true}]}}