{"id":36250,"date":"2022-11-17T23:53:34","date_gmt":"2022-11-17T21:53:34","guid":{"rendered":"https:\/\/lentopaikat.fi\/pudasjarvi-efpu\/"},"modified":"2024-02-02T17:09:03","modified_gmt":"2024-02-02T15:09:03","slug":"pudasjarvi-efpu","status":"publish","type":"page","link":"https:\/\/lentopaikat.fi\/en\/pudasjarvi-efpu\/","title":{"rendered":"Pudasj\u00e4rvi &#8211; EFPU"},"content":{"rendered":"\t\t<div data-elementor-type=\"wp-page\" data-elementor-id=\"36250\" class=\"elementor elementor-36250 elementor-36241\" data-elementor-post-type=\"page\">\n\t\t\t\t\t\t<section class=\"elementor-section elementor-top-section elementor-element elementor-element-3a750cea elementor-section-height-min-height elementor-section-full_width elementor-section-height-default elementor-section-items-middle\" data-id=\"3a750cea\" data-element_type=\"section\" data-e-type=\"section\" data-settings=\"{&quot;background_background&quot;:&quot;classic&quot;}\">\n\t\t\t\t\t\t\t<div class=\"elementor-background-overlay\"><\/div>\n\t\t\t\t\t\t\t<div class=\"elementor-container elementor-column-gap-default\">\n\t\t\t\t\t<div class=\"elementor-column elementor-col-50 elementor-top-column elementor-element elementor-element-37289b9d\" data-id=\"37289b9d\" data-element_type=\"column\" data-e-type=\"column\">\n\t\t\t<div class=\"elementor-widget-wrap elementor-element-populated\">\n\t\t\t\t\t\t<div class=\"elementor-element elementor-element-32007d0a elementor-widget elementor-widget-heading\" data-id=\"32007d0a\" data-element_type=\"widget\" data-e-type=\"widget\" data-widget_type=\"heading.default\">\n\t\t\t\t<div class=\"elementor-widget-container\">\n\t\t\t\t\t<h2 class=\"elementor-heading-title elementor-size-default\">Pudasj\u00e4rvi - EFPU<\/h2>\t\t\t\t<\/div>\n\t\t\t\t<\/div>\n\t\t\t\t\t<\/div>\n\t\t<\/div>\n\t\t\t\t<div class=\"elementor-column elementor-col-50 elementor-top-column elementor-element elementor-element-633f7cd6\" data-id=\"633f7cd6\" data-element_type=\"column\" data-e-type=\"column\">\n\t\t\t<div class=\"elementor-widget-wrap\">\n\t\t\t\t\t\t\t<\/div>\n\t\t<\/div>\n\t\t\t\t\t<\/div>\n\t\t<\/section>\n\t\t\t\t<section class=\"elementor-section elementor-top-section elementor-element elementor-element-4cbc04a9 elementor-section-full_width elementor-section-height-default elementor-section-height-default\" data-id=\"4cbc04a9\" data-element_type=\"section\" data-e-type=\"section\">\n\t\t\t\t\t\t<div class=\"elementor-container elementor-column-gap-default\">\n\t\t\t\t\t<div class=\"elementor-column elementor-col-100 elementor-top-column elementor-element elementor-element-7571b972\" data-id=\"7571b972\" data-element_type=\"column\" data-e-type=\"column\">\n\t\t\t<div class=\"elementor-widget-wrap elementor-element-populated\">\n\t\t\t\t\t\t<section class=\"elementor-section elementor-inner-section elementor-element elementor-element-1032eeb0 elementor-section-full_width elementor-section-height-default elementor-section-height-default\" data-id=\"1032eeb0\" data-element_type=\"section\" data-e-type=\"section\">\n\t\t\t\t\t\t<div class=\"elementor-container elementor-column-gap-wide\">\n\t\t\t\t\t<div class=\"elementor-column elementor-col-50 elementor-inner-column elementor-element elementor-element-42aa5169\" data-id=\"42aa5169\" data-element_type=\"column\" data-e-type=\"column\">\n\t\t\t<div class=\"elementor-widget-wrap elementor-element-populated\">\n\t\t\t\t<!-- dce invisible element 6bf6ce71 -->\t\t<div class=\"elementor-element elementor-element-1343f010 elementor-widget elementor-widget-heading\" data-id=\"1343f010\" data-element_type=\"widget\" data-e-type=\"widget\" data-widget_type=\"heading.default\">\n\t\t\t\t<div class=\"elementor-widget-container\">\n\t\t\t\t\t<h5 class=\"elementor-heading-title elementor-size-default\">1. Sunset and sunrise and the SERA definition of night<\/h5>\t\t\t\t<\/div>\n\t\t\t\t<\/div>\n\t\t\t\t<div class=\"elementor-element elementor-element-55f7e1a7 elementor-widget elementor-widget-shortcode\" data-id=\"55f7e1a7\" data-element_type=\"widget\" data-e-type=\"widget\" data-widget_type=\"shortcode.default\">\n\t\t\t\t<div class=\"elementor-widget-container\">\n\t\t\t\t\t\t\t<div class=\"elementor-shortcode\"><table><tbody><tr><td>Finnish time today, 15.04.2026<\/br><b> - Night ends: 04:39<\/br> - Sunrise: 05:37<\/br> - Sunset: 20:51<\/br> - Night begins: 21:49<\/br><\/b><\/td>\r\n<td> Times tomorrow <\/br><b> - Night ends tomorrow: 04:34<\/br> - Sunrise tomorrow: 05:34<\/br> - sunset tomorrow: 20:54<\/br> - Night begins tomorrow: 21:53<\/b><\/td><\/tr><\/tbody><\/table><\/div>\n\t\t\t\t\t\t<\/div>\n\t\t\t\t<\/div>\n\t\t\t\t<div class=\"elementor-element elementor-element-19ee8688 elementor-widget elementor-widget-heading\" data-id=\"19ee8688\" data-element_type=\"widget\" data-e-type=\"widget\" data-widget_type=\"heading.default\">\n\t\t\t\t<div class=\"elementor-widget-container\">\n\t\t\t\t\t<h5 class=\"elementor-heading-title elementor-size-default\">2. General information:<\/h5>\t\t\t\t<\/div>\n\t\t\t\t<\/div>\n\t\t\t\t<div class=\"elementor-element elementor-element-6eabd929 elementor-widget elementor-widget-text-editor\" data-id=\"6eabd929\" data-element_type=\"widget\" data-e-type=\"widget\" data-widget_type=\"text-editor.default\">\n\t\t\t\t<div class=\"elementor-widget-container\">\n\t\t\t\t\t\t\t\t\t<p>An airfield in excellent condition, also serving as a base for the Finnish Air Force, with a very large runway. All installations and equipment are in very good condition, and the runway certainly is large enough for all activities. For this type of field there is also an unusually large parking area. For lodgers there is a new, large building in very good condition, comprising numerous rooms, a kitchen\/living room, a sauna, a classroom, and a grill awning. In the kitchen there is a refrigerator and cooking amenities. In the summer there is gliding activity by the Oulun Ilmailukerho Oulu Flying Club, and the Air Force also has training sessions from time to time. In the winter the field is closed.<\/p>\n\t\t\t\t\t\t\t\t<\/div>\n\t\t\t\t<\/div>\n\t\t\t\t<div class=\"elementor-element elementor-element-f797461 elementor-widget elementor-widget-heading\" data-id=\"f797461\" data-element_type=\"widget\" data-e-type=\"widget\" data-widget_type=\"heading.default\">\n\t\t\t\t<div class=\"elementor-widget-container\">\n\t\t\t\t\t<h5 class=\"elementor-heading-title elementor-size-default\">3.  Price Information:<\/h5>\t\t\t\t<\/div>\n\t\t\t\t<\/div>\n\t\t\t\t<div class=\"elementor-element elementor-element-12bde7a6 elementor-widget elementor-widget-text-editor\" data-id=\"12bde7a6\" data-element_type=\"widget\" data-e-type=\"widget\" data-widget_type=\"text-editor.default\">\n\t\t\t\t<div class=\"elementor-widget-container\">\n\t\t\t\t\t\t\t\t\t<p>NIL<\/p>\n\t\t\t\t\t\t\t\t<\/div>\n\t\t\t\t<\/div>\n\t\t\t\t<div class=\"elementor-element elementor-element-7829ae02 elementor-widget elementor-widget-heading\" data-id=\"7829ae02\" data-element_type=\"widget\" data-e-type=\"widget\" data-widget_type=\"heading.default\">\n\t\t\t\t<div class=\"elementor-widget-container\">\n\t\t\t\t\t<h5 class=\"elementor-heading-title elementor-size-default\">4. The Airport:<\/h5>\t\t\t\t<\/div>\n\t\t\t\t<\/div>\n\t\t\t\t<div class=\"elementor-element elementor-element-4676d75f elementor-widget elementor-widget-text-editor\" data-id=\"4676d75f\" data-element_type=\"widget\" data-e-type=\"widget\" data-widget_type=\"text-editor.default\">\n\t\t\t\t<div class=\"elementor-widget-container\">\n\t\t\t\t\t\t\t\t\t<p>The airfield is in excellent condition both regarding the runway, taxiway, and parking area. All installations are in excellent condition.<\/p>\n\t\t\t\t\t\t\t\t<\/div>\n\t\t\t\t<\/div>\n\t\t\t\t<div class=\"elementor-element elementor-element-3e452ef1 elementor-widget elementor-widget-heading\" data-id=\"3e452ef1\" data-element_type=\"widget\" data-e-type=\"widget\" data-widget_type=\"heading.default\">\n\t\t\t\t<div class=\"elementor-widget-container\">\n\t\t\t\t\t<h5 class=\"elementor-heading-title elementor-size-default\">5. Basic data:<\/h5>\t\t\t\t<\/div>\n\t\t\t\t<\/div>\n\t\t\t\t<div class=\"elementor-element elementor-element-b52a48b elementor-widget elementor-widget-text-editor\" data-id=\"b52a48b\" data-element_type=\"widget\" data-e-type=\"widget\" data-widget_type=\"text-editor.default\">\n\t\t\t\t<div class=\"elementor-widget-container\">\n\t\t\t\t\t\t\t\t\t<p><strong>Coordinates:<\/strong> 652408N 0265649E<br \/>\n<strong>Runway:<\/strong> 08\/26 \u2013 1990 x 45 m \u2013 asphalt<br \/>\n<strong>LDA:<\/strong> 08: 1990 m, 26: 1990 m<br \/>\n<strong>Radio Frequency:<\/strong> 123,200<br \/>\n<strong>Airport elevation:<\/strong> 121 m (397 ft)<br \/>\n<strong>Fuel Availablility:<\/strong> 100LL pay cards and Kanair card, for more information call \u00a0Marko Ojala, 040 5160 420<br \/>\n    <div id=\"airport-efpu\">Loading&#8230;<\/div>\r\n\r\n    <script>\r\n      function displayAirportData(airportCode) {\r\n        fetch(\"https:\/\/jtjuslin.kapsi.fi\/kananen\/fuelprices.php\")\r\n          .then((response) => response.json())\r\n          .then((jsonData) => {\r\n            let data = jsonData.airportList;\r\n            let airportData = data.find(\r\n              (item) =>\r\n                item.airportCode.toUpperCase() === airportCode.toUpperCase()\r\n            );\r\n\r\n            if (airportData) {\r\n              let pouserStatusDisplay =\r\n                airportData.pouserStatus === \"OK\"\r\n                  ? `<span class=\"status-ok\">${airportData.pouserStatus}<\/span>`\r\n                  : `<span class=\"status-not-ok\">${airportData.pouserStatus}<\/span>`;\r\n              let fuelPrices = airportData.fuelPrices;\r\n              let fuelPriceInfo = Object.entries(fuelPrices)\r\n                .filter(([_, price]) => price !== \"NA\")\r\n                .map(([fuelType, price]) => `${fuelType}: ${price} \u20ac`)\r\n                .join(\", \");\r\n\r\n              document.getElementById(\r\n                `airport-${airportCode.toLowerCase()}`\r\n              ).innerHTML = `\r\n                            <strong>Kanair:<\/strong> Fuel Status - ${pouserStatusDisplay} <br>\r\n                            <strong>Price:<\/strong> ${fuelPriceInfo}\r\n                        `;\r\n            } else {\r\n              document.getElementById(\r\n                `airport-${airportCode.toLowerCase()}`\r\n              ).textContent = \"Airport data not found.\";\r\n            }\r\n          })\r\n          .catch((error) => console.error(\"Error fetching data:\", error));\r\n      }\r\n\r\n      displayAirportData(\"EFPU\");\r\n    <\/script><br \/>\n<strong>Note:<\/strong> Towplane may also make right hand landing approach to RWY 26.<br \/>\n<strong>Announcements:<\/strong>\u00a0<a class=\"popup\" href=\"https:\/\/lentopaikat.fi\/notam\/notam.php?a=EFPU\" data-width=\"500\" data-height=\"600\" data-scrollbars=\"1\">NOTAM<\/a><\/p>\n\t\t\t\t\t\t\t\t<\/div>\n\t\t\t\t<\/div>\n\t\t\t\t<div class=\"elementor-element elementor-element-36ddafae elementor-widget elementor-widget-heading\" data-id=\"36ddafae\" data-element_type=\"widget\" data-e-type=\"widget\" data-widget_type=\"heading.default\">\n\t\t\t\t<div class=\"elementor-widget-container\">\n\t\t\t\t\t<h5 class=\"elementor-heading-title elementor-size-default\"> 6. Sight seeing and services<\/h5>\t\t\t\t<\/div>\n\t\t\t\t<\/div>\n\t\t\t\t<div class=\"elementor-element elementor-element-504140ce elementor-widget elementor-widget-text-editor\" data-id=\"504140ce\" data-element_type=\"widget\" data-e-type=\"widget\" data-widget_type=\"text-editor.default\">\n\t\t\t\t<div class=\"elementor-widget-container\">\n\t\t\t\t\t\t\t\t\t<p>Nearest restaurants in Pudasj\u00e4rvi town some five kilometres from the field.<\/p>\n\t\t\t\t\t\t\t\t<\/div>\n\t\t\t\t<\/div>\n\t\t\t\t<div class=\"elementor-element elementor-element-29d0fb8b elementor-widget elementor-widget-heading\" data-id=\"29d0fb8b\" data-element_type=\"widget\" data-e-type=\"widget\" data-widget_type=\"heading.default\">\n\t\t\t\t<div class=\"elementor-widget-container\">\n\t\t\t\t\t<h5 class=\"elementor-heading-title elementor-size-default\">7. Contact information:<\/h5>\t\t\t\t<\/div>\n\t\t\t\t<\/div>\n\t\t\t\t<div class=\"elementor-element elementor-element-5e3e819b elementor-widget elementor-widget-text-editor\" data-id=\"5e3e819b\" data-element_type=\"widget\" data-e-type=\"widget\" data-widget_type=\"text-editor.default\">\n\t\t\t\t<div class=\"elementor-widget-container\">\n\t\t\t\t\t\t\t\t\t<p>Airport Chief: Pekka Pitk\u00e4nen<br \/>\nPhone: +358 (0)50 4441 044<br \/>\nAddress: Pudasj\u00e4rven kaupunki \/ tekninen toimi PL 10 (Varsitie 7)<br \/>\nEmail:\u00a0<span id=\"wpmt-565961-458584\">pekka.pitkanen@pudasjarvi.fi<\/span><br \/>\nTaxi +358 8 821 444<\/p>\n\t\t\t\t\t\t\t\t<\/div>\n\t\t\t\t<\/div>\n\t\t\t\t<div class=\"elementor-element elementor-element-24bd4fd9 elementor-widget elementor-widget-heading\" data-id=\"24bd4fd9\" data-element_type=\"widget\" data-e-type=\"widget\" data-widget_type=\"heading.default\">\n\t\t\t\t<div class=\"elementor-widget-container\">\n\t\t\t\t\t<h5 class=\"elementor-heading-title elementor-size-default\">8.  Links:<\/h5>\t\t\t\t<\/div>\n\t\t\t\t<\/div>\n\t\t\t\t<div class=\"elementor-element elementor-element-18f0ee5a elementor-widget elementor-widget-text-editor\" data-id=\"18f0ee5a\" data-element_type=\"widget\" data-e-type=\"widget\" data-widget_type=\"text-editor.default\">\n\t\t\t\t<div class=\"elementor-widget-container\">\n\t\t\t\t\t\t\t\t\t<ul>\n<li><a href=\"http:\/\/www.oulunilmailukerho.fi\/\" target=\"_blank\" rel=\"noopener noreferrer\">Oulun Ilmailukerho ry Oulu Flying Club<\/a><\/li>\n<li><a href=\"http:\/\/www.puik.fi\/\" target=\"_blank\" rel=\"noopener noreferrer\">Pudasj\u00e4rven Ilmailukerho ry Pudasj\u00e4rvi Flying Club<\/a><\/li>\n<li><a href=\"https:\/\/en.ilmatieteenlaitos.fi\/observations-in-finland?station=101805\" target=\"_blank\" rel=\"noopener\">Pudasj\u00e4rvi weather<\/a><\/li>\n<\/ul>\n\t\t\t\t\t\t\t\t<\/div>\n\t\t\t\t<\/div>\n\t\t\t\t<div class=\"elementor-element elementor-element-1af5f109 elementor-widget elementor-widget-heading\" data-id=\"1af5f109\" data-element_type=\"widget\" data-e-type=\"widget\" data-widget_type=\"heading.default\">\n\t\t\t\t<div class=\"elementor-widget-container\">\n\t\t\t\t\t<h5 class=\"elementor-heading-title elementor-size-default\">9. Map<\/h5>\t\t\t\t<\/div>\n\t\t\t\t<\/div>\n\t\t\t\t<div class=\"elementor-element elementor-element-dcb0028 elementor-widget elementor-widget-google_maps\" data-id=\"dcb0028\" data-element_type=\"widget\" data-e-type=\"widget\" data-widget_type=\"google_maps.default\">\n\t\t\t\t<div class=\"elementor-widget-container\">\n\t\t\t\t\t\t\t<div class=\"elementor-custom-embed\">\n\t\t\t<iframe loading=\"lazy\"\n\t\t\t\t\tsrc=\"https:\/\/www.google.com\/maps\/embed\/v1\/place?key=AIzaSyC1j1iK8FQx51JcFwNxcbaAudBg3BxuVow&#038;q=Pudasj%C3%A4rven%20lentokentt%C3%A4&#038;zoom=13\"\n\t\t\t\t\ttitle=\"Pudasj\u00e4rven lentokentt\u00e4\"\n\t\t\t\t\taria-label=\"Pudasj\u00e4rven lentokentt\u00e4\"\n\t\t\t><\/iframe>\n\t\t<\/div>\n\t\t\t\t\t\t<\/div>\n\t\t\t\t<\/div>\n\t\t\t\t\t<\/div>\n\t\t<\/div>\n\t\t\t\t<div class=\"elementor-column elementor-col-50 elementor-inner-column elementor-element elementor-element-69a32c01\" data-id=\"69a32c01\" data-element_type=\"column\" data-e-type=\"column\">\n\t\t\t<div class=\"elementor-widget-wrap elementor-element-populated\">\n\t\t\t\t\t\t<div class=\"elementor-element elementor-element-1a326506 elementor-widget elementor-widget-image\" data-id=\"1a326506\" data-element_type=\"widget\" data-e-type=\"widget\" data-widget_type=\"image.default\">\n\t\t\t\t<div class=\"elementor-widget-container\">\n\t\t\t\t\t\t\t\t\t\t\t\t<figure class=\"wp-caption\">\n\t\t\t\t\t\t\t\t\t\t\t<a href=\"https:\/\/lentopaikat.fi\/wp-content\/uploads\/efpu.gif\" data-elementor-open-lightbox=\"yes\" data-elementor-lightbox-title=\"efpu\" data-e-action-hash=\"#elementor-action%3Aaction%3Dlightbox%26settings%3DeyJpZCI6MzUwNDYsInVybCI6Imh0dHBzOlwvXC9sZW50b3BhaWthdC5maVwvd3AtY29udGVudFwvdXBsb2Fkc1wvZWZwdS5naWYifQ%3D%3D\">\n\t\t\t\t\t\t\t<img fetchpriority=\"high\" decoding=\"async\" width=\"200\" height=\"352\" src=\"https:\/\/lentopaikat.fi\/wp-content\/uploads\/efpu.gif\" class=\"attachment-large size-large wp-image-35046\" alt=\"\" \/>\t\t\t\t\t\t\t\t<\/a>\n\t\t\t\t\t\t\t\t\t\t\t<figcaption class=\"widget-image-caption wp-caption-text\"><\/figcaption>\n\t\t\t\t\t\t\t\t\t\t<\/figure>\n\t\t\t\t\t\t\t\t\t<\/div>\n\t\t\t\t<\/div>\n\t\t\t\t<div class=\"elementor-element elementor-element-25c58e9a elementor-widget elementor-widget-image\" data-id=\"25c58e9a\" data-element_type=\"widget\" data-e-type=\"widget\" data-widget_type=\"image.default\">\n\t\t\t\t<div class=\"elementor-widget-container\">\n\t\t\t\t\t\t\t\t\t\t\t\t<figure class=\"wp-caption\">\n\t\t\t\t\t\t\t\t\t\t\t<a href=\"https:\/\/lentopaikat.fi\/wp-content\/uploads\/EFPU_LDG-1.pdf\" target=\"_blank\">\n\t\t\t\t\t\t\t<img decoding=\"async\" width=\"704\" height=\"1024\" src=\"https:\/\/lentopaikat.fi\/wp-content\/uploads\/EFPU_LDG-1-704x1024.jpg\" class=\"attachment-large size-large wp-image-35048\" alt=\"\" srcset=\"https:\/\/lentopaikat.fi\/wp-content\/uploads\/EFPU_LDG-1-704x1024.jpg 704w, https:\/\/lentopaikat.fi\/wp-content\/uploads\/EFPU_LDG-1-206x300.jpg 206w, https:\/\/lentopaikat.fi\/wp-content\/uploads\/EFPU_LDG-1-768x1118.jpg 768w, https:\/\/lentopaikat.fi\/wp-content\/uploads\/EFPU_LDG-1-1056x1536.jpg 1056w, https:\/\/lentopaikat.fi\/wp-content\/uploads\/EFPU_LDG-1-1407x2048.jpg 1407w, https:\/\/lentopaikat.fi\/wp-content\/uploads\/EFPU_LDG-1-8x12.jpg 8w, https:\/\/lentopaikat.fi\/wp-content\/uploads\/EFPU_LDG-1.jpg 1659w\" sizes=\"(max-width: 704px) 100vw, 704px\" \/>\t\t\t\t\t\t\t\t<\/a>\n\t\t\t\t\t\t\t\t\t\t\t<figcaption class=\"widget-image-caption wp-caption-text\">LDG CHART, CLICK ON PICTURE TO OPEN PDF DOCUMENT<\/figcaption>\n\t\t\t\t\t\t\t\t\t\t<\/figure>\n\t\t\t\t\t\t\t\t\t<\/div>\n\t\t\t\t<\/div>\n\t\t<div class=\"elementor-element elementor-element-6ad26276 e-flex e-con-boxed e-con e-parent\" data-id=\"6ad26276\" data-element_type=\"container\" data-e-type=\"container\">\n\t\t\t\t\t<div class=\"e-con-inner\">\n\t\t\t\t<div class=\"elementor-element elementor-element-4391d7e9 elementor-arrows-position-inside elementor-widget elementor-widget-image-carousel\" data-id=\"4391d7e9\" data-element_type=\"widget\" data-e-type=\"widget\" data-settings=\"{&quot;slides_to_show&quot;:&quot;1&quot;,&quot;navigation&quot;:&quot;arrows&quot;,&quot;speed&quot;:900,&quot;autoplay&quot;:&quot;yes&quot;,&quot;pause_on_hover&quot;:&quot;yes&quot;,&quot;pause_on_interaction&quot;:&quot;yes&quot;,&quot;autoplay_speed&quot;:5000,&quot;infinite&quot;:&quot;yes&quot;,&quot;effect&quot;:&quot;slide&quot;}\" data-widget_type=\"image-carousel.default\">\n\t\t\t\t<div class=\"elementor-widget-container\">\n\t\t\t\t\t\t\t<div class=\"elementor-image-carousel-wrapper swiper\" role=\"region\" aria-roledescription=\"carousel\" aria-label=\"Image Carousel\" dir=\"ltr\">\n\t\t\t<div class=\"elementor-image-carousel swiper-wrapper swiper-image-stretch\" aria-live=\"off\">\n\t\t\t\t\t\t\t\t<div class=\"swiper-slide\" role=\"group\" aria-roledescription=\"slide\" aria-label=\"1 of 2\"><a data-elementor-open-lightbox=\"yes\" data-elementor-lightbox-slideshow=\"4391d7e9\" data-elementor-lightbox-title=\"efpu_air\" data-elementor-lightbox-description=\"Pudasj\u00e4rven kentt\u00e4 ilmasta k\u00e4sin kent\u00e4n it\u00e4p\u00e4\u00e4st\u00e4 n\u00e4htyn\u00e4. Kuva Jari Kaija. (Klikkaa suureksi)\" data-e-action-hash=\"#elementor-action%3Aaction%3Dlightbox%26settings%3DeyJpZCI6MzUwNDcsInVybCI6Imh0dHBzOlwvXC9sZW50b3BhaWthdC5maVwvd3AtY29udGVudFwvdXBsb2Fkc1wvZWZwdV9haXIuanBnIiwic2xpZGVzaG93IjoiNDM5MWQ3ZTkifQ%3D%3D\" href=\"https:\/\/lentopaikat.fi\/wp-content\/uploads\/efpu_air.jpg\"><figure class=\"swiper-slide-inner\"><img decoding=\"async\" class=\"swiper-slide-image\" src=\"https:\/\/lentopaikat.fi\/wp-content\/uploads\/efpu_air.jpg\" alt=\"Pudasj\u00e4rven kentt\u00e4 ilmasta k\u00e4sin kent\u00e4n it\u00e4p\u00e4\u00e4st\u00e4 n\u00e4htyn\u00e4. Kuva Jari Kaija. (Klikkaa suureksi)\" \/><figcaption class=\"elementor-image-carousel-caption\">Pudasj\u00e4rven kentt\u00e4 ilmasta k\u00e4sin kent\u00e4n it\u00e4p\u00e4\u00e4st\u00e4 n\u00e4htyn\u00e4. Kuva Jari Kaija. (Klikkaa suureksi)<\/figcaption><\/figure><\/a><\/div><div class=\"swiper-slide\" role=\"group\" aria-roledescription=\"slide\" aria-label=\"2 of 2\"><a data-elementor-open-lightbox=\"yes\" data-elementor-lightbox-slideshow=\"4391d7e9\" data-elementor-lightbox-title=\"efpu_platta\" data-elementor-lightbox-description=\"PUDASJ\u00c4RVEN SEISONTA-ALUEELLA 2.8.2005. KUVASSA ILMAVOIMIEN MUISTOMERKKI, MAJOITUSRAKENNUS SEK\u00c4 PAIKALLISTA KALUSTOA. KUVA PEKKA LEHTINEN. (KLIKKAA SUUREKSI)\" data-e-action-hash=\"#elementor-action%3Aaction%3Dlightbox%26settings%3DeyJpZCI6MzUwNTAsInVybCI6Imh0dHBzOlwvXC9sZW50b3BhaWthdC5maVwvd3AtY29udGVudFwvdXBsb2Fkc1wvZWZwdV9wbGF0dGEuanBnIiwic2xpZGVzaG93IjoiNDM5MWQ3ZTkifQ%3D%3D\" href=\"https:\/\/lentopaikat.fi\/wp-content\/uploads\/efpu_platta.jpg\"><figure class=\"swiper-slide-inner\"><img decoding=\"async\" class=\"swiper-slide-image\" src=\"https:\/\/lentopaikat.fi\/wp-content\/uploads\/efpu_platta.jpg\" alt=\"PUDASJ\u00c4RVEN SEISONTA-ALUEELLA 2.8.2005. KUVASSA ILMAVOIMIEN MUISTOMERKKI, MAJOITUSRAKENNUS SEK\u00c4 PAIKALLISTA KALUSTOA. KUVA PEKKA LEHTINEN. (KLIKKAA SUUREKSI)\" \/><figcaption class=\"elementor-image-carousel-caption\">PUDASJ\u00c4RVEN SEISONTA-ALUEELLA 2.8.2005. KUVASSA ILMAVOIMIEN MUISTOMERKKI, MAJOITUSRAKENNUS SEK\u00c4 PAIKALLISTA KALUSTOA. KUVA PEKKA LEHTINEN. (KLIKKAA SUUREKSI)<\/figcaption><\/figure><\/a><\/div>\t\t\t<\/div>\n\t\t\t\t\t\t\t\t\t\t\t\t<div class=\"elementor-swiper-button elementor-swiper-button-prev\" role=\"button\" tabindex=\"0\">\n\t\t\t\t\t\t<i aria-hidden=\"true\" class=\"eicon-chevron-left\"><\/i>\t\t\t\t\t<\/div>\n\t\t\t\t\t<div class=\"elementor-swiper-button elementor-swiper-button-next\" role=\"button\" tabindex=\"0\">\n\t\t\t\t\t\t<i aria-hidden=\"true\" class=\"eicon-chevron-right\"><\/i>\t\t\t\t\t<\/div>\n\t\t\t\t\n\t\t\t\t\t\t\t\t\t<\/div>\n\t\t\t\t\t\t<\/div>\n\t\t\t\t<\/div>\n\t\t\t\t\t<\/div>\n\t\t\t\t<\/div>\n\t\t\t\t\t<\/div>\n\t\t<\/div>\n\t\t\t\t\t<\/div>\n\t\t<\/section>\n\t\t\t\t\t<\/div>\n\t\t<\/div>\n\t\t\t\t\t<\/div>\n\t\t<\/section>\n\t\t\t\t<\/div>\n\t\t","protected":false},"excerpt":{"rendered":"<p>Pudasj\u00e4rvi &#8211; EFPU Warning! T\u00e4m\u00e4 on ns, &#8220;k\u00f6yh\u00e4n miehen NOTAM&#8221; eli t\u00e4ll\u00e4 voi varoittaa kent\u00e4ll\u00e4 tapahtuvasta poikkeavasta toiminnasta. T\u00e4m\u00e4 ilmoitus on ajastettavissa ja n\u00e4kyy vain silloin kun on jotain varoitettaavaa Varoitus ei ole suljettavissaT\u00e4m\u00e4n aikaa voi s\u00e4\u00e4t\u00e4 vasemmalta Visibility v\u00e4lilehdest\u00e4 1. Sunset and sunrise and the SERA definition of night 2. General information: An airfield [&hellip;]<\/p>\n","protected":false},"author":1,"featured_media":0,"parent":0,"menu_order":0,"comment_status":"closed","ping_status":"closed","template":"","meta":{"inline_featured_image":false,"_lmt_disableupdate":"","_lmt_disable":"","footnotes":""},"class_list":["post-36250","page","type-page","status-publish","hentry"],"_links":{"self":[{"href":"https:\/\/lentopaikat.fi\/en\/wp-json\/wp\/v2\/pages\/36250","targetHints":{"allow":["GET"]}}],"collection":[{"href":"https:\/\/lentopaikat.fi\/en\/wp-json\/wp\/v2\/pages"}],"about":[{"href":"https:\/\/lentopaikat.fi\/en\/wp-json\/wp\/v2\/types\/page"}],"author":[{"embeddable":true,"href":"https:\/\/lentopaikat.fi\/en\/wp-json\/wp\/v2\/users\/1"}],"replies":[{"embeddable":true,"href":"https:\/\/lentopaikat.fi\/en\/wp-json\/wp\/v2\/comments?post=36250"}],"version-history":[{"count":0,"href":"https:\/\/lentopaikat.fi\/en\/wp-json\/wp\/v2\/pages\/36250\/revisions"}],"wp:attachment":[{"href":"https:\/\/lentopaikat.fi\/en\/wp-json\/wp\/v2\/media?parent=36250"}],"curies":[{"name":"wp","href":"https:\/\/api.w.org\/{rel}","templated":true}]}}