{"id":36239,"date":"2022-11-17T23:49:22","date_gmt":"2022-11-17T21:49:22","guid":{"rendered":"https:\/\/lentopaikat.fi\/pokka-efpa\/"},"modified":"2022-11-17T23:52:42","modified_gmt":"2022-11-17T21:52:42","slug":"pokka-efpa","status":"publish","type":"page","link":"https:\/\/lentopaikat.fi\/en\/pokka-efpa\/","title":{"rendered":"Pokka &#8211; EFPA"},"content":{"rendered":"\t\t<div data-elementor-type=\"wp-page\" data-elementor-id=\"36239\" class=\"elementor elementor-36239 elementor-36230\" data-elementor-post-type=\"page\">\n\t\t\t\t\t\t<section class=\"elementor-section elementor-top-section elementor-element elementor-element-463c2548 elementor-section-height-min-height elementor-section-full_width elementor-section-height-default elementor-section-items-middle\" data-id=\"463c2548\" data-element_type=\"section\" data-e-type=\"section\" data-settings=\"{&quot;background_background&quot;:&quot;classic&quot;}\">\n\t\t\t\t\t\t\t<div class=\"elementor-background-overlay\"><\/div>\n\t\t\t\t\t\t\t<div class=\"elementor-container elementor-column-gap-default\">\n\t\t\t\t\t<div class=\"elementor-column elementor-col-50 elementor-top-column elementor-element elementor-element-57cbc1b0\" data-id=\"57cbc1b0\" data-element_type=\"column\" data-e-type=\"column\">\n\t\t\t<div class=\"elementor-widget-wrap elementor-element-populated\">\n\t\t\t\t\t\t<div class=\"elementor-element elementor-element-15c77c05 elementor-widget elementor-widget-heading\" data-id=\"15c77c05\" data-element_type=\"widget\" data-e-type=\"widget\" data-widget_type=\"heading.default\">\n\t\t\t\t<div class=\"elementor-widget-container\">\n\t\t\t\t\t<h2 class=\"elementor-heading-title elementor-size-default\">Pokka - EFPA<\/h2>\t\t\t\t<\/div>\n\t\t\t\t<\/div>\n\t\t\t\t\t<\/div>\n\t\t<\/div>\n\t\t\t\t<div class=\"elementor-column elementor-col-50 elementor-top-column elementor-element elementor-element-6e271894\" data-id=\"6e271894\" data-element_type=\"column\" data-e-type=\"column\">\n\t\t\t<div class=\"elementor-widget-wrap\">\n\t\t\t\t\t\t\t<\/div>\n\t\t<\/div>\n\t\t\t\t\t<\/div>\n\t\t<\/section>\n\t\t\t\t<section class=\"elementor-section elementor-top-section elementor-element elementor-element-39e2b8b1 elementor-section-full_width elementor-section-height-default elementor-section-height-default\" data-id=\"39e2b8b1\" data-element_type=\"section\" data-e-type=\"section\">\n\t\t\t\t\t\t<div class=\"elementor-container elementor-column-gap-default\">\n\t\t\t\t\t<div class=\"elementor-column elementor-col-100 elementor-top-column elementor-element elementor-element-7e89d4a3\" data-id=\"7e89d4a3\" data-element_type=\"column\" data-e-type=\"column\">\n\t\t\t<div class=\"elementor-widget-wrap elementor-element-populated\">\n\t\t\t\t\t\t<section class=\"elementor-section elementor-inner-section elementor-element elementor-element-3e1866a3 elementor-section-full_width elementor-section-height-default elementor-section-height-default\" data-id=\"3e1866a3\" data-element_type=\"section\" data-e-type=\"section\">\n\t\t\t\t\t\t<div class=\"elementor-container elementor-column-gap-wide\">\n\t\t\t\t\t<div class=\"elementor-column elementor-col-50 elementor-inner-column elementor-element elementor-element-12d387f4\" data-id=\"12d387f4\" data-element_type=\"column\" data-e-type=\"column\">\n\t\t\t<div class=\"elementor-widget-wrap elementor-element-populated\">\n\t\t\t\t<!-- dce invisible element 5acfba96 -->\t\t<div class=\"elementor-element elementor-element-daff564 elementor-widget elementor-widget-heading\" data-id=\"daff564\" data-element_type=\"widget\" data-e-type=\"widget\" data-widget_type=\"heading.default\">\n\t\t\t\t<div class=\"elementor-widget-container\">\n\t\t\t\t\t<h5 class=\"elementor-heading-title elementor-size-default\">1. Sunset and sunrise and the SERA definition of night<\/h5>\t\t\t\t<\/div>\n\t\t\t\t<\/div>\n\t\t\t\t<div class=\"elementor-element elementor-element-49f10f63 elementor-widget elementor-widget-shortcode\" data-id=\"49f10f63\" data-element_type=\"widget\" data-e-type=\"widget\" data-widget_type=\"shortcode.default\">\n\t\t\t\t<div class=\"elementor-widget-container\">\n\t\t\t\t\t\t\t<div class=\"elementor-shortcode\"><table><tbody><tr><td>Finnish time today, 20.04.2026<\/br><b> - Night ends: 03:48<\/br> - Sunrise: 05:04<\/br> - Sunset: 21:30<\/br> - Night begins: 22:47<\/br><\/b><\/td>\r\n<td> Times tomorrow <\/br><b> - Night ends tomorrow: 03:42<\/br> - Sunrise tomorrow: 05:00<\/br> - sunset tomorrow: 21:34<\/br> - Night begins tomorrow: 22:53<\/b><\/td><\/tr><\/tbody><\/table><\/div>\n\t\t\t\t\t\t<\/div>\n\t\t\t\t<\/div>\n\t\t\t\t<div class=\"elementor-element elementor-element-19e56ed9 elementor-widget elementor-widget-heading\" data-id=\"19e56ed9\" data-element_type=\"widget\" data-e-type=\"widget\" data-widget_type=\"heading.default\">\n\t\t\t\t<div class=\"elementor-widget-container\">\n\t\t\t\t\t<h5 class=\"elementor-heading-title elementor-size-default\">2. General information:<\/h5>\t\t\t\t<\/div>\n\t\t\t\t<\/div>\n\t\t\t\t<div class=\"elementor-element elementor-element-373ff39 elementor-widget elementor-widget-text-editor\" data-id=\"373ff39\" data-element_type=\"widget\" data-e-type=\"widget\" data-widget_type=\"text-editor.default\">\n\t\t\t\t<div class=\"elementor-widget-container\">\n\t\t\t\t\t\t\t\t\t<p>Airfield with an oil-gravel runway in good condition. Sparsely used , situated in the middle of Lapland in the Pokka village. At the very southern end of the field there is a small parking area, with a small accommodation cabin and an outdoor fireplace nearby. The runway is surrounded by a barren heath, there are no significant obstructions near the edges of the runway. The distance to the Pokka village is some 3 kilometres. It is advisable to watch for reindeer during landing. By ordering in advance 98E fuel is available at the Tieva bar.<\/p>\n\t\t\t\t\t\t\t\t<\/div>\n\t\t\t\t<\/div>\n\t\t\t\t<div class=\"elementor-element elementor-element-68992336 elementor-widget elementor-widget-heading\" data-id=\"68992336\" data-element_type=\"widget\" data-e-type=\"widget\" data-widget_type=\"heading.default\">\n\t\t\t\t<div class=\"elementor-widget-container\">\n\t\t\t\t\t<h5 class=\"elementor-heading-title elementor-size-default\">3.  Price Information:<\/h5>\t\t\t\t<\/div>\n\t\t\t\t<\/div>\n\t\t\t\t<div class=\"elementor-element elementor-element-6b523820 elementor-widget elementor-widget-text-editor\" data-id=\"6b523820\" data-element_type=\"widget\" data-e-type=\"widget\" data-widget_type=\"text-editor.default\">\n\t\t\t\t<div class=\"elementor-widget-container\">\n\t\t\t\t\t\t\t\t\t<p>NIL<\/p>\n\t\t\t\t\t\t\t\t<\/div>\n\t\t\t\t<\/div>\n\t\t\t\t<div class=\"elementor-element elementor-element-62c498ce elementor-widget elementor-widget-heading\" data-id=\"62c498ce\" data-element_type=\"widget\" data-e-type=\"widget\" data-widget_type=\"heading.default\">\n\t\t\t\t<div class=\"elementor-widget-container\">\n\t\t\t\t\t<h5 class=\"elementor-heading-title elementor-size-default\">4. The Airport:<\/h5>\t\t\t\t<\/div>\n\t\t\t\t<\/div>\n\t\t\t\t<div class=\"elementor-element elementor-element-639a7b4c elementor-widget elementor-widget-text-editor\" data-id=\"639a7b4c\" data-element_type=\"widget\" data-e-type=\"widget\" data-widget_type=\"text-editor.default\">\n\t\t\t\t<div class=\"elementor-widget-container\">\n\t\t\t\t\t\t\t\t\t<p>Runway and parking area are in good condition. In the summer of 2011 numerous tufts of grass had grown through the runway. No significant edge obstructions. A lot of loose stones on the runway, so it is advisable to do test runs on the parking area, which is in good condition.<\/p>\n\t\t\t\t\t\t\t\t<\/div>\n\t\t\t\t<\/div>\n\t\t\t\t<div class=\"elementor-element elementor-element-62a98694 elementor-widget elementor-widget-heading\" data-id=\"62a98694\" data-element_type=\"widget\" data-e-type=\"widget\" data-widget_type=\"heading.default\">\n\t\t\t\t<div class=\"elementor-widget-container\">\n\t\t\t\t\t<h5 class=\"elementor-heading-title elementor-size-default\">5. Basic data:<\/h5>\t\t\t\t<\/div>\n\t\t\t\t<\/div>\n\t\t\t\t<div class=\"elementor-element elementor-element-74fd549c elementor-widget elementor-widget-text-editor\" data-id=\"74fd549c\" data-element_type=\"widget\" data-e-type=\"widget\" data-widget_type=\"text-editor.default\">\n\t\t\t\t<div class=\"elementor-widget-container\">\n\t\t\t\t\t\t\t\t\t<p><strong>Coordinates:<\/strong> 680859N 0254950E<br \/>\n<strong>Runway:<\/strong> 16\/34 \u2013 800 x 18 m \u2013 oilgravel<br \/>\n<strong>LDA:<\/strong> 16: 800 m, 34: 800 m<br \/>\n<strong>Radio frequency:<\/strong> 123,150<br \/>\n<strong>Airport elevation:<\/strong> 260 m (853 ft)<br \/>\n<strong>Fuel availability:<\/strong> Fuel not available at the field, 98E obtainable from the Tieva bar by ordering.<br \/>\n<strong>Announcements:\u00a0<\/strong><a class=\"popup\" href=\"https:\/\/lentopaikat.fi\/notam\/notam.php?a=EFPA\" data-width=\"500\" data-height=\"600\" data-scrollbars=\"1\">NOTAM<\/a><\/p>\n\t\t\t\t\t\t\t\t<\/div>\n\t\t\t\t<\/div>\n\t\t\t\t<div class=\"elementor-element elementor-element-371bb86a elementor-widget elementor-widget-heading\" data-id=\"371bb86a\" data-element_type=\"widget\" data-e-type=\"widget\" data-widget_type=\"heading.default\">\n\t\t\t\t<div class=\"elementor-widget-container\">\n\t\t\t\t\t<h5 class=\"elementor-heading-title elementor-size-default\"> 6. Sight seeing and services<\/h5>\t\t\t\t<\/div>\n\t\t\t\t<\/div>\n\t\t\t\t<div class=\"elementor-element elementor-element-51294003 elementor-widget elementor-widget-text-editor\" data-id=\"51294003\" data-element_type=\"widget\" data-e-type=\"widget\" data-widget_type=\"text-editor.default\">\n\t\t\t\t<div class=\"elementor-widget-container\">\n\t\t\t\t\t\t\t\t\t<p>Food and accommodation obtainable at the Tieva bar, 4 kilometres from the field. Possible to order transport from the field to the Tieva bar. Cabin accommodation and restaurant service. Worth visiting: Taatsin seita some 18 kilometres from the field, an old sacrificial site of the Saame people, the original inhabitants of Lapland.<\/p>\n\t\t\t\t\t\t\t\t<\/div>\n\t\t\t\t<\/div>\n\t\t\t\t<div class=\"elementor-element elementor-element-7a3c8f15 elementor-widget elementor-widget-heading\" data-id=\"7a3c8f15\" data-element_type=\"widget\" data-e-type=\"widget\" data-widget_type=\"heading.default\">\n\t\t\t\t<div class=\"elementor-widget-container\">\n\t\t\t\t\t<h5 class=\"elementor-heading-title elementor-size-default\">7. Contact information:<\/h5>\t\t\t\t<\/div>\n\t\t\t\t<\/div>\n\t\t\t\t<div class=\"elementor-element elementor-element-79111cb2 elementor-widget elementor-widget-text-editor\" data-id=\"79111cb2\" data-element_type=\"widget\" data-e-type=\"widget\" data-widget_type=\"text-editor.default\">\n\t\t\t\t<div class=\"elementor-widget-container\">\n\t\t\t\t\t\t\t\t\t<p>Tieva-bar, +358 16 657 635 or +358 50 404 2123.<\/p>\n\t\t\t\t\t\t\t\t<\/div>\n\t\t\t\t<\/div>\n\t\t\t\t<div class=\"elementor-element elementor-element-7e6cf902 elementor-widget elementor-widget-heading\" data-id=\"7e6cf902\" data-element_type=\"widget\" data-e-type=\"widget\" data-widget_type=\"heading.default\">\n\t\t\t\t<div class=\"elementor-widget-container\">\n\t\t\t\t\t<h5 class=\"elementor-heading-title elementor-size-default\">8.  Links:<\/h5>\t\t\t\t<\/div>\n\t\t\t\t<\/div>\n\t\t\t\t<div class=\"elementor-element elementor-element-238533d elementor-widget elementor-widget-text-editor\" data-id=\"238533d\" data-element_type=\"widget\" data-e-type=\"widget\" data-widget_type=\"text-editor.default\">\n\t\t\t\t<div class=\"elementor-widget-container\">\n\t\t\t\t\t\t\t\t\t<ul>\n<li>&#8211;<\/li>\n<\/ul>\n\t\t\t\t\t\t\t\t<\/div>\n\t\t\t\t<\/div>\n\t\t\t\t<div class=\"elementor-element elementor-element-312ff748 elementor-widget elementor-widget-heading\" data-id=\"312ff748\" data-element_type=\"widget\" data-e-type=\"widget\" data-widget_type=\"heading.default\">\n\t\t\t\t<div class=\"elementor-widget-container\">\n\t\t\t\t\t<h5 class=\"elementor-heading-title elementor-size-default\">9. Map<\/h5>\t\t\t\t<\/div>\n\t\t\t\t<\/div>\n\t\t\t\t<div class=\"elementor-element elementor-element-2867ed74 elementor-widget elementor-widget-google_maps\" data-id=\"2867ed74\" data-element_type=\"widget\" data-e-type=\"widget\" data-widget_type=\"google_maps.default\">\n\t\t\t\t<div class=\"elementor-widget-container\">\n\t\t\t\t\t\t\t<div class=\"elementor-custom-embed\">\n\t\t\t<iframe loading=\"lazy\"\n\t\t\t\t\tsrc=\"https:\/\/www.google.com\/maps\/embed\/v1\/place?key=AIzaSyC1j1iK8FQx51JcFwNxcbaAudBg3BxuVow&#038;q=Pokan%20pienlentokentt%C3%A4%20Kittil%C3%A4%2099195%20Kittil%C3%A4&#038;zoom=13\"\n\t\t\t\t\ttitle=\"Pokan pienlentokentt\u00e4 Kittil\u00e4 99195 Kittil\u00e4\"\n\t\t\t\t\taria-label=\"Pokan pienlentokentt\u00e4 Kittil\u00e4 99195 Kittil\u00e4\"\n\t\t\t><\/iframe>\n\t\t<\/div>\n\t\t\t\t\t\t<\/div>\n\t\t\t\t<\/div>\n\t\t\t\t\t<\/div>\n\t\t<\/div>\n\t\t\t\t<div class=\"elementor-column elementor-col-50 elementor-inner-column elementor-element elementor-element-722bd323\" data-id=\"722bd323\" data-element_type=\"column\" data-e-type=\"column\">\n\t\t\t<div class=\"elementor-widget-wrap elementor-element-populated\">\n\t\t\t\t\t\t<div class=\"elementor-element elementor-element-16a8e860 elementor-widget elementor-widget-image\" data-id=\"16a8e860\" data-element_type=\"widget\" data-e-type=\"widget\" data-widget_type=\"image.default\">\n\t\t\t\t<div class=\"elementor-widget-container\">\n\t\t\t\t\t\t\t\t\t\t\t\t<figure class=\"wp-caption\">\n\t\t\t\t\t\t\t\t\t\t\t<a href=\"https:\/\/lentopaikat.fi\/wp-content\/uploads\/efpa.gif\" data-elementor-open-lightbox=\"yes\" data-elementor-lightbox-title=\"efpa\" data-e-action-hash=\"#elementor-action%3Aaction%3Dlightbox%26settings%3DeyJpZCI6MzQ5OTcsInVybCI6Imh0dHBzOlwvXC9sZW50b3BhaWthdC5maVwvd3AtY29udGVudFwvdXBsb2Fkc1wvZWZwYS5naWYifQ%3D%3D\">\n\t\t\t\t\t\t\t<img fetchpriority=\"high\" decoding=\"async\" width=\"200\" height=\"352\" src=\"https:\/\/lentopaikat.fi\/wp-content\/uploads\/efpa.gif\" class=\"attachment-large size-large wp-image-34997\" alt=\"\" \/>\t\t\t\t\t\t\t\t<\/a>\n\t\t\t\t\t\t\t\t\t\t\t<figcaption class=\"widget-image-caption wp-caption-text\"><\/figcaption>\n\t\t\t\t\t\t\t\t\t\t<\/figure>\n\t\t\t\t\t\t\t\t\t<\/div>\n\t\t\t\t<\/div>\n\t\t\t\t<div class=\"elementor-element elementor-element-6bead821 elementor-widget elementor-widget-image\" data-id=\"6bead821\" data-element_type=\"widget\" data-e-type=\"widget\" data-widget_type=\"image.default\">\n\t\t\t\t<div class=\"elementor-widget-container\">\n\t\t\t\t\t\t\t\t\t\t\t\t<figure class=\"wp-caption\">\n\t\t\t\t\t\t\t\t\t\t\t<a href=\"https:\/\/lentopaikat.fi\/wp-content\/uploads\/EFPA_LDG.pdf\" target=\"_blank\">\n\t\t\t\t\t\t\t<img decoding=\"async\" width=\"724\" height=\"1024\" src=\"https:\/\/lentopaikat.fi\/wp-content\/uploads\/EFPA_LDG_v01-scaled-724x1024.jpg\" class=\"attachment-large size-large wp-image-35000\" alt=\"\" srcset=\"https:\/\/lentopaikat.fi\/wp-content\/uploads\/EFPA_LDG_v01-scaled-724x1024.jpg 724w, https:\/\/lentopaikat.fi\/wp-content\/uploads\/EFPA_LDG_v01-scaled-212x300.jpg 212w, https:\/\/lentopaikat.fi\/wp-content\/uploads\/EFPA_LDG_v01-scaled-768x1086.jpg 768w, https:\/\/lentopaikat.fi\/wp-content\/uploads\/EFPA_LDG_v01-scaled-1086x1536.jpg 1086w, https:\/\/lentopaikat.fi\/wp-content\/uploads\/EFPA_LDG_v01-scaled-1448x2048.jpg 1448w, https:\/\/lentopaikat.fi\/wp-content\/uploads\/EFPA_LDG_v01-scaled-8x12.jpg 8w, https:\/\/lentopaikat.fi\/wp-content\/uploads\/EFPA_LDG_v01-scaled.jpg 1810w\" sizes=\"(max-width: 724px) 100vw, 724px\" \/>\t\t\t\t\t\t\t\t<\/a>\n\t\t\t\t\t\t\t\t\t\t\t<figcaption class=\"widget-image-caption wp-caption-text\">LDG CHART, CLICK ON PICTURE TO OPEN PDF DOCUMENT<\/figcaption>\n\t\t\t\t\t\t\t\t\t\t<\/figure>\n\t\t\t\t\t\t\t\t\t<\/div>\n\t\t\t\t<\/div>\n\t\t<div class=\"elementor-element elementor-element-248d5a92 e-flex e-con-boxed e-con e-parent\" data-id=\"248d5a92\" data-element_type=\"container\" data-e-type=\"container\">\n\t\t\t\t\t<div class=\"e-con-inner\">\n\t\t\t\t<div class=\"elementor-element elementor-element-7f96e4c0 elementor-arrows-position-inside elementor-widget elementor-widget-image-carousel\" data-id=\"7f96e4c0\" data-element_type=\"widget\" data-e-type=\"widget\" data-settings=\"{&quot;slides_to_show&quot;:&quot;1&quot;,&quot;navigation&quot;:&quot;arrows&quot;,&quot;speed&quot;:900,&quot;autoplay&quot;:&quot;yes&quot;,&quot;pause_on_hover&quot;:&quot;yes&quot;,&quot;pause_on_interaction&quot;:&quot;yes&quot;,&quot;autoplay_speed&quot;:5000,&quot;infinite&quot;:&quot;yes&quot;,&quot;effect&quot;:&quot;slide&quot;}\" data-widget_type=\"image-carousel.default\">\n\t\t\t\t<div class=\"elementor-widget-container\">\n\t\t\t\t\t\t\t<div class=\"elementor-image-carousel-wrapper swiper\" role=\"region\" aria-roledescription=\"carousel\" aria-label=\"Image Carousel\" dir=\"ltr\">\n\t\t\t<div class=\"elementor-image-carousel swiper-wrapper swiper-image-stretch\" aria-live=\"off\">\n\t\t\t\t\t\t\t\t<div class=\"swiper-slide\" role=\"group\" aria-roledescription=\"slide\" aria-label=\"1 of 5\"><a data-elementor-open-lightbox=\"yes\" data-elementor-lightbox-slideshow=\"7f96e4c0\" data-elementor-lightbox-title=\"efpa_air\" data-elementor-lightbox-description=\"POKAN KENTT\u00c4 ILMASTA K\u00c4SIN KENT\u00c4N LUOTEISPUOLELTA N\u00c4HTYN\u00c4 1.8.2005. ETUALALLA POKAN KYL\u00c4 JA INARI-KITTIL\u00c4 TIE. KUVA JUKKA H\u00c4M\u00c4L\u00c4INEN. (KLIKKAA SUUREKSI)\" data-e-action-hash=\"#elementor-action%3Aaction%3Dlightbox%26settings%3DeyJpZCI6MzQ5OTgsInVybCI6Imh0dHBzOlwvXC9sZW50b3BhaWthdC5maVwvd3AtY29udGVudFwvdXBsb2Fkc1wvZWZwYV9haXIuanBnIiwic2xpZGVzaG93IjoiN2Y5NmU0YzAifQ%3D%3D\" href=\"https:\/\/lentopaikat.fi\/wp-content\/uploads\/efpa_air.jpg\"><figure class=\"swiper-slide-inner\"><img decoding=\"async\" class=\"swiper-slide-image\" src=\"https:\/\/lentopaikat.fi\/wp-content\/uploads\/efpa_air.jpg\" alt=\"POKAN KENTT\u00c4 ILMASTA K\u00c4SIN KENT\u00c4N LUOTEISPUOLELTA N\u00c4HTYN\u00c4 1.8.2005. ETUALALLA POKAN KYL\u00c4 JA INARI-KITTIL\u00c4 TIE. KUVA JUKKA H\u00c4M\u00c4L\u00c4INEN. (KLIKKAA SUUREKSI)\" \/><figcaption class=\"elementor-image-carousel-caption\">POKAN KENTT\u00c4 ILMASTA K\u00c4SIN KENT\u00c4N LUOTEISPUOLELTA N\u00c4HTYN\u00c4 1.8.2005. ETUALALLA POKAN KYL\u00c4 JA INARI-KITTIL\u00c4 TIE. KUVA JUKKA H\u00c4M\u00c4L\u00c4INEN. (KLIKKAA SUUREKSI)<\/figcaption><\/figure><\/a><\/div><div class=\"swiper-slide\" role=\"group\" aria-roledescription=\"slide\" aria-label=\"2 of 5\"><a data-elementor-open-lightbox=\"yes\" data-elementor-lightbox-slideshow=\"7f96e4c0\" data-elementor-lightbox-title=\"efpa_air2\" data-elementor-lightbox-description=\"\nKENTT\u00c4 L\u00c4NSIPUOLELTA N\u00c4HTYN\u00c4 1.8.2005. KUVA JUKKA H\u00c4M\u00c4L\u00c4INEN. (KLIKKAA SUUREKSI)\" data-e-action-hash=\"#elementor-action%3Aaction%3Dlightbox%26settings%3DeyJpZCI6MzQ5OTksInVybCI6Imh0dHBzOlwvXC9sZW50b3BhaWthdC5maVwvd3AtY29udGVudFwvdXBsb2Fkc1wvZWZwYV9haXIyLmpwZyIsInNsaWRlc2hvdyI6IjdmOTZlNGMwIn0%3D\" href=\"https:\/\/lentopaikat.fi\/wp-content\/uploads\/efpa_air2.jpg\"><figure class=\"swiper-slide-inner\"><img decoding=\"async\" class=\"swiper-slide-image\" src=\"https:\/\/lentopaikat.fi\/wp-content\/uploads\/efpa_air2.jpg\" alt=\"KENTT\u00c4 L\u00c4NSIPUOLELTA N\u00c4HTYN\u00c4 1.8.2005. KUVA JUKKA H\u00c4M\u00c4L\u00c4INEN. (KLIKKAA SUUREKSI)\" \/><figcaption class=\"elementor-image-carousel-caption\">\nKENTT\u00c4 L\u00c4NSIPUOLELTA N\u00c4HTYN\u00c4 1.8.2005. KUVA JUKKA H\u00c4M\u00c4L\u00c4INEN. (KLIKKAA SUUREKSI)<\/figcaption><\/figure><\/a><\/div><div class=\"swiper-slide\" role=\"group\" aria-roledescription=\"slide\" aria-label=\"3 of 5\"><a data-elementor-open-lightbox=\"yes\" data-elementor-lightbox-slideshow=\"7f96e4c0\" data-elementor-lightbox-title=\"EFPA_RWY34\" data-elementor-lightbox-description=\"POKKA KIITOTIE 34. KUVATTU 16.8.2016\nKUVA: TUOMAS V\u00c4KEL\u00c4\" data-e-action-hash=\"#elementor-action%3Aaction%3Dlightbox%26settings%3DeyJpZCI6MzUwMDQsInVybCI6Imh0dHBzOlwvXC9sZW50b3BhaWthdC5maVwvd3AtY29udGVudFwvdXBsb2Fkc1wvRUZQQV9SV1kzNC5qcGVnIiwic2xpZGVzaG93IjoiN2Y5NmU0YzAifQ%3D%3D\" href=\"https:\/\/lentopaikat.fi\/wp-content\/uploads\/EFPA_RWY34.jpeg\"><figure class=\"swiper-slide-inner\"><img decoding=\"async\" class=\"swiper-slide-image\" src=\"https:\/\/lentopaikat.fi\/wp-content\/uploads\/EFPA_RWY34-1024x768.jpeg\" alt=\"POKKA KIITOTIE 34. KUVATTU 16.8.2016\nKUVA: TUOMAS V\u00c4KEL\u00c4\" \/><figcaption class=\"elementor-image-carousel-caption\">POKKA KIITOTIE 34. KUVATTU 16.8.2016\nKUVA: TUOMAS V\u00c4KEL\u00c4<\/figcaption><\/figure><\/a><\/div><div class=\"swiper-slide\" role=\"group\" aria-roledescription=\"slide\" aria-label=\"4 of 5\"><a data-elementor-open-lightbox=\"yes\" data-elementor-lightbox-slideshow=\"7f96e4c0\" data-elementor-lightbox-title=\"efpa_piha\" data-elementor-lightbox-description=\"KENT\u00c4N ILMOITUSTAULU JA POSTILAATIKKO, JOSSA VIERASKIRJA. TAUSTALLA SATUNNAINEN VIERAS. KUVA PEKKA LEHTINEN (1.8.2005). (KLIKKAA SUUREKSI)\" data-e-action-hash=\"#elementor-action%3Aaction%3Dlightbox%26settings%3DeyJpZCI6MzUwMDMsInVybCI6Imh0dHBzOlwvXC9sZW50b3BhaWthdC5maVwvd3AtY29udGVudFwvdXBsb2Fkc1wvZWZwYV9waWhhLmpwZyIsInNsaWRlc2hvdyI6IjdmOTZlNGMwIn0%3D\" href=\"https:\/\/lentopaikat.fi\/wp-content\/uploads\/efpa_piha.jpg\"><figure class=\"swiper-slide-inner\"><img decoding=\"async\" class=\"swiper-slide-image\" src=\"https:\/\/lentopaikat.fi\/wp-content\/uploads\/efpa_piha.jpg\" alt=\"KENT\u00c4N ILMOITUSTAULU JA POSTILAATIKKO, JOSSA VIERASKIRJA. TAUSTALLA SATUNNAINEN VIERAS. KUVA PEKKA LEHTINEN (1.8.2005). (KLIKKAA SUUREKSI)\" \/><figcaption class=\"elementor-image-carousel-caption\">KENT\u00c4N ILMOITUSTAULU JA POSTILAATIKKO, JOSSA VIERASKIRJA. TAUSTALLA SATUNNAINEN VIERAS. KUVA PEKKA LEHTINEN (1.8.2005). (KLIKKAA SUUREKSI)<\/figcaption><\/figure><\/a><\/div><div class=\"swiper-slide\" role=\"group\" aria-roledescription=\"slide\" aria-label=\"5 of 5\"><a data-elementor-open-lightbox=\"yes\" data-elementor-lightbox-slideshow=\"7f96e4c0\" data-elementor-lightbox-title=\"EFPA_parkki\" data-elementor-lightbox-description=\"POKAN SEISONTAALUE, KUVATTU 16.8.2016\nKUVA: TUOMAS V\u00c4KEL\u00c4\" data-e-action-hash=\"#elementor-action%3Aaction%3Dlightbox%26settings%3DeyJpZCI6MzUwMDIsInVybCI6Imh0dHBzOlwvXC9sZW50b3BhaWthdC5maVwvd3AtY29udGVudFwvdXBsb2Fkc1wvRUZQQV9wYXJra2kuanBlZyIsInNsaWRlc2hvdyI6IjdmOTZlNGMwIn0%3D\" href=\"https:\/\/lentopaikat.fi\/wp-content\/uploads\/EFPA_parkki.jpeg\"><figure class=\"swiper-slide-inner\"><img decoding=\"async\" class=\"swiper-slide-image\" src=\"https:\/\/lentopaikat.fi\/wp-content\/uploads\/EFPA_parkki-1024x768.jpeg\" alt=\"POKAN SEISONTAALUE, KUVATTU 16.8.2016\nKUVA: TUOMAS V\u00c4KEL\u00c4\" \/><figcaption class=\"elementor-image-carousel-caption\">POKAN SEISONTAALUE, KUVATTU 16.8.2016\nKUVA: TUOMAS V\u00c4KEL\u00c4<\/figcaption><\/figure><\/a><\/div>\t\t\t<\/div>\n\t\t\t\t\t\t\t\t\t\t\t\t<div class=\"elementor-swiper-button elementor-swiper-button-prev\" role=\"button\" tabindex=\"0\">\n\t\t\t\t\t\t<i aria-hidden=\"true\" class=\"eicon-chevron-left\"><\/i>\t\t\t\t\t<\/div>\n\t\t\t\t\t<div class=\"elementor-swiper-button elementor-swiper-button-next\" role=\"button\" tabindex=\"0\">\n\t\t\t\t\t\t<i aria-hidden=\"true\" class=\"eicon-chevron-right\"><\/i>\t\t\t\t\t<\/div>\n\t\t\t\t\n\t\t\t\t\t\t\t\t\t<\/div>\n\t\t\t\t\t\t<\/div>\n\t\t\t\t<\/div>\n\t\t\t\t\t<\/div>\n\t\t\t\t<\/div>\n\t\t\t\t\t<\/div>\n\t\t<\/div>\n\t\t\t\t\t<\/div>\n\t\t<\/section>\n\t\t\t\t\t<\/div>\n\t\t<\/div>\n\t\t\t\t\t<\/div>\n\t\t<\/section>\n\t\t\t\t<\/div>\n\t\t","protected":false},"excerpt":{"rendered":"<p>Pokka &#8211; EFPA Warning! T\u00e4m\u00e4 on ns, &#8220;k\u00f6yh\u00e4n miehen NOTAM&#8221; eli t\u00e4ll\u00e4 voi varoittaa kent\u00e4ll\u00e4 tapahtuvasta poikkeavasta toiminnasta. T\u00e4m\u00e4 ilmoitus on ajastettavissa ja n\u00e4kyy vain silloin kun on jotain varoitettaavaa Varoitus ei ole suljettavissaT\u00e4m\u00e4n aikaa voi s\u00e4\u00e4t\u00e4 vasemmalta Visibility v\u00e4lilehdest\u00e4 1. Sunset and sunrise and the SERA definition of night 2. General information: Airfield with [&hellip;]<\/p>\n","protected":false},"author":1,"featured_media":0,"parent":0,"menu_order":0,"comment_status":"closed","ping_status":"closed","template":"","meta":{"inline_featured_image":false,"_lmt_disableupdate":"","_lmt_disable":"","footnotes":""},"class_list":["post-36239","page","type-page","status-publish","hentry"],"_links":{"self":[{"href":"https:\/\/lentopaikat.fi\/en\/wp-json\/wp\/v2\/pages\/36239","targetHints":{"allow":["GET"]}}],"collection":[{"href":"https:\/\/lentopaikat.fi\/en\/wp-json\/wp\/v2\/pages"}],"about":[{"href":"https:\/\/lentopaikat.fi\/en\/wp-json\/wp\/v2\/types\/page"}],"author":[{"embeddable":true,"href":"https:\/\/lentopaikat.fi\/en\/wp-json\/wp\/v2\/users\/1"}],"replies":[{"embeddable":true,"href":"https:\/\/lentopaikat.fi\/en\/wp-json\/wp\/v2\/comments?post=36239"}],"version-history":[{"count":0,"href":"https:\/\/lentopaikat.fi\/en\/wp-json\/wp\/v2\/pages\/36239\/revisions"}],"wp:attachment":[{"href":"https:\/\/lentopaikat.fi\/en\/wp-json\/wp\/v2\/media?parent=36239"}],"curies":[{"name":"wp","href":"https:\/\/api.w.org\/{rel}","templated":true}]}}