{"id":36228,"date":"2022-11-17T23:33:45","date_gmt":"2022-11-17T21:33:45","guid":{"rendered":"https:\/\/lentopaikat.fi\/piikajarvi-efpi\/"},"modified":"2025-09-22T12:00:36","modified_gmt":"2025-09-22T10:00:36","slug":"piikajarvi-efpi","status":"publish","type":"page","link":"https:\/\/lentopaikat.fi\/en\/piikajarvi-efpi\/","title":{"rendered":"Piikaj\u00e4rvi &#8211; EFPI"},"content":{"rendered":"\t\t<div data-elementor-type=\"wp-page\" data-elementor-id=\"36228\" class=\"elementor elementor-36228 elementor-36216\" data-elementor-post-type=\"page\">\n\t\t\t\t\t\t<section class=\"elementor-section elementor-top-section elementor-element elementor-element-6bb487a9 elementor-section-height-min-height elementor-section-full_width elementor-section-height-default elementor-section-items-middle\" data-id=\"6bb487a9\" data-element_type=\"section\" data-e-type=\"section\" data-settings=\"{&quot;background_background&quot;:&quot;classic&quot;}\">\n\t\t\t\t\t\t\t<div class=\"elementor-background-overlay\"><\/div>\n\t\t\t\t\t\t\t<div class=\"elementor-container elementor-column-gap-default\">\n\t\t\t\t\t<div class=\"elementor-column elementor-col-50 elementor-top-column elementor-element elementor-element-4fc18827\" data-id=\"4fc18827\" data-element_type=\"column\" data-e-type=\"column\">\n\t\t\t<div class=\"elementor-widget-wrap elementor-element-populated\">\n\t\t\t\t\t\t<div class=\"elementor-element elementor-element-61dde34 elementor-widget elementor-widget-heading\" data-id=\"61dde34\" data-element_type=\"widget\" data-e-type=\"widget\" data-widget_type=\"heading.default\">\n\t\t\t\t<div class=\"elementor-widget-container\">\n\t\t\t\t\t<h2 class=\"elementor-heading-title elementor-size-default\">Piikaj\u00e4rvi - EFPI<\/h2>\t\t\t\t<\/div>\n\t\t\t\t<\/div>\n\t\t\t\t\t<\/div>\n\t\t<\/div>\n\t\t\t\t<div class=\"elementor-column elementor-col-50 elementor-top-column elementor-element elementor-element-1f7a4d7c\" data-id=\"1f7a4d7c\" data-element_type=\"column\" data-e-type=\"column\">\n\t\t\t<div class=\"elementor-widget-wrap\">\n\t\t\t\t\t\t\t<\/div>\n\t\t<\/div>\n\t\t\t\t\t<\/div>\n\t\t<\/section>\n\t\t\t\t<section class=\"elementor-section elementor-top-section elementor-element elementor-element-16ba6df6 elementor-section-full_width elementor-section-height-default elementor-section-height-default\" data-id=\"16ba6df6\" data-element_type=\"section\" data-e-type=\"section\">\n\t\t\t\t\t\t<div class=\"elementor-container elementor-column-gap-default\">\n\t\t\t\t\t<div class=\"elementor-column elementor-col-100 elementor-top-column elementor-element elementor-element-782611a6\" data-id=\"782611a6\" data-element_type=\"column\" data-e-type=\"column\">\n\t\t\t<div class=\"elementor-widget-wrap elementor-element-populated\">\n\t\t\t\t\t\t<section class=\"elementor-section elementor-inner-section elementor-element elementor-element-365d2240 elementor-section-full_width elementor-section-height-default elementor-section-height-default\" data-id=\"365d2240\" data-element_type=\"section\" data-e-type=\"section\">\n\t\t\t\t\t\t<div class=\"elementor-container elementor-column-gap-wide\">\n\t\t\t\t\t<div class=\"elementor-column elementor-col-50 elementor-inner-column elementor-element elementor-element-31b19066\" data-id=\"31b19066\" data-element_type=\"column\" data-e-type=\"column\">\n\t\t\t<div class=\"elementor-widget-wrap elementor-element-populated\">\n\t\t\t\t<!-- dce invisible element c0ccf3a -->\t\t<div class=\"elementor-element elementor-element-642534c7 elementor-widget elementor-widget-heading\" data-id=\"642534c7\" data-element_type=\"widget\" data-e-type=\"widget\" data-widget_type=\"heading.default\">\n\t\t\t\t<div class=\"elementor-widget-container\">\n\t\t\t\t\t<h5 class=\"elementor-heading-title elementor-size-default\">1. Sunset and sunrise and the SERA definition of night<\/h5>\t\t\t\t<\/div>\n\t\t\t\t<\/div>\n\t\t\t\t<div class=\"elementor-element elementor-element-742a27fe elementor-widget elementor-widget-shortcode\" data-id=\"742a27fe\" data-element_type=\"widget\" data-e-type=\"widget\" data-widget_type=\"shortcode.default\">\n\t\t\t\t<div class=\"elementor-widget-container\">\n\t\t\t\t\t\t\t<div class=\"elementor-shortcode\"><table><tbody><tr><td>Finnish time today, 17.04.2026<\/br><b> - Night ends: 05:16<\/br> - Sunrise: 06:05<\/br> - Sunset: 20:57<\/br> - Night begins: 21:46<\/br><\/b><\/td>\r\n<td> Times tomorrow <\/br><b> - Night ends tomorrow: 05:13<\/br> - Sunrise tomorrow: 06:02<\/br> - sunset tomorrow: 21:00<\/br> - Night begins tomorrow: 21:49<\/b><\/td><\/tr><\/tbody><\/table><\/div>\n\t\t\t\t\t\t<\/div>\n\t\t\t\t<\/div>\n\t\t\t\t<div class=\"elementor-element elementor-element-8572d92 elementor-widget elementor-widget-heading\" data-id=\"8572d92\" data-element_type=\"widget\" data-e-type=\"widget\" data-widget_type=\"heading.default\">\n\t\t\t\t<div class=\"elementor-widget-container\">\n\t\t\t\t\t<h5 class=\"elementor-heading-title elementor-size-default\">2. General information:<\/h5>\t\t\t\t<\/div>\n\t\t\t\t<\/div>\n\t\t\t\t<div class=\"elementor-element elementor-element-2f183ba3 elementor-widget elementor-widget-text-editor\" data-id=\"2f183ba3\" data-element_type=\"widget\" data-e-type=\"widget\" data-widget_type=\"text-editor.default\">\n\t\t\t\t<div class=\"elementor-widget-container\">\n\t\t\t\t\t\t\t\t\t<p>The Kokem\u00e4ki Piikaj\u00e4rvi airfield is a regional sport flying centre maintained by Piikaj\u00e4rven Ilmailuyhdistys Piikaj\u00e4rvi Flying Club. The Pori, Rauma, Kokem\u00e4ki and Vakka-Suomi flying clubs, and Pori-based L\u00e4nsilent\u00e4j\u00e4t operate at Piikaj\u00e4rvi. Flyers arriving at Piikaj\u00e4rvi should be aware of the lively gliding and motor-flying activity, often there are also hanggliders in the air. Towplanes are used for lunching gliders. Piikaj\u00e4rvi lake, immediately adjacent to the hangars, is suitable for swimming. There is also a sauna by the lake. Accommodation is in the new 2001 built clubhouse, in double rooms. A well equipped kitchen (micro oven, dishwasher, refrigerators etc), washing-room, TV-room, and toilets. Outdoors there is also a grilling shelter.The field further provides a flight-planning space.<\/p>\n\t\t\t\t\t\t\t\t<\/div>\n\t\t\t\t<\/div>\n\t\t\t\t<div class=\"elementor-element elementor-element-4d26b5dc elementor-widget elementor-widget-heading\" data-id=\"4d26b5dc\" data-element_type=\"widget\" data-e-type=\"widget\" data-widget_type=\"heading.default\">\n\t\t\t\t<div class=\"elementor-widget-container\">\n\t\t\t\t\t<h5 class=\"elementor-heading-title elementor-size-default\">3.  Price Information:<\/h5>\t\t\t\t<\/div>\n\t\t\t\t<\/div>\n\t\t\t\t<div class=\"elementor-element elementor-element-34741403 elementor-widget elementor-widget-text-editor\" data-id=\"34741403\" data-element_type=\"widget\" data-e-type=\"widget\" data-widget_type=\"text-editor.default\">\n\t\t\t\t<div class=\"elementor-widget-container\">\n\t\t\t\t\t\t\t\t\t<p>Landing fee 5\u20ac<br \/>Season card 50\u20ac (active for one calendar year)<\/p>\n\t\t\t\t\t\t\t\t<\/div>\n\t\t\t\t<\/div>\n\t\t\t\t<div class=\"elementor-element elementor-element-1935af19 elementor-widget elementor-widget-heading\" data-id=\"1935af19\" data-element_type=\"widget\" data-e-type=\"widget\" data-widget_type=\"heading.default\">\n\t\t\t\t<div class=\"elementor-widget-container\">\n\t\t\t\t\t<h5 class=\"elementor-heading-title elementor-size-default\">4. The Airport:<\/h5>\t\t\t\t<\/div>\n\t\t\t\t<\/div>\n\t\t\t\t<div class=\"elementor-element elementor-element-3884e76c elementor-widget elementor-widget-text-editor\" data-id=\"3884e76c\" data-element_type=\"widget\" data-e-type=\"widget\" data-widget_type=\"text-editor.default\">\n\t\t\t\t<div class=\"elementor-widget-container\">\n\t\t\t\t\t\t\t\t\t<p>Surfaced runways, taxiways, and apron in good condition. Field area outside runways covered with low-growing heather.<\/p>\n\t\t\t\t\t\t\t\t<\/div>\n\t\t\t\t<\/div>\n\t\t\t\t<div class=\"elementor-element elementor-element-42645ed5 elementor-widget elementor-widget-heading\" data-id=\"42645ed5\" data-element_type=\"widget\" data-e-type=\"widget\" data-widget_type=\"heading.default\">\n\t\t\t\t<div class=\"elementor-widget-container\">\n\t\t\t\t\t<h5 class=\"elementor-heading-title elementor-size-default\">5. Basic data:<\/h5>\t\t\t\t<\/div>\n\t\t\t\t<\/div>\n\t\t\t\t<div class=\"elementor-element elementor-element-38faa884 elementor-widget elementor-widget-text-editor\" data-id=\"38faa884\" data-element_type=\"widget\" data-e-type=\"widget\" data-widget_type=\"text-editor.default\">\n\t\t\t\t<div class=\"elementor-widget-container\">\n\t\t\t\t\t\t\t\t\t<p>Koordinaatit: 611444N 0221136E \u00a0<a class=\"popup\" href=\"http:\/\/kansalaisen.karttapaikka.fi\/kartanhaku\/koordinaattihaku.html?srsName=EPSG%3A4258&amp;y=61+14%27+44%27%27&amp;x=022+11%27+36%27%27&amp;lang=en\" data-width=\"1024\" data-height=\"700\" data-scrollbars=\"1\">\u00a0(Map service)<\/a><\/p>\n<p>Runways:<br \/>12\/30 \u2013 1000 x 18 m \u2013 asphalt\/gravel (asphalt width 10 m),<br \/>17\/35 \u2013 1080 x 18 m \u2013 asphalt\/gravel (asphalt width 10 m)<br \/>Radio frequency: 123,550<br \/>Airport elevation: 45 m (148 ft)<br \/>Fuel availability: NIL<br \/>Announcements:\u00a0<a class=\"popup\" href=\"https:\/\/lentopaikat.fi\/notam\/notam.php?a=EFPI\" data-width=\"500\" data-height=\"600\" data-scrollbars=\"1\">NOTAM<\/a><\/p>\n\t\t\t\t\t\t\t\t<\/div>\n\t\t\t\t<\/div>\n\t\t\t\t<div class=\"elementor-element elementor-element-31ab84f1 elementor-widget elementor-widget-heading\" data-id=\"31ab84f1\" data-element_type=\"widget\" data-e-type=\"widget\" data-widget_type=\"heading.default\">\n\t\t\t\t<div class=\"elementor-widget-container\">\n\t\t\t\t\t<h5 class=\"elementor-heading-title elementor-size-default\"> 6. Sight seeing and services<\/h5>\t\t\t\t<\/div>\n\t\t\t\t<\/div>\n\t\t\t\t<div class=\"elementor-element elementor-element-6030eb12 elementor-widget elementor-widget-text-editor\" data-id=\"6030eb12\" data-element_type=\"widget\" data-e-type=\"widget\" data-widget_type=\"text-editor.default\">\n\t\t\t\t<div class=\"elementor-widget-container\">\n\t\t\t\t\t\t\t\t\t<p>Piikaj\u00e4rvi airfield is situated in the centre of beautiful Satakunta-county. Nearby towns; Kokem\u00e4ki, Harjavalta \u2013 distance some 10 km \u2013 Pori \u2013 at some 40 km and Rauma at some 50 km, offer interesting sights and cultural experiences. Nearby are further the ancient cultural sites of K\u00f6yli\u00f6 and Eura. Some 4 km from the field is the Pitk\u00e4j\u00e4rvi camping centre, offering swimming, food etc. Harjavalta and Kokem\u00e4ki towns provide shopping, restaurant, and other services.<\/p>\n\t\t\t\t\t\t\t\t<\/div>\n\t\t\t\t<\/div>\n\t\t\t\t<div class=\"elementor-element elementor-element-703ec0cb elementor-widget elementor-widget-heading\" data-id=\"703ec0cb\" data-element_type=\"widget\" data-e-type=\"widget\" data-widget_type=\"heading.default\">\n\t\t\t\t<div class=\"elementor-widget-container\">\n\t\t\t\t\t<h5 class=\"elementor-heading-title elementor-size-default\">7. Contact information:<\/h5>\t\t\t\t<\/div>\n\t\t\t\t<\/div>\n\t\t\t\t<div class=\"elementor-element elementor-element-775584e8 elementor-widget elementor-widget-text-editor\" data-id=\"775584e8\" data-element_type=\"widget\" data-e-type=\"widget\" data-widget_type=\"text-editor.default\">\n\t\t\t\t<div class=\"elementor-widget-container\">\n\t\t\t\t\t\t\t\t\t<p>Airport chief, Ari Pullinen Phone +358 40 860 9795.<br \/>Porin Ilmailukerho ry Flying Club Phone +358 2 632 4888.<br \/>EFPO TWR Phone +358 2 6100 6050.<br \/>Taxi +358 2 106 0664<\/p>\n\t\t\t\t\t\t\t\t<\/div>\n\t\t\t\t<\/div>\n\t\t\t\t<div class=\"elementor-element elementor-element-35357416 elementor-widget elementor-widget-heading\" data-id=\"35357416\" data-element_type=\"widget\" data-e-type=\"widget\" data-widget_type=\"heading.default\">\n\t\t\t\t<div class=\"elementor-widget-container\">\n\t\t\t\t\t<h5 class=\"elementor-heading-title elementor-size-default\">8.  Links:<\/h5>\t\t\t\t<\/div>\n\t\t\t\t<\/div>\n\t\t\t\t<div class=\"elementor-element elementor-element-4c43976f elementor-widget elementor-widget-text-editor\" data-id=\"4c43976f\" data-element_type=\"widget\" data-e-type=\"widget\" data-widget_type=\"text-editor.default\">\n\t\t\t\t<div class=\"elementor-widget-container\">\n\t\t\t\t\t\t\t\t\t<ul>\n<li><a href=\"http:\/\/www.porinilmailukerho.fi\/\" target=\"_blank\" rel=\"noopener\">Porin Ilmailukerho<\/a><\/li>\n<li><a href=\"http:\/\/www.kokemaki.fi\/\" target=\"_blank\" rel=\"noopener\">Kokem\u00e4ki<\/a><\/li>\n<li><a href=\"http:\/\/www.harjavalta.fi\/\" target=\"_blank\" rel=\"noopener\">Harjavalta<\/a><\/li>\n<li><a href=\"http:\/\/www.pori.fi\/\" target=\"_blank\" rel=\"noopener\">Pori<\/a><\/li>\n<li><a href=\"http:\/\/www.rauma.fi\/\" target=\"_blank\" rel=\"noopener\">Rauma<\/a><\/li>\n<\/ul>\n\t\t\t\t\t\t\t\t<\/div>\n\t\t\t\t<\/div>\n\t\t\t\t<div class=\"elementor-element elementor-element-292634f6 elementor-widget elementor-widget-heading\" data-id=\"292634f6\" data-element_type=\"widget\" data-e-type=\"widget\" data-widget_type=\"heading.default\">\n\t\t\t\t<div class=\"elementor-widget-container\">\n\t\t\t\t\t<h5 class=\"elementor-heading-title elementor-size-default\">9. Map<\/h5>\t\t\t\t<\/div>\n\t\t\t\t<\/div>\n\t\t\t\t<div class=\"elementor-element elementor-element-2fa93bf2 elementor-widget elementor-widget-google_maps\" data-id=\"2fa93bf2\" data-element_type=\"widget\" data-e-type=\"widget\" data-widget_type=\"google_maps.default\">\n\t\t\t\t<div class=\"elementor-widget-container\">\n\t\t\t\t\t\t\t<div class=\"elementor-custom-embed\">\n\t\t\t<iframe loading=\"lazy\"\n\t\t\t\t\tsrc=\"https:\/\/www.google.com\/maps\/embed\/v1\/place?key=AIzaSyC1j1iK8FQx51JcFwNxcbaAudBg3BxuVow&#038;q=Piikaj%C3%A4rvi%20airport&#038;zoom=13\"\n\t\t\t\t\ttitle=\"Piikaj\u00e4rvi airport\"\n\t\t\t\t\taria-label=\"Piikaj\u00e4rvi airport\"\n\t\t\t><\/iframe>\n\t\t<\/div>\n\t\t\t\t\t\t<\/div>\n\t\t\t\t<\/div>\n\t\t\t\t\t<\/div>\n\t\t<\/div>\n\t\t\t\t<div class=\"elementor-column elementor-col-50 elementor-inner-column elementor-element elementor-element-18cba745\" data-id=\"18cba745\" data-element_type=\"column\" data-e-type=\"column\">\n\t\t\t<div class=\"elementor-widget-wrap elementor-element-populated\">\n\t\t\t\t\t\t<div class=\"elementor-element elementor-element-60cb0c72 elementor-widget elementor-widget-image\" data-id=\"60cb0c72\" data-element_type=\"widget\" data-e-type=\"widget\" data-widget_type=\"image.default\">\n\t\t\t\t<div class=\"elementor-widget-container\">\n\t\t\t\t\t\t\t\t\t\t\t\t<figure class=\"wp-caption\">\n\t\t\t\t\t\t\t\t\t\t\t<a href=\"https:\/\/lentopaikat.fi\/wp-content\/uploads\/efpi.gif\" data-elementor-open-lightbox=\"yes\" data-elementor-lightbox-title=\"efpi\" data-e-action-hash=\"#elementor-action%3Aaction%3Dlightbox%26settings%3DeyJpZCI6MzUwMDYsInVybCI6Imh0dHBzOlwvXC9sZW50b3BhaWthdC5maVwvd3AtY29udGVudFwvdXBsb2Fkc1wvZWZwaS5naWYifQ%3D%3D\">\n\t\t\t\t\t\t\t<img fetchpriority=\"high\" decoding=\"async\" width=\"200\" height=\"352\" src=\"https:\/\/lentopaikat.fi\/wp-content\/uploads\/efpi.gif\" class=\"attachment-large size-large wp-image-35006\" alt=\"\" \/>\t\t\t\t\t\t\t\t<\/a>\n\t\t\t\t\t\t\t\t\t\t\t<figcaption class=\"widget-image-caption wp-caption-text\"><\/figcaption>\n\t\t\t\t\t\t\t\t\t\t<\/figure>\n\t\t\t\t\t\t\t\t\t<\/div>\n\t\t\t\t<\/div>\n\t\t\t\t<div class=\"elementor-element elementor-element-5e291bcd elementor-widget elementor-widget-image\" data-id=\"5e291bcd\" data-element_type=\"widget\" data-e-type=\"widget\" data-widget_type=\"image.default\">\n\t\t\t\t<div class=\"elementor-widget-container\">\n\t\t\t\t\t\t\t\t\t\t\t\t<figure class=\"wp-caption\">\n\t\t\t\t\t\t\t\t\t\t\t<a href=\"https:\/\/lentopaikat.fi\/wp-content\/uploads\/EFPI_LDG.pdf\" target=\"_blank\">\n\t\t\t\t\t\t\t<img decoding=\"async\" src=\"https:\/\/lentopaikat.fi\/wp-content\/uploads\/EFPI_LDG.jpg\" title=\"\" alt=\"\" loading=\"lazy\" \/>\t\t\t\t\t\t\t\t<\/a>\n\t\t\t\t\t\t\t\t\t\t\t<figcaption class=\"widget-image-caption wp-caption-text\">LDG CHART, CLICK ON PICTURE TO OPEN PDF DOCUMENT<\/figcaption>\n\t\t\t\t\t\t\t\t\t\t<\/figure>\n\t\t\t\t\t\t\t\t\t<\/div>\n\t\t\t\t<\/div>\n\t\t<div class=\"elementor-element elementor-element-76d421d5 e-flex e-con-boxed e-con e-parent\" data-id=\"76d421d5\" data-element_type=\"container\" data-e-type=\"container\">\n\t\t\t\t\t<div class=\"e-con-inner\">\n\t\t\t\t<div class=\"elementor-element elementor-element-bfb3299 elementor-arrows-position-inside elementor-widget elementor-widget-image-carousel\" data-id=\"bfb3299\" data-element_type=\"widget\" data-e-type=\"widget\" data-settings=\"{&quot;slides_to_show&quot;:&quot;1&quot;,&quot;navigation&quot;:&quot;arrows&quot;,&quot;speed&quot;:900,&quot;autoplay&quot;:&quot;yes&quot;,&quot;pause_on_hover&quot;:&quot;yes&quot;,&quot;pause_on_interaction&quot;:&quot;yes&quot;,&quot;autoplay_speed&quot;:5000,&quot;infinite&quot;:&quot;yes&quot;,&quot;effect&quot;:&quot;slide&quot;}\" data-widget_type=\"image-carousel.default\">\n\t\t\t\t<div class=\"elementor-widget-container\">\n\t\t\t\t\t\t\t<div class=\"elementor-image-carousel-wrapper swiper\" role=\"region\" aria-roledescription=\"carousel\" aria-label=\"Image Carousel\" dir=\"ltr\">\n\t\t\t<div class=\"elementor-image-carousel swiper-wrapper swiper-image-stretch\" aria-live=\"off\">\n\t\t\t\t\t\t\t\t<div class=\"swiper-slide\" role=\"group\" aria-roledescription=\"slide\" aria-label=\"1 of 7\"><a data-elementor-open-lightbox=\"yes\" data-elementor-lightbox-slideshow=\"bfb3299\" data-elementor-lightbox-title=\"efpi_air\" data-elementor-lightbox-description=\"PIIKAJ\u00c4RVEN KENTT\u00c4 ILMASTA K\u00c4SIN N\u00c4HTYN\u00c4 2.5.2004. KUVA JARI PIHLAJAM\u00c4KI. (KLIKKAA SUUREKSI)\" data-e-action-hash=\"#elementor-action%3Aaction%3Dlightbox%26settings%3DeyJpZCI6MzUwMDcsInVybCI6Imh0dHBzOlwvXC9sZW50b3BhaWthdC5maVwvd3AtY29udGVudFwvdXBsb2Fkc1wvZWZwaV9haXIuanBnIiwic2xpZGVzaG93IjoiYmZiMzI5OSJ9\" href=\"https:\/\/lentopaikat.fi\/wp-content\/uploads\/efpi_air.jpg\"><figure class=\"swiper-slide-inner\"><img decoding=\"async\" class=\"swiper-slide-image\" src=\"https:\/\/lentopaikat.fi\/wp-content\/uploads\/efpi_air.jpg\" alt=\"PIIKAJ\u00c4RVEN KENTT\u00c4 ILMASTA K\u00c4SIN N\u00c4HTYN\u00c4 2.5.2004. KUVA JARI PIHLAJAM\u00c4KI. (KLIKKAA SUUREKSI)\" \/><figcaption class=\"elementor-image-carousel-caption\">PIIKAJ\u00c4RVEN KENTT\u00c4 ILMASTA K\u00c4SIN N\u00c4HTYN\u00c4 2.5.2004. KUVA JARI PIHLAJAM\u00c4KI. (KLIKKAA SUUREKSI)<\/figcaption><\/figure><\/a><\/div><div class=\"swiper-slide\" role=\"group\" aria-roledescription=\"slide\" aria-label=\"2 of 7\"><a data-elementor-open-lightbox=\"yes\" data-elementor-lightbox-slideshow=\"bfb3299\" data-elementor-lightbox-title=\"EFPI_ilmakuva\" data-elementor-lightbox-description=\"TARKEMPI KUVA PIIKAJ\u00c4RVEST\u00c4 ILMASTA K\u00c4SIN. KUVATTU KES\u00c4LL\u00c4 2012 (KLIKKAA SUUREKSI)\nKUVA: AARNO ISOM\u00c4KI\" data-e-action-hash=\"#elementor-action%3Aaction%3Dlightbox%26settings%3DeyJpZCI6MzUwMTEsInVybCI6Imh0dHBzOlwvXC9sZW50b3BhaWthdC5maVwvd3AtY29udGVudFwvdXBsb2Fkc1wvRUZQSV9pbG1ha3V2YS5qcGciLCJzbGlkZXNob3ciOiJiZmIzMjk5In0%3D\" href=\"https:\/\/lentopaikat.fi\/wp-content\/uploads\/EFPI_ilmakuva.jpg\"><figure class=\"swiper-slide-inner\"><img decoding=\"async\" class=\"swiper-slide-image\" src=\"https:\/\/lentopaikat.fi\/wp-content\/uploads\/EFPI_ilmakuva-1024x604.jpg\" alt=\"TARKEMPI KUVA PIIKAJ\u00c4RVEST\u00c4 ILMASTA K\u00c4SIN. KUVATTU KES\u00c4LL\u00c4 2012 (KLIKKAA SUUREKSI)\nKUVA: AARNO ISOM\u00c4KI\" \/><figcaption class=\"elementor-image-carousel-caption\">TARKEMPI KUVA PIIKAJ\u00c4RVEST\u00c4 ILMASTA K\u00c4SIN. KUVATTU KES\u00c4LL\u00c4 2012 (KLIKKAA SUUREKSI)\nKUVA: AARNO ISOM\u00c4KI<\/figcaption><\/figure><\/a><\/div><div class=\"swiper-slide\" role=\"group\" aria-roledescription=\"slide\" aria-label=\"3 of 7\"><a data-elementor-open-lightbox=\"yes\" data-elementor-lightbox-slideshow=\"bfb3299\" data-elementor-lightbox-title=\"efpi_halli1\" data-elementor-lightbox-description=\"KENT\u00c4N HALLI SEK\u00c4 LENNONVALMISTELURAKENNUS TOUKOKUUSSA 2004. KUVA JARI PIHLAJAM\u00c4KI. (KLIKKAA SUUREKSI)\" data-e-action-hash=\"#elementor-action%3Aaction%3Dlightbox%26settings%3DeyJpZCI6MzUwMTAsInVybCI6Imh0dHBzOlwvXC9sZW50b3BhaWthdC5maVwvd3AtY29udGVudFwvdXBsb2Fkc1wvZWZwaV9oYWxsaTEuanBnIiwic2xpZGVzaG93IjoiYmZiMzI5OSJ9\" href=\"https:\/\/lentopaikat.fi\/wp-content\/uploads\/efpi_halli1.jpg\"><figure class=\"swiper-slide-inner\"><img decoding=\"async\" class=\"swiper-slide-image\" src=\"https:\/\/lentopaikat.fi\/wp-content\/uploads\/efpi_halli1.jpg\" alt=\"KENT\u00c4N HALLI SEK\u00c4 LENNONVALMISTELURAKENNUS TOUKOKUUSSA 2004. KUVA JARI PIHLAJAM\u00c4KI. (KLIKKAA SUUREKSI)\" \/><figcaption class=\"elementor-image-carousel-caption\">KENT\u00c4N HALLI SEK\u00c4 LENNONVALMISTELURAKENNUS TOUKOKUUSSA 2004. KUVA JARI PIHLAJAM\u00c4KI. (KLIKKAA SUUREKSI)<\/figcaption><\/figure><\/a><\/div><div class=\"swiper-slide\" role=\"group\" aria-roledescription=\"slide\" aria-label=\"4 of 7\"><a data-elementor-open-lightbox=\"yes\" data-elementor-lightbox-slideshow=\"bfb3299\" data-elementor-lightbox-title=\"efpi_halli\" data-elementor-lightbox-description=\"KENT\u00c4N PIENEMPI HALLI TOUKOKUUSSA 2004. KUVA JARI PIHLAJAM\u00c4KI. (KLIKKAA SUUREKSI)\" data-e-action-hash=\"#elementor-action%3Aaction%3Dlightbox%26settings%3DeyJpZCI6MzUwMDksInVybCI6Imh0dHBzOlwvXC9sZW50b3BhaWthdC5maVwvd3AtY29udGVudFwvdXBsb2Fkc1wvZWZwaV9oYWxsaS5qcGciLCJzbGlkZXNob3ciOiJiZmIzMjk5In0%3D\" href=\"https:\/\/lentopaikat.fi\/wp-content\/uploads\/efpi_halli.jpg\"><figure class=\"swiper-slide-inner\"><img decoding=\"async\" class=\"swiper-slide-image\" src=\"https:\/\/lentopaikat.fi\/wp-content\/uploads\/efpi_halli.jpg\" alt=\"KENT\u00c4N PIENEMPI HALLI TOUKOKUUSSA 2004. KUVA JARI PIHLAJAM\u00c4KI. (KLIKKAA SUUREKSI)\" \/><figcaption class=\"elementor-image-carousel-caption\">KENT\u00c4N PIENEMPI HALLI TOUKOKUUSSA 2004. KUVA JARI PIHLAJAM\u00c4KI. (KLIKKAA SUUREKSI)<\/figcaption><\/figure><\/a><\/div><div class=\"swiper-slide\" role=\"group\" aria-roledescription=\"slide\" aria-label=\"5 of 7\"><a data-elementor-open-lightbox=\"yes\" data-elementor-lightbox-slideshow=\"bfb3299\" data-elementor-lightbox-title=\"efpi_majoitus\" data-elementor-lightbox-description=\"MAJOITUSRAKENNUS TOUKOKUUSSA 2004. KUVA JARI PIHLAJAM\u00c4KI. (KLIKKAA SUUREKSI)\" data-e-action-hash=\"#elementor-action%3Aaction%3Dlightbox%26settings%3DeyJpZCI6MzUwMTQsInVybCI6Imh0dHBzOlwvXC9sZW50b3BhaWthdC5maVwvd3AtY29udGVudFwvdXBsb2Fkc1wvZWZwaV9tYWpvaXR1cy5qcGciLCJzbGlkZXNob3ciOiJiZmIzMjk5In0%3D\" href=\"https:\/\/lentopaikat.fi\/wp-content\/uploads\/efpi_majoitus.jpg\"><figure class=\"swiper-slide-inner\"><img decoding=\"async\" class=\"swiper-slide-image\" src=\"https:\/\/lentopaikat.fi\/wp-content\/uploads\/efpi_majoitus.jpg\" alt=\"MAJOITUSRAKENNUS TOUKOKUUSSA 2004. KUVA JARI PIHLAJAM\u00c4KI. (KLIKKAA SUUREKSI)\" \/><figcaption class=\"elementor-image-carousel-caption\">MAJOITUSRAKENNUS TOUKOKUUSSA 2004. KUVA JARI PIHLAJAM\u00c4KI. (KLIKKAA SUUREKSI)<\/figcaption><\/figure><\/a><\/div><div class=\"swiper-slide\" role=\"group\" aria-roledescription=\"slide\" aria-label=\"6 of 7\"><a data-elementor-open-lightbox=\"yes\" data-elementor-lightbox-slideshow=\"bfb3299\" data-elementor-lightbox-title=\"efpi_grilli\" data-elementor-lightbox-description=\"KENT\u00c4N GRILLIKATOS TOUKOKUUSSA 2004. KUVA JARI PIHLAJAM\u00c4KI. (KLIKKAA SUUREKSI)\" data-e-action-hash=\"#elementor-action%3Aaction%3Dlightbox%26settings%3DeyJpZCI6MzUwMDgsInVybCI6Imh0dHBzOlwvXC9sZW50b3BhaWthdC5maVwvd3AtY29udGVudFwvdXBsb2Fkc1wvZWZwaV9ncmlsbGkuanBnIiwic2xpZGVzaG93IjoiYmZiMzI5OSJ9\" href=\"https:\/\/lentopaikat.fi\/wp-content\/uploads\/efpi_grilli.jpg\"><figure class=\"swiper-slide-inner\"><img decoding=\"async\" class=\"swiper-slide-image\" src=\"https:\/\/lentopaikat.fi\/wp-content\/uploads\/efpi_grilli.jpg\" alt=\"KENT\u00c4N GRILLIKATOS TOUKOKUUSSA 2004. KUVA JARI PIHLAJAM\u00c4KI. (KLIKKAA SUUREKSI)\" \/><figcaption class=\"elementor-image-carousel-caption\">KENT\u00c4N GRILLIKATOS TOUKOKUUSSA 2004. KUVA JARI PIHLAJAM\u00c4KI. (KLIKKAA SUUREKSI)<\/figcaption><\/figure><\/a><\/div><div class=\"swiper-slide\" role=\"group\" aria-roledescription=\"slide\" aria-label=\"7 of 7\"><a data-elementor-open-lightbox=\"yes\" data-elementor-lightbox-slideshow=\"bfb3299\" data-elementor-lightbox-title=\"EFPI_RWY1_12_4.7.2014\" data-elementor-lightbox-description=\"PIIKAJ\u00c4RVEN KENTT\u00c4 LOUNAASTA P\u00c4IN KIITOTIE 14 P\u00c4\u00c4ST\u00c4 KATSOTTUNA. KUVATTU 4.7.2014.\nKUVA: MIKA TAPIO\" data-e-action-hash=\"#elementor-action%3Aaction%3Dlightbox%26settings%3DeyJpZCI6MzUwMTUsInVybCI6Imh0dHBzOlwvXC9sZW50b3BhaWthdC5maVwvd3AtY29udGVudFwvdXBsb2Fkc1wvRUZQSV9SV1kxXzEyXzQuNy4yMDE0LmpwZyIsInNsaWRlc2hvdyI6ImJmYjMyOTkifQ%3D%3D\" href=\"https:\/\/lentopaikat.fi\/wp-content\/uploads\/EFPI_RWY1_12_4.7.2014.jpg\"><figure class=\"swiper-slide-inner\"><img decoding=\"async\" class=\"swiper-slide-image\" src=\"https:\/\/lentopaikat.fi\/wp-content\/uploads\/EFPI_RWY1_12_4.7.2014-1024x682.jpg\" alt=\"PIIKAJ\u00c4RVEN KENTT\u00c4 LOUNAASTA P\u00c4IN KIITOTIE 14 P\u00c4\u00c4ST\u00c4 KATSOTTUNA. KUVATTU 4.7.2014. KUVA: MIKA TAPIO\" \/><figcaption class=\"elementor-image-carousel-caption\">PIIKAJ\u00c4RVEN KENTT\u00c4 LOUNAASTA P\u00c4IN KIITOTIE 14 P\u00c4\u00c4ST\u00c4 KATSOTTUNA. KUVATTU 4.7.2014. KUVA: MIKA TAPIO<\/figcaption><\/figure><\/a><\/div>\t\t\t<\/div>\n\t\t\t\t\t\t\t\t\t\t\t\t<div class=\"elementor-swiper-button elementor-swiper-button-prev\" role=\"button\" tabindex=\"0\">\n\t\t\t\t\t\t<i aria-hidden=\"true\" class=\"eicon-chevron-left\"><\/i>\t\t\t\t\t<\/div>\n\t\t\t\t\t<div class=\"elementor-swiper-button elementor-swiper-button-next\" role=\"button\" tabindex=\"0\">\n\t\t\t\t\t\t<i aria-hidden=\"true\" class=\"eicon-chevron-right\"><\/i>\t\t\t\t\t<\/div>\n\t\t\t\t\n\t\t\t\t\t\t\t\t\t<\/div>\n\t\t\t\t\t\t<\/div>\n\t\t\t\t<\/div>\n\t\t\t\t\t<\/div>\n\t\t\t\t<\/div>\n\t\t\t\t\t<\/div>\n\t\t<\/div>\n\t\t\t\t\t<\/div>\n\t\t<\/section>\n\t\t\t\t\t<\/div>\n\t\t<\/div>\n\t\t\t\t\t<\/div>\n\t\t<\/section>\n\t\t\t\t<\/div>\n\t\t","protected":false},"excerpt":{"rendered":"<p>Piikaj\u00e4rvi &#8211; EFPI Warning! T\u00e4m\u00e4 on ns, &#8220;k\u00f6yh\u00e4n miehen NOTAM&#8221; eli t\u00e4ll\u00e4 voi varoittaa kent\u00e4ll\u00e4 tapahtuvasta poikkeavasta toiminnasta. T\u00e4m\u00e4 ilmoitus on ajastettavissa ja n\u00e4kyy vain silloin kun on jotain varoitettaavaa Varoitus ei ole suljettavissaT\u00e4m\u00e4n aikaa voi s\u00e4\u00e4t\u00e4 vasemmalta Visibility v\u00e4lilehdest\u00e4 1. Sunset and sunrise and the SERA definition of night 2. General information: The Kokem\u00e4ki [&hellip;]<\/p>\n","protected":false},"author":1,"featured_media":0,"parent":0,"menu_order":0,"comment_status":"closed","ping_status":"closed","template":"","meta":{"inline_featured_image":false,"_lmt_disableupdate":"","_lmt_disable":"","footnotes":""},"class_list":["post-36228","page","type-page","status-publish","hentry"],"_links":{"self":[{"href":"https:\/\/lentopaikat.fi\/en\/wp-json\/wp\/v2\/pages\/36228","targetHints":{"allow":["GET"]}}],"collection":[{"href":"https:\/\/lentopaikat.fi\/en\/wp-json\/wp\/v2\/pages"}],"about":[{"href":"https:\/\/lentopaikat.fi\/en\/wp-json\/wp\/v2\/types\/page"}],"author":[{"embeddable":true,"href":"https:\/\/lentopaikat.fi\/en\/wp-json\/wp\/v2\/users\/1"}],"replies":[{"embeddable":true,"href":"https:\/\/lentopaikat.fi\/en\/wp-json\/wp\/v2\/comments?post=36228"}],"version-history":[{"count":0,"href":"https:\/\/lentopaikat.fi\/en\/wp-json\/wp\/v2\/pages\/36228\/revisions"}],"wp:attachment":[{"href":"https:\/\/lentopaikat.fi\/en\/wp-json\/wp\/v2\/media?parent=36228"}],"curies":[{"name":"wp","href":"https:\/\/api.w.org\/{rel}","templated":true}]}}