{"id":36214,"date":"2022-11-17T23:19:20","date_gmt":"2022-11-17T21:19:20","guid":{"rendered":"https:\/\/lentopaikat.fi\/pieksamaki-efpk\/"},"modified":"2023-10-20T11:48:15","modified_gmt":"2023-10-20T09:48:15","slug":"pieksamaki-efpk","status":"publish","type":"page","link":"https:\/\/lentopaikat.fi\/en\/pieksamaki-efpk\/","title":{"rendered":"Pieks\u00e4m\u00e4ki &#8211; EFPK"},"content":{"rendered":"\t\t<div data-elementor-type=\"wp-page\" data-elementor-id=\"36214\" class=\"elementor elementor-36214 elementor-36204\" data-elementor-post-type=\"page\">\n\t\t\t\t\t\t<section class=\"elementor-section elementor-top-section elementor-element elementor-element-342429df elementor-section-height-min-height elementor-section-full_width elementor-section-height-default elementor-section-items-middle\" data-id=\"342429df\" data-element_type=\"section\" data-e-type=\"section\" data-settings=\"{&quot;background_background&quot;:&quot;classic&quot;}\">\n\t\t\t\t\t\t\t<div class=\"elementor-background-overlay\"><\/div>\n\t\t\t\t\t\t\t<div class=\"elementor-container elementor-column-gap-default\">\n\t\t\t\t\t<div class=\"elementor-column elementor-col-50 elementor-top-column elementor-element elementor-element-35d1bf62\" data-id=\"35d1bf62\" data-element_type=\"column\" data-e-type=\"column\">\n\t\t\t<div class=\"elementor-widget-wrap elementor-element-populated\">\n\t\t\t\t\t\t<div class=\"elementor-element elementor-element-75bd3555 elementor-widget elementor-widget-heading\" data-id=\"75bd3555\" data-element_type=\"widget\" data-e-type=\"widget\" data-widget_type=\"heading.default\">\n\t\t\t\t<div class=\"elementor-widget-container\">\n\t\t\t\t\t<h2 class=\"elementor-heading-title elementor-size-default\">Pieks\u00e4m\u00e4ki - EFPK<\/h2>\t\t\t\t<\/div>\n\t\t\t\t<\/div>\n\t\t\t\t\t<\/div>\n\t\t<\/div>\n\t\t\t\t<div class=\"elementor-column elementor-col-50 elementor-top-column elementor-element elementor-element-2eb91b83\" data-id=\"2eb91b83\" data-element_type=\"column\" data-e-type=\"column\">\n\t\t\t<div class=\"elementor-widget-wrap\">\n\t\t\t\t\t\t\t<\/div>\n\t\t<\/div>\n\t\t\t\t\t<\/div>\n\t\t<\/section>\n\t\t\t\t<section class=\"elementor-section elementor-top-section elementor-element elementor-element-19175055 elementor-section-full_width elementor-section-height-default elementor-section-height-default\" data-id=\"19175055\" data-element_type=\"section\" data-e-type=\"section\">\n\t\t\t\t\t\t<div class=\"elementor-container elementor-column-gap-default\">\n\t\t\t\t\t<div class=\"elementor-column elementor-col-100 elementor-top-column elementor-element elementor-element-2e6514df\" data-id=\"2e6514df\" data-element_type=\"column\" data-e-type=\"column\">\n\t\t\t<div class=\"elementor-widget-wrap elementor-element-populated\">\n\t\t\t\t\t\t<section class=\"elementor-section elementor-inner-section elementor-element elementor-element-293968ea elementor-section-full_width elementor-section-height-default elementor-section-height-default\" data-id=\"293968ea\" data-element_type=\"section\" data-e-type=\"section\">\n\t\t\t\t\t\t<div class=\"elementor-container elementor-column-gap-wide\">\n\t\t\t\t\t<div class=\"elementor-column elementor-col-50 elementor-inner-column elementor-element elementor-element-61152975\" data-id=\"61152975\" data-element_type=\"column\" data-e-type=\"column\">\n\t\t\t<div class=\"elementor-widget-wrap elementor-element-populated\">\n\t\t\t\t<!-- dce invisible element 715227eb -->\t\t<div class=\"elementor-element elementor-element-578f81a9 elementor-widget elementor-widget-heading\" data-id=\"578f81a9\" data-element_type=\"widget\" data-e-type=\"widget\" data-widget_type=\"heading.default\">\n\t\t\t\t<div class=\"elementor-widget-container\">\n\t\t\t\t\t<h5 class=\"elementor-heading-title elementor-size-default\">1. Sunset and sunrise and the SERA definition of night<\/h5>\t\t\t\t<\/div>\n\t\t\t\t<\/div>\n\t\t\t\t<div class=\"elementor-element elementor-element-7439503d elementor-widget elementor-widget-shortcode\" data-id=\"7439503d\" data-element_type=\"widget\" data-e-type=\"widget\" data-widget_type=\"shortcode.default\">\n\t\t\t\t<div class=\"elementor-widget-container\">\n\t\t\t\t\t\t\t<div class=\"elementor-shortcode\"><table><tbody><tr><td>Finnish time today, 08.04.2026<\/br><b> - Night ends: 05:23<\/br> - Sunrise: 06:11<\/br> - Sunset: 20:17<\/br> - Night begins: 21:05<\/br><\/b><\/td>\r\n<td> Times tomorrow <\/br><b> - Night ends tomorrow: 05:20<\/br> - Sunrise tomorrow: 06:08<\/br> - sunset tomorrow: 20:20<\/br> - Night begins tomorrow: 21:08<\/b><\/td><\/tr><\/tbody><\/table><\/div>\n\t\t\t\t\t\t<\/div>\n\t\t\t\t<\/div>\n\t\t\t\t<div class=\"elementor-element elementor-element-675482eb elementor-widget elementor-widget-heading\" data-id=\"675482eb\" data-element_type=\"widget\" data-e-type=\"widget\" data-widget_type=\"heading.default\">\n\t\t\t\t<div class=\"elementor-widget-container\">\n\t\t\t\t\t<h5 class=\"elementor-heading-title elementor-size-default\">2. General information:<\/h5>\t\t\t\t<\/div>\n\t\t\t\t<\/div>\n\t\t\t\t<div class=\"elementor-element elementor-element-eba2e8e elementor-widget elementor-widget-text-editor\" data-id=\"eba2e8e\" data-element_type=\"widget\" data-e-type=\"widget\" data-widget_type=\"text-editor.default\">\n\t\t\t\t<div class=\"elementor-widget-container\">\n\t\t\t\t\t\t\t\t\t<p>An airfield in good condition in the Pieks\u00e4m\u00e4ki municipality at Naaraj\u00e4rvi. Active glider and ultralight activity in the summer.<\/p>\n\t\t\t\t\t\t\t\t<\/div>\n\t\t\t\t<\/div>\n\t\t\t\t<div class=\"elementor-element elementor-element-460996b8 elementor-widget elementor-widget-heading\" data-id=\"460996b8\" data-element_type=\"widget\" data-e-type=\"widget\" data-widget_type=\"heading.default\">\n\t\t\t\t<div class=\"elementor-widget-container\">\n\t\t\t\t\t<h5 class=\"elementor-heading-title elementor-size-default\">3.  Price Information:<\/h5>\t\t\t\t<\/div>\n\t\t\t\t<\/div>\n\t\t\t\t<div class=\"elementor-element elementor-element-154e77d1 elementor-widget elementor-widget-text-editor\" data-id=\"154e77d1\" data-element_type=\"widget\" data-e-type=\"widget\" data-widget_type=\"text-editor.default\">\n\t\t\t\t<div class=\"elementor-widget-container\">\n\t\t\t\t\t\t\t\t\t<p>NIL<\/p>\n\t\t\t\t\t\t\t\t<\/div>\n\t\t\t\t<\/div>\n\t\t\t\t<div class=\"elementor-element elementor-element-67502905 elementor-widget elementor-widget-heading\" data-id=\"67502905\" data-element_type=\"widget\" data-e-type=\"widget\" data-widget_type=\"heading.default\">\n\t\t\t\t<div class=\"elementor-widget-container\">\n\t\t\t\t\t<h5 class=\"elementor-heading-title elementor-size-default\">4. The Airport:<\/h5>\t\t\t\t<\/div>\n\t\t\t\t<\/div>\n\t\t\t\t<div class=\"elementor-element elementor-element-4816e067 elementor-widget elementor-widget-text-editor\" data-id=\"4816e067\" data-element_type=\"widget\" data-e-type=\"widget\" data-widget_type=\"text-editor.default\">\n\t\t\t\t<div class=\"elementor-widget-container\">\n\t\t\t\t\t\t\t\t\t<p>Asphalt-surfaced runway and taxiway in good condition. Runway edges short grass, no disturbing obstacles. The grass right next to the RWY15\/30 on the east side is used as a grass runway. Same size and headings as the asphalt RWY15\/30.<\/p>\n\t\t\t\t\t\t\t\t<\/div>\n\t\t\t\t<\/div>\n\t\t\t\t<div class=\"elementor-element elementor-element-4b87e962 elementor-widget elementor-widget-heading\" data-id=\"4b87e962\" data-element_type=\"widget\" data-e-type=\"widget\" data-widget_type=\"heading.default\">\n\t\t\t\t<div class=\"elementor-widget-container\">\n\t\t\t\t\t<h5 class=\"elementor-heading-title elementor-size-default\">5. Basic data:<\/h5>\t\t\t\t<\/div>\n\t\t\t\t<\/div>\n\t\t\t\t<div class=\"elementor-element elementor-element-25611b5a elementor-widget elementor-widget-text-editor\" data-id=\"25611b5a\" data-element_type=\"widget\" data-e-type=\"widget\" data-widget_type=\"text-editor.default\">\n\t\t\t\t<div class=\"elementor-widget-container\">\n\t\t\t\t\t\t\t\t\t<p><strong>Coordinates:<\/strong> 621553N 0270010E<br \/>\n<strong>Runway:<\/strong> 15\/33 \u2013 900 x 18 m \u2013 asphalt\/gravel<br \/>\n<strong>LDA:<\/strong> 15: 900 m, 33: 740 m<br \/>\n<strong>Radio frequency:<\/strong> 123,200<br \/>\n<strong>Airport elevation:<\/strong> 119 m (390 ft)<br \/>\n<strong>Fuel availability:<\/strong> NIL<br \/>\n<strong>Announcements:<\/strong>\u00a0<a class=\"popup\" href=\"https:\/\/lentopaikat.fi\/notam\/notam.php?a=EFPK\" data-width=\"500\" data-height=\"600\" data-scrollbars=\"1\">NOTAM<\/a><\/p>\n\t\t\t\t\t\t\t\t<\/div>\n\t\t\t\t<\/div>\n\t\t\t\t<div class=\"elementor-element elementor-element-753a6de4 elementor-widget elementor-widget-heading\" data-id=\"753a6de4\" data-element_type=\"widget\" data-e-type=\"widget\" data-widget_type=\"heading.default\">\n\t\t\t\t<div class=\"elementor-widget-container\">\n\t\t\t\t\t<h5 class=\"elementor-heading-title elementor-size-default\"> 6. Sight seeing and services<\/h5>\t\t\t\t<\/div>\n\t\t\t\t<\/div>\n\t\t\t\t<div class=\"elementor-element elementor-element-3fb801cd elementor-widget elementor-widget-text-editor\" data-id=\"3fb801cd\" data-element_type=\"widget\" data-e-type=\"widget\" data-widget_type=\"text-editor.default\">\n\t\t\t\t<div class=\"elementor-widget-container\">\n\t\t\t\t\t\t\t\t\t<p>The Pieks\u00e4m\u00e4ki town on the picturesque shore of Pieks\u00e4j\u00e4rvi lake is quite a sight in itself. Mind the tall VR-mast at the southeastern corner of the lake by the shopping center!<br \/>\nRecommended sites on the ground: Cultural centre Poleeni, the birthplace of President Kellonen\u2019s wife Sylvi Kekkonen on Vicarage hill, Partaharju activity center, Poleeni and Partaharju summer theatres. Wanhat Veturitallit dance-floor. Accommodation and food offered at the nearby Lomatrio service station\/camping site some 2-3 kilometres distant.<\/p>\n\t\t\t\t\t\t\t\t<\/div>\n\t\t\t\t<\/div>\n\t\t\t\t<div class=\"elementor-element elementor-element-5e332e80 elementor-widget elementor-widget-heading\" data-id=\"5e332e80\" data-element_type=\"widget\" data-e-type=\"widget\" data-widget_type=\"heading.default\">\n\t\t\t\t<div class=\"elementor-widget-container\">\n\t\t\t\t\t<h5 class=\"elementor-heading-title elementor-size-default\">7. Contact information:<\/h5>\t\t\t\t<\/div>\n\t\t\t\t<\/div>\n\t\t\t\t<div class=\"elementor-element elementor-element-193ae70c elementor-widget elementor-widget-text-editor\" data-id=\"193ae70c\" data-element_type=\"widget\" data-e-type=\"widget\" data-widget_type=\"text-editor.default\">\n\t\t\t\t<div class=\"elementor-widget-container\">\n\t\t\t\t\t\t\t\t\t<p>Airfield operator: Naaraj\u00e4rvi-S\u00e4\u00e4ti\u00f6: +358 400 571 132.<br \/>\nTaxi +358 15 0400-282060\u00a0\u00a0\u00a0\u00a0\u00a0\u00a0\u00a0 .<\/p>\n\t\t\t\t\t\t\t\t<\/div>\n\t\t\t\t<\/div>\n\t\t\t\t<div class=\"elementor-element elementor-element-1e818f5f elementor-widget elementor-widget-heading\" data-id=\"1e818f5f\" data-element_type=\"widget\" data-e-type=\"widget\" data-widget_type=\"heading.default\">\n\t\t\t\t<div class=\"elementor-widget-container\">\n\t\t\t\t\t<h5 class=\"elementor-heading-title elementor-size-default\">8.  Links:<\/h5>\t\t\t\t<\/div>\n\t\t\t\t<\/div>\n\t\t\t\t<div class=\"elementor-element elementor-element-2ea75298 elementor-widget elementor-widget-text-editor\" data-id=\"2ea75298\" data-element_type=\"widget\" data-e-type=\"widget\" data-widget_type=\"text-editor.default\">\n\t\t\t\t<div class=\"elementor-widget-container\">\n\t\t\t\t\t\t\t\t\t<ul>\n<li><a href=\"http:\/\/www.pieksamaenseutu.fi\/\" target=\"_blank\" rel=\"noopener noreferrer\">Pieks\u00e4m\u00e4en seutu \u2013 local events<\/a><\/li>\n<li><a href=\"http:\/\/www.ksi.fi\/\" target=\"_blank\" rel=\"noopener noreferrer\">Keski-Suomen Ilmailijat ry \u2013 Flying club<\/a><\/li>\n<\/ul>\n\t\t\t\t\t\t\t\t<\/div>\n\t\t\t\t<\/div>\n\t\t\t\t<div class=\"elementor-element elementor-element-2a58f955 elementor-widget elementor-widget-heading\" data-id=\"2a58f955\" data-element_type=\"widget\" data-e-type=\"widget\" data-widget_type=\"heading.default\">\n\t\t\t\t<div class=\"elementor-widget-container\">\n\t\t\t\t\t<h5 class=\"elementor-heading-title elementor-size-default\">9. Map<\/h5>\t\t\t\t<\/div>\n\t\t\t\t<\/div>\n\t\t\t\t<div class=\"elementor-element elementor-element-12b7b58b elementor-widget elementor-widget-google_maps\" data-id=\"12b7b58b\" data-element_type=\"widget\" data-e-type=\"widget\" data-widget_type=\"google_maps.default\">\n\t\t\t\t<div class=\"elementor-widget-container\">\n\t\t\t\t\t\t\t<div class=\"elementor-custom-embed\">\n\t\t\t<iframe loading=\"lazy\"\n\t\t\t\t\tsrc=\"https:\/\/www.google.com\/maps\/embed\/v1\/place?key=AIzaSyC1j1iK8FQx51JcFwNxcbaAudBg3BxuVow&#038;q=Pieks%C3%A4m%C3%A4en%20lentokentt%C3%A4&#038;zoom=13\"\n\t\t\t\t\ttitle=\"Pieks\u00e4m\u00e4en lentokentt\u00e4\"\n\t\t\t\t\taria-label=\"Pieks\u00e4m\u00e4en lentokentt\u00e4\"\n\t\t\t><\/iframe>\n\t\t<\/div>\n\t\t\t\t\t\t<\/div>\n\t\t\t\t<\/div>\n\t\t\t\t\t<\/div>\n\t\t<\/div>\n\t\t\t\t<div class=\"elementor-column elementor-col-50 elementor-inner-column elementor-element elementor-element-495c9926\" data-id=\"495c9926\" data-element_type=\"column\" data-e-type=\"column\">\n\t\t\t<div class=\"elementor-widget-wrap elementor-element-populated\">\n\t\t\t\t\t\t<div class=\"elementor-element elementor-element-5871a8bb elementor-widget elementor-widget-image\" data-id=\"5871a8bb\" data-element_type=\"widget\" data-e-type=\"widget\" data-widget_type=\"image.default\">\n\t\t\t\t<div class=\"elementor-widget-container\">\n\t\t\t\t\t\t\t\t\t\t\t\t<figure class=\"wp-caption\">\n\t\t\t\t\t\t\t\t\t\t\t<a href=\"https:\/\/lentopaikat.fi\/wp-content\/uploads\/efpk.gif\" data-elementor-open-lightbox=\"yes\" data-elementor-lightbox-title=\"efpk\" data-e-action-hash=\"#elementor-action%3Aaction%3Dlightbox%26settings%3DeyJpZCI6MzUwMTYsInVybCI6Imh0dHBzOlwvXC9sZW50b3BhaWthdC5maVwvd3AtY29udGVudFwvdXBsb2Fkc1wvZWZway5naWYifQ%3D%3D\">\n\t\t\t\t\t\t\t<img fetchpriority=\"high\" decoding=\"async\" width=\"200\" height=\"352\" src=\"https:\/\/lentopaikat.fi\/wp-content\/uploads\/efpk.gif\" class=\"attachment-large size-large wp-image-35016\" alt=\"\" \/>\t\t\t\t\t\t\t\t<\/a>\n\t\t\t\t\t\t\t\t\t\t\t<figcaption class=\"widget-image-caption wp-caption-text\"><\/figcaption>\n\t\t\t\t\t\t\t\t\t\t<\/figure>\n\t\t\t\t\t\t\t\t\t<\/div>\n\t\t\t\t<\/div>\n\t\t\t\t<div class=\"elementor-element elementor-element-3b67ebba elementor-widget elementor-widget-image\" data-id=\"3b67ebba\" data-element_type=\"widget\" data-e-type=\"widget\" data-widget_type=\"image.default\">\n\t\t\t\t<div class=\"elementor-widget-container\">\n\t\t\t\t\t\t\t\t\t\t\t\t<figure class=\"wp-caption\">\n\t\t\t\t\t\t\t\t\t\t\t<a href=\"https:\/\/lentopaikat.fi\/wp-content\/uploads\/EFPK_LDG.pdf\" target=\"_blank\">\n\t\t\t\t\t\t\t<img decoding=\"async\" src=\"https:\/\/lentopaikat.fi\/wp-content\/uploads\/EFPK_LDG.jpg\" title=\"\" alt=\"\" loading=\"lazy\" \/>\t\t\t\t\t\t\t\t<\/a>\n\t\t\t\t\t\t\t\t\t\t\t<figcaption class=\"widget-image-caption wp-caption-text\">LDG CHART, CLICK ON PICTURE TO OPEN PDF DOCUMENT<\/figcaption>\n\t\t\t\t\t\t\t\t\t\t<\/figure>\n\t\t\t\t\t\t\t\t\t<\/div>\n\t\t\t\t<\/div>\n\t\t<div class=\"elementor-element elementor-element-2b505940 e-flex e-con-boxed e-con e-parent\" data-id=\"2b505940\" data-element_type=\"container\" data-e-type=\"container\">\n\t\t\t\t\t<div class=\"e-con-inner\">\n\t\t\t\t<div class=\"elementor-element elementor-element-668471de elementor-arrows-position-inside elementor-widget elementor-widget-image-carousel\" data-id=\"668471de\" data-element_type=\"widget\" data-e-type=\"widget\" data-settings=\"{&quot;slides_to_show&quot;:&quot;1&quot;,&quot;navigation&quot;:&quot;arrows&quot;,&quot;speed&quot;:900,&quot;autoplay&quot;:&quot;yes&quot;,&quot;pause_on_hover&quot;:&quot;yes&quot;,&quot;pause_on_interaction&quot;:&quot;yes&quot;,&quot;autoplay_speed&quot;:5000,&quot;infinite&quot;:&quot;yes&quot;,&quot;effect&quot;:&quot;slide&quot;}\" data-widget_type=\"image-carousel.default\">\n\t\t\t\t<div class=\"elementor-widget-container\">\n\t\t\t\t\t\t\t<div class=\"elementor-image-carousel-wrapper swiper\" role=\"region\" aria-roledescription=\"carousel\" aria-label=\"Image Carousel\" dir=\"ltr\">\n\t\t\t<div class=\"elementor-image-carousel swiper-wrapper swiper-image-stretch\" aria-live=\"off\">\n\t\t\t\t\t\t\t\t<div class=\"swiper-slide\" role=\"group\" aria-roledescription=\"slide\" aria-label=\"1 of 5\"><a data-elementor-open-lightbox=\"yes\" data-elementor-lightbox-slideshow=\"668471de\" data-elementor-lightbox-title=\"efpk_air_12.7.2015-12.07.2015-15-37-08\" data-elementor-lightbox-description=\"PIEKS\u00c4M\u00c4EN KENTT\u00c4 LUOTEESTA KUVATTUNA.\nOTETTU: 12.7.2015\nKUVA: TOMA\" data-e-action-hash=\"#elementor-action%3Aaction%3Dlightbox%26settings%3DeyJpZCI6MzUwMTksInVybCI6Imh0dHBzOlwvXC9sZW50b3BhaWthdC5maVwvd3AtY29udGVudFwvdXBsb2Fkc1wvZWZwa19haXJfMTIuNy4yMDE1LTEyLjA3LjIwMTUtMTUtMzctMDguanBnIiwic2xpZGVzaG93IjoiNjY4NDcxZGUifQ%3D%3D\" href=\"https:\/\/lentopaikat.fi\/wp-content\/uploads\/efpk_air_12.7.2015-12.07.2015-15-37-08.jpg\"><figure class=\"swiper-slide-inner\"><img decoding=\"async\" class=\"swiper-slide-image\" src=\"https:\/\/lentopaikat.fi\/wp-content\/uploads\/efpk_air_12.7.2015-12.07.2015-15-37-08-1024x578.jpg\" alt=\"PIEKS\u00c4M\u00c4EN KENTT\u00c4 LUOTEESTA KUVATTUNA.\nOTETTU: 12.7.2015\nKUVA: TOMA\" \/><figcaption class=\"elementor-image-carousel-caption\">PIEKS\u00c4M\u00c4EN KENTT\u00c4 LUOTEESTA KUVATTUNA.\nOTETTU: 12.7.2015\nKUVA: TOMA<\/figcaption><\/figure><\/a><\/div><div class=\"swiper-slide\" role=\"group\" aria-roledescription=\"slide\" aria-label=\"2 of 5\"><a data-elementor-open-lightbox=\"yes\" data-elementor-lightbox-slideshow=\"668471de\" data-elementor-lightbox-title=\"efpk_air2\" data-elementor-lightbox-description=\"PIEKS\u00c4M\u00c4EN KENTT\u00c4 ILMASTA K\u00c4SIN N\u00c4HTYN\u00c4 KES\u00c4LL\u00c4 2011. KUVA MARKO TOLVANEN. (KLIKKAA SUUREKSI)\" data-e-action-hash=\"#elementor-action%3Aaction%3Dlightbox%26settings%3DeyJpZCI6MzUwMTgsInVybCI6Imh0dHBzOlwvXC9sZW50b3BhaWthdC5maVwvd3AtY29udGVudFwvdXBsb2Fkc1wvZWZwa19haXIyLmpwZyIsInNsaWRlc2hvdyI6IjY2ODQ3MWRlIn0%3D\" href=\"https:\/\/lentopaikat.fi\/wp-content\/uploads\/efpk_air2.jpg\"><figure class=\"swiper-slide-inner\"><img decoding=\"async\" class=\"swiper-slide-image\" src=\"https:\/\/lentopaikat.fi\/wp-content\/uploads\/efpk_air2.jpg\" alt=\"PIEKS\u00c4M\u00c4EN KENTT\u00c4 ILMASTA K\u00c4SIN N\u00c4HTYN\u00c4 KES\u00c4LL\u00c4 2011. KUVA MARKO TOLVANEN. (KLIKKAA SUUREKSI)\" \/><figcaption class=\"elementor-image-carousel-caption\">PIEKS\u00c4M\u00c4EN KENTT\u00c4 ILMASTA K\u00c4SIN N\u00c4HTYN\u00c4 KES\u00c4LL\u00c4 2011. KUVA MARKO TOLVANEN. (KLIKKAA SUUREKSI)<\/figcaption><\/figure><\/a><\/div><div class=\"swiper-slide\" role=\"group\" aria-roledescription=\"slide\" aria-label=\"3 of 5\"><a data-elementor-open-lightbox=\"yes\" data-elementor-lightbox-slideshow=\"668471de\" data-elementor-lightbox-title=\"efpk_air\" data-elementor-lightbox-description=\"ILMAKUVA HEIN\u00c4KUUSSA 2003. ETUALALLA POLIISIN AJAHARJOITTELURATA. KUVA HANNU KATAJISTO. (KLIKKAA SUUREKSI)\" data-e-action-hash=\"#elementor-action%3Aaction%3Dlightbox%26settings%3DeyJpZCI6MzUwMTcsInVybCI6Imh0dHBzOlwvXC9sZW50b3BhaWthdC5maVwvd3AtY29udGVudFwvdXBsb2Fkc1wvZWZwa19haXIuanBnIiwic2xpZGVzaG93IjoiNjY4NDcxZGUifQ%3D%3D\" href=\"https:\/\/lentopaikat.fi\/wp-content\/uploads\/efpk_air.jpg\"><figure class=\"swiper-slide-inner\"><img decoding=\"async\" class=\"swiper-slide-image\" src=\"https:\/\/lentopaikat.fi\/wp-content\/uploads\/efpk_air.jpg\" alt=\"ILMAKUVA HEIN\u00c4KUUSSA 2003. ETUALALLA POLIISIN AJAHARJOITTELURATA. KUVA HANNU KATAJISTO. (KLIKKAA SUUREKSI)\" \/><figcaption class=\"elementor-image-carousel-caption\">ILMAKUVA HEIN\u00c4KUUSSA 2003. ETUALALLA POLIISIN AJAHARJOITTELURATA. KUVA HANNU KATAJISTO. (KLIKKAA SUUREKSI)<\/figcaption><\/figure><\/a><\/div><div class=\"swiper-slide\" role=\"group\" aria-roledescription=\"slide\" aria-label=\"4 of 5\"><a data-elementor-open-lightbox=\"yes\" data-elementor-lightbox-slideshow=\"668471de\" data-elementor-lightbox-title=\"efpk_pursitoiminta\" data-elementor-lightbox-description=\"PIEKS\u00c4M\u00c4EN KES\u00c4ISEEN TOIMINTAAN KUULUU OLENNAISESTI PURJELENTO. KUVASSA KIITOTIE 33 JA KENT\u00c4N TOIMINTAA KES\u00c4LL\u00c4 2005. KUVA HANNU KATAJISTO. (KLIKKAA SUUREKSI)\" data-e-action-hash=\"#elementor-action%3Aaction%3Dlightbox%26settings%3DeyJpZCI6MzUwMjMsInVybCI6Imh0dHBzOlwvXC9sZW50b3BhaWthdC5maVwvd3AtY29udGVudFwvdXBsb2Fkc1wvZWZwa19wdXJzaXRvaW1pbnRhLmpwZyIsInNsaWRlc2hvdyI6IjY2ODQ3MWRlIn0%3D\" href=\"https:\/\/lentopaikat.fi\/wp-content\/uploads\/efpk_pursitoiminta.jpg\"><figure class=\"swiper-slide-inner\"><img decoding=\"async\" class=\"swiper-slide-image\" src=\"https:\/\/lentopaikat.fi\/wp-content\/uploads\/efpk_pursitoiminta.jpg\" alt=\"PIEKS\u00c4M\u00c4EN KES\u00c4ISEEN TOIMINTAAN KUULUU OLENNAISESTI PURJELENTO. KUVASSA KIITOTIE 33 JA KENT\u00c4N TOIMINTAA KES\u00c4LL\u00c4 2005. KUVA HANNU KATAJISTO. (KLIKKAA SUUREKSI)\" \/><figcaption class=\"elementor-image-carousel-caption\">PIEKS\u00c4M\u00c4EN KES\u00c4ISEEN TOIMINTAAN KUULUU OLENNAISESTI PURJELENTO. KUVASSA KIITOTIE 33 JA KENT\u00c4N TOIMINTAA KES\u00c4LL\u00c4 2005. KUVA HANNU KATAJISTO. (KLIKKAA SUUREKSI)<\/figcaption><\/figure><\/a><\/div><div class=\"swiper-slide\" role=\"group\" aria-roledescription=\"slide\" aria-label=\"5 of 5\"><a data-elementor-open-lightbox=\"yes\" data-elementor-lightbox-slideshow=\"668471de\" data-elementor-lightbox-title=\"efpk_maassa\" data-elementor-lightbox-description=\"N\u00c4KYM\u00c4 KIITOTIEN SUUNNASTA HALLILLE P\u00c4IN. KUVAN RULLAUSTIE JOHTAA KIITOTIELT\u00c4 SEISONTA-ALUEELLE. TANKKAUSPAIKKA SIJAITSEE KUVAN VASEMMASSA REUNASSA. KUVA HANNU KATAJISTO, KES\u00c4 2005. (KLIKKAA SUUREKSI)\" data-e-action-hash=\"#elementor-action%3Aaction%3Dlightbox%26settings%3DeyJpZCI6MzUwMjIsInVybCI6Imh0dHBzOlwvXC9sZW50b3BhaWthdC5maVwvd3AtY29udGVudFwvdXBsb2Fkc1wvZWZwa19tYWFzc2EuanBnIiwic2xpZGVzaG93IjoiNjY4NDcxZGUifQ%3D%3D\" href=\"https:\/\/lentopaikat.fi\/wp-content\/uploads\/efpk_maassa.jpg\"><figure class=\"swiper-slide-inner\"><img decoding=\"async\" class=\"swiper-slide-image\" src=\"https:\/\/lentopaikat.fi\/wp-content\/uploads\/efpk_maassa.jpg\" alt=\"N\u00c4KYM\u00c4 KIITOTIEN SUUNNASTA HALLILLE P\u00c4IN. KUVAN RULLAUSTIE JOHTAA KIITOTIELT\u00c4 SEISONTA-ALUEELLE. TANKKAUSPAIKKA SIJAITSEE KUVAN VASEMMASSA REUNASSA. KUVA HANNU KATAJISTO, KES\u00c4 2005. (KLIKKAA SUUREKSI)\" \/><figcaption class=\"elementor-image-carousel-caption\">N\u00c4KYM\u00c4 KIITOTIEN SUUNNASTA HALLILLE P\u00c4IN. KUVAN RULLAUSTIE JOHTAA KIITOTIELT\u00c4 SEISONTA-ALUEELLE. TANKKAUSPAIKKA SIJAITSEE KUVAN VASEMMASSA REUNASSA. KUVA HANNU KATAJISTO, KES\u00c4 2005. (KLIKKAA SUUREKSI)<\/figcaption><\/figure><\/a><\/div>\t\t\t<\/div>\n\t\t\t\t\t\t\t\t\t\t\t\t<div class=\"elementor-swiper-button elementor-swiper-button-prev\" role=\"button\" tabindex=\"0\">\n\t\t\t\t\t\t<i aria-hidden=\"true\" class=\"eicon-chevron-left\"><\/i>\t\t\t\t\t<\/div>\n\t\t\t\t\t<div class=\"elementor-swiper-button elementor-swiper-button-next\" role=\"button\" tabindex=\"0\">\n\t\t\t\t\t\t<i aria-hidden=\"true\" class=\"eicon-chevron-right\"><\/i>\t\t\t\t\t<\/div>\n\t\t\t\t\n\t\t\t\t\t\t\t\t\t<\/div>\n\t\t\t\t\t\t<\/div>\n\t\t\t\t<\/div>\n\t\t\t\t\t<\/div>\n\t\t\t\t<\/div>\n\t\t\t\t\t<\/div>\n\t\t<\/div>\n\t\t\t\t\t<\/div>\n\t\t<\/section>\n\t\t\t\t\t<\/div>\n\t\t<\/div>\n\t\t\t\t\t<\/div>\n\t\t<\/section>\n\t\t\t\t<\/div>\n\t\t","protected":false},"excerpt":{"rendered":"<p>Pieks\u00e4m\u00e4ki &#8211; EFPK Warning! T\u00e4m\u00e4 on ns, &#8220;k\u00f6yh\u00e4n miehen NOTAM&#8221; eli t\u00e4ll\u00e4 voi varoittaa kent\u00e4ll\u00e4 tapahtuvasta poikkeavasta toiminnasta. T\u00e4m\u00e4 ilmoitus on ajastettavissa ja n\u00e4kyy vain silloin kun on jotain varoitettaavaa Varoitus ei ole suljettavissa T\u00e4m\u00e4n aikaa voi s\u00e4\u00e4t\u00e4 vasemmalta Visibility v\u00e4lilehdest\u00e4 1. Sunset and sunrise and the SERA definition of night 2. General information: An [&hellip;]<\/p>\n","protected":false},"author":1,"featured_media":0,"parent":0,"menu_order":0,"comment_status":"closed","ping_status":"closed","template":"","meta":{"inline_featured_image":false,"_lmt_disableupdate":"","_lmt_disable":"","footnotes":""},"class_list":["post-36214","page","type-page","status-publish","hentry"],"_links":{"self":[{"href":"https:\/\/lentopaikat.fi\/en\/wp-json\/wp\/v2\/pages\/36214","targetHints":{"allow":["GET"]}}],"collection":[{"href":"https:\/\/lentopaikat.fi\/en\/wp-json\/wp\/v2\/pages"}],"about":[{"href":"https:\/\/lentopaikat.fi\/en\/wp-json\/wp\/v2\/types\/page"}],"author":[{"embeddable":true,"href":"https:\/\/lentopaikat.fi\/en\/wp-json\/wp\/v2\/users\/1"}],"replies":[{"embeddable":true,"href":"https:\/\/lentopaikat.fi\/en\/wp-json\/wp\/v2\/comments?post=36214"}],"version-history":[{"count":0,"href":"https:\/\/lentopaikat.fi\/en\/wp-json\/wp\/v2\/pages\/36214\/revisions"}],"wp:attachment":[{"href":"https:\/\/lentopaikat.fi\/en\/wp-json\/wp\/v2\/media?parent=36214"}],"curies":[{"name":"wp","href":"https:\/\/api.w.org\/{rel}","templated":true}]}}