{"id":36187,"date":"2022-11-17T22:51:47","date_gmt":"2022-11-17T20:51:47","guid":{"rendered":"https:\/\/lentopaikat.fi\/mantta\/"},"modified":"2024-04-23T08:40:03","modified_gmt":"2024-04-23T06:40:03","slug":"mantta","status":"publish","type":"page","link":"https:\/\/lentopaikat.fi\/en\/mantta\/","title":{"rendered":"M\u00e4ntt\u00e4"},"content":{"rendered":"\t\t<div data-elementor-type=\"wp-page\" data-elementor-id=\"36187\" class=\"elementor elementor-36187 elementor-36178\" data-elementor-post-type=\"page\">\n\t\t\t\t\t\t<section class=\"elementor-section elementor-top-section elementor-element elementor-element-7fc356e elementor-section-height-min-height elementor-section-full_width elementor-section-height-default elementor-section-items-middle\" data-id=\"7fc356e\" data-element_type=\"section\" data-e-type=\"section\" data-settings=\"{&quot;background_background&quot;:&quot;classic&quot;}\">\n\t\t\t\t\t\t\t<div class=\"elementor-background-overlay\"><\/div>\n\t\t\t\t\t\t\t<div class=\"elementor-container elementor-column-gap-default\">\n\t\t\t\t\t<div class=\"elementor-column elementor-col-50 elementor-top-column elementor-element elementor-element-27235283\" data-id=\"27235283\" data-element_type=\"column\" data-e-type=\"column\">\n\t\t\t<div class=\"elementor-widget-wrap elementor-element-populated\">\n\t\t\t\t\t\t<div class=\"elementor-element elementor-element-fe8236c elementor-widget elementor-widget-heading\" data-id=\"fe8236c\" data-element_type=\"widget\" data-e-type=\"widget\" data-widget_type=\"heading.default\">\n\t\t\t\t<div class=\"elementor-widget-container\">\n\t\t\t\t\t<h2 class=\"elementor-heading-title elementor-size-default\">M\u00e4ntt\u00e4<\/h2>\t\t\t\t<\/div>\n\t\t\t\t<\/div>\n\t\t\t\t\t<\/div>\n\t\t<\/div>\n\t\t\t\t<div class=\"elementor-column elementor-col-50 elementor-top-column elementor-element elementor-element-45463cbe\" data-id=\"45463cbe\" data-element_type=\"column\" data-e-type=\"column\">\n\t\t\t<div class=\"elementor-widget-wrap\">\n\t\t\t\t\t\t\t<\/div>\n\t\t<\/div>\n\t\t\t\t\t<\/div>\n\t\t<\/section>\n\t\t\t\t<section class=\"elementor-section elementor-top-section elementor-element elementor-element-1cc8a283 elementor-section-full_width elementor-section-height-default elementor-section-height-default\" data-id=\"1cc8a283\" data-element_type=\"section\" data-e-type=\"section\">\n\t\t\t\t\t\t<div class=\"elementor-container elementor-column-gap-default\">\n\t\t\t\t\t<div class=\"elementor-column elementor-col-100 elementor-top-column elementor-element elementor-element-66bcb8e0\" data-id=\"66bcb8e0\" data-element_type=\"column\" data-e-type=\"column\">\n\t\t\t<div class=\"elementor-widget-wrap elementor-element-populated\">\n\t\t\t\t\t\t<section class=\"elementor-section elementor-inner-section elementor-element elementor-element-385a9371 elementor-section-full_width elementor-section-height-default elementor-section-height-default\" data-id=\"385a9371\" data-element_type=\"section\" data-e-type=\"section\">\n\t\t\t\t\t\t<div class=\"elementor-container elementor-column-gap-wide\">\n\t\t\t\t\t<div class=\"elementor-column elementor-col-50 elementor-inner-column elementor-element elementor-element-64393d27\" data-id=\"64393d27\" data-element_type=\"column\" data-e-type=\"column\">\n\t\t\t<div class=\"elementor-widget-wrap elementor-element-populated\">\n\t\t\t\t<!-- dce invisible element 106cbd18 -->\t\t<div class=\"elementor-element elementor-element-3612097f elementor-widget elementor-widget-heading\" data-id=\"3612097f\" data-element_type=\"widget\" data-e-type=\"widget\" data-widget_type=\"heading.default\">\n\t\t\t\t<div class=\"elementor-widget-container\">\n\t\t\t\t\t<h5 class=\"elementor-heading-title elementor-size-default\">1. Sunset and sunrise and the SERA definition of night<\/h5>\t\t\t\t<\/div>\n\t\t\t\t<\/div>\n\t\t\t\t<div class=\"elementor-element elementor-element-33b87184 elementor-widget elementor-widget-shortcode\" data-id=\"33b87184\" data-element_type=\"widget\" data-e-type=\"widget\" data-widget_type=\"shortcode.default\">\n\t\t\t\t<div class=\"elementor-widget-container\">\n\t\t\t\t\t\t\t<div class=\"elementor-shortcode\"><table><tbody><tr><td>Finnish time today, 12.04.2026<\/br><b> - Night ends: 05:20<\/br> - Sunrise: 06:09<\/br> - Sunset: 20:38<\/br> - Night begins: 21:27<\/br><\/b><\/td>\r\n<td> Times tomorrow <\/br><b> - Night ends tomorrow: 05:16<\/br> - Sunrise tomorrow: 06:06<\/br> - sunset tomorrow: 20:41<\/br> - Night begins tomorrow: 21:30<\/b><\/td><\/tr><\/tbody><\/table><\/div>\n\t\t\t\t\t\t<\/div>\n\t\t\t\t<\/div>\n\t\t\t\t<div class=\"elementor-element elementor-element-396026ea elementor-widget elementor-widget-heading\" data-id=\"396026ea\" data-element_type=\"widget\" data-e-type=\"widget\" data-widget_type=\"heading.default\">\n\t\t\t\t<div class=\"elementor-widget-container\">\n\t\t\t\t\t<h5 class=\"elementor-heading-title elementor-size-default\">2. General information:<\/h5>\t\t\t\t<\/div>\n\t\t\t\t<\/div>\n\t\t\t\t<div class=\"elementor-element elementor-element-3589a864 elementor-widget elementor-widget-text-editor\" data-id=\"3589a864\" data-element_type=\"widget\" data-e-type=\"widget\" data-widget_type=\"text-editor.default\">\n\t\t\t\t<div class=\"elementor-widget-container\">\n\t\t\t\t\t\t\t\t\t<p>M\u00e4ntt\u00e4&#8217;s gravel-surfaced unofficial airport was built in the early 1970s by G.A. As a base for Serlachius Oy&#8217;s fertilizer flights (runway 750 m x 18 m).<\/p>\n<p>It was listed as an aerodrome until 1982, after which it was used by hobbyists. has continued with the landowner&#8217;s permission. Today the airport is owned by the city of M\u00e4ntt\u00e4-Vilppula and the Sassin Ilmailijat ry is the local aviation association. There is an aircraft assembly school of the Sastamala Education Municipal Corporation (SASKY) on the field.<\/p>\n<p>In the immediate vicinity of the airport is Teboil&#8217;s car cold storage station (200m). It is approx. 2 km to the center of M\u00e4ntt\u00e4.<\/p>\n\t\t\t\t\t\t\t\t<\/div>\n\t\t\t\t<\/div>\n\t\t\t\t<div class=\"elementor-element elementor-element-32f001ca elementor-widget elementor-widget-heading\" data-id=\"32f001ca\" data-element_type=\"widget\" data-e-type=\"widget\" data-widget_type=\"heading.default\">\n\t\t\t\t<div class=\"elementor-widget-container\">\n\t\t\t\t\t<h5 class=\"elementor-heading-title elementor-size-default\">3.  Price Information:<\/h5>\t\t\t\t<\/div>\n\t\t\t\t<\/div>\n\t\t\t\t<div class=\"elementor-element elementor-element-6d99cb6b elementor-widget elementor-widget-text-editor\" data-id=\"6d99cb6b\" data-element_type=\"widget\" data-e-type=\"widget\" data-widget_type=\"text-editor.default\">\n\t\t\t\t<div class=\"elementor-widget-container\">\n\t\t\t\t\t\t\t\t\t<p>NIL<\/p>\n\t\t\t\t\t\t\t\t<\/div>\n\t\t\t\t<\/div>\n\t\t\t\t<div class=\"elementor-element elementor-element-360e87f1 elementor-widget elementor-widget-heading\" data-id=\"360e87f1\" data-element_type=\"widget\" data-e-type=\"widget\" data-widget_type=\"heading.default\">\n\t\t\t\t<div class=\"elementor-widget-container\">\n\t\t\t\t\t<h5 class=\"elementor-heading-title elementor-size-default\">4. The Airport:<\/h5>\t\t\t\t<\/div>\n\t\t\t\t<\/div>\n\t\t\t\t<div class=\"elementor-element elementor-element-4ef51d96 elementor-widget elementor-widget-text-editor\" data-id=\"4ef51d96\" data-element_type=\"widget\" data-e-type=\"widget\" data-widget_type=\"text-editor.default\">\n\t\t\t\t<div class=\"elementor-widget-container\">\n\t\t\t\t\t\t\t\t\t<p>Good condition, gravel surface.<\/p>\n\t\t\t\t\t\t\t\t<\/div>\n\t\t\t\t<\/div>\n\t\t\t\t<div class=\"elementor-element elementor-element-599b2991 elementor-widget elementor-widget-heading\" data-id=\"599b2991\" data-element_type=\"widget\" data-e-type=\"widget\" data-widget_type=\"heading.default\">\n\t\t\t\t<div class=\"elementor-widget-container\">\n\t\t\t\t\t<h5 class=\"elementor-heading-title elementor-size-default\">5. Basic data:<\/h5>\t\t\t\t<\/div>\n\t\t\t\t<\/div>\n\t\t\t\t<div class=\"elementor-element elementor-element-27d5a470 elementor-widget elementor-widget-text-editor\" data-id=\"27d5a470\" data-element_type=\"widget\" data-e-type=\"widget\" data-widget_type=\"text-editor.default\">\n\t\t\t\t<div class=\"elementor-widget-container\">\n\t\t\t\t\t\t\t\t\t<p><strong>Coordinates:<\/strong> 620143N 0243955E<br \/>\n<strong>Runway(s):<\/strong> 07\/25, 750 x 18 m, gravel<br \/>\n<strong>Radio frequency<\/strong>: 122.500<br \/>\n<strong>Elevation<\/strong>: 109 m (358 ft)<br \/>\n<strong>Fuel:<\/strong> Teboil Kylm\u00e4asema 200 m from the field<br \/>\n<strong>Type of field:<\/strong> Unofficial aerodrome<\/p>\n\t\t\t\t\t\t\t\t<\/div>\n\t\t\t\t<\/div>\n\t\t\t\t<div class=\"elementor-element elementor-element-483482ce elementor-widget elementor-widget-heading\" data-id=\"483482ce\" data-element_type=\"widget\" data-e-type=\"widget\" data-widget_type=\"heading.default\">\n\t\t\t\t<div class=\"elementor-widget-container\">\n\t\t\t\t\t<h5 class=\"elementor-heading-title elementor-size-default\"> 6. Sight seeing and services<\/h5>\t\t\t\t<\/div>\n\t\t\t\t<\/div>\n\t\t\t\t<div class=\"elementor-element elementor-element-73c71725 elementor-widget elementor-widget-text-editor\" data-id=\"73c71725\" data-element_type=\"widget\" data-e-type=\"widget\" data-widget_type=\"text-editor.default\">\n\t\t\t\t<div class=\"elementor-widget-container\">\n\t\t\t\t\t\t\t\t\t<p>On the west side of the field in Myllyranta&#8217;s decoration center (approx. 1 km) is the lunch cafe Veturitalli. 2 km to the center of M\u00e4ntt\u00e4 and Hotel-Ravintola M\u00e4ntt\u00e4n Klubi approx. 1.5 km.<\/p>\n\t\t\t\t\t\t\t\t<\/div>\n\t\t\t\t<\/div>\n\t\t\t\t<div class=\"elementor-element elementor-element-788df2c1 elementor-widget elementor-widget-heading\" data-id=\"788df2c1\" data-element_type=\"widget\" data-e-type=\"widget\" data-widget_type=\"heading.default\">\n\t\t\t\t<div class=\"elementor-widget-container\">\n\t\t\t\t\t<h5 class=\"elementor-heading-title elementor-size-default\">7. Contact information:<\/h5>\t\t\t\t<\/div>\n\t\t\t\t<\/div>\n\t\t\t\t<div class=\"elementor-element elementor-element-106e2c3 elementor-widget elementor-widget-text-editor\" data-id=\"106e2c3\" data-element_type=\"widget\" data-e-type=\"widget\" data-widget_type=\"text-editor.default\">\n\t\t\t\t<div class=\"elementor-widget-container\">\n\t\t\t\t\t\t\t\t\t<p>The airport is owned by the city of M\u00e4ntt\u00e4-Vilppula.<br \/>\nAirport Chief: Town Development Director, \u00a0Ville Ker\u00e4nen +358 44 0979213<br \/>\nSassin Ilmailijat ry. Tommi Myll\u00e4rinen +358 50 5537 221<\/p>\n\t\t\t\t\t\t\t\t<\/div>\n\t\t\t\t<\/div>\n\t\t\t\t<div class=\"elementor-element elementor-element-72bf05ac elementor-widget elementor-widget-heading\" data-id=\"72bf05ac\" data-element_type=\"widget\" data-e-type=\"widget\" data-widget_type=\"heading.default\">\n\t\t\t\t<div class=\"elementor-widget-container\">\n\t\t\t\t\t<h5 class=\"elementor-heading-title elementor-size-default\">8.  Links:<\/h5>\t\t\t\t<\/div>\n\t\t\t\t<\/div>\n\t\t\t\t<div class=\"elementor-element elementor-element-48e78a96 elementor-widget elementor-widget-text-editor\" data-id=\"48e78a96\" data-element_type=\"widget\" data-e-type=\"widget\" data-widget_type=\"text-editor.default\">\n\t\t\t\t<div class=\"elementor-widget-container\">\n\t\t\t\t\t\t\t\t\t<ul>\n<li>ArtCity attractions:: <a href=\"http:\/\/www.manttavilppula.fi\/taidekaupunki\/\" target=\"_blank\" rel=\"noopener\">http:\/\/www.manttavilppula.fi\/taidekaupunki\/<\/a><\/li>\n<\/ul>\n\t\t\t\t\t\t\t\t<\/div>\n\t\t\t\t<\/div>\n\t\t\t\t<div class=\"elementor-element elementor-element-36052910 elementor-widget elementor-widget-heading\" data-id=\"36052910\" data-element_type=\"widget\" data-e-type=\"widget\" data-widget_type=\"heading.default\">\n\t\t\t\t<div class=\"elementor-widget-container\">\n\t\t\t\t\t<h5 class=\"elementor-heading-title elementor-size-default\">9. Map<\/h5>\t\t\t\t<\/div>\n\t\t\t\t<\/div>\n\t\t\t\t<div class=\"elementor-element elementor-element-467f02a0 elementor-widget elementor-widget-google_maps\" data-id=\"467f02a0\" data-element_type=\"widget\" data-e-type=\"widget\" data-widget_type=\"google_maps.default\">\n\t\t\t\t<div class=\"elementor-widget-container\">\n\t\t\t\t\t\t\t<div class=\"elementor-custom-embed\">\n\t\t\t<iframe loading=\"lazy\"\n\t\t\t\t\tsrc=\"https:\/\/www.google.com\/maps\/embed\/v1\/place?key=AIzaSyC1j1iK8FQx51JcFwNxcbaAudBg3BxuVow&#038;q=Sassinlahti&#038;zoom=13\"\n\t\t\t\t\ttitle=\"Sassinlahti\"\n\t\t\t\t\taria-label=\"Sassinlahti\"\n\t\t\t><\/iframe>\n\t\t<\/div>\n\t\t\t\t\t\t<\/div>\n\t\t\t\t<\/div>\n\t\t\t\t\t<\/div>\n\t\t<\/div>\n\t\t\t\t<div class=\"elementor-column elementor-col-50 elementor-inner-column elementor-element elementor-element-1fc15ef1\" data-id=\"1fc15ef1\" data-element_type=\"column\" data-e-type=\"column\">\n\t\t\t<div class=\"elementor-widget-wrap elementor-element-populated\">\n\t\t\t\t\t\t<div class=\"elementor-element elementor-element-1b1f14c elementor-widget elementor-widget-image\" data-id=\"1b1f14c\" data-element_type=\"widget\" data-e-type=\"widget\" data-widget_type=\"image.default\">\n\t\t\t\t<div class=\"elementor-widget-container\">\n\t\t\t\t\t\t\t\t\t\t\t\t<figure class=\"wp-caption\">\n\t\t\t\t\t\t\t\t\t\t\t<a href=\"https:\/\/lentopaikat.fi\/wp-content\/uploads\/SASSI-pikkukartta.png\" data-elementor-open-lightbox=\"yes\" data-elementor-lightbox-title=\"SASSI-pikkukartta\" data-e-action-hash=\"#elementor-action%3Aaction%3Dlightbox%26settings%3DeyJpZCI6MzUyOTIsInVybCI6Imh0dHBzOlwvXC9sZW50b3BhaWthdC5maVwvd3AtY29udGVudFwvdXBsb2Fkc1wvU0FTU0ktcGlra3VrYXJ0dGEucG5nIn0%3D\">\n\t\t\t\t\t\t\t<img fetchpriority=\"high\" decoding=\"async\" width=\"430\" height=\"757\" src=\"https:\/\/lentopaikat.fi\/wp-content\/uploads\/SASSI-pikkukartta.png\" class=\"attachment-large size-large wp-image-35292\" alt=\"\" srcset=\"https:\/\/lentopaikat.fi\/wp-content\/uploads\/SASSI-pikkukartta.png 430w, https:\/\/lentopaikat.fi\/wp-content\/uploads\/SASSI-pikkukartta-170x300.png 170w, https:\/\/lentopaikat.fi\/wp-content\/uploads\/SASSI-pikkukartta-7x12.png 7w\" sizes=\"(max-width: 430px) 100vw, 430px\" \/>\t\t\t\t\t\t\t\t<\/a>\n\t\t\t\t\t\t\t\t\t\t\t<figcaption class=\"widget-image-caption wp-caption-text\"><\/figcaption>\n\t\t\t\t\t\t\t\t\t\t<\/figure>\n\t\t\t\t\t\t\t\t\t<\/div>\n\t\t\t\t<\/div>\n\t\t\t\t<div class=\"elementor-element elementor-element-6079b9e1 elementor-widget elementor-widget-image\" data-id=\"6079b9e1\" data-element_type=\"widget\" data-e-type=\"widget\" data-widget_type=\"image.default\">\n\t\t\t\t<div class=\"elementor-widget-container\">\n\t\t\t\t\t\t\t\t\t\t\t\t<figure class=\"wp-caption\">\n\t\t\t\t\t\t\t\t\t\t\t<a href=\"https:\/\/lentopaikat.fi\/wp-content\/uploads\/SASSI_LDG.pdf\" target=\"_blank\">\n\t\t\t\t\t\t\t<img decoding=\"async\" width=\"724\" height=\"1024\" src=\"https:\/\/lentopaikat.fi\/wp-content\/uploads\/SASSI_LDG-scaled-724x1024.jpg\" class=\"attachment-large size-large wp-image-35298\" alt=\"\" srcset=\"https:\/\/lentopaikat.fi\/wp-content\/uploads\/SASSI_LDG-scaled-724x1024.jpg 724w, https:\/\/lentopaikat.fi\/wp-content\/uploads\/SASSI_LDG-scaled-212x300.jpg 212w, https:\/\/lentopaikat.fi\/wp-content\/uploads\/SASSI_LDG-scaled-768x1086.jpg 768w, https:\/\/lentopaikat.fi\/wp-content\/uploads\/SASSI_LDG-scaled-1086x1536.jpg 1086w, https:\/\/lentopaikat.fi\/wp-content\/uploads\/SASSI_LDG-scaled-1448x2048.jpg 1448w, https:\/\/lentopaikat.fi\/wp-content\/uploads\/SASSI_LDG-scaled-8x12.jpg 8w, https:\/\/lentopaikat.fi\/wp-content\/uploads\/SASSI_LDG-scaled.jpg 1810w\" sizes=\"(max-width: 724px) 100vw, 724px\" \/>\t\t\t\t\t\t\t\t<\/a>\n\t\t\t\t\t\t\t\t\t\t\t<figcaption class=\"widget-image-caption wp-caption-text\">LDG CHART, CLICK ON PICTURE TO OPEN PDF DOCUMENT<\/figcaption>\n\t\t\t\t\t\t\t\t\t\t<\/figure>\n\t\t\t\t\t\t\t\t\t<\/div>\n\t\t\t\t<\/div>\n\t\t<div class=\"elementor-element elementor-element-3374c2f4 e-flex e-con-boxed e-con e-parent\" data-id=\"3374c2f4\" data-element_type=\"container\" data-e-type=\"container\">\n\t\t\t\t\t<div class=\"e-con-inner\">\n\t\t\t\t<div class=\"elementor-element elementor-element-3ff281a5 elementor-arrows-position-inside elementor-widget elementor-widget-image-carousel\" data-id=\"3ff281a5\" data-element_type=\"widget\" data-e-type=\"widget\" data-settings=\"{&quot;slides_to_show&quot;:&quot;1&quot;,&quot;navigation&quot;:&quot;arrows&quot;,&quot;speed&quot;:900,&quot;autoplay&quot;:&quot;yes&quot;,&quot;pause_on_hover&quot;:&quot;yes&quot;,&quot;pause_on_interaction&quot;:&quot;yes&quot;,&quot;autoplay_speed&quot;:5000,&quot;infinite&quot;:&quot;yes&quot;,&quot;effect&quot;:&quot;slide&quot;}\" data-widget_type=\"image-carousel.default\">\n\t\t\t\t<div class=\"elementor-widget-container\">\n\t\t\t\t\t\t\t<div class=\"elementor-image-carousel-wrapper swiper\" role=\"region\" aria-roledescription=\"carousel\" aria-label=\"Image Carousel\" dir=\"ltr\">\n\t\t\t<div class=\"elementor-image-carousel swiper-wrapper swiper-image-stretch\" aria-live=\"off\">\n\t\t\t\t\t\t\t\t<div class=\"swiper-slide\" role=\"group\" aria-roledescription=\"slide\" aria-label=\"1 of 5\"><a data-elementor-open-lightbox=\"yes\" data-elementor-lightbox-slideshow=\"3ff281a5\" data-elementor-lightbox-title=\"sassi_ilma1\" data-elementor-lightbox-description=\"SASSIN KENTT\u00c4 L\u00c4NNEST\u00c4, M\u00c4NT\u00c4N KAUPUNGIN P\u00c4\u00c4LT\u00c4. VASEMMASSA ALAKULMASSA N\u00c4KYY MYLLYRANTA MISS\u00c4 ON RAVINTOLA.\" data-e-action-hash=\"#elementor-action%3Aaction%3Dlightbox%26settings%3DeyJpZCI6MzUyOTYsInVybCI6Imh0dHBzOlwvXC9sZW50b3BhaWthdC5maVwvd3AtY29udGVudFwvdXBsb2Fkc1wvc2Fzc2lfaWxtYTEuanBnIiwic2xpZGVzaG93IjoiM2ZmMjgxYTUifQ%3D%3D\" href=\"https:\/\/lentopaikat.fi\/wp-content\/uploads\/sassi_ilma1.jpg\"><figure class=\"swiper-slide-inner\"><img decoding=\"async\" class=\"swiper-slide-image\" src=\"https:\/\/lentopaikat.fi\/wp-content\/uploads\/sassi_ilma1-1024x668.jpg\" alt=\"SASSIN KENTT\u00c4 L\u00c4NNEST\u00c4, M\u00c4NT\u00c4N KAUPUNGIN P\u00c4\u00c4LT\u00c4. VASEMMASSA ALAKULMASSA N\u00c4KYY MYLLYRANTA MISS\u00c4 ON RAVINTOLA.\" \/><figcaption class=\"elementor-image-carousel-caption\">SASSIN KENTT\u00c4 L\u00c4NNEST\u00c4, M\u00c4NT\u00c4N KAUPUNGIN P\u00c4\u00c4LT\u00c4. VASEMMASSA ALAKULMASSA N\u00c4KYY MYLLYRANTA MISS\u00c4 ON RAVINTOLA.<\/figcaption><\/figure><\/a><\/div><div class=\"swiper-slide\" role=\"group\" aria-roledescription=\"slide\" aria-label=\"2 of 5\"><a data-elementor-open-lightbox=\"yes\" data-elementor-lightbox-slideshow=\"3ff281a5\" data-elementor-lightbox-title=\"sassi_ilma2\" data-elementor-lightbox-description=\"SASSIN KENTT\u00c4 KOILLISESTA.\" data-e-action-hash=\"#elementor-action%3Aaction%3Dlightbox%26settings%3DeyJpZCI6MzUyOTcsInVybCI6Imh0dHBzOlwvXC9sZW50b3BhaWthdC5maVwvd3AtY29udGVudFwvdXBsb2Fkc1wvc2Fzc2lfaWxtYTIuanBnIiwic2xpZGVzaG93IjoiM2ZmMjgxYTUifQ%3D%3D\" href=\"https:\/\/lentopaikat.fi\/wp-content\/uploads\/sassi_ilma2.jpg\"><figure class=\"swiper-slide-inner\"><img decoding=\"async\" class=\"swiper-slide-image\" src=\"https:\/\/lentopaikat.fi\/wp-content\/uploads\/sassi_ilma2-1024x676.jpg\" alt=\"SASSIN KENTT\u00c4 KOILLISESTA.\" \/><figcaption class=\"elementor-image-carousel-caption\">SASSIN KENTT\u00c4 KOILLISESTA.<\/figcaption><\/figure><\/a><\/div><div class=\"swiper-slide\" role=\"group\" aria-roledescription=\"slide\" aria-label=\"3 of 5\"><a data-elementor-open-lightbox=\"yes\" data-elementor-lightbox-slideshow=\"3ff281a5\" data-elementor-lightbox-title=\"DCIM100MEDIADJI_0133.JPG\" data-e-action-hash=\"#elementor-action%3Aaction%3Dlightbox%26settings%3DeyJpZCI6MzUyOTUsInVybCI6Imh0dHBzOlwvXC9sZW50b3BhaWthdC5maVwvd3AtY29udGVudFwvdXBsb2Fkc1wvU0FTU0lfQUlSLmpwZyIsInNsaWRlc2hvdyI6IjNmZjI4MWE1In0%3D\" href=\"https:\/\/lentopaikat.fi\/wp-content\/uploads\/SASSI_AIR.jpg\"><figure class=\"swiper-slide-inner\"><img decoding=\"async\" class=\"swiper-slide-image\" src=\"https:\/\/lentopaikat.fi\/wp-content\/uploads\/SASSI_AIR-1024x768.jpg\" alt=\"DCIM100MEDIADJI_0133.JPG\" \/><figcaption class=\"elementor-image-carousel-caption\">DCIM100MEDIADJI_0133.JPG<\/figcaption><\/figure><\/a><\/div><div class=\"swiper-slide\" role=\"group\" aria-roledescription=\"slide\" aria-label=\"4 of 5\"><a data-elementor-open-lightbox=\"yes\" data-elementor-lightbox-slideshow=\"3ff281a5\" data-elementor-lightbox-title=\"DCIM100MEDIADJI_0112.JPG\" data-e-action-hash=\"#elementor-action%3Aaction%3Dlightbox%26settings%3DeyJpZCI6MzUyOTQsInVybCI6Imh0dHBzOlwvXC9sZW50b3BhaWthdC5maVwvd3AtY29udGVudFwvdXBsb2Fkc1wvc2Fzc2kyLmpwZyIsInNsaWRlc2hvdyI6IjNmZjI4MWE1In0%3D\" href=\"https:\/\/lentopaikat.fi\/wp-content\/uploads\/sassi2.jpg\"><figure class=\"swiper-slide-inner\"><img decoding=\"async\" class=\"swiper-slide-image\" src=\"https:\/\/lentopaikat.fi\/wp-content\/uploads\/sassi2.jpg\" alt=\"DCIM100MEDIADJI_0112.JPG\" \/><figcaption class=\"elementor-image-carousel-caption\">DCIM100MEDIADJI_0112.JPG<\/figcaption><\/figure><\/a><\/div><div class=\"swiper-slide\" role=\"group\" aria-roledescription=\"slide\" aria-label=\"5 of 5\"><a data-elementor-open-lightbox=\"yes\" data-elementor-lightbox-slideshow=\"3ff281a5\" data-elementor-lightbox-title=\"DCIM100MEDIADJI_0089.JPG\" data-e-action-hash=\"#elementor-action%3Aaction%3Dlightbox%26settings%3DeyJpZCI6MzUyOTMsInVybCI6Imh0dHBzOlwvXC9sZW50b3BhaWthdC5maVwvd3AtY29udGVudFwvdXBsb2Fkc1wvc2Fzc2kxLmpwZyIsInNsaWRlc2hvdyI6IjNmZjI4MWE1In0%3D\" href=\"https:\/\/lentopaikat.fi\/wp-content\/uploads\/sassi1.jpg\"><figure class=\"swiper-slide-inner\"><img decoding=\"async\" class=\"swiper-slide-image\" src=\"https:\/\/lentopaikat.fi\/wp-content\/uploads\/sassi1.jpg\" alt=\"DCIM100MEDIADJI_0089.JPG\" \/><figcaption class=\"elementor-image-carousel-caption\">DCIM100MEDIADJI_0089.JPG<\/figcaption><\/figure><\/a><\/div>\t\t\t<\/div>\n\t\t\t\t\t\t\t\t\t\t\t\t<div class=\"elementor-swiper-button elementor-swiper-button-prev\" role=\"button\" tabindex=\"0\">\n\t\t\t\t\t\t<i aria-hidden=\"true\" class=\"eicon-chevron-left\"><\/i>\t\t\t\t\t<\/div>\n\t\t\t\t\t<div class=\"elementor-swiper-button elementor-swiper-button-next\" role=\"button\" tabindex=\"0\">\n\t\t\t\t\t\t<i aria-hidden=\"true\" class=\"eicon-chevron-right\"><\/i>\t\t\t\t\t<\/div>\n\t\t\t\t\n\t\t\t\t\t\t\t\t\t<\/div>\n\t\t\t\t\t\t<\/div>\n\t\t\t\t<\/div>\n\t\t\t\t\t<\/div>\n\t\t\t\t<\/div>\n\t\t\t\t\t<\/div>\n\t\t<\/div>\n\t\t\t\t\t<\/div>\n\t\t<\/section>\n\t\t\t\t\t<\/div>\n\t\t<\/div>\n\t\t\t\t\t<\/div>\n\t\t<\/section>\n\t\t\t\t<\/div>\n\t\t","protected":false},"excerpt":{"rendered":"<p>M\u00e4ntt\u00e4 Warning! T\u00e4m\u00e4 on ns, &#8220;k\u00f6yh\u00e4n miehen NOTAM&#8221; eli t\u00e4ll\u00e4 voi varoittaa kent\u00e4ll\u00e4 tapahtuvasta poikkeavasta toiminnasta. T\u00e4m\u00e4 ilmoitus on ajastettavissa ja n\u00e4kyy vain silloin kun on jotain varoitettaavaa Varoitus ei ole suljettavissaT\u00e4m\u00e4n aikaa voi s\u00e4\u00e4t\u00e4 vasemmalta Visibility v\u00e4lilehdest\u00e4 1. Sunset and sunrise and the SERA definition of night 2. General information: M\u00e4ntt\u00e4&#8217;s gravel-surfaced unofficial airport [&hellip;]<\/p>\n","protected":false},"author":1,"featured_media":0,"parent":0,"menu_order":0,"comment_status":"closed","ping_status":"closed","template":"","meta":{"inline_featured_image":false,"_lmt_disableupdate":"","_lmt_disable":"","footnotes":""},"class_list":["post-36187","page","type-page","status-publish","hentry"],"_links":{"self":[{"href":"https:\/\/lentopaikat.fi\/en\/wp-json\/wp\/v2\/pages\/36187","targetHints":{"allow":["GET"]}}],"collection":[{"href":"https:\/\/lentopaikat.fi\/en\/wp-json\/wp\/v2\/pages"}],"about":[{"href":"https:\/\/lentopaikat.fi\/en\/wp-json\/wp\/v2\/types\/page"}],"author":[{"embeddable":true,"href":"https:\/\/lentopaikat.fi\/en\/wp-json\/wp\/v2\/users\/1"}],"replies":[{"embeddable":true,"href":"https:\/\/lentopaikat.fi\/en\/wp-json\/wp\/v2\/comments?post=36187"}],"version-history":[{"count":0,"href":"https:\/\/lentopaikat.fi\/en\/wp-json\/wp\/v2\/pages\/36187\/revisions"}],"wp:attachment":[{"href":"https:\/\/lentopaikat.fi\/en\/wp-json\/wp\/v2\/media?parent=36187"}],"curies":[{"name":"wp","href":"https:\/\/api.w.org\/{rel}","templated":true}]}}