{"id":36165,"date":"2022-11-17T22:25:30","date_gmt":"2022-11-17T20:25:30","guid":{"rendered":"https:\/\/lentopaikat.fi\/menkijarvi-efme\/"},"modified":"2025-06-18T12:18:00","modified_gmt":"2025-06-18T10:18:00","slug":"menkijarvi-efme","status":"publish","type":"page","link":"https:\/\/lentopaikat.fi\/en\/menkijarvi-efme\/","title":{"rendered":"Menkij\u00e4rvi &#8211; EFME"},"content":{"rendered":"\t\t<div data-elementor-type=\"wp-page\" data-elementor-id=\"36165\" class=\"elementor elementor-36165 elementor-36156\" data-elementor-post-type=\"page\">\n\t\t\t\t\t\t<section class=\"elementor-section elementor-top-section elementor-element elementor-element-5dfe8148 elementor-section-height-min-height elementor-section-full_width elementor-section-height-default elementor-section-items-middle\" data-id=\"5dfe8148\" data-element_type=\"section\" data-e-type=\"section\" data-settings=\"{&quot;background_background&quot;:&quot;classic&quot;}\">\n\t\t\t\t\t\t\t<div class=\"elementor-background-overlay\"><\/div>\n\t\t\t\t\t\t\t<div class=\"elementor-container elementor-column-gap-default\">\n\t\t\t\t\t<div class=\"elementor-column elementor-col-50 elementor-top-column elementor-element elementor-element-6595e726\" data-id=\"6595e726\" data-element_type=\"column\" data-e-type=\"column\">\n\t\t\t<div class=\"elementor-widget-wrap elementor-element-populated\">\n\t\t\t\t\t\t<div class=\"elementor-element elementor-element-2bdf48bc elementor-widget elementor-widget-heading\" data-id=\"2bdf48bc\" data-element_type=\"widget\" data-e-type=\"widget\" data-widget_type=\"heading.default\">\n\t\t\t\t<div class=\"elementor-widget-container\">\n\t\t\t\t\t<h2 class=\"elementor-heading-title elementor-size-default\">Menkij\u00e4rvi - EFME<\/h2>\t\t\t\t<\/div>\n\t\t\t\t<\/div>\n\t\t\t\t\t<\/div>\n\t\t<\/div>\n\t\t\t\t<div class=\"elementor-column elementor-col-50 elementor-top-column elementor-element elementor-element-385debd2\" data-id=\"385debd2\" data-element_type=\"column\" data-e-type=\"column\">\n\t\t\t<div class=\"elementor-widget-wrap\">\n\t\t\t\t\t\t\t<\/div>\n\t\t<\/div>\n\t\t\t\t\t<\/div>\n\t\t<\/section>\n\t\t\t\t<section class=\"elementor-section elementor-top-section elementor-element elementor-element-4c213a3c elementor-section-full_width elementor-section-height-default elementor-section-height-default\" data-id=\"4c213a3c\" data-element_type=\"section\" data-e-type=\"section\">\n\t\t\t\t\t\t<div class=\"elementor-container elementor-column-gap-default\">\n\t\t\t\t\t<div class=\"elementor-column elementor-col-100 elementor-top-column elementor-element elementor-element-6e0cd1a1\" data-id=\"6e0cd1a1\" data-element_type=\"column\" data-e-type=\"column\">\n\t\t\t<div class=\"elementor-widget-wrap elementor-element-populated\">\n\t\t\t\t\t\t<section class=\"elementor-section elementor-inner-section elementor-element elementor-element-257e1d3e elementor-section-full_width elementor-section-height-default elementor-section-height-default\" data-id=\"257e1d3e\" data-element_type=\"section\" data-e-type=\"section\">\n\t\t\t\t\t\t<div class=\"elementor-container elementor-column-gap-wide\">\n\t\t\t\t\t<div class=\"elementor-column elementor-col-50 elementor-inner-column elementor-element elementor-element-382dd2fc\" data-id=\"382dd2fc\" data-element_type=\"column\" data-e-type=\"column\">\n\t\t\t<div class=\"elementor-widget-wrap elementor-element-populated\">\n\t\t\t\t\t\t<div class=\"elementor-element elementor-element-1c554415 elementor-alert-info elementor-widget elementor-widget-alert\" data-id=\"1c554415\" data-element_type=\"widget\" data-e-type=\"widget\" data-widget_type=\"alert.default\">\n\t\t\t\t<div class=\"elementor-widget-container\">\n\t\t\t\t\t\t\t<div class=\"elementor-alert\" role=\"alert\">\n\n\t\t\t\t\t\t<span class=\"elementor-alert-title\">INFO<\/span>\n\t\t\t\n\t\t\t\t\t\t<span class=\"elementor-alert-description\"><p><strong>Runway 22 Threshold temporarily relocated!<\/strong><\/p>\n<p>New TM35FIN coordinates for the thresholds:<br \/>04: N698 4046 E322 772<br \/>22: N698 4638 E323488<br \/>New runway length 930 m.<\/p>\n<\/span>\n\t\t\t\n\t\t\t\n\t\t<\/div>\n\t\t\t\t\t\t<\/div>\n\t\t\t\t<\/div>\n\t\t\t\t<div class=\"elementor-element elementor-element-3486270 elementor-widget elementor-widget-heading\" data-id=\"3486270\" data-element_type=\"widget\" data-e-type=\"widget\" data-widget_type=\"heading.default\">\n\t\t\t\t<div class=\"elementor-widget-container\">\n\t\t\t\t\t<h5 class=\"elementor-heading-title elementor-size-default\">1. Sunset and sunrise and the SERA definition of night<\/h5>\t\t\t\t<\/div>\n\t\t\t\t<\/div>\n\t\t\t\t<div class=\"elementor-element elementor-element-2d8f40e elementor-widget elementor-widget-shortcode\" data-id=\"2d8f40e\" data-element_type=\"widget\" data-e-type=\"widget\" data-widget_type=\"shortcode.default\">\n\t\t\t\t<div class=\"elementor-widget-container\">\n\t\t\t\t\t\t\t<div class=\"elementor-shortcode\"><table><tbody><tr><td>Finnish time today, 20.04.2026<\/br><b> - Night ends: 04:51<\/br> - Sunrise: 05:45<\/br> - Sunset: 21:07<\/br> - Night begins: 22:00<\/br><\/b><\/td>\r\n<td> Times tomorrow <\/br><b> - Night ends tomorrow: 04:48<\/br> - Sunrise tomorrow: 05:42<\/br> - sunset tomorrow: 21:09<\/br> - Night begins tomorrow: 22:03<\/b><\/td><\/tr><\/tbody><\/table><\/div>\n\t\t\t\t\t\t<\/div>\n\t\t\t\t<\/div>\n\t\t\t\t<div class=\"elementor-element elementor-element-69785073 elementor-widget elementor-widget-heading\" data-id=\"69785073\" data-element_type=\"widget\" data-e-type=\"widget\" data-widget_type=\"heading.default\">\n\t\t\t\t<div class=\"elementor-widget-container\">\n\t\t\t\t\t<h5 class=\"elementor-heading-title elementor-size-default\">2. General information:<\/h5>\t\t\t\t<\/div>\n\t\t\t\t<\/div>\n\t\t\t\t<div class=\"elementor-element elementor-element-448c0085 elementor-widget elementor-widget-text-editor\" data-id=\"448c0085\" data-element_type=\"widget\" data-e-type=\"widget\" data-widget_type=\"text-editor.default\">\n\t\t\t\t<div class=\"elementor-widget-container\">\n\t\t\t\t\t\t\t\t\t<p>A relatively aktive airfield, situated in the Menkij\u00e4rvi village of Alaj\u00e4rvi. The Alaj\u00e4rven Ilmailukerho flying club, the J\u00e4rviseudun Lentokerho flying club, and the Vaasan Lentokerho flying club use this field, and in the summer the Flying club of the Finnish Air Force training school and Etel\u00e4-Pohjanmaan flying club also use this field.<br \/>The Vaasan Lentokerho flying club has accommodation facilities comprising rooms for 1-4 people, furnished with beds and a table. Additionally there is a kitchen with a micro-oven, an oven, and a refrigerator. The facilities are intended for club members, but guest accommodation can also be provided. The treasurer of the club will provide information concerning accommodation.<\/p>\n\t\t\t\t\t\t\t\t<\/div>\n\t\t\t\t<\/div>\n\t\t\t\t<div class=\"elementor-element elementor-element-6dce165 elementor-widget elementor-widget-heading\" data-id=\"6dce165\" data-element_type=\"widget\" data-e-type=\"widget\" data-widget_type=\"heading.default\">\n\t\t\t\t<div class=\"elementor-widget-container\">\n\t\t\t\t\t<h5 class=\"elementor-heading-title elementor-size-default\">3.  Price Information:<\/h5>\t\t\t\t<\/div>\n\t\t\t\t<\/div>\n\t\t\t\t<div class=\"elementor-element elementor-element-66be16bf elementor-widget elementor-widget-text-editor\" data-id=\"66be16bf\" data-element_type=\"widget\" data-e-type=\"widget\" data-widget_type=\"text-editor.default\">\n\t\t\t\t<div class=\"elementor-widget-container\">\n\t\t\t\t\t\t\t\t\t<p>NIL<\/p>\n\t\t\t\t\t\t\t\t<\/div>\n\t\t\t\t<\/div>\n\t\t\t\t<div class=\"elementor-element elementor-element-21b2f4ca elementor-widget elementor-widget-heading\" data-id=\"21b2f4ca\" data-element_type=\"widget\" data-e-type=\"widget\" data-widget_type=\"heading.default\">\n\t\t\t\t<div class=\"elementor-widget-container\">\n\t\t\t\t\t<h5 class=\"elementor-heading-title elementor-size-default\">4. The Airport:<\/h5>\t\t\t\t<\/div>\n\t\t\t\t<\/div>\n\t\t\t\t<div class=\"elementor-element elementor-element-370d4bf0 elementor-widget elementor-widget-text-editor\" data-id=\"370d4bf0\" data-element_type=\"widget\" data-e-type=\"widget\" data-widget_type=\"text-editor.default\">\n\t\t\t\t<div class=\"elementor-widget-container\">\n\t\t\t\t\t\t\t\t\t<p data-start=\"50\" data-end=\"233\">Main runway 04\/22 is in good condition. On the taxiway, there are occasional small surface cracks and some loose sand and stones. There are no edge obstacles affecting the runway.<\/p>\n<p><\/p>\n<p data-start=\"235\" data-end=\"578\" data-is-last-node=\"\" data-is-only-node=\"\">Old runway 21\/03 is primarily used for tow plane landings and as an emergency landing site for gliders. The runway surface (bituminous gravel) is cracked and occasionally has potholes. <strong data-start=\"424\" data-end=\"457\">RUNWAY 21\/03 IS NOT APPROVED!<\/strong><br data-start=\"457\" data-end=\"460\" \/>There is also overgrown birch vegetation on runway 21\/03, as well as potential vehicle traffic crossing the threshold.<\/p>\n\t\t\t\t\t\t\t\t<\/div>\n\t\t\t\t<\/div>\n\t\t\t\t<div class=\"elementor-element elementor-element-2347ec98 elementor-widget elementor-widget-heading\" data-id=\"2347ec98\" data-element_type=\"widget\" data-e-type=\"widget\" data-widget_type=\"heading.default\">\n\t\t\t\t<div class=\"elementor-widget-container\">\n\t\t\t\t\t<h5 class=\"elementor-heading-title elementor-size-default\">5. Basic data:<\/h5>\t\t\t\t<\/div>\n\t\t\t\t<\/div>\n\t\t\t\t<div class=\"elementor-element elementor-element-488e89be elementor-widget elementor-widget-text-editor\" data-id=\"488e89be\" data-element_type=\"widget\" data-e-type=\"widget\" data-widget_type=\"text-editor.default\">\n\t\t\t\t<div class=\"elementor-widget-container\">\n\t\t\t\t\t\t\t\t\t<p><strong>Coordinates:<\/strong> 625648N 0233108E<br \/><strong>Runways:<\/strong> 04\/22 \u2013 1200 x 22 m \u2013 Asphalt<br \/><strong>LDA:<\/strong> 04: 960 m, 22: 1140 m<br \/><strong>Radio Frequency:<\/strong> 123,500<br \/><strong>Airport altitude:<\/strong> 101 m (331 ft)<br \/><strong>Fuel availablility:<\/strong> Maintained by Vaasan lentokerho flying club.<br \/><strong>Announcements:<\/strong>\u00a0<a class=\"popup\" href=\"https:\/\/lentopaikat.fi\/notam\/notam.php?a=EFME\" data-width=\"500\" data-height=\"600\" data-scrollbars=\"1\">NOTAM<\/a><\/p>\n\t\t\t\t\t\t\t\t<\/div>\n\t\t\t\t<\/div>\n\t\t\t\t<div class=\"elementor-element elementor-element-466866d7 elementor-widget elementor-widget-heading\" data-id=\"466866d7\" data-element_type=\"widget\" data-e-type=\"widget\" data-widget_type=\"heading.default\">\n\t\t\t\t<div class=\"elementor-widget-container\">\n\t\t\t\t\t<h5 class=\"elementor-heading-title elementor-size-default\"> 6. Sight seeing and services<\/h5>\t\t\t\t<\/div>\n\t\t\t\t<\/div>\n\t\t\t\t<div class=\"elementor-element elementor-element-7147fc53 elementor-widget elementor-widget-text-editor\" data-id=\"7147fc53\" data-element_type=\"widget\" data-e-type=\"widget\" data-widget_type=\"text-editor.default\">\n\t\t\t\t<div class=\"elementor-widget-container\">\n\t\t\t\t\t\t\t\t\t<p>In the summer daily caf\u00e9 services at lake shore where there are also accommodation possibilities including a very nice sauna.<br \/>Other recommended shops and restaurants: Kanavan Kievari (10km), Kurejoki at the end of road 711, Alaj\u00e4rvi (16km), Kuortane (16km), or Lapua centre (34km). Public swimming beach in the direction of runway 22 when viewed from the caf\u00e9. Public sauna-baths on Tuesdays, Thursdays and Saturdays (dressing stalls + WC).<\/p>\n<p>Hotel Alvariini: Alaj\u00e4rvi center: accommodation\/dining, with a bowling alley separated by a glass wall.<br \/>Pizzeria Albert: pizza, kebab, etc. Alaj\u00e4rvi center<br \/>Turkish Chili: pizza, kebab, etc. Alaj\u00e4rvi center<br \/>Nopos Grilli: Alaj\u00e4rvi center<br \/>Ski center Lakis: skiing<\/p>\n\t\t\t\t\t\t\t\t<\/div>\n\t\t\t\t<\/div>\n\t\t\t\t<div class=\"elementor-element elementor-element-3e04f88 elementor-widget elementor-widget-heading\" data-id=\"3e04f88\" data-element_type=\"widget\" data-e-type=\"widget\" data-widget_type=\"heading.default\">\n\t\t\t\t<div class=\"elementor-widget-container\">\n\t\t\t\t\t<h5 class=\"elementor-heading-title elementor-size-default\">7. Contact information:<\/h5>\t\t\t\t<\/div>\n\t\t\t\t<\/div>\n\t\t\t\t<div class=\"elementor-element elementor-element-7d373698 elementor-widget elementor-widget-text-editor\" data-id=\"7d373698\" data-element_type=\"widget\" data-e-type=\"widget\" data-widget_type=\"text-editor.default\">\n\t\t\t\t<div class=\"elementor-widget-container\">\n\t\t\t\t\t\t\t\t\t<p>Airport Chief: Jouko Hietam\u00e4ki Phone +358 400-168 127<br \/>Airport co-operative chairman: Jouni Lakaniemi +358 50-5773106<br \/>Vaasan Lentokerho flying club schooling manager: Ilmo Leino Phone +358 40-353 9740<br \/>Taxi +358 500 265 099<\/p>\n\t\t\t\t\t\t\t\t<\/div>\n\t\t\t\t<\/div>\n\t\t\t\t<div class=\"elementor-element elementor-element-170b41b5 elementor-widget elementor-widget-heading\" data-id=\"170b41b5\" data-element_type=\"widget\" data-e-type=\"widget\" data-widget_type=\"heading.default\">\n\t\t\t\t<div class=\"elementor-widget-container\">\n\t\t\t\t\t<h5 class=\"elementor-heading-title elementor-size-default\">8.  Links:<\/h5>\t\t\t\t<\/div>\n\t\t\t\t<\/div>\n\t\t\t\t<div class=\"elementor-element elementor-element-327fcc9a elementor-widget elementor-widget-text-editor\" data-id=\"327fcc9a\" data-element_type=\"widget\" data-e-type=\"widget\" data-widget_type=\"text-editor.default\">\n\t\t\t\t<div class=\"elementor-widget-container\">\n\t\t\t\t\t\t\t\t\t<ul>\n<li><a href=\"http:\/\/www.menkijarvi.fi\/\" target=\"_blank&quot;\">Menkij\u00e4rvi village<\/a><\/li>\n<li><a href=\"https:\/\/ilmasotakoulunlentokerho.com\/\" target=\"_blank\" rel=\"noopener\">Ilmasotakoulun Lentokerho Flying club of the Air Force training school<\/a><\/li>\n<li><a href=\"http:\/\/www.vaasanlentokerho.fi\/\" target=\"_blank\" rel=\"noopener\">Vaasan Lentokerho flying club<\/a><\/li>\n<li><a href=\"http:\/\/www.alajarvi.fi\/\" target=\"_blank\" rel=\"noopener\">Alaj\u00e4rvi township<\/a><\/li>\n<\/ul>\n\t\t\t\t\t\t\t\t<\/div>\n\t\t\t\t<\/div>\n\t\t\t\t<div class=\"elementor-element elementor-element-72093a7d elementor-widget elementor-widget-heading\" data-id=\"72093a7d\" data-element_type=\"widget\" data-e-type=\"widget\" data-widget_type=\"heading.default\">\n\t\t\t\t<div class=\"elementor-widget-container\">\n\t\t\t\t\t<h5 class=\"elementor-heading-title elementor-size-default\">9. Map<\/h5>\t\t\t\t<\/div>\n\t\t\t\t<\/div>\n\t\t\t\t<div class=\"elementor-element elementor-element-41abcb14 elementor-widget elementor-widget-google_maps\" data-id=\"41abcb14\" data-element_type=\"widget\" data-e-type=\"widget\" data-widget_type=\"google_maps.default\">\n\t\t\t\t<div class=\"elementor-widget-container\">\n\t\t\t\t\t\t\t<div class=\"elementor-custom-embed\">\n\t\t\t<iframe loading=\"lazy\"\n\t\t\t\t\tsrc=\"https:\/\/www.google.com\/maps\/embed\/v1\/place?key=AIzaSyC1j1iK8FQx51JcFwNxcbaAudBg3BxuVow&#038;q=Menkij%C3%A4rven%20lentokentt%C3%A4&#038;zoom=13\"\n\t\t\t\t\ttitle=\"Menkij\u00e4rven lentokentt\u00e4\"\n\t\t\t\t\taria-label=\"Menkij\u00e4rven lentokentt\u00e4\"\n\t\t\t><\/iframe>\n\t\t<\/div>\n\t\t\t\t\t\t<\/div>\n\t\t\t\t<\/div>\n\t\t\t\t\t<\/div>\n\t\t<\/div>\n\t\t\t\t<div class=\"elementor-column elementor-col-50 elementor-inner-column elementor-element elementor-element-27f636ca\" data-id=\"27f636ca\" data-element_type=\"column\" data-e-type=\"column\">\n\t\t\t<div class=\"elementor-widget-wrap elementor-element-populated\">\n\t\t\t\t\t\t<div class=\"elementor-element elementor-element-69f2cd20 elementor-widget elementor-widget-image\" data-id=\"69f2cd20\" data-element_type=\"widget\" data-e-type=\"widget\" data-widget_type=\"image.default\">\n\t\t\t\t<div class=\"elementor-widget-container\">\n\t\t\t\t\t\t\t\t\t\t\t\t<figure class=\"wp-caption\">\n\t\t\t\t\t\t\t\t\t\t\t<a href=\"https:\/\/lentopaikat.fi\/wp-content\/uploads\/efme.gif\" data-elementor-open-lightbox=\"yes\" data-elementor-lightbox-title=\"efme\" data-e-action-hash=\"#elementor-action%3Aaction%3Dlightbox%26settings%3DeyJpZCI6MzQ5MzUsInVybCI6Imh0dHBzOlwvXC9sZW50b3BhaWthdC5maVwvd3AtY29udGVudFwvdXBsb2Fkc1wvZWZtZS5naWYifQ%3D%3D\">\n\t\t\t\t\t\t\t<img fetchpriority=\"high\" decoding=\"async\" width=\"200\" height=\"352\" src=\"https:\/\/lentopaikat.fi\/wp-content\/uploads\/efme.gif\" class=\"attachment-large size-large wp-image-34935\" alt=\"\" \/>\t\t\t\t\t\t\t\t<\/a>\n\t\t\t\t\t\t\t\t\t\t\t<figcaption class=\"widget-image-caption wp-caption-text\"><\/figcaption>\n\t\t\t\t\t\t\t\t\t\t<\/figure>\n\t\t\t\t\t\t\t\t\t<\/div>\n\t\t\t\t<\/div>\n\t\t\t\t<div class=\"elementor-element elementor-element-3374340e elementor-widget elementor-widget-image\" data-id=\"3374340e\" data-element_type=\"widget\" data-e-type=\"widget\" data-widget_type=\"image.default\">\n\t\t\t\t<div class=\"elementor-widget-container\">\n\t\t\t\t\t\t\t\t\t\t\t\t<figure class=\"wp-caption\">\n\t\t\t\t\t\t\t\t\t\t\t<a href=\"https:\/\/lentopaikat.fi\/wp-content\/uploads\/EFME_LDG.pdf\" target=\"_blank\">\n\t\t\t\t\t\t\t<img decoding=\"async\" width=\"724\" height=\"1024\" src=\"https:\/\/lentopaikat.fi\/wp-content\/uploads\/EFME_LDG-724x1024.jpg\" class=\"attachment-large size-large wp-image-34939\" alt=\"\" srcset=\"https:\/\/lentopaikat.fi\/wp-content\/uploads\/EFME_LDG-724x1024.jpg 724w, https:\/\/lentopaikat.fi\/wp-content\/uploads\/EFME_LDG-212x300.jpg 212w, https:\/\/lentopaikat.fi\/wp-content\/uploads\/EFME_LDG-768x1087.jpg 768w, https:\/\/lentopaikat.fi\/wp-content\/uploads\/EFME_LDG-1086x1536.jpg 1086w, https:\/\/lentopaikat.fi\/wp-content\/uploads\/EFME_LDG-1447x2048.jpg 1447w, https:\/\/lentopaikat.fi\/wp-content\/uploads\/EFME_LDG-8x12.jpg 8w, https:\/\/lentopaikat.fi\/wp-content\/uploads\/EFME_LDG.jpg 1653w\" sizes=\"(max-width: 724px) 100vw, 724px\" \/>\t\t\t\t\t\t\t\t<\/a>\n\t\t\t\t\t\t\t\t\t\t\t<figcaption class=\"widget-image-caption wp-caption-text\">LDG CHART, CLICK ON PICTURE TO OPEN PDF DOCUMENT<\/figcaption>\n\t\t\t\t\t\t\t\t\t\t<\/figure>\n\t\t\t\t\t\t\t\t\t<\/div>\n\t\t\t\t<\/div>\n\t\t<div class=\"elementor-element elementor-element-1fa9ae41 e-flex e-con-boxed e-con e-parent\" data-id=\"1fa9ae41\" data-element_type=\"container\" data-e-type=\"container\">\n\t\t\t\t\t<div class=\"e-con-inner\">\n\t\t\t\t<div class=\"elementor-element elementor-element-15be6611 elementor-arrows-position-inside elementor-widget elementor-widget-image-carousel\" data-id=\"15be6611\" data-element_type=\"widget\" data-e-type=\"widget\" data-settings=\"{&quot;slides_to_show&quot;:&quot;1&quot;,&quot;navigation&quot;:&quot;arrows&quot;,&quot;speed&quot;:900,&quot;autoplay&quot;:&quot;yes&quot;,&quot;pause_on_hover&quot;:&quot;yes&quot;,&quot;pause_on_interaction&quot;:&quot;yes&quot;,&quot;autoplay_speed&quot;:5000,&quot;infinite&quot;:&quot;yes&quot;,&quot;effect&quot;:&quot;slide&quot;}\" data-widget_type=\"image-carousel.default\">\n\t\t\t\t<div class=\"elementor-widget-container\">\n\t\t\t\t\t\t\t<div class=\"elementor-image-carousel-wrapper swiper\" role=\"region\" aria-roledescription=\"carousel\" aria-label=\"Kuvakaruselli\" dir=\"ltr\">\n\t\t\t<div class=\"elementor-image-carousel swiper-wrapper swiper-image-stretch\" aria-live=\"off\">\n\t\t\t\t\t\t\t\t<div class=\"swiper-slide\" role=\"group\" aria-roledescription=\"slide\" aria-label=\"1 of 3\"><a data-elementor-open-lightbox=\"yes\" data-elementor-lightbox-slideshow=\"15be6611\" data-elementor-lightbox-title=\"efme_air\" data-elementor-lightbox-description=\"MENKIJ\u00c4RVEN KENTT\u00c4 ILMASTA K\u00c4SIN N\u00c4HTYN\u00c4 ELOKUUSSA 2008. KUVA AARNO ISOM\u00c4KI. (KLIKKAA SUUREKSI)\" data-e-action-hash=\"#elementor-action%3Aaction%3Dlightbox%26settings%3DeyJpZCI6MzQ5MzYsInVybCI6Imh0dHBzOlwvXC9sZW50b3BhaWthdC5maVwvd3AtY29udGVudFwvdXBsb2Fkc1wvZWZtZV9haXIuanBnIiwic2xpZGVzaG93IjoiMTViZTY2MTEifQ%3D%3D\" href=\"https:\/\/lentopaikat.fi\/wp-content\/uploads\/efme_air.jpg\"><figure class=\"swiper-slide-inner\"><img decoding=\"async\" class=\"swiper-slide-image\" src=\"https:\/\/lentopaikat.fi\/wp-content\/uploads\/efme_air.jpg\" alt=\"MENKIJ\u00c4RVEN KENTT\u00c4 ILMASTA K\u00c4SIN N\u00c4HTYN\u00c4 ELOKUUSSA 2008. KUVA AARNO ISOM\u00c4KI. (KLIKKAA SUUREKSI)\" \/><figcaption class=\"elementor-image-carousel-caption\">MENKIJ\u00c4RVEN KENTT\u00c4 ILMASTA K\u00c4SIN N\u00c4HTYN\u00c4 ELOKUUSSA 2008. KUVA AARNO ISOM\u00c4KI. (KLIKKAA SUUREKSI)<\/figcaption><\/figure><\/a><\/div><div class=\"swiper-slide\" role=\"group\" aria-roledescription=\"slide\" aria-label=\"2 of 3\"><a data-elementor-open-lightbox=\"yes\" data-elementor-lightbox-slideshow=\"15be6611\" data-elementor-lightbox-title=\"efme_air3\" data-elementor-lightbox-description=\"L\u00c4HEMPI ILMAKUVA. KUVA AARNO ISOM\u00c4KI. ELOKUU 2008. (KLIKKAA SUUREKSI)\" data-e-action-hash=\"#elementor-action%3Aaction%3Dlightbox%26settings%3DeyJpZCI6MzQ5MzgsInVybCI6Imh0dHBzOlwvXC9sZW50b3BhaWthdC5maVwvd3AtY29udGVudFwvdXBsb2Fkc1wvZWZtZV9haXIzLmpwZyIsInNsaWRlc2hvdyI6IjE1YmU2NjExIn0%3D\" href=\"https:\/\/lentopaikat.fi\/wp-content\/uploads\/efme_air3.jpg\"><figure class=\"swiper-slide-inner\"><img decoding=\"async\" class=\"swiper-slide-image\" src=\"https:\/\/lentopaikat.fi\/wp-content\/uploads\/efme_air3.jpg\" alt=\"L\u00c4HEMPI ILMAKUVA. KUVA AARNO ISOM\u00c4KI. ELOKUU 2008. (KLIKKAA SUUREKSI)\" \/><figcaption class=\"elementor-image-carousel-caption\">L\u00c4HEMPI ILMAKUVA. KUVA AARNO ISOM\u00c4KI. ELOKUU 2008. (KLIKKAA SUUREKSI)<\/figcaption><\/figure><\/a><\/div><div class=\"swiper-slide\" role=\"group\" aria-roledescription=\"slide\" aria-label=\"3 of 3\"><a data-elementor-open-lightbox=\"yes\" data-elementor-lightbox-slideshow=\"15be6611\" data-elementor-lightbox-title=\"efme_air2\" data-elementor-lightbox-description=\"KENT\u00c4N HALLIALUE 6.8.2005. KUVA JARI PAKKANEN. (KLIKKAA SUUREKSI)\" data-e-action-hash=\"#elementor-action%3Aaction%3Dlightbox%26settings%3DeyJpZCI6MzQ5MzcsInVybCI6Imh0dHBzOlwvXC9sZW50b3BhaWthdC5maVwvd3AtY29udGVudFwvdXBsb2Fkc1wvZWZtZV9haXIyLmpwZyIsInNsaWRlc2hvdyI6IjE1YmU2NjExIn0%3D\" href=\"https:\/\/lentopaikat.fi\/wp-content\/uploads\/efme_air2.jpg\"><figure class=\"swiper-slide-inner\"><img decoding=\"async\" class=\"swiper-slide-image\" src=\"https:\/\/lentopaikat.fi\/wp-content\/uploads\/efme_air2.jpg\" alt=\"KENT\u00c4N HALLIALUE 6.8.2005. KUVA JARI PAKKANEN. (KLIKKAA SUUREKSI)\" \/><figcaption class=\"elementor-image-carousel-caption\">KENT\u00c4N HALLIALUE 6.8.2005. KUVA JARI PAKKANEN. (KLIKKAA SUUREKSI)<\/figcaption><\/figure><\/a><\/div>\t\t\t<\/div>\n\t\t\t\t\t\t\t\t\t\t\t\t<div class=\"elementor-swiper-button elementor-swiper-button-prev\" role=\"button\" tabindex=\"0\">\n\t\t\t\t\t\t<i aria-hidden=\"true\" class=\"eicon-chevron-left\"><\/i>\t\t\t\t\t<\/div>\n\t\t\t\t\t<div class=\"elementor-swiper-button elementor-swiper-button-next\" role=\"button\" tabindex=\"0\">\n\t\t\t\t\t\t<i aria-hidden=\"true\" class=\"eicon-chevron-right\"><\/i>\t\t\t\t\t<\/div>\n\t\t\t\t\n\t\t\t\t\t\t\t\t\t<\/div>\n\t\t\t\t\t\t<\/div>\n\t\t\t\t<\/div>\n\t\t\t\t\t<\/div>\n\t\t\t\t<\/div>\n\t\t\t\t\t<\/div>\n\t\t<\/div>\n\t\t\t\t\t<\/div>\n\t\t<\/section>\n\t\t\t\t\t<\/div>\n\t\t<\/div>\n\t\t\t\t\t<\/div>\n\t\t<\/section>\n\t\t\t\t<\/div>\n\t\t","protected":false},"excerpt":{"rendered":"<p>Menkij\u00e4rvi &#8211; EFME INFO Runway 22 Threshold temporarily relocated! New TM35FIN coordinates for the thresholds:04: N698 4046 E322 77222: N698 4638 E323488New runway length 930 m. 1. Sunset and sunrise and the SERA definition of night 2. General information: A relatively aktive airfield, situated in the Menkij\u00e4rvi village of Alaj\u00e4rvi. The Alaj\u00e4rven Ilmailukerho flying club, [&hellip;]<\/p>\n","protected":false},"author":1,"featured_media":0,"parent":0,"menu_order":0,"comment_status":"closed","ping_status":"closed","template":"","meta":{"inline_featured_image":false,"_lmt_disableupdate":"","_lmt_disable":"","footnotes":""},"class_list":["post-36165","page","type-page","status-publish","hentry"],"_links":{"self":[{"href":"https:\/\/lentopaikat.fi\/en\/wp-json\/wp\/v2\/pages\/36165","targetHints":{"allow":["GET"]}}],"collection":[{"href":"https:\/\/lentopaikat.fi\/en\/wp-json\/wp\/v2\/pages"}],"about":[{"href":"https:\/\/lentopaikat.fi\/en\/wp-json\/wp\/v2\/types\/page"}],"author":[{"embeddable":true,"href":"https:\/\/lentopaikat.fi\/en\/wp-json\/wp\/v2\/users\/1"}],"replies":[{"embeddable":true,"href":"https:\/\/lentopaikat.fi\/en\/wp-json\/wp\/v2\/comments?post=36165"}],"version-history":[{"count":0,"href":"https:\/\/lentopaikat.fi\/en\/wp-json\/wp\/v2\/pages\/36165\/revisions"}],"wp:attachment":[{"href":"https:\/\/lentopaikat.fi\/en\/wp-json\/wp\/v2\/media?parent=36165"}],"curies":[{"name":"wp","href":"https:\/\/api.w.org\/{rel}","templated":true}]}}