{"id":36124,"date":"2022-11-17T21:45:24","date_gmt":"2022-11-17T19:45:24","guid":{"rendered":"https:\/\/lentopaikat.fi\/lapinlahti-efll\/"},"modified":"2025-12-18T10:28:11","modified_gmt":"2025-12-18T08:28:11","slug":"lapinlahti-efll","status":"publish","type":"page","link":"https:\/\/lentopaikat.fi\/en\/lapinlahti-efll\/","title":{"rendered":"Lapinlahti &#8211; EFLL"},"content":{"rendered":"\t\t<div data-elementor-type=\"wp-page\" data-elementor-id=\"36124\" class=\"elementor elementor-36124 elementor-36110\" data-elementor-post-type=\"page\">\n\t\t\t\t\t\t<section class=\"elementor-section elementor-top-section elementor-element elementor-element-3bbddc5e elementor-section-height-min-height elementor-section-full_width elementor-section-height-default elementor-section-items-middle\" data-id=\"3bbddc5e\" data-element_type=\"section\" data-e-type=\"section\" data-settings=\"{&quot;background_background&quot;:&quot;classic&quot;}\">\n\t\t\t\t\t\t\t<div class=\"elementor-background-overlay\"><\/div>\n\t\t\t\t\t\t\t<div class=\"elementor-container elementor-column-gap-default\">\n\t\t\t\t\t<div class=\"elementor-column elementor-col-50 elementor-top-column elementor-element elementor-element-4197870d\" data-id=\"4197870d\" data-element_type=\"column\" data-e-type=\"column\">\n\t\t\t<div class=\"elementor-widget-wrap elementor-element-populated\">\n\t\t\t\t\t\t<div class=\"elementor-element elementor-element-65775b5 elementor-widget elementor-widget-heading\" data-id=\"65775b5\" data-element_type=\"widget\" data-e-type=\"widget\" data-widget_type=\"heading.default\">\n\t\t\t\t<div class=\"elementor-widget-container\">\n\t\t\t\t\t<h2 class=\"elementor-heading-title elementor-size-default\">Lapinlahti - EFLL<\/h2>\t\t\t\t<\/div>\n\t\t\t\t<\/div>\n\t\t\t\t\t<\/div>\n\t\t<\/div>\n\t\t\t\t<div class=\"elementor-column elementor-col-50 elementor-top-column elementor-element elementor-element-78d4369\" data-id=\"78d4369\" data-element_type=\"column\" data-e-type=\"column\">\n\t\t\t<div class=\"elementor-widget-wrap\">\n\t\t\t\t\t\t\t<\/div>\n\t\t<\/div>\n\t\t\t\t\t<\/div>\n\t\t<\/section>\n\t\t\t\t<section class=\"elementor-section elementor-top-section elementor-element elementor-element-4b4b3ed elementor-section-full_width elementor-section-height-default elementor-section-height-default\" data-id=\"4b4b3ed\" data-element_type=\"section\" data-e-type=\"section\">\n\t\t\t\t\t\t<div class=\"elementor-container elementor-column-gap-default\">\n\t\t\t\t\t<div class=\"elementor-column elementor-col-100 elementor-top-column elementor-element elementor-element-1cf41a74\" data-id=\"1cf41a74\" data-element_type=\"column\" data-e-type=\"column\">\n\t\t\t<div class=\"elementor-widget-wrap elementor-element-populated\">\n\t\t\t\t\t\t<section class=\"elementor-section elementor-inner-section elementor-element elementor-element-5f773fbb elementor-section-full_width elementor-section-height-default elementor-section-height-default\" data-id=\"5f773fbb\" data-element_type=\"section\" data-e-type=\"section\">\n\t\t\t\t\t\t<div class=\"elementor-container elementor-column-gap-wide\">\n\t\t\t\t\t<div class=\"elementor-column elementor-col-50 elementor-inner-column elementor-element elementor-element-6e1cfc69\" data-id=\"6e1cfc69\" data-element_type=\"column\" data-e-type=\"column\">\n\t\t\t<div class=\"elementor-widget-wrap elementor-element-populated\">\n\t\t\t\t\t\t<div class=\"elementor-element elementor-element-65d6403e elementor-alert-danger elementor-widget elementor-widget-alert\" data-id=\"65d6403e\" data-element_type=\"widget\" data-e-type=\"widget\" data-settings=\"{&quot;enabled_visibility&quot;:&quot;yes&quot;,&quot;dce_visibility_selected&quot;:&quot;yes&quot;}\" data-widget_type=\"alert.default\">\n\t\t\t\t<div class=\"elementor-widget-container\">\n\t\t\t\t\t\t\t<div class=\"elementor-alert\" role=\"alert\">\n\n\t\t\t\t\t\t<span class=\"elementor-alert-title\">NOTE!<\/span>\n\t\t\t\n\t\t\t\t\t\t<span class=\"elementor-alert-description\"><p>Lapinlahti airfield will be removed from the official list of aerodromes on 31 December 2025. The airfield area will continue to operate as an unofficial farm-strip airfield until construction work for the area\u2019s new use begins. No winter maintenance will be provided. Final closure will be announced separately. More information: www.efll.net<\/p>\n<\/span>\n\t\t\t\n\t\t\t\n\t\t<\/div>\n\t\t\t\t\t\t<\/div>\n\t\t\t\t<\/div>\n\t\t\t\t<div class=\"elementor-element elementor-element-486d6a3b elementor-widget elementor-widget-heading\" data-id=\"486d6a3b\" data-element_type=\"widget\" data-e-type=\"widget\" data-widget_type=\"heading.default\">\n\t\t\t\t<div class=\"elementor-widget-container\">\n\t\t\t\t\t<h5 class=\"elementor-heading-title elementor-size-default\">1. Sunset and sunrise and the SERA definition of night<\/h5>\t\t\t\t<\/div>\n\t\t\t\t<\/div>\n\t\t\t\t<div class=\"elementor-element elementor-element-6fbbaa35 elementor-widget elementor-widget-shortcode\" data-id=\"6fbbaa35\" data-element_type=\"widget\" data-e-type=\"widget\" data-widget_type=\"shortcode.default\">\n\t\t\t\t<div class=\"elementor-widget-container\">\n\t\t\t\t\t\t\t<div class=\"elementor-shortcode\"><table><tbody><tr><td>Finnish time today, 07.04.2026<\/br><b> - Night ends: 05:21<\/br> - Sunrise: 06:10<\/br> - Sunset: 20:16<\/br> - Night begins: 21:05<\/br><\/b><\/td>\r\n<td> Times tomorrow <\/br><b> - Night ends tomorrow: 05:17<\/br> - Sunrise tomorrow: 06:07<\/br> - sunset tomorrow: 20:19<\/br> - Night begins tomorrow: 21:09<\/b><\/td><\/tr><\/tbody><\/table><\/div>\n\t\t\t\t\t\t<\/div>\n\t\t\t\t<\/div>\n\t\t\t\t<div class=\"elementor-element elementor-element-67bf1b2 elementor-widget elementor-widget-heading\" data-id=\"67bf1b2\" data-element_type=\"widget\" data-e-type=\"widget\" data-widget_type=\"heading.default\">\n\t\t\t\t<div class=\"elementor-widget-container\">\n\t\t\t\t\t<h5 class=\"elementor-heading-title elementor-size-default\">2. General information:<\/h5>\t\t\t\t<\/div>\n\t\t\t\t<\/div>\n\t\t\t\t<div class=\"elementor-element elementor-element-b0082a0 elementor-widget elementor-widget-text-editor\" data-id=\"b0082a0\" data-element_type=\"widget\" data-e-type=\"widget\" data-widget_type=\"text-editor.default\">\n\t\t\t\t<div class=\"elementor-widget-container\">\n\t\t\t\t\t\t\t\t\t<p><strong>Lapinlahti airfield will be removed from the official list of aerodromes on 31 December 2025. The airfield area will continue to operate as an unofficial farm-strip airfield until construction work for the area\u2019s new use begins. No winter maintenance will be provided. Final closure will be announced separately. More information: <a href=\"https:\/\/www.efll.net\" target=\"_blank\" rel=\"noopener\">www.efll.net<\/a><\/strong><\/p>\n<p>A grass field situated som five kilometres from Lapinlahti village to the east-northeast. The field is approved for ultralights and comparable aircraft only. The field is also used for radio controlled model aircraft flying. Buildings on the field include a hangar, a flight preparation barrack, classroom space, an outdoor toilet, and a shed, where it is possible to overnight by previous agreement. There is electricity and possible to heat food in the buildings, running rainwater and an outdoor fireplace. The local club evenings are usually on Thursdays, with a lot of activity on the field.<\/p>\n\t\t\t\t\t\t\t\t<\/div>\n\t\t\t\t<\/div>\n\t\t\t\t<div class=\"elementor-element elementor-element-59e5caeb elementor-widget elementor-widget-heading\" data-id=\"59e5caeb\" data-element_type=\"widget\" data-e-type=\"widget\" data-widget_type=\"heading.default\">\n\t\t\t\t<div class=\"elementor-widget-container\">\n\t\t\t\t\t<h5 class=\"elementor-heading-title elementor-size-default\">3.  Price Information:<\/h5>\t\t\t\t<\/div>\n\t\t\t\t<\/div>\n\t\t\t\t<div class=\"elementor-element elementor-element-213aeb5a elementor-widget elementor-widget-text-editor\" data-id=\"213aeb5a\" data-element_type=\"widget\" data-e-type=\"widget\" data-widget_type=\"text-editor.default\">\n\t\t\t\t<div class=\"elementor-widget-container\">\n\t\t\t\t\t\t\t\t\t<p>NIL<\/p>\n\t\t\t\t\t\t\t\t<\/div>\n\t\t\t\t<\/div>\n\t\t\t\t<div class=\"elementor-element elementor-element-468abd31 elementor-widget elementor-widget-heading\" data-id=\"468abd31\" data-element_type=\"widget\" data-e-type=\"widget\" data-widget_type=\"heading.default\">\n\t\t\t\t<div class=\"elementor-widget-container\">\n\t\t\t\t\t<h5 class=\"elementor-heading-title elementor-size-default\">4. The Airport:<\/h5>\t\t\t\t<\/div>\n\t\t\t\t<\/div>\n\t\t\t\t<div class=\"elementor-element elementor-element-4322acee elementor-widget elementor-widget-text-editor\" data-id=\"4322acee\" data-element_type=\"widget\" data-e-type=\"widget\" data-widget_type=\"text-editor.default\">\n\t\t\t\t<div class=\"elementor-widget-container\">\n\t\t\t\t\t\t\t\t\t<p>The field is lawn covered. There may be small uneven spots. Some water may collect along the north edge right after a rainfall. The northeast end of the runway is a couple of metres higher than the southwest end. Consequently, when landing on runway 22 it seems shorter than it really is. Also, approach is made over a road higher than the surface of the runway. The clusters of trees around the field may create disturbing vortices on the field. There are no taxiways. The apron is in front of the shed. There are weights of concrete. In the winter the club strives to keep the field free of snow. In winter it is advisable to check the condition of the field by phone.<\/p>\n\t\t\t\t\t\t\t\t<\/div>\n\t\t\t\t<\/div>\n\t\t\t\t<div class=\"elementor-element elementor-element-2a7430cf elementor-widget elementor-widget-heading\" data-id=\"2a7430cf\" data-element_type=\"widget\" data-e-type=\"widget\" data-widget_type=\"heading.default\">\n\t\t\t\t<div class=\"elementor-widget-container\">\n\t\t\t\t\t<h5 class=\"elementor-heading-title elementor-size-default\">5. Basic data:<\/h5>\t\t\t\t<\/div>\n\t\t\t\t<\/div>\n\t\t\t\t<div class=\"elementor-element elementor-element-767df7a3 elementor-widget elementor-widget-text-editor\" data-id=\"767df7a3\" data-element_type=\"widget\" data-e-type=\"widget\" data-widget_type=\"text-editor.default\">\n\t\t\t\t<div class=\"elementor-widget-container\">\n\t\t\t\t\t\t\t\t\t<p><strong>Coordinates:<\/strong> 632359N 0272846E<br \/><strong>Runway:<\/strong> 04\/22 \u2013 340 x 15 m \u2013 grass<br \/><strong>LDA:<\/strong> 04: 340 m, 22: 340 m<br \/><strong>Radio frequency:<\/strong> 123,500<br \/><strong>Airport elevation:<\/strong> 100 m (328 ft)<br \/><strong>Fuel availability:<\/strong> Nearest service station Neste, 7km from the field.<br \/><strong>NOTE! Only for ultraligths<\/strong><br \/><strong>Announcements:\u00a0<\/strong><a class=\"popup\" href=\"https:\/\/lentopaikat.fi\/notam\/notam.php?a=EFLL\" data-width=\"500\" data-height=\"600\" data-scrollbars=\"1\">NOTAM<\/a><\/p>\n\t\t\t\t\t\t\t\t<\/div>\n\t\t\t\t<\/div>\n\t\t\t\t<div class=\"elementor-element elementor-element-4f77832c elementor-widget elementor-widget-heading\" data-id=\"4f77832c\" data-element_type=\"widget\" data-e-type=\"widget\" data-widget_type=\"heading.default\">\n\t\t\t\t<div class=\"elementor-widget-container\">\n\t\t\t\t\t<h5 class=\"elementor-heading-title elementor-size-default\"> 6. Sight seeing and services<\/h5>\t\t\t\t<\/div>\n\t\t\t\t<\/div>\n\t\t\t\t<div class=\"elementor-element elementor-element-381b6f1f elementor-widget elementor-widget-text-editor\" data-id=\"381b6f1f\" data-element_type=\"widget\" data-e-type=\"widget\" data-widget_type=\"text-editor.default\">\n\t\t\t\t<div class=\"elementor-widget-container\">\n\t\t\t\t\t\t\t\t\t<p>Worth seeing: V\u00e4is\u00e4l\u00e4nm\u00e4ki hill with view toward the national landscape Onkivesi. These views are also easy to recognize from an aircraft some 10 km west of the field. Restaurants in Lapinlahti: Pit\u00e4j\u00e4ntupa, Pupituuri with accommodation, and the Neste service station Matti and Liisa offering pizzas and a buffet, and accommodation in a few rooms. At disposal in the field: Micro oven, coffee cooker, and outdoor fireplace. At club-evenings coffee and sausages are usually offered.<\/p>\n\t\t\t\t\t\t\t\t<\/div>\n\t\t\t\t<\/div>\n\t\t\t\t<div class=\"elementor-element elementor-element-4b8ab7f5 elementor-widget elementor-widget-heading\" data-id=\"4b8ab7f5\" data-element_type=\"widget\" data-e-type=\"widget\" data-widget_type=\"heading.default\">\n\t\t\t\t<div class=\"elementor-widget-container\">\n\t\t\t\t\t<h5 class=\"elementor-heading-title elementor-size-default\">7. Contact information:<\/h5>\t\t\t\t<\/div>\n\t\t\t\t<\/div>\n\t\t\t\t<div class=\"elementor-element elementor-element-4fb9c1a elementor-widget elementor-widget-text-editor\" data-id=\"4fb9c1a\" data-element_type=\"widget\" data-e-type=\"widget\" data-widget_type=\"text-editor.default\">\n\t\t\t\t<div class=\"elementor-widget-container\">\n\t\t\t\t\t\t\t\t\t<p>Tapani Kokkonen: +358 040 053 2355<br \/>Lapinlahden ilmaillijat \u2013 Lapinlahti flying club:\u00a0<a class=\"mail-link\" data-enc-email=\"yncvaynuqravyznvyvwng[at]rsyy.arg\" data-wpel-link=\"ignore\"><span id=\"wpmt-419590-735012\">lapinlahdenilmailijat@efll.net<\/span><\/a><\/p>\n\t\t\t\t\t\t\t\t<\/div>\n\t\t\t\t<\/div>\n\t\t\t\t<div class=\"elementor-element elementor-element-30ebbfc8 elementor-widget elementor-widget-heading\" data-id=\"30ebbfc8\" data-element_type=\"widget\" data-e-type=\"widget\" data-widget_type=\"heading.default\">\n\t\t\t\t<div class=\"elementor-widget-container\">\n\t\t\t\t\t<h5 class=\"elementor-heading-title elementor-size-default\">8.  Links:<\/h5>\t\t\t\t<\/div>\n\t\t\t\t<\/div>\n\t\t\t\t<div class=\"elementor-element elementor-element-420064b elementor-widget elementor-widget-text-editor\" data-id=\"420064b\" data-element_type=\"widget\" data-e-type=\"widget\" data-widget_type=\"text-editor.default\">\n\t\t\t\t<div class=\"elementor-widget-container\">\n\t\t\t\t\t\t\t\t\t<ul>\n<li><a href=\"http:\/\/www.efll.net\/\" target=\"_blank\" rel=\"noopener noreferrer\">Lapinlahden Ilmailijat ry \u2013 Lapinlahti flying club<\/a><\/li>\n<\/ul>\n\t\t\t\t\t\t\t\t<\/div>\n\t\t\t\t<\/div>\n\t\t\t\t<div class=\"elementor-element elementor-element-59a2fa24 elementor-widget elementor-widget-heading\" data-id=\"59a2fa24\" data-element_type=\"widget\" data-e-type=\"widget\" data-widget_type=\"heading.default\">\n\t\t\t\t<div class=\"elementor-widget-container\">\n\t\t\t\t\t<h5 class=\"elementor-heading-title elementor-size-default\">9. Map<\/h5>\t\t\t\t<\/div>\n\t\t\t\t<\/div>\n\t\t\t\t<div class=\"elementor-element elementor-element-3bb1cd8 elementor-widget elementor-widget-google_maps\" data-id=\"3bb1cd8\" data-element_type=\"widget\" data-e-type=\"widget\" data-widget_type=\"google_maps.default\">\n\t\t\t\t<div class=\"elementor-widget-container\">\n\t\t\t\t\t\t\t<div class=\"elementor-custom-embed\">\n\t\t\t<iframe loading=\"lazy\"\n\t\t\t\t\tsrc=\"https:\/\/www.google.com\/maps\/embed\/v1\/place?key=AIzaSyC1j1iK8FQx51JcFwNxcbaAudBg3BxuVow&#038;q=saviahontie%2021%2C%20lapinlahti&#038;zoom=15\"\n\t\t\t\t\ttitle=\"saviahontie 21, lapinlahti\"\n\t\t\t\t\taria-label=\"saviahontie 21, lapinlahti\"\n\t\t\t><\/iframe>\n\t\t<\/div>\n\t\t\t\t\t\t<\/div>\n\t\t\t\t<\/div>\n\t\t\t\t\t<\/div>\n\t\t<\/div>\n\t\t\t\t<div class=\"elementor-column elementor-col-50 elementor-inner-column elementor-element elementor-element-ba34014\" data-id=\"ba34014\" data-element_type=\"column\" data-e-type=\"column\">\n\t\t\t<div class=\"elementor-widget-wrap elementor-element-populated\">\n\t\t\t\t\t\t<div class=\"elementor-element elementor-element-2b72a74f elementor-widget elementor-widget-image\" data-id=\"2b72a74f\" data-element_type=\"widget\" data-e-type=\"widget\" data-widget_type=\"image.default\">\n\t\t\t\t<div class=\"elementor-widget-container\">\n\t\t\t\t\t\t\t\t\t\t\t\t<figure class=\"wp-caption\">\n\t\t\t\t\t\t\t\t\t\t\t<a href=\"https:\/\/lentopaikat.fi\/wp-content\/uploads\/efll.gif\" data-elementor-open-lightbox=\"yes\" data-elementor-lightbox-title=\"efll\" data-e-action-hash=\"#elementor-action%3Aaction%3Dlightbox%26settings%3DeyJpZCI6MzQ5MTMsInVybCI6Imh0dHBzOlwvXC9sZW50b3BhaWthdC5maVwvd3AtY29udGVudFwvdXBsb2Fkc1wvZWZsbC5naWYifQ%3D%3D\">\n\t\t\t\t\t\t\t<img fetchpriority=\"high\" decoding=\"async\" width=\"200\" height=\"352\" src=\"https:\/\/lentopaikat.fi\/wp-content\/uploads\/efll.gif\" class=\"attachment-large size-large wp-image-34913\" alt=\"\" \/>\t\t\t\t\t\t\t\t<\/a>\n\t\t\t\t\t\t\t\t\t\t\t<figcaption class=\"widget-image-caption wp-caption-text\"><\/figcaption>\n\t\t\t\t\t\t\t\t\t\t<\/figure>\n\t\t\t\t\t\t\t\t\t<\/div>\n\t\t\t\t<\/div>\n\t\t\t\t<div class=\"elementor-element elementor-element-6b3f8ed8 elementor-widget elementor-widget-image\" data-id=\"6b3f8ed8\" data-element_type=\"widget\" data-e-type=\"widget\" data-widget_type=\"image.default\">\n\t\t\t\t<div class=\"elementor-widget-container\">\n\t\t\t\t\t\t\t\t\t\t\t\t<figure class=\"wp-caption\">\n\t\t\t\t\t\t\t\t\t\t\t<a href=\"https:\/\/lentopaikat.fi\/wp-content\/uploads\/EFLL_LDG.pdf\" target=\"_blank\">\n\t\t\t\t\t\t\t<img decoding=\"async\" width=\"724\" height=\"1024\" src=\"https:\/\/lentopaikat.fi\/wp-content\/uploads\/EFLL_LDG-724x1024.jpg\" class=\"attachment-large size-large wp-image-34916\" alt=\"\" srcset=\"https:\/\/lentopaikat.fi\/wp-content\/uploads\/EFLL_LDG-724x1024.jpg 724w, https:\/\/lentopaikat.fi\/wp-content\/uploads\/EFLL_LDG-212x300.jpg 212w, https:\/\/lentopaikat.fi\/wp-content\/uploads\/EFLL_LDG-768x1086.jpg 768w, https:\/\/lentopaikat.fi\/wp-content\/uploads\/EFLL_LDG-1086x1536.jpg 1086w, https:\/\/lentopaikat.fi\/wp-content\/uploads\/EFLL_LDG-8x12.jpg 8w, https:\/\/lentopaikat.fi\/wp-content\/uploads\/EFLL_LDG.jpg 1414w\" sizes=\"(max-width: 724px) 100vw, 724px\" \/>\t\t\t\t\t\t\t\t<\/a>\n\t\t\t\t\t\t\t\t\t\t\t<figcaption class=\"widget-image-caption wp-caption-text\">LDG CHART, CLICK ON PICTURE TO OPEN PDF DOCUMENT<\/figcaption>\n\t\t\t\t\t\t\t\t\t\t<\/figure>\n\t\t\t\t\t\t\t\t\t<\/div>\n\t\t\t\t<\/div>\n\t\t<div class=\"elementor-element elementor-element-6894da98 e-flex e-con-boxed e-con e-parent\" data-id=\"6894da98\" data-element_type=\"container\" data-e-type=\"container\">\n\t\t\t\t\t<div class=\"e-con-inner\">\n\t\t\t\t<div class=\"elementor-element elementor-element-34f9a349 elementor-arrows-position-inside elementor-widget elementor-widget-image-carousel\" data-id=\"34f9a349\" data-element_type=\"widget\" data-e-type=\"widget\" data-settings=\"{&quot;slides_to_show&quot;:&quot;1&quot;,&quot;navigation&quot;:&quot;arrows&quot;,&quot;speed&quot;:900,&quot;autoplay&quot;:&quot;yes&quot;,&quot;pause_on_hover&quot;:&quot;yes&quot;,&quot;pause_on_interaction&quot;:&quot;yes&quot;,&quot;autoplay_speed&quot;:5000,&quot;infinite&quot;:&quot;yes&quot;,&quot;effect&quot;:&quot;slide&quot;}\" data-widget_type=\"image-carousel.default\">\n\t\t\t\t<div class=\"elementor-widget-container\">\n\t\t\t\t\t\t\t<div class=\"elementor-image-carousel-wrapper swiper\" role=\"region\" aria-roledescription=\"carousel\" aria-label=\"Image Carousel\" dir=\"ltr\">\n\t\t\t<div class=\"elementor-image-carousel swiper-wrapper swiper-image-stretch\" aria-live=\"off\">\n\t\t\t\t\t\t\t\t<div class=\"swiper-slide\" role=\"group\" aria-roledescription=\"slide\" aria-label=\"1 of 3\"><a data-elementor-open-lightbox=\"yes\" data-elementor-lightbox-slideshow=\"34f9a349\" data-elementor-lightbox-title=\"efll_air\" data-elementor-lightbox-description=\"LOUNAAN SUUNNASTA SYKSYLL\u00c4 2008 OTETTU ILMAKUVA. JUURI KUVAN ULKOPUOLELLA ALHAALLA ON PALLOIN MERKITTY S\u00c4HK\u00d6LINJA L\u00c4HESTYMISLINJAN POIKKI. KUVAN SUURIN TIE VASEMMALLA TULEE LAPINLAHDELTA JA VIE PAISUALLE. KIITITIEN P\u00c4\u00c4SS\u00c4 OLEVA TIE ON SAVIAHONTIE. T\u00c4M\u00c4 04-P\u00c4\u00c4 ON ALEMPANA KUIN 22, JOTEN T\u00c4\u00c4LT\u00c4 ON HELPOMPI LASKEUTUA JOS TUULET SALLIVAT. KUVA PASI KANNASMAA. (KLIKKAA SUUREKSI)\" data-e-action-hash=\"#elementor-action%3Aaction%3Dlightbox%26settings%3DeyJpZCI6MzQ5MTQsInVybCI6Imh0dHBzOlwvXC9sZW50b3BhaWthdC5maVwvd3AtY29udGVudFwvdXBsb2Fkc1wvZWZsbF9haXIuanBnIiwic2xpZGVzaG93IjoiMzRmOWEzNDkifQ%3D%3D\" href=\"https:\/\/lentopaikat.fi\/wp-content\/uploads\/efll_air.jpg\"><figure class=\"swiper-slide-inner\"><img decoding=\"async\" class=\"swiper-slide-image\" src=\"https:\/\/lentopaikat.fi\/wp-content\/uploads\/efll_air.jpg\" alt=\"LOUNAAN SUUNNASTA SYKSYLL\u00c4 2008 OTETTU ILMAKUVA.  KUVAN SUURIN TIE VASEMMALLA TULEE LAPINLAHDELTA JA VIE PAISUALLE. KIITITIEN P\u00c4\u00c4SS\u00c4 OLEVA TIE ON SAVIAHONTIE. T\u00c4M\u00c4 04-P\u00c4\u00c4 ON ALEMPANA KUIN 22, JOTEN T\u00c4\u00c4LT\u00c4 ON HELPOMPI LASKEUTUA JOS TUULET SALLIVAT. KUVA PASI KANNASMAA. (KLIKKAA SUUREKSI)\" \/><figcaption class=\"elementor-image-carousel-caption\">LOUNAAN SUUNNASTA SYKSYLL\u00c4 2008 OTETTU ILMAKUVA.  KUVAN SUURIN TIE VASEMMALLA TULEE LAPINLAHDELTA JA VIE PAISUALLE. KIITITIEN P\u00c4\u00c4SS\u00c4 OLEVA TIE ON SAVIAHONTIE. T\u00c4M\u00c4 04-P\u00c4\u00c4 ON ALEMPANA KUIN 22, JOTEN T\u00c4\u00c4LT\u00c4 ON HELPOMPI LASKEUTUA JOS TUULET SALLIVAT. KUVA PASI KANNASMAA. (KLIKKAA SUUREKSI)<\/figcaption><\/figure><\/a><\/div><div class=\"swiper-slide\" role=\"group\" aria-roledescription=\"slide\" aria-label=\"2 of 3\"><a data-elementor-open-lightbox=\"yes\" data-elementor-lightbox-slideshow=\"34f9a349\" data-elementor-lightbox-title=\"efll_air2\" data-elementor-lightbox-description=\"ILMAKUVA ETEL\u00c4N SUUNNASTA KES\u00c4LL\u00c4 2011. KIITOTIET\u00c4 ON JATKETTU 04 KYNNYKSEN SUUNTAAN. KUVA MARKKU KORSUM\u00c4KI. (KLIKKAA SUUREKSI)\" data-e-action-hash=\"#elementor-action%3Aaction%3Dlightbox%26settings%3DeyJpZCI6MzQ5MTUsInVybCI6Imh0dHBzOlwvXC9sZW50b3BhaWthdC5maVwvd3AtY29udGVudFwvdXBsb2Fkc1wvZWZsbF9haXIyLmpwZyIsInNsaWRlc2hvdyI6IjM0ZjlhMzQ5In0%3D\" href=\"https:\/\/lentopaikat.fi\/wp-content\/uploads\/efll_air2.jpg\"><figure class=\"swiper-slide-inner\"><img decoding=\"async\" class=\"swiper-slide-image\" src=\"https:\/\/lentopaikat.fi\/wp-content\/uploads\/efll_air2.jpg\" alt=\"ILMAKUVA ETEL\u00c4N SUUNNASTA KES\u00c4LL\u00c4 2011. KIITOTIET\u00c4 ON JATKETTU 04 KYNNYKSEN SUUNTAAN. KUVA MARKKU KORSUM\u00c4KI. (KLIKKAA SUUREKSI)\" \/><figcaption class=\"elementor-image-carousel-caption\">ILMAKUVA ETEL\u00c4N SUUNNASTA KES\u00c4LL\u00c4 2011. KIITOTIET\u00c4 ON JATKETTU 04 KYNNYKSEN SUUNTAAN. KUVA MARKKU KORSUM\u00c4KI. (KLIKKAA SUUREKSI)<\/figcaption><\/figure><\/a><\/div><div class=\"swiper-slide\" role=\"group\" aria-roledescription=\"slide\" aria-label=\"3 of 3\"><a data-elementor-open-lightbox=\"yes\" data-elementor-lightbox-slideshow=\"34f9a349\" data-elementor-lightbox-title=\"efll_piha\" data-elementor-lightbox-description=\"KENT\u00c4N RAKENNUKSET SYKSYLL\u00c4 2004. OIKEALLA HALLI JA SEN YHTEYDESS\u00c4 OLEVAT LENNONVALMISTELUPARAKKI JA LUOKKATILA. VASEMMALLA UUSI AITTA, JOSSA MAJOITUSMAHDOLLISUUS. KUVA TAPANI KOKKONEN. (KLIKKAA SUUREKSI)\" data-e-action-hash=\"#elementor-action%3Aaction%3Dlightbox%26settings%3DeyJpZCI6MzQ5MTgsInVybCI6Imh0dHBzOlwvXC9sZW50b3BhaWthdC5maVwvd3AtY29udGVudFwvdXBsb2Fkc1wvZWZsbF9waWhhLmpwZyIsInNsaWRlc2hvdyI6IjM0ZjlhMzQ5In0%3D\" href=\"https:\/\/lentopaikat.fi\/wp-content\/uploads\/efll_piha.jpg\"><figure class=\"swiper-slide-inner\"><img decoding=\"async\" class=\"swiper-slide-image\" src=\"https:\/\/lentopaikat.fi\/wp-content\/uploads\/efll_piha.jpg\" alt=\"KENT\u00c4N RAKENNUKSET SYKSYLL\u00c4 2004. OIKEALLA HALLI JA SEN YHTEYDESS\u00c4 OLEVAT LENNONVALMISTELUPARAKKI JA LUOKKATILA. VASEMMALLA UUSI AITTA, JOSSA MAJOITUSMAHDOLLISUUS. KUVA TAPANI KOKKONEN. (KLIKKAA SUUREKSI)\" \/><figcaption class=\"elementor-image-carousel-caption\">KENT\u00c4N RAKENNUKSET SYKSYLL\u00c4 2004. OIKEALLA HALLI JA SEN YHTEYDESS\u00c4 OLEVAT LENNONVALMISTELUPARAKKI JA LUOKKATILA. VASEMMALLA UUSI AITTA, JOSSA MAJOITUSMAHDOLLISUUS. KUVA TAPANI KOKKONEN. (KLIKKAA SUUREKSI)<\/figcaption><\/figure><\/a><\/div>\t\t\t<\/div>\n\t\t\t\t\t\t\t\t\t\t\t\t<div class=\"elementor-swiper-button elementor-swiper-button-prev\" role=\"button\" tabindex=\"0\">\n\t\t\t\t\t\t<i aria-hidden=\"true\" class=\"eicon-chevron-left\"><\/i>\t\t\t\t\t<\/div>\n\t\t\t\t\t<div class=\"elementor-swiper-button elementor-swiper-button-next\" role=\"button\" tabindex=\"0\">\n\t\t\t\t\t\t<i aria-hidden=\"true\" class=\"eicon-chevron-right\"><\/i>\t\t\t\t\t<\/div>\n\t\t\t\t\n\t\t\t\t\t\t\t\t\t<\/div>\n\t\t\t\t\t\t<\/div>\n\t\t\t\t<\/div>\n\t\t\t\t\t<\/div>\n\t\t\t\t<\/div>\n\t\t\t\t\t<\/div>\n\t\t<\/div>\n\t\t\t\t\t<\/div>\n\t\t<\/section>\n\t\t\t\t\t<\/div>\n\t\t<\/div>\n\t\t\t\t\t<\/div>\n\t\t<\/section>\n\t\t\t\t<\/div>\n\t\t","protected":false},"excerpt":{"rendered":"<p>Lapinlahti &#8211; EFLL NOTE! Lapinlahti airfield will be removed from the official list of aerodromes on 31 December 2025. The airfield area will continue to operate as an unofficial farm-strip airfield until construction work for the area\u2019s new use begins. No winter maintenance will be provided. Final closure will be announced separately. More information: www.efll.net [&hellip;]<\/p>\n","protected":false},"author":1,"featured_media":0,"parent":0,"menu_order":0,"comment_status":"closed","ping_status":"closed","template":"","meta":{"inline_featured_image":false,"_lmt_disableupdate":"","_lmt_disable":"","footnotes":""},"class_list":["post-36124","page","type-page","status-publish","hentry"],"_links":{"self":[{"href":"https:\/\/lentopaikat.fi\/en\/wp-json\/wp\/v2\/pages\/36124","targetHints":{"allow":["GET"]}}],"collection":[{"href":"https:\/\/lentopaikat.fi\/en\/wp-json\/wp\/v2\/pages"}],"about":[{"href":"https:\/\/lentopaikat.fi\/en\/wp-json\/wp\/v2\/types\/page"}],"author":[{"embeddable":true,"href":"https:\/\/lentopaikat.fi\/en\/wp-json\/wp\/v2\/users\/1"}],"replies":[{"embeddable":true,"href":"https:\/\/lentopaikat.fi\/en\/wp-json\/wp\/v2\/comments?post=36124"}],"version-history":[{"count":0,"href":"https:\/\/lentopaikat.fi\/en\/wp-json\/wp\/v2\/pages\/36124\/revisions"}],"wp:attachment":[{"href":"https:\/\/lentopaikat.fi\/en\/wp-json\/wp\/v2\/media?parent=36124"}],"curies":[{"name":"wp","href":"https:\/\/api.w.org\/{rel}","templated":true}]}}