{"id":36094,"date":"2022-11-17T21:04:00","date_gmt":"2022-11-17T19:04:00","guid":{"rendered":"https:\/\/lentopaikat.fi\/karsamaki-efkr\/"},"modified":"2022-11-17T21:08:54","modified_gmt":"2022-11-17T19:08:54","slug":"karsamaki-efkr","status":"publish","type":"page","link":"https:\/\/lentopaikat.fi\/en\/karsamaki-efkr\/","title":{"rendered":"K\u00e4rs\u00e4m\u00e4ki &#8211; EFKR"},"content":{"rendered":"\t\t<div data-elementor-type=\"wp-page\" data-elementor-id=\"36094\" class=\"elementor elementor-36094 elementor-36084\" data-elementor-post-type=\"page\">\n\t\t\t\t\t\t<section class=\"elementor-section elementor-top-section elementor-element elementor-element-6d4132d2 elementor-section-height-min-height elementor-section-full_width elementor-section-height-default elementor-section-items-middle\" data-id=\"6d4132d2\" data-element_type=\"section\" data-e-type=\"section\" data-settings=\"{&quot;background_background&quot;:&quot;classic&quot;}\">\n\t\t\t\t\t\t\t<div class=\"elementor-background-overlay\"><\/div>\n\t\t\t\t\t\t\t<div class=\"elementor-container elementor-column-gap-default\">\n\t\t\t\t\t<div class=\"elementor-column elementor-col-50 elementor-top-column elementor-element elementor-element-16f33581\" data-id=\"16f33581\" data-element_type=\"column\" data-e-type=\"column\">\n\t\t\t<div class=\"elementor-widget-wrap elementor-element-populated\">\n\t\t\t\t\t\t<div class=\"elementor-element elementor-element-3d61484 elementor-widget elementor-widget-heading\" data-id=\"3d61484\" data-element_type=\"widget\" data-e-type=\"widget\" data-widget_type=\"heading.default\">\n\t\t\t\t<div class=\"elementor-widget-container\">\n\t\t\t\t\t<h2 class=\"elementor-heading-title elementor-size-default\">K\u00e4rs\u00e4m\u00e4ki - EFKR<\/h2>\t\t\t\t<\/div>\n\t\t\t\t<\/div>\n\t\t\t\t\t<\/div>\n\t\t<\/div>\n\t\t\t\t<div class=\"elementor-column elementor-col-50 elementor-top-column elementor-element elementor-element-79f00201\" data-id=\"79f00201\" data-element_type=\"column\" data-e-type=\"column\">\n\t\t\t<div class=\"elementor-widget-wrap\">\n\t\t\t\t\t\t\t<\/div>\n\t\t<\/div>\n\t\t\t\t\t<\/div>\n\t\t<\/section>\n\t\t\t\t<section class=\"elementor-section elementor-top-section elementor-element elementor-element-6fcce836 elementor-section-full_width elementor-section-height-default elementor-section-height-default\" data-id=\"6fcce836\" data-element_type=\"section\" data-e-type=\"section\">\n\t\t\t\t\t\t<div class=\"elementor-container elementor-column-gap-default\">\n\t\t\t\t\t<div class=\"elementor-column elementor-col-100 elementor-top-column elementor-element elementor-element-575ecdd9\" data-id=\"575ecdd9\" data-element_type=\"column\" data-e-type=\"column\">\n\t\t\t<div class=\"elementor-widget-wrap elementor-element-populated\">\n\t\t\t\t\t\t<section class=\"elementor-section elementor-inner-section elementor-element elementor-element-3ed64966 elementor-section-full_width elementor-section-height-default elementor-section-height-default\" data-id=\"3ed64966\" data-element_type=\"section\" data-e-type=\"section\">\n\t\t\t\t\t\t<div class=\"elementor-container elementor-column-gap-wide\">\n\t\t\t\t\t<div class=\"elementor-column elementor-col-50 elementor-inner-column elementor-element elementor-element-6e7eaf13\" data-id=\"6e7eaf13\" data-element_type=\"column\" data-e-type=\"column\">\n\t\t\t<div class=\"elementor-widget-wrap elementor-element-populated\">\n\t\t\t\t<!-- dce invisible element 707b2f6d -->\t\t<div class=\"elementor-element elementor-element-5854b8a1 elementor-widget elementor-widget-heading\" data-id=\"5854b8a1\" data-element_type=\"widget\" data-e-type=\"widget\" data-widget_type=\"heading.default\">\n\t\t\t\t<div class=\"elementor-widget-container\">\n\t\t\t\t\t<h5 class=\"elementor-heading-title elementor-size-default\">1. Sunset and sunrise and the SERA definition of night<\/h5>\t\t\t\t<\/div>\n\t\t\t\t<\/div>\n\t\t\t\t<div class=\"elementor-element elementor-element-ba616e5 elementor-widget elementor-widget-shortcode\" data-id=\"ba616e5\" data-element_type=\"widget\" data-e-type=\"widget\" data-widget_type=\"shortcode.default\">\n\t\t\t\t<div class=\"elementor-widget-container\">\n\t\t\t\t\t\t\t<div class=\"elementor-shortcode\"><table><tbody><tr><td>Finnish time today, 26.04.2026<\/br><b> - Night ends: 04:10<\/br> - Sunrise: 05:11<\/br> - Sunset: 21:21<\/br> - Night begins: 22:22<\/br><\/b><\/td>\r\n<td> Times tomorrow <\/br><b> - Night ends tomorrow: 04:06<\/br> - Sunrise tomorrow: 05:08<\/br> - sunset tomorrow: 21:24<\/br> - Night begins tomorrow: 22:26<\/b><\/td><\/tr><\/tbody><\/table><\/div>\n\t\t\t\t\t\t<\/div>\n\t\t\t\t<\/div>\n\t\t\t\t<div class=\"elementor-element elementor-element-4f13018f elementor-widget elementor-widget-heading\" data-id=\"4f13018f\" data-element_type=\"widget\" data-e-type=\"widget\" data-widget_type=\"heading.default\">\n\t\t\t\t<div class=\"elementor-widget-container\">\n\t\t\t\t\t<h5 class=\"elementor-heading-title elementor-size-default\">2. General information:<\/h5>\t\t\t\t<\/div>\n\t\t\t\t<\/div>\n\t\t\t\t<div class=\"elementor-element elementor-element-389fdb04 elementor-widget elementor-widget-text-editor\" data-id=\"389fdb04\" data-element_type=\"widget\" data-e-type=\"widget\" data-widget_type=\"text-editor.default\">\n\t\t\t\t<div class=\"elementor-widget-container\">\n\t\t\t\t\t\t\t\t\t<p>A small grass\/gravel runway airfield in K\u00e4rs\u00e4m\u00e4ki municipality, the home of one Rallye and a Rans Coyote and a Murphy Renegade. Frequent visitors are also a Cardinal an Archer and an Zephyr. The field lies in the immediate vicinity of K\u00e4rs\u00e4m\u00e4ki centre and and highway No 4, additionally there is a camping site by the field. Right hand landing approach to runway 27.<\/p>\n\t\t\t\t\t\t\t\t<\/div>\n\t\t\t\t<\/div>\n\t\t\t\t<div class=\"elementor-element elementor-element-10671179 elementor-widget elementor-widget-heading\" data-id=\"10671179\" data-element_type=\"widget\" data-e-type=\"widget\" data-widget_type=\"heading.default\">\n\t\t\t\t<div class=\"elementor-widget-container\">\n\t\t\t\t\t<h5 class=\"elementor-heading-title elementor-size-default\">3.  Price Information:<\/h5>\t\t\t\t<\/div>\n\t\t\t\t<\/div>\n\t\t\t\t<div class=\"elementor-element elementor-element-1ce436a9 elementor-widget elementor-widget-text-editor\" data-id=\"1ce436a9\" data-element_type=\"widget\" data-e-type=\"widget\" data-widget_type=\"text-editor.default\">\n\t\t\t\t<div class=\"elementor-widget-container\">\n\t\t\t\t\t\t\t\t\t<p>NIL<\/p>\n\t\t\t\t\t\t\t\t<\/div>\n\t\t\t\t<\/div>\n\t\t\t\t<div class=\"elementor-element elementor-element-6dffe60c elementor-widget elementor-widget-heading\" data-id=\"6dffe60c\" data-element_type=\"widget\" data-e-type=\"widget\" data-widget_type=\"heading.default\">\n\t\t\t\t<div class=\"elementor-widget-container\">\n\t\t\t\t\t<h5 class=\"elementor-heading-title elementor-size-default\">4. The Airport:<\/h5>\t\t\t\t<\/div>\n\t\t\t\t<\/div>\n\t\t\t\t<div class=\"elementor-element elementor-element-2df2bf25 elementor-widget elementor-widget-text-editor\" data-id=\"2df2bf25\" data-element_type=\"widget\" data-e-type=\"widget\" data-widget_type=\"text-editor.default\">\n\t\t\t\t<div class=\"elementor-widget-container\">\n\t\t\t\t\t\t\t\t\t<p>The runway surface is flat and hard though. Turning is advisable using the enlargements at the end of the runway. Higher trees at the end of RW 27 where also a mast is located on the left side. Due to this the threshold is moved forward 400 m.<\/p>\n\t\t\t\t\t\t\t\t<\/div>\n\t\t\t\t<\/div>\n\t\t\t\t<div class=\"elementor-element elementor-element-7d68796d elementor-widget elementor-widget-heading\" data-id=\"7d68796d\" data-element_type=\"widget\" data-e-type=\"widget\" data-widget_type=\"heading.default\">\n\t\t\t\t<div class=\"elementor-widget-container\">\n\t\t\t\t\t<h5 class=\"elementor-heading-title elementor-size-default\">5. Basic data:<\/h5>\t\t\t\t<\/div>\n\t\t\t\t<\/div>\n\t\t\t\t<div class=\"elementor-element elementor-element-7a994a12 elementor-widget elementor-widget-text-editor\" data-id=\"7a994a12\" data-element_type=\"widget\" data-e-type=\"widget\" data-widget_type=\"text-editor.default\">\n\t\t\t\t<div class=\"elementor-widget-container\">\n\t\t\t\t\t\t\t\t\t<p><strong>Coordinates:<\/strong> 635922N 0254437E<br \/>\n<strong>Runway<\/strong>: 09\/27 \u2013 700 x 10 m \u2013 Grass\/gravel<br \/>\n<strong>LDA<\/strong>: 09: 700 m, 27: 300 m<br \/>\n<strong>Radio frequency:<\/strong> 123,550<br \/>\n<strong>Airport elevation:<\/strong> 106 m (348 ft)<br \/>\n<strong>Fuel availability<\/strong>: NIL<br \/>\n<strong>Announcements:<\/strong>\u00a0<a class=\"popup\" href=\"https:\/\/lentopaikat.fi\/notam\/notam.php?a=EFKR\" data-width=\"500\" data-height=\"600\" data-scrollbars=\"1\">NOTAM<\/a><\/p>\n\t\t\t\t\t\t\t\t<\/div>\n\t\t\t\t<\/div>\n\t\t\t\t<div class=\"elementor-element elementor-element-d66751f elementor-widget elementor-widget-heading\" data-id=\"d66751f\" data-element_type=\"widget\" data-e-type=\"widget\" data-widget_type=\"heading.default\">\n\t\t\t\t<div class=\"elementor-widget-container\">\n\t\t\t\t\t<h5 class=\"elementor-heading-title elementor-size-default\"> 6. Sight seeing and services<\/h5>\t\t\t\t<\/div>\n\t\t\t\t<\/div>\n\t\t\t\t<div class=\"elementor-element elementor-element-7663cd13 elementor-widget elementor-widget-text-editor\" data-id=\"7663cd13\" data-element_type=\"widget\" data-e-type=\"widget\" data-widget_type=\"text-editor.default\">\n\t\t\t\t<div class=\"elementor-widget-container\">\n\t\t\t\t\t\t\t\t\t<p>An interesting sight is the Paanukirkko church on the Pyh\u00e4joki river bank. A sign on highway No 4, the church 500 m from the road. Service stations in the centre of K\u00e4rs\u00e4m\u00e4ki one km from the field, as well as shops and restaurants. Some 250 m from the field an accommodation establishment Suomela, offering tent space and old fashioned storing cabins for rent. There is a gas station about 500m from the field. Good place for aircraft capable of using mogas.<\/p>\n\t\t\t\t\t\t\t\t<\/div>\n\t\t\t\t<\/div>\n\t\t\t\t<div class=\"elementor-element elementor-element-704452e9 elementor-widget elementor-widget-heading\" data-id=\"704452e9\" data-element_type=\"widget\" data-e-type=\"widget\" data-widget_type=\"heading.default\">\n\t\t\t\t<div class=\"elementor-widget-container\">\n\t\t\t\t\t<h5 class=\"elementor-heading-title elementor-size-default\">7. Contact information:<\/h5>\t\t\t\t<\/div>\n\t\t\t\t<\/div>\n\t\t\t\t<div class=\"elementor-element elementor-element-52fa834e elementor-widget elementor-widget-text-editor\" data-id=\"52fa834e\" data-element_type=\"widget\" data-e-type=\"widget\" data-widget_type=\"text-editor.default\">\n\t\t\t\t<div class=\"elementor-widget-container\">\n\t\t\t\t\t\t\t\t\t<p>Airport Chief, Eino Ylitalo +358 40 0139429<br \/>\nPyh\u00e4salmen aviation club Ari Hintikka +358 400 282690<br \/>\nTaxi +358 8 771000.<\/p>\n\t\t\t\t\t\t\t\t<\/div>\n\t\t\t\t<\/div>\n\t\t\t\t<div class=\"elementor-element elementor-element-5562cf1a elementor-widget elementor-widget-heading\" data-id=\"5562cf1a\" data-element_type=\"widget\" data-e-type=\"widget\" data-widget_type=\"heading.default\">\n\t\t\t\t<div class=\"elementor-widget-container\">\n\t\t\t\t\t<h5 class=\"elementor-heading-title elementor-size-default\">8.  Links:<\/h5>\t\t\t\t<\/div>\n\t\t\t\t<\/div>\n\t\t\t\t<div class=\"elementor-element elementor-element-57a14e3e elementor-widget elementor-widget-text-editor\" data-id=\"57a14e3e\" data-element_type=\"widget\" data-e-type=\"widget\" data-widget_type=\"text-editor.default\">\n\t\t\t\t<div class=\"elementor-widget-container\">\n\t\t\t\t\t\t\t\t\t<ul>\n<li><a href=\"http:\/\/www.karsamaki.fi\/files\/kartat\/opaskartta.pdf\" target=\"_blank\" rel=\"noopener\">K\u00e4rs\u00e4m\u00e4ki guide map<\/a><\/li>\n<\/ul>\n\t\t\t\t\t\t\t\t<\/div>\n\t\t\t\t<\/div>\n\t\t\t\t<div class=\"elementor-element elementor-element-62426dae elementor-widget elementor-widget-heading\" data-id=\"62426dae\" data-element_type=\"widget\" data-e-type=\"widget\" data-widget_type=\"heading.default\">\n\t\t\t\t<div class=\"elementor-widget-container\">\n\t\t\t\t\t<h5 class=\"elementor-heading-title elementor-size-default\">9. Map<\/h5>\t\t\t\t<\/div>\n\t\t\t\t<\/div>\n\t\t\t\t<div class=\"elementor-element elementor-element-3a4728b6 elementor-widget elementor-widget-google_maps\" data-id=\"3a4728b6\" data-element_type=\"widget\" data-e-type=\"widget\" data-widget_type=\"google_maps.default\">\n\t\t\t\t<div class=\"elementor-widget-container\">\n\t\t\t\t\t\t\t<div class=\"elementor-custom-embed\">\n\t\t\t<iframe loading=\"lazy\"\n\t\t\t\t\tsrc=\"https:\/\/www.google.com\/maps\/embed\/v1\/place?key=AIzaSyC1j1iK8FQx51JcFwNxcbaAudBg3BxuVow&#038;q=K%C3%A4rs%C3%A4m%C3%A4en%20pienlentokentt%C3%A4&#038;zoom=13\"\n\t\t\t\t\ttitle=\"K\u00e4rs\u00e4m\u00e4en pienlentokentt\u00e4\"\n\t\t\t\t\taria-label=\"K\u00e4rs\u00e4m\u00e4en pienlentokentt\u00e4\"\n\t\t\t><\/iframe>\n\t\t<\/div>\n\t\t\t\t\t\t<\/div>\n\t\t\t\t<\/div>\n\t\t\t\t\t<\/div>\n\t\t<\/div>\n\t\t\t\t<div class=\"elementor-column elementor-col-50 elementor-inner-column elementor-element elementor-element-475a58e3\" data-id=\"475a58e3\" data-element_type=\"column\" data-e-type=\"column\">\n\t\t\t<div class=\"elementor-widget-wrap elementor-element-populated\">\n\t\t\t\t\t\t<div class=\"elementor-element elementor-element-13b8b283 elementor-widget elementor-widget-image\" data-id=\"13b8b283\" data-element_type=\"widget\" data-e-type=\"widget\" data-widget_type=\"image.default\">\n\t\t\t\t<div class=\"elementor-widget-container\">\n\t\t\t\t\t\t\t\t\t\t\t\t<figure class=\"wp-caption\">\n\t\t\t\t\t\t\t\t\t\t\t<a href=\"https:\/\/lentopaikat.fi\/wp-content\/uploads\/efkr.gif\" data-elementor-open-lightbox=\"yes\" data-elementor-lightbox-title=\"efkr\" data-e-action-hash=\"#elementor-action%3Aaction%3Dlightbox%26settings%3DeyJpZCI6MzQ4NjMsInVybCI6Imh0dHBzOlwvXC9sZW50b3BhaWthdC5maVwvd3AtY29udGVudFwvdXBsb2Fkc1wvZWZrci5naWYifQ%3D%3D\">\n\t\t\t\t\t\t\t<img fetchpriority=\"high\" decoding=\"async\" width=\"200\" height=\"352\" src=\"https:\/\/lentopaikat.fi\/wp-content\/uploads\/efkr.gif\" class=\"attachment-large size-large wp-image-34863\" alt=\"\" \/>\t\t\t\t\t\t\t\t<\/a>\n\t\t\t\t\t\t\t\t\t\t\t<figcaption class=\"widget-image-caption wp-caption-text\"><\/figcaption>\n\t\t\t\t\t\t\t\t\t\t<\/figure>\n\t\t\t\t\t\t\t\t\t<\/div>\n\t\t\t\t<\/div>\n\t\t\t\t<div class=\"elementor-element elementor-element-5b0bc58e elementor-widget elementor-widget-image\" data-id=\"5b0bc58e\" data-element_type=\"widget\" data-e-type=\"widget\" data-widget_type=\"image.default\">\n\t\t\t\t<div class=\"elementor-widget-container\">\n\t\t\t\t\t\t\t\t\t\t\t\t<figure class=\"wp-caption\">\n\t\t\t\t\t\t\t\t\t\t\t<a href=\"https:\/\/lentopaikat.fi\/wp-content\/uploads\/EFKR_LDG.pdf\" target=\"_blank\">\n\t\t\t\t\t\t\t<img decoding=\"async\" width=\"724\" height=\"1024\" src=\"https:\/\/lentopaikat.fi\/wp-content\/uploads\/EFKR_LDG-724x1024.jpg\" class=\"attachment-large size-large wp-image-34869\" alt=\"\" srcset=\"https:\/\/lentopaikat.fi\/wp-content\/uploads\/EFKR_LDG-724x1024.jpg 724w, https:\/\/lentopaikat.fi\/wp-content\/uploads\/EFKR_LDG-212x300.jpg 212w, https:\/\/lentopaikat.fi\/wp-content\/uploads\/EFKR_LDG-768x1086.jpg 768w, https:\/\/lentopaikat.fi\/wp-content\/uploads\/EFKR_LDG-8x12.jpg 8w, https:\/\/lentopaikat.fi\/wp-content\/uploads\/EFKR_LDG.jpg 943w\" sizes=\"(max-width: 724px) 100vw, 724px\" \/>\t\t\t\t\t\t\t\t<\/a>\n\t\t\t\t\t\t\t\t\t\t\t<figcaption class=\"widget-image-caption wp-caption-text\">LDG CHART, CLICK ON PICTURE TO OPEN PDF DOCUMENT<\/figcaption>\n\t\t\t\t\t\t\t\t\t\t<\/figure>\n\t\t\t\t\t\t\t\t\t<\/div>\n\t\t\t\t<\/div>\n\t\t<div class=\"elementor-element elementor-element-3703711c e-flex e-con-boxed e-con e-parent\" data-id=\"3703711c\" data-element_type=\"container\" data-e-type=\"container\">\n\t\t\t\t\t<div class=\"e-con-inner\">\n\t\t\t\t<div class=\"elementor-element elementor-element-3bea77e8 elementor-arrows-position-inside elementor-widget elementor-widget-image-carousel\" data-id=\"3bea77e8\" data-element_type=\"widget\" data-e-type=\"widget\" data-settings=\"{&quot;slides_to_show&quot;:&quot;1&quot;,&quot;navigation&quot;:&quot;arrows&quot;,&quot;speed&quot;:900,&quot;autoplay&quot;:&quot;yes&quot;,&quot;pause_on_hover&quot;:&quot;yes&quot;,&quot;pause_on_interaction&quot;:&quot;yes&quot;,&quot;autoplay_speed&quot;:5000,&quot;infinite&quot;:&quot;yes&quot;,&quot;effect&quot;:&quot;slide&quot;}\" data-widget_type=\"image-carousel.default\">\n\t\t\t\t<div class=\"elementor-widget-container\">\n\t\t\t\t\t\t\t<div class=\"elementor-image-carousel-wrapper swiper\" role=\"region\" aria-roledescription=\"carousel\" aria-label=\"Image Carousel\" dir=\"ltr\">\n\t\t\t<div class=\"elementor-image-carousel swiper-wrapper swiper-image-stretch\" aria-live=\"off\">\n\t\t\t\t\t\t\t\t<div class=\"swiper-slide\" role=\"group\" aria-roledescription=\"slide\" aria-label=\"1 of 5\"><a data-elementor-open-lightbox=\"yes\" data-elementor-lightbox-slideshow=\"3bea77e8\" data-elementor-lightbox-title=\"efkr-1\" data-elementor-lightbox-description=\"KENTT\u00c4 POHJOISPUOLELTA N\u00c4HTYN\u00c4 LASKUKIERROKSESSA KIITOTIELLE 27 KANNATTAA HUOMIOIDA KUVASSA VASEMMALLA N\u00c4KYV\u00c4 RADIOMASTO.\nKUVATTU: 19.8.2015\nKUVA: VEIKKO KARASVIRTA\" data-e-action-hash=\"#elementor-action%3Aaction%3Dlightbox%26settings%3DeyJpZCI6MzQ4NTcsInVybCI6Imh0dHBzOlwvXC9sZW50b3BhaWthdC5maVwvd3AtY29udGVudFwvdXBsb2Fkc1wvZWZrci0xLmpwZyIsInNsaWRlc2hvdyI6IjNiZWE3N2U4In0%3D\" href=\"https:\/\/lentopaikat.fi\/wp-content\/uploads\/efkr-1.jpg\"><figure class=\"swiper-slide-inner\"><img decoding=\"async\" class=\"swiper-slide-image\" src=\"https:\/\/lentopaikat.fi\/wp-content\/uploads\/efkr-1-1024x768.jpg\" alt=\"KENTT\u00c4 POHJOISPUOLELTA N\u00c4HTYN\u00c4 LASKUKIERROKSESSA KIITOTIELLE 27 KANNATTAA HUOMIOIDA KUVASSA VASEMMALLA N\u00c4KYV\u00c4 RADIOMASTO.\nKUVATTU: 19.8.2015\nKUVA: VEIKKO KARASVIRTA\" \/><figcaption class=\"elementor-image-carousel-caption\">KENTT\u00c4 POHJOISPUOLELTA N\u00c4HTYN\u00c4 LASKUKIERROKSESSA KIITOTIELLE 27 KANNATTAA HUOMIOIDA KUVASSA VASEMMALLA N\u00c4KYV\u00c4 RADIOMASTO.\nKUVATTU: 19.8.2015\nKUVA: VEIKKO KARASVIRTA<\/figcaption><\/figure><\/a><\/div><div class=\"swiper-slide\" role=\"group\" aria-roledescription=\"slide\" aria-label=\"2 of 5\"><a data-elementor-open-lightbox=\"yes\" data-elementor-lightbox-slideshow=\"3bea77e8\" data-elementor-lightbox-title=\"dav\" data-elementor-lightbox-description=\"K\u00c4RS\u00c4M\u00c4EN KENT\u00c4LLE HILJAKKOIN RAKENNETTU TERMINAALI.\nKUVATTU: 11.9.2022\nKUVAAJA: VEIKKO KARASVIRTA\" data-e-action-hash=\"#elementor-action%3Aaction%3Dlightbox%26settings%3DeyJpZCI6MzQ4NjAsInVybCI6Imh0dHBzOlwvXC9sZW50b3BhaWthdC5maVwvd3AtY29udGVudFwvdXBsb2Fkc1wvRUZLUi1rb3BwaS1zY2FsZWQuanBnIiwic2xpZGVzaG93IjoiM2JlYTc3ZTgifQ%3D%3D\" href=\"https:\/\/lentopaikat.fi\/wp-content\/uploads\/EFKR-koppi-scaled.jpg\"><figure class=\"swiper-slide-inner\"><img decoding=\"async\" class=\"swiper-slide-image\" src=\"https:\/\/lentopaikat.fi\/wp-content\/uploads\/EFKR-koppi-scaled-1024x593.jpg\" alt=\"dav\" \/><figcaption class=\"elementor-image-carousel-caption\">dav<\/figcaption><\/figure><\/a><\/div><div class=\"swiper-slide\" role=\"group\" aria-roledescription=\"slide\" aria-label=\"3 of 5\"><a data-elementor-open-lightbox=\"yes\" data-elementor-lightbox-slideshow=\"3bea77e8\" data-elementor-lightbox-title=\"efkr-2\" data-elementor-lightbox-description=\"KENT\u00c4N PINTAA RADAN 27 SUUNTAISESTI ILTA-AURINGOSSA 19.8.2015. PINTA RIITT\u00c4V\u00c4N SILE\u00c4 PIENIPY\u00d6R\u00c4SISILLEKIN KONEILLE, JA REUNAESTEET KARSITTU LEVE\u00c4LT\u00c4 VY\u00d6HYKKEELT\u00c4 MOLEMMIN PUOLIN.\nKUVA VEIKKO KARASVIRTA\" data-e-action-hash=\"#elementor-action%3Aaction%3Dlightbox%26settings%3DeyJpZCI6MzQ4NTgsInVybCI6Imh0dHBzOlwvXC9sZW50b3BhaWthdC5maVwvd3AtY29udGVudFwvdXBsb2Fkc1wvZWZrci0yLmpwZyIsInNsaWRlc2hvdyI6IjNiZWE3N2U4In0%3D\" href=\"https:\/\/lentopaikat.fi\/wp-content\/uploads\/efkr-2.jpg\"><figure class=\"swiper-slide-inner\"><img decoding=\"async\" class=\"swiper-slide-image\" src=\"https:\/\/lentopaikat.fi\/wp-content\/uploads\/efkr-2-1024x768.jpg\" alt=\"KENT\u00c4N PINTAA RADAN 27 SUUNTAISESTI ILTA-AURINGOSSA 19.8.2015. PINTA RIITT\u00c4V\u00c4N SILE\u00c4 PIENIPY\u00d6R\u00c4SISILLEKIN KONEILLE, JA REUNAESTEET KARSITTU LEVE\u00c4LT\u00c4 VY\u00d6HYKKEELT\u00c4 MOLEMMIN PUOLIN.\nKUVA VEIKKO KARASVIRTA\" \/><figcaption class=\"elementor-image-carousel-caption\">KENT\u00c4N PINTAA RADAN 27 SUUNTAISESTI ILTA-AURINGOSSA 19.8.2015. PINTA RIITT\u00c4V\u00c4N SILE\u00c4 PIENIPY\u00d6R\u00c4SISILLEKIN KONEILLE, JA REUNAESTEET KARSITTU LEVE\u00c4LT\u00c4 VY\u00d6HYKKEELT\u00c4 MOLEMMIN PUOLIN.\nKUVA VEIKKO KARASVIRTA<\/figcaption><\/figure><\/a><\/div><div class=\"swiper-slide\" role=\"group\" aria-roledescription=\"slide\" aria-label=\"4 of 5\"><a data-elementor-open-lightbox=\"yes\" data-elementor-lightbox-slideshow=\"3bea77e8\" data-elementor-lightbox-title=\"efkr-u462-ja-takana-cnn\" data-elementor-lightbox-description=\"EFKR HALLI, OH-U462 EDESS\u00c4 JA OH-CNN TAKANA\" data-e-action-hash=\"#elementor-action%3Aaction%3Dlightbox%26settings%3DeyJpZCI6MzQ4NjIsInVybCI6Imh0dHBzOlwvXC9sZW50b3BhaWthdC5maVwvd3AtY29udGVudFwvdXBsb2Fkc1wvZWZrci11NDYyLWphLXRha2FuYS1jbm4uanBnIiwic2xpZGVzaG93IjoiM2JlYTc3ZTgifQ%3D%3D\" href=\"https:\/\/lentopaikat.fi\/wp-content\/uploads\/efkr-u462-ja-takana-cnn.jpg\"><figure class=\"swiper-slide-inner\"><img decoding=\"async\" class=\"swiper-slide-image\" src=\"https:\/\/lentopaikat.fi\/wp-content\/uploads\/efkr-u462-ja-takana-cnn.jpg\" alt=\"EFKR HALLI, OH-U462 EDESS\u00c4 JA OH-CNN TAKANA\" \/><figcaption class=\"elementor-image-carousel-caption\">EFKR HALLI, OH-U462 EDESS\u00c4 JA OH-CNN TAKANA<\/figcaption><\/figure><\/a><\/div><div class=\"swiper-slide\" role=\"group\" aria-roledescription=\"slide\" aria-label=\"5 of 5\"><a data-elementor-open-lightbox=\"yes\" data-elementor-lightbox-slideshow=\"3bea77e8\" data-elementor-lightbox-title=\"EFKR_Tuulipussi-\" data-elementor-lightbox-description=\"EFKR Tuulipussi\" data-e-action-hash=\"#elementor-action%3Aaction%3Dlightbox%26settings%3DeyJpZCI6MzQ4NzIsInVybCI6Imh0dHBzOlwvXC9sZW50b3BhaWthdC5maVwvd3AtY29udGVudFwvdXBsb2Fkc1wvRUZLUl9UdXVsaXB1c3NpLS5qcGciLCJzbGlkZXNob3ciOiIzYmVhNzdlOCJ9\" href=\"https:\/\/lentopaikat.fi\/wp-content\/uploads\/EFKR_Tuulipussi-.jpg\"><figure class=\"swiper-slide-inner\"><img decoding=\"async\" class=\"swiper-slide-image\" src=\"https:\/\/lentopaikat.fi\/wp-content\/uploads\/EFKR_Tuulipussi--1024x768.jpg\" alt=\"EFKR Tuulipussi\" \/><figcaption class=\"elementor-image-carousel-caption\">EFKR Tuulipussi<\/figcaption><\/figure><\/a><\/div>\t\t\t<\/div>\n\t\t\t\t\t\t\t\t\t\t\t\t<div class=\"elementor-swiper-button elementor-swiper-button-prev\" role=\"button\" tabindex=\"0\">\n\t\t\t\t\t\t<i aria-hidden=\"true\" class=\"eicon-chevron-left\"><\/i>\t\t\t\t\t<\/div>\n\t\t\t\t\t<div class=\"elementor-swiper-button elementor-swiper-button-next\" role=\"button\" tabindex=\"0\">\n\t\t\t\t\t\t<i aria-hidden=\"true\" class=\"eicon-chevron-right\"><\/i>\t\t\t\t\t<\/div>\n\t\t\t\t\n\t\t\t\t\t\t\t\t\t<\/div>\n\t\t\t\t\t\t<\/div>\n\t\t\t\t<\/div>\n\t\t\t\t\t<\/div>\n\t\t\t\t<\/div>\n\t\t\t\t\t<\/div>\n\t\t<\/div>\n\t\t\t\t\t<\/div>\n\t\t<\/section>\n\t\t\t\t\t<\/div>\n\t\t<\/div>\n\t\t\t\t\t<\/div>\n\t\t<\/section>\n\t\t\t\t<\/div>\n\t\t","protected":false},"excerpt":{"rendered":"<p>K\u00e4rs\u00e4m\u00e4ki &#8211; EFKR Warning! T\u00e4m\u00e4 on ns, &#8220;k\u00f6yh\u00e4n miehen NOTAM&#8221; eli t\u00e4ll\u00e4 voi varoittaa kent\u00e4ll\u00e4 tapahtuvasta poikkeavasta toiminnasta. T\u00e4m\u00e4 ilmoitus on ajastettavissa ja n\u00e4kyy vain silloin kun on jotain varoitettaavaa Varoitus ei ole suljettavissa T\u00e4m\u00e4n aikaa voi s\u00e4\u00e4t\u00e4 vasemmalta Visibility v\u00e4lilehdest\u00e4 1. Sunset and sunrise and the SERA definition of night 2. General information: A [&hellip;]<\/p>\n","protected":false},"author":1,"featured_media":0,"parent":0,"menu_order":0,"comment_status":"closed","ping_status":"closed","template":"","meta":{"inline_featured_image":false,"_lmt_disableupdate":"","_lmt_disable":"","footnotes":""},"class_list":["post-36094","page","type-page","status-publish","hentry"],"_links":{"self":[{"href":"https:\/\/lentopaikat.fi\/en\/wp-json\/wp\/v2\/pages\/36094","targetHints":{"allow":["GET"]}}],"collection":[{"href":"https:\/\/lentopaikat.fi\/en\/wp-json\/wp\/v2\/pages"}],"about":[{"href":"https:\/\/lentopaikat.fi\/en\/wp-json\/wp\/v2\/types\/page"}],"author":[{"embeddable":true,"href":"https:\/\/lentopaikat.fi\/en\/wp-json\/wp\/v2\/users\/1"}],"replies":[{"embeddable":true,"href":"https:\/\/lentopaikat.fi\/en\/wp-json\/wp\/v2\/comments?post=36094"}],"version-history":[{"count":0,"href":"https:\/\/lentopaikat.fi\/en\/wp-json\/wp\/v2\/pages\/36094\/revisions"}],"wp:attachment":[{"href":"https:\/\/lentopaikat.fi\/en\/wp-json\/wp\/v2\/media?parent=36094"}],"curies":[{"name":"wp","href":"https:\/\/api.w.org\/{rel}","templated":true}]}}