{"id":36036,"date":"2022-11-17T19:53:55","date_gmt":"2022-11-17T17:53:55","guid":{"rendered":"https:\/\/lentopaikat.fi\/kiuruvesi-efrv\/"},"modified":"2022-11-17T19:59:22","modified_gmt":"2022-11-17T17:59:22","slug":"kiuruvesi-efrv","status":"publish","type":"page","link":"https:\/\/lentopaikat.fi\/en\/kiuruvesi-efrv\/","title":{"rendered":"Kiuruvesi &#8211; EFRV"},"content":{"rendered":"\t\t<div data-elementor-type=\"wp-page\" data-elementor-id=\"36036\" class=\"elementor elementor-36036 elementor-36024\" data-elementor-post-type=\"page\">\n\t\t\t\t\t\t<section class=\"elementor-section elementor-top-section elementor-element elementor-element-21d63eab elementor-section-height-min-height elementor-section-full_width elementor-section-height-default elementor-section-items-middle\" data-id=\"21d63eab\" data-element_type=\"section\" data-e-type=\"section\" data-settings=\"{&quot;background_background&quot;:&quot;classic&quot;}\">\n\t\t\t\t\t\t\t<div class=\"elementor-background-overlay\"><\/div>\n\t\t\t\t\t\t\t<div class=\"elementor-container elementor-column-gap-default\">\n\t\t\t\t\t<div class=\"elementor-column elementor-col-50 elementor-top-column elementor-element elementor-element-2481c940\" data-id=\"2481c940\" data-element_type=\"column\" data-e-type=\"column\">\n\t\t\t<div class=\"elementor-widget-wrap elementor-element-populated\">\n\t\t\t\t\t\t<div class=\"elementor-element elementor-element-17642e67 elementor-widget elementor-widget-heading\" data-id=\"17642e67\" data-element_type=\"widget\" data-e-type=\"widget\" data-widget_type=\"heading.default\">\n\t\t\t\t<div class=\"elementor-widget-container\">\n\t\t\t\t\t<h2 class=\"elementor-heading-title elementor-size-default\">Kiuruvesi - EFRV<\/h2>\t\t\t\t<\/div>\n\t\t\t\t<\/div>\n\t\t\t\t\t<\/div>\n\t\t<\/div>\n\t\t\t\t<div class=\"elementor-column elementor-col-50 elementor-top-column elementor-element elementor-element-5c804e56\" data-id=\"5c804e56\" data-element_type=\"column\" data-e-type=\"column\">\n\t\t\t<div class=\"elementor-widget-wrap\">\n\t\t\t\t\t\t\t<\/div>\n\t\t<\/div>\n\t\t\t\t\t<\/div>\n\t\t<\/section>\n\t\t\t\t<section class=\"elementor-section elementor-top-section elementor-element elementor-element-2a197f0d elementor-section-full_width elementor-section-height-default elementor-section-height-default\" data-id=\"2a197f0d\" data-element_type=\"section\" data-e-type=\"section\">\n\t\t\t\t\t\t<div class=\"elementor-container elementor-column-gap-default\">\n\t\t\t\t\t<div class=\"elementor-column elementor-col-100 elementor-top-column elementor-element elementor-element-26a8e4a2\" data-id=\"26a8e4a2\" data-element_type=\"column\" data-e-type=\"column\">\n\t\t\t<div class=\"elementor-widget-wrap elementor-element-populated\">\n\t\t\t\t\t\t<section class=\"elementor-section elementor-inner-section elementor-element elementor-element-1489371f elementor-section-full_width elementor-section-height-default elementor-section-height-default\" data-id=\"1489371f\" data-element_type=\"section\" data-e-type=\"section\">\n\t\t\t\t\t\t<div class=\"elementor-container elementor-column-gap-wide\">\n\t\t\t\t\t<div class=\"elementor-column elementor-col-50 elementor-inner-column elementor-element elementor-element-328f9c0c\" data-id=\"328f9c0c\" data-element_type=\"column\" data-e-type=\"column\">\n\t\t\t<div class=\"elementor-widget-wrap elementor-element-populated\">\n\t\t\t\t<!-- dce invisible element 14dc96a3 -->\t\t<div class=\"elementor-element elementor-element-43b5efdc elementor-widget elementor-widget-heading\" data-id=\"43b5efdc\" data-element_type=\"widget\" data-e-type=\"widget\" data-widget_type=\"heading.default\">\n\t\t\t\t<div class=\"elementor-widget-container\">\n\t\t\t\t\t<h5 class=\"elementor-heading-title elementor-size-default\">1. Sunset and sunrise and the SERA definition of night<\/h5>\t\t\t\t<\/div>\n\t\t\t\t<\/div>\n\t\t\t\t<div class=\"elementor-element elementor-element-13401d3 elementor-widget elementor-widget-shortcode\" data-id=\"13401d3\" data-element_type=\"widget\" data-e-type=\"widget\" data-widget_type=\"shortcode.default\">\n\t\t\t\t<div class=\"elementor-widget-container\">\n\t\t\t\t\t\t\t<div class=\"elementor-shortcode\"><table><tbody><tr><td>Finnish time today, 07.04.2026<\/br><b> - Night ends: 05:23<\/br> - Sunrise: 06:13<\/br> - Sunset: 20:20<\/br> - Night begins: 21:10<\/br><\/b><\/td>\r\n<td> Times tomorrow <\/br><b> - Night ends tomorrow: 05:20<\/br> - Sunrise tomorrow: 06:10<\/br> - sunset tomorrow: 20:23<\/br> - Night begins tomorrow: 21:13<\/b><\/td><\/tr><\/tbody><\/table><\/div>\n\t\t\t\t\t\t<\/div>\n\t\t\t\t<\/div>\n\t\t\t\t<div class=\"elementor-element elementor-element-35588c64 elementor-widget elementor-widget-heading\" data-id=\"35588c64\" data-element_type=\"widget\" data-e-type=\"widget\" data-widget_type=\"heading.default\">\n\t\t\t\t<div class=\"elementor-widget-container\">\n\t\t\t\t\t<h5 class=\"elementor-heading-title elementor-size-default\">2. General information:<\/h5>\t\t\t\t<\/div>\n\t\t\t\t<\/div>\n\t\t\t\t<div class=\"elementor-element elementor-element-1ab9c647 elementor-widget elementor-widget-text-editor\" data-id=\"1ab9c647\" data-element_type=\"widget\" data-e-type=\"widget\" data-widget_type=\"text-editor.default\">\n\t\t\t\t<div class=\"elementor-widget-container\">\n\t\t\t\t\t\t\t\t\t<p>The airfield is in North Savo, at Haapakummi in the city of Kiuruvesi. it was established in 1979. The asphalt surface has been layed in 1989-91.<br \/>\nThere is a hangar with a small office\/Flight planning space. There is a local aeroclub at the field, which had active glider, motor and ultra-light operations.<br \/>\nIn the past, the activity was very active, but it quieted down during the turn of the century. After which the condition of the airport deteriorated.<br \/>\nIn the fall of 2016, operations were restarted and the airport renovation was started. Renovation work has been continued during spring of 2017.<br \/>\nA grass RC-flying field has been set up in the outskirts of the runway to the south of the field. The current activity is mainly ultralight and RC-flying activities.<br \/>\nThere are frequent RC-flying operations at the southern end of the runway, which is why all incoming aircraft must circle the field before landing.<\/p>\n\t\t\t\t\t\t\t\t<\/div>\n\t\t\t\t<\/div>\n\t\t\t\t<div class=\"elementor-element elementor-element-20cacd31 elementor-widget elementor-widget-heading\" data-id=\"20cacd31\" data-element_type=\"widget\" data-e-type=\"widget\" data-widget_type=\"heading.default\">\n\t\t\t\t<div class=\"elementor-widget-container\">\n\t\t\t\t\t<h5 class=\"elementor-heading-title elementor-size-default\">3.  Price Information:<\/h5>\t\t\t\t<\/div>\n\t\t\t\t<\/div>\n\t\t\t\t<div class=\"elementor-element elementor-element-c529b7a elementor-widget elementor-widget-text-editor\" data-id=\"c529b7a\" data-element_type=\"widget\" data-e-type=\"widget\" data-widget_type=\"text-editor.default\">\n\t\t\t\t<div class=\"elementor-widget-container\">\n\t\t\t\t\t\t\t\t\t<p>NIL<\/p>\n\t\t\t\t\t\t\t\t<\/div>\n\t\t\t\t<\/div>\n\t\t\t\t<div class=\"elementor-element elementor-element-70ef34e2 elementor-widget elementor-widget-heading\" data-id=\"70ef34e2\" data-element_type=\"widget\" data-e-type=\"widget\" data-widget_type=\"heading.default\">\n\t\t\t\t<div class=\"elementor-widget-container\">\n\t\t\t\t\t<h5 class=\"elementor-heading-title elementor-size-default\">4. The Airport:<\/h5>\t\t\t\t<\/div>\n\t\t\t\t<\/div>\n\t\t\t\t<div class=\"elementor-element elementor-element-5c5cf367 elementor-widget elementor-widget-text-editor\" data-id=\"5c5cf367\" data-element_type=\"widget\" data-e-type=\"widget\" data-widget_type=\"text-editor.default\">\n\t\t\t\t<div class=\"elementor-widget-container\">\n\t\t\t\t\t\t\t\t\t<p>The renovation of the airport was started in the fall of 2016 and continued in the spring of 2017. The cracks and damages of the asphalt have been repaired. The runway surface is reasonably good. Brushes and other vegetation have been removed from the slope. On the outside of the rocky area there is brushes and trees. At the southern end of the field, trees have been removed from a 2.2-hectare area. Thresholds and runway paintings will be made in the summer of 2017.<\/p>\n\t\t\t\t\t\t\t\t<\/div>\n\t\t\t\t<\/div>\n\t\t\t\t<div class=\"elementor-element elementor-element-2067b3f7 elementor-widget elementor-widget-heading\" data-id=\"2067b3f7\" data-element_type=\"widget\" data-e-type=\"widget\" data-widget_type=\"heading.default\">\n\t\t\t\t<div class=\"elementor-widget-container\">\n\t\t\t\t\t<h5 class=\"elementor-heading-title elementor-size-default\">5. Basic data:<\/h5>\t\t\t\t<\/div>\n\t\t\t\t<\/div>\n\t\t\t\t<div class=\"elementor-element elementor-element-492cfc34 elementor-widget elementor-widget-text-editor\" data-id=\"492cfc34\" data-element_type=\"widget\" data-e-type=\"widget\" data-widget_type=\"text-editor.default\">\n\t\t\t\t<div class=\"elementor-widget-container\">\n\t\t\t\t\t\t\t\t\t<p><strong>Coordinates:<\/strong> 634220N 0263657E<br \/>\n<strong>Runway:<\/strong> 15\/33 \u2013 840 x 18 m \u2013 asphalt<br \/>\n<strong>LDA (asphalt):<\/strong> 15: 670 m, 33: 660 m. With gravel LDA\u00a015\/33 \u2013 840 x 18<br \/>\n<strong>Radio frequency:<\/strong> 123,500<br \/>\n<strong>Airport elevation:<\/strong> 157 m (515 ft)<br \/>\n<strong>Fuel availability:<\/strong> NIL, 5km to nearest gas station<br \/>\n<strong>Announcements:<\/strong>\u00a0<a class=\"popup\" href=\"https:\/\/lentopaikat.fi\/notam\/notam.php?a=EFRV\" data-width=\"500\" data-height=\"600\" data-scrollbars=\"1\">NOTAM<\/a><\/p>\n\t\t\t\t\t\t\t\t<\/div>\n\t\t\t\t<\/div>\n\t\t\t\t<div class=\"elementor-element elementor-element-706bcbc9 elementor-widget elementor-widget-heading\" data-id=\"706bcbc9\" data-element_type=\"widget\" data-e-type=\"widget\" data-widget_type=\"heading.default\">\n\t\t\t\t<div class=\"elementor-widget-container\">\n\t\t\t\t\t<h5 class=\"elementor-heading-title elementor-size-default\"> 6. Sight seeing and services<\/h5>\t\t\t\t<\/div>\n\t\t\t\t<\/div>\n\t\t\t\t<div class=\"elementor-element elementor-element-1534851e elementor-widget elementor-widget-text-editor\" data-id=\"1534851e\" data-element_type=\"widget\" data-e-type=\"widget\" data-widget_type=\"text-editor.default\">\n\t\t\t\t<div class=\"elementor-widget-container\">\n\t\t\t\t\t\t\t\t\t<p>Nearest restaurant at ABC service station some 5 kilometres from the field.<br \/>\nOther restaurants in town 7km away<\/p>\n\t\t\t\t\t\t\t\t<\/div>\n\t\t\t\t<\/div>\n\t\t\t\t<div class=\"elementor-element elementor-element-2b9b9da1 elementor-widget elementor-widget-heading\" data-id=\"2b9b9da1\" data-element_type=\"widget\" data-e-type=\"widget\" data-widget_type=\"heading.default\">\n\t\t\t\t<div class=\"elementor-widget-container\">\n\t\t\t\t\t<h5 class=\"elementor-heading-title elementor-size-default\">7. Contact information:<\/h5>\t\t\t\t<\/div>\n\t\t\t\t<\/div>\n\t\t\t\t<div class=\"elementor-element elementor-element-7dc5b129 elementor-widget elementor-widget-text-editor\" data-id=\"7dc5b129\" data-element_type=\"widget\" data-e-type=\"widget\" data-widget_type=\"text-editor.default\">\n\t\t\t\t<div class=\"elementor-widget-container\">\n\t\t\t\t\t\t\t\t\t<p>Airport Chief:<br \/>\nJari Tikkanen 0505642878<\/p>\n<p>Aviation Club Kiurun Siivet ry<br \/>\nChairman: \u00a0Aimo Heinonen 0443044572<br \/>\nSecretary: Jorma Repo 0400237954<\/p>\n<p>Taxi (general) \u00a0 \u00a0 \u00a0 \u00a0+358 20 010 600<br \/>\nTaxistation: \u00a0Asematie 12 \u00a0 +358 17 106 477<\/p>\n\t\t\t\t\t\t\t\t<\/div>\n\t\t\t\t<\/div>\n\t\t\t\t<div class=\"elementor-element elementor-element-61d74a3c elementor-widget elementor-widget-heading\" data-id=\"61d74a3c\" data-element_type=\"widget\" data-e-type=\"widget\" data-widget_type=\"heading.default\">\n\t\t\t\t<div class=\"elementor-widget-container\">\n\t\t\t\t\t<h5 class=\"elementor-heading-title elementor-size-default\">8.  Links:<\/h5>\t\t\t\t<\/div>\n\t\t\t\t<\/div>\n\t\t\t\t<div class=\"elementor-element elementor-element-76e16230 elementor-widget elementor-widget-text-editor\" data-id=\"76e16230\" data-element_type=\"widget\" data-e-type=\"widget\" data-widget_type=\"text-editor.default\">\n\t\t\t\t<div class=\"elementor-widget-container\">\n\t\t\t\t\t\t\t\t\t<ul>\n<li><a href=\"http:\/\/www.kiurunsiivet.ilmailuliitto.fi\/\">www.kiurunsiivet.ilmailuliitto.fi<\/a><\/li>\n<li><a href=\"http:\/\/www.kiuruvesi.fi\/\" target=\"_blank\" rel=\"noopener\">Kiuruvesi city<\/a><\/li>\n<\/ul>\n\t\t\t\t\t\t\t\t<\/div>\n\t\t\t\t<\/div>\n\t\t\t\t<div class=\"elementor-element elementor-element-7037656a elementor-widget elementor-widget-heading\" data-id=\"7037656a\" data-element_type=\"widget\" data-e-type=\"widget\" data-widget_type=\"heading.default\">\n\t\t\t\t<div class=\"elementor-widget-container\">\n\t\t\t\t\t<h5 class=\"elementor-heading-title elementor-size-default\">9. Map<\/h5>\t\t\t\t<\/div>\n\t\t\t\t<\/div>\n\t\t\t\t<div class=\"elementor-element elementor-element-6be4b81b elementor-widget elementor-widget-google_maps\" data-id=\"6be4b81b\" data-element_type=\"widget\" data-e-type=\"widget\" data-widget_type=\"google_maps.default\">\n\t\t\t\t<div class=\"elementor-widget-container\">\n\t\t\t\t\t\t\t<div class=\"elementor-custom-embed\">\n\t\t\t<iframe loading=\"lazy\"\n\t\t\t\t\tsrc=\"https:\/\/www.google.com\/maps\/embed\/v1\/place?key=AIzaSyC1j1iK8FQx51JcFwNxcbaAudBg3BxuVow&#038;q=Kiruveden%20pienlentokentt%C3%A4&#038;zoom=13\"\n\t\t\t\t\ttitle=\"Kiruveden pienlentokentt\u00e4\"\n\t\t\t\t\taria-label=\"Kiruveden pienlentokentt\u00e4\"\n\t\t\t><\/iframe>\n\t\t<\/div>\n\t\t\t\t\t\t<\/div>\n\t\t\t\t<\/div>\n\t\t\t\t\t<\/div>\n\t\t<\/div>\n\t\t\t\t<div class=\"elementor-column elementor-col-50 elementor-inner-column elementor-element elementor-element-1d06477a\" data-id=\"1d06477a\" data-element_type=\"column\" data-e-type=\"column\">\n\t\t\t<div class=\"elementor-widget-wrap elementor-element-populated\">\n\t\t\t\t\t\t<div class=\"elementor-element elementor-element-644fe507 elementor-widget elementor-widget-image\" data-id=\"644fe507\" data-element_type=\"widget\" data-e-type=\"widget\" data-widget_type=\"image.default\">\n\t\t\t\t<div class=\"elementor-widget-container\">\n\t\t\t\t\t\t\t\t\t\t\t\t<figure class=\"wp-caption\">\n\t\t\t\t\t\t\t\t\t\t\t<a href=\"https:\/\/lentopaikat.fi\/wp-content\/uploads\/efrv.gif\" data-elementor-open-lightbox=\"yes\" data-elementor-lightbox-title=\"efrv\" data-e-action-hash=\"#elementor-action%3Aaction%3Dlightbox%26settings%3DeyJpZCI6MzUxMDIsInVybCI6Imh0dHBzOlwvXC9sZW50b3BhaWthdC5maVwvd3AtY29udGVudFwvdXBsb2Fkc1wvZWZydi5naWYifQ%3D%3D\">\n\t\t\t\t\t\t\t<img fetchpriority=\"high\" decoding=\"async\" width=\"200\" height=\"352\" src=\"https:\/\/lentopaikat.fi\/wp-content\/uploads\/efrv.gif\" class=\"attachment-large size-large wp-image-35102\" alt=\"\" \/>\t\t\t\t\t\t\t\t<\/a>\n\t\t\t\t\t\t\t\t\t\t\t<figcaption class=\"widget-image-caption wp-caption-text\"><\/figcaption>\n\t\t\t\t\t\t\t\t\t\t<\/figure>\n\t\t\t\t\t\t\t\t\t<\/div>\n\t\t\t\t<\/div>\n\t\t\t\t<div class=\"elementor-element elementor-element-28b86154 elementor-widget elementor-widget-image\" data-id=\"28b86154\" data-element_type=\"widget\" data-e-type=\"widget\" data-widget_type=\"image.default\">\n\t\t\t\t<div class=\"elementor-widget-container\">\n\t\t\t\t\t\t\t\t\t\t\t\t<figure class=\"wp-caption\">\n\t\t\t\t\t\t\t\t\t\t\t<a href=\"https:\/\/lentopaikat.fi\/wp-content\/uploads\/EFRV_LDG-2.pdf\" target=\"_blank\">\n\t\t\t\t\t\t\t<img decoding=\"async\" width=\"724\" height=\"1024\" src=\"https:\/\/lentopaikat.fi\/wp-content\/uploads\/EFRV_LDG-2-724x1024.jpg\" class=\"attachment-large size-large wp-image-35103\" alt=\"\" srcset=\"https:\/\/lentopaikat.fi\/wp-content\/uploads\/EFRV_LDG-2-724x1024.jpg 724w, https:\/\/lentopaikat.fi\/wp-content\/uploads\/EFRV_LDG-2-212x300.jpg 212w, https:\/\/lentopaikat.fi\/wp-content\/uploads\/EFRV_LDG-2-768x1086.jpg 768w, https:\/\/lentopaikat.fi\/wp-content\/uploads\/EFRV_LDG-2-8x12.jpg 8w, https:\/\/lentopaikat.fi\/wp-content\/uploads\/EFRV_LDG-2.jpg 1059w\" sizes=\"(max-width: 724px) 100vw, 724px\" \/>\t\t\t\t\t\t\t\t<\/a>\n\t\t\t\t\t\t\t\t\t\t\t<figcaption class=\"widget-image-caption wp-caption-text\">LDG CHART, CLICK ON PICTURE TO OPEN PDF DOCUMENT<\/figcaption>\n\t\t\t\t\t\t\t\t\t\t<\/figure>\n\t\t\t\t\t\t\t\t\t<\/div>\n\t\t\t\t<\/div>\n\t\t<div class=\"elementor-element elementor-element-6b32d370 e-flex e-con-boxed e-con e-parent\" data-id=\"6b32d370\" data-element_type=\"container\" data-e-type=\"container\">\n\t\t\t\t\t<div class=\"e-con-inner\">\n\t\t\t\t<div class=\"elementor-element elementor-element-4a94bd4a elementor-arrows-position-inside elementor-widget elementor-widget-image-carousel\" data-id=\"4a94bd4a\" data-element_type=\"widget\" data-e-type=\"widget\" data-settings=\"{&quot;slides_to_show&quot;:&quot;1&quot;,&quot;navigation&quot;:&quot;arrows&quot;,&quot;speed&quot;:900,&quot;autoplay&quot;:&quot;yes&quot;,&quot;pause_on_hover&quot;:&quot;yes&quot;,&quot;pause_on_interaction&quot;:&quot;yes&quot;,&quot;autoplay_speed&quot;:5000,&quot;infinite&quot;:&quot;yes&quot;,&quot;effect&quot;:&quot;slide&quot;}\" data-widget_type=\"image-carousel.default\">\n\t\t\t\t<div class=\"elementor-widget-container\">\n\t\t\t\t\t\t\t<div class=\"elementor-image-carousel-wrapper swiper\" role=\"region\" aria-roledescription=\"carousel\" aria-label=\"Image Carousel\" dir=\"ltr\">\n\t\t\t<div class=\"elementor-image-carousel swiper-wrapper swiper-image-stretch\" aria-live=\"off\">\n\t\t\t\t\t\t\t\t<div class=\"swiper-slide\" role=\"group\" aria-roledescription=\"slide\" aria-label=\"1 of 4\"><a data-elementor-open-lightbox=\"yes\" data-elementor-lightbox-slideshow=\"4a94bd4a\" data-elementor-lightbox-title=\"EFRV-ilmakuva-scaled\" data-elementor-lightbox-description=\"YLEISKUVA KENTT\u00c4ALUEESTA. VAALEA HALLI ON KERHON OMISTAMA. PUNAINEN HALLI KOIRAHARRASTAJIEN AGILITY HALLI. KENT\u00c4N L\u00c4NSIPUOLELLA URHEILUAUTOILIJOIDEN MAASTORATA.\nKUVAAJA:JARMO KORHONEN\nKUVA OTETTU: 11.09.2017\" data-e-action-hash=\"#elementor-action%3Aaction%3Dlightbox%26settings%3DeyJpZCI6MzUwOTksInVybCI6Imh0dHBzOlwvXC9sZW50b3BhaWthdC5maVwvd3AtY29udGVudFwvdXBsb2Fkc1wvRUZSVi1pbG1ha3V2YS1zY2FsZWQuanBnIiwic2xpZGVzaG93IjoiNGE5NGJkNGEifQ%3D%3D\" href=\"https:\/\/lentopaikat.fi\/wp-content\/uploads\/EFRV-ilmakuva-scaled.jpg\"><figure class=\"swiper-slide-inner\"><img decoding=\"async\" class=\"swiper-slide-image\" src=\"https:\/\/lentopaikat.fi\/wp-content\/uploads\/EFRV-ilmakuva-scaled-1024x576.jpg\" alt=\"YLEISKUVA KENTT\u00c4ALUEESTA. VAALEA HALLI ON KERHON OMISTAMA. PUNAINEN HALLI KOIRAHARRASTAJIEN AGILITY HALLI. KENT\u00c4N L\u00c4NSIPUOLELLA URHEILUAUTOILIJOIDEN MAASTORATA.\nKUVAAJA:JARMO KORHONEN\nKUVA OTETTU: 11.09.2017\" \/><figcaption class=\"elementor-image-carousel-caption\">YLEISKUVA KENTT\u00c4ALUEESTA. VAALEA HALLI ON KERHON OMISTAMA. PUNAINEN HALLI KOIRAHARRASTAJIEN AGILITY HALLI. KENT\u00c4N L\u00c4NSIPUOLELLA URHEILUAUTOILIJOIDEN MAASTORATA.\nKUVAAJA:JARMO KORHONEN\nKUVA OTETTU: 11.09.2017<\/figcaption><\/figure><\/a><\/div><div class=\"swiper-slide\" role=\"group\" aria-roledescription=\"slide\" aria-label=\"2 of 4\"><a data-elementor-open-lightbox=\"yes\" data-elementor-lightbox-slideshow=\"4a94bd4a\" data-elementor-lightbox-title=\"EFRV-RW15\" data-elementor-lightbox-description=\"KIITOTIE 15\nKUVAAJA: JARMO KORHONEN\nKUVA OTETTU: 11.09.2017\" data-e-action-hash=\"#elementor-action%3Aaction%3Dlightbox%26settings%3DeyJpZCI6MzUxMDAsInVybCI6Imh0dHBzOlwvXC9sZW50b3BhaWthdC5maVwvd3AtY29udGVudFwvdXBsb2Fkc1wvRUZSVi1SVzE1LmpwZyIsInNsaWRlc2hvdyI6IjRhOTRiZDRhIn0%3D\" href=\"https:\/\/lentopaikat.fi\/wp-content\/uploads\/EFRV-RW15.jpg\"><figure class=\"swiper-slide-inner\"><img decoding=\"async\" class=\"swiper-slide-image\" src=\"https:\/\/lentopaikat.fi\/wp-content\/uploads\/EFRV-RW15-1024x872.jpg\" alt=\"KIITOTIE 15\nKUVAAJA: JARMO KORHONEN\nKUVA OTETTU: 11.09.2017\" \/><figcaption class=\"elementor-image-carousel-caption\">KIITOTIE 15\nKUVAAJA: JARMO KORHONEN\nKUVA OTETTU: 11.09.2017<\/figcaption><\/figure><\/a><\/div><div class=\"swiper-slide\" role=\"group\" aria-roledescription=\"slide\" aria-label=\"3 of 4\"><a data-elementor-open-lightbox=\"yes\" data-elementor-lightbox-slideshow=\"4a94bd4a\" data-elementor-lightbox-title=\"EFRV-RW33\" data-elementor-lightbox-description=\"KIITOTIE 33, KIITOTIEN L\u00c4SIPUOLELLA RUHOPINTAINEN LENNOKKIKENTT\u00c4 EFRV HALLI: KERHON OMISTAMA LENTOKONEHALLI JONKA YHTEYDESS\u00c4 PIENI TOIMISTOTILA.\nKUVAAJA: JARMO KORHONEN\nKUVA OTETTU: 11.09.2017\" data-e-action-hash=\"#elementor-action%3Aaction%3Dlightbox%26settings%3DeyJpZCI6MzUxMDEsInVybCI6Imh0dHBzOlwvXC9sZW50b3BhaWthdC5maVwvd3AtY29udGVudFwvdXBsb2Fkc1wvRUZSVi1SVzMzLmpwZyIsInNsaWRlc2hvdyI6IjRhOTRiZDRhIn0%3D\" href=\"https:\/\/lentopaikat.fi\/wp-content\/uploads\/EFRV-RW33.jpg\"><figure class=\"swiper-slide-inner\"><img decoding=\"async\" class=\"swiper-slide-image\" src=\"https:\/\/lentopaikat.fi\/wp-content\/uploads\/EFRV-RW33-1024x871.jpg\" alt=\"KIITOTIE 33, KIITOTIEN L\u00c4SIPUOLELLA RUHOPINTAINEN LENNOKKIKENTT\u00c4 EFRV HALLI: KERHON OMISTAMA LENTOKONEHALLI JONKA YHTEYDESS\u00c4 PIENI TOIMISTOTILA.\nKUVAAJA: JARMO KORHONEN\nKUVA OTETTU: 11.09.2017\" \/><figcaption class=\"elementor-image-carousel-caption\">KIITOTIE 33, KIITOTIEN L\u00c4SIPUOLELLA RUHOPINTAINEN LENNOKKIKENTT\u00c4 EFRV HALLI: KERHON OMISTAMA LENTOKONEHALLI JONKA YHTEYDESS\u00c4 PIENI TOIMISTOTILA.\nKUVAAJA: JARMO KORHONEN\nKUVA OTETTU: 11.09.2017<\/figcaption><\/figure><\/a><\/div><div class=\"swiper-slide\" role=\"group\" aria-roledescription=\"slide\" aria-label=\"4 of 4\"><a data-elementor-open-lightbox=\"yes\" data-elementor-lightbox-slideshow=\"4a94bd4a\" data-elementor-lightbox-title=\"EFRV-halli-scaled\" data-elementor-lightbox-description=\"EFRV HALLI\nKUVAAJA: JORMA REPO\" data-e-action-hash=\"#elementor-action%3Aaction%3Dlightbox%26settings%3DeyJpZCI6MzUwOTgsInVybCI6Imh0dHBzOlwvXC9sZW50b3BhaWthdC5maVwvd3AtY29udGVudFwvdXBsb2Fkc1wvRUZSVi1oYWxsaS1zY2FsZWQuanBnIiwic2xpZGVzaG93IjoiNGE5NGJkNGEifQ%3D%3D\" href=\"https:\/\/lentopaikat.fi\/wp-content\/uploads\/EFRV-halli-scaled.jpg\"><figure class=\"swiper-slide-inner\"><img decoding=\"async\" class=\"swiper-slide-image\" src=\"https:\/\/lentopaikat.fi\/wp-content\/uploads\/EFRV-halli-scaled-1024x768.jpg\" alt=\"EFRV HALLI\nKUVAAJA: JORMA REPO\" \/><figcaption class=\"elementor-image-carousel-caption\">EFRV HALLI\nKUVAAJA: JORMA REPO<\/figcaption><\/figure><\/a><\/div>\t\t\t<\/div>\n\t\t\t\t\t\t\t\t\t\t\t\t<div class=\"elementor-swiper-button elementor-swiper-button-prev\" role=\"button\" tabindex=\"0\">\n\t\t\t\t\t\t<i aria-hidden=\"true\" class=\"eicon-chevron-left\"><\/i>\t\t\t\t\t<\/div>\n\t\t\t\t\t<div class=\"elementor-swiper-button elementor-swiper-button-next\" role=\"button\" tabindex=\"0\">\n\t\t\t\t\t\t<i aria-hidden=\"true\" class=\"eicon-chevron-right\"><\/i>\t\t\t\t\t<\/div>\n\t\t\t\t\n\t\t\t\t\t\t\t\t\t<\/div>\n\t\t\t\t\t\t<\/div>\n\t\t\t\t<\/div>\n\t\t\t\t\t<\/div>\n\t\t\t\t<\/div>\n\t\t\t\t\t<\/div>\n\t\t<\/div>\n\t\t\t\t\t<\/div>\n\t\t<\/section>\n\t\t\t\t\t<\/div>\n\t\t<\/div>\n\t\t\t\t\t<\/div>\n\t\t<\/section>\n\t\t\t\t<\/div>\n\t\t","protected":false},"excerpt":{"rendered":"<p>Kiuruvesi &#8211; EFRV Warning! T\u00e4m\u00e4 on ns, &#8220;k\u00f6yh\u00e4n miehen NOTAM&#8221; eli t\u00e4ll\u00e4 voi varoittaa kent\u00e4ll\u00e4 tapahtuvasta poikkeavasta toiminnasta. T\u00e4m\u00e4 ilmoitus on ajastettavissa ja n\u00e4kyy vain silloin kun on jotain varoitettaavaa Varoitus ei ole suljettavissaT\u00e4m\u00e4n aikaa voi s\u00e4\u00e4t\u00e4 vasemmalta Visibility v\u00e4lilehdest\u00e4 1. Sunset and sunrise and the SERA definition of night 2. General information: The airfield [&hellip;]<\/p>\n","protected":false},"author":1,"featured_media":0,"parent":0,"menu_order":0,"comment_status":"closed","ping_status":"closed","template":"","meta":{"inline_featured_image":false,"_lmt_disableupdate":"","_lmt_disable":"","footnotes":""},"class_list":["post-36036","page","type-page","status-publish","hentry"],"_links":{"self":[{"href":"https:\/\/lentopaikat.fi\/en\/wp-json\/wp\/v2\/pages\/36036","targetHints":{"allow":["GET"]}}],"collection":[{"href":"https:\/\/lentopaikat.fi\/en\/wp-json\/wp\/v2\/pages"}],"about":[{"href":"https:\/\/lentopaikat.fi\/en\/wp-json\/wp\/v2\/types\/page"}],"author":[{"embeddable":true,"href":"https:\/\/lentopaikat.fi\/en\/wp-json\/wp\/v2\/users\/1"}],"replies":[{"embeddable":true,"href":"https:\/\/lentopaikat.fi\/en\/wp-json\/wp\/v2\/comments?post=36036"}],"version-history":[{"count":0,"href":"https:\/\/lentopaikat.fi\/en\/wp-json\/wp\/v2\/pages\/36036\/revisions"}],"wp:attachment":[{"href":"https:\/\/lentopaikat.fi\/en\/wp-json\/wp\/v2\/media?parent=36036"}],"curies":[{"name":"wp","href":"https:\/\/api.w.org\/{rel}","templated":true}]}}