{"id":36011,"date":"2022-11-17T19:35:20","date_gmt":"2022-11-17T17:35:20","guid":{"rendered":"https:\/\/lentopaikat.fi\/kemijarvi-efkm\/"},"modified":"2025-03-10T10:31:01","modified_gmt":"2025-03-10T08:31:01","slug":"kemijarvi-efkm","status":"publish","type":"page","link":"https:\/\/lentopaikat.fi\/en\/kemijarvi-efkm\/","title":{"rendered":"Kemij\u00e4rvi &#8211; EFKM"},"content":{"rendered":"\t\t<div data-elementor-type=\"wp-page\" data-elementor-id=\"36011\" class=\"elementor elementor-36011 elementor-35994\" data-elementor-post-type=\"page\">\n\t\t\t\t\t\t<section class=\"elementor-section elementor-top-section elementor-element elementor-element-36c7603d elementor-section-height-min-height elementor-section-full_width elementor-section-height-default elementor-section-items-middle\" data-id=\"36c7603d\" data-element_type=\"section\" data-e-type=\"section\" data-settings=\"{&quot;background_background&quot;:&quot;classic&quot;}\">\n\t\t\t\t\t\t\t<div class=\"elementor-background-overlay\"><\/div>\n\t\t\t\t\t\t\t<div class=\"elementor-container elementor-column-gap-default\">\n\t\t\t\t\t<div class=\"elementor-column elementor-col-50 elementor-top-column elementor-element elementor-element-329acc93\" data-id=\"329acc93\" data-element_type=\"column\" data-e-type=\"column\">\n\t\t\t<div class=\"elementor-widget-wrap elementor-element-populated\">\n\t\t\t\t\t\t<div class=\"elementor-element elementor-element-cfe9360 elementor-widget elementor-widget-heading\" data-id=\"cfe9360\" data-element_type=\"widget\" data-e-type=\"widget\" data-widget_type=\"heading.default\">\n\t\t\t\t<div class=\"elementor-widget-container\">\n\t\t\t\t\t<h2 class=\"elementor-heading-title elementor-size-default\">Kemij\u00e4rvi - EFKM<\/h2>\t\t\t\t<\/div>\n\t\t\t\t<\/div>\n\t\t\t\t\t<\/div>\n\t\t<\/div>\n\t\t\t\t<div class=\"elementor-column elementor-col-50 elementor-top-column elementor-element elementor-element-a5fe649\" data-id=\"a5fe649\" data-element_type=\"column\" data-e-type=\"column\">\n\t\t\t<div class=\"elementor-widget-wrap\">\n\t\t\t\t\t\t\t<\/div>\n\t\t<\/div>\n\t\t\t\t\t<\/div>\n\t\t<\/section>\n\t\t\t\t<section class=\"elementor-section elementor-top-section elementor-element elementor-element-5c7adf79 elementor-section-full_width elementor-section-height-default elementor-section-height-default\" data-id=\"5c7adf79\" data-element_type=\"section\" data-e-type=\"section\">\n\t\t\t\t\t\t<div class=\"elementor-container elementor-column-gap-default\">\n\t\t\t\t\t<div class=\"elementor-column elementor-col-100 elementor-top-column elementor-element elementor-element-65128c8e\" data-id=\"65128c8e\" data-element_type=\"column\" data-e-type=\"column\">\n\t\t\t<div class=\"elementor-widget-wrap elementor-element-populated\">\n\t\t\t\t\t\t<section class=\"elementor-section elementor-inner-section elementor-element elementor-element-1fa7115e elementor-section-full_width elementor-section-height-default elementor-section-height-default\" data-id=\"1fa7115e\" data-element_type=\"section\" data-e-type=\"section\">\n\t\t\t\t\t\t<div class=\"elementor-container elementor-column-gap-wide\">\n\t\t\t\t\t<div class=\"elementor-column elementor-col-50 elementor-inner-column elementor-element elementor-element-4ef6ae1b\" data-id=\"4ef6ae1b\" data-element_type=\"column\" data-e-type=\"column\">\n\t\t\t<div class=\"elementor-widget-wrap elementor-element-populated\">\n\t\t\t\t<!-- dce invisible element 4a5e039b -->\t\t<div class=\"elementor-element elementor-element-5bda787e elementor-widget elementor-widget-heading\" data-id=\"5bda787e\" data-element_type=\"widget\" data-e-type=\"widget\" data-widget_type=\"heading.default\">\n\t\t\t\t<div class=\"elementor-widget-container\">\n\t\t\t\t\t<h5 class=\"elementor-heading-title elementor-size-default\">1. Sunset and sunrise and the SERA definition of night<\/h5>\t\t\t\t<\/div>\n\t\t\t\t<\/div>\n\t\t\t\t<div class=\"elementor-element elementor-element-20e194df elementor-widget elementor-widget-shortcode\" data-id=\"20e194df\" data-element_type=\"widget\" data-e-type=\"widget\" data-widget_type=\"shortcode.default\">\n\t\t\t\t<div class=\"elementor-widget-container\">\n\t\t\t\t\t\t\t<div class=\"elementor-shortcode\"><table><tbody><tr><td>Finnish time today, 05.04.2026<\/br><b> - Night ends: 05:13<\/br> - Sunrise: 06:09<\/br> - Sunset: 20:20<\/br> - Night begins: 21:16<\/br><\/b><\/td>\r\n<td> Times tomorrow <\/br><b> - Night ends tomorrow: 05:08<\/br> - Sunrise tomorrow: 06:05<\/br> - sunset tomorrow: 20:23<\/br> - Night begins tomorrow: 21:20<\/b><\/td><\/tr><\/tbody><\/table><\/div>\n\t\t\t\t\t\t<\/div>\n\t\t\t\t<\/div>\n\t\t\t\t<div class=\"elementor-element elementor-element-4ae1f58c elementor-widget elementor-widget-heading\" data-id=\"4ae1f58c\" data-element_type=\"widget\" data-e-type=\"widget\" data-widget_type=\"heading.default\">\n\t\t\t\t<div class=\"elementor-widget-container\">\n\t\t\t\t\t<h5 class=\"elementor-heading-title elementor-size-default\">2. General information:<\/h5>\t\t\t\t<\/div>\n\t\t\t\t<\/div>\n\t\t\t\t<div class=\"elementor-element elementor-element-446149f4 elementor-widget elementor-widget-text-editor\" data-id=\"446149f4\" data-element_type=\"widget\" data-e-type=\"widget\" data-widget_type=\"text-editor.default\">\n\t\t\t\t<div class=\"elementor-widget-container\">\n\t\t\t\t\t\t\t\t\t<p>A quiet unmanned airfield in Northern Finland, near the town of Kemij\u00e4rvi, with a relatively large runway and two aprons. Only a few local general aviators use the airfield. A Finnish company Robonic Arctic Test UAV Flight Center (RATUFC) Ltd offers test flight services at EFKM and in the surrounding airspace since 2006 for international unmanned aircraft system manufacturers. Limitations in airspace use are announced well beforehand. On the field there is an office building and a club lodge with a small socializing space, cooking equipment, and overnighting possibilities. The field gate is kept closed to prevent reindeer from straying into the field. Instructions for opening the gate are received by phoning the contact person.<br \/>\nA quiet unmanned airfield in Northern Finland with a relatively large runway and two aprons. Runway dimensions 1400 x 23 meters, asphalt. Only few local general aviators use the airfield. A Finnish company Robonic Arctic Test UAV Flight Center (RATUFC) Ltd has been offering test flight services at EFKM and in the surrounding airspace for international unmanned aircraft system manufacturers since 2006.<\/p>\n\t\t\t\t\t\t\t\t<\/div>\n\t\t\t\t<\/div>\n\t\t\t\t<div class=\"elementor-element elementor-element-5c82c493 elementor-widget elementor-widget-heading\" data-id=\"5c82c493\" data-element_type=\"widget\" data-e-type=\"widget\" data-widget_type=\"heading.default\">\n\t\t\t\t<div class=\"elementor-widget-container\">\n\t\t\t\t\t<h5 class=\"elementor-heading-title elementor-size-default\">3.  Price Information:<\/h5>\t\t\t\t<\/div>\n\t\t\t\t<\/div>\n\t\t\t\t<div class=\"elementor-element elementor-element-86df9fb elementor-widget elementor-widget-text-editor\" data-id=\"86df9fb\" data-element_type=\"widget\" data-e-type=\"widget\" data-widget_type=\"text-editor.default\">\n\t\t\t\t<div class=\"elementor-widget-container\">\n\t\t\t\t\t\t\t\t\t<p>NIL<\/p>\n\t\t\t\t\t\t\t\t<\/div>\n\t\t\t\t<\/div>\n\t\t\t\t<div class=\"elementor-element elementor-element-2dea446a elementor-widget elementor-widget-heading\" data-id=\"2dea446a\" data-element_type=\"widget\" data-e-type=\"widget\" data-widget_type=\"heading.default\">\n\t\t\t\t<div class=\"elementor-widget-container\">\n\t\t\t\t\t<h5 class=\"elementor-heading-title elementor-size-default\">4. The Airport:<\/h5>\t\t\t\t<\/div>\n\t\t\t\t<\/div>\n\t\t\t\t<div class=\"elementor-element elementor-element-3911d38a elementor-widget elementor-widget-text-editor\" data-id=\"3911d38a\" data-element_type=\"widget\" data-e-type=\"widget\" data-widget_type=\"text-editor.default\">\n\t\t\t\t<div class=\"elementor-widget-container\">\n\t\t\t\t\t\t\t\t\t<p>The runway and aprons are in excellent condition. There are no obstructions at the edges of the runway.<\/p>\n\t\t\t\t\t\t\t\t<\/div>\n\t\t\t\t<\/div>\n\t\t\t\t<div class=\"elementor-element elementor-element-798d2679 elementor-widget elementor-widget-heading\" data-id=\"798d2679\" data-element_type=\"widget\" data-e-type=\"widget\" data-widget_type=\"heading.default\">\n\t\t\t\t<div class=\"elementor-widget-container\">\n\t\t\t\t\t<h5 class=\"elementor-heading-title elementor-size-default\">5. Basic data:<\/h5>\t\t\t\t<\/div>\n\t\t\t\t<\/div>\n\t\t\t\t<div class=\"elementor-element elementor-element-4646a5e0 elementor-widget elementor-widget-text-editor\" data-id=\"4646a5e0\" data-element_type=\"widget\" data-e-type=\"widget\" data-widget_type=\"text-editor.default\">\n\t\t\t\t<div class=\"elementor-widget-container\">\n\t\t\t\t\t\t\t\t\t<p><strong>Coordinates:<\/strong> 664257N 0270922E<br \/>\n<strong>Runway:<\/strong> 17\/35 \u2013 1400 x 23 m \u2013 asphalt<br \/>\n<strong>Radio frequency:<\/strong> 123,500<br \/>\n<strong>Airport elevation:<\/strong> 211 m (692 ft)<br \/>\n<strong>Fuel availability:<\/strong> NIL<br \/>\n<strong>Announcements:\u00a0<\/strong><a class=\"popup\" href=\"https:\/\/lentopaikat.fi\/notam\/notam.php?a=EFKM\" data-width=\"500\" data-height=\"600\" data-scrollbars=\"1\">NOTAM<\/a><\/p>\n\t\t\t\t\t\t\t\t<\/div>\n\t\t\t\t<\/div>\n\t\t\t\t<div class=\"elementor-element elementor-element-1f87890c elementor-widget elementor-widget-heading\" data-id=\"1f87890c\" data-element_type=\"widget\" data-e-type=\"widget\" data-widget_type=\"heading.default\">\n\t\t\t\t<div class=\"elementor-widget-container\">\n\t\t\t\t\t<h5 class=\"elementor-heading-title elementor-size-default\"> 6. Sight seeing and services<\/h5>\t\t\t\t<\/div>\n\t\t\t\t<\/div>\n\t\t\t\t<div class=\"elementor-element elementor-element-2c4e6ed3 elementor-widget elementor-widget-text-editor\" data-id=\"2c4e6ed3\" data-element_type=\"widget\" data-e-type=\"widget\" data-widget_type=\"text-editor.default\">\n\t\t\t\t<div class=\"elementor-widget-container\">\n\t\t\t\t\t\t\t\t\t<p>The Kemij\u00e4rvi lake is surrounded by imposing fells, especially to the south. To the north you can see the magnificent row of Pyh\u00e4tunturi fells: Kultakero, Ukonhattu, Noitatunturi, Peurakero, and Laakakero. Services are found in Kemij\u00e4rvi center, 10 kilometers from the field.<\/p>\n\t\t\t\t\t\t\t\t<\/div>\n\t\t\t\t<\/div>\n\t\t\t\t<div class=\"elementor-element elementor-element-32ca60d0 elementor-widget elementor-widget-heading\" data-id=\"32ca60d0\" data-element_type=\"widget\" data-e-type=\"widget\" data-widget_type=\"heading.default\">\n\t\t\t\t<div class=\"elementor-widget-container\">\n\t\t\t\t\t<h5 class=\"elementor-heading-title elementor-size-default\">7. Contact information:<\/h5>\t\t\t\t<\/div>\n\t\t\t\t<\/div>\n\t\t\t\t<div class=\"elementor-element elementor-element-69880316 elementor-widget elementor-widget-text-editor\" data-id=\"69880316\" data-element_type=\"widget\" data-e-type=\"widget\" data-widget_type=\"text-editor.default\">\n\t\t\t\t<div class=\"elementor-widget-container\">\n\t\t\t\t\t\t\t\t\t<p>Airport chief: Unknown<br \/>\nFlying club chairman: Harri Savilaako, +358 400 784 578<br \/>\nTaksi +358 16 106 499.<\/p>\n\t\t\t\t\t\t\t\t<\/div>\n\t\t\t\t<\/div>\n\t\t\t\t<div class=\"elementor-element elementor-element-5ee3fcbc elementor-widget elementor-widget-heading\" data-id=\"5ee3fcbc\" data-element_type=\"widget\" data-e-type=\"widget\" data-widget_type=\"heading.default\">\n\t\t\t\t<div class=\"elementor-widget-container\">\n\t\t\t\t\t<h5 class=\"elementor-heading-title elementor-size-default\">8.  Links:<\/h5>\t\t\t\t<\/div>\n\t\t\t\t<\/div>\n\t\t\t\t<div class=\"elementor-element elementor-element-26d41461 elementor-widget elementor-widget-text-editor\" data-id=\"26d41461\" data-element_type=\"widget\" data-e-type=\"widget\" data-widget_type=\"text-editor.default\">\n\t\t\t\t<div class=\"elementor-widget-container\">\n\t\t\t\t\t\t\t\t\t<ul>\n<li><a href=\"https:\/\/en.ilmatieteenlaitos.fi\/observations-in-finland?station=101950\" target=\"_blank\" rel=\"noopener\">Kemij\u00e4rvi weather<\/a><\/li>\n<li><a href=\"http:\/\/www.kemijarvi.fi\/\" target=\"_blank\" rel=\"noopener\">Kemij\u00e4rvi city<\/a><\/li>\n<li><a href=\"http:\/\/www.robonic.fi\/\" target=\"_blank\" rel=\"noopener\">Robonic Oy Ltd<\/a><\/li>\n<\/ul>\n\t\t\t\t\t\t\t\t<\/div>\n\t\t\t\t<\/div>\n\t\t\t\t<div class=\"elementor-element elementor-element-1676ba89 elementor-widget elementor-widget-heading\" data-id=\"1676ba89\" data-element_type=\"widget\" data-e-type=\"widget\" data-widget_type=\"heading.default\">\n\t\t\t\t<div class=\"elementor-widget-container\">\n\t\t\t\t\t<h5 class=\"elementor-heading-title elementor-size-default\">9. Map<\/h5>\t\t\t\t<\/div>\n\t\t\t\t<\/div>\n\t\t\t\t<div class=\"elementor-element elementor-element-6f96e7b2 elementor-widget elementor-widget-google_maps\" data-id=\"6f96e7b2\" data-element_type=\"widget\" data-e-type=\"widget\" data-widget_type=\"google_maps.default\">\n\t\t\t\t<div class=\"elementor-widget-container\">\n\t\t\t\t\t\t\t<div class=\"elementor-custom-embed\">\n\t\t\t<iframe loading=\"lazy\"\n\t\t\t\t\tsrc=\"https:\/\/www.google.com\/maps\/embed\/v1\/place?key=AIzaSyC1j1iK8FQx51JcFwNxcbaAudBg3BxuVow&#038;q=Kemij%C3%A4rvi%20pienentokentt%C3%A4&#038;zoom=13\"\n\t\t\t\t\ttitle=\"Kemij\u00e4rvi pienentokentt\u00e4\"\n\t\t\t\t\taria-label=\"Kemij\u00e4rvi pienentokentt\u00e4\"\n\t\t\t><\/iframe>\n\t\t<\/div>\n\t\t\t\t\t\t<\/div>\n\t\t\t\t<\/div>\n\t\t\t\t\t<\/div>\n\t\t<\/div>\n\t\t\t\t<div class=\"elementor-column elementor-col-50 elementor-inner-column elementor-element elementor-element-14c7bfef\" data-id=\"14c7bfef\" data-element_type=\"column\" data-e-type=\"column\">\n\t\t\t<div class=\"elementor-widget-wrap elementor-element-populated\">\n\t\t\t\t\t\t<div class=\"elementor-element elementor-element-2f4eacf3 elementor-widget elementor-widget-image\" data-id=\"2f4eacf3\" data-element_type=\"widget\" data-e-type=\"widget\" data-widget_type=\"image.default\">\n\t\t\t\t<div class=\"elementor-widget-container\">\n\t\t\t\t\t\t\t\t\t\t\t\t<figure class=\"wp-caption\">\n\t\t\t\t\t\t\t\t\t\t\t<a href=\"https:\/\/lentopaikat.fi\/wp-content\/uploads\/efkm.gif\" data-elementor-open-lightbox=\"yes\" data-elementor-lightbox-title=\"efkm\" data-e-action-hash=\"#elementor-action%3Aaction%3Dlightbox%26settings%3DeyJpZCI6MzQ4MzMsInVybCI6Imh0dHBzOlwvXC9sZW50b3BhaWthdC5maVwvd3AtY29udGVudFwvdXBsb2Fkc1wvZWZrbS5naWYifQ%3D%3D\">\n\t\t\t\t\t\t\t<img fetchpriority=\"high\" decoding=\"async\" width=\"200\" height=\"352\" src=\"https:\/\/lentopaikat.fi\/wp-content\/uploads\/efkm.gif\" class=\"attachment-large size-large wp-image-34833\" alt=\"\" \/>\t\t\t\t\t\t\t\t<\/a>\n\t\t\t\t\t\t\t\t\t\t\t<figcaption class=\"widget-image-caption wp-caption-text\"><\/figcaption>\n\t\t\t\t\t\t\t\t\t\t<\/figure>\n\t\t\t\t\t\t\t\t\t<\/div>\n\t\t\t\t<\/div>\n\t\t\t\t<div class=\"elementor-element elementor-element-45d01714 elementor-widget elementor-widget-image\" data-id=\"45d01714\" data-element_type=\"widget\" data-e-type=\"widget\" data-widget_type=\"image.default\">\n\t\t\t\t<div class=\"elementor-widget-container\">\n\t\t\t\t\t\t\t\t\t\t\t\t<figure class=\"wp-caption\">\n\t\t\t\t\t\t\t\t\t\t\t<a href=\"https:\/\/lentopaikat.fi\/wp-content\/uploads\/EFKM_LDG.pdf\" target=\"_blank\">\n\t\t\t\t\t\t\t<img decoding=\"async\" width=\"724\" height=\"1024\" src=\"https:\/\/lentopaikat.fi\/wp-content\/uploads\/EFKM_LDG-724x1024.jpg\" class=\"attachment-large size-large wp-image-39020\" alt=\"\" srcset=\"https:\/\/lentopaikat.fi\/wp-content\/uploads\/EFKM_LDG-724x1024.jpg 724w, https:\/\/lentopaikat.fi\/wp-content\/uploads\/EFKM_LDG-212x300.jpg 212w, https:\/\/lentopaikat.fi\/wp-content\/uploads\/EFKM_LDG-768x1086.jpg 768w, https:\/\/lentopaikat.fi\/wp-content\/uploads\/EFKM_LDG.jpg 1047w\" sizes=\"(max-width: 724px) 100vw, 724px\" \/>\t\t\t\t\t\t\t\t<\/a>\n\t\t\t\t\t\t\t\t\t\t\t<figcaption class=\"widget-image-caption wp-caption-text\">LDG CHART, CLICK ON PICTURE TO OPEN PDF DOCUMENT<\/figcaption>\n\t\t\t\t\t\t\t\t\t\t<\/figure>\n\t\t\t\t\t\t\t\t\t<\/div>\n\t\t\t\t<\/div>\n\t\t<div class=\"elementor-element elementor-element-1eb01eac e-flex e-con-boxed e-con e-parent\" data-id=\"1eb01eac\" data-element_type=\"container\" data-e-type=\"container\">\n\t\t\t\t\t<div class=\"e-con-inner\">\n\t\t\t\t<div class=\"elementor-element elementor-element-1dbd3dd9 elementor-arrows-position-inside elementor-widget elementor-widget-image-carousel\" data-id=\"1dbd3dd9\" data-element_type=\"widget\" data-e-type=\"widget\" data-settings=\"{&quot;slides_to_show&quot;:&quot;1&quot;,&quot;navigation&quot;:&quot;arrows&quot;,&quot;speed&quot;:900,&quot;autoplay&quot;:&quot;yes&quot;,&quot;pause_on_hover&quot;:&quot;yes&quot;,&quot;pause_on_interaction&quot;:&quot;yes&quot;,&quot;autoplay_speed&quot;:5000,&quot;infinite&quot;:&quot;yes&quot;,&quot;effect&quot;:&quot;slide&quot;}\" data-widget_type=\"image-carousel.default\">\n\t\t\t\t<div class=\"elementor-widget-container\">\n\t\t\t\t\t\t\t<div class=\"elementor-image-carousel-wrapper swiper\" role=\"region\" aria-roledescription=\"carousel\" aria-label=\"Image Carousel\" dir=\"ltr\">\n\t\t\t<div class=\"elementor-image-carousel swiper-wrapper swiper-image-stretch\" aria-live=\"off\">\n\t\t\t\t\t\t\t\t<div class=\"swiper-slide\" role=\"group\" aria-roledescription=\"slide\" aria-label=\"1 of 4\"><a data-elementor-open-lightbox=\"yes\" data-elementor-lightbox-slideshow=\"1dbd3dd9\" data-elementor-lightbox-title=\"efkm_air\" data-elementor-lightbox-description=\"KEMIJ\u00c4RVEN KENTT\u00c4 ILMASTA K\u00c4SIN KENT\u00c4N POHJOISPUOLELTA N\u00c4HTYN\u00c4 2.8.2005. KUVA JUKKA H\u00c4M\u00c4L\u00c4INEN. (KLIKKAA SUUREKSI)\" data-e-action-hash=\"#elementor-action%3Aaction%3Dlightbox%26settings%3DeyJpZCI6MzQ4MzQsInVybCI6Imh0dHBzOlwvXC9sZW50b3BhaWthdC5maVwvd3AtY29udGVudFwvdXBsb2Fkc1wvZWZrbV9haXIuanBnIiwic2xpZGVzaG93IjoiMWRiZDNkZDkifQ%3D%3D\" href=\"https:\/\/lentopaikat.fi\/wp-content\/uploads\/efkm_air.jpg\"><figure class=\"swiper-slide-inner\"><img decoding=\"async\" class=\"swiper-slide-image\" src=\"https:\/\/lentopaikat.fi\/wp-content\/uploads\/efkm_air.jpg\" alt=\"KEMIJ\u00c4RVEN KENTT\u00c4 ILMASTA K\u00c4SIN KENT\u00c4N POHJOISPUOLELTA N\u00c4HTYN\u00c4 2.8.2005. KUVA JUKKA H\u00c4M\u00c4L\u00c4INEN. (KLIKKAA SUUREKSI)\" \/><figcaption class=\"elementor-image-carousel-caption\">KEMIJ\u00c4RVEN KENTT\u00c4 ILMASTA K\u00c4SIN KENT\u00c4N POHJOISPUOLELTA N\u00c4HTYN\u00c4 2.8.2005. KUVA JUKKA H\u00c4M\u00c4L\u00c4INEN. (KLIKKAA SUUREKSI)<\/figcaption><\/figure><\/a><\/div><div class=\"swiper-slide\" role=\"group\" aria-roledescription=\"slide\" aria-label=\"2 of 4\"><a data-elementor-open-lightbox=\"yes\" data-elementor-lightbox-slideshow=\"1dbd3dd9\" data-elementor-lightbox-title=\"efkm_air2\" data-elementor-lightbox-description=\"OIKEASSA MY\u00d6T\u00c4TUULESSA KEMIJ\u00c4RVEN KIITOTIELLE 33 2.8.2005. KUVA JUKKA H\u00c4M\u00c4L\u00c4INEN. (KLIKKAA SUUREKSI)\" data-e-action-hash=\"#elementor-action%3Aaction%3Dlightbox%26settings%3DeyJpZCI6MzQ4MzUsInVybCI6Imh0dHBzOlwvXC9sZW50b3BhaWthdC5maVwvd3AtY29udGVudFwvdXBsb2Fkc1wvZWZrbV9haXIyLmpwZyIsInNsaWRlc2hvdyI6IjFkYmQzZGQ5In0%3D\" href=\"https:\/\/lentopaikat.fi\/wp-content\/uploads\/efkm_air2.jpg\"><figure class=\"swiper-slide-inner\"><img decoding=\"async\" class=\"swiper-slide-image\" src=\"https:\/\/lentopaikat.fi\/wp-content\/uploads\/efkm_air2.jpg\" alt=\"OIKEASSA MY\u00d6T\u00c4TUULESSA KEMIJ\u00c4RVEN KIITOTIELLE 33 2.8.2005. KUVA JUKKA H\u00c4M\u00c4L\u00c4INEN. (KLIKKAA SUUREKSI)\" \/><figcaption class=\"elementor-image-carousel-caption\">OIKEASSA MY\u00d6T\u00c4TUULESSA KEMIJ\u00c4RVEN KIITOTIELLE 33 2.8.2005. KUVA JUKKA H\u00c4M\u00c4L\u00c4INEN. (KLIKKAA SUUREKSI)<\/figcaption><\/figure><\/a><\/div><div class=\"swiper-slide\" role=\"group\" aria-roledescription=\"slide\" aria-label=\"3 of 4\"><a data-elementor-open-lightbox=\"yes\" data-elementor-lightbox-slideshow=\"1dbd3dd9\" data-elementor-lightbox-title=\"efkm_platta\" data-elementor-lightbox-description=\"HALLIALUETTA 2.8.2005. KUVA PEKKA LEHTINEN. (KLIKKAA SUUREKSI)\" data-e-action-hash=\"#elementor-action%3Aaction%3Dlightbox%26settings%3DeyJpZCI6MzQ4NDAsInVybCI6Imh0dHBzOlwvXC9sZW50b3BhaWthdC5maVwvd3AtY29udGVudFwvdXBsb2Fkc1wvZWZrbV9wbGF0dGEuanBnIiwic2xpZGVzaG93IjoiMWRiZDNkZDkifQ%3D%3D\" href=\"https:\/\/lentopaikat.fi\/wp-content\/uploads\/efkm_platta.jpg\"><figure class=\"swiper-slide-inner\"><img decoding=\"async\" class=\"swiper-slide-image\" src=\"https:\/\/lentopaikat.fi\/wp-content\/uploads\/efkm_platta.jpg\" alt=\"HALLIALUETTA 2.8.2005. KUVA PEKKA LEHTINEN. (KLIKKAA SUUREKSI)\" \/><figcaption class=\"elementor-image-carousel-caption\">HALLIALUETTA 2.8.2005. KUVA PEKKA LEHTINEN. (KLIKKAA SUUREKSI)<\/figcaption><\/figure><\/a><\/div><div class=\"swiper-slide\" role=\"group\" aria-roledescription=\"slide\" aria-label=\"4 of 4\"><a data-elementor-open-lightbox=\"yes\" data-elementor-lightbox-slideshow=\"1dbd3dd9\" data-elementor-lightbox-title=\"PENTAX Image\" data-elementor-lightbox-description=\"KENT\u00c4LL\u00c4 HARJOITETAAN AJOITTAIN MIEHITT\u00c4M\u00c4TT\u00d6MIEN ILMA-ALUSTEN KOE-LENTOTOIMINTAA. KUVA ROBONIC OY. (KLIKKAA SUUREKSI)\" data-e-action-hash=\"#elementor-action%3Aaction%3Dlightbox%26settings%3DeyJpZCI6MzQ4NDEsInVybCI6Imh0dHBzOlwvXC9sZW50b3BhaWthdC5maVwvd3AtY29udGVudFwvdXBsb2Fkc1wvZWZrbV91YXYuanBnIiwic2xpZGVzaG93IjoiMWRiZDNkZDkifQ%3D%3D\" href=\"https:\/\/lentopaikat.fi\/wp-content\/uploads\/efkm_uav.jpg\"><figure class=\"swiper-slide-inner\"><img decoding=\"async\" class=\"swiper-slide-image\" src=\"https:\/\/lentopaikat.fi\/wp-content\/uploads\/efkm_uav.jpg\" alt=\"PENTAX Image\" \/><figcaption class=\"elementor-image-carousel-caption\">PENTAX Image<\/figcaption><\/figure><\/a><\/div>\t\t\t<\/div>\n\t\t\t\t\t\t\t\t\t\t\t\t<div class=\"elementor-swiper-button elementor-swiper-button-prev\" role=\"button\" tabindex=\"0\">\n\t\t\t\t\t\t<i aria-hidden=\"true\" class=\"eicon-chevron-left\"><\/i>\t\t\t\t\t<\/div>\n\t\t\t\t\t<div class=\"elementor-swiper-button elementor-swiper-button-next\" role=\"button\" tabindex=\"0\">\n\t\t\t\t\t\t<i aria-hidden=\"true\" class=\"eicon-chevron-right\"><\/i>\t\t\t\t\t<\/div>\n\t\t\t\t\n\t\t\t\t\t\t\t\t\t<\/div>\n\t\t\t\t\t\t<\/div>\n\t\t\t\t<\/div>\n\t\t\t\t\t<\/div>\n\t\t\t\t<\/div>\n\t\t\t\t\t<\/div>\n\t\t<\/div>\n\t\t\t\t\t<\/div>\n\t\t<\/section>\n\t\t\t\t\t<\/div>\n\t\t<\/div>\n\t\t\t\t\t<\/div>\n\t\t<\/section>\n\t\t\t\t<\/div>\n\t\t","protected":false},"excerpt":{"rendered":"<p>Kemij\u00e4rvi &#8211; EFKM Warning! T\u00e4m\u00e4 on ns, &#8220;k\u00f6yh\u00e4n miehen NOTAM&#8221; eli t\u00e4ll\u00e4 voi varoittaa kent\u00e4ll\u00e4 tapahtuvasta poikkeavasta toiminnasta. T\u00e4m\u00e4 ilmoitus on ajastettavissa ja n\u00e4kyy vain silloin kun on jotain varoitettaavaa Varoitus ei ole suljettavissaT\u00e4m\u00e4n aikaa voi s\u00e4\u00e4t\u00e4 vasemmalta Visibility v\u00e4lilehdest\u00e4 1. Sunset and sunrise and the SERA definition of night 2. General information: A quiet [&hellip;]<\/p>\n","protected":false},"author":1,"featured_media":0,"parent":0,"menu_order":0,"comment_status":"closed","ping_status":"closed","template":"","meta":{"inline_featured_image":false,"_lmt_disableupdate":"","_lmt_disable":"","footnotes":""},"class_list":["post-36011","page","type-page","status-publish","hentry"],"_links":{"self":[{"href":"https:\/\/lentopaikat.fi\/en\/wp-json\/wp\/v2\/pages\/36011","targetHints":{"allow":["GET"]}}],"collection":[{"href":"https:\/\/lentopaikat.fi\/en\/wp-json\/wp\/v2\/pages"}],"about":[{"href":"https:\/\/lentopaikat.fi\/en\/wp-json\/wp\/v2\/types\/page"}],"author":[{"embeddable":true,"href":"https:\/\/lentopaikat.fi\/en\/wp-json\/wp\/v2\/users\/1"}],"replies":[{"embeddable":true,"href":"https:\/\/lentopaikat.fi\/en\/wp-json\/wp\/v2\/comments?post=36011"}],"version-history":[{"count":0,"href":"https:\/\/lentopaikat.fi\/en\/wp-json\/wp\/v2\/pages\/36011\/revisions"}],"wp:attachment":[{"href":"https:\/\/lentopaikat.fi\/en\/wp-json\/wp\/v2\/media?parent=36011"}],"curies":[{"name":"wp","href":"https:\/\/api.w.org\/{rel}","templated":true}]}}