{"id":35959,"date":"2022-11-17T18:33:27","date_gmt":"2022-11-17T16:33:27","guid":{"rendered":"https:\/\/lentopaikat.fi\/kalajoki-efko\/"},"modified":"2022-11-17T18:40:11","modified_gmt":"2022-11-17T16:40:11","slug":"kalajoki-efko","status":"publish","type":"page","link":"https:\/\/lentopaikat.fi\/en\/kalajoki-efko\/","title":{"rendered":"Kalajoki &#8211; EFKO"},"content":{"rendered":"\t\t<div data-elementor-type=\"wp-page\" data-elementor-id=\"35959\" class=\"elementor elementor-35959 elementor-35946\" data-elementor-post-type=\"page\">\n\t\t\t\t\t\t<section class=\"elementor-section elementor-top-section elementor-element elementor-element-e76b424 elementor-section-height-min-height elementor-section-full_width elementor-section-height-default elementor-section-items-middle\" data-id=\"e76b424\" data-element_type=\"section\" data-e-type=\"section\" data-settings=\"{&quot;background_background&quot;:&quot;classic&quot;}\">\n\t\t\t\t\t\t\t<div class=\"elementor-background-overlay\"><\/div>\n\t\t\t\t\t\t\t<div class=\"elementor-container elementor-column-gap-default\">\n\t\t\t\t\t<div class=\"elementor-column elementor-col-50 elementor-top-column elementor-element elementor-element-4fa85c00\" data-id=\"4fa85c00\" data-element_type=\"column\" data-e-type=\"column\">\n\t\t\t<div class=\"elementor-widget-wrap elementor-element-populated\">\n\t\t\t\t\t\t<div class=\"elementor-element elementor-element-30ba07f1 elementor-widget elementor-widget-heading\" data-id=\"30ba07f1\" data-element_type=\"widget\" data-e-type=\"widget\" data-widget_type=\"heading.default\">\n\t\t\t\t<div class=\"elementor-widget-container\">\n\t\t\t\t\t<h2 class=\"elementor-heading-title elementor-size-default\">Kalajoki - EFKO<\/h2>\t\t\t\t<\/div>\n\t\t\t\t<\/div>\n\t\t\t\t\t<\/div>\n\t\t<\/div>\n\t\t\t\t<div class=\"elementor-column elementor-col-50 elementor-top-column elementor-element elementor-element-639ed04f\" data-id=\"639ed04f\" data-element_type=\"column\" data-e-type=\"column\">\n\t\t\t<div class=\"elementor-widget-wrap\">\n\t\t\t\t\t\t\t<\/div>\n\t\t<\/div>\n\t\t\t\t\t<\/div>\n\t\t<\/section>\n\t\t\t\t<section class=\"elementor-section elementor-top-section elementor-element elementor-element-1c9ec43a elementor-section-full_width elementor-section-height-default elementor-section-height-default\" data-id=\"1c9ec43a\" data-element_type=\"section\" data-e-type=\"section\">\n\t\t\t\t\t\t<div class=\"elementor-container elementor-column-gap-default\">\n\t\t\t\t\t<div class=\"elementor-column elementor-col-100 elementor-top-column elementor-element elementor-element-466824f8\" data-id=\"466824f8\" data-element_type=\"column\" data-e-type=\"column\">\n\t\t\t<div class=\"elementor-widget-wrap elementor-element-populated\">\n\t\t\t\t\t\t<section class=\"elementor-section elementor-inner-section elementor-element elementor-element-5739ba83 elementor-section-full_width elementor-section-height-default elementor-section-height-default\" data-id=\"5739ba83\" data-element_type=\"section\" data-e-type=\"section\">\n\t\t\t\t\t\t<div class=\"elementor-container elementor-column-gap-wide\">\n\t\t\t\t\t<div class=\"elementor-column elementor-col-50 elementor-inner-column elementor-element elementor-element-28f47b09\" data-id=\"28f47b09\" data-element_type=\"column\" data-e-type=\"column\">\n\t\t\t<div class=\"elementor-widget-wrap elementor-element-populated\">\n\t\t\t\t\t\t<div class=\"elementor-element elementor-element-6efb7cff elementor-alert-warning elementor-widget elementor-widget-alert\" data-id=\"6efb7cff\" data-element_type=\"widget\" data-e-type=\"widget\" data-widget_type=\"alert.default\">\n\t\t\t\t<div class=\"elementor-widget-container\">\n\t\t\t\t\t\t\t<div class=\"elementor-alert\" role=\"alert\">\n\n\t\t\t\t\t\t<span class=\"elementor-alert-title\">Note!<\/span>\n\t\t\t\n\t\t\t\t\t\t<span class=\"elementor-alert-description\"><p>In addition to flying activities drag racing is often organised on the airfield. Schedules for these races are detailed in\u00a0<a class=\"popup\" href=\"https:\/\/lentopaikat.fi\/notam\/notam.php?a=EFKO\" data-width=\"500\" data-height=\"600\" data-scrollbars=\"1\">NOTAM<\/a>\u00a0messages.<\/p>\n<\/span>\n\t\t\t\n\t\t\t\n\t\t<\/div>\n\t\t\t\t\t\t<\/div>\n\t\t\t\t<\/div>\n\t\t\t\t<div class=\"elementor-element elementor-element-21538ed2 elementor-widget elementor-widget-heading\" data-id=\"21538ed2\" data-element_type=\"widget\" data-e-type=\"widget\" data-widget_type=\"heading.default\">\n\t\t\t\t<div class=\"elementor-widget-container\">\n\t\t\t\t\t<h5 class=\"elementor-heading-title elementor-size-default\">1. Sunset and sunrise and the SERA definition of night<\/h5>\t\t\t\t<\/div>\n\t\t\t\t<\/div>\n\t\t\t\t<div class=\"elementor-element elementor-element-1164c622 elementor-widget elementor-widget-shortcode\" data-id=\"1164c622\" data-element_type=\"widget\" data-e-type=\"widget\" data-widget_type=\"shortcode.default\">\n\t\t\t\t<div class=\"elementor-widget-container\">\n\t\t\t\t\t\t\t<div class=\"elementor-shortcode\"><table><tbody><tr><td>Finnish time today, 09.04.2026<\/br><b> - Night ends: 05:23<\/br> - Sunrise: 06:16<\/br> - Sunset: 20:40<\/br> - Night begins: 21:32<\/br><\/b><\/td>\r\n<td> Times tomorrow <\/br><b> - Night ends tomorrow: 05:19<\/br> - Sunrise tomorrow: 06:12<\/br> - sunset tomorrow: 20:43<\/br> - Night begins tomorrow: 21:35<\/b><\/td><\/tr><\/tbody><\/table><\/div>\n\t\t\t\t\t\t<\/div>\n\t\t\t\t<\/div>\n\t\t\t\t<div class=\"elementor-element elementor-element-18ecfcff elementor-widget elementor-widget-heading\" data-id=\"18ecfcff\" data-element_type=\"widget\" data-e-type=\"widget\" data-widget_type=\"heading.default\">\n\t\t\t\t<div class=\"elementor-widget-container\">\n\t\t\t\t\t<h5 class=\"elementor-heading-title elementor-size-default\">2. General information:<\/h5>\t\t\t\t<\/div>\n\t\t\t\t<\/div>\n\t\t\t\t<div class=\"elementor-element elementor-element-5e3c38af elementor-widget elementor-widget-text-editor\" data-id=\"5e3c38af\" data-element_type=\"widget\" data-e-type=\"widget\" data-widget_type=\"text-editor.default\">\n\t\t\t\t<div class=\"elementor-widget-container\">\n\t\t\t\t\t\t\t\t\t<p>A good airfield in the immediate neighborhood of the Kalajoki sand dunes. A swimbath, four hotels, a golf course, the largest camping site in Finland etc. are within a five minute walk.<br \/>\nThe new very visible landmark has risen on the airfield. A ex passenger aircraft hangar brought from Helsinki-Vantaa. It dominates the landscape and can be seen approaching the airfield long before Kalajoki hotels<\/p>\n\t\t\t\t\t\t\t\t<\/div>\n\t\t\t\t<\/div>\n\t\t\t\t<div class=\"elementor-element elementor-element-385f0e2d elementor-widget elementor-widget-heading\" data-id=\"385f0e2d\" data-element_type=\"widget\" data-e-type=\"widget\" data-widget_type=\"heading.default\">\n\t\t\t\t<div class=\"elementor-widget-container\">\n\t\t\t\t\t<h5 class=\"elementor-heading-title elementor-size-default\">3.  Price Information:<\/h5>\t\t\t\t<\/div>\n\t\t\t\t<\/div>\n\t\t\t\t<div class=\"elementor-element elementor-element-3bb36b72 elementor-widget elementor-widget-text-editor\" data-id=\"3bb36b72\" data-element_type=\"widget\" data-e-type=\"widget\" data-widget_type=\"text-editor.default\">\n\t\t\t\t<div class=\"elementor-widget-container\">\n\t\t\t\t\t\t\t\t\t<p>NIL<\/p>\n\t\t\t\t\t\t\t\t<\/div>\n\t\t\t\t<\/div>\n\t\t\t\t<div class=\"elementor-element elementor-element-8de886 elementor-widget elementor-widget-heading\" data-id=\"8de886\" data-element_type=\"widget\" data-e-type=\"widget\" data-widget_type=\"heading.default\">\n\t\t\t\t<div class=\"elementor-widget-container\">\n\t\t\t\t\t<h5 class=\"elementor-heading-title elementor-size-default\">4. The Airport:<\/h5>\t\t\t\t<\/div>\n\t\t\t\t<\/div>\n\t\t\t\t<div class=\"elementor-element elementor-element-41027932 elementor-widget elementor-widget-text-editor\" data-id=\"41027932\" data-element_type=\"widget\" data-e-type=\"widget\" data-widget_type=\"text-editor.default\">\n\t\t\t\t<div class=\"elementor-widget-container\">\n\t\t\t\t\t\t\t\t\t<p>The condition of the surfaced airfield is good<\/p>\n\t\t\t\t\t\t\t\t<\/div>\n\t\t\t\t<\/div>\n\t\t\t\t<div class=\"elementor-element elementor-element-544761a2 elementor-widget elementor-widget-heading\" data-id=\"544761a2\" data-element_type=\"widget\" data-e-type=\"widget\" data-widget_type=\"heading.default\">\n\t\t\t\t<div class=\"elementor-widget-container\">\n\t\t\t\t\t<h5 class=\"elementor-heading-title elementor-size-default\">5. Basic data:<\/h5>\t\t\t\t<\/div>\n\t\t\t\t<\/div>\n\t\t\t\t<div class=\"elementor-element elementor-element-2175168d elementor-widget elementor-widget-text-editor\" data-id=\"2175168d\" data-element_type=\"widget\" data-e-type=\"widget\" data-widget_type=\"text-editor.default\">\n\t\t\t\t<div class=\"elementor-widget-container\">\n\t\t\t\t\t\t\t\t\t<p><strong>Coordinates:<\/strong> 641343N 0234935E<br \/>\n<strong>Runways:<\/strong> 05\/23 \u2013 1200 x 30 m \u2013 asphalt gravel<br \/>\n<strong>Radio frequency:<\/strong> 123,400<br \/>\n<strong>Airport elevation<\/strong>: 13 m (43 ft)<br \/>\n<strong>Fuel availability<\/strong>: Maintained by the local flying club.<br \/>\n<strong>Announcements:<\/strong>\u00a0<a class=\"popup\" href=\"https:\/\/lentopaikat.fi\/notam\/notam.php?a=EFKO\" data-width=\"500\" data-height=\"600\" data-scrollbars=\"1\">NOTAM<\/a><\/p>\n\t\t\t\t\t\t\t\t<\/div>\n\t\t\t\t<\/div>\n\t\t\t\t<div class=\"elementor-element elementor-element-3223897d elementor-widget elementor-widget-heading\" data-id=\"3223897d\" data-element_type=\"widget\" data-e-type=\"widget\" data-widget_type=\"heading.default\">\n\t\t\t\t<div class=\"elementor-widget-container\">\n\t\t\t\t\t<h5 class=\"elementor-heading-title elementor-size-default\"> 6. Sight seeing and services<\/h5>\t\t\t\t<\/div>\n\t\t\t\t<\/div>\n\t\t\t\t<div class=\"elementor-element elementor-element-7b9e66f3 elementor-widget elementor-widget-text-editor\" data-id=\"7b9e66f3\" data-element_type=\"widget\" data-e-type=\"widget\" data-widget_type=\"text-editor.default\">\n\t\t\t\t<div class=\"elementor-widget-container\">\n\t\t\t\t\t\t\t\t\t<p>There is plenty to see in the neighborhood of the field, both from the air and from the ground. Sandy beaches by the sea, river mouths, wide-spread fields, Kalajoki town, Golf course etc. There are some 10 restaurants within a 5 minute walk.<\/p>\n\t\t\t\t\t\t\t\t<\/div>\n\t\t\t\t<\/div>\n\t\t\t\t<div class=\"elementor-element elementor-element-2128f93f elementor-widget elementor-widget-heading\" data-id=\"2128f93f\" data-element_type=\"widget\" data-e-type=\"widget\" data-widget_type=\"heading.default\">\n\t\t\t\t<div class=\"elementor-widget-container\">\n\t\t\t\t\t<h5 class=\"elementor-heading-title elementor-size-default\">7. Contact information:<\/h5>\t\t\t\t<\/div>\n\t\t\t\t<\/div>\n\t\t\t\t<div class=\"elementor-element elementor-element-56cc7b81 elementor-widget elementor-widget-text-editor\" data-id=\"56cc7b81\" data-element_type=\"widget\" data-e-type=\"widget\" data-widget_type=\"text-editor.default\">\n\t\t\t\t<div class=\"elementor-widget-container\">\n\t\t\t\t\t\t\t\t\t<p>Airport chief \/ Kalajoen Ilmailukerho Flying Club chairman Taisto Alasimi,: +358 400 875 772.<\/p>\n\t\t\t\t\t\t\t\t<\/div>\n\t\t\t\t<\/div>\n\t\t\t\t<div class=\"elementor-element elementor-element-6b9e6f5e elementor-widget elementor-widget-heading\" data-id=\"6b9e6f5e\" data-element_type=\"widget\" data-e-type=\"widget\" data-widget_type=\"heading.default\">\n\t\t\t\t<div class=\"elementor-widget-container\">\n\t\t\t\t\t<h5 class=\"elementor-heading-title elementor-size-default\">8.  Links:<\/h5>\t\t\t\t<\/div>\n\t\t\t\t<\/div>\n\t\t\t\t<div class=\"elementor-element elementor-element-473eaaf8 elementor-widget elementor-widget-text-editor\" data-id=\"473eaaf8\" data-element_type=\"widget\" data-e-type=\"widget\" data-widget_type=\"text-editor.default\">\n\t\t\t\t<div class=\"elementor-widget-container\">\n\t\t\t\t\t\t\t\t\t<ul>\n<li><a href=\"http:\/\/www.kalajoki.fi\/\" target=\"_blank\" rel=\"noopener\">Kalajoen kunta Kalajoki municipality<\/a><\/li>\n<li><a href=\"http:\/\/www.visitkalajoki.fi\/\">Visit kalajoki<\/a><\/li>\n<li><a href=\"http:\/\/www.kalajokikeskusvaraamo.fi\/\" target=\"_blank\" rel=\"noopener\">Kalajoen keskusvaraamo Agency for rental of holiday cabins and houses.<\/a><\/li>\n<li><a href=\"http:\/\/www.kase.fi\/kalajoen.ilmailukerho\" target=\"_blank\" rel=\"noopener\">Kalajoen Ilmailukerho ry Kalajoki Flying Club<\/a><\/li>\n<li><a href=\"http:\/\/www.kalajoenvarjoliitajat.net\/\" target=\"_blank\" rel=\"noopener\">Kalajoen Varjoliit\u00e4j\u00e4t Kalajoki paragliders<\/a><\/li>\n<li><a href=\"http:\/\/www.weatherlink.com\/user\/efko\/\" target=\"_blank\" rel=\"noopener\">Kent\u00e4n s\u00e4\u00e4asema Kalajoki weather station<\/a><\/li>\n<\/ul>\n\t\t\t\t\t\t\t\t<\/div>\n\t\t\t\t<\/div>\n\t\t\t\t<div class=\"elementor-element elementor-element-61c35d7a elementor-widget elementor-widget-heading\" data-id=\"61c35d7a\" data-element_type=\"widget\" data-e-type=\"widget\" data-widget_type=\"heading.default\">\n\t\t\t\t<div class=\"elementor-widget-container\">\n\t\t\t\t\t<h5 class=\"elementor-heading-title elementor-size-default\">9. Map<\/h5>\t\t\t\t<\/div>\n\t\t\t\t<\/div>\n\t\t\t\t<div class=\"elementor-element elementor-element-49465404 elementor-widget elementor-widget-google_maps\" data-id=\"49465404\" data-element_type=\"widget\" data-e-type=\"widget\" data-widget_type=\"google_maps.default\">\n\t\t\t\t<div class=\"elementor-widget-container\">\n\t\t\t\t\t\t\t<div class=\"elementor-custom-embed\">\n\t\t\t<iframe loading=\"lazy\"\n\t\t\t\t\tsrc=\"https:\/\/www.google.com\/maps\/embed\/v1\/place?key=AIzaSyC1j1iK8FQx51JcFwNxcbaAudBg3BxuVow&#038;q=Kalajoki%20airfield&#038;zoom=13\"\n\t\t\t\t\ttitle=\"Kalajoki airfield\"\n\t\t\t\t\taria-label=\"Kalajoki airfield\"\n\t\t\t><\/iframe>\n\t\t<\/div>\n\t\t\t\t\t\t<\/div>\n\t\t\t\t<\/div>\n\t\t\t\t\t<\/div>\n\t\t<\/div>\n\t\t\t\t<div class=\"elementor-column elementor-col-50 elementor-inner-column elementor-element elementor-element-d6aac0d\" data-id=\"d6aac0d\" data-element_type=\"column\" data-e-type=\"column\">\n\t\t\t<div class=\"elementor-widget-wrap elementor-element-populated\">\n\t\t\t\t\t\t<div class=\"elementor-element elementor-element-759ce08 elementor-widget elementor-widget-image\" data-id=\"759ce08\" data-element_type=\"widget\" data-e-type=\"widget\" data-widget_type=\"image.default\">\n\t\t\t\t<div class=\"elementor-widget-container\">\n\t\t\t\t\t\t\t\t\t\t\t\t<figure class=\"wp-caption\">\n\t\t\t\t\t\t\t\t\t\t\t<a href=\"https:\/\/lentopaikat.fi\/wp-content\/uploads\/efko.gif\" data-elementor-open-lightbox=\"yes\" data-elementor-lightbox-title=\"efko\" data-e-action-hash=\"#elementor-action%3Aaction%3Dlightbox%26settings%3DeyJpZCI6MzQ4NTEsInVybCI6Imh0dHBzOlwvXC9sZW50b3BhaWthdC5maVwvd3AtY29udGVudFwvdXBsb2Fkc1wvZWZrby5naWYifQ%3D%3D\">\n\t\t\t\t\t\t\t<img fetchpriority=\"high\" decoding=\"async\" width=\"200\" height=\"352\" src=\"https:\/\/lentopaikat.fi\/wp-content\/uploads\/efko.gif\" class=\"attachment-large size-large wp-image-34851\" alt=\"\" \/>\t\t\t\t\t\t\t\t<\/a>\n\t\t\t\t\t\t\t\t\t\t\t<figcaption class=\"widget-image-caption wp-caption-text\"><\/figcaption>\n\t\t\t\t\t\t\t\t\t\t<\/figure>\n\t\t\t\t\t\t\t\t\t<\/div>\n\t\t\t\t<\/div>\n\t\t\t\t<div class=\"elementor-element elementor-element-31112e44 elementor-widget elementor-widget-image\" data-id=\"31112e44\" data-element_type=\"widget\" data-e-type=\"widget\" data-widget_type=\"image.default\">\n\t\t\t\t<div class=\"elementor-widget-container\">\n\t\t\t\t\t\t\t\t\t\t\t\t<figure class=\"wp-caption\">\n\t\t\t\t\t\t\t\t\t\t\t<a href=\"https:\/\/lentopaikat.fi\/wp-content\/uploads\/EFKO_LDG-1.pdf\" target=\"_blank\">\n\t\t\t\t\t\t\t<img decoding=\"async\" width=\"724\" height=\"1024\" src=\"https:\/\/lentopaikat.fi\/wp-content\/uploads\/EFKO_LDG-1-724x1024.jpg\" class=\"attachment-large size-large wp-image-34855\" alt=\"\" srcset=\"https:\/\/lentopaikat.fi\/wp-content\/uploads\/EFKO_LDG-1-724x1024.jpg 724w, https:\/\/lentopaikat.fi\/wp-content\/uploads\/EFKO_LDG-1-212x300.jpg 212w, https:\/\/lentopaikat.fi\/wp-content\/uploads\/EFKO_LDG-1-768x1086.jpg 768w, https:\/\/lentopaikat.fi\/wp-content\/uploads\/EFKO_LDG-1-1087x1536.jpg 1087w, https:\/\/lentopaikat.fi\/wp-content\/uploads\/EFKO_LDG-1-8x12.jpg 8w, https:\/\/lentopaikat.fi\/wp-content\/uploads\/EFKO_LDG-1.jpg 1216w\" sizes=\"(max-width: 724px) 100vw, 724px\" \/>\t\t\t\t\t\t\t\t<\/a>\n\t\t\t\t\t\t\t\t\t\t\t<figcaption class=\"widget-image-caption wp-caption-text\">LDG CHART, CLICK ON PICTURE TO OPEN PDF DOCUMENT<\/figcaption>\n\t\t\t\t\t\t\t\t\t\t<\/figure>\n\t\t\t\t\t\t\t\t\t<\/div>\n\t\t\t\t<\/div>\n\t\t<div class=\"elementor-element elementor-element-363e33d8 e-flex e-con-boxed e-con e-parent\" data-id=\"363e33d8\" data-element_type=\"container\" data-e-type=\"container\">\n\t\t\t\t\t<div class=\"e-con-inner\">\n\t\t\t\t<div class=\"elementor-element elementor-element-1420dfd7 elementor-arrows-position-inside elementor-widget elementor-widget-image-carousel\" data-id=\"1420dfd7\" data-element_type=\"widget\" data-e-type=\"widget\" data-settings=\"{&quot;slides_to_show&quot;:&quot;1&quot;,&quot;navigation&quot;:&quot;arrows&quot;,&quot;speed&quot;:900,&quot;autoplay&quot;:&quot;yes&quot;,&quot;pause_on_hover&quot;:&quot;yes&quot;,&quot;pause_on_interaction&quot;:&quot;yes&quot;,&quot;autoplay_speed&quot;:5000,&quot;infinite&quot;:&quot;yes&quot;,&quot;effect&quot;:&quot;slide&quot;}\" data-widget_type=\"image-carousel.default\">\n\t\t\t\t<div class=\"elementor-widget-container\">\n\t\t\t\t\t\t\t<div class=\"elementor-image-carousel-wrapper swiper\" role=\"region\" aria-roledescription=\"carousel\" aria-label=\"Image Carousel\" dir=\"ltr\">\n\t\t\t<div class=\"elementor-image-carousel swiper-wrapper swiper-image-stretch\" aria-live=\"off\">\n\t\t\t\t\t\t\t\t<div class=\"swiper-slide\" role=\"group\" aria-roledescription=\"slide\" aria-label=\"1 of 5\"><a data-elementor-open-lightbox=\"yes\" data-elementor-lightbox-slideshow=\"1420dfd7\" data-elementor-lightbox-title=\"efko-1\" data-elementor-lightbox-description=\"HALLI N\u00c4KYY VAIKKA ITIKOITA OLI VIEL\u00c4 ILMASSA JA PALJON KUTEN TUULILASISTA N\u00c4KYY.\nKUVA: VEIKKO KARASVIRTA\" data-e-action-hash=\"#elementor-action%3Aaction%3Dlightbox%26settings%3DeyJpZCI6MzQ4NDksInVybCI6Imh0dHBzOlwvXC9sZW50b3BhaWthdC5maVwvd3AtY29udGVudFwvdXBsb2Fkc1wvZWZrby0xLmpwZyIsInNsaWRlc2hvdyI6IjE0MjBkZmQ3In0%3D\" href=\"https:\/\/lentopaikat.fi\/wp-content\/uploads\/efko-1.jpg\"><figure class=\"swiper-slide-inner\"><img decoding=\"async\" class=\"swiper-slide-image\" src=\"https:\/\/lentopaikat.fi\/wp-content\/uploads\/efko-1-1024x768.jpg\" alt=\"HALLI N\u00c4KYY VAIKKA ITIKOITA OLI VIEL\u00c4 ILMASSA JA PALJON KUTEN TUULILASISTA N\u00c4KYY.\nKUVA: VEIKKO KARASVIRTA\" \/><figcaption class=\"elementor-image-carousel-caption\">HALLI N\u00c4KYY VAIKKA ITIKOITA OLI VIEL\u00c4 ILMASSA JA PALJON KUTEN TUULILASISTA N\u00c4KYY.\nKUVA: VEIKKO KARASVIRTA<\/figcaption><\/figure><\/a><\/div><div class=\"swiper-slide\" role=\"group\" aria-roledescription=\"slide\" aria-label=\"2 of 5\"><a data-elementor-open-lightbox=\"yes\" data-elementor-lightbox-slideshow=\"1420dfd7\" data-elementor-lightbox-title=\"efko-2\" data-elementor-lightbox-description=\"MONITOIMIHALLILLA ON KOKOA JA N\u00c4KYVYYTT\u00c4: 21.8.2015 SE OLI VIIMEISTELYVAIHEESSA.\nKUVA: VEIKKO KARASVIRTA\" data-e-action-hash=\"#elementor-action%3Aaction%3Dlightbox%26settings%3DeyJpZCI6MzQ4NTAsInVybCI6Imh0dHBzOlwvXC9sZW50b3BhaWthdC5maVwvd3AtY29udGVudFwvdXBsb2Fkc1wvZWZrby0yLmpwZyIsInNsaWRlc2hvdyI6IjE0MjBkZmQ3In0%3D\" href=\"https:\/\/lentopaikat.fi\/wp-content\/uploads\/efko-2.jpg\"><figure class=\"swiper-slide-inner\"><img decoding=\"async\" class=\"swiper-slide-image\" src=\"https:\/\/lentopaikat.fi\/wp-content\/uploads\/efko-2-1024x768.jpg\" alt=\"MONITOIMIHALLILLA ON KOKOA JA N\u00c4KYVYYTT\u00c4: 21.8.2015 SE OLI VIIMEISTELYVAIHEESSA.\nKUVA: VEIKKO KARASVIRTA\" \/><figcaption class=\"elementor-image-carousel-caption\">MONITOIMIHALLILLA ON KOKOA JA N\u00c4KYVYYTT\u00c4: 21.8.2015 SE OLI VIIMEISTELYVAIHEESSA.\nKUVA: VEIKKO KARASVIRTA<\/figcaption><\/figure><\/a><\/div><div class=\"swiper-slide\" role=\"group\" aria-roledescription=\"slide\" aria-label=\"3 of 5\"><a data-elementor-open-lightbox=\"yes\" data-elementor-lightbox-slideshow=\"1420dfd7\" data-elementor-lightbox-title=\"efko_air_s\" data-elementor-lightbox-description=\"KALAJOEN KENTT\u00c4 ETEL\u00c4N SUUNNASTA KUVATTUNA VUONNA 2002. KUVA TAISTO ALASIMI. (KLIKKAA SUUREKSI)\" data-e-action-hash=\"#elementor-action%3Aaction%3Dlightbox%26settings%3DeyJpZCI6MzQ4NTQsInVybCI6Imh0dHBzOlwvXC9sZW50b3BhaWthdC5maVwvd3AtY29udGVudFwvdXBsb2Fkc1wvZWZrb19haXJfcy5qcGciLCJzbGlkZXNob3ciOiIxNDIwZGZkNyJ9\" href=\"https:\/\/lentopaikat.fi\/wp-content\/uploads\/efko_air_s.jpg\"><figure class=\"swiper-slide-inner\"><img decoding=\"async\" class=\"swiper-slide-image\" src=\"https:\/\/lentopaikat.fi\/wp-content\/uploads\/efko_air_s.jpg\" alt=\"KALAJOEN KENTT\u00c4 ETEL\u00c4N SUUNNASTA KUVATTUNA VUONNA 2002. KUVA TAISTO ALASIMI. (KLIKKAA SUUREKSI)\" \/><figcaption class=\"elementor-image-carousel-caption\">KALAJOEN KENTT\u00c4 ETEL\u00c4N SUUNNASTA KUVATTUNA VUONNA 2002. KUVA TAISTO ALASIMI. (KLIKKAA SUUREKSI)<\/figcaption><\/figure><\/a><\/div><div class=\"swiper-slide\" role=\"group\" aria-roledescription=\"slide\" aria-label=\"4 of 5\"><a data-elementor-open-lightbox=\"yes\" data-elementor-lightbox-slideshow=\"1420dfd7\" data-elementor-lightbox-title=\"efko_air2\" data-elementor-lightbox-description=\"ILMAKUVA SYKSYLT\u00c4 2005. KUVA MIKKO MALINIEMI. (KLIKKAA SUUREKSI)\" data-e-action-hash=\"#elementor-action%3Aaction%3Dlightbox%26settings%3DeyJpZCI6MzQ4NTMsInVybCI6Imh0dHBzOlwvXC9sZW50b3BhaWthdC5maVwvd3AtY29udGVudFwvdXBsb2Fkc1wvZWZrb19haXIyLmpwZyIsInNsaWRlc2hvdyI6IjE0MjBkZmQ3In0%3D\" href=\"https:\/\/lentopaikat.fi\/wp-content\/uploads\/efko_air2.jpg\"><figure class=\"swiper-slide-inner\"><img decoding=\"async\" class=\"swiper-slide-image\" src=\"https:\/\/lentopaikat.fi\/wp-content\/uploads\/efko_air2.jpg\" alt=\"ILMAKUVA SYKSYLT\u00c4 2005. KUVA MIKKO MALINIEMI. (KLIKKAA SUUREKSI)\" \/><figcaption class=\"elementor-image-carousel-caption\">ILMAKUVA SYKSYLT\u00c4 2005. KUVA MIKKO MALINIEMI. (KLIKKAA SUUREKSI)<\/figcaption><\/figure><\/a><\/div><div class=\"swiper-slide\" role=\"group\" aria-roledescription=\"slide\" aria-label=\"5 of 5\"><a data-elementor-open-lightbox=\"yes\" data-elementor-lightbox-slideshow=\"1420dfd7\" data-elementor-lightbox-title=\"efko_air1\" data-elementor-lightbox-description=\"KALAJOEN KENT\u00c4N ILMAKUVA KES\u00c4LT\u00c4 2013. KUVA TERO KOSKELA. (KLIKKAA SUUREKSI)\" data-e-action-hash=\"#elementor-action%3Aaction%3Dlightbox%26settings%3DeyJpZCI6MzQ4NTIsInVybCI6Imh0dHBzOlwvXC9sZW50b3BhaWthdC5maVwvd3AtY29udGVudFwvdXBsb2Fkc1wvZWZrb19haXIxLmpwZyIsInNsaWRlc2hvdyI6IjE0MjBkZmQ3In0%3D\" href=\"https:\/\/lentopaikat.fi\/wp-content\/uploads\/efko_air1.jpg\"><figure class=\"swiper-slide-inner\"><img decoding=\"async\" class=\"swiper-slide-image\" src=\"https:\/\/lentopaikat.fi\/wp-content\/uploads\/efko_air1-1024x682.jpg\" alt=\"KALAJOEN KENT\u00c4N ILMAKUVA KES\u00c4LT\u00c4 2013. KUVA TERO KOSKELA. (KLIKKAA SUUREKSI)\" \/><figcaption class=\"elementor-image-carousel-caption\">KALAJOEN KENT\u00c4N ILMAKUVA KES\u00c4LT\u00c4 2013. KUVA TERO KOSKELA. (KLIKKAA SUUREKSI)<\/figcaption><\/figure><\/a><\/div>\t\t\t<\/div>\n\t\t\t\t\t\t\t\t\t\t\t\t<div class=\"elementor-swiper-button elementor-swiper-button-prev\" role=\"button\" tabindex=\"0\">\n\t\t\t\t\t\t<i aria-hidden=\"true\" class=\"eicon-chevron-left\"><\/i>\t\t\t\t\t<\/div>\n\t\t\t\t\t<div class=\"elementor-swiper-button elementor-swiper-button-next\" role=\"button\" tabindex=\"0\">\n\t\t\t\t\t\t<i aria-hidden=\"true\" class=\"eicon-chevron-right\"><\/i>\t\t\t\t\t<\/div>\n\t\t\t\t\n\t\t\t\t\t\t\t\t\t<\/div>\n\t\t\t\t\t\t<\/div>\n\t\t\t\t<\/div>\n\t\t\t\t\t<\/div>\n\t\t\t\t<\/div>\n\t\t\t\t\t<\/div>\n\t\t<\/div>\n\t\t\t\t\t<\/div>\n\t\t<\/section>\n\t\t\t\t\t<\/div>\n\t\t<\/div>\n\t\t\t\t\t<\/div>\n\t\t<\/section>\n\t\t\t\t<\/div>\n\t\t","protected":false},"excerpt":{"rendered":"<p>Kalajoki &#8211; EFKO Note! In addition to flying activities drag racing is often organised on the airfield. Schedules for these races are detailed in\u00a0NOTAM\u00a0messages. 1. Sunset and sunrise and the SERA definition of night 2. General information: A good airfield in the immediate neighborhood of the Kalajoki sand dunes. A swimbath, four hotels, a golf [&hellip;]<\/p>\n","protected":false},"author":1,"featured_media":0,"parent":0,"menu_order":0,"comment_status":"closed","ping_status":"closed","template":"","meta":{"inline_featured_image":false,"_lmt_disableupdate":"","_lmt_disable":"","footnotes":""},"class_list":["post-35959","page","type-page","status-publish","hentry"],"_links":{"self":[{"href":"https:\/\/lentopaikat.fi\/en\/wp-json\/wp\/v2\/pages\/35959","targetHints":{"allow":["GET"]}}],"collection":[{"href":"https:\/\/lentopaikat.fi\/en\/wp-json\/wp\/v2\/pages"}],"about":[{"href":"https:\/\/lentopaikat.fi\/en\/wp-json\/wp\/v2\/types\/page"}],"author":[{"embeddable":true,"href":"https:\/\/lentopaikat.fi\/en\/wp-json\/wp\/v2\/users\/1"}],"replies":[{"embeddable":true,"href":"https:\/\/lentopaikat.fi\/en\/wp-json\/wp\/v2\/comments?post=35959"}],"version-history":[{"count":0,"href":"https:\/\/lentopaikat.fi\/en\/wp-json\/wp\/v2\/pages\/35959\/revisions"}],"wp:attachment":[{"href":"https:\/\/lentopaikat.fi\/en\/wp-json\/wp\/v2\/media?parent=35959"}],"curies":[{"name":"wp","href":"https:\/\/api.w.org\/{rel}","templated":true}]}}