{"id":35928,"date":"2022-11-17T18:09:16","date_gmt":"2022-11-17T16:09:16","guid":{"rendered":"https:\/\/lentopaikat.fi\/immola-efim\/"},"modified":"2025-10-10T10:31:22","modified_gmt":"2025-10-10T08:31:22","slug":"immola-efim","status":"publish","type":"page","link":"https:\/\/lentopaikat.fi\/en\/immola-efim\/","title":{"rendered":"Immola &#8211; EFIM"},"content":{"rendered":"\t\t<div data-elementor-type=\"wp-page\" data-elementor-id=\"35928\" class=\"elementor elementor-35928 elementor-35919\" data-elementor-post-type=\"page\">\n\t\t\t\t\t\t<section class=\"elementor-section elementor-top-section elementor-element elementor-element-5d459ad8 elementor-section-height-min-height elementor-section-full_width elementor-section-height-default elementor-section-items-middle\" data-id=\"5d459ad8\" data-element_type=\"section\" data-e-type=\"section\" data-settings=\"{&quot;background_background&quot;:&quot;classic&quot;}\">\n\t\t\t\t\t\t\t<div class=\"elementor-background-overlay\"><\/div>\n\t\t\t\t\t\t\t<div class=\"elementor-container elementor-column-gap-default\">\n\t\t\t\t\t<div class=\"elementor-column elementor-col-50 elementor-top-column elementor-element elementor-element-4af0d83c\" data-id=\"4af0d83c\" data-element_type=\"column\" data-e-type=\"column\">\n\t\t\t<div class=\"elementor-widget-wrap elementor-element-populated\">\n\t\t\t\t\t\t<div class=\"elementor-element elementor-element-32917e22 elementor-widget elementor-widget-heading\" data-id=\"32917e22\" data-element_type=\"widget\" data-e-type=\"widget\" data-widget_type=\"heading.default\">\n\t\t\t\t<div class=\"elementor-widget-container\">\n\t\t\t\t\t<h2 class=\"elementor-heading-title elementor-size-default\">Immola - EFIM<\/h2>\t\t\t\t<\/div>\n\t\t\t\t<\/div>\n\t\t\t\t\t<\/div>\n\t\t<\/div>\n\t\t\t\t<div class=\"elementor-column elementor-col-50 elementor-top-column elementor-element elementor-element-2fd23743\" data-id=\"2fd23743\" data-element_type=\"column\" data-e-type=\"column\">\n\t\t\t<div class=\"elementor-widget-wrap\">\n\t\t\t\t\t\t\t<\/div>\n\t\t<\/div>\n\t\t\t\t\t<\/div>\n\t\t<\/section>\n\t\t\t\t<section class=\"elementor-section elementor-top-section elementor-element elementor-element-4058eaa elementor-section-full_width elementor-section-height-default elementor-section-height-default\" data-id=\"4058eaa\" data-element_type=\"section\" data-e-type=\"section\">\n\t\t\t\t\t\t<div class=\"elementor-container elementor-column-gap-default\">\n\t\t\t\t\t<div class=\"elementor-column elementor-col-100 elementor-top-column elementor-element elementor-element-33539fb1\" data-id=\"33539fb1\" data-element_type=\"column\" data-e-type=\"column\">\n\t\t\t<div class=\"elementor-widget-wrap elementor-element-populated\">\n\t\t\t\t\t\t<section class=\"elementor-section elementor-inner-section elementor-element elementor-element-323a9e34 elementor-section-full_width elementor-section-height-default elementor-section-height-default\" data-id=\"323a9e34\" data-element_type=\"section\" data-e-type=\"section\">\n\t\t\t\t\t\t<div class=\"elementor-container elementor-column-gap-wide\">\n\t\t\t\t\t<div class=\"elementor-column elementor-col-50 elementor-inner-column elementor-element elementor-element-289652ef\" data-id=\"289652ef\" data-element_type=\"column\" data-e-type=\"column\">\n\t\t\t<div class=\"elementor-widget-wrap elementor-element-populated\">\n\t\t\t\t<!-- dce invisible element 191b890a -->\t\t<div class=\"elementor-element elementor-element-4b3fd893 elementor-widget elementor-widget-heading\" data-id=\"4b3fd893\" data-element_type=\"widget\" data-e-type=\"widget\" data-widget_type=\"heading.default\">\n\t\t\t\t<div class=\"elementor-widget-container\">\n\t\t\t\t\t<h5 class=\"elementor-heading-title elementor-size-default\">1. Sunset and sunrise and the SERA definition of night<\/h5>\t\t\t\t<\/div>\n\t\t\t\t<\/div>\n\t\t\t\t<div class=\"elementor-element elementor-element-3081755d elementor-widget elementor-widget-shortcode\" data-id=\"3081755d\" data-element_type=\"widget\" data-e-type=\"widget\" data-widget_type=\"shortcode.default\">\n\t\t\t\t<div class=\"elementor-widget-container\">\n\t\t\t\t\t\t\t<div class=\"elementor-shortcode\"><table><tbody><tr><td>Finnish time today, 21.04.2026<\/br><b> - Night ends: 04:37<\/br> - Sunrise: 05:27<\/br> - Sunset: 20:42<\/br> - Night begins: 21:33<\/br><\/b><\/td>\r\n<td> Times tomorrow <\/br><b> - Night ends tomorrow: 04:33<\/br> - Sunrise tomorrow: 05:24<\/br> - sunset tomorrow: 20:45<\/br> - Night begins tomorrow: 21:36<\/b><\/td><\/tr><\/tbody><\/table><\/div>\n\t\t\t\t\t\t<\/div>\n\t\t\t\t<\/div>\n\t\t\t\t<div class=\"elementor-element elementor-element-50923a97 elementor-widget elementor-widget-heading\" data-id=\"50923a97\" data-element_type=\"widget\" data-e-type=\"widget\" data-widget_type=\"heading.default\">\n\t\t\t\t<div class=\"elementor-widget-container\">\n\t\t\t\t\t<h5 class=\"elementor-heading-title elementor-size-default\">2. General information:<\/h5>\t\t\t\t<\/div>\n\t\t\t\t<\/div>\n\t\t\t\t<div class=\"elementor-element elementor-element-6c511761 elementor-widget elementor-widget-text-editor\" data-id=\"6c511761\" data-element_type=\"widget\" data-e-type=\"widget\" data-widget_type=\"text-editor.default\">\n\t\t\t\t<div class=\"elementor-widget-container\">\n\t\t\t\t\t\t\t\t\t<p>A very busy airfield, 11 kilometres from Imatra centre, and only 9 kilometres from the Russian border. The field has a long history, all the way from the last war. The field pursues many activities: motor flying, gliding, ultralight flying, aeromodelling, parachuting, and hang- and paragliding.The Frontier Guard also operates fairly often with helicopters at the field. The distance from Lappeenranta to Immola is some 50 kilometres. At the end of the field in Niemilampi lake you can swim and have a sauna-bath. The field is also furnished with good facilities for flight planning. The Skydive Karjala ry parachuting club can offer board for approximately 25 people. The facilities also include a buffet, where you can prepare your own food and purchase snacks, coffee and soft drinks when the buffet is open. The main building of the club includes sauna facilities and wireless internet connections. The equipment is at de disposal of flyers, and can be used to contact the Skydive Karjala chairman. Contact info: see below. Motor flying on the field is prohibited from 20 to 04 o\u2019clock UTC. Exception permits can be requested from the Frontier Guard.<\/p>\n\t\t\t\t\t\t\t\t<\/div>\n\t\t\t\t<\/div>\n\t\t\t\t<div class=\"elementor-element elementor-element-48580f76 elementor-widget elementor-widget-heading\" data-id=\"48580f76\" data-element_type=\"widget\" data-e-type=\"widget\" data-widget_type=\"heading.default\">\n\t\t\t\t<div class=\"elementor-widget-container\">\n\t\t\t\t\t<h5 class=\"elementor-heading-title elementor-size-default\">3.  Price Information:<\/h5>\t\t\t\t<\/div>\n\t\t\t\t<\/div>\n\t\t\t\t<div class=\"elementor-element elementor-element-444ffcad elementor-widget elementor-widget-text-editor\" data-id=\"444ffcad\" data-element_type=\"widget\" data-e-type=\"widget\" data-widget_type=\"text-editor.default\">\n\t\t\t\t<div class=\"elementor-widget-container\">\n\t\t\t\t\t\t\t\t\t<p>NIL<\/p>\n\t\t\t\t\t\t\t\t<\/div>\n\t\t\t\t<\/div>\n\t\t\t\t<div class=\"elementor-element elementor-element-1d303823 elementor-widget elementor-widget-heading\" data-id=\"1d303823\" data-element_type=\"widget\" data-e-type=\"widget\" data-widget_type=\"heading.default\">\n\t\t\t\t<div class=\"elementor-widget-container\">\n\t\t\t\t\t<h5 class=\"elementor-heading-title elementor-size-default\">4. The Airport:<\/h5>\t\t\t\t<\/div>\n\t\t\t\t<\/div>\n\t\t\t\t<div class=\"elementor-element elementor-element-1e2fa3ef elementor-widget elementor-widget-text-editor\" data-id=\"1e2fa3ef\" data-element_type=\"widget\" data-e-type=\"widget\" data-widget_type=\"text-editor.default\">\n\t\t\t\t<div class=\"elementor-widget-container\">\n\t\t\t\t\t\t\t\t\t<p>Runway 01\/19 is paved with asphalt (renewed 2020) and it is in excellent shape.<br \/>Runway 09\/27 is gravel surfaced with 100M asphalt runup strips in the beginnings.<br \/>Taxiways to runway 01\/19 are paved with asphalt (renewed 2020).<br \/>Apron is paved with asphalt\/concrete. Pavement in good shape.<br \/>Winter maintenance applied to runway 01\/19, taxiway and apron. Contact prior flight for up-to-date info see contact info.<br \/>Runway 01\/19 is equipped with runway and PAPI lights. Lightning requests, see contact info<\/p>\n\t\t\t\t\t\t\t\t<\/div>\n\t\t\t\t<\/div>\n\t\t\t\t<div class=\"elementor-element elementor-element-62520f85 elementor-widget elementor-widget-heading\" data-id=\"62520f85\" data-element_type=\"widget\" data-e-type=\"widget\" data-widget_type=\"heading.default\">\n\t\t\t\t<div class=\"elementor-widget-container\">\n\t\t\t\t\t<h5 class=\"elementor-heading-title elementor-size-default\">5. Basic data:<\/h5>\t\t\t\t<\/div>\n\t\t\t\t<\/div>\n\t\t\t\t<div class=\"elementor-element elementor-element-40558d33 elementor-widget elementor-widget-text-editor\" data-id=\"40558d33\" data-element_type=\"widget\" data-e-type=\"widget\" data-widget_type=\"text-editor.default\">\n\t\t\t\t<div class=\"elementor-widget-container\">\n\t\t\t\t\t\t\t\t\t<p><strong>Coordinates:<\/strong> 611459N 0285413E<br \/>RWY 01\/19 \u2013 1090 x 23 m \u2013 asphalt, LDA 900M, ASDA 1076M<br \/>RWY 09\/27 \u2013 800 x 15 m \u2013 gravel, LDA 800M, ASDA 1300M<br \/><strong>Radio Freq:<\/strong> 123,600 (IMMOLA TRAFFIC)<br \/><strong>Elevation:<\/strong> 103 m (338 ft)<br \/><strong>Fuel availability:<\/strong><br \/>AVGAS 100LL ja MOGAS, Immola Air Oy, tel. 040 701 8748<br \/>JET A1, Saimaa Aviation Oy, tel. 040 081 0031 or 040 829 6582<br \/><strong>Announcements:<\/strong>\u00a0<a class=\"popup\" href=\"https:\/\/lentopaikat.fi\/notam\/notam.php?a=EFIM\" data-width=\"500\" data-height=\"600\" data-scrollbars=\"1\">NOTAM<\/a><\/p>\n\t\t\t\t\t\t\t\t<\/div>\n\t\t\t\t<\/div>\n\t\t\t\t<div class=\"elementor-element elementor-element-48843589 elementor-widget elementor-widget-heading\" data-id=\"48843589\" data-element_type=\"widget\" data-e-type=\"widget\" data-widget_type=\"heading.default\">\n\t\t\t\t<div class=\"elementor-widget-container\">\n\t\t\t\t\t<h5 class=\"elementor-heading-title elementor-size-default\"> 6. Sight seeing and services<\/h5>\t\t\t\t<\/div>\n\t\t\t\t<\/div>\n\t\t\t\t<div class=\"elementor-element elementor-element-5d6d7c7f elementor-widget elementor-widget-text-editor\" data-id=\"5d6d7c7f\" data-element_type=\"widget\" data-e-type=\"widget\" data-widget_type=\"text-editor.default\">\n\t\t\t\t<div class=\"elementor-widget-container\">\n\t\t\t\t\t\t\t\t\t<p>The hangar is from the war and it has been partially damaged by bombs, which which is easily noted. The memorial commemorating the German Kuhlmey flight detachment, which operated from Immola in 1944, can also be seen in the field. The nearest shops are in a village some two kilometers from the field.<\/p>\n\t\t\t\t\t\t\t\t<\/div>\n\t\t\t\t<\/div>\n\t\t\t\t<div class=\"elementor-element elementor-element-4e726137 elementor-widget elementor-widget-heading\" data-id=\"4e726137\" data-element_type=\"widget\" data-e-type=\"widget\" data-widget_type=\"heading.default\">\n\t\t\t\t<div class=\"elementor-widget-container\">\n\t\t\t\t\t<h5 class=\"elementor-heading-title elementor-size-default\">7. Contact information:<\/h5>\t\t\t\t<\/div>\n\t\t\t\t<\/div>\n\t\t\t\t<div class=\"elementor-element elementor-element-42a32f02 elementor-widget elementor-widget-text-editor\" data-id=\"42a32f02\" data-element_type=\"widget\" data-e-type=\"widget\" data-widget_type=\"text-editor.default\">\n\t\t\t\t<div class=\"elementor-widget-container\">\n\t\t\t\t\t\t\t\t\t<p>Airport Chief: : Pasi Sutinen, tel. 040 829 6582.\u00a0\u00a0<span id=\"wpmt-306743-20672\">forename.surname@gmail.com<\/span><br \/>Airport caretaker: Teppo N\u00e4r\u00e4nen, tel. 040 777 6973, sp\u00a0<a class=\"mail-link\" data-enc-email=\"anenaragrccb[at]tznvy.pbz\" data-wpel-link=\"ignore\"><span id=\"wpmt-622829-451104\">naranenteppo@gmail.com<\/span><\/a><br \/>Imatra Aviation club Chairman: Janne N\u00e4r\u00e4nen phone. +358 400 613884<br \/>Skydive Karjala\u00a0 Chairman Heikki H\u00e4rk\u00e4nen, phone. +358 40 021 1284<\/p>\n\t\t\t\t\t\t\t\t<\/div>\n\t\t\t\t<\/div>\n\t\t\t\t<div class=\"elementor-element elementor-element-2f4f963e elementor-widget elementor-widget-heading\" data-id=\"2f4f963e\" data-element_type=\"widget\" data-e-type=\"widget\" data-widget_type=\"heading.default\">\n\t\t\t\t<div class=\"elementor-widget-container\">\n\t\t\t\t\t<h5 class=\"elementor-heading-title elementor-size-default\">8.  Links:<\/h5>\t\t\t\t<\/div>\n\t\t\t\t<\/div>\n\t\t\t\t<div class=\"elementor-element elementor-element-40149b3e elementor-widget elementor-widget-text-editor\" data-id=\"40149b3e\" data-element_type=\"widget\" data-e-type=\"widget\" data-widget_type=\"text-editor.default\">\n\t\t\t\t<div class=\"elementor-widget-container\">\n\t\t\t\t\t\t\t\t\t<ul>\n<li><a href=\"http:\/\/www.imatranik.net\/images\/tekstit\/Impyv7.pdf\" target=\"_blank\" rel=\"noopener noreferrer\">EFIM Toimintaohjeet airport guide (in finnish)<\/a><\/li>\n<li><a href=\"http:\/\/www.imatranik.net\/\" target=\"_blank\" rel=\"noopener noreferrer\">Imatran Ilmailukerho \u2013 Imatra flying club<\/a><\/li>\n<li><a href=\"http:\/\/www.skydivekarjala.fi\/\" target=\"_blank\" rel=\"noopener noreferrer\">Skydive Karjala ry<\/a><\/li>\n<\/ul>\n\t\t\t\t\t\t\t\t<\/div>\n\t\t\t\t<\/div>\n\t\t\t\t<div class=\"elementor-element elementor-element-62f9c78c elementor-widget elementor-widget-heading\" data-id=\"62f9c78c\" data-element_type=\"widget\" data-e-type=\"widget\" data-widget_type=\"heading.default\">\n\t\t\t\t<div class=\"elementor-widget-container\">\n\t\t\t\t\t<h5 class=\"elementor-heading-title elementor-size-default\">9. Map<\/h5>\t\t\t\t<\/div>\n\t\t\t\t<\/div>\n\t\t\t\t<div class=\"elementor-element elementor-element-5f11c352 elementor-widget elementor-widget-google_maps\" data-id=\"5f11c352\" data-element_type=\"widget\" data-e-type=\"widget\" data-widget_type=\"google_maps.default\">\n\t\t\t\t<div class=\"elementor-widget-container\">\n\t\t\t\t\t\t\t<div class=\"elementor-custom-embed\">\n\t\t\t<iframe loading=\"lazy\"\n\t\t\t\t\tsrc=\"https:\/\/www.google.com\/maps\/embed\/v1\/place?key=AIzaSyC1j1iK8FQx51JcFwNxcbaAudBg3BxuVow&#038;q=Immola%20airfield&#038;zoom=13\"\n\t\t\t\t\ttitle=\"Immola airfield\"\n\t\t\t\t\taria-label=\"Immola airfield\"\n\t\t\t><\/iframe>\n\t\t<\/div>\n\t\t\t\t\t\t<\/div>\n\t\t\t\t<\/div>\n\t\t\t\t\t<\/div>\n\t\t<\/div>\n\t\t\t\t<div class=\"elementor-column elementor-col-50 elementor-inner-column elementor-element elementor-element-290a7d8f\" data-id=\"290a7d8f\" data-element_type=\"column\" data-e-type=\"column\">\n\t\t\t<div class=\"elementor-widget-wrap elementor-element-populated\">\n\t\t\t\t\t\t<div class=\"elementor-element elementor-element-a6e35d6 elementor-widget elementor-widget-image\" data-id=\"a6e35d6\" data-element_type=\"widget\" data-e-type=\"widget\" data-widget_type=\"image.default\">\n\t\t\t\t<div class=\"elementor-widget-container\">\n\t\t\t\t\t\t\t\t\t\t\t\t<figure class=\"wp-caption\">\n\t\t\t\t\t\t\t\t\t\t\t<a href=\"https:\/\/lentopaikat.fi\/wp-content\/uploads\/efim.gif\" data-elementor-open-lightbox=\"yes\" data-elementor-lightbox-title=\"efim\" data-e-action-hash=\"#elementor-action%3Aaction%3Dlightbox%26settings%3DeyJpZCI6MzQ3NTQsInVybCI6Imh0dHBzOlwvXC9sZW50b3BhaWthdC5maVwvd3AtY29udGVudFwvdXBsb2Fkc1wvZWZpbS5naWYifQ%3D%3D\">\n\t\t\t\t\t\t\t<img fetchpriority=\"high\" decoding=\"async\" width=\"200\" height=\"352\" src=\"https:\/\/lentopaikat.fi\/wp-content\/uploads\/efim.gif\" class=\"attachment-large size-large wp-image-34754\" alt=\"\" \/>\t\t\t\t\t\t\t\t<\/a>\n\t\t\t\t\t\t\t\t\t\t\t<figcaption class=\"widget-image-caption wp-caption-text\"><\/figcaption>\n\t\t\t\t\t\t\t\t\t\t<\/figure>\n\t\t\t\t\t\t\t\t\t<\/div>\n\t\t\t\t<\/div>\n\t\t\t\t<div class=\"elementor-element elementor-element-594efe89 elementor-widget elementor-widget-image\" data-id=\"594efe89\" data-element_type=\"widget\" data-e-type=\"widget\" data-widget_type=\"image.default\">\n\t\t\t\t<div class=\"elementor-widget-container\">\n\t\t\t\t\t\t\t\t\t\t\t\t<figure class=\"wp-caption\">\n\t\t\t\t\t\t\t\t\t\t\t<a href=\"https:\/\/lentopaikat.fi\/wp-content\/uploads\/EFIM_LDG.pdf\" target=\"_blank\">\n\t\t\t\t\t\t\t<img decoding=\"async\" width=\"724\" height=\"1024\" src=\"https:\/\/lentopaikat.fi\/wp-content\/uploads\/EFIM_LDG-724x1024.jpg\" class=\"attachment-large size-large wp-image-34757\" alt=\"\" srcset=\"https:\/\/lentopaikat.fi\/wp-content\/uploads\/EFIM_LDG-724x1024.jpg 724w, https:\/\/lentopaikat.fi\/wp-content\/uploads\/EFIM_LDG-212x300.jpg 212w, https:\/\/lentopaikat.fi\/wp-content\/uploads\/EFIM_LDG-768x1086.jpg 768w, https:\/\/lentopaikat.fi\/wp-content\/uploads\/EFIM_LDG-1086x1536.jpg 1086w, https:\/\/lentopaikat.fi\/wp-content\/uploads\/EFIM_LDG-8x12.jpg 8w, https:\/\/lentopaikat.fi\/wp-content\/uploads\/EFIM_LDG.jpg 1307w\" sizes=\"(max-width: 724px) 100vw, 724px\" \/>\t\t\t\t\t\t\t\t<\/a>\n\t\t\t\t\t\t\t\t\t\t\t<figcaption class=\"widget-image-caption wp-caption-text\">LDG CHART, CLICK ON PICTURE TO OPEN PDF DOCUMENT<\/figcaption>\n\t\t\t\t\t\t\t\t\t\t<\/figure>\n\t\t\t\t\t\t\t\t\t<\/div>\n\t\t\t\t<\/div>\n\t\t<div class=\"elementor-element elementor-element-5b6d7834 e-flex e-con-boxed e-con e-parent\" data-id=\"5b6d7834\" data-element_type=\"container\" data-e-type=\"container\">\n\t\t\t\t\t<div class=\"e-con-inner\">\n\t\t\t\t<div class=\"elementor-element elementor-element-1c32b856 elementor-arrows-position-inside elementor-widget elementor-widget-image-carousel\" data-id=\"1c32b856\" data-element_type=\"widget\" data-e-type=\"widget\" data-settings=\"{&quot;slides_to_show&quot;:&quot;1&quot;,&quot;navigation&quot;:&quot;arrows&quot;,&quot;speed&quot;:900,&quot;autoplay&quot;:&quot;yes&quot;,&quot;pause_on_hover&quot;:&quot;yes&quot;,&quot;pause_on_interaction&quot;:&quot;yes&quot;,&quot;autoplay_speed&quot;:5000,&quot;infinite&quot;:&quot;yes&quot;,&quot;effect&quot;:&quot;slide&quot;}\" data-widget_type=\"image-carousel.default\">\n\t\t\t\t<div class=\"elementor-widget-container\">\n\t\t\t\t\t\t\t<div class=\"elementor-image-carousel-wrapper swiper\" role=\"region\" aria-roledescription=\"carousel\" aria-label=\"Kuvakaruselli\" dir=\"ltr\">\n\t\t\t<div class=\"elementor-image-carousel swiper-wrapper swiper-image-stretch\" aria-live=\"off\">\n\t\t\t\t\t\t\t\t<div class=\"swiper-slide\" role=\"group\" aria-roledescription=\"slide\" aria-label=\"1 of 5\"><a data-elementor-open-lightbox=\"yes\" data-elementor-lightbox-slideshow=\"1c32b856\" data-elementor-lightbox-title=\"EFIM_ilmakuva\" data-elementor-lightbox-description=\"Kentt\u00e4 ilmasta n\u00e4htyna kes\u00e4ll\u00e4 2014.\nKuva: Hannu Koho\" data-e-action-hash=\"#elementor-action%3Aaction%3Dlightbox%26settings%3DeyJpZCI6MzQ3NTYsInVybCI6Imh0dHBzOlwvXC9sZW50b3BhaWthdC5maVwvd3AtY29udGVudFwvdXBsb2Fkc1wvRUZJTV9pbG1ha3V2YS5qcGciLCJzbGlkZXNob3ciOiIxYzMyYjg1NiJ9\" href=\"https:\/\/lentopaikat.fi\/wp-content\/uploads\/EFIM_ilmakuva.jpg\"><figure class=\"swiper-slide-inner\"><img decoding=\"async\" class=\"swiper-slide-image\" src=\"https:\/\/lentopaikat.fi\/wp-content\/uploads\/EFIM_ilmakuva-1024x577.jpg\" alt=\"Kentt\u00e4 ilmasta n\u00e4htyna kes\u00e4ll\u00e4 2014.\nKuva: Hannu Koho\" \/><figcaption class=\"elementor-image-carousel-caption\">Kentt\u00e4 ilmasta n\u00e4htyna kes\u00e4ll\u00e4 2014.\nKuva: Hannu Koho<\/figcaption><\/figure><\/a><\/div><div class=\"swiper-slide\" role=\"group\" aria-roledescription=\"slide\" aria-label=\"2 of 5\"><a data-elementor-open-lightbox=\"yes\" data-elementor-lightbox-slideshow=\"1c32b856\" data-elementor-lightbox-title=\"efim_air\" data-elementor-lightbox-description=\"IMMOLAN KENTT\u00c4 ILMASTA K\u00c4SIN N\u00c4HTYN\u00c4 KES\u00c4LL\u00c4 2009. KUVA AARNO ISOM\u00c4KI. (KLIKKAA SUUREKSI)\" data-e-action-hash=\"#elementor-action%3Aaction%3Dlightbox%26settings%3DeyJpZCI6MzQ3NTUsInVybCI6Imh0dHBzOlwvXC9sZW50b3BhaWthdC5maVwvd3AtY29udGVudFwvdXBsb2Fkc1wvZWZpbV9haXIuanBnIiwic2xpZGVzaG93IjoiMWMzMmI4NTYifQ%3D%3D\" href=\"https:\/\/lentopaikat.fi\/wp-content\/uploads\/efim_air.jpg\"><figure class=\"swiper-slide-inner\"><img decoding=\"async\" class=\"swiper-slide-image\" src=\"https:\/\/lentopaikat.fi\/wp-content\/uploads\/efim_air.jpg\" alt=\"IMMOLAN KENTT\u00c4 ILMASTA K\u00c4SIN N\u00c4HTYN\u00c4 KES\u00c4LL\u00c4 2009. KUVA AARNO ISOM\u00c4KI. (KLIKKAA SUUREKSI)\" \/><figcaption class=\"elementor-image-carousel-caption\">IMMOLAN KENTT\u00c4 ILMASTA K\u00c4SIN N\u00c4HTYN\u00c4 KES\u00c4LL\u00c4 2009. KUVA AARNO ISOM\u00c4KI. (KLIKKAA SUUREKSI)<\/figcaption><\/figure><\/a><\/div><div class=\"swiper-slide\" role=\"group\" aria-roledescription=\"slide\" aria-label=\"3 of 5\"><a data-elementor-open-lightbox=\"yes\" data-elementor-lightbox-slideshow=\"1c32b856\" data-elementor-lightbox-title=\"EFIM_rwy27-scaled\" data-elementor-lightbox-description=\"IMMOLAN KENTT\u00c4 KUVATTU KIITOTIEN 27 P\u00c4\u00c4ST\u00c4 MISS\u00c4 ON AJOKOULUTUSRATA. TUO LEVE\u00c4 ASFALTTI SIIS EI OLE KIITOTIE VAAN AJOHARJOITTELURADAN OSUUS. KUVA: JARI RUUSKANEN (KLIKKAA SUUREKSI)\" data-e-action-hash=\"#elementor-action%3Aaction%3Dlightbox%26settings%3DeyJpZCI6MzQ3NjAsInVybCI6Imh0dHBzOlwvXC9sZW50b3BhaWthdC5maVwvd3AtY29udGVudFwvdXBsb2Fkc1wvRUZJTV9yd3kyNy1zY2FsZWQuanBnIiwic2xpZGVzaG93IjoiMWMzMmI4NTYifQ%3D%3D\" href=\"https:\/\/lentopaikat.fi\/wp-content\/uploads\/EFIM_rwy27-scaled.jpg\"><figure class=\"swiper-slide-inner\"><img decoding=\"async\" class=\"swiper-slide-image\" src=\"https:\/\/lentopaikat.fi\/wp-content\/uploads\/EFIM_rwy27-scaled-1024x768.jpg\" alt=\"IMMOLAN KENTT\u00c4 KUVATTU KIITOTIEN 27 P\u00c4\u00c4ST\u00c4 MISS\u00c4 ON AJOKOULUTUSRATA. TUO LEVE\u00c4 ASFALTTI SIIS EI OLE KIITOTIE VAAN AJOHARJOITTELURADAN OSUUS. KUVA: JARI RUUSKANEN (KLIKKAA SUUREKSI)\" \/><figcaption class=\"elementor-image-carousel-caption\">IMMOLAN KENTT\u00c4 KUVATTU KIITOTIEN 27 P\u00c4\u00c4ST\u00c4 MISS\u00c4 ON AJOKOULUTUSRATA. TUO LEVE\u00c4 ASFALTTI SIIS EI OLE KIITOTIE VAAN AJOHARJOITTELURADAN OSUUS. KUVA: JARI RUUSKANEN (KLIKKAA SUUREKSI)<\/figcaption><\/figure><\/a><\/div><div class=\"swiper-slide\" role=\"group\" aria-roledescription=\"slide\" aria-label=\"4 of 5\"><a data-elementor-open-lightbox=\"yes\" data-elementor-lightbox-slideshow=\"1c32b856\" data-elementor-lightbox-title=\"efim_plata_s\" data-elementor-lightbox-description=\"SEISONTA-ALUEELLA HALLIN EDESS\u00c4. KUVA JUUSO KORHONEN. (KLIKKAA SUUREKSI)\" data-e-action-hash=\"#elementor-action%3Aaction%3Dlightbox%26settings%3DeyJpZCI6MzQ3NTksInVybCI6Imh0dHBzOlwvXC9sZW50b3BhaWthdC5maVwvd3AtY29udGVudFwvdXBsb2Fkc1wvZWZpbV9wbGF0YV9zLmpwZyIsInNsaWRlc2hvdyI6IjFjMzJiODU2In0%3D\" href=\"https:\/\/lentopaikat.fi\/wp-content\/uploads\/efim_plata_s.jpg\"><figure class=\"swiper-slide-inner\"><img decoding=\"async\" class=\"swiper-slide-image\" src=\"https:\/\/lentopaikat.fi\/wp-content\/uploads\/efim_plata_s.jpg\" alt=\"SEISONTA-ALUEELLA HALLIN EDESS\u00c4. KUVA JUUSO KORHONEN. (KLIKKAA SUUREKSI)\" \/><figcaption class=\"elementor-image-carousel-caption\">SEISONTA-ALUEELLA HALLIN EDESS\u00c4. KUVA JUUSO KORHONEN. (KLIKKAA SUUREKSI)<\/figcaption><\/figure><\/a><\/div><div class=\"swiper-slide\" role=\"group\" aria-roledescription=\"slide\" aria-label=\"5 of 5\"><a data-elementor-open-lightbox=\"yes\" data-elementor-lightbox-slideshow=\"1c32b856\" data-elementor-lightbox-title=\"muistomerkki\" data-elementor-lightbox-description=\"KENT\u00c4LL\u00c4 SIJAITSEVA SAKSALAISEN LENTO-OSASTO KUHLMEYN MUISTOMERKKI. KUVA ERKKI HUHTANEN. (KLIKKAA SUUREKSI)\" data-e-action-hash=\"#elementor-action%3Aaction%3Dlightbox%26settings%3DeyJpZCI6MzUyNzAsInVybCI6Imh0dHBzOlwvXC9sZW50b3BhaWthdC5maVwvd3AtY29udGVudFwvdXBsb2Fkc1wvbXVpc3RvbWVya2tpLmpwZyIsInNsaWRlc2hvdyI6IjFjMzJiODU2In0%3D\" href=\"https:\/\/lentopaikat.fi\/wp-content\/uploads\/muistomerkki.jpg\"><figure class=\"swiper-slide-inner\"><img decoding=\"async\" class=\"swiper-slide-image\" src=\"https:\/\/lentopaikat.fi\/wp-content\/uploads\/muistomerkki.jpg\" alt=\"KENT\u00c4LL\u00c4 SIJAITSEVA SAKSALAISEN LENTO-OSASTO KUHLMEYN MUISTOMERKKI. KUVA ERKKI HUHTANEN. (KLIKKAA SUUREKSI)\" \/><figcaption class=\"elementor-image-carousel-caption\">KENT\u00c4LL\u00c4 SIJAITSEVA SAKSALAISEN LENTO-OSASTO KUHLMEYN MUISTOMERKKI. KUVA ERKKI HUHTANEN. (KLIKKAA SUUREKSI)<\/figcaption><\/figure><\/a><\/div>\t\t\t<\/div>\n\t\t\t\t\t\t\t\t\t\t\t\t<div class=\"elementor-swiper-button elementor-swiper-button-prev\" role=\"button\" tabindex=\"0\">\n\t\t\t\t\t\t<i aria-hidden=\"true\" class=\"eicon-chevron-left\"><\/i>\t\t\t\t\t<\/div>\n\t\t\t\t\t<div class=\"elementor-swiper-button elementor-swiper-button-next\" role=\"button\" tabindex=\"0\">\n\t\t\t\t\t\t<i aria-hidden=\"true\" class=\"eicon-chevron-right\"><\/i>\t\t\t\t\t<\/div>\n\t\t\t\t\n\t\t\t\t\t\t\t\t\t<\/div>\n\t\t\t\t\t\t<\/div>\n\t\t\t\t<\/div>\n\t\t\t\t\t<\/div>\n\t\t\t\t<\/div>\n\t\t\t\t\t<\/div>\n\t\t<\/div>\n\t\t\t\t\t<\/div>\n\t\t<\/section>\n\t\t\t\t\t<\/div>\n\t\t<\/div>\n\t\t\t\t\t<\/div>\n\t\t<\/section>\n\t\t\t\t<\/div>\n\t\t","protected":false},"excerpt":{"rendered":"<p>Immola &#8211; EFIM Warning! T\u00e4m\u00e4 on ns, &#8220;k\u00f6yh\u00e4n miehen NOTAM&#8221; eli t\u00e4ll\u00e4 voi varoittaa kent\u00e4ll\u00e4 tapahtuvasta poikkeavasta toiminnasta. T\u00e4m\u00e4 ilmoitus on ajastettavissa ja n\u00e4kyy vain silloin kun on jotain varoitettaavaa Varoitus ei ole suljettavissaT\u00e4m\u00e4n aikaa voi s\u00e4\u00e4t\u00e4 vasemmalta Visibility v\u00e4lilehdest\u00e4 1. Sunset and sunrise and the SERA definition of night 2. General information: A very [&hellip;]<\/p>\n","protected":false},"author":1,"featured_media":0,"parent":0,"menu_order":0,"comment_status":"closed","ping_status":"closed","template":"","meta":{"inline_featured_image":false,"_lmt_disableupdate":"","_lmt_disable":"","footnotes":""},"class_list":["post-35928","page","type-page","status-publish","hentry"],"_links":{"self":[{"href":"https:\/\/lentopaikat.fi\/en\/wp-json\/wp\/v2\/pages\/35928","targetHints":{"allow":["GET"]}}],"collection":[{"href":"https:\/\/lentopaikat.fi\/en\/wp-json\/wp\/v2\/pages"}],"about":[{"href":"https:\/\/lentopaikat.fi\/en\/wp-json\/wp\/v2\/types\/page"}],"author":[{"embeddable":true,"href":"https:\/\/lentopaikat.fi\/en\/wp-json\/wp\/v2\/users\/1"}],"replies":[{"embeddable":true,"href":"https:\/\/lentopaikat.fi\/en\/wp-json\/wp\/v2\/comments?post=35928"}],"version-history":[{"count":0,"href":"https:\/\/lentopaikat.fi\/en\/wp-json\/wp\/v2\/pages\/35928\/revisions"}],"wp:attachment":[{"href":"https:\/\/lentopaikat.fi\/en\/wp-json\/wp\/v2\/media?parent=35928"}],"curies":[{"name":"wp","href":"https:\/\/api.w.org\/{rel}","templated":true}]}}