{"id":35862,"date":"2022-11-17T16:00:09","date_gmt":"2022-11-17T14:00:09","guid":{"rendered":"https:\/\/lentopaikat.fi\/hanko-efhn\/"},"modified":"2022-11-17T16:24:08","modified_gmt":"2022-11-17T14:24:08","slug":"hanko-efhn","status":"publish","type":"page","link":"https:\/\/lentopaikat.fi\/en\/hanko-efhn\/","title":{"rendered":"Hanko &#8211; EFHN"},"content":{"rendered":"\t\t<div data-elementor-type=\"wp-page\" data-elementor-id=\"35862\" class=\"elementor elementor-35862 elementor-35853\" data-elementor-post-type=\"page\">\n\t\t\t\t\t\t<section class=\"elementor-section elementor-top-section elementor-element elementor-element-37b3c4f2 elementor-section-height-min-height elementor-section-full_width elementor-section-height-default elementor-section-items-middle\" data-id=\"37b3c4f2\" data-element_type=\"section\" data-e-type=\"section\" data-settings=\"{&quot;background_background&quot;:&quot;classic&quot;}\">\n\t\t\t\t\t\t\t<div class=\"elementor-background-overlay\"><\/div>\n\t\t\t\t\t\t\t<div class=\"elementor-container elementor-column-gap-default\">\n\t\t\t\t\t<div class=\"elementor-column elementor-col-50 elementor-top-column elementor-element elementor-element-71216745\" data-id=\"71216745\" data-element_type=\"column\" data-e-type=\"column\">\n\t\t\t<div class=\"elementor-widget-wrap elementor-element-populated\">\n\t\t\t\t\t\t<div class=\"elementor-element elementor-element-48016378 elementor-widget elementor-widget-heading\" data-id=\"48016378\" data-element_type=\"widget\" data-e-type=\"widget\" data-widget_type=\"heading.default\">\n\t\t\t\t<div class=\"elementor-widget-container\">\n\t\t\t\t\t<h2 class=\"elementor-heading-title elementor-size-default\">Hanko - EFHN<\/h2>\t\t\t\t<\/div>\n\t\t\t\t<\/div>\n\t\t\t\t\t<\/div>\n\t\t<\/div>\n\t\t\t\t<div class=\"elementor-column elementor-col-50 elementor-top-column elementor-element elementor-element-16c1a5ac\" data-id=\"16c1a5ac\" data-element_type=\"column\" data-e-type=\"column\">\n\t\t\t<div class=\"elementor-widget-wrap\">\n\t\t\t\t\t\t\t<\/div>\n\t\t<\/div>\n\t\t\t\t\t<\/div>\n\t\t<\/section>\n\t\t\t\t<section class=\"elementor-section elementor-top-section elementor-element elementor-element-ee806dc elementor-section-full_width elementor-section-height-default elementor-section-height-default\" data-id=\"ee806dc\" data-element_type=\"section\" data-e-type=\"section\">\n\t\t\t\t\t\t<div class=\"elementor-container elementor-column-gap-default\">\n\t\t\t\t\t<div class=\"elementor-column elementor-col-100 elementor-top-column elementor-element elementor-element-676dafc3\" data-id=\"676dafc3\" data-element_type=\"column\" data-e-type=\"column\">\n\t\t\t<div class=\"elementor-widget-wrap elementor-element-populated\">\n\t\t\t\t\t\t<section class=\"elementor-section elementor-inner-section elementor-element elementor-element-c21de35 elementor-section-full_width elementor-section-height-default elementor-section-height-default\" data-id=\"c21de35\" data-element_type=\"section\" data-e-type=\"section\">\n\t\t\t\t\t\t<div class=\"elementor-container elementor-column-gap-wide\">\n\t\t\t\t\t<div class=\"elementor-column elementor-col-50 elementor-inner-column elementor-element elementor-element-6e9a53ab\" data-id=\"6e9a53ab\" data-element_type=\"column\" data-e-type=\"column\">\n\t\t\t<div class=\"elementor-widget-wrap elementor-element-populated\">\n\t\t\t\t<!-- dce invisible element 710bb95c -->\t\t<div class=\"elementor-element elementor-element-1be19709 elementor-widget elementor-widget-heading\" data-id=\"1be19709\" data-element_type=\"widget\" data-e-type=\"widget\" data-widget_type=\"heading.default\">\n\t\t\t\t<div class=\"elementor-widget-container\">\n\t\t\t\t\t<h5 class=\"elementor-heading-title elementor-size-default\">1. Sunset and sunrise and the SERA definition of night<\/h5>\t\t\t\t<\/div>\n\t\t\t\t<\/div>\n\t\t\t\t<div class=\"elementor-element elementor-element-2187bc25 elementor-widget elementor-widget-shortcode\" data-id=\"2187bc25\" data-element_type=\"widget\" data-e-type=\"widget\" data-widget_type=\"shortcode.default\">\n\t\t\t\t<div class=\"elementor-widget-container\">\n\t\t\t\t\t\t\t<div class=\"elementor-shortcode\"><table><tbody><tr><td>Finnish time today, 07.04.2026<\/br><b> - Night ends: 05:53<\/br> - Sunrise: 06:36<\/br> - Sunset: 20:24<\/br> - Night begins: 21:07<\/br><\/b><\/td>\r\n<td> Times tomorrow <\/br><b> - Night ends tomorrow: 05:50<\/br> - Sunrise tomorrow: 06:33<\/br> - sunset tomorrow: 20:26<\/br> - Night begins tomorrow: 21:09<\/b><\/td><\/tr><\/tbody><\/table><\/div>\n\t\t\t\t\t\t<\/div>\n\t\t\t\t<\/div>\n\t\t\t\t<div class=\"elementor-element elementor-element-28edae26 elementor-widget elementor-widget-heading\" data-id=\"28edae26\" data-element_type=\"widget\" data-e-type=\"widget\" data-widget_type=\"heading.default\">\n\t\t\t\t<div class=\"elementor-widget-container\">\n\t\t\t\t\t<h5 class=\"elementor-heading-title elementor-size-default\">2. General information:<\/h5>\t\t\t\t<\/div>\n\t\t\t\t<\/div>\n\t\t\t\t<div class=\"elementor-element elementor-element-56a79431 elementor-widget elementor-widget-text-editor\" data-id=\"56a79431\" data-element_type=\"widget\" data-e-type=\"widget\" data-widget_type=\"text-editor.default\">\n\t\t\t\t<div class=\"elementor-widget-container\">\n\t\t\t\t\t\t\t\t\t<p>The southernmost airfield in Finland is located 8 kilometers from downtown Hanko. One local club Hanko air club (Hangon lentokerho, hangonlentokerho.fi) operates from the airfield.<\/p>\n<p>Occasionally there can be drone activity by the authorities. Generally Hanko airfield is a quiet airfield and offers a stunning view over the archipelago. Those flying to Hanko should note the nearby restricted area (EFR83), the permanent ly restricted areas (EFR43, EFR45) and the Noise Abatement area south of the airfield (1000 Ft).<\/p>\n<p>With winds from south-east there can be some turbulence on final.<\/p>\n\t\t\t\t\t\t\t\t<\/div>\n\t\t\t\t<\/div>\n\t\t\t\t<div class=\"elementor-element elementor-element-3ab8cc22 elementor-widget elementor-widget-heading\" data-id=\"3ab8cc22\" data-element_type=\"widget\" data-e-type=\"widget\" data-widget_type=\"heading.default\">\n\t\t\t\t<div class=\"elementor-widget-container\">\n\t\t\t\t\t<h5 class=\"elementor-heading-title elementor-size-default\">3.  Price Information:<\/h5>\t\t\t\t<\/div>\n\t\t\t\t<\/div>\n\t\t\t\t<div class=\"elementor-element elementor-element-6979489e elementor-widget elementor-widget-text-editor\" data-id=\"6979489e\" data-element_type=\"widget\" data-e-type=\"widget\" data-widget_type=\"text-editor.default\">\n\t\t\t\t<div class=\"elementor-widget-container\">\n\t\t\t\t\t\t\t\t\t<p>NIL<\/p>\n\t\t\t\t\t\t\t\t<\/div>\n\t\t\t\t<\/div>\n\t\t\t\t<div class=\"elementor-element elementor-element-55a776b8 elementor-widget elementor-widget-heading\" data-id=\"55a776b8\" data-element_type=\"widget\" data-e-type=\"widget\" data-widget_type=\"heading.default\">\n\t\t\t\t<div class=\"elementor-widget-container\">\n\t\t\t\t\t<h5 class=\"elementor-heading-title elementor-size-default\">4. The Airport:<\/h5>\t\t\t\t<\/div>\n\t\t\t\t<\/div>\n\t\t\t\t<div class=\"elementor-element elementor-element-706353ef elementor-widget elementor-widget-text-editor\" data-id=\"706353ef\" data-element_type=\"widget\" data-e-type=\"widget\" data-widget_type=\"text-editor.default\">\n\t\t\t\t<div class=\"elementor-widget-container\">\n\t\t\t\t\t\t\t\t\t<p>RWY 03 is bumpy between taxiway and RWY03 threshold. No landing before threshold on RWY03. Rest of the runway is in fairly good shape, apart from some dents and protrusions. Taxiways alongside the runway are closed permanently..<\/p>\n\t\t\t\t\t\t\t\t<\/div>\n\t\t\t\t<\/div>\n\t\t\t\t<div class=\"elementor-element elementor-element-65f296a5 elementor-widget elementor-widget-heading\" data-id=\"65f296a5\" data-element_type=\"widget\" data-e-type=\"widget\" data-widget_type=\"heading.default\">\n\t\t\t\t<div class=\"elementor-widget-container\">\n\t\t\t\t\t<h5 class=\"elementor-heading-title elementor-size-default\">5. Basic data:<\/h5>\t\t\t\t<\/div>\n\t\t\t\t<\/div>\n\t\t\t\t<div class=\"elementor-element elementor-element-190113bf elementor-widget elementor-widget-text-editor\" data-id=\"190113bf\" data-element_type=\"widget\" data-e-type=\"widget\" data-widget_type=\"text-editor.default\">\n\t\t\t\t<div class=\"elementor-widget-container\">\n\t\t\t\t\t\t\t\t\t<p><strong>Koordinaatit<\/strong>: 595044N 0230456E<br \/>\n<strong>Runway:<\/strong> 03\/21 1600m<br \/>\n<strong>LDA:<\/strong> RWY03 1300m RWY21 1290m ASPH<br \/>\n<strong>Radio Frequency:<\/strong> 123,600<br \/>\n<strong>Airport altitude:<\/strong> 6 m (20 ft)<br \/>\n<strong>Fuel availability:<\/strong> Hanko 8km<br \/>\n<strong>Announcements:\u00a0<\/strong><a class=\"popup\" href=\"https:\/\/lentopaikat.fi\/notam\/notam.php?a=EFHN\" data-width=\"500\" data-height=\"600\" data-scrollbars=\"1\">NOTAM<\/a><\/p>\n\t\t\t\t\t\t\t\t<\/div>\n\t\t\t\t<\/div>\n\t\t\t\t<div class=\"elementor-element elementor-element-7ff0b929 elementor-widget elementor-widget-heading\" data-id=\"7ff0b929\" data-element_type=\"widget\" data-e-type=\"widget\" data-widget_type=\"heading.default\">\n\t\t\t\t<div class=\"elementor-widget-container\">\n\t\t\t\t\t<h5 class=\"elementor-heading-title elementor-size-default\"> 6. Sight seeing and services<\/h5>\t\t\t\t<\/div>\n\t\t\t\t<\/div>\n\t\t\t\t<div class=\"elementor-element elementor-element-7f573c5a elementor-widget elementor-widget-text-editor\" data-id=\"7f573c5a\" data-element_type=\"widget\" data-e-type=\"widget\" data-widget_type=\"text-editor.default\">\n\t\t\t\t<div class=\"elementor-widget-container\">\n\t\t\t\t\t\t\t\t\t<p>The is a cafeteria at the local golf club which is situated close to the airfield. In the summertime Hanko offers numerous nice restaurants with a sea view .<\/p>\n\t\t\t\t\t\t\t\t<\/div>\n\t\t\t\t<\/div>\n\t\t\t\t<div class=\"elementor-element elementor-element-63d1590d elementor-widget elementor-widget-heading\" data-id=\"63d1590d\" data-element_type=\"widget\" data-e-type=\"widget\" data-widget_type=\"heading.default\">\n\t\t\t\t<div class=\"elementor-widget-container\">\n\t\t\t\t\t<h5 class=\"elementor-heading-title elementor-size-default\">7. Contact information:<\/h5>\t\t\t\t<\/div>\n\t\t\t\t<\/div>\n\t\t\t\t<div class=\"elementor-element elementor-element-41188cbe elementor-widget elementor-widget-text-editor\" data-id=\"41188cbe\" data-element_type=\"widget\" data-e-type=\"widget\" data-widget_type=\"text-editor.default\">\n\t\t\t\t<div class=\"elementor-widget-container\">\n\t\t\t\t\t\t\t\t\t<p>Airfield chied Jorma Sipil\u00e4inen +358 40 0750630<br \/>\nFlight instructor Markus Weckstr\u00f6m +358 50 3457602<br \/>\nTaxi +358 19 106 910.<\/p>\n\t\t\t\t\t\t\t\t<\/div>\n\t\t\t\t<\/div>\n\t\t\t\t<div class=\"elementor-element elementor-element-2b2fa15e elementor-widget elementor-widget-heading\" data-id=\"2b2fa15e\" data-element_type=\"widget\" data-e-type=\"widget\" data-widget_type=\"heading.default\">\n\t\t\t\t<div class=\"elementor-widget-container\">\n\t\t\t\t\t<h5 class=\"elementor-heading-title elementor-size-default\">8.  Links:<\/h5>\t\t\t\t<\/div>\n\t\t\t\t<\/div>\n\t\t\t\t<div class=\"elementor-element elementor-element-6248c00a elementor-widget elementor-widget-text-editor\" data-id=\"6248c00a\" data-element_type=\"widget\" data-e-type=\"widget\" data-widget_type=\"text-editor.default\">\n\t\t\t\t<div class=\"elementor-widget-container\">\n\t\t\t\t\t\t\t\t\t<ul>\n<li><a href=\"http:\/\/www.hangonlentokerho.fi\/\" target=\"_blank\" rel=\"noopener noreferrer\">Hangon lentokerho Hanko Flying Club<\/a><\/li>\n<li><a href=\"http:\/\/tourism.hanko.fi\/2007\/\" target=\"_blank\" rel=\"noopener noreferrer\">Hangon matkailu Travel agency<\/a><\/li>\n<li><a href=\"http:\/\/www.hangonlentokerho.fi\/EFHN.pdf\" target=\"_blank\" rel=\"noopener noreferrer\">HanGolf Golf club<\/a><br \/>\nA local weatherstation and net-camera can be found at the site of the local airclub Hangon lentokerho (hangonlentokerho.fi)<\/li>\n<\/ul>\n\t\t\t\t\t\t\t\t<\/div>\n\t\t\t\t<\/div>\n\t\t\t\t<div class=\"elementor-element elementor-element-77d78fbb elementor-widget elementor-widget-heading\" data-id=\"77d78fbb\" data-element_type=\"widget\" data-e-type=\"widget\" data-widget_type=\"heading.default\">\n\t\t\t\t<div class=\"elementor-widget-container\">\n\t\t\t\t\t<h5 class=\"elementor-heading-title elementor-size-default\">9. Map<\/h5>\t\t\t\t<\/div>\n\t\t\t\t<\/div>\n\t\t\t\t<div class=\"elementor-element elementor-element-5f7db5c elementor-widget elementor-widget-google_maps\" data-id=\"5f7db5c\" data-element_type=\"widget\" data-e-type=\"widget\" data-widget_type=\"google_maps.default\">\n\t\t\t\t<div class=\"elementor-widget-container\">\n\t\t\t\t\t\t\t<div class=\"elementor-custom-embed\">\n\t\t\t<iframe loading=\"lazy\"\n\t\t\t\t\tsrc=\"https:\/\/www.google.com\/maps\/embed\/v1\/place?key=AIzaSyC1j1iK8FQx51JcFwNxcbaAudBg3BxuVow&#038;q=Hangon%20lentokentt%C3%A4&#038;zoom=13\"\n\t\t\t\t\ttitle=\"Hangon lentokentt\u00e4\"\n\t\t\t\t\taria-label=\"Hangon lentokentt\u00e4\"\n\t\t\t><\/iframe>\n\t\t<\/div>\n\t\t\t\t\t\t<\/div>\n\t\t\t\t<\/div>\n\t\t\t\t\t<\/div>\n\t\t<\/div>\n\t\t\t\t<div class=\"elementor-column elementor-col-50 elementor-inner-column elementor-element elementor-element-5f4460fe\" data-id=\"5f4460fe\" data-element_type=\"column\" data-e-type=\"column\">\n\t\t\t<div class=\"elementor-widget-wrap elementor-element-populated\">\n\t\t\t\t\t\t<div class=\"elementor-element elementor-element-28cf48c0 elementor-widget elementor-widget-image\" data-id=\"28cf48c0\" data-element_type=\"widget\" data-e-type=\"widget\" data-widget_type=\"image.default\">\n\t\t\t\t<div class=\"elementor-widget-container\">\n\t\t\t\t\t\t\t\t\t\t\t\t<figure class=\"wp-caption\">\n\t\t\t\t\t\t\t\t\t\t\t<a href=\"https:\/\/lentopaikat.fi\/wp-content\/uploads\/efhn.gif\" data-elementor-open-lightbox=\"yes\" data-elementor-lightbox-title=\"efhn\" data-e-action-hash=\"#elementor-action%3Aaction%3Dlightbox%26settings%3DeyJpZCI6MzQ3MDcsInVybCI6Imh0dHBzOlwvXC9sZW50b3BhaWthdC5maVwvd3AtY29udGVudFwvdXBsb2Fkc1wvZWZobi5naWYifQ%3D%3D\">\n\t\t\t\t\t\t\t<img fetchpriority=\"high\" decoding=\"async\" width=\"200\" height=\"352\" src=\"https:\/\/lentopaikat.fi\/wp-content\/uploads\/efhn.gif\" class=\"attachment-large size-large wp-image-34707\" alt=\"\" \/>\t\t\t\t\t\t\t\t<\/a>\n\t\t\t\t\t\t\t\t\t\t\t<figcaption class=\"widget-image-caption wp-caption-text\"><\/figcaption>\n\t\t\t\t\t\t\t\t\t\t<\/figure>\n\t\t\t\t\t\t\t\t\t<\/div>\n\t\t\t\t<\/div>\n\t\t\t\t<div class=\"elementor-element elementor-element-228044c8 elementor-widget elementor-widget-image\" data-id=\"228044c8\" data-element_type=\"widget\" data-e-type=\"widget\" data-widget_type=\"image.default\">\n\t\t\t\t<div class=\"elementor-widget-container\">\n\t\t\t\t\t\t\t\t\t\t\t\t<figure class=\"wp-caption\">\n\t\t\t\t\t\t\t\t\t\t\t<a href=\"https:\/\/lentopaikat.fi\/wp-content\/uploads\/EFHN_LDG.pdf\" target=\"_blank\">\n\t\t\t\t\t\t\t<img decoding=\"async\" src=\"https:\/\/lentopaikat.fi\/wp-content\/uploads\/EFHN_LDG.jpg\" title=\"\" alt=\"\" loading=\"lazy\" \/>\t\t\t\t\t\t\t\t<\/a>\n\t\t\t\t\t\t\t\t\t\t\t<figcaption class=\"widget-image-caption wp-caption-text\">LDG CHART, CLICK ON PICTURE TO OPEN PDF DOCUMENT<\/figcaption>\n\t\t\t\t\t\t\t\t\t\t<\/figure>\n\t\t\t\t\t\t\t\t\t<\/div>\n\t\t\t\t<\/div>\n\t\t\t\t<div class=\"elementor-element elementor-element-d6eaa1a elementor-widget elementor-widget-video\" data-id=\"d6eaa1a\" data-element_type=\"widget\" data-e-type=\"widget\" data-settings=\"{&quot;youtube_url&quot;:&quot;https:\\\/\\\/youtu.be\\\/M1zP1DBrWEY&quot;,&quot;video_type&quot;:&quot;youtube&quot;,&quot;controls&quot;:&quot;yes&quot;}\" data-widget_type=\"video.default\">\n\t\t\t\t<div class=\"elementor-widget-container\">\n\t\t\t\t\t\t\t<div class=\"elementor-wrapper elementor-open-inline\">\n\t\t\t<div class=\"elementor-video\"><\/div>\t\t<\/div>\n\t\t\t\t\t\t<\/div>\n\t\t\t\t<\/div>\n\t\t\t\t<div class=\"elementor-element elementor-element-d70e017 elementor-widget elementor-widget-text-editor\" data-id=\"d70e017\" data-element_type=\"widget\" data-e-type=\"widget\" data-widget_type=\"text-editor.default\">\n\t\t\t\t<div class=\"elementor-widget-container\">\n\t\t\t\t\t\t\t\t\t<p>EFHN Visual Approach and Landing video, Watch fullscreen.<\/p>\n\t\t\t\t\t\t\t\t<\/div>\n\t\t\t\t<\/div>\n\t\t<div class=\"elementor-element elementor-element-44e7bcea e-flex e-con-boxed e-con e-parent\" data-id=\"44e7bcea\" data-element_type=\"container\" data-e-type=\"container\">\n\t\t\t\t\t<div class=\"e-con-inner\">\n\t\t\t\t<div class=\"elementor-element elementor-element-3d7fdf76 elementor-arrows-position-inside elementor-widget elementor-widget-image-carousel\" data-id=\"3d7fdf76\" data-element_type=\"widget\" data-e-type=\"widget\" data-settings=\"{&quot;slides_to_show&quot;:&quot;1&quot;,&quot;navigation&quot;:&quot;arrows&quot;,&quot;speed&quot;:900,&quot;autoplay&quot;:&quot;yes&quot;,&quot;pause_on_hover&quot;:&quot;yes&quot;,&quot;pause_on_interaction&quot;:&quot;yes&quot;,&quot;autoplay_speed&quot;:5000,&quot;infinite&quot;:&quot;yes&quot;,&quot;effect&quot;:&quot;slide&quot;}\" data-widget_type=\"image-carousel.default\">\n\t\t\t\t<div class=\"elementor-widget-container\">\n\t\t\t\t\t\t\t<div class=\"elementor-image-carousel-wrapper swiper\" role=\"region\" aria-roledescription=\"carousel\" aria-label=\"Image Carousel\" dir=\"ltr\">\n\t\t\t<div class=\"elementor-image-carousel swiper-wrapper swiper-image-stretch\" aria-live=\"off\">\n\t\t\t\t\t\t\t\t<div class=\"swiper-slide\" role=\"group\" aria-roledescription=\"slide\" aria-label=\"1 of 6\"><a data-elementor-open-lightbox=\"yes\" data-elementor-lightbox-slideshow=\"3d7fdf76\" data-elementor-lightbox-title=\"efhn_air\" data-elementor-lightbox-description=\"HANGON KENTT\u00c4 ILMASTA K\u00c4SIN N\u00c4HTYN\u00c4 KES\u00c4LL\u00c4 2008. KUVA TUOMAS KUOSMANEN. (KLIKKAA SUUREKSI)\" data-e-action-hash=\"#elementor-action%3Aaction%3Dlightbox%26settings%3DeyJpZCI6MzQ3MTAsInVybCI6Imh0dHBzOlwvXC9sZW50b3BhaWthdC5maVwvd3AtY29udGVudFwvdXBsb2Fkc1wvZWZobl9haXIuanBnIiwic2xpZGVzaG93IjoiM2Q3ZmRmNzYifQ%3D%3D\" href=\"https:\/\/lentopaikat.fi\/wp-content\/uploads\/efhn_air.jpg\"><figure class=\"swiper-slide-inner\"><img decoding=\"async\" class=\"swiper-slide-image\" src=\"https:\/\/lentopaikat.fi\/wp-content\/uploads\/efhn_air.jpg\" alt=\"HANGON KENTT\u00c4 ILMASTA K\u00c4SIN N\u00c4HTYN\u00c4 KES\u00c4LL\u00c4 2008. KUVA TUOMAS KUOSMANEN. (KLIKKAA SUUREKSI)\" \/><figcaption class=\"elementor-image-carousel-caption\">HANGON KENTT\u00c4 ILMASTA K\u00c4SIN N\u00c4HTYN\u00c4 KES\u00c4LL\u00c4 2008. KUVA TUOMAS KUOSMANEN. (KLIKKAA SUUREKSI)<\/figcaption><\/figure><\/a><\/div><div class=\"swiper-slide\" role=\"group\" aria-roledescription=\"slide\" aria-label=\"2 of 6\"><a data-elementor-open-lightbox=\"yes\" data-elementor-lightbox-slideshow=\"3d7fdf76\" data-elementor-lightbox-title=\"efhn_rwy03\" data-elementor-lightbox-description=\"KIITOTIEN 03 LOPPUL\u00c4HESTYMISLINJA. KUVA TUOMAS KUOSMANEN. (KLIKKAA SUUREKSI)\" data-e-action-hash=\"#elementor-action%3Aaction%3Dlightbox%26settings%3DeyJpZCI6MzQ3MTUsInVybCI6Imh0dHBzOlwvXC9sZW50b3BhaWthdC5maVwvd3AtY29udGVudFwvdXBsb2Fkc1wvZWZobl9yd3kwMy5qcGciLCJzbGlkZXNob3ciOiIzZDdmZGY3NiJ9\" href=\"https:\/\/lentopaikat.fi\/wp-content\/uploads\/efhn_rwy03.jpg\"><figure class=\"swiper-slide-inner\"><img decoding=\"async\" class=\"swiper-slide-image\" src=\"https:\/\/lentopaikat.fi\/wp-content\/uploads\/efhn_rwy03.jpg\" alt=\"KIITOTIEN 03 LOPPUL\u00c4HESTYMISLINJA. KUVA TUOMAS KUOSMANEN. (KLIKKAA SUUREKSI)\" \/><figcaption class=\"elementor-image-carousel-caption\">KIITOTIEN 03 LOPPUL\u00c4HESTYMISLINJA. KUVA TUOMAS KUOSMANEN. (KLIKKAA SUUREKSI)<\/figcaption><\/figure><\/a><\/div><div class=\"swiper-slide\" role=\"group\" aria-roledescription=\"slide\" aria-label=\"3 of 6\"><a data-elementor-open-lightbox=\"yes\" data-elementor-lightbox-slideshow=\"3d7fdf76\" data-elementor-lightbox-title=\"EFHN_2014-04-19_ennen_kynnysta-03-scaled\" data-elementor-lightbox-description=\"KIITOTIE 03 P\u00c4\u00c4TY ENNEN SIIRRETTY\u00c4 KYNNYST\u00c4 ON AIKA MUHKURAINEN. KUVATTU 19.4.2014.\nKUVA: ESA PIRTTINEN\" data-e-action-hash=\"#elementor-action%3Aaction%3Dlightbox%26settings%3DeyJpZCI6MzQ3MDgsInVybCI6Imh0dHBzOlwvXC9sZW50b3BhaWthdC5maVwvd3AtY29udGVudFwvdXBsb2Fkc1wvRUZITl8yMDE0LTA0LTE5X2VubmVuX2t5bm55c3RhLTAzLXNjYWxlZC5qcGciLCJzbGlkZXNob3ciOiIzZDdmZGY3NiJ9\" href=\"https:\/\/lentopaikat.fi\/wp-content\/uploads\/EFHN_2014-04-19_ennen_kynnysta-03-scaled.jpg\"><figure class=\"swiper-slide-inner\"><img decoding=\"async\" class=\"swiper-slide-image\" src=\"https:\/\/lentopaikat.fi\/wp-content\/uploads\/EFHN_2014-04-19_ennen_kynnysta-03-scaled-1024x576.jpg\" alt=\"KIITOTIE 03 P\u00c4\u00c4TY ENNEN SIIRRETTY\u00c4 KYNNYST\u00c4 ON AIKA MUHKURAINEN. KUVATTU 19.4.2014.\nKUVA: ESA PIRTTINEN\" \/><figcaption class=\"elementor-image-carousel-caption\">KIITOTIE 03 P\u00c4\u00c4TY ENNEN SIIRRETTY\u00c4 KYNNYST\u00c4 ON AIKA MUHKURAINEN. KUVATTU 19.4.2014.\nKUVA: ESA PIRTTINEN<\/figcaption><\/figure><\/a><\/div><div class=\"swiper-slide\" role=\"group\" aria-roledescription=\"slide\" aria-label=\"4 of 6\"><a data-elementor-open-lightbox=\"yes\" data-elementor-lightbox-slideshow=\"3d7fdf76\" data-elementor-lightbox-title=\"EFHN_2014-04-19_kiitotie-03-scaled\" data-elementor-lightbox-description=\"VIRALLISEN KYNNYKSEN J\u00c4LKEEN ON HUOMATTAVASTI PAREMPAA. JONKUN VERRAN PAINAUMIA JA KOHOUMIA KUITENKIN ON. KUVATTU: 19.4.2014.\nKUVA: ESA PIRTTINEN\" data-e-action-hash=\"#elementor-action%3Aaction%3Dlightbox%26settings%3DeyJpZCI6MzQ3MDksInVybCI6Imh0dHBzOlwvXC9sZW50b3BhaWthdC5maVwvd3AtY29udGVudFwvdXBsb2Fkc1wvRUZITl8yMDE0LTA0LTE5X2tpaXRvdGllLTAzLXNjYWxlZC5qcGciLCJzbGlkZXNob3ciOiIzZDdmZGY3NiJ9\" href=\"https:\/\/lentopaikat.fi\/wp-content\/uploads\/EFHN_2014-04-19_kiitotie-03-scaled.jpg\"><figure class=\"swiper-slide-inner\"><img decoding=\"async\" class=\"swiper-slide-image\" src=\"https:\/\/lentopaikat.fi\/wp-content\/uploads\/EFHN_2014-04-19_kiitotie-03-scaled-1024x576.jpg\" alt=\"VIRALLISEN KYNNYKSEN J\u00c4LKEEN ON HUOMATTAVASTI PAREMPAA. JONKUN VERRAN PAINAUMIA JA KOHOUMIA KUITENKIN ON. KUVATTU: 19.4.2014.\nKUVA: ESA PIRTTINEN\" \/><figcaption class=\"elementor-image-carousel-caption\">VIRALLISEN KYNNYKSEN J\u00c4LKEEN ON HUOMATTAVASTI PAREMPAA. JONKUN VERRAN PAINAUMIA JA KOHOUMIA KUITENKIN ON. KUVATTU: 19.4.2014.\nKUVA: ESA PIRTTINEN<\/figcaption><\/figure><\/a><\/div><div class=\"swiper-slide\" role=\"group\" aria-roledescription=\"slide\" aria-label=\"5 of 6\"><a data-elementor-open-lightbox=\"yes\" data-elementor-lightbox-slideshow=\"3d7fdf76\" data-elementor-lightbox-title=\"efhn_rwy03_2\" data-elementor-lightbox-description=\"KIITOTIE 03 MAASTA K\u00c4SIN KATSOTTUNA. KUVA TUOMAS KUOSMANEN. (KLIKKAA SUUREKSI)\" data-e-action-hash=\"#elementor-action%3Aaction%3Dlightbox%26settings%3DeyJpZCI6MzQ3MTYsInVybCI6Imh0dHBzOlwvXC9sZW50b3BhaWthdC5maVwvd3AtY29udGVudFwvdXBsb2Fkc1wvZWZobl9yd3kwM18yLmpwZyIsInNsaWRlc2hvdyI6IjNkN2ZkZjc2In0%3D\" href=\"https:\/\/lentopaikat.fi\/wp-content\/uploads\/efhn_rwy03_2.jpg\"><figure class=\"swiper-slide-inner\"><img decoding=\"async\" class=\"swiper-slide-image\" src=\"https:\/\/lentopaikat.fi\/wp-content\/uploads\/efhn_rwy03_2.jpg\" alt=\"KIITOTIE 03 MAASTA K\u00c4SIN KATSOTTUNA. KUVA TUOMAS KUOSMANEN. (KLIKKAA SUUREKSI)\" \/><figcaption class=\"elementor-image-carousel-caption\">KIITOTIE 03 MAASTA K\u00c4SIN KATSOTTUNA. KUVA TUOMAS KUOSMANEN. (KLIKKAA SUUREKSI)<\/figcaption><\/figure><\/a><\/div><div class=\"swiper-slide\" role=\"group\" aria-roledescription=\"slide\" aria-label=\"6 of 6\"><a data-elementor-open-lightbox=\"yes\" data-elementor-lightbox-slideshow=\"3d7fdf76\" data-elementor-lightbox-title=\"efhn_toiminta\" data-elementor-lightbox-description=\"HANGON KENTT\u00c4ALUETTA KUVATTUNA HALLIN EDEST\u00c4 HEIN\u00c4KUUSSA 2003. KUVA BAMCE FABRICIUS. (KLIKKAA SUUREKSI)\" data-e-action-hash=\"#elementor-action%3Aaction%3Dlightbox%26settings%3DeyJpZCI6MzQ3MTcsInVybCI6Imh0dHBzOlwvXC9sZW50b3BhaWthdC5maVwvd3AtY29udGVudFwvdXBsb2Fkc1wvZWZobl90b2ltaW50YS5qcGciLCJzbGlkZXNob3ciOiIzZDdmZGY3NiJ9\" href=\"https:\/\/lentopaikat.fi\/wp-content\/uploads\/efhn_toiminta.jpg\"><figure class=\"swiper-slide-inner\"><img decoding=\"async\" class=\"swiper-slide-image\" src=\"https:\/\/lentopaikat.fi\/wp-content\/uploads\/efhn_toiminta.jpg\" alt=\"HANGON KENTT\u00c4ALUETTA KUVATTUNA HALLIN EDEST\u00c4 HEIN\u00c4KUUSSA 2003. KUVA BAMCE FABRICIUS. (KLIKKAA SUUREKSI)\" \/><figcaption class=\"elementor-image-carousel-caption\">HANGON KENTT\u00c4ALUETTA KUVATTUNA HALLIN EDEST\u00c4 HEIN\u00c4KUUSSA 2003. KUVA BAMCE FABRICIUS. (KLIKKAA SUUREKSI)<\/figcaption><\/figure><\/a><\/div>\t\t\t<\/div>\n\t\t\t\t\t\t\t\t\t\t\t\t<div class=\"elementor-swiper-button elementor-swiper-button-prev\" role=\"button\" tabindex=\"0\">\n\t\t\t\t\t\t<i aria-hidden=\"true\" class=\"eicon-chevron-left\"><\/i>\t\t\t\t\t<\/div>\n\t\t\t\t\t<div class=\"elementor-swiper-button elementor-swiper-button-next\" role=\"button\" tabindex=\"0\">\n\t\t\t\t\t\t<i aria-hidden=\"true\" class=\"eicon-chevron-right\"><\/i>\t\t\t\t\t<\/div>\n\t\t\t\t\n\t\t\t\t\t\t\t\t\t<\/div>\n\t\t\t\t\t\t<\/div>\n\t\t\t\t<\/div>\n\t\t\t\t\t<\/div>\n\t\t\t\t<\/div>\n\t\t\t\t\t<\/div>\n\t\t<\/div>\n\t\t\t\t\t<\/div>\n\t\t<\/section>\n\t\t\t\t\t<\/div>\n\t\t<\/div>\n\t\t\t\t\t<\/div>\n\t\t<\/section>\n\t\t\t\t<\/div>\n\t\t","protected":false},"excerpt":{"rendered":"<p>Hanko &#8211; EFHN Warning! T\u00e4m\u00e4 on ns, &#8220;k\u00f6yh\u00e4n miehen NOTAM&#8221; eli t\u00e4ll\u00e4 voi varoittaa kent\u00e4ll\u00e4 tapahtuvasta poikkeavasta toiminnasta. T\u00e4m\u00e4 ilmoitus on ajastettavissa ja n\u00e4kyy vain silloin kun on jotain varoitettaavaa Varoitus ei ole suljettavissa T\u00e4m\u00e4n aikaa voi s\u00e4\u00e4t\u00e4 vasemmalta Visibility v\u00e4lilehdest\u00e4 1. Sunset and sunrise and the SERA definition of night 2. General information: The [&hellip;]<\/p>\n","protected":false},"author":1,"featured_media":0,"parent":0,"menu_order":0,"comment_status":"closed","ping_status":"closed","template":"","meta":{"inline_featured_image":false,"_lmt_disableupdate":"","_lmt_disable":"","footnotes":""},"class_list":["post-35862","page","type-page","status-publish","hentry"],"_links":{"self":[{"href":"https:\/\/lentopaikat.fi\/en\/wp-json\/wp\/v2\/pages\/35862","targetHints":{"allow":["GET"]}}],"collection":[{"href":"https:\/\/lentopaikat.fi\/en\/wp-json\/wp\/v2\/pages"}],"about":[{"href":"https:\/\/lentopaikat.fi\/en\/wp-json\/wp\/v2\/types\/page"}],"author":[{"embeddable":true,"href":"https:\/\/lentopaikat.fi\/en\/wp-json\/wp\/v2\/users\/1"}],"replies":[{"embeddable":true,"href":"https:\/\/lentopaikat.fi\/en\/wp-json\/wp\/v2\/comments?post=35862"}],"version-history":[{"count":0,"href":"https:\/\/lentopaikat.fi\/en\/wp-json\/wp\/v2\/pages\/35862\/revisions"}],"wp:attachment":[{"href":"https:\/\/lentopaikat.fi\/en\/wp-json\/wp\/v2\/media?parent=35862"}],"curies":[{"name":"wp","href":"https:\/\/api.w.org\/{rel}","templated":true}]}}