{"id":35851,"date":"2022-11-17T15:42:44","date_gmt":"2022-11-17T13:42:44","guid":{"rendered":"https:\/\/lentopaikat.fi\/hailuoto-efhl\/"},"modified":"2025-11-06T14:15:11","modified_gmt":"2025-11-06T12:15:11","slug":"hailuoto-efhl","status":"publish","type":"page","link":"https:\/\/lentopaikat.fi\/en\/hailuoto-efhl\/","title":{"rendered":"Hailuoto &#8211; EFHL"},"content":{"rendered":"\t\t<div data-elementor-type=\"wp-page\" data-elementor-id=\"35851\" class=\"elementor elementor-35851 elementor-35841\" data-elementor-post-type=\"page\">\n\t\t\t\t\t\t<section class=\"elementor-section elementor-top-section elementor-element elementor-element-56e96a91 elementor-section-height-min-height elementor-section-full_width elementor-section-height-default elementor-section-items-middle\" data-id=\"56e96a91\" data-element_type=\"section\" data-e-type=\"section\" data-settings=\"{&quot;background_background&quot;:&quot;classic&quot;}\">\n\t\t\t\t\t\t\t<div class=\"elementor-background-overlay\"><\/div>\n\t\t\t\t\t\t\t<div class=\"elementor-container elementor-column-gap-default\">\n\t\t\t\t\t<div class=\"elementor-column elementor-col-50 elementor-top-column elementor-element elementor-element-47c19d63\" data-id=\"47c19d63\" data-element_type=\"column\" data-e-type=\"column\">\n\t\t\t<div class=\"elementor-widget-wrap elementor-element-populated\">\n\t\t\t\t\t\t<div class=\"elementor-element elementor-element-685e9dfc elementor-widget elementor-widget-heading\" data-id=\"685e9dfc\" data-element_type=\"widget\" data-e-type=\"widget\" data-widget_type=\"heading.default\">\n\t\t\t\t<div class=\"elementor-widget-container\">\n\t\t\t\t\t<h2 class=\"elementor-heading-title elementor-size-default\">Hailuoto - EFHL<\/h2>\t\t\t\t<\/div>\n\t\t\t\t<\/div>\n\t\t\t\t\t<\/div>\n\t\t<\/div>\n\t\t\t\t<div class=\"elementor-column elementor-col-50 elementor-top-column elementor-element elementor-element-32d69dfe\" data-id=\"32d69dfe\" data-element_type=\"column\" data-e-type=\"column\">\n\t\t\t<div class=\"elementor-widget-wrap\">\n\t\t\t\t\t\t\t<\/div>\n\t\t<\/div>\n\t\t\t\t\t<\/div>\n\t\t<\/section>\n\t\t\t\t<section class=\"elementor-section elementor-top-section elementor-element elementor-element-3fe1bfe9 elementor-section-full_width elementor-section-height-default elementor-section-height-default\" data-id=\"3fe1bfe9\" data-element_type=\"section\" data-e-type=\"section\">\n\t\t\t\t\t\t<div class=\"elementor-container elementor-column-gap-default\">\n\t\t\t\t\t<div class=\"elementor-column elementor-col-100 elementor-top-column elementor-element elementor-element-5d5d4b9f\" data-id=\"5d5d4b9f\" data-element_type=\"column\" data-e-type=\"column\">\n\t\t\t<div class=\"elementor-widget-wrap elementor-element-populated\">\n\t\t\t\t\t\t<section class=\"elementor-section elementor-inner-section elementor-element elementor-element-61cb2ee8 elementor-section-full_width elementor-section-height-default elementor-section-height-default\" data-id=\"61cb2ee8\" data-element_type=\"section\" data-e-type=\"section\">\n\t\t\t\t\t\t<div class=\"elementor-container elementor-column-gap-wide\">\n\t\t\t\t\t<div class=\"elementor-column elementor-col-50 elementor-inner-column elementor-element elementor-element-5559ad1d\" data-id=\"5559ad1d\" data-element_type=\"column\" data-e-type=\"column\">\n\t\t\t<div class=\"elementor-widget-wrap elementor-element-populated\">\n\t\t\t\t\t\t<div class=\"elementor-element elementor-element-2bb75351 elementor-alert-warning elementor-widget elementor-widget-alert\" data-id=\"2bb75351\" data-element_type=\"widget\" data-e-type=\"widget\" data-widget_type=\"alert.default\">\n\t\t\t\t<div class=\"elementor-widget-container\">\n\t\t\t\t\t\t\t<div class=\"elementor-alert\" role=\"alert\">\n\n\t\t\t\t\t\t<span class=\"elementor-alert-title\">Note!<\/span>\n\t\t\t\n\t\t\t\t\t\t<span class=\"elementor-alert-description\"><p>Local flight operations on the field!.<br \/>Planes arriving on the field: <strong>no long finals!<\/strong><\/p>\n<\/span>\n\t\t\t\n\t\t\t\n\t\t<\/div>\n\t\t\t\t\t\t<\/div>\n\t\t\t\t<\/div>\n\t\t\t\t<div class=\"elementor-element elementor-element-486c2992 elementor-widget elementor-widget-heading\" data-id=\"486c2992\" data-element_type=\"widget\" data-e-type=\"widget\" data-widget_type=\"heading.default\">\n\t\t\t\t<div class=\"elementor-widget-container\">\n\t\t\t\t\t<h5 class=\"elementor-heading-title elementor-size-default\">1. Sunset and sunrise and the SERA definition of night<\/h5>\t\t\t\t<\/div>\n\t\t\t\t<\/div>\n\t\t\t\t<div class=\"elementor-element elementor-element-7740c402 elementor-widget elementor-widget-shortcode\" data-id=\"7740c402\" data-element_type=\"widget\" data-e-type=\"widget\" data-widget_type=\"shortcode.default\">\n\t\t\t\t<div class=\"elementor-widget-container\">\n\t\t\t\t\t\t\t<div class=\"elementor-shortcode\"><table><tbody><tr><td>Finnish time today, 23.04.2026<\/br><b> - Night ends: 04:18<\/br> - Sunrise: 05:20<\/br> - Sunset: 21:22<\/br> - Night begins: 22:24<\/br><\/b><\/td>\r\n<td> Times tomorrow <\/br><b> - Night ends tomorrow: 04:13<\/br> - Sunrise tomorrow: 05:16<\/br> - sunset tomorrow: 21:25<\/br> - Night begins tomorrow: 22:28<\/b><\/td><\/tr><\/tbody><\/table><\/div>\n\t\t\t\t\t\t<\/div>\n\t\t\t\t<\/div>\n\t\t\t\t<div class=\"elementor-element elementor-element-3effaf20 elementor-widget elementor-widget-heading\" data-id=\"3effaf20\" data-element_type=\"widget\" data-e-type=\"widget\" data-widget_type=\"heading.default\">\n\t\t\t\t<div class=\"elementor-widget-container\">\n\t\t\t\t\t<h5 class=\"elementor-heading-title elementor-size-default\">2. General information:<\/h5>\t\t\t\t<\/div>\n\t\t\t\t<\/div>\n\t\t\t\t<div class=\"elementor-element elementor-element-4e86e00d elementor-widget elementor-widget-text-editor\" data-id=\"4e86e00d\" data-element_type=\"widget\" data-e-type=\"widget\" data-widget_type=\"text-editor.default\">\n\t\t\t\t<div class=\"elementor-widget-container\">\n\t\t\t\t\t\t\t\t\t<p>A field located west of Oulu, on the island of Hailuoto. The field is located in P\u00f6ll\u00e4, about 6 km from the church village of Hailuoto.<\/p>\n<p>There is an accommodation company called P\u00f6ll\u00e4n M\u00f6kkimajoitus near the field. Campsite and holiday village Ranta-Sumppu 13 km, restaurant-motorhome Ailasto 14 km, Farm accommodation Heikkinen 10 km.<\/p>\n<p>From the island&#8217;s main road in P\u00f6ll\u00e4, there is no other public transport than a taxi.<\/p>\n\t\t\t\t\t\t\t\t<\/div>\n\t\t\t\t<\/div>\n\t\t\t\t<div class=\"elementor-element elementor-element-37a58362 elementor-widget elementor-widget-heading\" data-id=\"37a58362\" data-element_type=\"widget\" data-e-type=\"widget\" data-widget_type=\"heading.default\">\n\t\t\t\t<div class=\"elementor-widget-container\">\n\t\t\t\t\t<h5 class=\"elementor-heading-title elementor-size-default\">3.  Price Information:<\/h5>\t\t\t\t<\/div>\n\t\t\t\t<\/div>\n\t\t\t\t<div class=\"elementor-element elementor-element-17e05744 elementor-widget elementor-widget-text-editor\" data-id=\"17e05744\" data-element_type=\"widget\" data-e-type=\"widget\" data-widget_type=\"text-editor.default\">\n\t\t\t\t<div class=\"elementor-widget-container\">\n\t\t\t\t\t\t\t\t\t<p>NIL<\/p>\n\t\t\t\t\t\t\t\t<\/div>\n\t\t\t\t<\/div>\n\t\t\t\t<div class=\"elementor-element elementor-element-7eb43b8e elementor-widget elementor-widget-heading\" data-id=\"7eb43b8e\" data-element_type=\"widget\" data-e-type=\"widget\" data-widget_type=\"heading.default\">\n\t\t\t\t<div class=\"elementor-widget-container\">\n\t\t\t\t\t<h5 class=\"elementor-heading-title elementor-size-default\">4. The Airport:<\/h5>\t\t\t\t<\/div>\n\t\t\t\t<\/div>\n\t\t\t\t<div class=\"elementor-element elementor-element-6c6f890e elementor-widget elementor-widget-text-editor\" data-id=\"6c6f890e\" data-element_type=\"widget\" data-e-type=\"widget\" data-widget_type=\"text-editor.default\">\n\t\t\t\t<div class=\"elementor-widget-container\">\n\t\t\t\t\t\t\t\t\t<p>Threshold and edge markings on the field. Windstrut and equipment shed north of Rwy 24.<\/p>\n\t\t\t\t\t\t\t\t<\/div>\n\t\t\t\t<\/div>\n\t\t\t\t<div class=\"elementor-element elementor-element-611650e elementor-widget elementor-widget-heading\" data-id=\"611650e\" data-element_type=\"widget\" data-e-type=\"widget\" data-widget_type=\"heading.default\">\n\t\t\t\t<div class=\"elementor-widget-container\">\n\t\t\t\t\t<h5 class=\"elementor-heading-title elementor-size-default\">5. Basic data:<\/h5>\t\t\t\t<\/div>\n\t\t\t\t<\/div>\n\t\t\t\t<div class=\"elementor-element elementor-element-220e426d elementor-widget elementor-widget-text-editor\" data-id=\"220e426d\" data-element_type=\"widget\" data-e-type=\"widget\" data-widget_type=\"text-editor.default\">\n\t\t\t\t<div class=\"elementor-widget-container\">\n\t\t\t\t\t\t\t\t\t<p><strong>Coordinates:<\/strong> 645812N 0244218E<br \/><strong>Runway:<\/strong> 06\/24 \u2013 600 x 60 m \u2013 gravel<br \/><strong>LDA:<\/strong> 06: 410 x 20 m, 24: 410 x 20\u00a0m<br \/><strong>Radio Frequency:<\/strong> 123,400<br \/><strong>Airfield elevation:<\/strong> 2 m (7 ft)<br \/><strong>Fuel:<\/strong> No. The nearest petrol station Shell 8 km away.<br \/><strong>Information:<\/strong>\u00a0<a class=\"popup\" href=\"https:\/\/lentopaikat.fi\/notam\/notam.php?a=EFHL\" data-width=\"500\" data-height=\"600\" data-scrollbars=\"1\">NOTAM<\/a><\/p>\n\t\t\t\t\t\t\t\t<\/div>\n\t\t\t\t<\/div>\n\t\t\t\t<div class=\"elementor-element elementor-element-2b4134a4 elementor-widget elementor-widget-heading\" data-id=\"2b4134a4\" data-element_type=\"widget\" data-e-type=\"widget\" data-widget_type=\"heading.default\">\n\t\t\t\t<div class=\"elementor-widget-container\">\n\t\t\t\t\t<h5 class=\"elementor-heading-title elementor-size-default\"> 6. Sight seeing and services<\/h5>\t\t\t\t<\/div>\n\t\t\t\t<\/div>\n\t\t\t\t<div class=\"elementor-element elementor-element-317f4f40 elementor-widget elementor-widget-text-editor\" data-id=\"317f4f40\" data-element_type=\"widget\" data-e-type=\"widget\" data-widget_type=\"text-editor.default\">\n\t\t\t\t<div class=\"elementor-widget-container\">\n\t\t\t\t\t\t\t\t\t<p>Places to see are the island of Hailuoto, the sandy beaches of Marjaniemi and the 19th century lighthouse. Restaurant and grill in Kirkonkyl\u00e4, restaurant in Ailasto and Ranta-Sumppu. Summer cafe in Marjaniemi. K and S stores in kirkonkyl\u00e4.<\/p>\n\t\t\t\t\t\t\t\t<\/div>\n\t\t\t\t<\/div>\n\t\t\t\t<div class=\"elementor-element elementor-element-79e59f2c elementor-widget elementor-widget-heading\" data-id=\"79e59f2c\" data-element_type=\"widget\" data-e-type=\"widget\" data-widget_type=\"heading.default\">\n\t\t\t\t<div class=\"elementor-widget-container\">\n\t\t\t\t\t<h5 class=\"elementor-heading-title elementor-size-default\">7. Contact information:<\/h5>\t\t\t\t<\/div>\n\t\t\t\t<\/div>\n\t\t\t\t<div class=\"elementor-element elementor-element-79e10bc7 elementor-widget elementor-widget-text-editor\" data-id=\"79e10bc7\" data-element_type=\"widget\" data-e-type=\"widget\" data-widget_type=\"text-editor.default\">\n\t\t\t\t<div class=\"elementor-widget-container\">\n\t\t\t\t\t\t\t\t\t<p>irport: Luovontie 176, 90480, HAILUOTO, +358 44 4973500<br \/>Airport manager: N\/A<br \/>Hailuoto holiday apartments +358 40 1292276<br \/>P\u00f6ll\u00e4 cottage accommodation: +358 40 016 8675<br \/>Taxi +358 40 028 7280, www.taksipalvelujsline.fi, esselineky@gmail.com<\/p>\n\t\t\t\t\t\t\t\t<\/div>\n\t\t\t\t<\/div>\n\t\t\t\t<div class=\"elementor-element elementor-element-c9b17fa elementor-widget elementor-widget-heading\" data-id=\"c9b17fa\" data-element_type=\"widget\" data-e-type=\"widget\" data-widget_type=\"heading.default\">\n\t\t\t\t<div class=\"elementor-widget-container\">\n\t\t\t\t\t<h5 class=\"elementor-heading-title elementor-size-default\">8.  Links:<\/h5>\t\t\t\t<\/div>\n\t\t\t\t<\/div>\n\t\t\t\t<div class=\"elementor-element elementor-element-5bf1ec13 elementor-widget elementor-widget-text-editor\" data-id=\"5bf1ec13\" data-element_type=\"widget\" data-e-type=\"widget\" data-widget_type=\"text-editor.default\">\n\t\t\t\t<div class=\"elementor-widget-container\">\n\t\t\t\t\t\t\t\t\t<ul>\n<li><a href=\"http:\/\/www.hailuodonlomaasunnot.fi\/\">Hailuodon lomaasunnot<\/a><\/li>\n<li><a href=\"http:\/\/www.hailuodonrantamokit.com\/\" target=\"_blank\" rel=\"noopener noreferrer\">P\u00f6ll\u00e4n m\u00f6kkimajoitus<\/a><\/li>\n<li><a href=\"http:\/\/www.hailuoto.fi\/\" target=\"_blank\" rel=\"noopener noreferrer\">Hailuoto<\/a><\/li>\n<\/ul>\n\t\t\t\t\t\t\t\t<\/div>\n\t\t\t\t<\/div>\n\t\t\t\t<div class=\"elementor-element elementor-element-72ae6475 elementor-widget elementor-widget-heading\" data-id=\"72ae6475\" data-element_type=\"widget\" data-e-type=\"widget\" data-widget_type=\"heading.default\">\n\t\t\t\t<div class=\"elementor-widget-container\">\n\t\t\t\t\t<h5 class=\"elementor-heading-title elementor-size-default\">9. Map<\/h5>\t\t\t\t<\/div>\n\t\t\t\t<\/div>\n\t\t\t\t<div class=\"elementor-element elementor-element-74cf86ac elementor-widget elementor-widget-google_maps\" data-id=\"74cf86ac\" data-element_type=\"widget\" data-e-type=\"widget\" data-widget_type=\"google_maps.default\">\n\t\t\t\t<div class=\"elementor-widget-container\">\n\t\t\t\t\t\t\t<div class=\"elementor-custom-embed\">\n\t\t\t<iframe loading=\"lazy\"\n\t\t\t\t\tsrc=\"https:\/\/www.google.com\/maps\/embed\/v1\/place?key=AIzaSyC1j1iK8FQx51JcFwNxcbaAudBg3BxuVow&#038;q=Hailuodon%20lentokentt%C3%A4&#038;zoom=13\"\n\t\t\t\t\ttitle=\"Hailuodon lentokentt\u00e4\"\n\t\t\t\t\taria-label=\"Hailuodon lentokentt\u00e4\"\n\t\t\t><\/iframe>\n\t\t<\/div>\n\t\t\t\t\t\t<\/div>\n\t\t\t\t<\/div>\n\t\t\t\t\t<\/div>\n\t\t<\/div>\n\t\t\t\t<div class=\"elementor-column elementor-col-50 elementor-inner-column elementor-element elementor-element-417ef267\" data-id=\"417ef267\" data-element_type=\"column\" data-e-type=\"column\">\n\t\t\t<div class=\"elementor-widget-wrap elementor-element-populated\">\n\t\t\t\t\t\t<div class=\"elementor-element elementor-element-613764c3 elementor-widget elementor-widget-image\" data-id=\"613764c3\" data-element_type=\"widget\" data-e-type=\"widget\" data-widget_type=\"image.default\">\n\t\t\t\t<div class=\"elementor-widget-container\">\n\t\t\t\t\t\t\t\t\t\t\t\t<figure class=\"wp-caption\">\n\t\t\t\t\t\t\t\t\t\t\t<a href=\"https:\/\/lentopaikat.fi\/wp-content\/uploads\/efhl.gif\" data-elementor-open-lightbox=\"yes\" data-elementor-lightbox-title=\"efhl\" data-e-action-hash=\"#elementor-action%3Aaction%3Dlightbox%26settings%3DeyJpZCI6MzQ2ODgsInVybCI6Imh0dHBzOlwvXC9sZW50b3BhaWthdC5maVwvd3AtY29udGVudFwvdXBsb2Fkc1wvZWZobC5naWYifQ%3D%3D\">\n\t\t\t\t\t\t\t<img fetchpriority=\"high\" decoding=\"async\" width=\"200\" height=\"352\" src=\"https:\/\/lentopaikat.fi\/wp-content\/uploads\/efhl.gif\" class=\"attachment-large size-large wp-image-34688\" alt=\"\" \/>\t\t\t\t\t\t\t\t<\/a>\n\t\t\t\t\t\t\t\t\t\t\t<figcaption class=\"widget-image-caption wp-caption-text\"><\/figcaption>\n\t\t\t\t\t\t\t\t\t\t<\/figure>\n\t\t\t\t\t\t\t\t\t<\/div>\n\t\t\t\t<\/div>\n\t\t\t\t<div class=\"elementor-element elementor-element-16309676 elementor-widget elementor-widget-image\" data-id=\"16309676\" data-element_type=\"widget\" data-e-type=\"widget\" data-widget_type=\"image.default\">\n\t\t\t\t<div class=\"elementor-widget-container\">\n\t\t\t\t\t\t\t\t\t\t\t\t<figure class=\"wp-caption\">\n\t\t\t\t\t\t\t\t\t\t\t<a href=\"https:\/\/lentopaikat.fi\/wp-content\/uploads\/EFHL_LDG.pdf\" target=\"_blank\">\n\t\t\t\t\t\t\t<img decoding=\"async\" width=\"724\" height=\"1024\" src=\"https:\/\/lentopaikat.fi\/wp-content\/uploads\/EFHL_LDG-724x1024.jpg\" class=\"attachment-large size-large wp-image-39815\" alt=\"\" srcset=\"https:\/\/lentopaikat.fi\/wp-content\/uploads\/EFHL_LDG-724x1024.jpg 724w, https:\/\/lentopaikat.fi\/wp-content\/uploads\/EFHL_LDG-212x300.jpg 212w, https:\/\/lentopaikat.fi\/wp-content\/uploads\/EFHL_LDG-768x1086.jpg 768w, https:\/\/lentopaikat.fi\/wp-content\/uploads\/EFHL_LDG-1086x1536.jpg 1086w, https:\/\/lentopaikat.fi\/wp-content\/uploads\/EFHL_LDG.jpg 1141w\" sizes=\"(max-width: 724px) 100vw, 724px\" \/>\t\t\t\t\t\t\t\t<\/a>\n\t\t\t\t\t\t\t\t\t\t\t<figcaption class=\"widget-image-caption wp-caption-text\">LDG CHART, CLICK ON PICTURE TO OPEN PDF DOCUMENT<\/figcaption>\n\t\t\t\t\t\t\t\t\t\t<\/figure>\n\t\t\t\t\t\t\t\t\t<\/div>\n\t\t\t\t<\/div>\n\t\t<div class=\"elementor-element elementor-element-7c8714e e-flex e-con-boxed e-con e-parent\" data-id=\"7c8714e\" data-element_type=\"container\" data-e-type=\"container\">\n\t\t\t\t\t<div class=\"e-con-inner\">\n\t\t\t\t<div class=\"elementor-element elementor-element-60c337cb elementor-arrows-position-inside elementor-widget elementor-widget-image-carousel\" data-id=\"60c337cb\" data-element_type=\"widget\" data-e-type=\"widget\" data-settings=\"{&quot;slides_to_show&quot;:&quot;1&quot;,&quot;navigation&quot;:&quot;arrows&quot;,&quot;speed&quot;:900,&quot;autoplay&quot;:&quot;yes&quot;,&quot;pause_on_hover&quot;:&quot;yes&quot;,&quot;pause_on_interaction&quot;:&quot;yes&quot;,&quot;autoplay_speed&quot;:5000,&quot;infinite&quot;:&quot;yes&quot;,&quot;effect&quot;:&quot;slide&quot;}\" data-widget_type=\"image-carousel.default\">\n\t\t\t\t<div class=\"elementor-widget-container\">\n\t\t\t\t\t\t\t<div class=\"elementor-image-carousel-wrapper swiper\" role=\"region\" aria-roledescription=\"carousel\" aria-label=\"Image Carousel\" dir=\"ltr\">\n\t\t\t<div class=\"elementor-image-carousel swiper-wrapper swiper-image-stretch\" aria-live=\"off\">\n\t\t\t\t\t\t\t\t<div class=\"swiper-slide\" role=\"group\" aria-roledescription=\"slide\" aria-label=\"1 of 6\"><a data-elementor-open-lightbox=\"yes\" data-elementor-lightbox-slideshow=\"60c337cb\" data-elementor-lightbox-title=\"EFHL_Itaan_pain_nahtyna-14.06.2015-00-00-00\" data-elementor-lightbox-description=\"FIELD SEEN FACING EAST ON 14 JUNE 2015. PHOTO: ARI HULKKONEN\" data-e-action-hash=\"#elementor-action%3Aaction%3Dlightbox%26settings%3DeyJpZCI6MzQ2OTIsInVybCI6Imh0dHBzOlwvXC9sZW50b3BhaWthdC5maVwvd3AtY29udGVudFwvdXBsb2Fkc1wvRUZITF9JdGFhbl9wYWluX25haHR5bmEtMTQuMDYuMjAxNS0wMC0wMC0wMC5qcGciLCJzbGlkZXNob3ciOiI2MGMzMzdjYiJ9\" href=\"https:\/\/lentopaikat.fi\/wp-content\/uploads\/EFHL_Itaan_pain_nahtyna-14.06.2015-00-00-00.jpg\"><figure class=\"swiper-slide-inner\"><img decoding=\"async\" class=\"swiper-slide-image\" src=\"https:\/\/lentopaikat.fi\/wp-content\/uploads\/EFHL_Itaan_pain_nahtyna-14.06.2015-00-00-00-1024x601.jpg\" alt=\"FIELD SEEN FACING EAST ON 14 JUNE 2015. PHOTO: ARI HULKKONEN\" \/><figcaption class=\"elementor-image-carousel-caption\">FIELD SEEN FACING EAST ON 14 JUNE 2015. PHOTO: ARI HULKKONEN<\/figcaption><\/figure><\/a><\/div><div class=\"swiper-slide\" role=\"group\" aria-roledescription=\"slide\" aria-label=\"2 of 6\"><a data-elementor-open-lightbox=\"yes\" data-elementor-lightbox-slideshow=\"60c337cb\" data-elementor-lightbox-title=\"EFHL_Loppuosa_24-14.06.2015-00-00-00\" data-elementor-lightbox-description=\"FIELD SEEN FACING EAST ON 14 JUNE 2015. PHOTO: ARI HULKKONEN\" data-e-action-hash=\"#elementor-action%3Aaction%3Dlightbox%26settings%3DeyJpZCI6MzQ2OTUsInVybCI6Imh0dHBzOlwvXC9sZW50b3BhaWthdC5maVwvd3AtY29udGVudFwvdXBsb2Fkc1wvRUZITF9Mb3BwdW9zYV8yNC0xNC4wNi4yMDE1LTAwLTAwLTAwLmpwZyIsInNsaWRlc2hvdyI6IjYwYzMzN2NiIn0%3D\" href=\"https:\/\/lentopaikat.fi\/wp-content\/uploads\/EFHL_Loppuosa_24-14.06.2015-00-00-00.jpg\"><figure class=\"swiper-slide-inner\"><img decoding=\"async\" class=\"swiper-slide-image\" src=\"https:\/\/lentopaikat.fi\/wp-content\/uploads\/EFHL_Loppuosa_24-14.06.2015-00-00-00-1024x650.jpg\" alt=\"FIELD SEEN FACING EAST ON 14 JUNE 2015. PHOTO: ARI HULKKONEN\" \/><figcaption class=\"elementor-image-carousel-caption\">FIELD SEEN FACING EAST ON 14 JUNE 2015. PHOTO: ARI HULKKONEN<\/figcaption><\/figure><\/a><\/div><div class=\"swiper-slide\" role=\"group\" aria-roledescription=\"slide\" aria-label=\"3 of 6\"><a data-elementor-open-lightbox=\"yes\" data-elementor-lightbox-slideshow=\"60c337cb\" data-elementor-lightbox-title=\"EFHL_perusosalla_24-14.06.2015-00-00-00\" data-elementor-lightbox-description=\"ON BASE TO RUNWAY 24. PHOTO: ARI HULKKONEN\" data-e-action-hash=\"#elementor-action%3Aaction%3Dlightbox%26settings%3DeyJpZCI6MzQ2OTYsInVybCI6Imh0dHBzOlwvXC9sZW50b3BhaWthdC5maVwvd3AtY29udGVudFwvdXBsb2Fkc1wvRUZITF9wZXJ1c29zYWxsYV8yNC0xNC4wNi4yMDE1LTAwLTAwLTAwLmpwZyIsInNsaWRlc2hvdyI6IjYwYzMzN2NiIn0%3D\" href=\"https:\/\/lentopaikat.fi\/wp-content\/uploads\/EFHL_perusosalla_24-14.06.2015-00-00-00.jpg\"><figure class=\"swiper-slide-inner\"><img decoding=\"async\" class=\"swiper-slide-image\" src=\"https:\/\/lentopaikat.fi\/wp-content\/uploads\/EFHL_perusosalla_24-14.06.2015-00-00-00-1024x626.jpg\" alt=\"ON BASE TO RUNWAY 24. PHOTO: ARI HULKKONEN\" \/><figcaption class=\"elementor-image-carousel-caption\">ON BASE TO RUNWAY 24. PHOTO: ARI HULKKONEN<\/figcaption><\/figure><\/a><\/div><div class=\"swiper-slide\" role=\"group\" aria-roledescription=\"slide\" aria-label=\"4 of 6\"><a data-elementor-open-lightbox=\"yes\" data-elementor-lightbox-slideshow=\"60c337cb\" data-elementor-lightbox-title=\"EFHL_AIR-1\" data-elementor-lightbox-description=\"HAILUOTO AIRFIELD SEEN FROM THE AIR ON 11 JUNE 2015. PHOTO: KARI AALTONEN. (CLICK TO ENLARGE)\" data-e-action-hash=\"#elementor-action%3Aaction%3Dlightbox%26settings%3DeyJpZCI6MzQ2ODksInVybCI6Imh0dHBzOlwvXC9sZW50b3BhaWthdC5maVwvd3AtY29udGVudFwvdXBsb2Fkc1wvRUZITF9BSVItMS5qcGciLCJzbGlkZXNob3ciOiI2MGMzMzdjYiJ9\" href=\"https:\/\/lentopaikat.fi\/wp-content\/uploads\/EFHL_AIR-1.jpg\"><figure class=\"swiper-slide-inner\"><img decoding=\"async\" class=\"swiper-slide-image\" src=\"https:\/\/lentopaikat.fi\/wp-content\/uploads\/EFHL_AIR-1-1024x576.jpg\" alt=\"HAILUOTO AIRFIELD SEEN FROM THE AIR ON 11 JUNE 2015. PHOTO: KARI AALTONEN. (CLICK TO ENLARGE)\" \/><figcaption class=\"elementor-image-carousel-caption\">HAILUOTO AIRFIELD SEEN FROM THE AIR ON 11 JUNE 2015. PHOTO: KARI AALTONEN. (CLICK TO ENLARGE)<\/figcaption><\/figure><\/a><\/div><div class=\"swiper-slide\" role=\"group\" aria-roledescription=\"slide\" aria-label=\"5 of 6\"><a data-elementor-open-lightbox=\"yes\" data-elementor-lightbox-slideshow=\"60c337cb\" data-elementor-lightbox-title=\"WFHL_Building-scaled\" data-elementor-lightbox-description=\"EFHL AIRFIELD SURFACE RECENTLY COVERED WITH A GRAVEL LAYER. PHOTOGRAPHED: 10 SEPTEMBER 2022. PHOTOGRAPHER: VEIKKO KARASVIRTA\" data-e-action-hash=\"#elementor-action%3Aaction%3Dlightbox%26settings%3DeyJpZCI6MzUzMjksInVybCI6Imh0dHBzOlwvXC9sZW50b3BhaWthdC5maVwvd3AtY29udGVudFwvdXBsb2Fkc1wvV0ZITF9CdWlsZGluZy1zY2FsZWQuanBnIiwic2xpZGVzaG93IjoiNjBjMzM3Y2IifQ%3D%3D\" href=\"https:\/\/lentopaikat.fi\/wp-content\/uploads\/WFHL_Building-scaled.jpg\"><figure class=\"swiper-slide-inner\"><img decoding=\"async\" class=\"swiper-slide-image\" src=\"https:\/\/lentopaikat.fi\/wp-content\/uploads\/WFHL_Building-scaled-1024x768.jpg\" alt=\"EFHL AIRFIELD SURFACE RECENTLY COVERED WITH A GRAVEL LAYER. PHOTOGRAPHED: 10 SEPTEMBER 2022. PHOTOGRAPHER: VEIKKO KARASVIRTA\" \/><figcaption class=\"elementor-image-carousel-caption\">EFHL AIRFIELD SURFACE RECENTLY COVERED WITH A GRAVEL LAYER. PHOTOGRAPHED: 10 SEPTEMBER 2022. PHOTOGRAPHER: VEIKKO KARASVIRTA<\/figcaption><\/figure><\/a><\/div><div class=\"swiper-slide\" role=\"group\" aria-roledescription=\"slide\" aria-label=\"6 of 6\"><a data-elementor-open-lightbox=\"yes\" data-elementor-lightbox-slideshow=\"60c337cb\" data-elementor-lightbox-title=\"IMG_2315-scaled\" data-elementor-lightbox-description=\"EFHL NEW HANGAR UNDER CONSTRUCTION. PHOTOGRAPHED: 10 SEPTEMBER 2022. PHOTOGRAPHER: VEIKKO KARASVIRTA\" data-e-action-hash=\"#elementor-action%3Aaction%3Dlightbox%26settings%3DeyJpZCI6MzUyNDYsInVybCI6Imh0dHBzOlwvXC9sZW50b3BhaWthdC5maVwvd3AtY29udGVudFwvdXBsb2Fkc1wvSU1HXzIzMTUtc2NhbGVkLmpwZyIsInNsaWRlc2hvdyI6IjYwYzMzN2NiIn0%3D\" href=\"https:\/\/lentopaikat.fi\/wp-content\/uploads\/IMG_2315-scaled.jpg\"><figure class=\"swiper-slide-inner\"><img decoding=\"async\" class=\"swiper-slide-image\" src=\"https:\/\/lentopaikat.fi\/wp-content\/uploads\/IMG_2315-scaled-1024x768.jpg\" alt=\"EFHL NEW HANGAR UNDER CONSTRUCTION. PHOTOGRAPHED: 10 SEPTEMBER 2022. PHOTOGRAPHER: VEIKKO KARASVIRTA\" \/><figcaption class=\"elementor-image-carousel-caption\">EFHL NEW HANGAR UNDER CONSTRUCTION. PHOTOGRAPHED: 10 SEPTEMBER 2022. PHOTOGRAPHER: VEIKKO KARASVIRTA<\/figcaption><\/figure><\/a><\/div>\t\t\t<\/div>\n\t\t\t\t\t\t\t\t\t\t\t\t<div class=\"elementor-swiper-button elementor-swiper-button-prev\" role=\"button\" tabindex=\"0\">\n\t\t\t\t\t\t<i aria-hidden=\"true\" class=\"eicon-chevron-left\"><\/i>\t\t\t\t\t<\/div>\n\t\t\t\t\t<div class=\"elementor-swiper-button elementor-swiper-button-next\" role=\"button\" tabindex=\"0\">\n\t\t\t\t\t\t<i aria-hidden=\"true\" class=\"eicon-chevron-right\"><\/i>\t\t\t\t\t<\/div>\n\t\t\t\t\n\t\t\t\t\t\t\t\t\t<\/div>\n\t\t\t\t\t\t<\/div>\n\t\t\t\t<\/div>\n\t\t\t\t\t<\/div>\n\t\t\t\t<\/div>\n\t\t\t\t\t<\/div>\n\t\t<\/div>\n\t\t\t\t\t<\/div>\n\t\t<\/section>\n\t\t\t\t\t<\/div>\n\t\t<\/div>\n\t\t\t\t\t<\/div>\n\t\t<\/section>\n\t\t\t\t<\/div>\n\t\t","protected":false},"excerpt":{"rendered":"<p>Hailuoto &#8211; EFHL Note! Local flight operations on the field!.Planes arriving on the field: no long finals! 1. Sunset and sunrise and the SERA definition of night 2. General information: A field located west of Oulu, on the island of Hailuoto. The field is located in P\u00f6ll\u00e4, about 6 km from the church village of [&hellip;]<\/p>\n","protected":false},"author":1,"featured_media":0,"parent":0,"menu_order":0,"comment_status":"closed","ping_status":"closed","template":"","meta":{"inline_featured_image":false,"_lmt_disableupdate":"","_lmt_disable":"","footnotes":""},"class_list":["post-35851","page","type-page","status-publish","hentry"],"_links":{"self":[{"href":"https:\/\/lentopaikat.fi\/en\/wp-json\/wp\/v2\/pages\/35851","targetHints":{"allow":["GET"]}}],"collection":[{"href":"https:\/\/lentopaikat.fi\/en\/wp-json\/wp\/v2\/pages"}],"about":[{"href":"https:\/\/lentopaikat.fi\/en\/wp-json\/wp\/v2\/types\/page"}],"author":[{"embeddable":true,"href":"https:\/\/lentopaikat.fi\/en\/wp-json\/wp\/v2\/users\/1"}],"replies":[{"embeddable":true,"href":"https:\/\/lentopaikat.fi\/en\/wp-json\/wp\/v2\/comments?post=35851"}],"version-history":[{"count":0,"href":"https:\/\/lentopaikat.fi\/en\/wp-json\/wp\/v2\/pages\/35851\/revisions"}],"wp:attachment":[{"href":"https:\/\/lentopaikat.fi\/en\/wp-json\/wp\/v2\/media?parent=35851"}],"curies":[{"name":"wp","href":"https:\/\/api.w.org\/{rel}","templated":true}]}}