{"id":35839,"date":"2022-11-17T15:28:12","date_gmt":"2022-11-17T13:28:12","guid":{"rendered":"https:\/\/lentopaikat.fi\/haapavesi-efhp\/"},"modified":"2026-04-22T20:07:41","modified_gmt":"2026-04-22T18:07:41","slug":"haapavesi-efhp","status":"publish","type":"page","link":"https:\/\/lentopaikat.fi\/en\/haapavesi-efhp\/","title":{"rendered":"Haapavesi &#8211; EFHP"},"content":{"rendered":"\t\t<div data-elementor-type=\"wp-page\" data-elementor-id=\"35839\" class=\"elementor elementor-35839 elementor-35829\" data-elementor-post-type=\"page\">\n\t\t\t\t\t\t<section class=\"elementor-section elementor-top-section elementor-element elementor-element-140d204a elementor-section-height-min-height elementor-section-full_width elementor-section-height-default elementor-section-items-middle\" data-id=\"140d204a\" data-element_type=\"section\" data-e-type=\"section\" data-settings=\"{&quot;background_background&quot;:&quot;classic&quot;}\">\n\t\t\t\t\t\t\t<div class=\"elementor-background-overlay\"><\/div>\n\t\t\t\t\t\t\t<div class=\"elementor-container elementor-column-gap-default\">\n\t\t\t\t\t<div class=\"elementor-column elementor-col-50 elementor-top-column elementor-element elementor-element-652ee9bc\" data-id=\"652ee9bc\" data-element_type=\"column\" data-e-type=\"column\">\n\t\t\t<div class=\"elementor-widget-wrap elementor-element-populated\">\n\t\t\t\t\t\t<div class=\"elementor-element elementor-element-30c2c655 elementor-widget elementor-widget-heading\" data-id=\"30c2c655\" data-element_type=\"widget\" data-e-type=\"widget\" data-widget_type=\"heading.default\">\n\t\t\t\t<div class=\"elementor-widget-container\">\n\t\t\t\t\t<h2 class=\"elementor-heading-title elementor-size-default\">Haapavesi - EFHP<\/h2>\t\t\t\t<\/div>\n\t\t\t\t<\/div>\n\t\t\t\t\t<\/div>\n\t\t<\/div>\n\t\t\t\t<div class=\"elementor-column elementor-col-50 elementor-top-column elementor-element elementor-element-15e91cd6\" data-id=\"15e91cd6\" data-element_type=\"column\" data-e-type=\"column\">\n\t\t\t<div class=\"elementor-widget-wrap\">\n\t\t\t\t\t\t\t<\/div>\n\t\t<\/div>\n\t\t\t\t\t<\/div>\n\t\t<\/section>\n\t\t\t\t<section class=\"elementor-section elementor-top-section elementor-element elementor-element-433b8c8e elementor-section-full_width elementor-section-height-default elementor-section-height-default\" data-id=\"433b8c8e\" data-element_type=\"section\" data-e-type=\"section\">\n\t\t\t\t\t\t<div class=\"elementor-container elementor-column-gap-default\">\n\t\t\t\t\t<div class=\"elementor-column elementor-col-100 elementor-top-column elementor-element elementor-element-594e2251\" data-id=\"594e2251\" data-element_type=\"column\" data-e-type=\"column\">\n\t\t\t<div class=\"elementor-widget-wrap elementor-element-populated\">\n\t\t\t\t\t\t<section class=\"elementor-section elementor-inner-section elementor-element elementor-element-56723807 elementor-section-full_width elementor-section-height-default elementor-section-height-default\" data-id=\"56723807\" data-element_type=\"section\" data-e-type=\"section\">\n\t\t\t\t\t\t<div class=\"elementor-container elementor-column-gap-wide\">\n\t\t\t\t\t<div class=\"elementor-column elementor-col-50 elementor-inner-column elementor-element elementor-element-7e64484a\" data-id=\"7e64484a\" data-element_type=\"column\" data-e-type=\"column\">\n\t\t\t<div class=\"elementor-widget-wrap elementor-element-populated\">\n\t\t\t\t<!-- dce invisible element 47c96709 -->\t\t<div class=\"elementor-element elementor-element-3993db5f elementor-widget elementor-widget-heading\" data-id=\"3993db5f\" data-element_type=\"widget\" data-e-type=\"widget\" data-widget_type=\"heading.default\">\n\t\t\t\t<div class=\"elementor-widget-container\">\n\t\t\t\t\t<h5 class=\"elementor-heading-title elementor-size-default\">1. Sunset and sunrise and the SERA definition of night<\/h5>\t\t\t\t<\/div>\n\t\t\t\t<\/div>\n\t\t\t\t<div class=\"elementor-element elementor-element-24b69889 elementor-widget elementor-widget-shortcode\" data-id=\"24b69889\" data-element_type=\"widget\" data-e-type=\"widget\" data-widget_type=\"shortcode.default\">\n\t\t\t\t<div class=\"elementor-widget-container\">\n\t\t\t\t\t\t\t<div class=\"elementor-shortcode\"><table><tbody><tr><td>Finnish time today, 23.04.2026<\/br><b> - Night ends: 04:19<\/br> - Sunrise: 05:20<\/br> - Sunset: 21:15<\/br> - Night begins: 22:15<\/br><\/b><\/td>\r\n<td> Times tomorrow <\/br><b> - Night ends tomorrow: 04:15<\/br> - Sunrise tomorrow: 05:16<\/br> - sunset tomorrow: 21:18<\/br> - Night begins tomorrow: 22:19<\/b><\/td><\/tr><\/tbody><\/table><\/div>\n\t\t\t\t\t\t<\/div>\n\t\t\t\t<\/div>\n\t\t\t\t<div class=\"elementor-element elementor-element-6675d0ee elementor-widget elementor-widget-heading\" data-id=\"6675d0ee\" data-element_type=\"widget\" data-e-type=\"widget\" data-widget_type=\"heading.default\">\n\t\t\t\t<div class=\"elementor-widget-container\">\n\t\t\t\t\t<h5 class=\"elementor-heading-title elementor-size-default\">2. General information:<\/h5>\t\t\t\t<\/div>\n\t\t\t\t<\/div>\n\t\t\t\t<div class=\"elementor-element elementor-element-71f932a5 elementor-widget elementor-widget-text-editor\" data-id=\"71f932a5\" data-element_type=\"widget\" data-e-type=\"widget\" data-widget_type=\"text-editor.default\">\n\t\t\t\t<div class=\"elementor-widget-container\">\n\t\t\t\t\t\t\t\t\t<p>An airfield in Kyt\u00f6l\u00e4 east of Haapavesi town, with active ultralight flying. Glider pilots of Raahen Ilmailijat Flying Club also use the field in the summer. Raahen Ilmailijat provide glider schooling during such periods. There are no services on the field.<\/p>\n\t\t\t\t\t\t\t\t<\/div>\n\t\t\t\t<\/div>\n\t\t\t\t<div class=\"elementor-element elementor-element-486594d7 elementor-widget elementor-widget-heading\" data-id=\"486594d7\" data-element_type=\"widget\" data-e-type=\"widget\" data-widget_type=\"heading.default\">\n\t\t\t\t<div class=\"elementor-widget-container\">\n\t\t\t\t\t<h5 class=\"elementor-heading-title elementor-size-default\">3.  Price Information:<\/h5>\t\t\t\t<\/div>\n\t\t\t\t<\/div>\n\t\t\t\t<div class=\"elementor-element elementor-element-48b838de elementor-widget elementor-widget-text-editor\" data-id=\"48b838de\" data-element_type=\"widget\" data-e-type=\"widget\" data-widget_type=\"text-editor.default\">\n\t\t\t\t<div class=\"elementor-widget-container\">\n\t\t\t\t\t\t\t\t\t<p>NIL<\/p>\n\t\t\t\t\t\t\t\t<\/div>\n\t\t\t\t<\/div>\n\t\t\t\t<div class=\"elementor-element elementor-element-2debe0cc elementor-widget elementor-widget-heading\" data-id=\"2debe0cc\" data-element_type=\"widget\" data-e-type=\"widget\" data-widget_type=\"heading.default\">\n\t\t\t\t<div class=\"elementor-widget-container\">\n\t\t\t\t\t<h5 class=\"elementor-heading-title elementor-size-default\">4. The Airport:<\/h5>\t\t\t\t<\/div>\n\t\t\t\t<\/div>\n\t\t\t\t<div class=\"elementor-element elementor-element-5e945b09 elementor-widget elementor-widget-text-editor\" data-id=\"5e945b09\" data-element_type=\"widget\" data-e-type=\"widget\" data-widget_type=\"text-editor.default\">\n\t\t\t\t<div class=\"elementor-widget-container\">\n\t\t\t\t\t\t\t\t\t<p>The airfield received a new surface in 2025 and is in excellent condition. The edge areas are still being improved.<br data-start=\"140\" data-end=\"143\" \/>The official opening of the renewed airfield and an aviation event will take place on the 17 May 2026.<\/p>\n\t\t\t\t\t\t\t\t<\/div>\n\t\t\t\t<\/div>\n\t\t\t\t<div class=\"elementor-element elementor-element-1eb84e33 elementor-widget elementor-widget-heading\" data-id=\"1eb84e33\" data-element_type=\"widget\" data-e-type=\"widget\" data-widget_type=\"heading.default\">\n\t\t\t\t<div class=\"elementor-widget-container\">\n\t\t\t\t\t<h5 class=\"elementor-heading-title elementor-size-default\">5. Basic data:<\/h5>\t\t\t\t<\/div>\n\t\t\t\t<\/div>\n\t\t\t\t<div class=\"elementor-element elementor-element-7b121a23 elementor-widget elementor-widget-text-editor\" data-id=\"7b121a23\" data-element_type=\"widget\" data-e-type=\"widget\" data-widget_type=\"text-editor.default\">\n\t\t\t\t<div class=\"elementor-widget-container\">\n\t\t\t\t\t\t\t\t\t<p><strong>Coordinates:<\/strong> 640645N 0253015E<br \/><strong>Runway:<\/strong> 12\/30 \u2013 780 x 12 m \u2013 Asphalt<br \/><strong>Radio frequency:<\/strong> 123,550<br \/><strong>Airport elevation<\/strong>: 96 m (315 ft)<br \/><strong>Fuel availablility:<\/strong> NIL<br \/><strong>Note!<\/strong> No winter maintenance<br \/><strong>Announcements:<\/strong>\u00a0<a class=\"popup\" href=\"https:\/\/lentopaikat.fi\/notam\/notam.php?a=EFHP\" data-width=\"500\" data-height=\"600\" data-scrollbars=\"1\">NOTAM<\/a><\/p>\n\t\t\t\t\t\t\t\t<\/div>\n\t\t\t\t<\/div>\n\t\t\t\t<div class=\"elementor-element elementor-element-4cde4d83 elementor-widget elementor-widget-heading\" data-id=\"4cde4d83\" data-element_type=\"widget\" data-e-type=\"widget\" data-widget_type=\"heading.default\">\n\t\t\t\t<div class=\"elementor-widget-container\">\n\t\t\t\t\t<h5 class=\"elementor-heading-title elementor-size-default\"> 6. Sight seeing and services<\/h5>\t\t\t\t<\/div>\n\t\t\t\t<\/div>\n\t\t\t\t<div class=\"elementor-element elementor-element-1bfe354b elementor-widget elementor-widget-text-editor\" data-id=\"1bfe354b\" data-element_type=\"widget\" data-e-type=\"widget\" data-widget_type=\"text-editor.default\">\n\t\t\t\t<div class=\"elementor-widget-container\">\n\t\t\t\t\t\t\t\t\t<p>Comprehensive services in Haapavesi centre: restaurants, hotel, shops, post office, pharmacy, service stations, sport sites etc. A good camping site in Kyl\u00e4saari at the centre of town comprising a sauna etc. Near to Haapavesi a farming establishment for visitors and two wineries, one in Kyt\u00f6l\u00e4 in the neighborhood of the airfield. Worth visiting e.g. the really modern Haapavesi church, museums, the Ruustinnanhovi\/Nora institute, which also provides accommodation, Phone (08) 4592 111, Ainali lake bird sanctuary, an Orthodox chapel and much more. The Pyh\u00e4joki river flows through Haapavesi, and around Haapavesi there are many lakes, pleasant to view both from the air and the ground. The Piispanneva turf production area is also interesting to visit. In the summer Haapavesi hosts the Haapavesi Folk Music Festival, offering musical entertainment for many tastes. Haapavesi is additionally known for many cultural happenings throughout the year.<\/p>\n\t\t\t\t\t\t\t\t<\/div>\n\t\t\t\t<\/div>\n\t\t\t\t<div class=\"elementor-element elementor-element-259aa9fc elementor-widget elementor-widget-heading\" data-id=\"259aa9fc\" data-element_type=\"widget\" data-e-type=\"widget\" data-widget_type=\"heading.default\">\n\t\t\t\t<div class=\"elementor-widget-container\">\n\t\t\t\t\t<h5 class=\"elementor-heading-title elementor-size-default\">7. Contact information:<\/h5>\t\t\t\t<\/div>\n\t\t\t\t<\/div>\n\t\t\t\t<div class=\"elementor-element elementor-element-78c22334 elementor-widget elementor-widget-text-editor\" data-id=\"78c22334\" data-element_type=\"widget\" data-e-type=\"widget\" data-widget_type=\"text-editor.default\">\n\t\t\t\t<div class=\"elementor-widget-container\">\n\t\t\t\t\t\t\t\t\t<p>Airfield Chief: Tapio M\u00e4kinen +358 44 5175700<br \/>Pyh\u00e4jokiarea Flying Club Chairman: Ari M\u00e4enp\u00e4\u00e4 +358 44 5175700<br \/>Taxi: +358 100 85566.<\/p>\n\t\t\t\t\t\t\t\t<\/div>\n\t\t\t\t<\/div>\n\t\t\t\t<div class=\"elementor-element elementor-element-6fd5a3a2 elementor-widget elementor-widget-heading\" data-id=\"6fd5a3a2\" data-element_type=\"widget\" data-e-type=\"widget\" data-widget_type=\"heading.default\">\n\t\t\t\t<div class=\"elementor-widget-container\">\n\t\t\t\t\t<h5 class=\"elementor-heading-title elementor-size-default\">8.  Links:<\/h5>\t\t\t\t<\/div>\n\t\t\t\t<\/div>\n\t\t\t\t<div class=\"elementor-element elementor-element-3868473f elementor-widget elementor-widget-text-editor\" data-id=\"3868473f\" data-element_type=\"widget\" data-e-type=\"widget\" data-widget_type=\"text-editor.default\">\n\t\t\t\t<div class=\"elementor-widget-container\">\n\t\t\t\t\t\t\t\t\t<ul>\n<li><a href=\"http:\/\/www.haapavesi.fi\/\" target=\"_blank\" rel=\"noopener noreferrer\">Haapavesi Town<\/a><\/li>\n<li><a href=\"http:\/\/www.haapavesi.fi\/kylpylasaari\" target=\"_blank\" rel=\"noopener noreferrer\">Kylpyl\u00e4saari camping site<\/a><\/li>\n<li><a href=\"http:\/\/www.haapavesifolk.com\/\" target=\"_blank\" rel=\"noopener noreferrer\">Haapavesifolk<\/a><\/li>\n<\/ul>\n\t\t\t\t\t\t\t\t<\/div>\n\t\t\t\t<\/div>\n\t\t\t\t<div class=\"elementor-element elementor-element-1bf6ce46 elementor-widget elementor-widget-heading\" data-id=\"1bf6ce46\" data-element_type=\"widget\" data-e-type=\"widget\" data-widget_type=\"heading.default\">\n\t\t\t\t<div class=\"elementor-widget-container\">\n\t\t\t\t\t<h5 class=\"elementor-heading-title elementor-size-default\">9. Map<\/h5>\t\t\t\t<\/div>\n\t\t\t\t<\/div>\n\t\t\t\t<div class=\"elementor-element elementor-element-52cbfab6 elementor-widget elementor-widget-google_maps\" data-id=\"52cbfab6\" data-element_type=\"widget\" data-e-type=\"widget\" data-widget_type=\"google_maps.default\">\n\t\t\t\t<div class=\"elementor-widget-container\">\n\t\t\t\t\t\t\t<div class=\"elementor-custom-embed\">\n\t\t\t<iframe loading=\"lazy\"\n\t\t\t\t\tsrc=\"https:\/\/www.google.com\/maps\/embed\/v1\/place?key=AIzaSyC1j1iK8FQx51JcFwNxcbaAudBg3BxuVow&#038;q=Haapaveden%20pienlentokentt%C3%A4&#038;zoom=13\"\n\t\t\t\t\ttitle=\"Haapaveden pienlentokentt\u00e4\"\n\t\t\t\t\taria-label=\"Haapaveden pienlentokentt\u00e4\"\n\t\t\t><\/iframe>\n\t\t<\/div>\n\t\t\t\t\t\t<\/div>\n\t\t\t\t<\/div>\n\t\t\t\t\t<\/div>\n\t\t<\/div>\n\t\t\t\t<div class=\"elementor-column elementor-col-50 elementor-inner-column elementor-element elementor-element-7b55e3c3\" data-id=\"7b55e3c3\" data-element_type=\"column\" data-e-type=\"column\">\n\t\t\t<div class=\"elementor-widget-wrap elementor-element-populated\">\n\t\t\t\t\t\t<div class=\"elementor-element elementor-element-18904b42 elementor-widget elementor-widget-image\" data-id=\"18904b42\" data-element_type=\"widget\" data-e-type=\"widget\" data-widget_type=\"image.default\">\n\t\t\t\t<div class=\"elementor-widget-container\">\n\t\t\t\t\t\t\t\t\t\t\t\t<figure class=\"wp-caption\">\n\t\t\t\t\t\t\t\t\t\t\t<a href=\"https:\/\/lentopaikat.fi\/wp-content\/uploads\/efhp.gif\" data-elementor-open-lightbox=\"yes\" data-elementor-lightbox-title=\"efhp\" data-e-action-hash=\"#elementor-action%3Aaction%3Dlightbox%26settings%3DeyJpZCI6MzQ3MjAsInVybCI6Imh0dHBzOlwvXC9sZW50b3BhaWthdC5maVwvd3AtY29udGVudFwvdXBsb2Fkc1wvZWZocC5naWYifQ%3D%3D\">\n\t\t\t\t\t\t\t<img fetchpriority=\"high\" decoding=\"async\" width=\"200\" height=\"352\" src=\"https:\/\/lentopaikat.fi\/wp-content\/uploads\/efhp.gif\" class=\"attachment-large size-large wp-image-34720\" alt=\"\" \/>\t\t\t\t\t\t\t\t<\/a>\n\t\t\t\t\t\t\t\t\t\t\t<figcaption class=\"widget-image-caption wp-caption-text\"><\/figcaption>\n\t\t\t\t\t\t\t\t\t\t<\/figure>\n\t\t\t\t\t\t\t\t\t<\/div>\n\t\t\t\t<\/div>\n\t\t\t\t<div class=\"elementor-element elementor-element-5453d7ce elementor-widget elementor-widget-image\" data-id=\"5453d7ce\" data-element_type=\"widget\" data-e-type=\"widget\" data-widget_type=\"image.default\">\n\t\t\t\t<div class=\"elementor-widget-container\">\n\t\t\t\t\t\t\t\t\t\t\t\t<figure class=\"wp-caption\">\n\t\t\t\t\t\t\t\t\t\t\t<a href=\"https:\/\/lentopaikat.fi\/wp-content\/uploads\/EFHP_LDG.pdf\" target=\"_blank\">\n\t\t\t\t\t\t\t<img decoding=\"async\" src=\"https:\/\/lentopaikat.fi\/wp-content\/uploads\/EFHP_LDG.jpg\" title=\"\" alt=\"\" loading=\"lazy\" \/>\t\t\t\t\t\t\t\t<\/a>\n\t\t\t\t\t\t\t\t\t\t\t<figcaption class=\"widget-image-caption wp-caption-text\">LDG CHART, CLICK ON PICTURE TO OPEN PDF DOCUMENT<\/figcaption>\n\t\t\t\t\t\t\t\t\t\t<\/figure>\n\t\t\t\t\t\t\t\t\t<\/div>\n\t\t\t\t<\/div>\n\t\t<div class=\"elementor-element elementor-element-5cd890bc e-flex e-con-boxed e-con e-parent\" data-id=\"5cd890bc\" data-element_type=\"container\" data-e-type=\"container\">\n\t\t\t\t\t<div class=\"e-con-inner\">\n\t\t\t\t<div class=\"elementor-element elementor-element-505c868c elementor-arrows-position-inside elementor-widget elementor-widget-image-carousel\" data-id=\"505c868c\" data-element_type=\"widget\" data-e-type=\"widget\" data-settings=\"{&quot;slides_to_show&quot;:&quot;1&quot;,&quot;navigation&quot;:&quot;arrows&quot;,&quot;speed&quot;:900,&quot;autoplay&quot;:&quot;yes&quot;,&quot;pause_on_hover&quot;:&quot;yes&quot;,&quot;pause_on_interaction&quot;:&quot;yes&quot;,&quot;autoplay_speed&quot;:5000,&quot;infinite&quot;:&quot;yes&quot;,&quot;effect&quot;:&quot;slide&quot;}\" data-widget_type=\"image-carousel.default\">\n\t\t\t\t<div class=\"elementor-widget-container\">\n\t\t\t\t\t\t\t<div class=\"elementor-image-carousel-wrapper swiper\" role=\"region\" aria-roledescription=\"carousel\" aria-label=\"Image Carousel\" dir=\"ltr\">\n\t\t\t<div class=\"elementor-image-carousel swiper-wrapper swiper-image-stretch\" aria-live=\"off\">\n\t\t\t\t\t\t\t\t<div class=\"swiper-slide\" role=\"group\" aria-roledescription=\"slide\" aria-label=\"1 of 5\"><a data-elementor-open-lightbox=\"yes\" data-elementor-lightbox-slideshow=\"505c868c\" data-elementor-lightbox-title=\"efhp-1\" data-elementor-lightbox-description=\"Field seen from the west. At the threshold of runway 12, in the small hut next to the hangar, you could stay overnight for free on a sofa, without any amenities. Photographed: 20 Aug 2015. Photo: Veikko Karasvirta\" data-e-action-hash=\"#elementor-action%3Aaction%3Dlightbox%26settings%3DeyJpZCI6MzQ3MTgsInVybCI6Imh0dHBzOlwvXC9sZW50b3BhaWthdC5maVwvd3AtY29udGVudFwvdXBsb2Fkc1wvZWZocC0xLmpwZyIsInNsaWRlc2hvdyI6IjUwNWM4NjhjIn0%3D\" href=\"https:\/\/lentopaikat.fi\/wp-content\/uploads\/efhp-1.jpg\"><figure class=\"swiper-slide-inner\"><img decoding=\"async\" class=\"swiper-slide-image\" src=\"https:\/\/lentopaikat.fi\/wp-content\/uploads\/efhp-1-1024x768.jpg\" alt=\"Field seen from the west. At the threshold of runway 12, in the small hut next to the hangar, you could stay overnight for free on a sofa, without any amenities. Photographed: 20 Aug 2015. Photo: Veikko Karasvirta\" \/><figcaption class=\"elementor-image-carousel-caption\">Field seen from the west. At the threshold of runway 12, in the small hut next to the hangar, you could stay overnight for free on a sofa, without any amenities. Photographed: 20 Aug 2015. Photo: Veikko Karasvirta<\/figcaption><\/figure><\/a><\/div><div class=\"swiper-slide\" role=\"group\" aria-roledescription=\"slide\" aria-label=\"2 of 5\"><a data-elementor-open-lightbox=\"yes\" data-elementor-lightbox-slideshow=\"505c868c\" data-elementor-lightbox-title=\"efhp-pohjoinen\" data-elementor-lightbox-description=\"HAAPAVESI AIRFIELD SEEN FROM THE NORTH. PHOTOGRAPHED 20 AUG 2015. PHOTO: VIEKKO KARASVIRTA\" data-e-action-hash=\"#elementor-action%3Aaction%3Dlightbox%26settings%3DeyJpZCI6MzQ3MTksInVybCI6Imh0dHBzOlwvXC9sZW50b3BhaWthdC5maVwvd3AtY29udGVudFwvdXBsb2Fkc1wvZWZocC1wb2hqb2luZW4uanBnIiwic2xpZGVzaG93IjoiNTA1Yzg2OGMifQ%3D%3D\" href=\"https:\/\/lentopaikat.fi\/wp-content\/uploads\/efhp-pohjoinen.jpg\"><figure class=\"swiper-slide-inner\"><img decoding=\"async\" class=\"swiper-slide-image\" src=\"https:\/\/lentopaikat.fi\/wp-content\/uploads\/efhp-pohjoinen-1024x768.jpg\" alt=\"HAAPAVESI AIRFIELD SEEN FROM THE NORTH. PHOTOGRAPHED 20 AUG 2015. PHOTO: VIEKKO KARASVIRTA\" \/><figcaption class=\"elementor-image-carousel-caption\">HAAPAVESI AIRFIELD SEEN FROM THE NORTH. PHOTOGRAPHED 20 AUG 2015. PHOTO: VIEKKO KARASVIRTA<\/figcaption><\/figure><\/a><\/div><div class=\"swiper-slide\" role=\"group\" aria-roledescription=\"slide\" aria-label=\"3 of 5\"><a data-elementor-open-lightbox=\"yes\" data-elementor-lightbox-slideshow=\"505c868c\" data-elementor-lightbox-title=\"efhp_apron\" data-elementor-lightbox-description=\"APRON IN AUTUMN 2005. PHOTO MIKKO MALINIEMI. (CLICK TO ENLARGE)\" data-e-action-hash=\"#elementor-action%3Aaction%3Dlightbox%26settings%3DeyJpZCI6MzQ3MjIsInVybCI6Imh0dHBzOlwvXC9sZW50b3BhaWthdC5maVwvd3AtY29udGVudFwvdXBsb2Fkc1wvZWZocF9hcHJvbi5qcGciLCJzbGlkZXNob3ciOiI1MDVjODY4YyJ9\" href=\"https:\/\/lentopaikat.fi\/wp-content\/uploads\/efhp_apron.jpg\"><figure class=\"swiper-slide-inner\"><img decoding=\"async\" class=\"swiper-slide-image\" src=\"https:\/\/lentopaikat.fi\/wp-content\/uploads\/efhp_apron.jpg\" alt=\"APRON IN AUTUMN 2005. PHOTO MIKKO MALINIEMI. (CLICK TO ENLARGE)\" \/><figcaption class=\"elementor-image-carousel-caption\">APRON IN AUTUMN 2005. PHOTO MIKKO MALINIEMI. (CLICK TO ENLARGE)<\/figcaption><\/figure><\/a><\/div><div class=\"swiper-slide\" role=\"group\" aria-roledescription=\"slide\" aria-label=\"4 of 5\"><a data-elementor-open-lightbox=\"yes\" data-elementor-lightbox-slideshow=\"505c868c\" data-elementor-lightbox-title=\"efhp_rwy30\" data-elementor-lightbox-description=\"RUNWAY 30 APPROACH LINE IN AUTUMN 2005. PHOTO MIKKO MALINIEMI. (CLICK TO ENLARGE)\" data-e-action-hash=\"#elementor-action%3Aaction%3Dlightbox%26settings%3DeyJpZCI6MzQ3MjYsInVybCI6Imh0dHBzOlwvXC9sZW50b3BhaWthdC5maVwvd3AtY29udGVudFwvdXBsb2Fkc1wvZWZocF9yd3kzMC5qcGciLCJzbGlkZXNob3ciOiI1MDVjODY4YyJ9\" href=\"https:\/\/lentopaikat.fi\/wp-content\/uploads\/efhp_rwy30.jpg\"><figure class=\"swiper-slide-inner\"><img decoding=\"async\" class=\"swiper-slide-image\" src=\"https:\/\/lentopaikat.fi\/wp-content\/uploads\/efhp_rwy30.jpg\" alt=\"RUNWAY 30 APPROACH LINE IN AUTUMN 2005. PHOTO MIKKO MALINIEMI. (CLICK TO ENLARGE)\" \/><figcaption class=\"elementor-image-carousel-caption\">RUNWAY 30 APPROACH LINE IN AUTUMN 2005. PHOTO MIKKO MALINIEMI. (CLICK TO ENLARGE)<\/figcaption><\/figure><\/a><\/div><div class=\"swiper-slide\" role=\"group\" aria-roledescription=\"slide\" aria-label=\"5 of 5\"><a data-elementor-open-lightbox=\"yes\" data-elementor-lightbox-slideshow=\"505c868c\" data-elementor-lightbox-title=\"efhp_rwy12\" data-elementor-lightbox-description=\"AIRFIELD FROM THE DIRECTION OF RUNWAY 12 IN AUTUMN 2005. PHOTO MIKKO MALINIEMI. (CLICK TO ENLARGE)\" data-e-action-hash=\"#elementor-action%3Aaction%3Dlightbox%26settings%3DeyJpZCI6MzQ3MjUsInVybCI6Imh0dHBzOlwvXC9sZW50b3BhaWthdC5maVwvd3AtY29udGVudFwvdXBsb2Fkc1wvZWZocF9yd3kxMi5qcGciLCJzbGlkZXNob3ciOiI1MDVjODY4YyJ9\" href=\"https:\/\/lentopaikat.fi\/wp-content\/uploads\/efhp_rwy12.jpg\"><figure class=\"swiper-slide-inner\"><img decoding=\"async\" class=\"swiper-slide-image\" src=\"https:\/\/lentopaikat.fi\/wp-content\/uploads\/efhp_rwy12.jpg\" alt=\"AIRFIELD FROM THE DIRECTION OF RUNWAY 12 IN AUTUMN 2005. PHOTO MIKKO MALINIEMI. (CLICK TO ENLARGE)\" \/><figcaption class=\"elementor-image-carousel-caption\">AIRFIELD FROM THE DIRECTION OF RUNWAY 12 IN AUTUMN 2005. PHOTO MIKKO MALINIEMI. (CLICK TO ENLARGE)<\/figcaption><\/figure><\/a><\/div>\t\t\t<\/div>\n\t\t\t\t\t\t\t\t\t\t\t\t<div class=\"elementor-swiper-button elementor-swiper-button-prev\" role=\"button\" tabindex=\"0\">\n\t\t\t\t\t\t<i aria-hidden=\"true\" class=\"eicon-chevron-left\"><\/i>\t\t\t\t\t<\/div>\n\t\t\t\t\t<div class=\"elementor-swiper-button elementor-swiper-button-next\" role=\"button\" tabindex=\"0\">\n\t\t\t\t\t\t<i aria-hidden=\"true\" class=\"eicon-chevron-right\"><\/i>\t\t\t\t\t<\/div>\n\t\t\t\t\n\t\t\t\t\t\t\t\t\t<\/div>\n\t\t\t\t\t\t<\/div>\n\t\t\t\t<\/div>\n\t\t\t\t\t<\/div>\n\t\t\t\t<\/div>\n\t\t\t\t\t<\/div>\n\t\t<\/div>\n\t\t\t\t\t<\/div>\n\t\t<\/section>\n\t\t\t\t\t<\/div>\n\t\t<\/div>\n\t\t\t\t\t<\/div>\n\t\t<\/section>\n\t\t\t\t<\/div>\n\t\t","protected":false},"excerpt":{"rendered":"<p>Haapavesi &#8211; EFHP Warning! No warnings 1. Sunset and sunrise and the SERA definition of night 2. General information: An airfield in Kyt\u00f6l\u00e4 east of Haapavesi town, with active ultralight flying. Glider pilots of Raahen Ilmailijat Flying Club also use the field in the summer. Raahen Ilmailijat provide glider schooling during such periods. There are [&hellip;]<\/p>\n","protected":false},"author":1,"featured_media":0,"parent":0,"menu_order":0,"comment_status":"closed","ping_status":"closed","template":"","meta":{"inline_featured_image":false,"_lmt_disableupdate":"","_lmt_disable":"","footnotes":""},"class_list":["post-35839","page","type-page","status-publish","hentry"],"_links":{"self":[{"href":"https:\/\/lentopaikat.fi\/en\/wp-json\/wp\/v2\/pages\/35839","targetHints":{"allow":["GET"]}}],"collection":[{"href":"https:\/\/lentopaikat.fi\/en\/wp-json\/wp\/v2\/pages"}],"about":[{"href":"https:\/\/lentopaikat.fi\/en\/wp-json\/wp\/v2\/types\/page"}],"author":[{"embeddable":true,"href":"https:\/\/lentopaikat.fi\/en\/wp-json\/wp\/v2\/users\/1"}],"replies":[{"embeddable":true,"href":"https:\/\/lentopaikat.fi\/en\/wp-json\/wp\/v2\/comments?post=35839"}],"version-history":[{"count":2,"href":"https:\/\/lentopaikat.fi\/en\/wp-json\/wp\/v2\/pages\/35839\/revisions"}],"predecessor-version":[{"id":39955,"href":"https:\/\/lentopaikat.fi\/en\/wp-json\/wp\/v2\/pages\/35839\/revisions\/39955"}],"wp:attachment":[{"href":"https:\/\/lentopaikat.fi\/en\/wp-json\/wp\/v2\/media?parent=35839"}],"curies":[{"name":"wp","href":"https:\/\/api.w.org\/{rel}","templated":true}]}}