{"id":35810,"date":"2022-11-17T14:56:19","date_gmt":"2022-11-17T12:56:19","guid":{"rendered":"https:\/\/lentopaikat.fi\/forssa-effo\/"},"modified":"2022-11-17T15:19:34","modified_gmt":"2022-11-17T13:19:34","slug":"forssa-effo","status":"publish","type":"page","link":"https:\/\/lentopaikat.fi\/en\/forssa-effo\/","title":{"rendered":"Forssa &#8211; EFFO"},"content":{"rendered":"\t\t<div data-elementor-type=\"wp-page\" data-elementor-id=\"35810\" class=\"elementor elementor-35810 elementor-35801\" data-elementor-post-type=\"page\">\n\t\t\t\t\t\t<section class=\"elementor-section elementor-top-section elementor-element elementor-element-3c73e92d elementor-section-height-min-height elementor-section-full_width elementor-section-height-default elementor-section-items-middle\" data-id=\"3c73e92d\" data-element_type=\"section\" data-e-type=\"section\" data-settings=\"{&quot;background_background&quot;:&quot;classic&quot;}\">\n\t\t\t\t\t\t\t<div class=\"elementor-background-overlay\"><\/div>\n\t\t\t\t\t\t\t<div class=\"elementor-container elementor-column-gap-default\">\n\t\t\t\t\t<div class=\"elementor-column elementor-col-50 elementor-top-column elementor-element elementor-element-2fe793c6\" data-id=\"2fe793c6\" data-element_type=\"column\" data-e-type=\"column\">\n\t\t\t<div class=\"elementor-widget-wrap elementor-element-populated\">\n\t\t\t\t\t\t<div class=\"elementor-element elementor-element-4f69973d elementor-widget elementor-widget-heading\" data-id=\"4f69973d\" data-element_type=\"widget\" data-e-type=\"widget\" data-widget_type=\"heading.default\">\n\t\t\t\t<div class=\"elementor-widget-container\">\n\t\t\t\t\t<h2 class=\"elementor-heading-title elementor-size-default\">Forssa - EFFO<\/h2>\t\t\t\t<\/div>\n\t\t\t\t<\/div>\n\t\t\t\t\t<\/div>\n\t\t<\/div>\n\t\t\t\t<div class=\"elementor-column elementor-col-50 elementor-top-column elementor-element elementor-element-1802e10f\" data-id=\"1802e10f\" data-element_type=\"column\" data-e-type=\"column\">\n\t\t\t<div class=\"elementor-widget-wrap\">\n\t\t\t\t\t\t\t<\/div>\n\t\t<\/div>\n\t\t\t\t\t<\/div>\n\t\t<\/section>\n\t\t\t\t<section class=\"elementor-section elementor-top-section elementor-element elementor-element-2c0853a9 elementor-section-full_width elementor-section-height-default elementor-section-height-default\" data-id=\"2c0853a9\" data-element_type=\"section\" data-e-type=\"section\">\n\t\t\t\t\t\t<div class=\"elementor-container elementor-column-gap-default\">\n\t\t\t\t\t<div class=\"elementor-column elementor-col-100 elementor-top-column elementor-element elementor-element-53a912bb\" data-id=\"53a912bb\" data-element_type=\"column\" data-e-type=\"column\">\n\t\t\t<div class=\"elementor-widget-wrap elementor-element-populated\">\n\t\t\t\t\t\t<section class=\"elementor-section elementor-inner-section elementor-element elementor-element-73dbdb9b elementor-section-full_width elementor-section-height-default elementor-section-height-default\" data-id=\"73dbdb9b\" data-element_type=\"section\" data-e-type=\"section\">\n\t\t\t\t\t\t<div class=\"elementor-container elementor-column-gap-wide\">\n\t\t\t\t\t<div class=\"elementor-column elementor-col-50 elementor-inner-column elementor-element elementor-element-53b3f723\" data-id=\"53b3f723\" data-element_type=\"column\" data-e-type=\"column\">\n\t\t\t<div class=\"elementor-widget-wrap elementor-element-populated\">\n\t\t\t\t<!-- dce invisible element 3b93dc0 -->\t\t<div class=\"elementor-element elementor-element-28091c8c elementor-widget elementor-widget-heading\" data-id=\"28091c8c\" data-element_type=\"widget\" data-e-type=\"widget\" data-widget_type=\"heading.default\">\n\t\t\t\t<div class=\"elementor-widget-container\">\n\t\t\t\t\t<h5 class=\"elementor-heading-title elementor-size-default\">1. Sunset and sunrise and the SERA definition of night<\/h5>\t\t\t\t<\/div>\n\t\t\t\t<\/div>\n\t\t\t\t<div class=\"elementor-element elementor-element-106fa4c8 elementor-widget elementor-widget-shortcode\" data-id=\"106fa4c8\" data-element_type=\"widget\" data-e-type=\"widget\" data-widget_type=\"shortcode.default\">\n\t\t\t\t<div class=\"elementor-widget-container\">\n\t\t\t\t\t\t\t<div class=\"elementor-shortcode\"><table><tbody><tr><td>Finnish time today, 23.04.2026<\/br><b> - Night ends: 04:55<\/br> - Sunrise: 05:45<\/br> - Sunset: 21:05<\/br> - Night begins: 21:55<\/br><\/b><\/td>\r\n<td> Times tomorrow <\/br><b> - Night ends tomorrow: 04:51<\/br> - Sunrise tomorrow: 05:42<\/br> - sunset tomorrow: 21:08<\/br> - Night begins tomorrow: 21:58<\/b><\/td><\/tr><\/tbody><\/table><\/div>\n\t\t\t\t\t\t<\/div>\n\t\t\t\t<\/div>\n\t\t\t\t<div class=\"elementor-element elementor-element-1db13a20 elementor-widget elementor-widget-heading\" data-id=\"1db13a20\" data-element_type=\"widget\" data-e-type=\"widget\" data-widget_type=\"heading.default\">\n\t\t\t\t<div class=\"elementor-widget-container\">\n\t\t\t\t\t<h5 class=\"elementor-heading-title elementor-size-default\">2. General information:<\/h5>\t\t\t\t<\/div>\n\t\t\t\t<\/div>\n\t\t\t\t<div class=\"elementor-element elementor-element-4dc29433 elementor-widget elementor-widget-text-editor\" data-id=\"4dc29433\" data-element_type=\"widget\" data-e-type=\"widget\" data-widget_type=\"text-editor.default\">\n\t\t\t\t<div class=\"elementor-widget-container\">\n\t\t\t\t\t\t\t\t\t<p>Airfield located on the outskirts of the city of Forssa.<br \/>\nThe members of the local club, FSIY (<a href=\"http:\/\/www.fsiy.fi\/\">http:\/\/www.fsiy.fi\/<\/a>), often have RC aircraft activity at the airfield, so approaching aircraft must always circle around the field before landing to make sure the runway is clear. RC pilots are always listening to the airfield frequency.<\/p>\n\t\t\t\t\t\t\t\t<\/div>\n\t\t\t\t<\/div>\n\t\t\t\t<div class=\"elementor-element elementor-element-291946b elementor-widget elementor-widget-heading\" data-id=\"291946b\" data-element_type=\"widget\" data-e-type=\"widget\" data-widget_type=\"heading.default\">\n\t\t\t\t<div class=\"elementor-widget-container\">\n\t\t\t\t\t<h5 class=\"elementor-heading-title elementor-size-default\">3.  Price Information:<\/h5>\t\t\t\t<\/div>\n\t\t\t\t<\/div>\n\t\t\t\t<div class=\"elementor-element elementor-element-3cb9a12c elementor-widget elementor-widget-text-editor\" data-id=\"3cb9a12c\" data-element_type=\"widget\" data-e-type=\"widget\" data-widget_type=\"text-editor.default\">\n\t\t\t\t<div class=\"elementor-widget-container\">\n\t\t\t\t\t\t\t\t\t<p>NIL<\/p>\n\t\t\t\t\t\t\t\t<\/div>\n\t\t\t\t<\/div>\n\t\t\t\t<div class=\"elementor-element elementor-element-18abc2a7 elementor-widget elementor-widget-heading\" data-id=\"18abc2a7\" data-element_type=\"widget\" data-e-type=\"widget\" data-widget_type=\"heading.default\">\n\t\t\t\t<div class=\"elementor-widget-container\">\n\t\t\t\t\t<h5 class=\"elementor-heading-title elementor-size-default\">4. The Airport:<\/h5>\t\t\t\t<\/div>\n\t\t\t\t<\/div>\n\t\t\t\t<div class=\"elementor-element elementor-element-6a5461a7 elementor-widget elementor-widget-text-editor\" data-id=\"6a5461a7\" data-element_type=\"widget\" data-e-type=\"widget\" data-widget_type=\"text-editor.default\">\n\t\t\t\t<div class=\"elementor-widget-container\">\n\t\t\t\t\t\t\t\t\t<p>Runway in good condition. Ground around the asphalt is soft. Open ditches on both sides of the runway, 20 meters from runway centerline.<\/p>\n\t\t\t\t\t\t\t\t<\/div>\n\t\t\t\t<\/div>\n\t\t\t\t<div class=\"elementor-element elementor-element-2d351348 elementor-widget elementor-widget-heading\" data-id=\"2d351348\" data-element_type=\"widget\" data-e-type=\"widget\" data-widget_type=\"heading.default\">\n\t\t\t\t<div class=\"elementor-widget-container\">\n\t\t\t\t\t<h5 class=\"elementor-heading-title elementor-size-default\">5. Basic data:<\/h5>\t\t\t\t<\/div>\n\t\t\t\t<\/div>\n\t\t\t\t<div class=\"elementor-element elementor-element-3f096ef9 elementor-widget elementor-widget-text-editor\" data-id=\"3f096ef9\" data-element_type=\"widget\" data-e-type=\"widget\" data-widget_type=\"text-editor.default\">\n\t\t\t\t<div class=\"elementor-widget-container\">\n\t\t\t\t\t\t\t\t\t<p><strong>Coordinates:<\/strong> 604810N 0233857E<br \/>\n<strong>Runway:<\/strong> 04\/22 \u2013 800 x 15 m \u2013 asphalt\/grass (asph width 8m)<br \/>\n<strong>LDA:<\/strong> 04: 600 m, 22: 800 m<br \/>\n<strong>Radio frequency<\/strong>: 123,150<br \/>\n<strong>Airport elevation:<\/strong> 99 m (325 ft)<br \/>\n<strong>Fuel availability:<\/strong> NIL<br \/>\n<strong>Announcements:<\/strong>\u00a0<a class=\"popup\" href=\"https:\/\/lentopaikat.fi\/notam\/notam.php?a=EFFO\" data-width=\"500\" data-height=\"600\" data-scrollbars=\"1\">NOTAM<\/a><\/p>\n\t\t\t\t\t\t\t\t<\/div>\n\t\t\t\t<\/div>\n\t\t\t\t<div class=\"elementor-element elementor-element-e22b322 elementor-widget elementor-widget-heading\" data-id=\"e22b322\" data-element_type=\"widget\" data-e-type=\"widget\" data-widget_type=\"heading.default\">\n\t\t\t\t<div class=\"elementor-widget-container\">\n\t\t\t\t\t<h5 class=\"elementor-heading-title elementor-size-default\"> 6. Sight seeing and services<\/h5>\t\t\t\t<\/div>\n\t\t\t\t<\/div>\n\t\t\t\t<div class=\"elementor-element elementor-element-663ba09f elementor-widget elementor-widget-text-editor\" data-id=\"663ba09f\" data-element_type=\"widget\" data-e-type=\"widget\" data-widget_type=\"text-editor.default\">\n\t\t\t\t<div class=\"elementor-widget-container\">\n\t\t\t\t\t\t\t\t\t<p>Attractions are the old Finlayson factory area, Loimijokilaakso and Pyh\u00e4j\u00e4rvi. Restaurants in the center of Forssa approx. 2 km away.<\/p>\n\t\t\t\t\t\t\t\t<\/div>\n\t\t\t\t<\/div>\n\t\t\t\t<div class=\"elementor-element elementor-element-2049c5c7 elementor-widget elementor-widget-heading\" data-id=\"2049c5c7\" data-element_type=\"widget\" data-e-type=\"widget\" data-widget_type=\"heading.default\">\n\t\t\t\t<div class=\"elementor-widget-container\">\n\t\t\t\t\t<h5 class=\"elementor-heading-title elementor-size-default\">7. Contact information:<\/h5>\t\t\t\t<\/div>\n\t\t\t\t<\/div>\n\t\t\t\t<div class=\"elementor-element elementor-element-6b27f677 elementor-widget elementor-widget-text-editor\" data-id=\"6b27f677\" data-element_type=\"widget\" data-e-type=\"widget\" data-widget_type=\"text-editor.default\">\n\t\t\t\t<div class=\"elementor-widget-container\">\n\t\t\t\t\t\t\t\t\t<p>Forssan Seudun Ilmailuyhdistys ry, (Forssa aviation club)<br \/>\nJuha Hein\u00e4m\u00e4ki: +358 40 507 1993,<br \/>\n<span id=\"wpmt-526850-581987\">juha.heinamaki@logroup.fi<\/span><br \/>\nTaksi (03) 106 2500.<\/p>\n\t\t\t\t\t\t\t\t<\/div>\n\t\t\t\t<\/div>\n\t\t\t\t<div class=\"elementor-element elementor-element-47d06bc7 elementor-widget elementor-widget-heading\" data-id=\"47d06bc7\" data-element_type=\"widget\" data-e-type=\"widget\" data-widget_type=\"heading.default\">\n\t\t\t\t<div class=\"elementor-widget-container\">\n\t\t\t\t\t<h5 class=\"elementor-heading-title elementor-size-default\">8.  Links:<\/h5>\t\t\t\t<\/div>\n\t\t\t\t<\/div>\n\t\t\t\t<div class=\"elementor-element elementor-element-45ff8afe elementor-widget elementor-widget-text-editor\" data-id=\"45ff8afe\" data-element_type=\"widget\" data-e-type=\"widget\" data-widget_type=\"text-editor.default\">\n\t\t\t\t<div class=\"elementor-widget-container\">\n\t\t\t\t\t\t\t\t\t<ul>\n<li><a href=\"http:\/\/www.fsiy.fi\/\">Forsan seudun ilmailuyhdistys ry, Forssa aviation club homepage<\/a><\/li>\n<\/ul>\n\t\t\t\t\t\t\t\t<\/div>\n\t\t\t\t<\/div>\n\t\t\t\t<div class=\"elementor-element elementor-element-656ae8ad elementor-widget elementor-widget-heading\" data-id=\"656ae8ad\" data-element_type=\"widget\" data-e-type=\"widget\" data-widget_type=\"heading.default\">\n\t\t\t\t<div class=\"elementor-widget-container\">\n\t\t\t\t\t<h5 class=\"elementor-heading-title elementor-size-default\">9. Map<\/h5>\t\t\t\t<\/div>\n\t\t\t\t<\/div>\n\t\t\t\t<div class=\"elementor-element elementor-element-4e3a3640 elementor-widget elementor-widget-google_maps\" data-id=\"4e3a3640\" data-element_type=\"widget\" data-e-type=\"widget\" data-widget_type=\"google_maps.default\">\n\t\t\t\t<div class=\"elementor-widget-container\">\n\t\t\t\t\t\t\t<div class=\"elementor-custom-embed\">\n\t\t\t<iframe loading=\"lazy\"\n\t\t\t\t\tsrc=\"https:\/\/www.google.com\/maps\/embed\/v1\/place?key=AIzaSyC1j1iK8FQx51JcFwNxcbaAudBg3BxuVow&#038;q=Forssan%20lentokentt%C3%A4&#038;zoom=13\"\n\t\t\t\t\ttitle=\"Forssan lentokentt\u00e4\"\n\t\t\t\t\taria-label=\"Forssan lentokentt\u00e4\"\n\t\t\t><\/iframe>\n\t\t<\/div>\n\t\t\t\t\t\t<\/div>\n\t\t\t\t<\/div>\n\t\t\t\t\t<\/div>\n\t\t<\/div>\n\t\t\t\t<div class=\"elementor-column elementor-col-50 elementor-inner-column elementor-element elementor-element-32b3e9a4\" data-id=\"32b3e9a4\" data-element_type=\"column\" data-e-type=\"column\">\n\t\t\t<div class=\"elementor-widget-wrap elementor-element-populated\">\n\t\t\t\t\t\t<div class=\"elementor-element elementor-element-4bf2f7ac elementor-widget elementor-widget-image\" data-id=\"4bf2f7ac\" data-element_type=\"widget\" data-e-type=\"widget\" data-widget_type=\"image.default\">\n\t\t\t\t<div class=\"elementor-widget-container\">\n\t\t\t\t\t\t\t\t\t\t\t\t<figure class=\"wp-caption\">\n\t\t\t\t\t\t\t\t\t\t\t<a href=\"https:\/\/lentopaikat.fi\/wp-content\/uploads\/effo.gif\" data-elementor-open-lightbox=\"yes\" data-elementor-lightbox-title=\"effo\" data-e-action-hash=\"#elementor-action%3Aaction%3Dlightbox%26settings%3DeyJpZCI6MzQ2NTQsInVybCI6Imh0dHBzOlwvXC9sZW50b3BhaWthdC5maVwvd3AtY29udGVudFwvdXBsb2Fkc1wvZWZmby5naWYifQ%3D%3D\">\n\t\t\t\t\t\t\t<img fetchpriority=\"high\" decoding=\"async\" width=\"200\" height=\"352\" src=\"https:\/\/lentopaikat.fi\/wp-content\/uploads\/effo.gif\" class=\"attachment-large size-large wp-image-34654\" alt=\"\" \/>\t\t\t\t\t\t\t\t<\/a>\n\t\t\t\t\t\t\t\t\t\t\t<figcaption class=\"widget-image-caption wp-caption-text\"><\/figcaption>\n\t\t\t\t\t\t\t\t\t\t<\/figure>\n\t\t\t\t\t\t\t\t\t<\/div>\n\t\t\t\t<\/div>\n\t\t\t\t<div class=\"elementor-element elementor-element-42d6c54d elementor-widget elementor-widget-image\" data-id=\"42d6c54d\" data-element_type=\"widget\" data-e-type=\"widget\" data-widget_type=\"image.default\">\n\t\t\t\t<div class=\"elementor-widget-container\">\n\t\t\t\t\t\t\t\t\t\t\t\t<figure class=\"wp-caption\">\n\t\t\t\t\t\t\t\t\t\t\t<a href=\"https:\/\/lentopaikat.fi\/wp-content\/uploads\/EFFO_laskeutumiskartta.pdf\" target=\"_blank\">\n\t\t\t\t\t\t\t<img decoding=\"async\" width=\"724\" height=\"1024\" src=\"https:\/\/lentopaikat.fi\/wp-content\/uploads\/EFFO_laskeutumiskartta-724x1024.jpg\" class=\"attachment-large size-large wp-image-34658\" alt=\"\" srcset=\"https:\/\/lentopaikat.fi\/wp-content\/uploads\/EFFO_laskeutumiskartta-724x1024.jpg 724w, https:\/\/lentopaikat.fi\/wp-content\/uploads\/EFFO_laskeutumiskartta-212x300.jpg 212w, https:\/\/lentopaikat.fi\/wp-content\/uploads\/EFFO_laskeutumiskartta-768x1086.jpg 768w, https:\/\/lentopaikat.fi\/wp-content\/uploads\/EFFO_laskeutumiskartta-1086x1536.jpg 1086w, https:\/\/lentopaikat.fi\/wp-content\/uploads\/EFFO_laskeutumiskartta-1448x2048.jpg 1448w, https:\/\/lentopaikat.fi\/wp-content\/uploads\/EFFO_laskeutumiskartta-8x12.jpg 8w, https:\/\/lentopaikat.fi\/wp-content\/uploads\/EFFO_laskeutumiskartta.jpg 1638w\" sizes=\"(max-width: 724px) 100vw, 724px\" \/>\t\t\t\t\t\t\t\t<\/a>\n\t\t\t\t\t\t\t\t\t\t\t<figcaption class=\"widget-image-caption wp-caption-text\">LDG CHART, CLICK ON PICTURE TO OPEN PDF DOCUMENT<\/figcaption>\n\t\t\t\t\t\t\t\t\t\t<\/figure>\n\t\t\t\t\t\t\t\t\t<\/div>\n\t\t\t\t<\/div>\n\t\t<div class=\"elementor-element elementor-element-1053e0e1 e-flex e-con-boxed e-con e-parent\" data-id=\"1053e0e1\" data-element_type=\"container\" data-e-type=\"container\">\n\t\t\t\t\t<div class=\"e-con-inner\">\n\t\t\t\t<div class=\"elementor-element elementor-element-232e127f elementor-arrows-position-inside elementor-widget elementor-widget-image-carousel\" data-id=\"232e127f\" data-element_type=\"widget\" data-e-type=\"widget\" data-settings=\"{&quot;slides_to_show&quot;:&quot;1&quot;,&quot;navigation&quot;:&quot;arrows&quot;,&quot;speed&quot;:900,&quot;autoplay&quot;:&quot;yes&quot;,&quot;pause_on_hover&quot;:&quot;yes&quot;,&quot;pause_on_interaction&quot;:&quot;yes&quot;,&quot;autoplay_speed&quot;:5000,&quot;infinite&quot;:&quot;yes&quot;,&quot;effect&quot;:&quot;slide&quot;}\" data-widget_type=\"image-carousel.default\">\n\t\t\t\t<div class=\"elementor-widget-container\">\n\t\t\t\t\t\t\t<div class=\"elementor-image-carousel-wrapper swiper\" role=\"region\" aria-roledescription=\"carousel\" aria-label=\"Image Carousel\" dir=\"ltr\">\n\t\t\t<div class=\"elementor-image-carousel swiper-wrapper swiper-image-stretch\" aria-live=\"off\">\n\t\t\t\t\t\t\t\t<div class=\"swiper-slide\" role=\"group\" aria-roledescription=\"slide\" aria-label=\"1 of 5\"><a data-elementor-open-lightbox=\"yes\" data-elementor-lightbox-slideshow=\"232e127f\" data-elementor-lightbox-title=\"effo_air2\" data-elementor-lightbox-description=\"Forssan kentt\u00e4 sijaitsee aivan kaupungin reunalla. T\u00e4ss\u00e4 n\u00e4htyn\u00e4 it\u00e4puolelta 21.5.2007. Kuva Pekka Lehtinen. (Klikkaa suureksi)\" data-e-action-hash=\"#elementor-action%3Aaction%3Dlightbox%26settings%3DeyJpZCI6MzQ2NTYsInVybCI6Imh0dHBzOlwvXC9sZW50b3BhaWthdC5maVwvd3AtY29udGVudFwvdXBsb2Fkc1wvZWZmb19haXIyLmpwZyIsInNsaWRlc2hvdyI6IjIzMmUxMjdmIn0%3D\" href=\"https:\/\/lentopaikat.fi\/wp-content\/uploads\/effo_air2.jpg\"><figure class=\"swiper-slide-inner\"><img decoding=\"async\" class=\"swiper-slide-image\" src=\"https:\/\/lentopaikat.fi\/wp-content\/uploads\/effo_air2.jpg\" alt=\"Forssan kentt\u00e4 sijaitsee aivan kaupungin reunalla. T\u00e4ss\u00e4 n\u00e4htyn\u00e4 it\u00e4puolelta 21.5.2007. Kuva Pekka Lehtinen. (Klikkaa suureksi)\" \/><figcaption class=\"elementor-image-carousel-caption\">Forssan kentt\u00e4 sijaitsee aivan kaupungin reunalla. T\u00e4ss\u00e4 n\u00e4htyn\u00e4 it\u00e4puolelta 21.5.2007. Kuva Pekka Lehtinen. (Klikkaa suureksi)<\/figcaption><\/figure><\/a><\/div><div class=\"swiper-slide\" role=\"group\" aria-roledescription=\"slide\" aria-label=\"2 of 5\"><a data-elementor-open-lightbox=\"yes\" data-elementor-lightbox-slideshow=\"232e127f\" data-elementor-lightbox-title=\"effo_air\" data-elementor-lightbox-description=\"FORSSAN KENTT\u00c4 ILMASTA K\u00c4SIN N\u00c4HTYN\u00c4 13.7.2006. KUVA JUHA HEIN\u00c4M\u00c4KI. (KLIKKAA SUUREKSI)\" data-e-action-hash=\"#elementor-action%3Aaction%3Dlightbox%26settings%3DeyJpZCI6MzQ2NTUsInVybCI6Imh0dHBzOlwvXC9sZW50b3BhaWthdC5maVwvd3AtY29udGVudFwvdXBsb2Fkc1wvZWZmb19haXIuanBnIiwic2xpZGVzaG93IjoiMjMyZTEyN2YifQ%3D%3D\" href=\"https:\/\/lentopaikat.fi\/wp-content\/uploads\/effo_air.jpg\"><figure class=\"swiper-slide-inner\"><img decoding=\"async\" class=\"swiper-slide-image\" src=\"https:\/\/lentopaikat.fi\/wp-content\/uploads\/effo_air.jpg\" alt=\"FORSSAN KENTT\u00c4 ILMASTA K\u00c4SIN N\u00c4HTYN\u00c4 13.7.2006. KUVA JUHA HEIN\u00c4M\u00c4KI. (KLIKKAA SUUREKSI)\" \/><figcaption class=\"elementor-image-carousel-caption\">FORSSAN KENTT\u00c4 ILMASTA K\u00c4SIN N\u00c4HTYN\u00c4 13.7.2006. KUVA JUHA HEIN\u00c4M\u00c4KI. (KLIKKAA SUUREKSI)<\/figcaption><\/figure><\/a><\/div><div class=\"swiper-slide\" role=\"group\" aria-roledescription=\"slide\" aria-label=\"3 of 5\"><a data-elementor-open-lightbox=\"yes\" data-elementor-lightbox-slideshow=\"232e127f\" data-elementor-lightbox-title=\"EFFO_ilmasta_elokuu_2013\" data-elementor-lightbox-description=\"FORSSAN KENTT\u00c4 KUVATTU ILMASTA K\u00c4SIN ELOKUUSSA 2013 (KLIKKAA ISOKSI)\nKUVA: AARNO ISOM\u00c4KI\" data-e-action-hash=\"#elementor-action%3Aaction%3Dlightbox%26settings%3DeyJpZCI6MzQ2NTcsInVybCI6Imh0dHBzOlwvXC9sZW50b3BhaWthdC5maVwvd3AtY29udGVudFwvdXBsb2Fkc1wvRUZGT19pbG1hc3RhX2Vsb2t1dV8yMDEzLmpwZyIsInNsaWRlc2hvdyI6IjIzMmUxMjdmIn0%3D\" href=\"https:\/\/lentopaikat.fi\/wp-content\/uploads\/EFFO_ilmasta_elokuu_2013.jpg\"><figure class=\"swiper-slide-inner\"><img decoding=\"async\" class=\"swiper-slide-image\" src=\"https:\/\/lentopaikat.fi\/wp-content\/uploads\/EFFO_ilmasta_elokuu_2013-1024x713.jpg\" alt=\"FORSSAN KENTT\u00c4 KUVATTU ILMASTA K\u00c4SIN ELOKUUSSA 2013 (KLIKKAA ISOKSI)\nKUVA: AARNO ISOM\u00c4KI\" \/><figcaption class=\"elementor-image-carousel-caption\">FORSSAN KENTT\u00c4 KUVATTU ILMASTA K\u00c4SIN ELOKUUSSA 2013 (KLIKKAA ISOKSI)\nKUVA: AARNO ISOM\u00c4KI<\/figcaption><\/figure><\/a><\/div><div class=\"swiper-slide\" role=\"group\" aria-roledescription=\"slide\" aria-label=\"4 of 5\"><a data-elementor-open-lightbox=\"yes\" data-elementor-lightbox-slideshow=\"232e127f\" data-elementor-lightbox-title=\"effo_rwy\" data-elementor-lightbox-description=\"FORSSAN KIITOTIET\u00c4 KONEEN RINNALLA. KUVA TIMO HYV\u00d6NEN. (KLIKKAA SUUREKSI)\" data-e-action-hash=\"#elementor-action%3Aaction%3Dlightbox%26settings%3DeyJpZCI6MzQ2NjEsInVybCI6Imh0dHBzOlwvXC9sZW50b3BhaWthdC5maVwvd3AtY29udGVudFwvdXBsb2Fkc1wvZWZmb19yd3kuanBnIiwic2xpZGVzaG93IjoiMjMyZTEyN2YifQ%3D%3D\" href=\"https:\/\/lentopaikat.fi\/wp-content\/uploads\/effo_rwy.jpg\"><figure class=\"swiper-slide-inner\"><img decoding=\"async\" class=\"swiper-slide-image\" src=\"https:\/\/lentopaikat.fi\/wp-content\/uploads\/effo_rwy.jpg\" alt=\"FORSSAN KIITOTIET\u00c4 KONEEN RINNALLA. KUVA TIMO HYV\u00d6NEN. (KLIKKAA SUUREKSI)\" \/><figcaption class=\"elementor-image-carousel-caption\">FORSSAN KIITOTIET\u00c4 KONEEN RINNALLA. KUVA TIMO HYV\u00d6NEN. (KLIKKAA SUUREKSI)<\/figcaption><\/figure><\/a><\/div><div class=\"swiper-slide\" role=\"group\" aria-roledescription=\"slide\" aria-label=\"5 of 5\"><a data-elementor-open-lightbox=\"yes\" data-elementor-lightbox-slideshow=\"232e127f\" data-elementor-lightbox-title=\"effo_platta\" data-elementor-lightbox-description=\"FORSSAN SEISONTA-ALUETTA 16.5.2009. KUVA MARKO TOLVANEN. (KLIKKAA SUUREKSI)\" data-e-action-hash=\"#elementor-action%3Aaction%3Dlightbox%26settings%3DeyJpZCI6MzQ2NjAsInVybCI6Imh0dHBzOlwvXC9sZW50b3BhaWthdC5maVwvd3AtY29udGVudFwvdXBsb2Fkc1wvZWZmb19wbGF0dGEuanBnIiwic2xpZGVzaG93IjoiMjMyZTEyN2YifQ%3D%3D\" href=\"https:\/\/lentopaikat.fi\/wp-content\/uploads\/effo_platta.jpg\"><figure class=\"swiper-slide-inner\"><img decoding=\"async\" class=\"swiper-slide-image\" src=\"https:\/\/lentopaikat.fi\/wp-content\/uploads\/effo_platta.jpg\" alt=\"FORSSAN SEISONTA-ALUETTA 16.5.2009. KUVA MARKO TOLVANEN. (KLIKKAA SUUREKSI)\" \/><figcaption class=\"elementor-image-carousel-caption\">FORSSAN SEISONTA-ALUETTA 16.5.2009. KUVA MARKO TOLVANEN. (KLIKKAA SUUREKSI)<\/figcaption><\/figure><\/a><\/div>\t\t\t<\/div>\n\t\t\t\t\t\t\t\t\t\t\t\t<div class=\"elementor-swiper-button elementor-swiper-button-prev\" role=\"button\" tabindex=\"0\">\n\t\t\t\t\t\t<i aria-hidden=\"true\" class=\"eicon-chevron-left\"><\/i>\t\t\t\t\t<\/div>\n\t\t\t\t\t<div class=\"elementor-swiper-button elementor-swiper-button-next\" role=\"button\" tabindex=\"0\">\n\t\t\t\t\t\t<i aria-hidden=\"true\" class=\"eicon-chevron-right\"><\/i>\t\t\t\t\t<\/div>\n\t\t\t\t\n\t\t\t\t\t\t\t\t\t<\/div>\n\t\t\t\t\t\t<\/div>\n\t\t\t\t<\/div>\n\t\t\t\t\t<\/div>\n\t\t\t\t<\/div>\n\t\t\t\t\t<\/div>\n\t\t<\/div>\n\t\t\t\t\t<\/div>\n\t\t<\/section>\n\t\t\t\t\t<\/div>\n\t\t<\/div>\n\t\t\t\t\t<\/div>\n\t\t<\/section>\n\t\t\t\t<\/div>\n\t\t","protected":false},"excerpt":{"rendered":"<p>Forssa &#8211; EFFO Warning! T\u00e4m\u00e4 on ns, &#8220;k\u00f6yh\u00e4n miehen NOTAM&#8221; eli t\u00e4ll\u00e4 voi varoittaa kent\u00e4ll\u00e4 tapahtuvasta poikkeavasta toiminnasta. T\u00e4m\u00e4 ilmoitus on ajastettavissa ja n\u00e4kyy vain silloin kun on jotain varoitettaavaa Varoitus ei ole suljettavissa T\u00e4m\u00e4n aikaa voi s\u00e4\u00e4t\u00e4 vasemmalta Visibility v\u00e4lilehdest\u00e4 1. Sunset and sunrise and the SERA definition of night 2. General information: Airfield [&hellip;]<\/p>\n","protected":false},"author":1,"featured_media":0,"parent":0,"menu_order":0,"comment_status":"closed","ping_status":"closed","template":"","meta":{"inline_featured_image":false,"_lmt_disableupdate":"","_lmt_disable":"","footnotes":""},"class_list":["post-35810","page","type-page","status-publish","hentry"],"_links":{"self":[{"href":"https:\/\/lentopaikat.fi\/en\/wp-json\/wp\/v2\/pages\/35810","targetHints":{"allow":["GET"]}}],"collection":[{"href":"https:\/\/lentopaikat.fi\/en\/wp-json\/wp\/v2\/pages"}],"about":[{"href":"https:\/\/lentopaikat.fi\/en\/wp-json\/wp\/v2\/types\/page"}],"author":[{"embeddable":true,"href":"https:\/\/lentopaikat.fi\/en\/wp-json\/wp\/v2\/users\/1"}],"replies":[{"embeddable":true,"href":"https:\/\/lentopaikat.fi\/en\/wp-json\/wp\/v2\/comments?post=35810"}],"version-history":[{"count":0,"href":"https:\/\/lentopaikat.fi\/en\/wp-json\/wp\/v2\/pages\/35810\/revisions"}],"wp:attachment":[{"href":"https:\/\/lentopaikat.fi\/en\/wp-json\/wp\/v2\/media?parent=35810"}],"curies":[{"name":"wp","href":"https:\/\/api.w.org\/{rel}","templated":true}]}}