{"id":35799,"date":"2022-11-17T14:33:56","date_gmt":"2022-11-17T12:33:56","guid":{"rendered":"https:\/\/lentopaikat.fi\/eura-efeu\/"},"modified":"2026-03-10T11:07:35","modified_gmt":"2026-03-10T09:07:35","slug":"eura-efeu","status":"publish","type":"page","link":"https:\/\/lentopaikat.fi\/en\/eura-efeu\/","title":{"rendered":"Eura &#8211; EFEU"},"content":{"rendered":"\t\t<div data-elementor-type=\"wp-page\" data-elementor-id=\"35799\" class=\"elementor elementor-35799 elementor-35788\" data-elementor-post-type=\"page\">\n\t\t\t\t\t\t<section class=\"elementor-section elementor-top-section elementor-element elementor-element-49fb1c01 elementor-section-height-min-height elementor-section-full_width elementor-section-height-default elementor-section-items-middle\" data-id=\"49fb1c01\" data-element_type=\"section\" data-e-type=\"section\" data-settings=\"{&quot;background_background&quot;:&quot;classic&quot;}\">\n\t\t\t\t\t\t\t<div class=\"elementor-background-overlay\"><\/div>\n\t\t\t\t\t\t\t<div class=\"elementor-container elementor-column-gap-default\">\n\t\t\t\t\t<div class=\"elementor-column elementor-col-50 elementor-top-column elementor-element elementor-element-7cf43425\" data-id=\"7cf43425\" data-element_type=\"column\" data-e-type=\"column\">\n\t\t\t<div class=\"elementor-widget-wrap elementor-element-populated\">\n\t\t\t\t\t\t<div class=\"elementor-element elementor-element-205b7ca5 elementor-widget elementor-widget-heading\" data-id=\"205b7ca5\" data-element_type=\"widget\" data-e-type=\"widget\" data-widget_type=\"heading.default\">\n\t\t\t\t<div class=\"elementor-widget-container\">\n\t\t\t\t\t<h2 class=\"elementor-heading-title elementor-size-default\">Eura - EFEU<\/h2>\t\t\t\t<\/div>\n\t\t\t\t<\/div>\n\t\t\t\t\t<\/div>\n\t\t<\/div>\n\t\t\t\t<div class=\"elementor-column elementor-col-50 elementor-top-column elementor-element elementor-element-5dbb0bd8\" data-id=\"5dbb0bd8\" data-element_type=\"column\" data-e-type=\"column\">\n\t\t\t<div class=\"elementor-widget-wrap\">\n\t\t\t\t\t\t\t<\/div>\n\t\t<\/div>\n\t\t\t\t\t<\/div>\n\t\t<\/section>\n\t\t\t\t<section class=\"elementor-section elementor-top-section elementor-element elementor-element-1f0405ab elementor-section-full_width elementor-section-height-default elementor-section-height-default\" data-id=\"1f0405ab\" data-element_type=\"section\" data-e-type=\"section\">\n\t\t\t\t\t\t<div class=\"elementor-container elementor-column-gap-default\">\n\t\t\t\t\t<div class=\"elementor-column elementor-col-100 elementor-top-column elementor-element elementor-element-399835dc\" data-id=\"399835dc\" data-element_type=\"column\" data-e-type=\"column\">\n\t\t\t<div class=\"elementor-widget-wrap elementor-element-populated\">\n\t\t\t\t\t\t<section class=\"elementor-section elementor-inner-section elementor-element elementor-element-19a9a077 elementor-section-full_width elementor-section-height-default elementor-section-height-default\" data-id=\"19a9a077\" data-element_type=\"section\" data-e-type=\"section\">\n\t\t\t\t\t\t<div class=\"elementor-container elementor-column-gap-wide\">\n\t\t\t\t\t<div class=\"elementor-column elementor-col-50 elementor-inner-column elementor-element elementor-element-65fbac7d\" data-id=\"65fbac7d\" data-element_type=\"column\" data-e-type=\"column\">\n\t\t\t<div class=\"elementor-widget-wrap elementor-element-populated\">\n\t\t\t\t<!-- dce invisible element 2a2537d8 -->\t\t<div class=\"elementor-element elementor-element-51307c00 elementor-widget elementor-widget-heading\" data-id=\"51307c00\" data-element_type=\"widget\" data-e-type=\"widget\" data-widget_type=\"heading.default\">\n\t\t\t\t<div class=\"elementor-widget-container\">\n\t\t\t\t\t<h5 class=\"elementor-heading-title elementor-size-default\">1. Sunset and sunrise and the SERA definition of night<\/h5>\t\t\t\t<\/div>\n\t\t\t\t<\/div>\n\t\t\t\t<div class=\"elementor-element elementor-element-5143cf4c elementor-widget elementor-widget-shortcode\" data-id=\"5143cf4c\" data-element_type=\"widget\" data-e-type=\"widget\" data-widget_type=\"shortcode.default\">\n\t\t\t\t<div class=\"elementor-widget-container\">\n\t\t\t\t\t\t\t<div class=\"elementor-shortcode\"><table><tbody><tr><td>Finnish time today, 04.04.2026<\/br><b> - Night ends: 06:01<\/br> - Sunrise: 06:46<\/br> - Sunset: 20:23<\/br> - Night begins: 21:08<\/br><\/b><\/td>\r\n<td> Times tomorrow <\/br><b> - Night ends tomorrow: 05:57<\/br> - Sunrise tomorrow: 06:43<\/br> - sunset tomorrow: 20:26<\/br> - Night begins tomorrow: 21:11<\/b><\/td><\/tr><\/tbody><\/table><\/div>\n\t\t\t\t\t\t<\/div>\n\t\t\t\t<\/div>\n\t\t\t\t<div class=\"elementor-element elementor-element-7f385684 elementor-widget elementor-widget-heading\" data-id=\"7f385684\" data-element_type=\"widget\" data-e-type=\"widget\" data-widget_type=\"heading.default\">\n\t\t\t\t<div class=\"elementor-widget-container\">\n\t\t\t\t\t<h5 class=\"elementor-heading-title elementor-size-default\">2. General information:<\/h5>\t\t\t\t<\/div>\n\t\t\t\t<\/div>\n\t\t\t\t<div class=\"elementor-element elementor-element-74610f50 elementor-widget elementor-widget-text-editor\" data-id=\"74610f50\" data-element_type=\"widget\" data-e-type=\"widget\" data-widget_type=\"text-editor.default\">\n\t\t\t\t<div class=\"elementor-widget-container\">\n\t\t\t\t\t\t\t\t\t<p>The airfield is located 1,5 km and 4,0 km east of the city centres of Kauttua and Eura. The flying club Kauttuan Ilmailukerho as well as local ultra light and hang glider pilots mainly use the airfield.<br \/>There are three hangars and accommodation for 1-2 persons.<br \/>Due to close vicinity of the urban areas, the runway 29 has RIGH HAND traffic circuit.<\/p>\n\t\t\t\t\t\t\t\t<\/div>\n\t\t\t\t<\/div>\n\t\t\t\t<div class=\"elementor-element elementor-element-5794efa8 elementor-widget elementor-widget-heading\" data-id=\"5794efa8\" data-element_type=\"widget\" data-e-type=\"widget\" data-widget_type=\"heading.default\">\n\t\t\t\t<div class=\"elementor-widget-container\">\n\t\t\t\t\t<h5 class=\"elementor-heading-title elementor-size-default\">3.  Price Information:<\/h5>\t\t\t\t<\/div>\n\t\t\t\t<\/div>\n\t\t\t\t<div class=\"elementor-element elementor-element-4d5e6d2e elementor-widget elementor-widget-text-editor\" data-id=\"4d5e6d2e\" data-element_type=\"widget\" data-e-type=\"widget\" data-widget_type=\"text-editor.default\">\n\t\t\t\t<div class=\"elementor-widget-container\">\n\t\t\t\t\t\t\t\t\t<p>NIL<\/p>\n\t\t\t\t\t\t\t\t<\/div>\n\t\t\t\t<\/div>\n\t\t\t\t<div class=\"elementor-element elementor-element-5331019b elementor-widget elementor-widget-heading\" data-id=\"5331019b\" data-element_type=\"widget\" data-e-type=\"widget\" data-widget_type=\"heading.default\">\n\t\t\t\t<div class=\"elementor-widget-container\">\n\t\t\t\t\t<h5 class=\"elementor-heading-title elementor-size-default\">4. The Airport:<\/h5>\t\t\t\t<\/div>\n\t\t\t\t<\/div>\n\t\t\t\t<div class=\"elementor-element elementor-element-233b9cb7 elementor-widget elementor-widget-text-editor\" data-id=\"233b9cb7\" data-element_type=\"widget\" data-e-type=\"widget\" data-widget_type=\"text-editor.default\">\n\t\t\t\t<div class=\"elementor-widget-container\">\n\t\t\t\t\t\t\t\t\t<p>The runway is in a usable condition. The surface is slightly bumpy due to ground frost damages. There is a long shallow depression area near the threshold of runway 11.<\/p>\n\t\t\t\t\t\t\t\t<\/div>\n\t\t\t\t<\/div>\n\t\t\t\t<div class=\"elementor-element elementor-element-6c5a99be elementor-widget elementor-widget-heading\" data-id=\"6c5a99be\" data-element_type=\"widget\" data-e-type=\"widget\" data-widget_type=\"heading.default\">\n\t\t\t\t<div class=\"elementor-widget-container\">\n\t\t\t\t\t<h5 class=\"elementor-heading-title elementor-size-default\">5. Basic data:<\/h5>\t\t\t\t<\/div>\n\t\t\t\t<\/div>\n\t\t\t\t<div class=\"elementor-element elementor-element-6ee2115e elementor-widget elementor-widget-text-editor\" data-id=\"6ee2115e\" data-element_type=\"widget\" data-e-type=\"widget\" data-widget_type=\"text-editor.default\">\n\t\t\t\t<div class=\"elementor-widget-container\">\n\t\t\t\t\t\t\t\t\t<p><strong>Coordinates:<\/strong> 610658N 0221205E<br \/><strong>Runway:<\/strong> 11\/29 \u2013 800 x 18 m \u2013 asfalttia<br \/><strong>LDA:<\/strong> 11: 850 m, 29: 850 m<br \/><strong>Frequency:<\/strong> 123,550<br \/><strong>Elevation:<\/strong> 79 m (259 ft)<br \/><strong>Fuel depot:<\/strong> Managed by the flying club Kauttuan Ilmailukerho<br \/><strong>Notices:<\/strong>\u00a0<a class=\"popup\" href=\"https:\/\/lentopaikat.fi\/notam\/notam.php?a=EFEU\" data-width=\"500\" data-height=\"600\" data-scrollbars=\"1\">NOTAM<\/a><\/p>\n\t\t\t\t\t\t\t\t<\/div>\n\t\t\t\t<\/div>\n\t\t\t\t<div class=\"elementor-element elementor-element-3a7de57e elementor-widget elementor-widget-heading\" data-id=\"3a7de57e\" data-element_type=\"widget\" data-e-type=\"widget\" data-widget_type=\"heading.default\">\n\t\t\t\t<div class=\"elementor-widget-container\">\n\t\t\t\t\t<h5 class=\"elementor-heading-title elementor-size-default\"> 6. Sight seeing and services<\/h5>\t\t\t\t<\/div>\n\t\t\t\t<\/div>\n\t\t\t\t<div class=\"elementor-element elementor-element-9e54d22 elementor-widget elementor-widget-text-editor\" data-id=\"9e54d22\" data-element_type=\"widget\" data-e-type=\"widget\" data-widget_type=\"text-editor.default\">\n\t\t\t\t<div class=\"elementor-widget-container\">\n\t\t\t\t\t\t\t\t\t<p>A special historical attraction is Kauttua&#8217;s Ruukinpuisto, whose oldest house is from the early industrialization of Kauttua at the end of the 17th century. The Viking Age cemetery of Luistari along Uusikaupunki road and H\u00e4rk\u00e4nummi Viikinkikyl\u00e4 tell about the inhabitants of a couple of thousand years ago. An interesting destination is also the prehistoric guidance center &#8220;Laughing Dragon&#8221;, where Eura&#8217;s ancient costume is on display (opening and presentation times on Eura&#8217;s website).<\/p>\n<p>Kiperi&#8217;s beach serves everyone in the summer season and mainly open swimmers in the winter. It offers e.g. a shallow sandy beach, a sauna heated by a wood stove, a loggia suitable for grilling and a frisbee golf course.<\/p>\n<p>Restaurants in the center of Kauttua include, for example, 1.5 kilometers away, the hotel-restaurant Ruukinkartano in a more than 200-year-old manor in Ruukinpuisto, the lunch spot Ratavintola, Kauttua grilli and Public House. In the center of Eura, 4 kilometers away, there are several lunch and kebab pizza places, as well as numerous other opportunities to enjoy yourself.<\/p>\n\t\t\t\t\t\t\t\t<\/div>\n\t\t\t\t<\/div>\n\t\t\t\t<div class=\"elementor-element elementor-element-6c9aa2b elementor-widget elementor-widget-heading\" data-id=\"6c9aa2b\" data-element_type=\"widget\" data-e-type=\"widget\" data-widget_type=\"heading.default\">\n\t\t\t\t<div class=\"elementor-widget-container\">\n\t\t\t\t\t<h5 class=\"elementor-heading-title elementor-size-default\">7. Contact information:<\/h5>\t\t\t\t<\/div>\n\t\t\t\t<\/div>\n\t\t\t\t<div class=\"elementor-element elementor-element-4f999503 elementor-widget elementor-widget-text-editor\" data-id=\"4f999503\" data-element_type=\"widget\" data-e-type=\"widget\" data-widget_type=\"text-editor.default\">\n\t\t\t\t<div class=\"elementor-widget-container\">\n\t\t\t\t\t\t\t\t\t<p>EFEU: +358 (0)2 86 543 86.<br \/>Airport Chief: Mr. Mikko Koivisto, puh. +358 40 747 6157<br \/>Kauttua flying club: Mr. Aapo Jalo +358 44 258 9871<\/p>\n\t\t\t\t\t\t\t\t<\/div>\n\t\t\t\t<\/div>\n\t\t\t\t<div class=\"elementor-element elementor-element-632a092 elementor-widget elementor-widget-heading\" data-id=\"632a092\" data-element_type=\"widget\" data-e-type=\"widget\" data-widget_type=\"heading.default\">\n\t\t\t\t<div class=\"elementor-widget-container\">\n\t\t\t\t\t<h5 class=\"elementor-heading-title elementor-size-default\">8.  Links:<\/h5>\t\t\t\t<\/div>\n\t\t\t\t<\/div>\n\t\t\t\t<div class=\"elementor-element elementor-element-45c78821 elementor-widget elementor-widget-text-editor\" data-id=\"45c78821\" data-element_type=\"widget\" data-e-type=\"widget\" data-widget_type=\"text-editor.default\">\n\t\t\t\t<div class=\"elementor-widget-container\">\n\t\t\t\t\t\t\t\t\t<ul>\n<li>Weather:\u00a0<a href=\"http:\/\/www.kauttuanik.fi\/saa\/\" target=\"_blank\" rel=\"noopener noreferrer\">http:\/\/www.kauttuanik.fi\/saa\/<\/a><\/li>\n<li><a href=\"http:\/\/www.kauttuanik.fi\/\" target=\"_blank\" rel=\"noopener noreferrer\">Kauttuan Ilmailukerho ry<\/a><\/li>\n<li><a href=\"http:\/\/www.eura.fi\/\" target=\"_blank\" rel=\"noopener noreferrer\">Eura<\/a><\/li>\n<li><a href=\"http:\/\/www.sakyla.fi\/\" target=\"_blank\" rel=\"noopener noreferrer\">S\u00e4kyl\u00e4<\/a><\/li>\n<li><a href=\"http:\/\/www.koylio.fi\/\" target=\"_blank\" rel=\"noopener noreferrer\">K\u00f6yli\u00f6<\/a><\/li>\n<li><a href=\"http:\/\/www.rauma.fi\/\" target=\"_blank\" rel=\"noopener noreferrer\">Rauma<\/a><\/li>\n<li><a href=\"http:\/\/www.harjavalta.fi\/\" target=\"_blank\" rel=\"noopener noreferrer\">Harjavalta<\/a><\/li>\n<\/ul>\n\t\t\t\t\t\t\t\t<\/div>\n\t\t\t\t<\/div>\n\t\t\t\t<div class=\"elementor-element elementor-element-19417126 elementor-widget elementor-widget-heading\" data-id=\"19417126\" data-element_type=\"widget\" data-e-type=\"widget\" data-widget_type=\"heading.default\">\n\t\t\t\t<div class=\"elementor-widget-container\">\n\t\t\t\t\t<h5 class=\"elementor-heading-title elementor-size-default\">9. Map<\/h5>\t\t\t\t<\/div>\n\t\t\t\t<\/div>\n\t\t\t\t<div class=\"elementor-element elementor-element-2afd5c17 elementor-widget elementor-widget-google_maps\" data-id=\"2afd5c17\" data-element_type=\"widget\" data-e-type=\"widget\" data-widget_type=\"google_maps.default\">\n\t\t\t\t<div class=\"elementor-widget-container\">\n\t\t\t\t\t\t\t<div class=\"elementor-custom-embed\">\n\t\t\t<iframe loading=\"lazy\"\n\t\t\t\t\tsrc=\"https:\/\/www.google.com\/maps\/embed\/v1\/place?key=AIzaSyC1j1iK8FQx51JcFwNxcbaAudBg3BxuVow&#038;q=Euran%20lentokentt%C3%A4&#038;zoom=13\"\n\t\t\t\t\ttitle=\"Euran lentokentt\u00e4\"\n\t\t\t\t\taria-label=\"Euran lentokentt\u00e4\"\n\t\t\t><\/iframe>\n\t\t<\/div>\n\t\t\t\t\t\t<\/div>\n\t\t\t\t<\/div>\n\t\t\t\t\t<\/div>\n\t\t<\/div>\n\t\t\t\t<div class=\"elementor-column elementor-col-50 elementor-inner-column elementor-element elementor-element-5d940de8\" data-id=\"5d940de8\" data-element_type=\"column\" data-e-type=\"column\">\n\t\t\t<div class=\"elementor-widget-wrap elementor-element-populated\">\n\t\t\t\t\t\t<div class=\"elementor-element elementor-element-2da942c8 elementor-widget elementor-widget-image\" data-id=\"2da942c8\" data-element_type=\"widget\" data-e-type=\"widget\" data-widget_type=\"image.default\">\n\t\t\t\t<div class=\"elementor-widget-container\">\n\t\t\t\t\t\t\t\t\t\t\t\t<figure class=\"wp-caption\">\n\t\t\t\t\t\t\t\t\t\t\t<a href=\"https:\/\/lentopaikat.fi\/wp-content\/uploads\/efeu.gif\" data-elementor-open-lightbox=\"yes\" data-elementor-lightbox-title=\"efeu\" data-e-action-hash=\"#elementor-action%3Aaction%3Dlightbox%26settings%3DeyJpZCI6MzQ2NDEsInVybCI6Imh0dHBzOlwvXC9sZW50b3BhaWthdC5maVwvd3AtY29udGVudFwvdXBsb2Fkc1wvZWZldS5naWYifQ%3D%3D\">\n\t\t\t\t\t\t\t<img fetchpriority=\"high\" decoding=\"async\" width=\"200\" height=\"352\" src=\"https:\/\/lentopaikat.fi\/wp-content\/uploads\/efeu.gif\" class=\"attachment-large size-large wp-image-34641\" alt=\"\" \/>\t\t\t\t\t\t\t\t<\/a>\n\t\t\t\t\t\t\t\t\t\t\t<figcaption class=\"widget-image-caption wp-caption-text\"><\/figcaption>\n\t\t\t\t\t\t\t\t\t\t<\/figure>\n\t\t\t\t\t\t\t\t\t<\/div>\n\t\t\t\t<\/div>\n\t\t\t\t<div class=\"elementor-element elementor-element-1978fdf9 elementor-widget elementor-widget-image\" data-id=\"1978fdf9\" data-element_type=\"widget\" data-e-type=\"widget\" data-widget_type=\"image.default\">\n\t\t\t\t<div class=\"elementor-widget-container\">\n\t\t\t\t\t\t\t\t\t\t\t\t<figure class=\"wp-caption\">\n\t\t\t\t\t\t\t\t\t\t\t<a href=\"https:\/\/lentopaikat.fi\/wp-content\/uploads\/EFEU_LDG.pdf\" target=\"_blank\">\n\t\t\t\t\t\t\t<img decoding=\"async\" src=\"https:\/\/lentopaikat.fi\/wp-content\/uploads\/EFEU_LDG.jpg\" title=\"\" alt=\"\" loading=\"lazy\" \/>\t\t\t\t\t\t\t\t<\/a>\n\t\t\t\t\t\t\t\t\t\t\t<figcaption class=\"widget-image-caption wp-caption-text\">LDG CHART, CLICK ON PICTURE TO OPEN PDF DOCUMENT<\/figcaption>\n\t\t\t\t\t\t\t\t\t\t<\/figure>\n\t\t\t\t\t\t\t\t\t<\/div>\n\t\t\t\t<\/div>\n\t\t<div class=\"elementor-element elementor-element-61beb23c e-flex e-con-boxed e-con e-parent\" data-id=\"61beb23c\" data-element_type=\"container\" data-e-type=\"container\">\n\t\t\t\t\t<div class=\"e-con-inner\">\n\t\t\t\t<div class=\"elementor-element elementor-element-5cc204fe elementor-arrows-position-inside elementor-widget elementor-widget-image-carousel\" data-id=\"5cc204fe\" data-element_type=\"widget\" data-e-type=\"widget\" data-settings=\"{&quot;slides_to_show&quot;:&quot;1&quot;,&quot;navigation&quot;:&quot;arrows&quot;,&quot;speed&quot;:900,&quot;autoplay&quot;:&quot;yes&quot;,&quot;pause_on_hover&quot;:&quot;yes&quot;,&quot;pause_on_interaction&quot;:&quot;yes&quot;,&quot;autoplay_speed&quot;:5000,&quot;infinite&quot;:&quot;yes&quot;,&quot;effect&quot;:&quot;slide&quot;}\" data-widget_type=\"image-carousel.default\">\n\t\t\t\t<div class=\"elementor-widget-container\">\n\t\t\t\t\t\t\t<div class=\"elementor-image-carousel-wrapper swiper\" role=\"region\" aria-roledescription=\"carousel\" aria-label=\"Image Carousel\" dir=\"ltr\">\n\t\t\t<div class=\"elementor-image-carousel swiper-wrapper swiper-image-stretch\" aria-live=\"off\">\n\t\t\t\t\t\t\t\t<div class=\"swiper-slide\" role=\"group\" aria-roledescription=\"slide\" aria-label=\"1 of 6\"><a data-elementor-open-lightbox=\"yes\" data-elementor-lightbox-slideshow=\"5cc204fe\" data-elementor-lightbox-title=\"EFEU RWY 11\" data-elementor-lightbox-description=\"EURA RUNWAY 11 PHOTOGRAPHED: 26 August 2022 PHOTOGRAPHER: MIKA TAPIO\" data-e-action-hash=\"#elementor-action%3Aaction%3Dlightbox%26settings%3DeyJpZCI6MzQ2NDksInVybCI6Imh0dHBzOlwvXC9sZW50b3BhaWthdC5maVwvd3AtY29udGVudFwvdXBsb2Fkc1wvRUZFVV9raWl0b3RpZV8xMS5qcGVnIiwic2xpZGVzaG93IjoiNWNjMjA0ZmUifQ%3D%3D\" href=\"https:\/\/lentopaikat.fi\/wp-content\/uploads\/EFEU_kiitotie_11.jpeg\"><figure class=\"swiper-slide-inner\"><img decoding=\"async\" class=\"swiper-slide-image\" src=\"https:\/\/lentopaikat.fi\/wp-content\/uploads\/EFEU_kiitotie_11-1024x691.jpeg\" alt=\"EURA RUNWAY 11 PHOTOGRAPHED: 26 August 2022 PHOTOGRAPHER: MIKA TAPIO\" \/><figcaption class=\"elementor-image-carousel-caption\">EURA RUNWAY 11 PHOTOGRAPHED: 26 August 2022 PHOTOGRAPHER: MIKA TAPIO<\/figcaption><\/figure><\/a><\/div><div class=\"swiper-slide\" role=\"group\" aria-roledescription=\"slide\" aria-label=\"2 of 6\"><a data-elementor-open-lightbox=\"yes\" data-elementor-lightbox-slideshow=\"5cc204fe\" data-elementor-lightbox-title=\"EFEU \u2013 Runway 29 \u2013 26 April 2014\" data-e-action-hash=\"#elementor-action%3Aaction%3Dlightbox%26settings%3DeyJpZCI6MzQ2NDUsInVybCI6Imh0dHBzOlwvXC9sZW50b3BhaWthdC5maVwvd3AtY29udGVudFwvdXBsb2Fkc1wvRUZFVV8yNi4wNC4yMDE0X1JXWV8yOS5qcGciLCJzbGlkZXNob3ciOiI1Y2MyMDRmZSJ9\" href=\"https:\/\/lentopaikat.fi\/wp-content\/uploads\/EFEU_26.04.2014_RWY_29.jpg\"><figure class=\"swiper-slide-inner\"><img decoding=\"async\" class=\"swiper-slide-image\" src=\"https:\/\/lentopaikat.fi\/wp-content\/uploads\/EFEU_26.04.2014_RWY_29-1024x683.jpg\" alt=\"Runway 29 photographed from the north. The image clearly shows the go-kart track located beneath the approach path to Runway 29. Photographed on 26 April 2014. Photo: Mika Tapio.\" \/><figcaption class=\"elementor-image-carousel-caption\">Runway 29 photographed from the north. The image clearly shows the go-kart track located beneath the approach path to Runway 29. Photographed on 26 April 2014. Photo: Mika Tapio.<\/figcaption><\/figure><\/a><\/div><div class=\"swiper-slide\" role=\"group\" aria-roledescription=\"slide\" aria-label=\"3 of 6\"><a data-elementor-open-lightbox=\"yes\" data-elementor-lightbox-slideshow=\"5cc204fe\" data-elementor-lightbox-title=\"EFEU Weather station\" data-elementor-lightbox-description=\"EFEU Weather station photo: Petri Koskinen\" data-e-action-hash=\"#elementor-action%3Aaction%3Dlightbox%26settings%3DeyJpZCI6MzQ2NTIsInVybCI6Imh0dHBzOlwvXC9sZW50b3BhaWthdC5maVwvd3AtY29udGVudFwvdXBsb2Fkc1wvRUZFVV9TYWFhc2VtYS5qcGciLCJzbGlkZXNob3ciOiI1Y2MyMDRmZSJ9\" href=\"https:\/\/lentopaikat.fi\/wp-content\/uploads\/EFEU_Saaasema.jpg\"><figure class=\"swiper-slide-inner\"><img decoding=\"async\" class=\"swiper-slide-image\" src=\"https:\/\/lentopaikat.fi\/wp-content\/uploads\/EFEU_Saaasema-768x1024.jpg\" alt=\"EFEU Weather station photo: Petri Koskinen\" \/><figcaption class=\"elementor-image-carousel-caption\">EFEU Weather station photo: Petri Koskinen<\/figcaption><\/figure><\/a><\/div><div class=\"swiper-slide\" role=\"group\" aria-roledescription=\"slide\" aria-label=\"4 of 6\"><a data-elementor-open-lightbox=\"yes\" data-elementor-lightbox-slideshow=\"5cc204fe\" data-elementor-lightbox-title=\"EFEU RWY 29\" data-elementor-lightbox-description=\"Runway 29 threshold. Photo taken on 26 April 2014. Photo: Mika Tapio.\" data-e-action-hash=\"#elementor-action%3Aaction%3Dlightbox%26settings%3DeyJpZCI6MzQ2NDMsInVybCI6Imh0dHBzOlwvXC9sZW50b3BhaWthdC5maVwvd3AtY29udGVudFwvdXBsb2Fkc1wvRUZFVV8yNi4wNC4yMDE0LVJXWV8yOV8yLmpwZyIsInNsaWRlc2hvdyI6IjVjYzIwNGZlIn0%3D\" href=\"https:\/\/lentopaikat.fi\/wp-content\/uploads\/EFEU_26.04.2014-RWY_29_2.jpg\"><figure class=\"swiper-slide-inner\"><img decoding=\"async\" class=\"swiper-slide-image\" src=\"https:\/\/lentopaikat.fi\/wp-content\/uploads\/EFEU_26.04.2014-RWY_29_2-1024x683.jpg\" alt=\"Runway 29 threshold. Photo taken on 26 April 2014. Photo: Mika Tapio.\" \/><figcaption class=\"elementor-image-carousel-caption\">Runway 29 threshold. Photo taken on 26 April 2014. Photo: Mika Tapio.<\/figcaption><\/figure><\/a><\/div><div class=\"swiper-slide\" role=\"group\" aria-roledescription=\"slide\" aria-label=\"5 of 6\"><a data-elementor-open-lightbox=\"yes\" data-elementor-lightbox-slideshow=\"5cc204fe\" data-elementor-lightbox-title=\"EFEU Office\" data-elementor-lightbox-description=\"The airfield\u2019s office, flight planning, and accommodation building, completed in 2013. Photo: Jari J\u00e4rvinen. (Click to enlarge.)\" data-e-action-hash=\"#elementor-action%3Aaction%3Dlightbox%26settings%3DeyJpZCI6MzQ2NTMsInVybCI6Imh0dHBzOlwvXC9sZW50b3BhaWthdC5maVwvd3AtY29udGVudFwvdXBsb2Fkc1wvZWZldV90b2ltaXN0by5qcGciLCJzbGlkZXNob3ciOiI1Y2MyMDRmZSJ9\" href=\"https:\/\/lentopaikat.fi\/wp-content\/uploads\/efeu_toimisto.jpg\"><figure class=\"swiper-slide-inner\"><img decoding=\"async\" class=\"swiper-slide-image\" src=\"https:\/\/lentopaikat.fi\/wp-content\/uploads\/efeu_toimisto-1024x695.jpg\" alt=\"The airfield\u2019s office, flight planning, and accommodation building, completed in 2013. Photo: Jari J\u00e4rvinen. (Click to enlarge.)\" \/><figcaption class=\"elementor-image-carousel-caption\">The airfield\u2019s office, flight planning, and accommodation building, completed in 2013. Photo: Jari J\u00e4rvinen. (Click to enlarge.)<\/figcaption><\/figure><\/a><\/div><div class=\"swiper-slide\" role=\"group\" aria-roledescription=\"slide\" aria-label=\"6 of 6\"><a data-elementor-open-lightbox=\"yes\" data-elementor-lightbox-slideshow=\"5cc204fe\" data-elementor-lightbox-title=\"EFEU Hangars\" data-elementor-lightbox-description=\"The airfield hangars, 30 July 2005. Photo: Olli Linna. (Click to enlarge.)\" data-e-action-hash=\"#elementor-action%3Aaction%3Dlightbox%26settings%3DeyJpZCI6MzQ2NDgsInVybCI6Imh0dHBzOlwvXC9sZW50b3BhaWthdC5maVwvd3AtY29udGVudFwvdXBsb2Fkc1wvZWZldV9oYWxsaXQuanBnIiwic2xpZGVzaG93IjoiNWNjMjA0ZmUifQ%3D%3D\" href=\"https:\/\/lentopaikat.fi\/wp-content\/uploads\/efeu_hallit.jpg\"><figure class=\"swiper-slide-inner\"><img decoding=\"async\" class=\"swiper-slide-image\" src=\"https:\/\/lentopaikat.fi\/wp-content\/uploads\/efeu_hallit.jpg\" alt=\"The airfield hangars, 30 July 2005. Photo: Olli Linna. (Click to enlarge.)\" \/><figcaption class=\"elementor-image-carousel-caption\">The airfield hangars, 30 July 2005. Photo: Olli Linna. (Click to enlarge.)<\/figcaption><\/figure><\/a><\/div>\t\t\t<\/div>\n\t\t\t\t\t\t\t\t\t\t\t\t<div class=\"elementor-swiper-button elementor-swiper-button-prev\" role=\"button\" tabindex=\"0\">\n\t\t\t\t\t\t<i aria-hidden=\"true\" class=\"eicon-chevron-left\"><\/i>\t\t\t\t\t<\/div>\n\t\t\t\t\t<div class=\"elementor-swiper-button elementor-swiper-button-next\" role=\"button\" tabindex=\"0\">\n\t\t\t\t\t\t<i aria-hidden=\"true\" class=\"eicon-chevron-right\"><\/i>\t\t\t\t\t<\/div>\n\t\t\t\t\n\t\t\t\t\t\t\t\t\t<\/div>\n\t\t\t\t\t\t<\/div>\n\t\t\t\t<\/div>\n\t\t\t\t\t<\/div>\n\t\t\t\t<\/div>\n\t\t\t\t\t<\/div>\n\t\t<\/div>\n\t\t\t\t\t<\/div>\n\t\t<\/section>\n\t\t\t\t\t<\/div>\n\t\t<\/div>\n\t\t\t\t\t<\/div>\n\t\t<\/section>\n\t\t\t\t<\/div>\n\t\t","protected":false},"excerpt":{"rendered":"<p>Eura &#8211; EFEU Warning! T\u00e4m\u00e4 on ns, &#8220;k\u00f6yh\u00e4n miehen NOTAM&#8221; eli t\u00e4ll\u00e4 voi varoittaa kent\u00e4ll\u00e4 tapahtuvasta poikkeavasta toiminnasta. T\u00e4m\u00e4 ilmoitus on ajastettavissa ja n\u00e4kyy vain silloin kun on jotain varoitettaavaa Varoitus ei ole suljettavissaT\u00e4m\u00e4n aikaa voi s\u00e4\u00e4t\u00e4 vasemmalta Visibility v\u00e4lilehdest\u00e4 1. Sunset and sunrise and the SERA definition of night 2. General information: The airfield [&hellip;]<\/p>\n","protected":false},"author":1,"featured_media":0,"parent":0,"menu_order":0,"comment_status":"closed","ping_status":"closed","template":"","meta":{"inline_featured_image":false,"_lmt_disableupdate":"","_lmt_disable":"","footnotes":""},"class_list":["post-35799","page","type-page","status-publish","hentry"],"_links":{"self":[{"href":"https:\/\/lentopaikat.fi\/en\/wp-json\/wp\/v2\/pages\/35799","targetHints":{"allow":["GET"]}}],"collection":[{"href":"https:\/\/lentopaikat.fi\/en\/wp-json\/wp\/v2\/pages"}],"about":[{"href":"https:\/\/lentopaikat.fi\/en\/wp-json\/wp\/v2\/types\/page"}],"author":[{"embeddable":true,"href":"https:\/\/lentopaikat.fi\/en\/wp-json\/wp\/v2\/users\/1"}],"replies":[{"embeddable":true,"href":"https:\/\/lentopaikat.fi\/en\/wp-json\/wp\/v2\/comments?post=35799"}],"version-history":[{"count":0,"href":"https:\/\/lentopaikat.fi\/en\/wp-json\/wp\/v2\/pages\/35799\/revisions"}],"wp:attachment":[{"href":"https:\/\/lentopaikat.fi\/en\/wp-json\/wp\/v2\/media?parent=35799"}],"curies":[{"name":"wp","href":"https:\/\/api.w.org\/{rel}","templated":true}]}}