{"id":35786,"date":"2022-11-17T14:08:25","date_gmt":"2022-11-17T12:08:25","guid":{"rendered":"https:\/\/lentopaikat.fi\/alavus-efal\/"},"modified":"2023-05-19T17:58:22","modified_gmt":"2023-05-19T15:58:22","slug":"alavus-efal","status":"publish","type":"page","link":"https:\/\/lentopaikat.fi\/en\/alavus-efal\/","title":{"rendered":"Alavus &#8211; EFAL"},"content":{"rendered":"\t\t<div data-elementor-type=\"wp-page\" data-elementor-id=\"35786\" class=\"elementor elementor-35786 elementor-35772\" data-elementor-post-type=\"page\">\n\t\t\t\t\t\t<section class=\"elementor-section elementor-top-section elementor-element elementor-element-1434166f elementor-section-height-min-height elementor-section-full_width elementor-section-height-default elementor-section-items-middle\" data-id=\"1434166f\" data-element_type=\"section\" data-e-type=\"section\" data-settings=\"{&quot;background_background&quot;:&quot;classic&quot;}\">\n\t\t\t\t\t\t\t<div class=\"elementor-background-overlay\"><\/div>\n\t\t\t\t\t\t\t<div class=\"elementor-container elementor-column-gap-default\">\n\t\t\t\t\t<div class=\"elementor-column elementor-col-50 elementor-top-column elementor-element elementor-element-39343177\" data-id=\"39343177\" data-element_type=\"column\" data-e-type=\"column\">\n\t\t\t<div class=\"elementor-widget-wrap elementor-element-populated\">\n\t\t\t\t\t\t<div class=\"elementor-element elementor-element-71d2b85b elementor-widget elementor-widget-heading\" data-id=\"71d2b85b\" data-element_type=\"widget\" data-e-type=\"widget\" data-widget_type=\"heading.default\">\n\t\t\t\t<div class=\"elementor-widget-container\">\n\t\t\t\t\t<h2 class=\"elementor-heading-title elementor-size-default\">Alavus- EFAL<\/h2>\t\t\t\t<\/div>\n\t\t\t\t<\/div>\n\t\t\t\t\t<\/div>\n\t\t<\/div>\n\t\t\t\t<div class=\"elementor-column elementor-col-50 elementor-top-column elementor-element elementor-element-fe4cc65\" data-id=\"fe4cc65\" data-element_type=\"column\" data-e-type=\"column\">\n\t\t\t<div class=\"elementor-widget-wrap\">\n\t\t\t\t\t\t\t<\/div>\n\t\t<\/div>\n\t\t\t\t\t<\/div>\n\t\t<\/section>\n\t\t\t\t<section class=\"elementor-section elementor-top-section elementor-element elementor-element-25377f97 elementor-section-full_width elementor-section-height-default elementor-section-height-default\" data-id=\"25377f97\" data-element_type=\"section\" data-e-type=\"section\">\n\t\t\t\t\t\t<div class=\"elementor-container elementor-column-gap-default\">\n\t\t\t\t\t<div class=\"elementor-column elementor-col-100 elementor-top-column elementor-element elementor-element-38d04edd\" data-id=\"38d04edd\" data-element_type=\"column\" data-e-type=\"column\">\n\t\t\t<div class=\"elementor-widget-wrap elementor-element-populated\">\n\t\t\t\t\t\t<section class=\"elementor-section elementor-inner-section elementor-element elementor-element-279bc109 elementor-section-full_width elementor-section-height-default elementor-section-height-default\" data-id=\"279bc109\" data-element_type=\"section\" data-e-type=\"section\">\n\t\t\t\t\t\t<div class=\"elementor-container elementor-column-gap-wide\">\n\t\t\t\t\t<div class=\"elementor-column elementor-col-50 elementor-inner-column elementor-element elementor-element-4b2a17fb\" data-id=\"4b2a17fb\" data-element_type=\"column\" data-e-type=\"column\">\n\t\t\t<div class=\"elementor-widget-wrap elementor-element-populated\">\n\t\t\t\t<!-- dce invisible element 67f26cfb -->\t\t<div class=\"elementor-element elementor-element-64eb5026 elementor-widget elementor-widget-heading\" data-id=\"64eb5026\" data-element_type=\"widget\" data-e-type=\"widget\" data-widget_type=\"heading.default\">\n\t\t\t\t<div class=\"elementor-widget-container\">\n\t\t\t\t\t<h5 class=\"elementor-heading-title elementor-size-default\">1. Sunset and sunrise and the SERA definition of night<\/h5>\t\t\t\t<\/div>\n\t\t\t\t<\/div>\n\t\t\t\t<div class=\"elementor-element elementor-element-4bde9440 elementor-widget elementor-widget-shortcode\" data-id=\"4bde9440\" data-element_type=\"widget\" data-e-type=\"widget\" data-widget_type=\"shortcode.default\">\n\t\t\t\t<div class=\"elementor-widget-container\">\n\t\t\t\t\t\t\t<div class=\"elementor-shortcode\"><table><tbody><tr><td>Finnish time today, 29.04.2026<\/br><b> - Night ends: 04:19<\/br> - Sunrise: 05:18<\/br> - Sunset: 21:31<\/br> - Night begins: 22:30<\/br><\/b><\/td>\r\n<td> Times tomorrow <\/br><b> - Night ends tomorrow: 04:15<\/br> - Sunrise tomorrow: 05:14<\/br> - sunset tomorrow: 21:34<\/br> - Night begins tomorrow: 22:33<\/b><\/td><\/tr><\/tbody><\/table><\/div>\n\t\t\t\t\t\t<\/div>\n\t\t\t\t<\/div>\n\t\t\t\t<div class=\"elementor-element elementor-element-37f57a1b elementor-widget elementor-widget-heading\" data-id=\"37f57a1b\" data-element_type=\"widget\" data-e-type=\"widget\" data-widget_type=\"heading.default\">\n\t\t\t\t<div class=\"elementor-widget-container\">\n\t\t\t\t\t<h5 class=\"elementor-heading-title elementor-size-default\">2. General information:<\/h5>\t\t\t\t<\/div>\n\t\t\t\t<\/div>\n\t\t\t\t<div class=\"elementor-element elementor-element-34c7cc7a elementor-widget elementor-widget-text-editor\" data-id=\"34c7cc7a\" data-element_type=\"widget\" data-e-type=\"widget\" data-widget_type=\"text-editor.default\">\n\t\t\t\t<div class=\"elementor-widget-container\">\n\t\t\t\t\t\t\t\t\t<p>The Alavus airfield is a calm South-Ostrobothnian field concentrating on parachuting activities. The field is situated some three kilometres south of the Alavus town, one km west of the southern tip of Kirkkoj\u00e4rvi lake. There is a hotel, petrol station, and normal services. Radio taxis operate in the area. The field is used by aviators, aeromodellers, and Alavuden Ilmailukerho, the Alavus Flying Club. There are two hangars on the field. The older is of half-open construction, and has room for one or two aircraft. The newer hangar has room for four aircraft. The parking area is adequate for 4 to 5 light aircraft or 2 to 3 motor gliders. There is also a fueling station maintained by the club which provides JET-A1 aircraft fuel. The club lodge is new and well equipped.<\/p>\n\t\t\t\t\t\t\t\t<\/div>\n\t\t\t\t<\/div>\n\t\t\t\t<div class=\"elementor-element elementor-element-4aa8996 elementor-widget elementor-widget-heading\" data-id=\"4aa8996\" data-element_type=\"widget\" data-e-type=\"widget\" data-widget_type=\"heading.default\">\n\t\t\t\t<div class=\"elementor-widget-container\">\n\t\t\t\t\t<h5 class=\"elementor-heading-title elementor-size-default\">3.  Price Information:<\/h5>\t\t\t\t<\/div>\n\t\t\t\t<\/div>\n\t\t\t\t<div class=\"elementor-element elementor-element-1a7c1913 elementor-widget elementor-widget-text-editor\" data-id=\"1a7c1913\" data-element_type=\"widget\" data-e-type=\"widget\" data-widget_type=\"text-editor.default\">\n\t\t\t\t<div class=\"elementor-widget-container\">\n\t\t\t\t\t\t\t\t\t<p>landing fee 10\u20ac or 80\u20ac\/season<br \/>\n150\u20ac\/season for using Alavus as your home field<br \/>\nBank: FI53 5007 0040 0077 44<br \/>\nMore information (in Finnish)\u00a0\u00a0<a href=\"http:\/\/www.alavudenilmailukerho.com\/kerho\/lentokentta\">http:\/\/www.alavudenilmailukerho.com\/kerho\/lentokentta<\/a><\/p>\n\t\t\t\t\t\t\t\t<\/div>\n\t\t\t\t<\/div>\n\t\t\t\t<div class=\"elementor-element elementor-element-2b2d316c elementor-widget elementor-widget-heading\" data-id=\"2b2d316c\" data-element_type=\"widget\" data-e-type=\"widget\" data-widget_type=\"heading.default\">\n\t\t\t\t<div class=\"elementor-widget-container\">\n\t\t\t\t\t<h5 class=\"elementor-heading-title elementor-size-default\">4. The Airport:<\/h5>\t\t\t\t<\/div>\n\t\t\t\t<\/div>\n\t\t\t\t<div class=\"elementor-element elementor-element-5a279c2e elementor-widget elementor-widget-text-editor\" data-id=\"5a279c2e\" data-element_type=\"widget\" data-e-type=\"widget\" data-widget_type=\"text-editor.default\">\n\t\t\t\t<div class=\"elementor-widget-container\">\n\t\t\t\t\t\t\t\t\t<p>The runway and parking area were reconsructed and resurfaced 2013. There are no taxiways, so it is advisable to make arrival messages well before landing. At the eastern end of the field northern winds may create a rotor effect, and at the west end it is often a little bumpy in thermal conditions.<\/p>\n\t\t\t\t\t\t\t\t<\/div>\n\t\t\t\t<\/div>\n\t\t\t\t<div class=\"elementor-element elementor-element-3985a55f elementor-widget elementor-widget-heading\" data-id=\"3985a55f\" data-element_type=\"widget\" data-e-type=\"widget\" data-widget_type=\"heading.default\">\n\t\t\t\t<div class=\"elementor-widget-container\">\n\t\t\t\t\t<h5 class=\"elementor-heading-title elementor-size-default\">5. Basic data:<\/h5>\t\t\t\t<\/div>\n\t\t\t\t<\/div>\n\t\t\t\t<div class=\"elementor-element elementor-element-6a5cefec elementor-widget elementor-widget-text-editor\" data-id=\"6a5cefec\" data-element_type=\"widget\" data-e-type=\"widget\" data-widget_type=\"text-editor.default\">\n\t\t\t\t<div class=\"elementor-widget-container\">\n\t\t\t\t\t\t\t\t\t<div id=\"\" class=\"su-box su-box-style-default\"><\/div>\n<div id=\"\" class=\"su-box su-box-style-default\">\n<div class=\"su-box-content su-u-clearfix su-u-trim\"><strong>Coordinates:<\/strong> 623317N 0233424E<br \/>\n<strong>Runway:<\/strong> 08\/26 \u2013 750 x 18 m \u2013 asphalt<br \/>\n<strong>LDA:<\/strong> 08: 750 m, 26: 750 m<br \/>\n<strong>Radio Frequency:<\/strong> 123,500<br \/>\n<strong>Airport elevation:<\/strong> 124 m (407 ft)<br \/>\n<strong>Fuel availability:<\/strong> Maintained by the club (JET-A1)<br \/>\n<strong>Announcements:<\/strong> <a class=\"popup\" href=\"https:\/\/lentopaikat.fi\/notam\/notam.php?a=EFAL\" data-width=\"500\" data-height=\"600\" data-scrollbars=\"1\">NOTAM<\/a><\/div>\n<\/div>\n\t\t\t\t\t\t\t\t<\/div>\n\t\t\t\t<\/div>\n\t\t\t\t<div class=\"elementor-element elementor-element-377a569d elementor-widget elementor-widget-heading\" data-id=\"377a569d\" data-element_type=\"widget\" data-e-type=\"widget\" data-widget_type=\"heading.default\">\n\t\t\t\t<div class=\"elementor-widget-container\">\n\t\t\t\t\t<h5 class=\"elementor-heading-title elementor-size-default\"> 6. Sight seeing and services<\/h5>\t\t\t\t<\/div>\n\t\t\t\t<\/div>\n\t\t\t\t<div class=\"elementor-element elementor-element-5f2d7860 elementor-widget elementor-widget-text-editor\" data-id=\"5f2d7860\" data-element_type=\"widget\" data-e-type=\"widget\" data-widget_type=\"text-editor.default\">\n\t\t\t\t<div class=\"elementor-widget-container\">\n\t\t\t\t\t\t\t\t\t<p>The plains of South-Ostrobothnia are unbelievably level and swampy. The landscape is pleasant and fine, there are several small airfields within an one hour radius. In the town there are lively activities during the summer months. The Rock-devoted Pub Ittelismies and the centre hotel provide food for both body and soul. Art can be enjoyed at the Taidekeskus HARRI gallery (Harrintie 10, phone +358 6 5161 406, summertime +358 6 5161 431).<\/p>\n\t\t\t\t\t\t\t\t<\/div>\n\t\t\t\t<\/div>\n\t\t\t\t<div class=\"elementor-element elementor-element-138d5f31 elementor-widget elementor-widget-heading\" data-id=\"138d5f31\" data-element_type=\"widget\" data-e-type=\"widget\" data-widget_type=\"heading.default\">\n\t\t\t\t<div class=\"elementor-widget-container\">\n\t\t\t\t\t<h5 class=\"elementor-heading-title elementor-size-default\">7. Contact information:<\/h5>\t\t\t\t<\/div>\n\t\t\t\t<\/div>\n\t\t\t\t<div class=\"elementor-element elementor-element-431eadb elementor-widget elementor-widget-text-editor\" data-id=\"431eadb\" data-element_type=\"widget\" data-e-type=\"widget\" data-widget_type=\"text-editor.default\">\n\t\t\t\t<div class=\"elementor-widget-container\">\n\t\t\t\t\t\t\t\t\t<p>Airport chief: Valtteri Saarij\u00e4rvi phone: +358 50 4358002<br \/>\nAlavuden Ilmailukerho Alavus Flying Club chairman Jussi Koivusalo phone +358 44 0550256<br \/>\nFlying club phone: +4358 45 121 5767<br \/>\nE-mail:\u00a0<span id=\"wpmt-611869-381565\">alavuudenik@gmail.com<\/span><br \/>\nTaxi: +358 6 1064 90.<\/p>\n\t\t\t\t\t\t\t\t<\/div>\n\t\t\t\t<\/div>\n\t\t\t\t<div class=\"elementor-element elementor-element-53af8896 elementor-widget elementor-widget-heading\" data-id=\"53af8896\" data-element_type=\"widget\" data-e-type=\"widget\" data-widget_type=\"heading.default\">\n\t\t\t\t<div class=\"elementor-widget-container\">\n\t\t\t\t\t<h5 class=\"elementor-heading-title elementor-size-default\">8.  Links:<\/h5>\t\t\t\t<\/div>\n\t\t\t\t<\/div>\n\t\t\t\t<div class=\"elementor-element elementor-element-eaa6e2d elementor-widget elementor-widget-text-editor\" data-id=\"eaa6e2d\" data-element_type=\"widget\" data-e-type=\"widget\" data-widget_type=\"text-editor.default\">\n\t\t\t\t<div class=\"elementor-widget-container\">\n\t\t\t\t\t\t\t\t\t<ul>\n<li><a href=\"https:\/\/www.lentokoulu-vfly.fi\/\" target=\"_blank\" rel=\"noopener\">https:\/\/www.lentokoulu-vfly.fi\/<\/a><\/li>\n<li><a href=\"https:\/\/www.harringrillikahvio.fi\/\">https:\/\/www.harringrillikahvio.fi\/<\/a><\/li>\n<li><a href=\"https:\/\/www.alavudenilmailukerho.com\/\">https:\/\/www.alavudenilmailukerho.com\/<\/a><\/li>\n<li><a href=\"https:\/\/www.ravintolawagner.fi\/\">https:\/\/www.ravintolawagner.fi\/<\/a><\/li>\n<li><a href=\"https:\/\/tuuri.fi\/majoitu\/hotelli-alavus\/\">https:\/\/tuuri.fi\/majoitu\/hotelli-alavus\/<\/a><\/li>\n<li><a href=\"https:\/\/www.visitalavus.fi\/\">https:\/\/www.visitalavus.fi\/<\/a><\/li>\n<\/ul>\n\t\t\t\t\t\t\t\t<\/div>\n\t\t\t\t<\/div>\n\t\t\t\t<div class=\"elementor-element elementor-element-71934a99 elementor-widget elementor-widget-heading\" data-id=\"71934a99\" data-element_type=\"widget\" data-e-type=\"widget\" data-widget_type=\"heading.default\">\n\t\t\t\t<div class=\"elementor-widget-container\">\n\t\t\t\t\t<h5 class=\"elementor-heading-title elementor-size-default\">9. Map<\/h5>\t\t\t\t<\/div>\n\t\t\t\t<\/div>\n\t\t\t\t<div class=\"elementor-element elementor-element-340ff072 elementor-widget elementor-widget-google_maps\" data-id=\"340ff072\" data-element_type=\"widget\" data-e-type=\"widget\" data-widget_type=\"google_maps.default\">\n\t\t\t\t<div class=\"elementor-widget-container\">\n\t\t\t\t\t\t\t<div class=\"elementor-custom-embed\">\n\t\t\t<iframe loading=\"lazy\"\n\t\t\t\t\tsrc=\"https:\/\/www.google.com\/maps\/embed\/v1\/place?key=AIzaSyC1j1iK8FQx51JcFwNxcbaAudBg3BxuVow&#038;q=Alavuuden%20lentokentt%C3%A4&#038;zoom=13\"\n\t\t\t\t\ttitle=\"Alavuuden lentokentt\u00e4\"\n\t\t\t\t\taria-label=\"Alavuuden lentokentt\u00e4\"\n\t\t\t><\/iframe>\n\t\t<\/div>\n\t\t\t\t\t\t<\/div>\n\t\t\t\t<\/div>\n\t\t\t\t\t<\/div>\n\t\t<\/div>\n\t\t\t\t<div class=\"elementor-column elementor-col-50 elementor-inner-column elementor-element elementor-element-3384971\" data-id=\"3384971\" data-element_type=\"column\" data-e-type=\"column\">\n\t\t\t<div class=\"elementor-widget-wrap elementor-element-populated\">\n\t\t\t\t\t\t<div class=\"elementor-element elementor-element-6fc2fc03 elementor-widget elementor-widget-image\" data-id=\"6fc2fc03\" data-element_type=\"widget\" data-e-type=\"widget\" data-widget_type=\"image.default\">\n\t\t\t\t<div class=\"elementor-widget-container\">\n\t\t\t\t\t\t\t\t\t\t\t\t<figure class=\"wp-caption\">\n\t\t\t\t\t\t\t\t\t\t\t<a href=\"https:\/\/lentopaikat.fi\/wp-content\/uploads\/efal.gif\" data-elementor-open-lightbox=\"yes\" data-elementor-lightbox-title=\"efal\" data-e-action-hash=\"#elementor-action%3Aaction%3Dlightbox%26settings%3DeyJpZCI6MzQ2MzIsInVybCI6Imh0dHBzOlwvXC9sZW50b3BhaWthdC5maVwvd3AtY29udGVudFwvdXBsb2Fkc1wvZWZhbC5naWYifQ%3D%3D\">\n\t\t\t\t\t\t\t<img fetchpriority=\"high\" decoding=\"async\" width=\"200\" height=\"352\" src=\"https:\/\/lentopaikat.fi\/wp-content\/uploads\/efal.gif\" class=\"attachment-large size-large wp-image-34632\" alt=\"\" \/>\t\t\t\t\t\t\t\t<\/a>\n\t\t\t\t\t\t\t\t\t\t\t<figcaption class=\"widget-image-caption wp-caption-text\"><\/figcaption>\n\t\t\t\t\t\t\t\t\t\t<\/figure>\n\t\t\t\t\t\t\t\t\t<\/div>\n\t\t\t\t<\/div>\n\t\t\t\t<div class=\"elementor-element elementor-element-919b30d elementor-widget elementor-widget-image\" data-id=\"919b30d\" data-element_type=\"widget\" data-e-type=\"widget\" data-widget_type=\"image.default\">\n\t\t\t\t<div class=\"elementor-widget-container\">\n\t\t\t\t\t\t\t\t\t\t\t\t\t\t\t\t<a href=\"https:\/\/lentopaikat.fi\/wp-content\/uploads\/EFAL_LDG.pdf\" target=\"_blank\">\n\t\t\t\t\t\t\t<img decoding=\"async\" width=\"724\" height=\"1024\" src=\"https:\/\/lentopaikat.fi\/wp-content\/uploads\/EFAL_LDG-724x1024.jpg\" class=\"attachment-large size-large wp-image-37910\" alt=\"\" srcset=\"https:\/\/lentopaikat.fi\/wp-content\/uploads\/EFAL_LDG-724x1024.jpg 724w, https:\/\/lentopaikat.fi\/wp-content\/uploads\/EFAL_LDG-212x300.jpg 212w, https:\/\/lentopaikat.fi\/wp-content\/uploads\/EFAL_LDG-768x1086.jpg 768w, https:\/\/lentopaikat.fi\/wp-content\/uploads\/EFAL_LDG-1086x1536.jpg 1086w, https:\/\/lentopaikat.fi\/wp-content\/uploads\/EFAL_LDG-1448x2048.jpg 1448w, https:\/\/lentopaikat.fi\/wp-content\/uploads\/EFAL_LDG.jpg 1512w\" sizes=\"(max-width: 724px) 100vw, 724px\" \/>\t\t\t\t\t\t\t\t<\/a>\n\t\t\t\t\t\t\t\t\t\t\t\t\t\t\t<\/div>\n\t\t\t\t<\/div>\n\t\t\t\t<div class=\"elementor-element elementor-element-22121a12 elementor-widget elementor-widget-image\" data-id=\"22121a12\" data-element_type=\"widget\" data-e-type=\"widget\" data-widget_type=\"image.default\">\n\t\t\t\t<div class=\"elementor-widget-container\">\n\t\t\t\t\t\t\t\t\t\t\t\t<figure class=\"wp-caption\">\n\t\t\t\t\t\t\t\t\t\t\t<a href=\"https:\/\/lentopaikat.fi\/wp-content\/uploads\/EFAL_LDG1.pdf\" target=\"_blank\">\n\t\t\t\t\t\t\t<img decoding=\"async\" src=\"https:\/\/lentopaikat.fi\/wp-content\/uploads\/EFAL_LDG1.jpg\" title=\"\" alt=\"\" loading=\"lazy\" \/>\t\t\t\t\t\t\t\t<\/a>\n\t\t\t\t\t\t\t\t\t\t\t<figcaption class=\"widget-image-caption wp-caption-text\">LDG CHART, CLICK ON PICTURE TO OPEN PDF DOCUMENT<\/figcaption>\n\t\t\t\t\t\t\t\t\t\t<\/figure>\n\t\t\t\t\t\t\t\t\t<\/div>\n\t\t\t\t<\/div>\n\t\t<div class=\"elementor-element elementor-element-336684e9 e-flex e-con-boxed e-con e-parent\" data-id=\"336684e9\" data-element_type=\"container\" data-e-type=\"container\">\n\t\t\t\t\t<div class=\"e-con-inner\">\n\t\t\t\t<div class=\"elementor-element elementor-element-25c0ac6d elementor-arrows-position-inside elementor-widget elementor-widget-image-carousel\" data-id=\"25c0ac6d\" data-element_type=\"widget\" data-e-type=\"widget\" data-settings=\"{&quot;slides_to_show&quot;:&quot;1&quot;,&quot;navigation&quot;:&quot;arrows&quot;,&quot;speed&quot;:900,&quot;autoplay&quot;:&quot;yes&quot;,&quot;pause_on_hover&quot;:&quot;yes&quot;,&quot;pause_on_interaction&quot;:&quot;yes&quot;,&quot;autoplay_speed&quot;:5000,&quot;infinite&quot;:&quot;yes&quot;,&quot;effect&quot;:&quot;slide&quot;}\" data-widget_type=\"image-carousel.default\">\n\t\t\t\t<div class=\"elementor-widget-container\">\n\t\t\t\t\t\t\t<div class=\"elementor-image-carousel-wrapper swiper\" role=\"region\" aria-roledescription=\"carousel\" aria-label=\"Image Carousel\" dir=\"ltr\">\n\t\t\t<div class=\"elementor-image-carousel swiper-wrapper swiper-image-stretch\" aria-live=\"off\">\n\t\t\t\t\t\t\t\t<div class=\"swiper-slide\" role=\"group\" aria-roledescription=\"slide\" aria-label=\"1 of 5\"><a data-elementor-open-lightbox=\"yes\" data-elementor-lightbox-slideshow=\"25c0ac6d\" data-elementor-lightbox-title=\"EFAL - Alavus\" data-elementor-lightbox-description=\"ILMAKUVA ALAVUUDEN KENT\u00c4ST\u00c4, KUVA OTETTU 23.6.2015.KUVA JARMO UUSIM\u00c4KI\" data-e-action-hash=\"#elementor-action%3Aaction%3Dlightbox%26settings%3DeyJpZCI6MzQ2MzUsInVybCI6Imh0dHBzOlwvXC9sZW50b3BhaWthdC5maVwvd3AtY29udGVudFwvdXBsb2Fkc1wvRUZBTF9haXJfMjAxNS5qcGciLCJzbGlkZXNob3ciOiIyNWMwYWM2ZCJ9\" href=\"https:\/\/lentopaikat.fi\/wp-content\/uploads\/EFAL_air_2015.jpg\"><figure class=\"swiper-slide-inner\"><img decoding=\"async\" class=\"swiper-slide-image\" src=\"https:\/\/lentopaikat.fi\/wp-content\/uploads\/EFAL_air_2015-1024x769.jpg\" alt=\"EFAL - Alavus\" \/><figcaption class=\"elementor-image-carousel-caption\">EFAL - Alavus<\/figcaption><\/figure><\/a><\/div><div class=\"swiper-slide\" role=\"group\" aria-roledescription=\"slide\" aria-label=\"2 of 5\"><a data-elementor-open-lightbox=\"yes\" data-elementor-lightbox-slideshow=\"25c0ac6d\" data-elementor-lightbox-title=\"EFAL_air_03.07.2013\" data-elementor-lightbox-description=\"ALAVUS ILMASTA 03.07.2013 JUURI KUN KENTT\u00c4 ON SAANUT UUDEN P\u00c4\u00c4LLYSTEEN. (KLIKKAA SUUREKSI)\nKUVA: TOMA\" data-e-action-hash=\"#elementor-action%3Aaction%3Dlightbox%26settings%3DeyJpZCI6MzQ2MzQsInVybCI6Imh0dHBzOlwvXC9sZW50b3BhaWthdC5maVwvd3AtY29udGVudFwvdXBsb2Fkc1wvRUZBTF9haXJfMDMuMDcuMjAxMy5qcGciLCJzbGlkZXNob3ciOiIyNWMwYWM2ZCJ9\" href=\"https:\/\/lentopaikat.fi\/wp-content\/uploads\/EFAL_air_03.07.2013.jpg\"><figure class=\"swiper-slide-inner\"><img decoding=\"async\" class=\"swiper-slide-image\" src=\"https:\/\/lentopaikat.fi\/wp-content\/uploads\/EFAL_air_03.07.2013-1024x595.jpg\" alt=\"ALAVUS ILMASTA 03.07.2013 JUURI KUN KENTT\u00c4 ON SAANUT UUDEN P\u00c4\u00c4LLYSTEEN. (KLIKKAA SUUREKSI)\nKUVA: TOMA\" \/><figcaption class=\"elementor-image-carousel-caption\">ALAVUS ILMASTA 03.07.2013 JUURI KUN KENTT\u00c4 ON SAANUT UUDEN P\u00c4\u00c4LLYSTEEN. (KLIKKAA SUUREKSI)\nKUVA: TOMA<\/figcaption><\/figure><\/a><\/div><div class=\"swiper-slide\" role=\"group\" aria-roledescription=\"slide\" aria-label=\"3 of 5\"><a data-elementor-open-lightbox=\"yes\" data-elementor-lightbox-slideshow=\"25c0ac6d\" data-elementor-lightbox-title=\"EFAL_uusi_asfaltti_syyskuu_2013\" data-elementor-lightbox-description=\"ALAVUUDEN UUSI HIENO ASFALTTI L\u00c4HEMP\u00c4\u00c4. KUVATTU SYYSKUUSSA 2013. (KLIKKAA ISOKSI)\nKUVA: AARNO ISOM\u00c4KI\" data-e-action-hash=\"#elementor-action%3Aaction%3Dlightbox%26settings%3DeyJpZCI6MzQ2NDAsInVybCI6Imh0dHBzOlwvXC9sZW50b3BhaWthdC5maVwvd3AtY29udGVudFwvdXBsb2Fkc1wvRUZBTF91dXNpX2FzZmFsdHRpX3N5eXNrdXVfMjAxMy5qcGciLCJzbGlkZXNob3ciOiIyNWMwYWM2ZCJ9\" href=\"https:\/\/lentopaikat.fi\/wp-content\/uploads\/EFAL_uusi_asfaltti_syyskuu_2013.jpg\"><figure class=\"swiper-slide-inner\"><img decoding=\"async\" class=\"swiper-slide-image\" src=\"https:\/\/lentopaikat.fi\/wp-content\/uploads\/EFAL_uusi_asfaltti_syyskuu_2013-1024x596.jpg\" alt=\"ALAVUUDEN UUSI HIENO ASFALTTI L\u00c4HEMP\u00c4\u00c4. KUVATTU SYYSKUUSSA 2013. (KLIKKAA ISOKSI)\nKUVA: AARNO ISOM\u00c4KI\" \/><figcaption class=\"elementor-image-carousel-caption\">ALAVUUDEN UUSI HIENO ASFALTTI L\u00c4HEMP\u00c4\u00c4. KUVATTU SYYSKUUSSA 2013. (KLIKKAA ISOKSI)\nKUVA: AARNO ISOM\u00c4KI<\/figcaption><\/figure><\/a><\/div><div class=\"swiper-slide\" role=\"group\" aria-roledescription=\"slide\" aria-label=\"4 of 5\"><a data-elementor-open-lightbox=\"yes\" data-elementor-lightbox-slideshow=\"25c0ac6d\" data-elementor-lightbox-title=\"efal_rwy26\" data-elementor-lightbox-description=\"KIITOTIEN 26 L\u00c4HESTYMISLINJAA 3.10.2005. KUVA PEKKA LEHTINEN. (KLIKKAA SUUREKSI)\" data-e-action-hash=\"#elementor-action%3Aaction%3Dlightbox%26settings%3DeyJpZCI6MzQ2MzksInVybCI6Imh0dHBzOlwvXC9sZW50b3BhaWthdC5maVwvd3AtY29udGVudFwvdXBsb2Fkc1wvZWZhbF9yd3kyNi5qcGciLCJzbGlkZXNob3ciOiIyNWMwYWM2ZCJ9\" href=\"https:\/\/lentopaikat.fi\/wp-content\/uploads\/efal_rwy26.jpg\"><figure class=\"swiper-slide-inner\"><img decoding=\"async\" class=\"swiper-slide-image\" src=\"https:\/\/lentopaikat.fi\/wp-content\/uploads\/efal_rwy26.jpg\" alt=\"KIITOTIEN 26 L\u00c4HESTYMISLINJAA 3.10.2005. KUVA PEKKA LEHTINEN. (KLIKKAA SUUREKSI)\" \/><figcaption class=\"elementor-image-carousel-caption\">KIITOTIEN 26 L\u00c4HESTYMISLINJAA 3.10.2005. KUVA PEKKA LEHTINEN. (KLIKKAA SUUREKSI)<\/figcaption><\/figure><\/a><\/div><div class=\"swiper-slide\" role=\"group\" aria-roledescription=\"slide\" aria-label=\"5 of 5\"><a data-elementor-open-lightbox=\"yes\" data-elementor-lightbox-slideshow=\"25c0ac6d\" data-elementor-lightbox-title=\"efal_platta\" data-elementor-lightbox-description=\"SIISTI KERHOTALO JA PITTORESKI HANGAARI POHOJALAASTYYLIIN. KUVA ESA HAAKANA. (KLIKKAA SUUREKSI)\" data-e-action-hash=\"#elementor-action%3Aaction%3Dlightbox%26settings%3DeyJpZCI6MzQ2MzgsInVybCI6Imh0dHBzOlwvXC9sZW50b3BhaWthdC5maVwvd3AtY29udGVudFwvdXBsb2Fkc1wvZWZhbF9wbGF0dGEuanBnIiwic2xpZGVzaG93IjoiMjVjMGFjNmQifQ%3D%3D\" href=\"https:\/\/lentopaikat.fi\/wp-content\/uploads\/efal_platta.jpg\"><figure class=\"swiper-slide-inner\"><img decoding=\"async\" class=\"swiper-slide-image\" src=\"https:\/\/lentopaikat.fi\/wp-content\/uploads\/efal_platta.jpg\" alt=\"SIISTI KERHOTALO JA PITTORESKI HANGAARI POHOJALAASTYYLIIN. KUVA ESA HAAKANA. (KLIKKAA SUUREKSI)\" \/><figcaption class=\"elementor-image-carousel-caption\">SIISTI KERHOTALO JA PITTORESKI HANGAARI POHOJALAASTYYLIIN. KUVA ESA HAAKANA. (KLIKKAA SUUREKSI)<\/figcaption><\/figure><\/a><\/div>\t\t\t<\/div>\n\t\t\t\t\t\t\t\t\t\t\t\t<div class=\"elementor-swiper-button elementor-swiper-button-prev\" role=\"button\" tabindex=\"0\">\n\t\t\t\t\t\t<i aria-hidden=\"true\" class=\"eicon-chevron-left\"><\/i>\t\t\t\t\t<\/div>\n\t\t\t\t\t<div class=\"elementor-swiper-button elementor-swiper-button-next\" role=\"button\" tabindex=\"0\">\n\t\t\t\t\t\t<i aria-hidden=\"true\" class=\"eicon-chevron-right\"><\/i>\t\t\t\t\t<\/div>\n\t\t\t\t\n\t\t\t\t\t\t\t\t\t<\/div>\n\t\t\t\t\t\t<\/div>\n\t\t\t\t<\/div>\n\t\t\t\t\t<\/div>\n\t\t\t\t<\/div>\n\t\t\t\t\t<\/div>\n\t\t<\/div>\n\t\t\t\t\t<\/div>\n\t\t<\/section>\n\t\t\t\t\t<\/div>\n\t\t<\/div>\n\t\t\t\t\t<\/div>\n\t\t<\/section>\n\t\t\t\t<\/div>\n\t\t","protected":false},"excerpt":{"rendered":"<p>Alavus- EFAL Notam! &#8211; 1. Sunset and sunrise and the SERA definition of night 2. General information: The Alavus airfield is a calm South-Ostrobothnian field concentrating on parachuting activities. The field is situated some three kilometres south of the Alavus town, one km west of the southern tip of Kirkkoj\u00e4rvi lake. There is a hotel, [&hellip;]<\/p>\n","protected":false},"author":1,"featured_media":0,"parent":0,"menu_order":0,"comment_status":"closed","ping_status":"closed","template":"","meta":{"inline_featured_image":false,"_lmt_disableupdate":"","_lmt_disable":"","footnotes":""},"class_list":["post-35786","page","type-page","status-publish","hentry"],"_links":{"self":[{"href":"https:\/\/lentopaikat.fi\/en\/wp-json\/wp\/v2\/pages\/35786","targetHints":{"allow":["GET"]}}],"collection":[{"href":"https:\/\/lentopaikat.fi\/en\/wp-json\/wp\/v2\/pages"}],"about":[{"href":"https:\/\/lentopaikat.fi\/en\/wp-json\/wp\/v2\/types\/page"}],"author":[{"embeddable":true,"href":"https:\/\/lentopaikat.fi\/en\/wp-json\/wp\/v2\/users\/1"}],"replies":[{"embeddable":true,"href":"https:\/\/lentopaikat.fi\/en\/wp-json\/wp\/v2\/comments?post=35786"}],"version-history":[{"count":0,"href":"https:\/\/lentopaikat.fi\/en\/wp-json\/wp\/v2\/pages\/35786\/revisions"}],"wp:attachment":[{"href":"https:\/\/lentopaikat.fi\/en\/wp-json\/wp\/v2\/media?parent=35786"}],"curies":[{"name":"wp","href":"https:\/\/api.w.org\/{rel}","templated":true}]}}