{"id":35706,"date":"2022-11-06T19:34:56","date_gmt":"2022-11-06T17:34:56","guid":{"rendered":"https:\/\/lentopaikat.fi\/rayskala-efry\/"},"modified":"2025-03-31T20:07:55","modified_gmt":"2025-03-31T18:07:55","slug":"rayskala-efry","status":"publish","type":"page","link":"https:\/\/lentopaikat.fi\/en\/rayskala-efry\/","title":{"rendered":"R\u00e4ysk\u00e4l\u00e4 &#8211; EFRY"},"content":{"rendered":"\t\t<div data-elementor-type=\"wp-page\" data-elementor-id=\"35706\" class=\"elementor elementor-35706 elementor-35696\" data-elementor-post-type=\"page\">\n\t\t\t\t\t\t<section class=\"elementor-section elementor-top-section elementor-element elementor-element-402e28ab elementor-section-height-min-height elementor-section-full_width elementor-section-height-default elementor-section-items-middle\" data-id=\"402e28ab\" data-element_type=\"section\" data-e-type=\"section\" data-settings=\"{&quot;background_background&quot;:&quot;classic&quot;}\">\n\t\t\t\t\t\t\t<div class=\"elementor-background-overlay\"><\/div>\n\t\t\t\t\t\t\t<div class=\"elementor-container elementor-column-gap-default\">\n\t\t\t\t\t<div class=\"elementor-column elementor-col-50 elementor-top-column elementor-element elementor-element-8c882f6\" data-id=\"8c882f6\" data-element_type=\"column\" data-e-type=\"column\">\n\t\t\t<div class=\"elementor-widget-wrap elementor-element-populated\">\n\t\t\t\t\t\t<div class=\"elementor-element elementor-element-b1ee027 elementor-widget elementor-widget-heading\" data-id=\"b1ee027\" data-element_type=\"widget\" data-e-type=\"widget\" data-widget_type=\"heading.default\">\n\t\t\t\t<div class=\"elementor-widget-container\">\n\t\t\t\t\t<h2 class=\"elementor-heading-title elementor-size-default\">R\u00e4ysk\u00e4l\u00e4 - EFRY<\/h2>\t\t\t\t<\/div>\n\t\t\t\t<\/div>\n\t\t\t\t\t<\/div>\n\t\t<\/div>\n\t\t\t\t<div class=\"elementor-column elementor-col-50 elementor-top-column elementor-element elementor-element-4e52bf5c\" data-id=\"4e52bf5c\" data-element_type=\"column\" data-e-type=\"column\">\n\t\t\t<div class=\"elementor-widget-wrap\">\n\t\t\t\t\t\t\t<\/div>\n\t\t<\/div>\n\t\t\t\t\t<\/div>\n\t\t<\/section>\n\t\t\t\t<section class=\"elementor-section elementor-top-section elementor-element elementor-element-4f41574c elementor-section-full_width elementor-section-height-default elementor-section-height-default\" data-id=\"4f41574c\" data-element_type=\"section\" data-e-type=\"section\">\n\t\t\t\t\t\t<div class=\"elementor-container elementor-column-gap-default\">\n\t\t\t\t\t<div class=\"elementor-column elementor-col-100 elementor-top-column elementor-element elementor-element-3dd1248b\" data-id=\"3dd1248b\" data-element_type=\"column\" data-e-type=\"column\">\n\t\t\t<div class=\"elementor-widget-wrap elementor-element-populated\">\n\t\t\t\t\t\t<section class=\"elementor-section elementor-inner-section elementor-element elementor-element-691db21b elementor-section-full_width elementor-section-height-default elementor-section-height-default\" data-id=\"691db21b\" data-element_type=\"section\" data-e-type=\"section\">\n\t\t\t\t\t\t<div class=\"elementor-container elementor-column-gap-wide\">\n\t\t\t\t\t<div class=\"elementor-column elementor-col-50 elementor-inner-column elementor-element elementor-element-519d0b81\" data-id=\"519d0b81\" data-element_type=\"column\" data-e-type=\"column\">\n\t\t\t<div class=\"elementor-widget-wrap elementor-element-populated\">\n\t\t\t\t<!-- dce invisible element 66220249 -->\t\t<div class=\"elementor-element elementor-element-75d1c88d elementor-widget elementor-widget-heading\" data-id=\"75d1c88d\" data-element_type=\"widget\" data-e-type=\"widget\" data-widget_type=\"heading.default\">\n\t\t\t\t<div class=\"elementor-widget-container\">\n\t\t\t\t\t<h5 class=\"elementor-heading-title elementor-size-default\">1. Sunset and sunrise and the SERA definition of night<\/h5>\t\t\t\t<\/div>\n\t\t\t\t<\/div>\n\t\t\t\t<div class=\"elementor-element elementor-element-54f4083 elementor-widget elementor-widget-shortcode\" data-id=\"54f4083\" data-element_type=\"widget\" data-e-type=\"widget\" data-widget_type=\"shortcode.default\">\n\t\t\t\t<div class=\"elementor-widget-container\">\n\t\t\t\t\t\t\t<div class=\"elementor-shortcode\"><table><tbody><tr><td>Finnish time today, 19.04.2026<\/br><b> - Night ends: 05:06<\/br> - Sunrise: 05:54<\/br> - Sunset: 20:52<\/br> - Night begins: 21:40<\/br><\/b><\/td>\r\n<td> Times tomorrow <\/br><b> - Night ends tomorrow: 05:02<\/br> - Sunrise tomorrow: 05:51<\/br> - sunset tomorrow: 20:55<\/br> - Night begins tomorrow: 21:43<\/b><\/td><\/tr><\/tbody><\/table><\/div>\n\t\t\t\t\t\t<\/div>\n\t\t\t\t<\/div>\n\t\t\t\t<div class=\"elementor-element elementor-element-4dd8fcf8 elementor-widget elementor-widget-heading\" data-id=\"4dd8fcf8\" data-element_type=\"widget\" data-e-type=\"widget\" data-widget_type=\"heading.default\">\n\t\t\t\t<div class=\"elementor-widget-container\">\n\t\t\t\t\t<h5 class=\"elementor-heading-title elementor-size-default\">2. General information:<\/h5>\t\t\t\t<\/div>\n\t\t\t\t<\/div>\n\t\t\t\t<div class=\"elementor-element elementor-element-136a58cd elementor-widget elementor-widget-text-editor\" data-id=\"136a58cd\" data-element_type=\"widget\" data-e-type=\"widget\" data-widget_type=\"text-editor.default\">\n\t\t\t\t<div class=\"elementor-widget-container\">\n\t\t\t\t\t\t\t\t\t<p>Very busy flying centre, with activity in practically all forms of aviation. Numerous courses and events are organised at the field, and the Finnish Sport Aviation Schooling Centre also has activities at the field. The field has its own camping site, which typically in the summer is occupied by a large number of aviators. A sauna is also available. Visitors are recommended to study the R\u00e4ysk\u00e4l\u00e4 airfield www-home pages, see link below.<\/p>\n\t\t\t\t\t\t\t\t<\/div>\n\t\t\t\t<\/div>\n\t\t\t\t<div class=\"elementor-element elementor-element-f79047a elementor-widget elementor-widget-heading\" data-id=\"f79047a\" data-element_type=\"widget\" data-e-type=\"widget\" data-widget_type=\"heading.default\">\n\t\t\t\t<div class=\"elementor-widget-container\">\n\t\t\t\t\t<h5 class=\"elementor-heading-title elementor-size-default\">3.  Price Information:<\/h5>\t\t\t\t<\/div>\n\t\t\t\t<\/div>\n\t\t\t\t<div class=\"elementor-element elementor-element-4412a6aa elementor-widget elementor-widget-text-editor\" data-id=\"4412a6aa\" data-element_type=\"widget\" data-e-type=\"widget\" data-widget_type=\"text-editor.default\">\n\t\t\t\t<div class=\"elementor-widget-container\">\n\t\t\t\t\t\t\t\t\t<p>NIL<\/p>\n\t\t\t\t\t\t\t\t<\/div>\n\t\t\t\t<\/div>\n\t\t\t\t<div class=\"elementor-element elementor-element-273aa3fc elementor-widget elementor-widget-heading\" data-id=\"273aa3fc\" data-element_type=\"widget\" data-e-type=\"widget\" data-widget_type=\"heading.default\">\n\t\t\t\t<div class=\"elementor-widget-container\">\n\t\t\t\t\t<h5 class=\"elementor-heading-title elementor-size-default\">4. The Airport:<\/h5>\t\t\t\t<\/div>\n\t\t\t\t<\/div>\n\t\t\t\t<div class=\"elementor-element elementor-element-381d5ac0 elementor-widget elementor-widget-text-editor\" data-id=\"381d5ac0\" data-element_type=\"widget\" data-e-type=\"widget\" data-widget_type=\"text-editor.default\">\n\t\t\t\t<div class=\"elementor-widget-container\">\n\t\t\t\t\t\t\t\t\t<p>excellent condition, all asphalts renewed in fall 2019<\/p>\n\t\t\t\t\t\t\t\t<\/div>\n\t\t\t\t<\/div>\n\t\t\t\t<div class=\"elementor-element elementor-element-7a651f8d elementor-widget elementor-widget-heading\" data-id=\"7a651f8d\" data-element_type=\"widget\" data-e-type=\"widget\" data-widget_type=\"heading.default\">\n\t\t\t\t<div class=\"elementor-widget-container\">\n\t\t\t\t\t<h5 class=\"elementor-heading-title elementor-size-default\">5. Basic data:<\/h5>\t\t\t\t<\/div>\n\t\t\t\t<\/div>\n\t\t\t\t<div class=\"elementor-element elementor-element-71087517 elementor-widget elementor-widget-text-editor\" data-id=\"71087517\" data-element_type=\"widget\" data-e-type=\"widget\" data-widget_type=\"text-editor.default\">\n\t\t\t\t<div class=\"elementor-widget-container\">\n\t\t\t\t\t\t\t\t\t<p><strong>Coordinates:<\/strong> 604441N 0240628E<br \/>\n<strong>Runways:<\/strong><br \/>\n08L\/26R \u2013 850 x 10\/7 m \u2013 asphalt,<br \/>\n08R\/26L \u2013 1020 x 15\/10 m \u2013 asphalt\/gravel,<br \/>\n12L\/30R \u2013 1270 x 15 m \u2013 asphalt\/gravel,<br \/>\n12R\/30L \u2013 555 x 10 m \u2013 asphalt<br \/>\n<strong>Radio frequency:<\/strong> 122,650<br \/>\n<strong>Airport elevation:<\/strong> 124 m (407 ft)<br \/>\n<strong>Fuel availability:<\/strong> Shell Avgas and Mogas<br \/>\n    <div id=\"airport-efry\">Loading&#8230;<\/div>\r\n\r\n    <script>\r\n      function displayAirportData(airportCode) {\r\n        fetch(\"https:\/\/jtjuslin.kapsi.fi\/kananen\/fuelprices.php\")\r\n          .then((response) => response.json())\r\n          .then((jsonData) => {\r\n            let data = jsonData.airportList;\r\n            let airportData = data.find(\r\n              (item) =>\r\n                item.airportCode.toUpperCase() === airportCode.toUpperCase()\r\n            );\r\n\r\n            if (airportData) {\r\n              let pouserStatusDisplay =\r\n                airportData.pouserStatus === \"OK\"\r\n                  ? `<span class=\"status-ok\">${airportData.pouserStatus}<\/span>`\r\n                  : `<span class=\"status-not-ok\">${airportData.pouserStatus}<\/span>`;\r\n              let fuelPrices = airportData.fuelPrices;\r\n              let fuelPriceInfo = Object.entries(fuelPrices)\r\n                .filter(([_, price]) => price !== \"NA\")\r\n                .map(([fuelType, price]) => `${fuelType}: ${price} \u20ac`)\r\n                .join(\", \");\r\n\r\n              document.getElementById(\r\n                `airport-${airportCode.toLowerCase()}`\r\n              ).innerHTML = `\r\n                            <strong>Kanair:<\/strong> Fuel Status - ${pouserStatusDisplay} <br>\r\n                            <strong>Price:<\/strong> ${fuelPriceInfo}\r\n                        `;\r\n            } else {\r\n              document.getElementById(\r\n                `airport-${airportCode.toLowerCase()}`\r\n              ).textContent = \"Airport data not found.\";\r\n            }\r\n          })\r\n          .catch((error) => console.error(\"Error fetching data:\", error));\r\n      }\r\n\r\n      displayAirportData(\"EFRY\");\r\n    <\/script><br \/>\n<strong>AWS:<\/strong> 122,625 (2 x click); puh. (019) 448 993<br \/>\n<strong>Announcements:<\/strong>\u00a0<a class=\"popup\" href=\"https:\/\/lentopaikat.fi\/notam\/notam.php?a=EFRY\" data-width=\"500\" data-height=\"600\" data-scrollbars=\"1\">NOTAM<\/a><\/p>\n\t\t\t\t\t\t\t\t<\/div>\n\t\t\t\t<\/div>\n\t\t\t\t<div class=\"elementor-element elementor-element-1d141487 elementor-widget elementor-widget-heading\" data-id=\"1d141487\" data-element_type=\"widget\" data-e-type=\"widget\" data-widget_type=\"heading.default\">\n\t\t\t\t<div class=\"elementor-widget-container\">\n\t\t\t\t\t<h5 class=\"elementor-heading-title elementor-size-default\"> 6. Sight seeing and services<\/h5>\t\t\t\t<\/div>\n\t\t\t\t<\/div>\n\t\t\t\t<div class=\"elementor-element elementor-element-342bfd8c elementor-widget elementor-widget-text-editor\" data-id=\"342bfd8c\" data-element_type=\"widget\" data-e-type=\"widget\" data-widget_type=\"text-editor.default\">\n\t\t\t\t<div class=\"elementor-widget-container\">\n\t\t\t\t\t\t\t\t\t<p>There is a popular restaurant on the airport called Restaurant Huhkajalampi, tel. +358 40 746 9912.<br \/>\nAccommodation at the airport, by the lake, is provided by the inexpensive aviation hotel maintained by the R\u00e4ysk\u00e4l\u00e4 Foundation, tel. +358 400 921 260.<br \/>\nThe village shop serves about 500 meters from the field during the summer season (April-September).<\/p>\n\t\t\t\t\t\t\t\t<\/div>\n\t\t\t\t<\/div>\n\t\t\t\t<div class=\"elementor-element elementor-element-3b39a894 elementor-widget elementor-widget-heading\" data-id=\"3b39a894\" data-element_type=\"widget\" data-e-type=\"widget\" data-widget_type=\"heading.default\">\n\t\t\t\t<div class=\"elementor-widget-container\">\n\t\t\t\t\t<h5 class=\"elementor-heading-title elementor-size-default\">7. Contact information:<\/h5>\t\t\t\t<\/div>\n\t\t\t\t<\/div>\n\t\t\t\t<div class=\"elementor-element elementor-element-39cabde8 elementor-widget elementor-widget-text-editor\" data-id=\"39cabde8\" data-element_type=\"widget\" data-e-type=\"widget\" data-widget_type=\"text-editor.default\">\n\t\t\t\t<div class=\"elementor-widget-container\">\n\t\t\t\t\t\t\t\t\t<p>Airport chief: Esko Lehtonen +358 40 672 3243<br \/>\nDirector of activities: Anu Vahteristo puh +358 400 921 260<\/p>\n\t\t\t\t\t\t\t\t<\/div>\n\t\t\t\t<\/div>\n\t\t\t\t<div class=\"elementor-element elementor-element-3df1f9b6 elementor-widget elementor-widget-heading\" data-id=\"3df1f9b6\" data-element_type=\"widget\" data-e-type=\"widget\" data-widget_type=\"heading.default\">\n\t\t\t\t<div class=\"elementor-widget-container\">\n\t\t\t\t\t<h5 class=\"elementor-heading-title elementor-size-default\">8.  Links:<\/h5>\t\t\t\t<\/div>\n\t\t\t\t<\/div>\n\t\t\t\t<div class=\"elementor-element elementor-element-603e9c74 elementor-widget elementor-widget-text-editor\" data-id=\"603e9c74\" data-element_type=\"widget\" data-e-type=\"widget\" data-widget_type=\"text-editor.default\">\n\t\t\t\t<div class=\"elementor-widget-container\">\n\t\t\t\t\t\t\t\t\t<ul>\n<li style=\"list-style-type: none;\">\n<ul>\n<li><a href=\"https:\/\/www.rayskala.fi\/files\/rapy.pdf\">R\u00e4ysk\u00e4l\u00e4 instructions (in Finnish) (pdf)<\/a><\/li>\n<li><a href=\"http:\/\/www.rayskala.fi\/\" target=\"_blank\" rel=\"noopener noreferrer\">R\u00e4ysk\u00e4l\u00e4n airport<\/a><\/li>\n<li><a href=\"https:\/\/www.rayskalanilmailukerho.fi\/\" target=\"_blank\" rel=\"noopener noreferrer\">R\u00e4ysk\u00e4l\u00e4 aviation club<\/a><\/li>\n<li><a href=\"http:\/\/www.lentokalenteri.net\/hui\" target=\"_blank\" rel=\"noopener noreferrer\">H\u00e4meenlinnan ja ymp\u00e4rist\u00f6n urheiluilmailijat ry<\/a><\/li>\n<li><a href=\"http:\/\/www.skydivehame.com\/\" target=\"_blank\" rel=\"noopener noreferrer\">H\u00e4meen laskuvarjourheilijat ry<\/a><\/li>\n<li><a href=\"http:\/\/www.nil.fi\/\" target=\"_blank\" rel=\"noopener noreferrer\">Nuorisoilmailijat ry<\/a><\/li>\n<li><a href=\"https:\/\/www.pik.fi\/\" target=\"_blank\" rel=\"noopener\">Polyteknikkojen ilmailukerho ry<\/a><\/li>\n<\/ul>\n<\/li>\n<\/ul>\n<p>&nbsp;<\/p>\n\t\t\t\t\t\t\t\t<\/div>\n\t\t\t\t<\/div>\n\t\t\t\t<div class=\"elementor-element elementor-element-7684a7cd elementor-widget elementor-widget-heading\" data-id=\"7684a7cd\" data-element_type=\"widget\" data-e-type=\"widget\" data-widget_type=\"heading.default\">\n\t\t\t\t<div class=\"elementor-widget-container\">\n\t\t\t\t\t<h5 class=\"elementor-heading-title elementor-size-default\">9. Map<\/h5>\t\t\t\t<\/div>\n\t\t\t\t<\/div>\n\t\t\t\t<div class=\"elementor-element elementor-element-4bd9fb4c elementor-widget elementor-widget-google_maps\" data-id=\"4bd9fb4c\" data-element_type=\"widget\" data-e-type=\"widget\" data-widget_type=\"google_maps.default\">\n\t\t\t\t<div class=\"elementor-widget-container\">\n\t\t\t\t\t\t\t<div class=\"elementor-custom-embed\">\n\t\t\t<iframe loading=\"lazy\"\n\t\t\t\t\tsrc=\"https:\/\/www.google.com\/maps\/embed\/v1\/place?key=AIzaSyC1j1iK8FQx51JcFwNxcbaAudBg3BxuVow&#038;q=EFRY&#038;zoom=13\"\n\t\t\t\t\ttitle=\"EFRY\"\n\t\t\t\t\taria-label=\"EFRY\"\n\t\t\t><\/iframe>\n\t\t<\/div>\n\t\t\t\t\t\t<\/div>\n\t\t\t\t<\/div>\n\t\t\t\t\t<\/div>\n\t\t<\/div>\n\t\t\t\t<div class=\"elementor-column elementor-col-50 elementor-inner-column elementor-element elementor-element-5de0064d\" data-id=\"5de0064d\" data-element_type=\"column\" data-e-type=\"column\">\n\t\t\t<div class=\"elementor-widget-wrap elementor-element-populated\">\n\t\t\t\t\t\t<div class=\"elementor-element elementor-element-1679a735 elementor-widget elementor-widget-image\" data-id=\"1679a735\" data-element_type=\"widget\" data-e-type=\"widget\" data-widget_type=\"image.default\">\n\t\t\t\t<div class=\"elementor-widget-container\">\n\t\t\t\t\t\t\t\t\t\t\t\t<figure class=\"wp-caption\">\n\t\t\t\t\t\t\t\t\t\t\t<a href=\"https:\/\/lentopaikat.fi\/wp-content\/uploads\/efry.gif\" data-elementor-open-lightbox=\"yes\" data-elementor-lightbox-title=\"efry\" data-e-action-hash=\"#elementor-action%3Aaction%3Dlightbox%26settings%3DeyJpZCI6MzUxMDUsInVybCI6Imh0dHBzOlwvXC9sZW50b3BhaWthdC5maVwvd3AtY29udGVudFwvdXBsb2Fkc1wvZWZyeS5naWYifQ%3D%3D\">\n\t\t\t\t\t\t\t<img fetchpriority=\"high\" decoding=\"async\" width=\"200\" height=\"352\" src=\"https:\/\/lentopaikat.fi\/wp-content\/uploads\/efry.gif\" class=\"attachment-large size-large wp-image-35105\" alt=\"\" \/>\t\t\t\t\t\t\t\t<\/a>\n\t\t\t\t\t\t\t\t\t\t\t<figcaption class=\"widget-image-caption wp-caption-text\"><\/figcaption>\n\t\t\t\t\t\t\t\t\t\t<\/figure>\n\t\t\t\t\t\t\t\t\t<\/div>\n\t\t\t\t<\/div>\n\t\t\t\t<div class=\"elementor-element elementor-element-2aa5a072 elementor-widget elementor-widget-image\" data-id=\"2aa5a072\" data-element_type=\"widget\" data-e-type=\"widget\" data-widget_type=\"image.default\">\n\t\t\t\t<div class=\"elementor-widget-container\">\n\t\t\t\t\t\t\t\t\t\t\t\t<figure class=\"wp-caption\">\n\t\t\t\t\t\t\t\t\t\t\t<a href=\"https:\/\/lentopaikat.fi\/wp-content\/uploads\/EFRY_LDG.pdf\" target=\"_blank\">\n\t\t\t\t\t\t\t<img decoding=\"async\" src=\"https:\/\/lentopaikat.fi\/wp-content\/uploads\/EFRY_LDG.jpg\" title=\"\" alt=\"\" loading=\"lazy\" \/>\t\t\t\t\t\t\t\t<\/a>\n\t\t\t\t\t\t\t\t\t\t\t<figcaption class=\"widget-image-caption wp-caption-text\">LDG CHART, CLICK ON PICTURE TO OPEN PDF DOCUMENT<\/figcaption>\n\t\t\t\t\t\t\t\t\t\t<\/figure>\n\t\t\t\t\t\t\t\t\t<\/div>\n\t\t\t\t<\/div>\n\t\t\t\t<div class=\"elementor-element elementor-element-ba6ac38 elementor-widget elementor-widget-image\" data-id=\"ba6ac38\" data-element_type=\"widget\" data-e-type=\"widget\" data-widget_type=\"image.default\">\n\t\t\t\t<div class=\"elementor-widget-container\">\n\t\t\t\t\t\t\t\t\t\t\t\t<figure class=\"wp-caption\">\n\t\t\t\t\t\t\t\t\t\t\t<a href=\"https:\/\/lentopaikat.fi\/wp-content\/uploads\/EFRY_rullaus-.jpg\" data-elementor-open-lightbox=\"yes\" data-elementor-lightbox-title=\"EFRY_rullaus-\" data-e-action-hash=\"#elementor-action%3Aaction%3Dlightbox%26settings%3DeyJpZCI6MzUxMTMsInVybCI6Imh0dHBzOlwvXC9sZW50b3BhaWthdC5maVwvd3AtY29udGVudFwvdXBsb2Fkc1wvRUZSWV9ydWxsYXVzLS5qcGcifQ%3D%3D\">\n\t\t\t\t\t\t\t<img decoding=\"async\" width=\"800\" height=\"577\" src=\"https:\/\/lentopaikat.fi\/wp-content\/uploads\/EFRY_rullaus--1024x739.jpg\" class=\"attachment-large size-large wp-image-35113\" alt=\"\" srcset=\"https:\/\/lentopaikat.fi\/wp-content\/uploads\/EFRY_rullaus--1024x739.jpg 1024w, https:\/\/lentopaikat.fi\/wp-content\/uploads\/EFRY_rullaus--300x217.jpg 300w, https:\/\/lentopaikat.fi\/wp-content\/uploads\/EFRY_rullaus--768x555.jpg 768w, https:\/\/lentopaikat.fi\/wp-content\/uploads\/EFRY_rullaus--18x12.jpg 18w, https:\/\/lentopaikat.fi\/wp-content\/uploads\/EFRY_rullaus-.jpg 1148w\" sizes=\"(max-width: 800px) 100vw, 800px\" \/>\t\t\t\t\t\t\t\t<\/a>\n\t\t\t\t\t\t\t\t\t\t\t<figcaption class=\"widget-image-caption wp-caption-text\">When runways 12L\/30R and 12R\/30L are closed, only the taxiways marked in green in the picture are allowed. 12R\/30L can be used for taxing. (Click to enlarge)<\/figcaption>\n\t\t\t\t\t\t\t\t\t\t<\/figure>\n\t\t\t\t\t\t\t\t\t<\/div>\n\t\t\t\t<\/div>\n\t\t\t\t<div class=\"elementor-element elementor-element-7f16834 elementor-arrows-position-inside elementor-pagination-position-outside elementor-widget elementor-widget-image-carousel\" data-id=\"7f16834\" data-element_type=\"widget\" data-e-type=\"widget\" data-settings=\"{&quot;slides_to_show&quot;:&quot;1&quot;,&quot;navigation&quot;:&quot;both&quot;,&quot;autoplay&quot;:&quot;yes&quot;,&quot;pause_on_hover&quot;:&quot;yes&quot;,&quot;pause_on_interaction&quot;:&quot;yes&quot;,&quot;autoplay_speed&quot;:5000,&quot;infinite&quot;:&quot;yes&quot;,&quot;effect&quot;:&quot;slide&quot;,&quot;speed&quot;:500}\" data-widget_type=\"image-carousel.default\">\n\t\t\t\t<div class=\"elementor-widget-container\">\n\t\t\t\t\t\t\t<div class=\"elementor-image-carousel-wrapper swiper\" role=\"region\" aria-roledescription=\"carousel\" aria-label=\"Kuvakaruselli\" dir=\"ltr\">\n\t\t\t<div class=\"elementor-image-carousel swiper-wrapper swiper-image-stretch\" aria-live=\"off\">\n\t\t\t\t\t\t\t\t<div class=\"swiper-slide\" role=\"group\" aria-roledescription=\"slide\" aria-label=\"1 of 4\"><a data-elementor-open-lightbox=\"yes\" data-elementor-lightbox-slideshow=\"7f16834\" data-elementor-lightbox-title=\"efry_air\" data-elementor-lightbox-description=\"R\u00c4YSK\u00c4L\u00c4N KENTT\u00c4 ILMASTA K\u00c4SIN N\u00c4HTYN\u00c4 29.5.2004. KUVA JANI LYTTINEN. (KLIKKAA SUUREKSI)\" data-e-action-hash=\"#elementor-action%3Aaction%3Dlightbox%26settings%3DeyJpZCI6MzUxMDYsInVybCI6Imh0dHBzOlwvXC9sZW50b3BhaWthdC5maVwvd3AtY29udGVudFwvdXBsb2Fkc1wvZWZyeV9haXIuanBnIiwic2xpZGVzaG93IjoiN2YxNjgzNCJ9\" href=\"https:\/\/lentopaikat.fi\/wp-content\/uploads\/efry_air.jpg\"><figure class=\"swiper-slide-inner\"><img decoding=\"async\" class=\"swiper-slide-image\" src=\"https:\/\/lentopaikat.fi\/wp-content\/uploads\/efry_air.jpg\" alt=\"R\u00c4YSK\u00c4L\u00c4N KENTT\u00c4 ILMASTA K\u00c4SIN N\u00c4HTYN\u00c4 29.5.2004. KUVA JANI LYTTINEN. (KLIKKAA SUUREKSI)\" \/><figcaption class=\"elementor-image-carousel-caption\">R\u00c4YSK\u00c4L\u00c4N KENTT\u00c4 ILMASTA K\u00c4SIN N\u00c4HTYN\u00c4 29.5.2004. KUVA JANI LYTTINEN. (KLIKKAA SUUREKSI)<\/figcaption><\/figure><\/a><\/div><div class=\"swiper-slide\" role=\"group\" aria-roledescription=\"slide\" aria-label=\"2 of 4\"><a data-elementor-open-lightbox=\"yes\" data-elementor-lightbox-slideshow=\"7f16834\" data-elementor-lightbox-title=\"efry_air4\" data-elementor-lightbox-description=\"LASKUVARJOHYPP\u00c4\u00c4J\u00c4 KENT\u00c4N P\u00c4\u00c4LL\u00c4 29.5.2004. KUVA JANI LYTTINEN. (KLIKKAA SUUREKSI)\" data-e-action-hash=\"#elementor-action%3Aaction%3Dlightbox%26settings%3DeyJpZCI6MzUxMDgsInVybCI6Imh0dHBzOlwvXC9sZW50b3BhaWthdC5maVwvd3AtY29udGVudFwvdXBsb2Fkc1wvZWZyeV9haXI0LmpwZyIsInNsaWRlc2hvdyI6IjdmMTY4MzQifQ%3D%3D\" href=\"https:\/\/lentopaikat.fi\/wp-content\/uploads\/efry_air4.jpg\"><figure class=\"swiper-slide-inner\"><img decoding=\"async\" class=\"swiper-slide-image\" src=\"https:\/\/lentopaikat.fi\/wp-content\/uploads\/efry_air4.jpg\" alt=\"LASKUVARJOHYPP\u00c4\u00c4J\u00c4 KENT\u00c4N P\u00c4\u00c4LL\u00c4 29.5.2004. KUVA JANI LYTTINEN. (KLIKKAA SUUREKSI)\" \/><figcaption class=\"elementor-image-carousel-caption\">LASKUVARJOHYPP\u00c4\u00c4J\u00c4 KENT\u00c4N P\u00c4\u00c4LL\u00c4 29.5.2004. KUVA JANI LYTTINEN. (KLIKKAA SUUREKSI)<\/figcaption><\/figure><\/a><\/div><div class=\"swiper-slide\" role=\"group\" aria-roledescription=\"slide\" aria-label=\"3 of 4\"><a data-elementor-open-lightbox=\"yes\" data-elementor-lightbox-slideshow=\"7f16834\" data-elementor-lightbox-title=\"efry_air3\" data-elementor-lightbox-description=\"ILMAKUVA LASKUVARJOHYPP\u00c4\u00c4J\u00c4N SILMIN 29.5.2004. KUVA JANI LYTTINEN. (KLIKKAA SUUREKSI)\" data-e-action-hash=\"#elementor-action%3Aaction%3Dlightbox%26settings%3DeyJpZCI6MzUxMDcsInVybCI6Imh0dHBzOlwvXC9sZW50b3BhaWthdC5maVwvd3AtY29udGVudFwvdXBsb2Fkc1wvZWZyeV9haXIzLmpwZyIsInNsaWRlc2hvdyI6IjdmMTY4MzQifQ%3D%3D\" href=\"https:\/\/lentopaikat.fi\/wp-content\/uploads\/efry_air3.jpg\"><figure class=\"swiper-slide-inner\"><img decoding=\"async\" class=\"swiper-slide-image\" src=\"https:\/\/lentopaikat.fi\/wp-content\/uploads\/efry_air3.jpg\" alt=\"ILMAKUVA LASKUVARJOHYPP\u00c4\u00c4J\u00c4N SILMIN 29.5.2004. KUVA JANI LYTTINEN. (KLIKKAA SUUREKSI)\" \/><figcaption class=\"elementor-image-carousel-caption\">ILMAKUVA LASKUVARJOHYPP\u00c4\u00c4J\u00c4N SILMIN 29.5.2004. KUVA JANI LYTTINEN. (KLIKKAA SUUREKSI)<\/figcaption><\/figure><\/a><\/div><div class=\"swiper-slide\" role=\"group\" aria-roledescription=\"slide\" aria-label=\"4 of 4\"><a data-elementor-open-lightbox=\"yes\" data-elementor-lightbox-slideshow=\"7f16834\" data-elementor-lightbox-title=\"efry_air\" data-elementor-lightbox-description=\"R\u00c4YSK\u00c4L\u00c4N KENTT\u00c4 ILMASTA K\u00c4SIN N\u00c4HTYN\u00c4 29.5.2004. KUVA JANI LYTTINEN. (KLIKKAA SUUREKSI)\" data-e-action-hash=\"#elementor-action%3Aaction%3Dlightbox%26settings%3DeyJpZCI6MzUxMDYsInVybCI6Imh0dHBzOlwvXC9sZW50b3BhaWthdC5maVwvd3AtY29udGVudFwvdXBsb2Fkc1wvZWZyeV9haXIuanBnIiwic2xpZGVzaG93IjoiN2YxNjgzNCJ9\" href=\"https:\/\/lentopaikat.fi\/wp-content\/uploads\/efry_air.jpg\"><figure class=\"swiper-slide-inner\"><img decoding=\"async\" class=\"swiper-slide-image\" src=\"https:\/\/lentopaikat.fi\/wp-content\/uploads\/efry_air.jpg\" alt=\"R\u00c4YSK\u00c4L\u00c4N KENTT\u00c4 ILMASTA K\u00c4SIN N\u00c4HTYN\u00c4 29.5.2004. KUVA JANI LYTTINEN. (KLIKKAA SUUREKSI)\" \/><figcaption class=\"elementor-image-carousel-caption\">R\u00c4YSK\u00c4L\u00c4N KENTT\u00c4 ILMASTA K\u00c4SIN N\u00c4HTYN\u00c4 29.5.2004. KUVA JANI LYTTINEN. (KLIKKAA SUUREKSI)<\/figcaption><\/figure><\/a><\/div>\t\t\t<\/div>\n\t\t\t\t\t\t\t\t\t\t\t\t<div class=\"elementor-swiper-button elementor-swiper-button-prev\" role=\"button\" tabindex=\"0\">\n\t\t\t\t\t\t<i aria-hidden=\"true\" class=\"eicon-chevron-left\"><\/i>\t\t\t\t\t<\/div>\n\t\t\t\t\t<div class=\"elementor-swiper-button elementor-swiper-button-next\" role=\"button\" tabindex=\"0\">\n\t\t\t\t\t\t<i aria-hidden=\"true\" class=\"eicon-chevron-right\"><\/i>\t\t\t\t\t<\/div>\n\t\t\t\t\n\t\t\t\t\t\t\t\t\t<div class=\"swiper-pagination\"><\/div>\n\t\t\t\t\t\t\t\t\t<\/div>\n\t\t\t\t\t\t<\/div>\n\t\t\t\t<\/div>\n\t\t\t\t\t<\/div>\n\t\t<\/div>\n\t\t\t\t\t<\/div>\n\t\t<\/section>\n\t\t\t\t\t<\/div>\n\t\t<\/div>\n\t\t\t\t\t<\/div>\n\t\t<\/section>\n\t\t\t\t<\/div>\n\t\t","protected":false},"excerpt":{"rendered":"<p>R\u00e4ysk\u00e4l\u00e4 &#8211; EFRY Warning! T\u00e4m\u00e4 on ns, &#8220;k\u00f6yh\u00e4n miehen NOTAM&#8221; eli t\u00e4ll\u00e4 voi varoittaa kent\u00e4ll\u00e4 tapahtuvasta poikkeavasta toiminnasta. T\u00e4m\u00e4 ilmoitus on ajastettavissa ja n\u00e4kyy vain silloin kun on jotain varoitettaavaa Varoitus ei ole suljettavissa T\u00e4m\u00e4n aikaa voi s\u00e4\u00e4t\u00e4 vasemmalta Visibility v\u00e4lilehdest\u00e4 1. Sunset and sunrise and the SERA definition of night 2. General information: Very [&hellip;]<\/p>\n","protected":false},"author":1,"featured_media":0,"parent":0,"menu_order":0,"comment_status":"closed","ping_status":"closed","template":"","meta":{"inline_featured_image":false,"_lmt_disableupdate":"","_lmt_disable":"","footnotes":""},"class_list":["post-35706","page","type-page","status-publish","hentry"],"_links":{"self":[{"href":"https:\/\/lentopaikat.fi\/en\/wp-json\/wp\/v2\/pages\/35706","targetHints":{"allow":["GET"]}}],"collection":[{"href":"https:\/\/lentopaikat.fi\/en\/wp-json\/wp\/v2\/pages"}],"about":[{"href":"https:\/\/lentopaikat.fi\/en\/wp-json\/wp\/v2\/types\/page"}],"author":[{"embeddable":true,"href":"https:\/\/lentopaikat.fi\/en\/wp-json\/wp\/v2\/users\/1"}],"replies":[{"embeddable":true,"href":"https:\/\/lentopaikat.fi\/en\/wp-json\/wp\/v2\/comments?post=35706"}],"version-history":[{"count":0,"href":"https:\/\/lentopaikat.fi\/en\/wp-json\/wp\/v2\/pages\/35706\/revisions"}],"wp:attachment":[{"href":"https:\/\/lentopaikat.fi\/en\/wp-json\/wp\/v2\/media?parent=35706"}],"curies":[{"name":"wp","href":"https:\/\/api.w.org\/{rel}","templated":true}]}}