{"id":35694,"date":"2022-11-06T19:15:44","date_gmt":"2022-11-06T17:15:44","guid":{"rendered":"https:\/\/lentopaikat.fi\/hyvinkaa-efhv\/"},"modified":"2024-02-02T17:06:28","modified_gmt":"2024-02-02T15:06:28","slug":"hyvinkaa-efhv","status":"publish","type":"page","link":"https:\/\/lentopaikat.fi\/en\/hyvinkaa-efhv\/","title":{"rendered":"Hyvink\u00e4\u00e4 &#8211; EFHV"},"content":{"rendered":"\t\t<div data-elementor-type=\"wp-page\" data-elementor-id=\"35694\" class=\"elementor elementor-35694 elementor-35679\" data-elementor-post-type=\"page\">\n\t\t\t\t\t\t<section class=\"elementor-section elementor-top-section elementor-element elementor-element-7e961c6b elementor-section-height-min-height elementor-section-full_width elementor-section-height-default elementor-section-items-middle\" data-id=\"7e961c6b\" data-element_type=\"section\" data-e-type=\"section\" data-settings=\"{&quot;background_background&quot;:&quot;classic&quot;}\">\n\t\t\t\t\t\t\t<div class=\"elementor-background-overlay\"><\/div>\n\t\t\t\t\t\t\t<div class=\"elementor-container elementor-column-gap-default\">\n\t\t\t\t\t<div class=\"elementor-column elementor-col-50 elementor-top-column elementor-element elementor-element-3177d58d\" data-id=\"3177d58d\" data-element_type=\"column\" data-e-type=\"column\">\n\t\t\t<div class=\"elementor-widget-wrap elementor-element-populated\">\n\t\t\t\t\t\t<div class=\"elementor-element elementor-element-11a34ae0 elementor-widget elementor-widget-heading\" data-id=\"11a34ae0\" data-element_type=\"widget\" data-e-type=\"widget\" data-widget_type=\"heading.default\">\n\t\t\t\t<div class=\"elementor-widget-container\">\n\t\t\t\t\t<h2 class=\"elementor-heading-title elementor-size-default\">Hyvink\u00e4\u00e4 - EFHV<\/h2>\t\t\t\t<\/div>\n\t\t\t\t<\/div>\n\t\t\t\t\t<\/div>\n\t\t<\/div>\n\t\t\t\t<div class=\"elementor-column elementor-col-50 elementor-top-column elementor-element elementor-element-368030a5\" data-id=\"368030a5\" data-element_type=\"column\" data-e-type=\"column\">\n\t\t\t<div class=\"elementor-widget-wrap\">\n\t\t\t\t\t\t\t<\/div>\n\t\t<\/div>\n\t\t\t\t\t<\/div>\n\t\t<\/section>\n\t\t\t\t<section class=\"elementor-section elementor-top-section elementor-element elementor-element-54ca9fc4 elementor-section-full_width elementor-section-height-default elementor-section-height-default\" data-id=\"54ca9fc4\" data-element_type=\"section\" data-e-type=\"section\">\n\t\t\t\t\t\t<div class=\"elementor-container elementor-column-gap-default\">\n\t\t\t\t\t<div class=\"elementor-column elementor-col-100 elementor-top-column elementor-element elementor-element-326c7963\" data-id=\"326c7963\" data-element_type=\"column\" data-e-type=\"column\">\n\t\t\t<div class=\"elementor-widget-wrap elementor-element-populated\">\n\t\t\t\t\t\t<section class=\"elementor-section elementor-inner-section elementor-element elementor-element-8d5b483 elementor-section-full_width elementor-section-height-default elementor-section-height-default\" data-id=\"8d5b483\" data-element_type=\"section\" data-e-type=\"section\">\n\t\t\t\t\t\t<div class=\"elementor-container elementor-column-gap-wide\">\n\t\t\t\t\t<div class=\"elementor-column elementor-col-50 elementor-inner-column elementor-element elementor-element-65f7cc78\" data-id=\"65f7cc78\" data-element_type=\"column\" data-e-type=\"column\">\n\t\t\t<div class=\"elementor-widget-wrap elementor-element-populated\">\n\t\t\t\t<!-- dce invisible element 75c6e183 -->\t\t<div class=\"elementor-element elementor-element-72154fb2 elementor-widget elementor-widget-heading\" data-id=\"72154fb2\" data-element_type=\"widget\" data-e-type=\"widget\" data-widget_type=\"heading.default\">\n\t\t\t\t<div class=\"elementor-widget-container\">\n\t\t\t\t\t<h5 class=\"elementor-heading-title elementor-size-default\">1. Sunset and sunrise and the SERA definition of night<\/h5>\t\t\t\t<\/div>\n\t\t\t\t<\/div>\n\t\t\t\t<div class=\"elementor-element elementor-element-2962ba36 elementor-widget elementor-widget-shortcode\" data-id=\"2962ba36\" data-element_type=\"widget\" data-e-type=\"widget\" data-widget_type=\"shortcode.default\">\n\t\t\t\t<div class=\"elementor-widget-container\">\n\t\t\t\t\t\t\t<div class=\"elementor-shortcode\"><table><tbody><tr><td>Finnish time today, 22.04.2026<\/br><b> - Night ends: 04:54<\/br> - Sunrise: 05:43<\/br> - Sunset: 20:58<\/br> - Night begins: 21:47<\/br><\/b><\/td>\r\n<td> Times tomorrow <\/br><b> - Night ends tomorrow: 04:51<\/br> - Sunrise tomorrow: 05:41<\/br> - sunset tomorrow: 21:00<\/br> - Night begins tomorrow: 21:50<\/b><\/td><\/tr><\/tbody><\/table><\/div>\n\t\t\t\t\t\t<\/div>\n\t\t\t\t<\/div>\n\t\t\t\t<div class=\"elementor-element elementor-element-2235dce0 elementor-widget elementor-widget-heading\" data-id=\"2235dce0\" data-element_type=\"widget\" data-e-type=\"widget\" data-widget_type=\"heading.default\">\n\t\t\t\t<div class=\"elementor-widget-container\">\n\t\t\t\t\t<h5 class=\"elementor-heading-title elementor-size-default\">2. General information:<\/h5>\t\t\t\t<\/div>\n\t\t\t\t<\/div>\n\t\t\t\t<div class=\"elementor-element elementor-element-30029bc elementor-widget elementor-widget-text-editor\" data-id=\"30029bc\" data-element_type=\"widget\" data-e-type=\"widget\" data-widget_type=\"text-editor.default\">\n\t\t\t\t<div class=\"elementor-widget-container\">\n\t\t\t\t\t\t\t\t\t<p>A busy airfield close to downtown of the Hyvink\u00e4\u00e4 city. The clubs Jukolan Pilotit, Hyvink\u00e4\u00e4n Ilmailukerho and M\u00e4nts\u00e4l\u00e4n Ilmailukerho operate from the field, and there are lot of visitors from other airfields in southern Finland.<br \/>\nDuring the summer there is a lot of glider activity using both winching and tow planes. When runway 04\/22 is used for witch towing, there is a 6mm dynema winch line across runway 12\/30, do not cross the line.<\/p>\n\t\t\t\t\t\t\t\t<\/div>\n\t\t\t\t<\/div>\n\t\t\t\t<div class=\"elementor-element elementor-element-60ff05c8 elementor-widget elementor-widget-heading\" data-id=\"60ff05c8\" data-element_type=\"widget\" data-e-type=\"widget\" data-widget_type=\"heading.default\">\n\t\t\t\t<div class=\"elementor-widget-container\">\n\t\t\t\t\t<h5 class=\"elementor-heading-title elementor-size-default\">3.  Price Information:<\/h5>\t\t\t\t<\/div>\n\t\t\t\t<\/div>\n\t\t\t\t<div class=\"elementor-element elementor-element-11ede7c elementor-widget elementor-widget-text-editor\" data-id=\"11ede7c\" data-element_type=\"widget\" data-e-type=\"widget\" data-widget_type=\"text-editor.default\">\n\t\t\t\t<div class=\"elementor-widget-container\">\n\t\t\t\t\t\t\t\t\t<p>Hyvink\u00e4\u00e4 airfield is a (Prior Notification required) airfield starting from 1.5.2021 . Before arrival, a PN notification must be made at\u00a0<a href=\"https:\/\/efhv.yleisilmailu.fi\/\" target=\"_blank\" rel=\"noopener\">https:\/\/efhv.yleisilmailu.fi<\/a>\u00a0. Landing fees according to the price list will also come into force on May 1, 2021. The price list can be found on the website\u00a0<a href=\"https:\/\/www.hyik.net\/\">www.hyik.net<\/a>.<\/p>\n\t\t\t\t\t\t\t\t<\/div>\n\t\t\t\t<\/div>\n\t\t\t\t<div class=\"elementor-element elementor-element-20b51228 elementor-widget elementor-widget-heading\" data-id=\"20b51228\" data-element_type=\"widget\" data-e-type=\"widget\" data-widget_type=\"heading.default\">\n\t\t\t\t<div class=\"elementor-widget-container\">\n\t\t\t\t\t<h5 class=\"elementor-heading-title elementor-size-default\">4. The Airport:<\/h5>\t\t\t\t<\/div>\n\t\t\t\t<\/div>\n\t\t\t\t<div class=\"elementor-element elementor-element-144f793e elementor-widget elementor-widget-text-editor\" data-id=\"144f793e\" data-element_type=\"widget\" data-e-type=\"widget\" data-widget_type=\"text-editor.default\">\n\t\t\t\t<div class=\"elementor-widget-container\">\n\t\t\t\t\t\t\t\t\t<p>New asphalt runway surface in good condition.\u00a0 RWY 12\/30 normally not cleared of snow during the winter.<\/p>\n\t\t\t\t\t\t\t\t<\/div>\n\t\t\t\t<\/div>\n\t\t\t\t<div class=\"elementor-element elementor-element-38981d3a elementor-widget elementor-widget-heading\" data-id=\"38981d3a\" data-element_type=\"widget\" data-e-type=\"widget\" data-widget_type=\"heading.default\">\n\t\t\t\t<div class=\"elementor-widget-container\">\n\t\t\t\t\t<h5 class=\"elementor-heading-title elementor-size-default\">5. Basic data:<\/h5>\t\t\t\t<\/div>\n\t\t\t\t<\/div>\n\t\t\t\t<div class=\"elementor-element elementor-element-d3543e0 elementor-widget elementor-widget-text-editor\" data-id=\"d3543e0\" data-element_type=\"widget\" data-e-type=\"widget\" data-widget_type=\"text-editor.default\">\n\t\t\t\t<div class=\"elementor-widget-container\">\n\t\t\t\t\t\t\t\t\t<p><strong>Coordinates:<\/strong> 603916N 0245252E<br \/>\n<strong>Runways:<\/strong> 04\/22 \u2013 1260 x 18 m \u2013 asphalt, 12\/30 \u2013 790 x 15 m \u2013 asfalttia\/soraa<br \/>\n<strong>NOTE!<\/strong> Runway 22 and 30 right hand circuit<br \/>\n<strong>LDA:<\/strong> 04: 1260m, 22: 1260m, 12: 790m, 30: 790m<br \/>\n<strong>Radio frequency:<\/strong> 122,500<br \/>\n<strong>Airport elevation:<\/strong> 131 m (430 ft)<br \/>\n<strong>Fuel availablility:<\/strong> AVGAS 100LL, JET-A1 and MOGAS BE98E5 available    <div id=\"airport-efhv\">Loading&#8230;<\/div>\r\n\r\n    <script>\r\n      function displayAirportData(airportCode) {\r\n        fetch(\"https:\/\/jtjuslin.kapsi.fi\/kananen\/fuelprices.php\")\r\n          .then((response) => response.json())\r\n          .then((jsonData) => {\r\n            let data = jsonData.airportList;\r\n            let airportData = data.find(\r\n              (item) =>\r\n                item.airportCode.toUpperCase() === airportCode.toUpperCase()\r\n            );\r\n\r\n            if (airportData) {\r\n              let pouserStatusDisplay =\r\n                airportData.pouserStatus === \"OK\"\r\n                  ? `<span class=\"status-ok\">${airportData.pouserStatus}<\/span>`\r\n                  : `<span class=\"status-not-ok\">${airportData.pouserStatus}<\/span>`;\r\n              let fuelPrices = airportData.fuelPrices;\r\n              let fuelPriceInfo = Object.entries(fuelPrices)\r\n                .filter(([_, price]) => price !== \"NA\")\r\n                .map(([fuelType, price]) => `${fuelType}: ${price} \u20ac`)\r\n                .join(\", \");\r\n\r\n              document.getElementById(\r\n                `airport-${airportCode.toLowerCase()}`\r\n              ).innerHTML = `\r\n                            <strong>Kanair:<\/strong> Fuel Status - ${pouserStatusDisplay} <br>\r\n                            <strong>Price:<\/strong> ${fuelPriceInfo}\r\n                        `;\r\n            } else {\r\n              document.getElementById(\r\n                `airport-${airportCode.toLowerCase()}`\r\n              ).textContent = \"Airport data not found.\";\r\n            }\r\n          })\r\n          .catch((error) => console.error(\"Error fetching data:\", error));\r\n      }\r\n\r\n      displayAirportData(\"EFHV\");\r\n    <\/script><br \/>\n<strong>Announcements:<\/strong>\u00a0<a class=\"popup\" href=\"https:\/\/lentopaikat.fi\/notam\/notam.php?a=EFHV\" data-width=\"500\" data-height=\"600\" data-scrollbars=\"1\">NOTAM<\/a><\/p>\n\t\t\t\t\t\t\t\t<\/div>\n\t\t\t\t<\/div>\n\t\t\t\t<div class=\"elementor-element elementor-element-27b59cae elementor-widget elementor-widget-heading\" data-id=\"27b59cae\" data-element_type=\"widget\" data-e-type=\"widget\" data-widget_type=\"heading.default\">\n\t\t\t\t<div class=\"elementor-widget-container\">\n\t\t\t\t\t<h5 class=\"elementor-heading-title elementor-size-default\"> 6. Sight seeing and services<\/h5>\t\t\t\t<\/div>\n\t\t\t\t<\/div>\n\t\t\t\t<div class=\"elementor-element elementor-element-6be80592 elementor-widget elementor-widget-text-editor\" data-id=\"6be80592\" data-element_type=\"widget\" data-e-type=\"widget\" data-widget_type=\"text-editor.default\">\n\t\t\t\t<div class=\"elementor-widget-container\">\n\t\t\t\t\t\t\t\t\t<p>Food\/coffee available from the cafeterias of Jukolan Pilotit and Hyvink\u00e4\u00e4n Ilmailukerho (self service).<\/p>\n\t\t\t\t\t\t\t\t<\/div>\n\t\t\t\t<\/div>\n\t\t\t\t<div class=\"elementor-element elementor-element-4d4d6436 elementor-widget elementor-widget-heading\" data-id=\"4d4d6436\" data-element_type=\"widget\" data-e-type=\"widget\" data-widget_type=\"heading.default\">\n\t\t\t\t<div class=\"elementor-widget-container\">\n\t\t\t\t\t<h5 class=\"elementor-heading-title elementor-size-default\">7. Contact information:<\/h5>\t\t\t\t<\/div>\n\t\t\t\t<\/div>\n\t\t\t\t<div class=\"elementor-element elementor-element-562bc085 elementor-widget elementor-widget-text-editor\" data-id=\"562bc085\" data-element_type=\"widget\" data-e-type=\"widget\" data-widget_type=\"text-editor.default\">\n\t\t\t\t<div class=\"elementor-widget-container\">\n\t\t\t\t\t\t\t\t\t<p>Airport chief, chairman of Hyvink\u00e4\u00e4n Ilmailukerho: Jukka Helminen (040) 5010 590.<br \/>\nTaxi: (019) 106 400<\/p>\n\t\t\t\t\t\t\t\t<\/div>\n\t\t\t\t<\/div>\n\t\t\t\t<div class=\"elementor-element elementor-element-6d9c905c elementor-widget elementor-widget-heading\" data-id=\"6d9c905c\" data-element_type=\"widget\" data-e-type=\"widget\" data-widget_type=\"heading.default\">\n\t\t\t\t<div class=\"elementor-widget-container\">\n\t\t\t\t\t<h5 class=\"elementor-heading-title elementor-size-default\">8.  Links:<\/h5>\t\t\t\t<\/div>\n\t\t\t\t<\/div>\n\t\t\t\t<div class=\"elementor-element elementor-element-663f2cc9 elementor-widget elementor-widget-text-editor\" data-id=\"663f2cc9\" data-element_type=\"widget\" data-e-type=\"widget\" data-widget_type=\"text-editor.default\">\n\t\t\t\t<div class=\"elementor-widget-container\">\n\t\t\t\t\t\t\t\t\t<ul>\n<li><a href=\"https:\/\/www.hyik.net\/toimintaohjeet\/\" target=\"_blank\" rel=\"noopener\">EFHV airfield rules (Airfield rules, in Finnish)<\/a><\/li>\n<li><a href=\"http:\/\/www.jukolanpilotit.fi\/\" target=\"_blank\" rel=\"noopener noreferrer\">Jukolan Pilotit<\/a><\/li>\n<li><a href=\"https:\/\/www.hyik.net\/\" target=\"_blank\" rel=\"noopener noreferrer\">Hyvink\u00e4\u00e4n Ilmailukerho<\/a><\/li>\n<\/ul>\n\t\t\t\t\t\t\t\t<\/div>\n\t\t\t\t<\/div>\n\t\t\t\t<div class=\"elementor-element elementor-element-41b1efe9 elementor-widget elementor-widget-heading\" data-id=\"41b1efe9\" data-element_type=\"widget\" data-e-type=\"widget\" data-widget_type=\"heading.default\">\n\t\t\t\t<div class=\"elementor-widget-container\">\n\t\t\t\t\t<h5 class=\"elementor-heading-title elementor-size-default\">9. Map<\/h5>\t\t\t\t<\/div>\n\t\t\t\t<\/div>\n\t\t\t\t<div class=\"elementor-element elementor-element-24a39c2b elementor-widget elementor-widget-google_maps\" data-id=\"24a39c2b\" data-element_type=\"widget\" data-e-type=\"widget\" data-widget_type=\"google_maps.default\">\n\t\t\t\t<div class=\"elementor-widget-container\">\n\t\t\t\t\t\t\t<div class=\"elementor-custom-embed\">\n\t\t\t<iframe loading=\"lazy\"\n\t\t\t\t\tsrc=\"https:\/\/www.google.com\/maps\/embed\/v1\/place?key=AIzaSyC1j1iK8FQx51JcFwNxcbaAudBg3BxuVow&#038;q=EFHV&#038;zoom=13\"\n\t\t\t\t\ttitle=\"EFHV\"\n\t\t\t\t\taria-label=\"EFHV\"\n\t\t\t><\/iframe>\n\t\t<\/div>\n\t\t\t\t\t\t<\/div>\n\t\t\t\t<\/div>\n\t\t\t\t\t<\/div>\n\t\t<\/div>\n\t\t\t\t<div class=\"elementor-column elementor-col-50 elementor-inner-column elementor-element elementor-element-34f25697\" data-id=\"34f25697\" data-element_type=\"column\" data-e-type=\"column\">\n\t\t\t<div class=\"elementor-widget-wrap elementor-element-populated\">\n\t\t\t\t\t\t<div class=\"elementor-element elementor-element-709d4f07 elementor-widget elementor-widget-image\" data-id=\"709d4f07\" data-element_type=\"widget\" data-e-type=\"widget\" data-widget_type=\"image.default\">\n\t\t\t\t<div class=\"elementor-widget-container\">\n\t\t\t\t\t\t\t\t\t\t\t\t<figure class=\"wp-caption\">\n\t\t\t\t\t\t\t\t\t\t<img fetchpriority=\"high\" decoding=\"async\" width=\"200\" height=\"352\" src=\"https:\/\/lentopaikat.fi\/wp-content\/uploads\/efhv.gif\" class=\"attachment-large size-large wp-image-34727\" alt=\"\" \/>\t\t\t\t\t\t\t\t\t\t\t<figcaption class=\"widget-image-caption wp-caption-text\"><\/figcaption>\n\t\t\t\t\t\t\t\t\t\t<\/figure>\n\t\t\t\t\t\t\t\t\t<\/div>\n\t\t\t\t<\/div>\n\t\t\t\t<div class=\"elementor-element elementor-element-8ba8305 elementor-widget elementor-widget-image\" data-id=\"8ba8305\" data-element_type=\"widget\" data-e-type=\"widget\" data-widget_type=\"image.default\">\n\t\t\t\t<div class=\"elementor-widget-container\">\n\t\t\t\t\t\t\t\t\t\t\t\t<figure class=\"wp-caption\">\n\t\t\t\t\t\t\t\t\t\t\t<a href=\"https:\/\/lentopaikat.fi\/wp-content\/uploads\/EFHV_LDG.pdf\" target=\"_blank\">\n\t\t\t\t\t\t\t<img decoding=\"async\" width=\"724\" height=\"1024\" src=\"https:\/\/lentopaikat.fi\/wp-content\/uploads\/EFHV_LDG-724x1024.jpg\" class=\"attachment-large size-large wp-image-38358\" alt=\"\" srcset=\"https:\/\/lentopaikat.fi\/wp-content\/uploads\/EFHV_LDG-724x1024.jpg 724w, https:\/\/lentopaikat.fi\/wp-content\/uploads\/EFHV_LDG-212x300.jpg 212w, https:\/\/lentopaikat.fi\/wp-content\/uploads\/EFHV_LDG-768x1086.jpg 768w, https:\/\/lentopaikat.fi\/wp-content\/uploads\/EFHV_LDG-1086x1536.jpg 1086w, https:\/\/lentopaikat.fi\/wp-content\/uploads\/EFHV_LDG.jpg 1323w\" sizes=\"(max-width: 724px) 100vw, 724px\" \/>\t\t\t\t\t\t\t\t<\/a>\n\t\t\t\t\t\t\t\t\t\t\t<figcaption class=\"widget-image-caption wp-caption-text\">LDG CHART, CLICK ON PICTURE TO OPEN PDF DOCUMENT<\/figcaption>\n\t\t\t\t\t\t\t\t\t\t<\/figure>\n\t\t\t\t\t\t\t\t\t<\/div>\n\t\t\t\t<\/div>\n\t\t\t\t<div class=\"elementor-element elementor-element-73949a2e elementor-widget elementor-widget-video\" data-id=\"73949a2e\" data-element_type=\"widget\" data-e-type=\"widget\" data-settings=\"{&quot;youtube_url&quot;:&quot;https:\\\/\\\/youtu.be\\\/Ova6GjYJIC8&quot;,&quot;video_type&quot;:&quot;youtube&quot;,&quot;controls&quot;:&quot;yes&quot;}\" data-widget_type=\"video.default\">\n\t\t\t\t<div class=\"elementor-widget-container\">\n\t\t\t\t\t\t\t<div class=\"elementor-wrapper elementor-open-inline\">\n\t\t\t<div class=\"elementor-video\"><\/div>\t\t<\/div>\n\t\t\t\t\t\t<\/div>\n\t\t\t\t<\/div>\n\t\t\t\t<div class=\"elementor-element elementor-element-19a912bf elementor-widget elementor-widget-text-editor\" data-id=\"19a912bf\" data-element_type=\"widget\" data-e-type=\"widget\" data-widget_type=\"text-editor.default\">\n\t\t\t\t<div class=\"elementor-widget-container\">\n\t\t\t\t\t\t\t\t\t<p>Visual Approach and Landing Video. Watch full screen and use close captions<\/p>\n\t\t\t\t\t\t\t\t<\/div>\n\t\t\t\t<\/div>\n\t\t\t\t<div class=\"elementor-element elementor-element-ee3cab0 elementor-arrows-position-inside elementor-pagination-position-outside elementor-widget elementor-widget-image-carousel\" data-id=\"ee3cab0\" data-element_type=\"widget\" data-e-type=\"widget\" data-settings=\"{&quot;slides_to_show&quot;:&quot;1&quot;,&quot;speed&quot;:900,&quot;navigation&quot;:&quot;both&quot;,&quot;autoplay&quot;:&quot;yes&quot;,&quot;pause_on_hover&quot;:&quot;yes&quot;,&quot;pause_on_interaction&quot;:&quot;yes&quot;,&quot;autoplay_speed&quot;:5000,&quot;infinite&quot;:&quot;yes&quot;,&quot;effect&quot;:&quot;slide&quot;}\" data-widget_type=\"image-carousel.default\">\n\t\t\t\t<div class=\"elementor-widget-container\">\n\t\t\t\t\t\t\t<div class=\"elementor-image-carousel-wrapper swiper\" role=\"region\" aria-roledescription=\"carousel\" aria-label=\"Image Carousel\" dir=\"ltr\">\n\t\t\t<div class=\"elementor-image-carousel swiper-wrapper swiper-image-stretch\" aria-live=\"off\">\n\t\t\t\t\t\t\t\t<div class=\"swiper-slide\" role=\"group\" aria-roledescription=\"slide\" aria-label=\"1 of 3\"><a data-elementor-open-lightbox=\"yes\" data-elementor-lightbox-slideshow=\"ee3cab0\" data-elementor-lightbox-title=\"efhv_air\" data-elementor-lightbox-description=\"HYVINK\u00c4\u00c4N KENTT\u00c4 ILMASTA K\u00c4SIN N\u00c4HTYN\u00c4. KUVA SAMI MYLLYM\u00c4KI. (KLIKKAA SUUREKSI)\" data-e-action-hash=\"#elementor-action%3Aaction%3Dlightbox%26settings%3DeyJpZCI6MzQ3MjgsInVybCI6Imh0dHBzOlwvXC9sZW50b3BhaWthdC5maVwvd3AtY29udGVudFwvdXBsb2Fkc1wvZWZodl9haXIuanBnIiwic2xpZGVzaG93IjoiZWUzY2FiMCJ9\" href=\"https:\/\/lentopaikat.fi\/wp-content\/uploads\/efhv_air.jpg\"><figure class=\"swiper-slide-inner\"><img decoding=\"async\" class=\"swiper-slide-image\" src=\"https:\/\/lentopaikat.fi\/wp-content\/uploads\/efhv_air.jpg\" alt=\"HYVINK\u00c4\u00c4N KENTT\u00c4 ILMASTA K\u00c4SIN N\u00c4HTYN\u00c4. KUVA SAMI MYLLYM\u00c4KI. (KLIKKAA SUUREKSI)\" \/><figcaption class=\"elementor-image-carousel-caption\">HYVINK\u00c4\u00c4N KENTT\u00c4 ILMASTA K\u00c4SIN N\u00c4HTYN\u00c4. KUVA SAMI MYLLYM\u00c4KI. (KLIKKAA SUUREKSI)<\/figcaption><\/figure><\/a><\/div><div class=\"swiper-slide\" role=\"group\" aria-roledescription=\"slide\" aria-label=\"2 of 3\"><a data-elementor-open-lightbox=\"yes\" data-elementor-lightbox-slideshow=\"ee3cab0\" data-elementor-lightbox-title=\"efhv_air2\" data-elementor-lightbox-description=\"L\u00c4HEMPI ILMAKUVA ELOKUULTA 2004. KUVA ESA HAAKANA. (KLIKKAA SUUREKSI)\" data-e-action-hash=\"#elementor-action%3Aaction%3Dlightbox%26settings%3DeyJpZCI6MzQ3MjksInVybCI6Imh0dHBzOlwvXC9sZW50b3BhaWthdC5maVwvd3AtY29udGVudFwvdXBsb2Fkc1wvZWZodl9haXIyLmpwZyIsInNsaWRlc2hvdyI6ImVlM2NhYjAifQ%3D%3D\" href=\"https:\/\/lentopaikat.fi\/wp-content\/uploads\/efhv_air2.jpg\"><figure class=\"swiper-slide-inner\"><img decoding=\"async\" class=\"swiper-slide-image\" src=\"https:\/\/lentopaikat.fi\/wp-content\/uploads\/efhv_air2.jpg\" alt=\"L\u00c4HEMPI ILMAKUVA ELOKUULTA 2004. KUVA ESA HAAKANA. (KLIKKAA SUUREKSI)\" \/><figcaption class=\"elementor-image-carousel-caption\">L\u00c4HEMPI ILMAKUVA ELOKUULTA 2004. KUVA ESA HAAKANA. (KLIKKAA SUUREKSI)<\/figcaption><\/figure><\/a><\/div><div class=\"swiper-slide\" role=\"group\" aria-roledescription=\"slide\" aria-label=\"3 of 3\"><a data-elementor-open-lightbox=\"yes\" data-elementor-lightbox-slideshow=\"ee3cab0\" data-elementor-lightbox-title=\"efhv_final22\" data-elementor-lightbox-description=\"LOPPUOSALLA HYVINK\u00c4\u00c4N KIITOTIELLE 22. KUVA H\u00c5KAN SANDBERG. (KLIKKAA SUUREKSI)\" data-e-action-hash=\"#elementor-action%3Aaction%3Dlightbox%26settings%3DeyJpZCI6MzQ3MzAsInVybCI6Imh0dHBzOlwvXC9sZW50b3BhaWthdC5maVwvd3AtY29udGVudFwvdXBsb2Fkc1wvZWZodl9maW5hbDIyLmpwZyIsInNsaWRlc2hvdyI6ImVlM2NhYjAifQ%3D%3D\" href=\"https:\/\/lentopaikat.fi\/wp-content\/uploads\/efhv_final22.jpg\"><figure class=\"swiper-slide-inner\"><img decoding=\"async\" class=\"swiper-slide-image\" src=\"https:\/\/lentopaikat.fi\/wp-content\/uploads\/efhv_final22.jpg\" alt=\"LOPPUOSALLA HYVINK\u00c4\u00c4N KIITOTIELLE 22. KUVA H\u00c5KAN SANDBERG. (KLIKKAA SUUREKSI)\" \/><figcaption class=\"elementor-image-carousel-caption\">LOPPUOSALLA HYVINK\u00c4\u00c4N KIITOTIELLE 22. KUVA H\u00c5KAN SANDBERG. (KLIKKAA SUUREKSI)<\/figcaption><\/figure><\/a><\/div>\t\t\t<\/div>\n\t\t\t\t\t\t\t\t\t\t\t\t<div class=\"elementor-swiper-button elementor-swiper-button-prev\" role=\"button\" tabindex=\"0\">\n\t\t\t\t\t\t<i aria-hidden=\"true\" class=\"eicon-chevron-left\"><\/i>\t\t\t\t\t<\/div>\n\t\t\t\t\t<div class=\"elementor-swiper-button elementor-swiper-button-next\" role=\"button\" tabindex=\"0\">\n\t\t\t\t\t\t<i aria-hidden=\"true\" class=\"eicon-chevron-right\"><\/i>\t\t\t\t\t<\/div>\n\t\t\t\t\n\t\t\t\t\t\t\t\t\t<div class=\"swiper-pagination\"><\/div>\n\t\t\t\t\t\t\t\t\t<\/div>\n\t\t\t\t\t\t<\/div>\n\t\t\t\t<\/div>\n\t\t\t\t\t<\/div>\n\t\t<\/div>\n\t\t\t\t\t<\/div>\n\t\t<\/section>\n\t\t\t\t\t<\/div>\n\t\t<\/div>\n\t\t\t\t\t<\/div>\n\t\t<\/section>\n\t\t\t\t<\/div>\n\t\t","protected":false},"excerpt":{"rendered":"<p>Hyvink\u00e4\u00e4 &#8211; EFHV Warning! &#8211; 1. Sunset and sunrise and the SERA definition of night 2. General information: A busy airfield close to downtown of the Hyvink\u00e4\u00e4 city. The clubs Jukolan Pilotit, Hyvink\u00e4\u00e4n Ilmailukerho and M\u00e4nts\u00e4l\u00e4n Ilmailukerho operate from the field, and there are lot of visitors from other airfields in southern Finland. During the [&hellip;]<\/p>\n","protected":false},"author":1,"featured_media":34728,"parent":0,"menu_order":0,"comment_status":"closed","ping_status":"closed","template":"","meta":{"inline_featured_image":false,"_lmt_disableupdate":"","_lmt_disable":"","footnotes":""},"class_list":["post-35694","page","type-page","status-publish","has-post-thumbnail","hentry"],"_links":{"self":[{"href":"https:\/\/lentopaikat.fi\/en\/wp-json\/wp\/v2\/pages\/35694","targetHints":{"allow":["GET"]}}],"collection":[{"href":"https:\/\/lentopaikat.fi\/en\/wp-json\/wp\/v2\/pages"}],"about":[{"href":"https:\/\/lentopaikat.fi\/en\/wp-json\/wp\/v2\/types\/page"}],"author":[{"embeddable":true,"href":"https:\/\/lentopaikat.fi\/en\/wp-json\/wp\/v2\/users\/1"}],"replies":[{"embeddable":true,"href":"https:\/\/lentopaikat.fi\/en\/wp-json\/wp\/v2\/comments?post=35694"}],"version-history":[{"count":0,"href":"https:\/\/lentopaikat.fi\/en\/wp-json\/wp\/v2\/pages\/35694\/revisions"}],"wp:featuredmedia":[{"embeddable":true,"href":"https:\/\/lentopaikat.fi\/en\/wp-json\/wp\/v2\/media\/34728"}],"wp:attachment":[{"href":"https:\/\/lentopaikat.fi\/en\/wp-json\/wp\/v2\/media?parent=35694"}],"curies":[{"name":"wp","href":"https:\/\/api.w.org\/{rel}","templated":true}]}}