{"id":35596,"date":"2022-11-06T17:18:56","date_gmt":"2022-11-06T15:18:56","guid":{"rendered":"https:\/\/lentopaikat.fi\/kiikala-efik\/"},"modified":"2025-07-01T12:27:46","modified_gmt":"2025-07-01T10:27:46","slug":"kiikala-efik","status":"publish","type":"page","link":"https:\/\/lentopaikat.fi\/en\/kiikala-efik\/","title":{"rendered":"Kiikala &#8211; EFIK"},"content":{"rendered":"\t\t<div data-elementor-type=\"wp-page\" data-elementor-id=\"35596\" class=\"elementor elementor-35596 elementor-35582\" data-elementor-post-type=\"page\">\n\t\t\t\t\t\t<section class=\"elementor-section elementor-top-section elementor-element elementor-element-2b92acdc elementor-section-height-min-height elementor-section-full_width elementor-section-height-default elementor-section-items-middle\" data-id=\"2b92acdc\" data-element_type=\"section\" data-e-type=\"section\" data-settings=\"{&quot;background_background&quot;:&quot;classic&quot;}\">\n\t\t\t\t\t\t\t<div class=\"elementor-background-overlay\"><\/div>\n\t\t\t\t\t\t\t<div class=\"elementor-container elementor-column-gap-default\">\n\t\t\t\t\t<div class=\"elementor-column elementor-col-50 elementor-top-column elementor-element elementor-element-4a4ba4bc\" data-id=\"4a4ba4bc\" data-element_type=\"column\" data-e-type=\"column\">\n\t\t\t<div class=\"elementor-widget-wrap elementor-element-populated\">\n\t\t\t\t\t\t<div class=\"elementor-element elementor-element-1bdbb603 elementor-widget elementor-widget-heading\" data-id=\"1bdbb603\" data-element_type=\"widget\" data-e-type=\"widget\" data-widget_type=\"heading.default\">\n\t\t\t\t<div class=\"elementor-widget-container\">\n\t\t\t\t\t<h2 class=\"elementor-heading-title elementor-size-default\">Kiikala - EFIK<\/h2>\t\t\t\t<\/div>\n\t\t\t\t<\/div>\n\t\t\t\t\t<\/div>\n\t\t<\/div>\n\t\t\t\t<div class=\"elementor-column elementor-col-50 elementor-top-column elementor-element elementor-element-273b79b1\" data-id=\"273b79b1\" data-element_type=\"column\" data-e-type=\"column\">\n\t\t\t<div class=\"elementor-widget-wrap\">\n\t\t\t\t\t\t\t<\/div>\n\t\t<\/div>\n\t\t\t\t\t<\/div>\n\t\t<\/section>\n\t\t\t\t<section class=\"elementor-section elementor-top-section elementor-element elementor-element-5e434ad0 elementor-section-full_width elementor-section-height-default elementor-section-height-default\" data-id=\"5e434ad0\" data-element_type=\"section\" data-e-type=\"section\">\n\t\t\t\t\t\t<div class=\"elementor-container elementor-column-gap-default\">\n\t\t\t\t\t<div class=\"elementor-column elementor-col-100 elementor-top-column elementor-element elementor-element-53938f00\" data-id=\"53938f00\" data-element_type=\"column\" data-e-type=\"column\">\n\t\t\t<div class=\"elementor-widget-wrap elementor-element-populated\">\n\t\t\t\t\t\t<section class=\"elementor-section elementor-inner-section elementor-element elementor-element-3fe4a804 elementor-section-full_width elementor-section-height-default elementor-section-height-default\" data-id=\"3fe4a804\" data-element_type=\"section\" data-e-type=\"section\">\n\t\t\t\t\t\t<div class=\"elementor-container elementor-column-gap-wide\">\n\t\t\t\t\t<div class=\"elementor-column elementor-col-50 elementor-inner-column elementor-element elementor-element-b4c8c8f\" data-id=\"b4c8c8f\" data-element_type=\"column\" data-e-type=\"column\">\n\t\t\t<div class=\"elementor-widget-wrap elementor-element-populated\">\n\t\t\t\t<!-- dce invisible element 252ee42e -->\t\t<div class=\"elementor-element elementor-element-47dae2fe elementor-widget elementor-widget-heading\" data-id=\"47dae2fe\" data-element_type=\"widget\" data-e-type=\"widget\" data-widget_type=\"heading.default\">\n\t\t\t\t<div class=\"elementor-widget-container\">\n\t\t\t\t\t<h5 class=\"elementor-heading-title elementor-size-default\">1. Sunset and sunrise and the SERA definition of night<\/h5>\t\t\t\t<\/div>\n\t\t\t\t<\/div>\n\t\t\t\t<div class=\"elementor-element elementor-element-65fedde1 elementor-widget elementor-widget-shortcode\" data-id=\"65fedde1\" data-element_type=\"widget\" data-e-type=\"widget\" data-widget_type=\"shortcode.default\">\n\t\t\t\t<div class=\"elementor-widget-container\">\n\t\t\t\t\t\t\t<div class=\"elementor-shortcode\"><span style=\"color:red\"><span style=\"color:red\">[wbcr_php_snippet]: PHP snippets error (not passed the snippet ID)<\/span>: PHP snippets error (not passed the snippet ID)<\/span><\/div>\n\t\t\t\t\t\t<\/div>\n\t\t\t\t<\/div>\n\t\t\t\t<div class=\"elementor-element elementor-element-54b45e82 elementor-widget elementor-widget-heading\" data-id=\"54b45e82\" data-element_type=\"widget\" data-e-type=\"widget\" data-widget_type=\"heading.default\">\n\t\t\t\t<div class=\"elementor-widget-container\">\n\t\t\t\t\t<h5 class=\"elementor-heading-title elementor-size-default\">2. General information:<\/h5>\t\t\t\t<\/div>\n\t\t\t\t<\/div>\n\t\t\t\t<div class=\"elementor-element elementor-element-545b4020 elementor-widget elementor-widget-text-editor\" data-id=\"545b4020\" data-element_type=\"widget\" data-e-type=\"widget\" data-widget_type=\"text-editor.default\">\n\t\t\t\t<div class=\"elementor-widget-container\">\n\t\t\t\t\t\t\t\t\t<p>The airfield is located about 25km east city of Salo. The flying club Salon Seudun Ilmailukerho operates both gliders and motor planes on the airport. Gliders and paragliders use winch launching. Be aware of that when approaching the airport.<br \/>The flying club also operates motor gliders and Ultralights at the airport. There is also frequent training activities<br \/>Visiting planes should use the parking place near the intersection of the runways in front of the Club building.<br \/>There are also tree private motor planes operating from the field and some paragliding activity conducted by Someron Ilmailuyhdistys r.y. Paragliders also use winch launching.<br \/>Overnight staying in the club building may be possible, please inquire about that from the field chief . the Center of Kiikala is located about 7 km from the airport.<\/p>\n\t\t\t\t\t\t\t\t<\/div>\n\t\t\t\t<\/div>\n\t\t\t\t<div class=\"elementor-element elementor-element-539d3c21 elementor-widget elementor-widget-heading\" data-id=\"539d3c21\" data-element_type=\"widget\" data-e-type=\"widget\" data-widget_type=\"heading.default\">\n\t\t\t\t<div class=\"elementor-widget-container\">\n\t\t\t\t\t<h5 class=\"elementor-heading-title elementor-size-default\">3.  Price Information:<\/h5>\t\t\t\t<\/div>\n\t\t\t\t<\/div>\n\t\t\t\t<div class=\"elementor-element elementor-element-578903a4 elementor-widget elementor-widget-text-editor\" data-id=\"578903a4\" data-element_type=\"widget\" data-e-type=\"widget\" data-widget_type=\"text-editor.default\">\n\t\t\t\t<div class=\"elementor-widget-container\">\n\t\t\t\t\t\t\t\t\t<p>Kiikala operating fees: <a href=\"https:\/\/kiikalanlentokeskus.fi\/hinnasto\/\" target=\"_blank\" rel=\"noopener noreferrer\">https:\/\/kiikalanlentokeskus.fi\/hinnasto\/<\/a><\/p>\n\t\t\t\t\t\t\t\t<\/div>\n\t\t\t\t<\/div>\n\t\t\t\t<div class=\"elementor-element elementor-element-24e0ce6d elementor-widget elementor-widget-heading\" data-id=\"24e0ce6d\" data-element_type=\"widget\" data-e-type=\"widget\" data-widget_type=\"heading.default\">\n\t\t\t\t<div class=\"elementor-widget-container\">\n\t\t\t\t\t<h5 class=\"elementor-heading-title elementor-size-default\">4. The Airport:<\/h5>\t\t\t\t<\/div>\n\t\t\t\t<\/div>\n\t\t\t\t<div class=\"elementor-element elementor-element-30d7c74e elementor-widget elementor-widget-text-editor\" data-id=\"30d7c74e\" data-element_type=\"widget\" data-e-type=\"widget\" data-widget_type=\"text-editor.default\">\n\t\t\t\t<div class=\"elementor-widget-container\">\n\t\t\t\t\t\t\t\t\t<p>Good condition asphalted runways, 18\/36 and 10\/28. The taxiways and the parking is also in good condition. The runway fringe area is sand and the surface is usable for taxing. The Glider Winch is mainly used on runway 18\/36.<\/p>\n\t\t\t\t\t\t\t\t<\/div>\n\t\t\t\t<\/div>\n\t\t\t\t<div class=\"elementor-element elementor-element-1ff1a995 elementor-widget elementor-widget-heading\" data-id=\"1ff1a995\" data-element_type=\"widget\" data-e-type=\"widget\" data-widget_type=\"heading.default\">\n\t\t\t\t<div class=\"elementor-widget-container\">\n\t\t\t\t\t<h5 class=\"elementor-heading-title elementor-size-default\">5. Basic data:<\/h5>\t\t\t\t<\/div>\n\t\t\t\t<\/div>\n\t\t\t\t<div class=\"elementor-element elementor-element-193f0b89 elementor-widget elementor-widget-text-editor\" data-id=\"193f0b89\" data-element_type=\"widget\" data-e-type=\"widget\" data-widget_type=\"text-editor.default\">\n\t\t\t\t<div class=\"elementor-widget-container\">\n\t\t\t\t\t\t\t\t\t<p><strong>Coordinates:<\/strong> 602746N 0233904E<br \/><strong>Runways:<\/strong> 18\/36 \u2013 930 x 15 m -ASPH, wide 12m, gliding activity use 1350m.<br \/>10\/28 \u2013 500 x 10 m \u2013 ASPH, gliding activity can use 920m.<br \/>LDA 10: 500m, 28: 760m<br \/><strong>Frequency:<\/strong> 123,600<br \/><strong>Airport altitude:<\/strong> 116 m (381 ft)<br \/><strong>Fuel:<\/strong> NIL Only for internal use<br \/><strong>INFO:<\/strong>\u00a0<a class=\"popup\" href=\"https:\/\/lentopaikat.fi\/notam\/notam.php?a=EFIK\" data-width=\"500\" data-height=\"600\" data-scrollbars=\"1\">NOTAM<\/a><\/p>\n\t\t\t\t\t\t\t\t<\/div>\n\t\t\t\t<\/div>\n\t\t\t\t<div class=\"elementor-element elementor-element-26137cd4 elementor-widget elementor-widget-heading\" data-id=\"26137cd4\" data-element_type=\"widget\" data-e-type=\"widget\" data-widget_type=\"heading.default\">\n\t\t\t\t<div class=\"elementor-widget-container\">\n\t\t\t\t\t<h5 class=\"elementor-heading-title elementor-size-default\"> 6. Sight seeing and services<\/h5>\t\t\t\t<\/div>\n\t\t\t\t<\/div>\n\t\t\t\t<div class=\"elementor-element elementor-element-5abcaa77 elementor-widget elementor-widget-text-editor\" data-id=\"5abcaa77\" data-element_type=\"widget\" data-e-type=\"widget\" data-widget_type=\"text-editor.default\">\n\t\t\t\t<div class=\"elementor-widget-container\">\n\t\t\t\t\t\t\t\t\t<p><span class=\"jCAhz ChMk0b\"><span class=\"ryNqvb\">The nearest places to eat are in the Kitula area of Suomusj\u00e4rvi and near the center of Kiikala, both about 7 kilometers away.<\/span><\/span> <span class=\"jCAhz ChMk0b\"><span class=\"ryNqvb\">The town of Salo is 25 km west of the number one road.<\/span><\/span> <span class=\"jCAhz ChMk0b\"><span class=\"ryNqvb\">Turku is about 75 km away.<\/span><\/span><\/p>\n\t\t\t\t\t\t\t\t<\/div>\n\t\t\t\t<\/div>\n\t\t\t\t<div class=\"elementor-element elementor-element-1e0db92f elementor-widget elementor-widget-heading\" data-id=\"1e0db92f\" data-element_type=\"widget\" data-e-type=\"widget\" data-widget_type=\"heading.default\">\n\t\t\t\t<div class=\"elementor-widget-container\">\n\t\t\t\t\t<h5 class=\"elementor-heading-title elementor-size-default\">7. Contact information:<\/h5>\t\t\t\t<\/div>\n\t\t\t\t<\/div>\n\t\t\t\t<div class=\"elementor-element elementor-element-6c5eca46 elementor-widget elementor-widget-text-editor\" data-id=\"6c5eca46\" data-element_type=\"widget\" data-e-type=\"widget\" data-widget_type=\"text-editor.default\">\n\t\t\t\t<div class=\"elementor-widget-container\">\n\t\t\t\t\t\t\t\t\t<p>Airfield chief: Ari Heinonen: +358 400 301076.<br \/>Taxi +358 41 5049488.<\/p>\n\t\t\t\t\t\t\t\t<\/div>\n\t\t\t\t<\/div>\n\t\t\t\t<div class=\"elementor-element elementor-element-6fd78200 elementor-widget elementor-widget-heading\" data-id=\"6fd78200\" data-element_type=\"widget\" data-e-type=\"widget\" data-widget_type=\"heading.default\">\n\t\t\t\t<div class=\"elementor-widget-container\">\n\t\t\t\t\t<h5 class=\"elementor-heading-title elementor-size-default\">8.  Links:<\/h5>\t\t\t\t<\/div>\n\t\t\t\t<\/div>\n\t\t\t\t<div class=\"elementor-element elementor-element-6feb281e elementor-widget elementor-widget-text-editor\" data-id=\"6feb281e\" data-element_type=\"widget\" data-e-type=\"widget\" data-widget_type=\"text-editor.default\">\n\t\t\t\t<div class=\"elementor-widget-container\">\n\t\t\t\t\t\t\t\t\t<ul>\n<li><a href=\"https:\/\/en.ilmatieteenlaitos.fi\/observations-in-finland?station=100967\" target=\"_blank\" rel=\"noopener\">Kiikala weather<\/a><\/li>\n<li><a href=\"https:\/\/kiikalanlentokeskus.fi\/\" target=\"_blank\" rel=\"noopener noreferrer\">Kiikala aviation center<\/a><\/li>\n<li><a href=\"https:\/\/kiikalanlentokeskus.fi\/wp-content\/uploads\/2024\/04\/Toimintaohjeet-EFIK-2024.pdf\">EFIK operations manual<\/a>\u00a0(in finnish)<\/li>\n<li><a href=\"https:\/\/kiikalanlentokeskus.fi\/kiikalasaatio\/\" target=\"_blank\" rel=\"noopener noreferrer\">Kiikala-foundation\u00a0<\/a><\/li>\n<li>Salon Seudun flight club:\u00a0<a title=\"www.ssik.fi\" href=\"http:\/\/www.ssik.fi\/\">www.ssik.fi<\/a><\/li>\n<li><a href=\"http:\/\/www.salo.fi\/en\" target=\"_blank\" rel=\"noopener noreferrer\">Salo city<\/a><\/li>\n<li><a href=\"http:\/\/www.teboil.fi\/asemaverkosto\/salo\/salo-suomusjarvi-kivihovi\/\">Teboil Kivihovi (food &amp; Gas)<\/a><\/li>\n<\/ul>\n\t\t\t\t\t\t\t\t<\/div>\n\t\t\t\t<\/div>\n\t\t\t\t<div class=\"elementor-element elementor-element-1af7e15a elementor-widget elementor-widget-heading\" data-id=\"1af7e15a\" data-element_type=\"widget\" data-e-type=\"widget\" data-widget_type=\"heading.default\">\n\t\t\t\t<div class=\"elementor-widget-container\">\n\t\t\t\t\t<h5 class=\"elementor-heading-title elementor-size-default\">9. Map<\/h5>\t\t\t\t<\/div>\n\t\t\t\t<\/div>\n\t\t\t\t<div class=\"elementor-element elementor-element-b5e85ca elementor-widget elementor-widget-google_maps\" data-id=\"b5e85ca\" data-element_type=\"widget\" data-e-type=\"widget\" data-widget_type=\"google_maps.default\">\n\t\t\t\t<div class=\"elementor-widget-container\">\n\t\t\t\t\t\t\t<div class=\"elementor-custom-embed\">\n\t\t\t<iframe loading=\"lazy\"\n\t\t\t\t\tsrc=\"https:\/\/www.google.com\/maps\/embed\/v1\/place?key=AIzaSyC1j1iK8FQx51JcFwNxcbaAudBg3BxuVow&#038;q=EFIK&#038;zoom=13\"\n\t\t\t\t\ttitle=\"EFIK\"\n\t\t\t\t\taria-label=\"EFIK\"\n\t\t\t><\/iframe>\n\t\t<\/div>\n\t\t\t\t\t\t<\/div>\n\t\t\t\t<\/div>\n\t\t\t\t\t<\/div>\n\t\t<\/div>\n\t\t\t\t<div class=\"elementor-column elementor-col-50 elementor-inner-column elementor-element elementor-element-59e5e552\" data-id=\"59e5e552\" data-element_type=\"column\" data-e-type=\"column\">\n\t\t\t<div class=\"elementor-widget-wrap elementor-element-populated\">\n\t\t\t\t\t\t<div class=\"elementor-element elementor-element-4f6792bb elementor-widget elementor-widget-image\" data-id=\"4f6792bb\" data-element_type=\"widget\" data-e-type=\"widget\" data-widget_type=\"image.default\">\n\t\t\t\t<div class=\"elementor-widget-container\">\n\t\t\t\t\t\t\t\t\t\t\t\t<figure class=\"wp-caption\">\n\t\t\t\t\t\t\t\t\t\t\t<a href=\"https:\/\/lentopaikat.fi\/wp-content\/uploads\/efik.gif\" data-elementor-open-lightbox=\"yes\" data-elementor-lightbox-title=\"efik\" data-e-action-hash=\"#elementor-action%3Aaction%3Dlightbox%26settings%3DeyJpZCI6MzQ3NDUsInVybCI6Imh0dHBzOlwvXC9sZW50b3BhaWthdC5maVwvd3AtY29udGVudFwvdXBsb2Fkc1wvZWZpay5naWYifQ%3D%3D\">\n\t\t\t\t\t\t\t<img fetchpriority=\"high\" decoding=\"async\" width=\"200\" height=\"352\" src=\"https:\/\/lentopaikat.fi\/wp-content\/uploads\/efik.gif\" class=\"attachment-large size-large wp-image-34745\" alt=\"\" \/>\t\t\t\t\t\t\t\t<\/a>\n\t\t\t\t\t\t\t\t\t\t\t<figcaption class=\"widget-image-caption wp-caption-text\"><\/figcaption>\n\t\t\t\t\t\t\t\t\t\t<\/figure>\n\t\t\t\t\t\t\t\t\t<\/div>\n\t\t\t\t<\/div>\n\t\t\t\t<div class=\"elementor-element elementor-element-4e7e72b6 elementor-widget elementor-widget-image\" data-id=\"4e7e72b6\" data-element_type=\"widget\" data-e-type=\"widget\" data-widget_type=\"image.default\">\n\t\t\t\t<div class=\"elementor-widget-container\">\n\t\t\t\t\t\t\t\t\t\t\t\t<figure class=\"wp-caption\">\n\t\t\t\t\t\t\t\t\t\t\t<a href=\"https:\/\/lentopaikat.fi\/wp-content\/uploads\/EFIK_LDG-1.pdf\" target=\"_blank\">\n\t\t\t\t\t\t\t<img decoding=\"async\" width=\"724\" height=\"1024\" src=\"https:\/\/lentopaikat.fi\/wp-content\/uploads\/EFIK_LDG-2-724x1024.jpg\" class=\"attachment-large size-large wp-image-34751\" alt=\"\" srcset=\"https:\/\/lentopaikat.fi\/wp-content\/uploads\/EFIK_LDG-2-724x1024.jpg 724w, https:\/\/lentopaikat.fi\/wp-content\/uploads\/EFIK_LDG-2-212x300.jpg 212w, https:\/\/lentopaikat.fi\/wp-content\/uploads\/EFIK_LDG-2-768x1086.jpg 768w, https:\/\/lentopaikat.fi\/wp-content\/uploads\/EFIK_LDG-2-1086x1536.jpg 1086w, https:\/\/lentopaikat.fi\/wp-content\/uploads\/EFIK_LDG-2-8x12.jpg 8w, https:\/\/lentopaikat.fi\/wp-content\/uploads\/EFIK_LDG-2.jpg 1140w\" sizes=\"(max-width: 724px) 100vw, 724px\" \/>\t\t\t\t\t\t\t\t<\/a>\n\t\t\t\t\t\t\t\t\t\t\t<figcaption class=\"widget-image-caption wp-caption-text\">EFIK LDG Map, clicking on the image opens PDF document<\/figcaption>\n\t\t\t\t\t\t\t\t\t\t<\/figure>\n\t\t\t\t\t\t\t\t\t<\/div>\n\t\t\t\t<\/div>\n\t\t\t\t<div class=\"elementor-element elementor-element-71672dd8 elementor-widget elementor-widget-video\" data-id=\"71672dd8\" data-element_type=\"widget\" data-e-type=\"widget\" data-settings=\"{&quot;youtube_url&quot;:&quot;https:\\\/\\\/youtu.be\\\/kGVLxq_siwk&quot;,&quot;video_type&quot;:&quot;youtube&quot;,&quot;controls&quot;:&quot;yes&quot;}\" data-widget_type=\"video.default\">\n\t\t\t\t<div class=\"elementor-widget-container\">\n\t\t\t\t\t\t\t<div class=\"elementor-wrapper elementor-open-inline\">\n\t\t\t<div class=\"elementor-video\"><\/div>\t\t<\/div>\n\t\t\t\t\t\t<\/div>\n\t\t\t\t<\/div>\n\t\t\t\t<div class=\"elementor-element elementor-element-141791f8 elementor-widget elementor-widget-text-editor\" data-id=\"141791f8\" data-element_type=\"widget\" data-e-type=\"widget\" data-widget_type=\"text-editor.default\">\n\t\t\t\t<div class=\"elementor-widget-container\">\n\t\t\t\t\t\t\t\t\t<p>EFIK Visual Approach and Landing Video. Watch full screen and keep close captions on.<\/p>\n\t\t\t\t\t\t\t\t<\/div>\n\t\t\t\t<\/div>\n\t\t\t\t<div class=\"elementor-element elementor-element-1e551a6 elementor-arrows-position-inside elementor-pagination-position-outside elementor-widget elementor-widget-image-carousel\" data-id=\"1e551a6\" data-element_type=\"widget\" data-e-type=\"widget\" data-settings=\"{&quot;slides_to_show&quot;:&quot;1&quot;,&quot;navigation&quot;:&quot;both&quot;,&quot;autoplay&quot;:&quot;yes&quot;,&quot;pause_on_hover&quot;:&quot;yes&quot;,&quot;pause_on_interaction&quot;:&quot;yes&quot;,&quot;autoplay_speed&quot;:5000,&quot;infinite&quot;:&quot;yes&quot;,&quot;effect&quot;:&quot;slide&quot;,&quot;speed&quot;:500}\" data-widget_type=\"image-carousel.default\">\n\t\t\t\t<div class=\"elementor-widget-container\">\n\t\t\t\t\t\t\t<div class=\"elementor-image-carousel-wrapper swiper\" role=\"region\" aria-roledescription=\"carousel\" aria-label=\"Image Carousel\" dir=\"ltr\">\n\t\t\t<div class=\"elementor-image-carousel swiper-wrapper swiper-image-stretch\" aria-live=\"off\">\n\t\t\t\t\t\t\t\t<div class=\"swiper-slide\" role=\"group\" aria-roledescription=\"slide\" aria-label=\"1 of 3\"><a data-elementor-open-lightbox=\"yes\" data-elementor-lightbox-slideshow=\"1e551a6\" data-elementor-lightbox-title=\"EFIK_Air2-scaled\" data-elementor-lightbox-description=\"EFIK ILMAKUVA\nKUVATTU: 26.8.2022\nKUVAAJA, MIKA TAPIO\" data-e-action-hash=\"#elementor-action%3Aaction%3Dlightbox%26settings%3DeyJpZCI6MzQ3NDcsInVybCI6Imh0dHBzOlwvXC9sZW50b3BhaWthdC5maVwvd3AtY29udGVudFwvdXBsb2Fkc1wvRUZJS19BaXIyLXNjYWxlZC5qcGVnIiwic2xpZGVzaG93IjoiMWU1NTFhNiJ9\" href=\"https:\/\/lentopaikat.fi\/wp-content\/uploads\/EFIK_Air2-scaled.jpeg\"><figure class=\"swiper-slide-inner\"><img decoding=\"async\" class=\"swiper-slide-image\" src=\"https:\/\/lentopaikat.fi\/wp-content\/uploads\/EFIK_Air2-scaled-1024x692.jpeg\" alt=\"EFIK ILMAKUVA\nKUVATTU: 26.8.2022\nKUVAAJA, MIKA TAPIO\" \/><figcaption class=\"elementor-image-carousel-caption\">EFIK ILMAKUVA\nKUVATTU: 26.8.2022\nKUVAAJA, MIKA TAPIO<\/figcaption><\/figure><\/a><\/div><div class=\"swiper-slide\" role=\"group\" aria-roledescription=\"slide\" aria-label=\"2 of 3\"><a data-elementor-open-lightbox=\"yes\" data-elementor-lightbox-slideshow=\"1e551a6\" data-elementor-lightbox-title=\"efik_klubi\" data-elementor-lightbox-description=\"KENT\u00c4N \u201dKLUBIRAKENNUS\u201d. KUVA AIMO KAKKO. (KLIKKAA SUUREKSI)\" data-e-action-hash=\"#elementor-action%3Aaction%3Dlightbox%26settings%3DeyJpZCI6MzQ3NDksInVybCI6Imh0dHBzOlwvXC9sZW50b3BhaWthdC5maVwvd3AtY29udGVudFwvdXBsb2Fkc1wvZWZpa19rbHViaS5qcGciLCJzbGlkZXNob3ciOiIxZTU1MWE2In0%3D\" href=\"https:\/\/lentopaikat.fi\/wp-content\/uploads\/efik_klubi.jpg\"><figure class=\"swiper-slide-inner\"><img decoding=\"async\" class=\"swiper-slide-image\" src=\"https:\/\/lentopaikat.fi\/wp-content\/uploads\/efik_klubi.jpg\" alt=\"KENT\u00c4N \u201dKLUBIRAKENNUS\u201d. KUVA AIMO KAKKO. (KLIKKAA SUUREKSI)\" \/><figcaption class=\"elementor-image-carousel-caption\">KENT\u00c4N \u201dKLUBIRAKENNUS\u201d. KUVA AIMO KAKKO. (KLIKKAA SUUREKSI)<\/figcaption><\/figure><\/a><\/div><div class=\"swiper-slide\" role=\"group\" aria-roledescription=\"slide\" aria-label=\"3 of 3\"><a data-elementor-open-lightbox=\"yes\" data-elementor-lightbox-slideshow=\"1e551a6\" data-elementor-lightbox-title=\"EFIK_RWY_18-scaled\" data-elementor-lightbox-description=\"EFIK KIITOTIE 18\nKUVATTU: 26.8.2022\nKUVAAJA: MIKA TAPIO\" data-e-action-hash=\"#elementor-action%3Aaction%3Dlightbox%26settings%3DeyJpZCI6MzQ3NTMsInVybCI6Imh0dHBzOlwvXC9sZW50b3BhaWthdC5maVwvd3AtY29udGVudFwvdXBsb2Fkc1wvRUZJS19SV1lfMTgtc2NhbGVkLmpwZWciLCJzbGlkZXNob3ciOiIxZTU1MWE2In0%3D\" href=\"https:\/\/lentopaikat.fi\/wp-content\/uploads\/EFIK_RWY_18-scaled.jpeg\"><figure class=\"swiper-slide-inner\"><img decoding=\"async\" class=\"swiper-slide-image\" src=\"https:\/\/lentopaikat.fi\/wp-content\/uploads\/EFIK_RWY_18-scaled-1024x661.jpeg\" alt=\"EFIK KIITOTIE 18\nKUVATTU: 26.8.2022\nKUVAAJA: MIKA TAPIO\" \/><figcaption class=\"elementor-image-carousel-caption\">EFIK KIITOTIE 18\nKUVATTU: 26.8.2022\nKUVAAJA: MIKA TAPIO<\/figcaption><\/figure><\/a><\/div>\t\t\t<\/div>\n\t\t\t\t\t\t\t\t\t\t\t\t<div class=\"elementor-swiper-button elementor-swiper-button-prev\" role=\"button\" tabindex=\"0\">\n\t\t\t\t\t\t<i aria-hidden=\"true\" class=\"eicon-chevron-left\"><\/i>\t\t\t\t\t<\/div>\n\t\t\t\t\t<div class=\"elementor-swiper-button elementor-swiper-button-next\" role=\"button\" tabindex=\"0\">\n\t\t\t\t\t\t<i aria-hidden=\"true\" class=\"eicon-chevron-right\"><\/i>\t\t\t\t\t<\/div>\n\t\t\t\t\n\t\t\t\t\t\t\t\t\t<div class=\"swiper-pagination\"><\/div>\n\t\t\t\t\t\t\t\t\t<\/div>\n\t\t\t\t\t\t<\/div>\n\t\t\t\t<\/div>\n\t\t\t\t\t<\/div>\n\t\t<\/div>\n\t\t\t\t\t<\/div>\n\t\t<\/section>\n\t\t\t\t\t<\/div>\n\t\t<\/div>\n\t\t\t\t\t<\/div>\n\t\t<\/section>\n\t\t\t\t<\/div>\n\t\t","protected":false},"excerpt":{"rendered":"<p>Kiikala &#8211; EFIK Warning! T\u00e4m\u00e4 on ns, &#8220;k\u00f6yh\u00e4n miehen NOTAM&#8221; eli t\u00e4ll\u00e4 voi varoittaa kent\u00e4ll\u00e4 tapahtuvasta poikkeavasta toiminnasta. T\u00e4m\u00e4 ilmoitus on ajastettavissa ja n\u00e4kyy vain silloin kun on jotain varoitettaavaaVaroitus ei ole suljettavissa 1. Sunset and sunrise and the SERA definition of night 2. General information: The airfield is located about 25km east city of [&hellip;]<\/p>\n","protected":false},"author":1,"featured_media":0,"parent":0,"menu_order":0,"comment_status":"closed","ping_status":"closed","template":"","meta":{"inline_featured_image":false,"_lmt_disableupdate":"","_lmt_disable":"","footnotes":""},"class_list":["post-35596","page","type-page","status-publish","hentry"],"_links":{"self":[{"href":"https:\/\/lentopaikat.fi\/en\/wp-json\/wp\/v2\/pages\/35596","targetHints":{"allow":["GET"]}}],"collection":[{"href":"https:\/\/lentopaikat.fi\/en\/wp-json\/wp\/v2\/pages"}],"about":[{"href":"https:\/\/lentopaikat.fi\/en\/wp-json\/wp\/v2\/types\/page"}],"author":[{"embeddable":true,"href":"https:\/\/lentopaikat.fi\/en\/wp-json\/wp\/v2\/users\/1"}],"replies":[{"embeddable":true,"href":"https:\/\/lentopaikat.fi\/en\/wp-json\/wp\/v2\/comments?post=35596"}],"version-history":[{"count":0,"href":"https:\/\/lentopaikat.fi\/en\/wp-json\/wp\/v2\/pages\/35596\/revisions"}],"wp:attachment":[{"href":"https:\/\/lentopaikat.fi\/en\/wp-json\/wp\/v2\/media?parent=35596"}],"curies":[{"name":"wp","href":"https:\/\/api.w.org\/{rel}","templated":true}]}}